{"id":9039,"date":"2026-03-06T07:24:56","date_gmt":"2026-03-06T07:24:56","guid":{"rendered":"https:\/\/pgvape.com\/?post_type=product&#038;p=9039"},"modified":"2026-03-15T14:05:19","modified_gmt":"2026-03-15T14:05:19","slug":"bang-box-20000-20k-puffs-vape-descartavel-0-2-3-5-nicotina-10-gosto-tela-digital-inteligente","status":"publish","type":"product","link":"https:\/\/pgvape.com\/pt\/produto\/bang-box-20000-20k-puffs-vape-descartavel-0-2-3-5-nicotina-10-gosto-tela-digital-inteligente\/","title":{"rendered":"Bang Box 20000 20k Puffs Vape Descart\u00e1vel 0% 2% 3% 5%Nicotina 10Taste Smart Display Digital Tela"},"content":{"rendered":"<p><strong class=\"\">Caixa de estrondo 20000<\/strong> \u00e9 um <strong>validado em laborat\u00f3rio<\/strong>, <strong>Certificado ISO<\/strong> entrega descart\u00e1vel <strong>20.000 baforadas testadas empiricamente<\/strong> de um <strong>35ml<\/strong> reservat\u00f3rio.<br \/>\nUm <strong class=\"\">850 mAh de \u00edon de l\u00edtio grau A<\/strong> bateria, <strong>1.0 Bobina de malha de precis\u00e3o \u03a9<\/strong>, <strong>Tipo-C<\/strong> carga r\u00e1pida e <strong>display digital inteligente<\/strong> garantir <strong class=\"\">estabilidade termodin\u00e2mica<\/strong> e <strong>consist\u00eancia de sabor<\/strong>-dispon\u00edvel em <strong>0 % \/ 2 % \/ 3 % \/ 5 %<\/strong> nicotina.<\/p>\n<p>&nbsp;<\/p>\n<h2><strong><span style=\"font-size: 90%;\">Especifica\u00e7\u00f5es do Vape descart\u00e1vel Bang Box 20000 20k Puffs:<\/span><\/strong><\/h2>\n<p><strong>Sopros<\/strong>: <strong>20,000<\/strong> (validado em laborat\u00f3rio pneum\u00e1tico automatizado: sorteio de 1,5s, descanso de 10s)<\/p>\n<p><strong>E-l\u00edquido<\/strong>: <strong>35ml<\/strong> \u2013 absor\u00e7\u00e3o avan\u00e7ada, anti-vazamento<\/p>\n<p><strong>Nicotina<\/strong>: <strong>0 %, 2 %, 3 %, 5 %<\/strong> \u2013 prefer\u00eancias globais escal\u00e1veis<\/p>\n<p><strong>Bateria<\/strong>: <strong>850mAh<\/strong> \u00edon de l\u00edtio grau A, <strong class=\"\">recarreg\u00e1vel<\/strong><\/p>\n<p><strong>Bobina<\/strong>: <strong>1.0 \u03a9 malha de precis\u00e3o<\/strong> \u2013 \u00e1rea de superf\u00edcie m\u00e1xima, acelera\u00e7\u00e3o r\u00e1pida<\/p>\n<p><strong>Carregando<\/strong>: <strong class=\"\">Tipo-C<\/strong> \u2013 ciclos r\u00e1pidos e regulados pelo calor<\/p>\n<p><strong>Mostrar<\/strong>: <strong>Digital inteligente<\/strong> \u2013 telemetria de energia e reservat\u00f3rio em tempo real, consumo baixo<\/p>\n<p><strong>Certifica\u00e7\u00e3o<\/strong>: <strong>Certificado ISO<\/strong> instala\u00e7\u00f5es, QC rigoroso<\/p>\n<p><strong>Embalagem<\/strong>: Atacado em massa \u2013 escal\u00e1vel para distribuidores<\/p>\n<p>&nbsp;<\/p>\n<h3><strong><span style=\"font-size: 90%;\">Lista de sabores descart\u00e1veis \u200b\u200b\u200b\u200bde Vape Bang Box 20000 20k Puffs:<\/span><\/strong><\/h3>\n<p><strong>1. Kiwi de morango<\/strong><\/p>\n<p><strong>2. Goiaba Kiwi Maracuj\u00e1<\/strong><\/p>\n<p><strong>3. Melancia Morango<\/strong><\/p>\n<p><strong>4. Melancia Framboesa<\/strong><\/p>\n<p><strong>5. Gelo de framboesa azeda de mirtilo<\/strong><\/p>\n<p><strong>6. Gelo de melancia<\/strong><\/p>\n<p><strong>7.Gelo de banana<\/strong><\/p>\n<p><strong>8.Manga P\u00eassego<\/strong><\/p>\n<p><strong>9. Gelo Razz Azul<\/strong><\/p>\n<p><strong>10.Sr. Azul<\/strong><\/p>\n<p><strong>11. Gelo de Uva<\/strong><\/p>\n<p><strong class=\"\">12.Manga com gelo<img loading=\"lazy\" decoding=\"async\" class=\"alignnone wp-image-9045 size-full\" src=\"https:\/\/pgvape.com\/wp-content\/uploads\/2026\/03\/Bang-Box-20k-Puffs-Disposable-Vape-0-2-3-5Nicotine-10Taste-Smart-Digital-Display-Screen-4.png\" alt=\"Duas fileiras de canetas vape descart\u00e1veis \u200b\u200bcoloridas Bang Box dispostas em uma grade, cada uma com um corpo de cor brilhante e um r\u00f3tulo de sabor.\" width=\"1957\" height=\"1708\" srcset=\"https:\/\/pgvape.com\/wp-content\/uploads\/2026\/03\/Bang-Box-20k-Puffs-Disposable-Vape-0-2-3-5Nicotine-10Taste-Smart-Digital-Display-Screen-4.png 1957w, https:\/\/pgvape.com\/wp-content\/uploads\/2026\/03\/Bang-Box-20k-Puffs-Disposable-Vape-0-2-3-5Nicotine-10Taste-Smart-Digital-Display-Screen-4-412x360.png 412w, https:\/\/pgvape.com\/wp-content\/uploads\/2026\/03\/Bang-Box-20k-Puffs-Disposable-Vape-0-2-3-5Nicotine-10Taste-Smart-Digital-Display-Screen-4-595x519.png 595w, https:\/\/pgvape.com\/wp-content\/uploads\/2026\/03\/Bang-Box-20k-Puffs-Disposable-Vape-0-2-3-5Nicotine-10Taste-Smart-Digital-Display-Screen-4-400x349.png 400w, https:\/\/pgvape.com\/wp-content\/uploads\/2026\/03\/Bang-Box-20k-Puffs-Disposable-Vape-0-2-3-5Nicotine-10Taste-Smart-Digital-Display-Screen-4-768x670.png 768w, https:\/\/pgvape.com\/wp-content\/uploads\/2026\/03\/Bang-Box-20k-Puffs-Disposable-Vape-0-2-3-5Nicotine-10Taste-Smart-Digital-Display-Screen-4-1536x1341.png 1536w, https:\/\/pgvape.com\/wp-content\/uploads\/2026\/03\/Bang-Box-20k-Puffs-Disposable-Vape-0-2-3-5Nicotine-10Taste-Smart-Digital-Display-Screen-4-14x12.png 14w, https:\/\/pgvape.com\/wp-content\/uploads\/2026\/03\/Bang-Box-20k-Puffs-Disposable-Vape-0-2-3-5Nicotine-10Taste-Smart-Digital-Display-Screen-4-600x524.png 600w\" sizes=\"auto, (max-width: 1957px) 100vw, 1957px\" \/><\/strong><\/p>\n<p>&nbsp;<\/p>\n<h2><strong>Perguntas frequentes sobre Bang Box 20k Puffs Vape descart\u00e1vel<\/strong><\/h2>\n<p>\u2753 <strong class=\"\">Como s\u00e3o verificadas as \u201c20.000 baforadas\u201d?<\/strong><br \/>\n\u2705 <strong>Testes de laborat\u00f3rio pneum\u00e1ticos automatizados<\/strong>: 1,5s de empate, 10s de descanso, ambientalmente regulamentado\u2014<strong>O reservat\u00f3rio de 35 ml atinge consistentemente o limite de 20k<\/strong>. O uso no mundo real varia de acordo com os h\u00e1bitos de inala\u00e7\u00e3o.<\/p>\n<p>\u2753 <strong>O que evita a degrada\u00e7\u00e3o t\u00e9rmica?<\/strong><br \/>\n\u2705 <strong>1.0 Bobina de malha de precis\u00e3o \u03a9<\/strong>\u2014 distribui\u00e7\u00e3o uniforme de calor, <strong>sem queda de energia<\/strong>, sabor consistente do primeiro ao d\u00e9cimo mil\u00e9simo sorteio.<\/p>\n<p>\u2753 <strong>A bateria \u00e9 confi\u00e1vel?<\/strong><br \/>\n\u2705 <strong>850 mAh de \u00edon de l\u00edtio grau A<\/strong>\u2014sa\u00edda de tens\u00e3o sustentada, <strong>recarreg\u00e1vel<\/strong>, elimina a queda de energia descart\u00e1vel padr\u00e3o.<\/p>\n<p>\u2753 <strong class=\"\">Qu\u00e3o r\u00e1pido ele recarrega?<\/strong><br \/>\n\u2705 <strong>Tipo-C<\/strong>\u2014r\u00e1pido, seguro, <strong>regulado pelo calor<\/strong> ciclos de carregamento.<\/p>\n<p>\u2753 <strong class=\"\">O display descarrega bateria?<\/strong><br \/>\n\u2705 <strong>Telemetria de baixo consumo<\/strong>\u2014dados em tempo real <strong>sem<\/strong> consumo significativo de energia.<\/p>\n<p>\u2753 <strong class=\"\">Quais dosagens de nicotina s\u00e3o oferecidas?<\/strong><br \/>\n\u2705 <strong>0 %, 2 %, 3 %, 5 %<\/strong>\u2014cat\u00e1logo vers\u00e1til para <strong>prefer\u00eancias do mercado global<\/strong>.<\/p>\n<p>\u2753 <strong class=\"\">O vazamento \u00e9 evitado?<\/strong><br \/>\n\u2705 <strong class=\"\">Materiais de absor\u00e7\u00e3o avan\u00e7ados<\/strong> + <strong>reservat\u00f3rio seguro de 35 ml<\/strong>\u2014projetado contra golpes secos e vazamentos.<\/p>\n<p>\u2753 <strong class=\"\">Para quem isso foi projetado?<\/strong><br \/>\n\u2705 <strong>Varejistas de alto volume<\/strong>, <strong>distribuidores<\/strong>, <strong>usu\u00e1rios dedicados<\/strong>-<strong>atacado a granel<\/strong>, <strong>for\u00e7a escal\u00e1vel<\/strong>, <strong>desempenho verific\u00e1vel<\/strong>.<\/p>\n<p>&nbsp;<\/p>\n<h3 id=\"brxe-najhln\" class=\"brxe-heading\">Perguntas frequentes (FAQ)<\/h3>\n<div id=\"brxe-rajiac\" class=\"brxe-text\">\n<p><strong>P: Quais m\u00e9todos de pagamento voc\u00ea aceita?<\/strong><br \/>\nR: Aceitamos PayPal, Stripe, transfer\u00eancias banc\u00e1rias (com suporte SEPA), os principais cart\u00f5es de cr\u00e9dito (Visa, MasterCard, American Express) e pagamentos em criptomoedas.<\/p>\n<p><strong>P: Quanto tempo leva a prepara\u00e7\u00e3o do pedido?<\/strong><br \/>\nR: A prepara\u00e7\u00e3o do pedido leva de 1 a 3 dias \u00fateis.<\/p>\n<p><strong>P: Qual \u00e9 o tempo de envio?<\/strong><br \/>\nR: O tempo de envio \u00e9 de 7 a 14 dias \u00fateis, dependendo da sua localiza\u00e7\u00e3o. As mercadorias enviadas de armaz\u00e9ns europeus normalmente levam de 3 a 6 dias \u00fateis para serem entregues.<\/p>\n<p><strong>P: Como posso rastrear meu pedido?<\/strong><br \/>\nR: Ap\u00f3s o envio, voc\u00ea receber\u00e1 um e-mail de confirma\u00e7\u00e3o com um n\u00famero de rastreamento para rastreamento em tempo real.<\/p>\n<p><strong>P: Qual \u00e9 a sua pol\u00edtica de devolu\u00e7\u00e3o?<\/strong><br \/>\nR: Oferecemos uma pol\u00edtica de devolu\u00e7\u00e3o de 30 dias para reembolsos ou trocas. .<\/p>\n<p><strong>P: Haver\u00e1 algum problema alfandeg\u00e1rio?<br \/>\n<\/strong>Lidamos com todos os procedimentos de desembara\u00e7o aduaneiro para garantir uma experi\u00eancia descomplicada para voc\u00ea. .<\/p>\n<p><strong>P: Quais m\u00e9todos de envio s\u00e3o usados?<\/strong><br \/>\nCooperamos com UPS\/DHL\/FEDEX\/DPD, etc. Escolheremos a op\u00e7\u00e3o de envio apropriada dependendo do pa\u00eds de entrega para garantir que voc\u00ea receba seus produtos o mais r\u00e1pido poss\u00edvel.<\/p>\n<p><a href=\"https:\/\/pgvape.com\/pt\/perguntas-frequentes\/\">Clique aqui para mais perguntas frequentes<\/a><\/p>\n<p>Prezados clientes, Se voc\u00ea tiver alguma d\u00favida sobre seu pedido ou a chegada de mercadorias, entre em contato com nosso atendimento ao cliente. Obrigado!<\/p>\n<h3 data-sourcepos=\"73:1-73:21\"><strong data-sourcepos=\"73:7-73:21\">Contate-nos<\/strong><\/h3>\n<div id=\"text-2419739398\" class=\"text\">\n<p><strong data-sourcepos=\"75:3-75:12\">E-mail<\/strong>:\u00a0<a href=\"mailto:support@pgvape.com\"><strong>support@pgvape.com<\/strong><\/a><\/p>\n<p><strong data-sourcepos=\"76:3-76:15\">WhatsApp<\/strong>:\u00a0<a href=\"https:\/\/wa.me\/+8618128481258\"><strong>+86 18128481258<\/strong><\/a><br \/>\n<strong>(Resposta em at\u00e9 24 horas em dias \u00fateis)<\/strong><\/p>\n<\/div>\n<h3><strong>Obrigado por escolher pgvape.com! .<\/strong><\/h3>\n<\/div>","protected":false},"excerpt":{"rendered":"<p><strong>Caixa de estrondo 20000<\/strong>-<strong>20 mil puffs validados em laborat\u00f3rio<\/strong>, <strong>35ml<\/strong>, <strong>Malha de 1,0 \u03a9<\/strong>, <strong>850mAh<\/strong>, <strong>telemetria inteligente<\/strong>, <strong>Certificado ISO<\/strong>.<strong class=\"\">Transpar\u00eancia projetada, desempenho emp\u00edrico, precis\u00e3o bot\u00e2nica.<\/strong><\/p>","protected":false},"featured_media":9043,"comment_status":"open","ping_status":"closed","template":"","meta":{"_seopress_robots_primary_cat":"none","_seopress_titles_title":"","_seopress_titles_desc":"","_seopress_robots_index":""},"product_brand":[577,516],"product_cat":[84,576,515],"product_tag":[367,578,90,579],"class_list":{"0":"post-9039","1":"product","2":"type-product","3":"status-publish","4":"has-post-thumbnail","6":"product_brand-bang-box-vape","7":"product_brand-disposable-vape","8":"product_cat-20k-puffs-vape","9":"product_cat-bang-box-vape","10":"product_cat-disposable-vape","11":"product_tag-20k-puffs-vape","12":"product_tag-bang-box-20000","13":"product_tag-disposable-vape","14":"product_tag-smart-digital-display-screen","16":"first","17":"instock","18":"sale","19":"shipping-taxable","20":"purchasable","21":"product-type-variable"},"_links":{"self":[{"href":"https:\/\/pgvape.com\/pt\/wp-json\/wp\/v2\/product\/9039","targetHints":{"allow":["GET"]}}],"collection":[{"href":"https:\/\/pgvape.com\/pt\/wp-json\/wp\/v2\/product"}],"about":[{"href":"https:\/\/pgvape.com\/pt\/wp-json\/wp\/v2\/types\/product"}],"replies":[{"embeddable":true,"href":"https:\/\/pgvape.com\/pt\/wp-json\/wp\/v2\/comments?post=9039"}],"wp:featuredmedia":[{"embeddable":true,"href":"https:\/\/pgvape.com\/pt\/wp-json\/wp\/v2\/media\/9043"}],"wp:attachment":[{"href":"https:\/\/pgvape.com\/pt\/wp-json\/wp\/v2\/media?parent=9039"}],"wp:term":[{"taxonomy":"product_brand","embeddable":true,"href":"https:\/\/pgvape.com\/pt\/wp-json\/wp\/v2\/product_brand?post=9039"},{"taxonomy":"product_cat","embeddable":true,"href":"https:\/\/pgvape.com\/pt\/wp-json\/wp\/v2\/product_cat?post=9039"},{"taxonomy":"product_tag","embeddable":true,"href":"https:\/\/pgvape.com\/pt\/wp-json\/wp\/v2\/product_tag?post=9039"}],"curies":[{"name":"wp","href":"https:\/\/api.w.org\/{rel}","templated":true}]}}