{"id":8998,"date":"2026-02-28T20:47:28","date_gmt":"2026-02-28T20:47:28","guid":{"rendered":"https:\/\/pgvape.com\/?post_type=product&#038;p=8998"},"modified":"2026-03-15T13:48:39","modified_gmt":"2026-03-15T13:48:39","slug":"bang-king-250000-250k-puffs-4-em-1-sabor-vape-descartavel-0-2-3-5-nicotina-10-gosto-tela-led-inteligente","status":"publish","type":"product","link":"https:\/\/pgvape.com\/pt\/produto\/bang-king-250000-250k-puffs-4-em-1-sabor-vape-descartavel-0-2-3-5-nicotina-10-gosto-tela-led-inteligente\/","title":{"rendered":"Bang King 250000 250k Puffs 4 em 1 Sabor Vape Descart\u00e1vel 0% 2% 3% 5%Nicotina 10Taste Tela LED Inteligente"},"content":{"rendered":"<p><strong>Bang Rei 250K<\/strong> reina com <strong>250.000 baforadas<\/strong> atrav\u00e9s de um <strong>Sistema de comuta\u00e7\u00e3o multi-sabor 4 em 1<\/strong>, disparado por um <strong class=\"\">650 mAh Tipo C<\/strong> bateria e <strong>Bobina de malha de 1,0 \u03a9<\/strong>.<br \/>\n<strong>Rota\u00e7\u00e3o instant\u00e2nea de sabores<\/strong>, <strong>0 % \/ 2 % \/ 3 % \/ 5 %<\/strong> nicotina e <strong>personaliza\u00e7\u00e3o completa de OEM\/ODM<\/strong> torn\u00e1-lo o m\u00e1ximo <strong>atacado\/marca pr\u00f3pria<\/strong> pot\u00eancia.<\/p>\n<p>&nbsp;<\/p>\n<h2><span style=\"font-size: 90%;\">Bang King 250000 250k Puffs 4 em 1 Sabor Vape Descart\u00e1vel Especifica\u00e7\u00f5es:<\/span><\/h2>\n<p><strong>Sopros<\/strong>: At\u00e9 <strong>250,000<\/strong><\/p>\n<p><strong>Sistema de sabores<\/strong>: <strong>4 em 1<\/strong> \u2013 <strong>quatro sabores premium<\/strong>, troca instant\u00e2nea<\/p>\n<p><strong>Bateria<\/strong>: <strong>650mAh<\/strong>, <strong class=\"\">Tipo-C<\/strong> carga r\u00e1pida<\/p>\n<p><strong>Bobina<\/strong>: <strong>Malha de 1,0 \u03a9<\/strong> \u2013 smooth, intense, dense<\/p>\n<p><strong>Nicotina<\/strong>: <strong>0 %, 2 %, 3 %, 5 %<\/strong> op\u00e7\u00f5es de sal<\/p>\n<p><strong>Personaliza\u00e7\u00e3o<\/strong>: <strong>OEM\/ODM<\/strong> \u2013 private label, distributor branding<\/p>\n<p><strong>Alvo<\/strong>: <strong>Segmento de sopro ultra-alto<\/strong>, atacado de grande volume<\/p>\n<p>&nbsp;<\/p>\n<h3><span style=\"font-size: 90%;\">Lista de sabores descart\u00e1veis \u200b\u200b\u200b\u200bde Vape Bang King 250000 250k Puffs 4 em 1:<\/span><\/h3>\n<p>1. Lim\u00e3o, lim\u00e3o e melancia, gelo e gelo preto, fruta do drag\u00e3o, morango e amor 66<\/p>\n<p>2. Lim\u00e3o, lim\u00e3o e gelo de morango e melancia de framboesa e cereja efervescente<\/p>\n<p>3. Baunilha, cola, lim\u00e3o, p\u00eassego, morango, framboesa, cereja, gelo e uva<\/p>\n<p>4. Limonada Rosa e Kiwi Maracuj\u00e1 Goiaba e P\u00eassego e Banana Morango<\/p>\n<p>5.Grape Burst &amp; Lychee Ice &amp; Peach Berry &amp; Kiwi Passion Fruit Guava<\/p>\n<p>6. Manga de morango e limonada Blue Razz e sorvete de baunilha e frutas triplas azedas<\/p>\n<p>7. Gelo de melancia e manga de morango e gelo de mirtilo e cereja efervescente<\/p>\n<p>8. Mistura de frutas vermelhas e cereja, lim\u00e3o e morango, kiwi e chiclete de melancia e morango<\/p>\n<p>9. Morango, Melancia e Cereja Cola e Suculento Gelo de P\u00eassego e Refrescante de Toranja<\/p>\n<p>10.Mojito e Monster Mango e Lady Killer e limonada rosa<img loading=\"lazy\" decoding=\"async\" class=\"alignnone wp-image-9004 size-full\" src=\"https:\/\/pgvape.com\/wp-content\/uploads\/2026\/02\/Bang-King-250k-Puffs-4-in-1-Flavor-Disposable-Vape-0-2-3-5Nicotine-10Taste-Smart-LED-Screen-2.png\" alt=\"Banner Bright Bang King Quads 4 em 1 com garrafas coloridas e um painel do lado direito listando 10 sabores.\" width=\"2000\" height=\"1200\" srcset=\"https:\/\/pgvape.com\/wp-content\/uploads\/2026\/02\/Bang-King-250k-Puffs-4-in-1-Flavor-Disposable-Vape-0-2-3-5Nicotine-10Taste-Smart-LED-Screen-2.png 2000w, https:\/\/pgvape.com\/wp-content\/uploads\/2026\/02\/Bang-King-250k-Puffs-4-in-1-Flavor-Disposable-Vape-0-2-3-5Nicotine-10Taste-Smart-LED-Screen-2-555x333.png 555w, https:\/\/pgvape.com\/wp-content\/uploads\/2026\/02\/Bang-King-250k-Puffs-4-in-1-Flavor-Disposable-Vape-0-2-3-5Nicotine-10Taste-Smart-LED-Screen-2-595x357.png 595w, https:\/\/pgvape.com\/wp-content\/uploads\/2026\/02\/Bang-King-250k-Puffs-4-in-1-Flavor-Disposable-Vape-0-2-3-5Nicotine-10Taste-Smart-LED-Screen-2-400x240.png 400w, https:\/\/pgvape.com\/wp-content\/uploads\/2026\/02\/Bang-King-250k-Puffs-4-in-1-Flavor-Disposable-Vape-0-2-3-5Nicotine-10Taste-Smart-LED-Screen-2-768x461.png 768w, https:\/\/pgvape.com\/wp-content\/uploads\/2026\/02\/Bang-King-250k-Puffs-4-in-1-Flavor-Disposable-Vape-0-2-3-5Nicotine-10Taste-Smart-LED-Screen-2-1536x922.png 1536w, https:\/\/pgvape.com\/wp-content\/uploads\/2026\/02\/Bang-King-250k-Puffs-4-in-1-Flavor-Disposable-Vape-0-2-3-5Nicotine-10Taste-Smart-LED-Screen-2-18x12.png 18w, https:\/\/pgvape.com\/wp-content\/uploads\/2026\/02\/Bang-King-250k-Puffs-4-in-1-Flavor-Disposable-Vape-0-2-3-5Nicotine-10Taste-Smart-LED-Screen-2-600x360.png 600w\" sizes=\"auto, (max-width: 2000px) 100vw, 2000px\" \/><\/p>\n<p>&nbsp;<\/p>\n<h2><span style=\"font-size: 90%;\">Perguntas frequentes sobre Bang King 250000 250k Puffs 4 em 1 Sabor Vape descart\u00e1vel<\/span><\/h2>\n<p>\u2753 <strong>Quantas baforadas por dispositivo?<\/strong><br \/>\n\u2705 Classifica\u00e7\u00e3o de f\u00e1brica <strong>250.000 baforadas<\/strong>\u2014quarter-million clouds, months of use.<\/p>\n<p>\u2753 <strong>Como fa\u00e7o para trocar sabores?<\/strong><br \/>\n\u2705 <strong>4-in-1 multi-flavor system<\/strong>\u2014rotate or click to <strong>mudar instantaneamente<\/strong> entre <strong>quatro sabores distintos<\/strong>.<\/p>\n<p>\u2753 <strong>\u00c9 recarreg\u00e1vel?<\/strong><br \/>\n\u2705 <strong>650mAh<\/strong> bateria + <strong>Tipo-C<\/strong> carga r\u00e1pida \u2013 tempo de inatividade m\u00ednimo.<\/p>\n<p>\u2753 <strong>Qual bobina est\u00e1 dentro?<\/strong><br \/>\n\u2705 <strong>Bobina de malha de 1,0 \u03a9<\/strong>\u2014pot\u00eancia est\u00e1vel, sabor rico, vapor denso.<\/p>\n<p>\u2753 <strong>Posso personalizar a marca?<\/strong><br \/>\n\u2705 <strong>Suporte completo a OEM\/ODM<\/strong>\u2014marca pr\u00f3pria, marca do distribuidor, destaque no <strong>mercado de sopro ultra-alto<\/strong>.<\/p>\n<p>\u2753 <strong>Quais dosagens de nicotina s\u00e3o oferecidas?<\/strong><br \/>\n\u2705 <strong>0 %, 2 %, 3 %, 5 %<\/strong>\u2014flex\u00edvel para todos os tipos de usu\u00e1rios.<\/p>\n<p>\u2753 <strong>Para quem \u00e9 isso?<\/strong><br \/>\n\u2705 <strong>Usu\u00e1rios pesados<\/strong>, <strong>parceiros atacadistas<\/strong>, <strong>distribuidores<\/strong> buscando <strong>capacidade m\u00e1xima + variedade + personaliza\u00e7\u00e3o<\/strong>.<\/p>\n<p>&nbsp;<\/p>\n<h3 id=\"brxe-najhln\" class=\"brxe-heading\">Perguntas frequentes (FAQ)<\/h3>\n<div id=\"brxe-rajiac\" class=\"brxe-text\">\n<p><strong>P: Quais m\u00e9todos de pagamento voc\u00ea aceita?<\/strong><br \/>\nR: Aceitamos PayPal, Stripe, transfer\u00eancias banc\u00e1rias (com suporte SEPA), os principais cart\u00f5es de cr\u00e9dito (Visa, MasterCard, American Express) e pagamentos em criptomoedas.<\/p>\n<p><strong>P: Quanto tempo leva a prepara\u00e7\u00e3o do pedido?<\/strong><br \/>\nR: A prepara\u00e7\u00e3o do pedido leva de 1 a 3 dias \u00fateis.<\/p>\n<p><strong>P: Qual \u00e9 o tempo de envio?<\/strong><br \/>\nR: O tempo de envio \u00e9 de 7 a 14 dias \u00fateis, dependendo da sua localiza\u00e7\u00e3o. As mercadorias enviadas de armaz\u00e9ns europeus normalmente levam de 3 a 6 dias \u00fateis para serem entregues.<\/p>\n<p><strong>P: Como posso rastrear meu pedido?<\/strong><br \/>\nR: Ap\u00f3s o envio, voc\u00ea receber\u00e1 um e-mail de confirma\u00e7\u00e3o com um n\u00famero de rastreamento para rastreamento em tempo real.<\/p>\n<p><strong>P: Qual \u00e9 a sua pol\u00edtica de devolu\u00e7\u00e3o?<\/strong><br \/>\nR: Oferecemos uma pol\u00edtica de devolu\u00e7\u00e3o de 30 dias para reembolsos ou trocas. .<\/p>\n<p><strong>P: Haver\u00e1 algum problema alfandeg\u00e1rio?<br \/>\n<\/strong>Lidamos com todos os procedimentos de desembara\u00e7o aduaneiro para garantir uma experi\u00eancia descomplicada para voc\u00ea. .<\/p>\n<p><strong>P: Quais m\u00e9todos de envio s\u00e3o usados?<\/strong><br \/>\nCooperamos com UPS\/DHL\/FEDEX\/DPD, etc. Escolheremos a op\u00e7\u00e3o de envio apropriada dependendo do pa\u00eds de entrega para garantir que voc\u00ea receba seus produtos o mais r\u00e1pido poss\u00edvel.<\/p>\n<p><a href=\"https:\/\/pgvape.com\/pt\/perguntas-frequentes\/\">Clique aqui para mais perguntas frequentes<\/a><\/p>\n<p>Prezados clientes, Se voc\u00ea tiver alguma d\u00favida sobre seu pedido ou a chegada de mercadorias, entre em contato com nosso atendimento ao cliente. Obrigado!<\/p>\n<h3 data-sourcepos=\"73:1-73:21\"><strong data-sourcepos=\"73:7-73:21\">Contate-nos<\/strong><\/h3>\n<div id=\"text-2419739398\" class=\"text\">\n<p><strong data-sourcepos=\"75:3-75:12\">E-mail<\/strong>:\u00a0<a href=\"mailto:support@pgvape.com\"><strong>support@pgvape.com<\/strong><\/a><\/p>\n<p><strong data-sourcepos=\"76:3-76:15\">WhatsApp<\/strong>:\u00a0<a href=\"https:\/\/wa.me\/+8618128481258\"><strong>+86 18128481258<\/strong><\/a><br \/>\n<strong>(Resposta em at\u00e9 24 horas em dias \u00fateis)<\/strong><\/p>\n<\/div>\n<h3><strong>Obrigado por escolher pgvape.com! .<\/strong><\/h3>\n<\/div>","protected":false},"excerpt":{"rendered":"<p><strong>Bang Rei 250000<\/strong>-<strong>250 mil baforadas<\/strong>, <strong>Rota\u00e7\u00e3o 4 em 1<\/strong>, <strong>Malha de 1,0 \u03a9<\/strong>, <strong>Tipo-C<\/strong>, <strong>Pronto para OEM\/ODM<\/strong>.<strong>Um quarto de milh\u00e3o de nuvens, quatro coroas, um rei.<\/strong><\/p>","protected":false},"featured_media":9003,"comment_status":"open","ping_status":"closed","template":"","meta":{"_seopress_robots_primary_cat":"","_seopress_titles_title":"","_seopress_titles_desc":"","_seopress_robots_index":""},"product_brand":[19,516],"product_cat":[571,18,515],"product_tag":[575,573,574,572,90,490],"class_list":{"0":"post-8998","1":"product","2":"type-product","3":"status-publish","4":"has-post-thumbnail","6":"product_brand-bang-king-vape","7":"product_brand-disposable-vape","8":"product_cat-250k-puffs-vape","9":"product_cat-bang-king-vape","10":"product_cat-disposable-vape","11":"product_tag-1-0--mesh","12":"product_tag-250k-puffs-vape","13":"product_tag-4in1-flavor","14":"product_tag-bang-king-250000","15":"product_tag-disposable-vape","16":"product_tag-minimum-2-pieces","18":"first","19":"instock","20":"sale","21":"shipping-taxable","22":"purchasable","23":"product-type-variable"},"_links":{"self":[{"href":"https:\/\/pgvape.com\/pt\/wp-json\/wp\/v2\/product\/8998","targetHints":{"allow":["GET"]}}],"collection":[{"href":"https:\/\/pgvape.com\/pt\/wp-json\/wp\/v2\/product"}],"about":[{"href":"https:\/\/pgvape.com\/pt\/wp-json\/wp\/v2\/types\/product"}],"replies":[{"embeddable":true,"href":"https:\/\/pgvape.com\/pt\/wp-json\/wp\/v2\/comments?post=8998"}],"wp:featuredmedia":[{"embeddable":true,"href":"https:\/\/pgvape.com\/pt\/wp-json\/wp\/v2\/media\/9003"}],"wp:attachment":[{"href":"https:\/\/pgvape.com\/pt\/wp-json\/wp\/v2\/media?parent=8998"}],"wp:term":[{"taxonomy":"product_brand","embeddable":true,"href":"https:\/\/pgvape.com\/pt\/wp-json\/wp\/v2\/product_brand?post=8998"},{"taxonomy":"product_cat","embeddable":true,"href":"https:\/\/pgvape.com\/pt\/wp-json\/wp\/v2\/product_cat?post=8998"},{"taxonomy":"product_tag","embeddable":true,"href":"https:\/\/pgvape.com\/pt\/wp-json\/wp\/v2\/product_tag?post=8998"}],"curies":[{"name":"wp","href":"https:\/\/api.w.org\/{rel}","templated":true}]}}