{"id":8943,"date":"2026-02-27T09:30:38","date_gmt":"2026-02-27T09:30:38","guid":{"rendered":"https:\/\/pgvape.com\/?post_type=product&#038;p=8943"},"modified":"2026-03-15T13:48:39","modified_gmt":"2026-03-15T13:48:39","slug":"bang-king-200000-200k-puffs-8-in-1-flavor-disposable-vape-0-2-3-5nicotine-12taste-smart-led-screen","status":"publish","type":"product","link":"https:\/\/pgvape.com\/pt\/produto\/bang-king-200000-200k-puffs-8-in-1-flavor-disposable-vape-0-2-3-5nicotine-12taste-smart-led-screen\/","title":{"rendered":"Bang King 200000 200k Puffs 8 em 1 Sabor Vape Descart\u00e1vel 0% 2% 3% 5%Nicotina 12Taste Tela LED Inteligente"},"content":{"rendered":"<p><strong class=\"\">Bang Rei 200K<\/strong> entrega <strong class=\"\">200.000 baforadas<\/strong> atrav\u00e9s de <strong>oito c\u00e2maras de sabor independentes<\/strong>, disparado por <strong>bobinas de malha dupla<\/strong> e um <strong>Bateria recarreg\u00e1vel tipo C<\/strong>.<br \/>\n<strong>Interruptor de sabor seletor girat\u00f3rio<\/strong>, <strong>display LED inteligente<\/strong> e <strong>12 octetos de sabor<\/strong> give you <strong>oito sabores, um dispositivo, meses de nuvens<\/strong>-perfeito para <strong>usu\u00e1rios pesados \u200b\u200be atacado<\/strong>.<\/p>\n<p>&nbsp;<\/p>\n<h2><span style=\"font-size: 90%;\">Bang King 200k 200000 baforadas 8 em 1 especifica\u00e7\u00e3o de Vape descart\u00e1vel de sabor<\/span><\/h2>\n<p><strong>Sopros<\/strong>: At\u00e9 <strong>200,000<\/strong><\/p>\n<p><strong>Sistema de sabores<\/strong>: <strong>8 em 1<\/strong> \u2013 <strong>oito c\u00e2maras seladas<\/strong>, gire para mudar<\/p>\n<p><strong>Bobina<\/strong>: <strong>Malha dupla<\/strong> \u2013 aquecimento eficiente, desempenho est\u00e1vel<\/p>\n<p><strong>Bateria<\/strong>: <strong>Recarreg\u00e1vel<\/strong>, <strong>Tipo-C<\/strong> carga r\u00e1pida<\/p>\n<p><strong>Mostrar<\/strong>: <strong>LED inteligente<\/strong> \u2013 informa\u00e7\u00f5es sobre bateria e uso em tempo real<\/p>\n<p><strong>Projeto<\/strong>: <strong class=\"\">Estrutura de rota\u00e7\u00e3o multi-sabor<\/strong> \u2013 variedade instant\u00e2nea, zero fadiga<\/p>\n<p><strong>Uso<\/strong>: Pessoal ou <strong>distribui\u00e7\u00e3o por atacado<\/strong><\/p>\n<p>&nbsp;<\/p>\n<h3><span style=\"font-size: 90%;\">Bang King 200k 200000 Puffs 8 em 1 Lista de Sabores Vape Descart\u00e1veis<\/span><\/h3>\n<p>1. Gelo Razz Azul e Gelo de P\u00eassego e Gelo de Uva e Gelo de Manga<\/p>\n<p>2. Ma\u00e7\u00e3 Dupla e Manga, P\u00eassego, Melancia, Morango e Coca-Cola com Morango e Baunilha<\/p>\n<p>3. Gelo de melancia e hortel\u00e3-lim\u00e3o e gelo de morango e cereja Blue Razz<\/p>\n<p>4. Chiclete de melancia e mirtilos Framboesas e framboesa Melancia e mirtilo de melancia<\/p>\n<p>5. P\u00eassego, Manga, Melancia, Red Bull e Morango Red Bull e Morango Kiwi<\/p>\n<p>6.Black Dragon Ice &amp; Love 66 &amp; Mr Blue &amp; Strawberry Lemonade<\/p>\n<p>7. Triple Berry e Frutas Tropicais e Morango, Banana e Limonada Rosa<\/p>\n<p>8. Gelo fresco de menta e p\u00eassego e cereja azul, lim\u00e3o e melancia com kiwi<\/p>\n<p>9.Sorvete de manga e morango e sorvete de banana e lichia de morango<\/p>\n<p>10. Kiwi, maracuj\u00e1, goiaba, ursinho de goma, arco-\u00edris doce e algod\u00e3o doce<\/p>\n<p>11.Triple Melon &amp; Blueberry Ice &amp; Cherry Bomb &amp; Pineapple Coconut<\/p>\n<p>12. Lim\u00e3o e lim\u00e3o efervescente e mojito de ma\u00e7\u00e3 e gelo de abacaxi e gelo de cola<img loading=\"lazy\" decoding=\"async\" class=\"alignnone wp-image-8948 size-full\" src=\"https:\/\/pgvape.com\/wp-content\/uploads\/2026\/02\/Bang-King-200k-200000-Puffs-8-in-1-Flavor-Disposable-Vape-0-2-3-5Nicotine-12Taste-Smart-LED-Screen-3.png\" alt=\"Two rows of colorful gradient vape bottles with cartoon characters on the labels, arranged against a bright tropical backdrop.\" width=\"1500\" height=\"1340\" srcset=\"https:\/\/pgvape.com\/wp-content\/uploads\/2026\/02\/Bang-King-200k-200000-Puffs-8-in-1-Flavor-Disposable-Vape-0-2-3-5Nicotine-12Taste-Smart-LED-Screen-3.png 1500w, https:\/\/pgvape.com\/wp-content\/uploads\/2026\/02\/Bang-King-200k-200000-Puffs-8-in-1-Flavor-Disposable-Vape-0-2-3-5Nicotine-12Taste-Smart-LED-Screen-3-403x360.png 403w, https:\/\/pgvape.com\/wp-content\/uploads\/2026\/02\/Bang-King-200k-200000-Puffs-8-in-1-Flavor-Disposable-Vape-0-2-3-5Nicotine-12Taste-Smart-LED-Screen-3-595x532.png 595w, https:\/\/pgvape.com\/wp-content\/uploads\/2026\/02\/Bang-King-200k-200000-Puffs-8-in-1-Flavor-Disposable-Vape-0-2-3-5Nicotine-12Taste-Smart-LED-Screen-3-400x357.png 400w, https:\/\/pgvape.com\/wp-content\/uploads\/2026\/02\/Bang-King-200k-200000-Puffs-8-in-1-Flavor-Disposable-Vape-0-2-3-5Nicotine-12Taste-Smart-LED-Screen-3-768x686.png 768w, https:\/\/pgvape.com\/wp-content\/uploads\/2026\/02\/Bang-King-200k-200000-Puffs-8-in-1-Flavor-Disposable-Vape-0-2-3-5Nicotine-12Taste-Smart-LED-Screen-3-13x12.png 13w, https:\/\/pgvape.com\/wp-content\/uploads\/2026\/02\/Bang-King-200k-200000-Puffs-8-in-1-Flavor-Disposable-Vape-0-2-3-5Nicotine-12Taste-Smart-LED-Screen-3-600x536.png 600w\" sizes=\"auto, (max-width: 1500px) 100vw, 1500px\" \/><\/p>\n<p>&nbsp;<\/p>\n<h2 class=\"header-vfC6AV auto-hide-last-sibling-br\"><span style=\"font-size: 90%;\">FAQs About Bang King 200k 200000 Puffs 8 in 1 Flavor Disposable Vape<\/span><\/h2>\n<p>\u2753 <strong>Quantas baforadas por dispositivo?<\/strong><br \/>\n\u2705 Classifica\u00e7\u00e3o de f\u00e1brica <strong>200.000 baforadas<\/strong>\u2014meses a meio ano de uso intenso.<\/p>\n<p>\u2753 <strong class=\"\">Como fa\u00e7o para trocar sabores?<\/strong><br \/>\n\u2705 <strong class=\"\">Gire o seletor<\/strong>\u2014salto instant\u00e2neo entre <strong>oito c\u00e2maras independentes<\/strong>, zero fadiga de sabor.<\/p>\n<p>\u2753 <strong class=\"\">\u00c9 recarreg\u00e1vel?<\/strong><br \/>\n\u2705 <strong>Tipo-C<\/strong> carga r\u00e1pida \u2013 minimize o tempo de inatividade e maximize a longevidade.<\/p>\n<p>\u2753 <strong>Qual tecnologia de bobina \u00e9 usada?<\/strong><br \/>\n\u2705 <strong>Bobinas de malha dupla<\/strong>\u2014calor eficiente, vapor suave, sabor consistente.<\/p>\n<p>\u2753 <strong class=\"\">Como monitoro o status?<\/strong><br \/>\n\u2705 <strong class=\"\">Visor LED inteligente<\/strong> mostra <strong>bateria %<\/strong> e <strong>informa\u00e7\u00f5es de uso<\/strong> em tempo real.<\/p>\n<p>\u2753 <strong class=\"\">\u00c9 para uso pessoal ou no atacado?<\/strong><br \/>\n\u2705 <strong>Ambos<\/strong>\u2014capacidade extrema + multi-sabor = ideal para <strong class=\"\">usu\u00e1rios de alto consumo<\/strong> e <strong>canais de distribui\u00e7\u00e3o<\/strong>.<\/p>\n<p>\u2753 <strong>Reduz a frequ\u00eancia de substitui\u00e7\u00e3o?<\/strong><br \/>\n\u2705 <strong>200 mil folhados + 8 sabores<\/strong> = um dispositivo substitui <strong>eight standard disposables<\/strong>.<\/p>\n<p>&nbsp;<\/p>\n<h3 id=\"brxe-najhln\" class=\"brxe-heading\">Perguntas frequentes (FAQ)<\/h3>\n<div id=\"brxe-rajiac\" class=\"brxe-text\">\n<p><strong>P: Quais m\u00e9todos de pagamento voc\u00ea aceita?<\/strong><br \/>\nR: Aceitamos PayPal, Stripe, transfer\u00eancias banc\u00e1rias (com suporte SEPA), os principais cart\u00f5es de cr\u00e9dito (Visa, MasterCard, American Express) e pagamentos em criptomoedas.<\/p>\n<p><strong>P: Quanto tempo leva a prepara\u00e7\u00e3o do pedido?<\/strong><br \/>\nR: A prepara\u00e7\u00e3o do pedido leva de 1 a 3 dias \u00fateis.<\/p>\n<p><strong>P: Qual \u00e9 o tempo de envio?<\/strong><br \/>\nR: O tempo de envio \u00e9 de 7 a 14 dias \u00fateis, dependendo da sua localiza\u00e7\u00e3o.<\/p>\n<p><strong>P: Como posso rastrear meu pedido?<\/strong><br \/>\nR: Ap\u00f3s o envio, voc\u00ea receber\u00e1 um e-mail de confirma\u00e7\u00e3o com um n\u00famero de rastreamento para rastreamento em tempo real.<\/p>\n<p><strong>P: Qual \u00e9 a sua pol\u00edtica de devolu\u00e7\u00e3o?<\/strong><br \/>\nR: Oferecemos uma pol\u00edtica de devolu\u00e7\u00e3o de 30 dias para reembolsos ou trocas. .<\/p>\n<p><strong>P: Haver\u00e1 algum problema alfandeg\u00e1rio?<br \/>\n<\/strong>Lidamos com todos os procedimentos de desembara\u00e7o aduaneiro para garantir uma experi\u00eancia descomplicada para voc\u00ea. .<\/p>\n<p><strong>P: Quais m\u00e9todos de envio s\u00e3o usados?<\/strong><br \/>\nCooperamos com UPS\/DHL\/FEDEX\/DPD, etc. Escolheremos a op\u00e7\u00e3o de envio apropriada dependendo do pa\u00eds de entrega para garantir que voc\u00ea receba seus produtos o mais r\u00e1pido poss\u00edvel.<\/p>\n<p><a href=\"https:\/\/pgvape.com\/pt\/perguntas-frequentes\/\">Clique aqui para mais perguntas frequentes<\/a><\/p>\n<p>Prezados clientes, Se voc\u00ea tiver alguma d\u00favida sobre seu pedido ou a chegada de mercadorias, entre em contato com nosso atendimento ao cliente. Obrigado!<\/p>\n<h3 data-sourcepos=\"73:1-73:21\"><strong data-sourcepos=\"73:7-73:21\">Contate-nos<\/strong><\/h3>\n<div id=\"text-2419739398\" class=\"text\">\n<p><strong data-sourcepos=\"75:3-75:12\">E-mail<\/strong>:\u00a0<a href=\"mailto:support@pgvape.com\"><strong>support@pgvape.com<\/strong><\/a><\/p>\n<p><strong data-sourcepos=\"76:3-76:15\">WhatsApp<\/strong>:\u00a0<a href=\"https:\/\/wa.me\/+8618128481258\"><strong>+86 18128481258<\/strong><\/a><br \/>\n<strong>(Resposta em at\u00e9 24 horas em dias \u00fateis)<\/strong><\/p>\n<\/div>\n<h3><strong>Obrigado por escolher pgvape.com! .<\/strong><\/h3>\n<\/div>","protected":false},"excerpt":{"rendered":"<p><strong>Bang Rei 200000<\/strong>-<strong>200 mil baforadas<\/strong>, <strong>Rota\u00e7\u00e3o 8 em 1<\/strong>, <strong>malha dupla<\/strong>, <strong>Visor LED<\/strong>, <strong>Tipo-C<\/strong>.<strong class=\"\">Oito sabores, um rei, vape por meio ano.<\/strong><\/p>","protected":false},"featured_media":8947,"comment_status":"open","ping_status":"closed","template":"","meta":{"_seopress_robots_primary_cat":"none","_seopress_titles_title":"","_seopress_titles_desc":"","_seopress_robots_index":""},"product_brand":[19,516],"product_cat":[548,18,515],"product_tag":[552,568,567,90,490,569],"class_list":{"0":"post-8943","1":"product","2":"type-product","3":"status-publish","4":"has-post-thumbnail","6":"product_brand-bang-king-vape","7":"product_brand-disposable-vape","8":"product_cat-200k-puffs-vape","9":"product_cat-bang-king-vape","10":"product_cat-disposable-vape","11":"product_tag-200k-puffs-vape","12":"product_tag-8-in-1-flavor","13":"product_tag-bang-king-200k","14":"product_tag-disposable-vape","15":"product_tag-minimum-2-pieces","16":"product_tag-multi-flavor-rotation-structure","18":"first","19":"instock","20":"sale","21":"shipping-taxable","22":"purchasable","23":"product-type-variable"},"_links":{"self":[{"href":"https:\/\/pgvape.com\/pt\/wp-json\/wp\/v2\/product\/8943","targetHints":{"allow":["GET"]}}],"collection":[{"href":"https:\/\/pgvape.com\/pt\/wp-json\/wp\/v2\/product"}],"about":[{"href":"https:\/\/pgvape.com\/pt\/wp-json\/wp\/v2\/types\/product"}],"replies":[{"embeddable":true,"href":"https:\/\/pgvape.com\/pt\/wp-json\/wp\/v2\/comments?post=8943"}],"wp:featuredmedia":[{"embeddable":true,"href":"https:\/\/pgvape.com\/pt\/wp-json\/wp\/v2\/media\/8947"}],"wp:attachment":[{"href":"https:\/\/pgvape.com\/pt\/wp-json\/wp\/v2\/media?parent=8943"}],"wp:term":[{"taxonomy":"product_brand","embeddable":true,"href":"https:\/\/pgvape.com\/pt\/wp-json\/wp\/v2\/product_brand?post=8943"},{"taxonomy":"product_cat","embeddable":true,"href":"https:\/\/pgvape.com\/pt\/wp-json\/wp\/v2\/product_cat?post=8943"},{"taxonomy":"product_tag","embeddable":true,"href":"https:\/\/pgvape.com\/pt\/wp-json\/wp\/v2\/product_tag?post=8943"}],"curies":[{"name":"wp","href":"https:\/\/api.w.org\/{rel}","templated":true}]}}