{"id":893,"date":"2025-09-26T13:16:12","date_gmt":"2025-09-26T13:16:12","guid":{"rendered":"https:\/\/pgvape.com\/?post_type=product&#038;p=893"},"modified":"2026-01-27T09:25:16","modified_gmt":"2026-01-27T09:25:16","slug":"fumot-tornado-20000-20k-puffs-vape-descartavel-edicao-ajustavel-vape-direto-da-fabrica","status":"publish","type":"product","link":"https:\/\/pgvape.com\/pt\/produto\/fumot-tornado-20000-20k-puffs-vape-descartavel-edicao-ajustavel-vape-direto-da-fabrica\/","title":{"rendered":"Fumot Tornado 20000 20K Puffs Vape Descart\u00e1vel Edi\u00e7\u00e3o Ajust\u00e1vel Vape Direto da F\u00e1brica"},"content":{"rendered":"<p><strong data-sourcepos=\"6:5-6:67\">RandM Fumot Tornado 20K sopra Vape descart\u00e1vel com tela inteligente<\/strong> entrega <strong data-sourcepos=\"6:77-6:99\">at\u00e9 20.000 baforadas<\/strong> com um <strong data-sourcepos=\"6:107-6:133\">Capacidade de e-l\u00edquido de 20mL<\/strong> e um <strong data-sourcepos=\"6:141-6:172\">Bateria recarreg\u00e1vel de 850mAh<\/strong>. <strong data-sourcepos=\"6:186-6:204\">bobina de malha dupla<\/strong> para vapor suave e sabor ousado, inclui um <strong data-sourcepos=\"6:253-6:270\">display inteligente<\/strong> para monitoramento em tempo real dos n\u00edveis de \u00f3leo e bateria. <strong data-sourcepos=\"6:328-6:357\">Op\u00e7\u00f5es de nicotina 2%\/3%\/5%<\/strong>, <strong data-sourcepos=\"6:359-6:378\">Carregamento tipo C<\/strong>, e <strong data-sourcepos=\"6:384-6:405\">39 op\u00e7\u00f5es de sabores<\/strong>, este dispositivo combina desempenho, estilo e conveni\u00eancia para uma experi\u00eancia vaping premium.<\/p>\n<p>&nbsp;<\/p>\n<h2><span style=\"font-size: 90%;\"><span dir=\"auto\" style=\"vertical-align: inherit;\"><span dir=\"auto\" style=\"vertical-align: inherit;\">Fumot Tornado 20000 | 20K Puffs Vape Descart\u00e1vel\u00a0<\/span><\/span><\/span>Especifica\u00e7\u00e3o do produto<\/h2>\n<p><strong data-sourcepos=\"11:3-11:25\">For\u00e7a da Nicotina:<\/strong>\u00a0<strong data-sourcepos=\"11:26-11:42\">2% \/ 3% \/ 5%<\/strong>\u00a0(Op\u00e7\u00f5es flex\u00edveis para todas as prefer\u00eancias)<\/p>\n<p><strong data-sourcepos=\"12:3-12:18\">Contagem de sopros:<\/strong>\u00a0<strong data-sourcepos=\"12:19-12:41\">At\u00e9 20.000 baforadas<\/strong>\u00a0(Uso prolongado, menos substitui\u00e7\u00f5es)<\/p>\n<p><strong data-sourcepos=\"13:3-13:25\">Capacidade de e-l\u00edquido:<\/strong>\u00a0<strong data-sourcepos=\"13:26-13:34\">20mL<\/strong>\u00a0(Sess\u00f5es de longa dura\u00e7\u00e3o)<\/p>\n<p><strong data-sourcepos=\"14:3-14:24\">Capacidade da bateria:<\/strong>\u00a0<strong data-sourcepos=\"14:25-14:48\">850mAh recarreg\u00e1vel<\/strong>\u00a0(Poder o dia todo)<\/p>\n<p><strong data-sourcepos=\"15:3-15:17\">Tipo de bobina:<\/strong>\u00a0<strong data-sourcepos=\"15:18-15:36\">Bobina de malha dupla<\/strong>\u00a0(Sabor rico e vapor denso)<\/p>\n<p><strong data-sourcepos=\"16:3-16:15\">Mostrar:<\/strong>\u00a0<strong data-sourcepos=\"16:16-16:62\">Tela inteligente com indicadores de \u00f3leo e bateria<\/strong>\u00a0(Rastreamento em tempo real)<\/p>\n<p><strong data-sourcepos=\"17:3-17:21\">Porta de carregamento:<\/strong>\u00a0<strong data-sourcepos=\"17:22-17:32\">Tipo-C<\/strong>\u00a0(Carregamento r\u00e1pido e moderno)<\/p>\n<p><strong data-sourcepos=\"18:3-18:22\">Op\u00e7\u00f5es de sabores:<\/strong>\u00a0<strong data-sourcepos=\"18:23-18:39\">39 variedades<\/strong>\u00a0(De misturas frutadas a geladas)<\/p>\n<p>&nbsp;<\/p>\n<h3><span style=\"font-size: 90%;\"><span dir=\"auto\" style=\"vertical-align: inherit;\">Fumot Tornado 20000 | 20K Puffs Vape Descart\u00e1vel<\/span> Lista de sabores<\/span><\/h3>\n<p>1. Doce duro de framboesa e mirtilo<\/p>\n<p>2. Razz Azul<\/p>\n<p>3. Kiwi de morango<\/p>\n<p>4.P\u00eassego Abacaxi Laranja<\/p>\n<p>5. Skittles<\/p>\n<p>6. Melancia Manga P\u00eassego<\/p>\n<p>7. Sorvete de Morango<\/p>\n<p>8. Gelo de p\u00eara<\/p>\n<p>9. Algod\u00e3o Doce<\/p>\n<p>10. Feij\u00f5es de gel\u00e9ia<\/p>\n<p>11. Limonada de Pepino<\/p>\n<p>12.Pina Colada<\/p>\n<p>13.Huckleberry<\/p>\n<p>14. Gelo de melancia<\/p>\n<p>15. Melancia Morango<\/p>\n<p>16. Baga Mista<\/p>\n<p>17.Lichia Hami Mel\u00e3o<\/p>\n<p>18.Cereja Lim\u00e3o<\/p>\n<p>19. Abacaxi Lim\u00e3o Ma\u00e7\u00e3 Verde<\/p>\n<p>20. Bolo De Banana<\/p>\n<p>21.Sr. Azul<\/p>\n<p>22.Cereja<\/p>\n<p>23. Mirtilo Framboesa<\/p>\n<p>24.Cherry Cola<\/p>\n<p>25. Kiwi Maracuj\u00e1 Goiaba<\/p>\n<p>26.Gelado de Morango<\/p>\n<p>27. Morango Framboesa Cereja Gelado<\/p>\n<p>28.Cherry Berry<\/p>\n<p>29. Mirtilo Framboesa Azeda<\/p>\n<p>30.P\u00eassego<\/p>\n<p>31. Ursinho de goma Blue Razz<\/p>\n<p>32.Monte Fresco<\/p>\n<p>33.Blueberry No Gelo<\/p>\n<p>34.Cactus Gelo<\/p>\n<p>35.Lim\u00e3o Uva Vermelha<\/p>\n<p>36.Cola Lim\u00e3o<\/p>\n<p>37.Ma\u00e7\u00e3 Groselha Preta<\/p>\n<p>38.Cacto Kiwi<\/p>\n<p>39.Cola Gelateria<\/p>\n<p>&nbsp;<\/p>\n<p>&nbsp;<\/p>\n<h2><span style=\"font-size: 90%;\"><span dir=\"auto\" style=\"vertical-align: inherit;\">Fumot Tornado 20000 | 20K Puffs Vape Descart\u00e1vel <\/span><\/span><strong>V\u00eddeo:<br \/>\n<\/strong><\/h2>\n<p><iframe loading=\"lazy\" title=\"Fumot Tornado 20000 | 20K Puffs Vape descart\u00e1vel | 39 sabores para | Edi\u00e7\u00e3o ajust\u00e1vel pgvape\" width=\"563\" height=\"1000\" src=\"https:\/\/www.youtube.com\/embed\/qYKVLSTt0JY?feature=oembed\" frameborder=\"0\" allow=\"accelerometer; autoplay; clipboard-write; encrypted-media; gyroscope; picture-in-picture; web-share\" referrerpolicy=\"strict-origin-when-cross-origin\" allowfullscreen><\/iframe><\/p>\n<p>&nbsp;<\/p>\n<h2 class=\"header-vfC6AV auto-hide-last-sibling-br\">Perguntas frequentes sobre <span style=\"font-size: 90%;\"><span dir=\"auto\" style=\"vertical-align: inherit;\">Fumot Tornado 20000 | 20K Puffs Vape Descart\u00e1vel<\/span><\/span><\/h2>\n<p data-sourcepos=\"66:1-67:109\">\u2753 <strong data-sourcepos=\"66:3-66:52\">O que faz o RandM Fumot Tornado se destacar?<\/strong><br \/>\n\u2705 \u00c9 <strong data-sourcepos=\"67:7-67:31\">exibi\u00e7\u00e3o de tela inteligente<\/strong> mostra em tempo real <strong data-sourcepos=\"67:48-67:74\">n\u00edveis de \u00f3leo e bateria<\/strong>, oferecendo conveni\u00eancia incompar\u00e1vel.<\/p>\n<p data-sourcepos=\"69:1-70:85\">\u2753 <strong data-sourcepos=\"69:3-69:38\">Quantas baforadas ele fornece?<\/strong><br \/>\n\u2705 <strong data-sourcepos=\"70:3-70:25\">At\u00e9 20.000 baforadas<\/strong>\u2014ideal para vaporiza\u00e7\u00e3o de longo prazo sem substitui\u00e7\u00f5es frequentes.<\/p>\n<p data-sourcepos=\"72:1-73:91\">\u2753 <strong data-sourcepos=\"72:3-72:54\">Suporta diferentes prefer\u00eancias de nicotina?<br \/>\n<\/strong> \u2705 Sim, com <strong data-sourcepos=\"73:13-73:19\">2%<\/strong>, <strong data-sourcepos=\"73:21-73:27\">3%<\/strong>, e <strong data-sourcepos=\"73:33-73:39\">5%<\/strong> op\u00e7\u00f5es de nicotina para golpes leves a fortes na garganta.<\/p>\n<p data-sourcepos=\"75:1-76:88\">\u2753 <strong data-sourcepos=\"75:3-75:44\">O sabor e a qualidade do vapor s\u00e3o bons?<\/strong><br \/>\n\u2705 Com certeza! <strong data-sourcepos=\"76:19-76:37\">bobina de malha dupla<\/strong> garante <strong data-sourcepos=\"76:46-76:62\">vapor suave<\/strong> e <strong data-sourcepos=\"76:67-76:85\">sabor intenso<\/strong>.<\/p>\n<p data-sourcepos=\"78:1-79:77\">\u2753 <strong data-sourcepos=\"78:3-78:35\">A bateria \u00e9 recarreg\u00e1vel?<\/strong><br \/>\n\u2705 Sim, um <strong data-sourcepos=\"79:11-79:29\">Bateria de 850mAh<\/strong> com <strong data-sourcepos=\"79:35-79:54\">Carregamento tipo C<\/strong> para power-ups r\u00e1pidos.<\/p>\n<p data-sourcepos=\"81:1-82:69\">\u2753 <strong data-sourcepos=\"81:3-81:38\">Quanto e-l\u00edquido ele cont\u00e9m?<\/strong><br \/>\n\u2705UMA <strong data-sourcepos=\"82:5-82:18\">Tanque de 20mL<\/strong> minimiza recargas e maximiza as sess\u00f5es de vaporiza\u00e7\u00e3o.<\/p>\n<p data-sourcepos=\"84:1-85:69\">\u2753 <strong data-sourcepos=\"84:3-84:37\">Existem muitas op\u00e7\u00f5es de sabores?<\/strong><br \/>\n\u2705 <strong data-sourcepos=\"85:3-85:24\">39 sabores \u00fanicos<\/strong>, do frutado ao gelado, para todos os gostos.<\/p>\n<p>&nbsp;<\/p>\n<h3 id=\"brxe-najhln\" class=\"brxe-heading\">Perguntas frequentes (FAQ)<\/h3>\n<div id=\"brxe-rajiac\" class=\"brxe-text\">\n<p><strong>P: Quais m\u00e9todos de pagamento voc\u00ea aceita?<\/strong><br \/>\nR: Aceitamos PayPal, Stripe, transfer\u00eancias banc\u00e1rias (com suporte SEPA), os principais cart\u00f5es de cr\u00e9dito (Visa, MasterCard, American Express) e pagamentos em criptomoedas.<\/p>\n<p><strong>P: Quanto tempo leva a prepara\u00e7\u00e3o do pedido?<\/strong><br \/>\nR: A prepara\u00e7\u00e3o do pedido leva de 1 a 3 dias \u00fateis.<\/p>\n<p><strong>P: Qual \u00e9 o tempo de envio?<\/strong><br \/>\nR: O tempo de envio \u00e9 de 7 a 14 dias \u00fateis, dependendo da sua localiza\u00e7\u00e3o.<\/p>\n<p><strong>P: Como posso rastrear meu pedido?<\/strong><br \/>\nR: Ap\u00f3s o envio, voc\u00ea receber\u00e1 um e-mail de confirma\u00e7\u00e3o com um n\u00famero de rastreamento para rastreamento em tempo real.<\/p>\n<p><strong>P: Qual \u00e9 a sua pol\u00edtica de devolu\u00e7\u00e3o?<\/strong><br \/>\nR: Oferecemos uma pol\u00edtica de devolu\u00e7\u00e3o de 30 dias para reembolsos ou trocas. .<\/p>\n<p><strong>P: Haver\u00e1 algum problema alfandeg\u00e1rio?<br \/>\n<\/strong>Lidamos com todos os procedimentos de desembara\u00e7o aduaneiro para garantir uma experi\u00eancia descomplicada para voc\u00ea. .<\/p>\n<p><strong>P: Quais m\u00e9todos de envio s\u00e3o usados?<\/strong><br \/>\nCooperamos com UPS\/DHL\/FEDEX\/DPD, etc. Escolheremos a op\u00e7\u00e3o de envio apropriada dependendo do pa\u00eds de entrega para garantir que voc\u00ea receba seus produtos o mais r\u00e1pido poss\u00edvel.<\/p>\n<p><a href=\"https:\/\/pgvape.com\/pt\/perguntas-frequentes\/\">Clique aqui para mais perguntas frequentes<\/a><\/p>\n<p>Prezados clientes, Se voc\u00ea tiver alguma d\u00favida sobre seu pedido ou a chegada de mercadorias, entre em contato com nosso atendimento ao cliente. Obrigado!<\/p>\n<h3 data-sourcepos=\"73:1-73:21\"><strong data-sourcepos=\"73:7-73:21\">Contate-nos<\/strong><\/h3>\n<div id=\"text-2419739398\" class=\"text\">\n<p><strong data-sourcepos=\"75:3-75:12\">E-mail<\/strong>:\u00a0<a href=\"mailto:support@pgvape.com\"><strong>support@pgvape.com<\/strong><\/a><\/p>\n<p><strong data-sourcepos=\"76:3-76:15\">WhatsApp<\/strong>: <a href=\"https:\/\/wa.me\/+8618128481258\"><strong>+86 18128481258<\/strong><\/a><br \/>\n<strong>(Resposta em at\u00e9 24 horas em dias \u00fateis)<\/strong><\/p>\n<\/div>\n<h3><strong>Obrigado por escolher pgvape.com! .<\/strong><\/h3>\n<\/div>","protected":false},"excerpt":{"rendered":"<p><strong data-sourcepos=\"90:5-90:38\">RandM Fumot Tornado 20K Puffs<\/strong> combina um <strong data-sourcepos=\"90:50-90:76\">Capacidade de e-l\u00edquido de 20mL<\/strong>, <strong data-sourcepos=\"90:78-90:96\">Bateria de 850mAh<\/strong>, e <strong data-sourcepos=\"90:102-90:120\">bobina de malha dupla<\/strong> para um desempenho poderoso. <strong data-sourcepos=\"90:151-90:167\">tela inteligente<\/strong> rastreia os n\u00edveis de \u00f3leo e bateria, enquanto <strong data-sourcepos=\"90:205-90:219\">39 sabores<\/strong> e <strong data-sourcepos=\"90:224-90:243\">Carregamento tipo C<\/strong> torne-o um vape descart\u00e1vel de primeira linha.<\/p>","protected":false},"featured_media":947,"comment_status":"open","ping_status":"closed","template":"","meta":{"_seopress_robots_primary_cat":"none","_seopress_titles_title":"%%post_title%% %%sep%% %%sitetitle%%","_seopress_titles_desc":"","_seopress_robots_index":""},"product_brand":[516,162],"product_cat":[84,515,26],"product_tag":[87,88,89,93,91,92,90,86],"class_list":{"0":"post-893","1":"product","2":"type-product","3":"status-publish","4":"has-post-thumbnail","6":"product_brand-disposable-vape","7":"product_brand-fumot-vape","8":"product_cat-20k-puffs-vape","9":"product_cat-disposable-vape","10":"product_cat-fumot-vape","11":"product_tag-87","12":"product_tag-20k-puffs","13":"product_tag-20k-vape","14":"product_tag-20ml-capacity","15":"product_tag-39-flavors-for","16":"product_tag-adjustable-edition","17":"product_tag-disposable-vape","18":"product_tag-fumot-tornado","20":"first","21":"instock","22":"sale","23":"shipping-taxable","24":"purchasable","25":"product-type-variable"},"_links":{"self":[{"href":"https:\/\/pgvape.com\/pt\/wp-json\/wp\/v2\/product\/893","targetHints":{"allow":["GET"]}}],"collection":[{"href":"https:\/\/pgvape.com\/pt\/wp-json\/wp\/v2\/product"}],"about":[{"href":"https:\/\/pgvape.com\/pt\/wp-json\/wp\/v2\/types\/product"}],"replies":[{"embeddable":true,"href":"https:\/\/pgvape.com\/pt\/wp-json\/wp\/v2\/comments?post=893"}],"wp:featuredmedia":[{"embeddable":true,"href":"https:\/\/pgvape.com\/pt\/wp-json\/wp\/v2\/media\/947"}],"wp:attachment":[{"href":"https:\/\/pgvape.com\/pt\/wp-json\/wp\/v2\/media?parent=893"}],"wp:term":[{"taxonomy":"product_brand","embeddable":true,"href":"https:\/\/pgvape.com\/pt\/wp-json\/wp\/v2\/product_brand?post=893"},{"taxonomy":"product_cat","embeddable":true,"href":"https:\/\/pgvape.com\/pt\/wp-json\/wp\/v2\/product_cat?post=893"},{"taxonomy":"product_tag","embeddable":true,"href":"https:\/\/pgvape.com\/pt\/wp-json\/wp\/v2\/product_tag?post=893"}],"curies":[{"name":"wp","href":"https:\/\/api.w.org\/{rel}","templated":true}]}}