{"id":8832,"date":"2026-01-29T07:54:13","date_gmt":"2026-01-29T07:54:13","guid":{"rendered":"https:\/\/pgvape.com\/?post_type=product&#038;p=8832"},"modified":"2026-04-09T14:46:15","modified_gmt":"2026-04-09T14:46:15","slug":"solaris-tequila-don-leon1942-30000-30k-puffs-vape-descartavel-2nicotina-10gosto-bateria-display-vape-fabrica-atacado","status":"publish","type":"product","link":"https:\/\/pgvape.com\/pt\/produto\/solaris-tequila-don-leon1942-30000-30k-puffs-vape-descartavel-2nicotina-10gosto-bateria-display-vape-fabrica-atacado\/","title":{"rendered":"Solaris Tequila Don Leon1942 30000 30K Puffs Vape Descart\u00e1vel 2%Nicotina 10Taste\u00a0Bateria Display Vape F\u00e1brica Atacado"},"content":{"rendered":"<p><strong>Solaris Tequila Don Le\u00f3n 1942<\/strong> derrama <strong>30.000 baforadas<\/strong> <strong>Vape descart\u00e1vel<\/strong> <strong data-sourcepos=\"6:6-6:53\">Design de luxo encontra vaporiza\u00e7\u00e3o de alto desempenho <\/strong>Inspired by the <strong data-sourcepos=\"7:17-7:47\">Garrafa ic\u00f4nica de tequila de 1942<\/strong>, esse <strong data-sourcepos=\"7:54-7:81\">Premium Disposable Vape<\/strong> entrega <strong data-sourcepos=\"7:91-7:120\">30.000 baforadas ultra-suaves<\/strong> com <strong data-sourcepos=\"7:126-7:154\">24mL Pre-Filled E-Liquid<\/strong> e um <strong data-sourcepos=\"7:161-7:192\">Bateria recarreg\u00e1vel 650mAh<\/strong>. <strong data-sourcepos=\"7:198-7:216\">1.2\u03a9 Mesh Coil<\/strong> garante <strong data-sourcepos=\"7:225-7:240\">Sabor rico<\/strong> e <strong data-sourcepos=\"7:245-7:260\">Vapor denso<\/strong>, enquanto o <strong data-sourcepos=\"7:272-7:296\">Carregamento r\u00e1pido tipo C<\/strong> minimiza o tempo de inatividade. Perfeito para <strong data-sourcepos=\"7:329-7:358\">Varejistas e atacadistas<\/strong>, combina <strong data-sourcepos=\"7:372-7:395\">Striking Aesthetics<\/strong> com <strong data-sourcepos=\"7:401-7:425\">Reliable Performance<\/strong>.<\/p>\n<p>&nbsp;<\/p>\n<h2><span style=\"font-size: 90%;\">Solaris Tequila Don Leon1942 30000 30K Puffs Disposable Vape Specifications\uff1a<\/span><\/h2>\n<p><strong data-sourcepos=\"12:3-12:24\">For\u00e7a da Nicotina<\/strong>:\u00a0<strong data-sourcepos=\"12:26-12:32\">2%<\/strong>\u00a0(Golpe Equilibrado na Garganta)<\/p>\n<p><strong data-sourcepos=\"13:3-13:17\">Contagem de sopros<\/strong>:\u00a0<strong data-sourcepos=\"13:19-13:35\">30.000 baforadas<\/strong>\u00a0(Extended Use)<\/p>\n<p><strong data-sourcepos=\"14:3-14:24\">Capacidade de E-L\u00edquido<\/strong>:\u00a0<strong data-sourcepos=\"14:26-14:34\">24mL<\/strong>\u00a0(Pre-Filled)<\/p>\n<p><strong data-sourcepos=\"15:3-15:11\">Bobina<\/strong>:\u00a0<strong data-sourcepos=\"15:13-15:31\">1.2\u03a9 Mesh Coil<\/strong>\u00a0(Sabor e Vapor Otimizados)<\/p>\n<p><strong data-sourcepos=\"16:3-16:14\">Bateria<\/strong>:\u00a0<strong data-sourcepos=\"16:16-16:39\">650mAh recarreg\u00e1vel<\/strong>\u00a0(Carregamento tipo C)<\/p>\n<p><strong data-sourcepos=\"17:3-17:13\">Projeto<\/strong>:\u00a0<strong data-sourcepos=\"17:15-17:47\">Inspirada na garrafa de tequila de 1942<\/strong>\u00a0+\u00a0<strong data-sourcepos=\"17:50-17:69\">Visor de bateria<\/strong><\/p>\n<p><strong data-sourcepos=\"18:3-18:16\">Embalagem<\/strong>:\u00a0<strong data-sourcepos=\"18:18-18:36\">10 dispositivos\/caixa<\/strong>\u00a0(Pronto para atacado)<\/p>\n<p>&nbsp;<\/p>\n<h3><span style=\"font-size: 90%;\">Solaris Tequila Don Leon1942 30000 30K Puffs Lista de sabores de vapor descart\u00e1veis:<\/span><\/h3>\n<p><strong>1. Gelo de melancia<\/strong><\/p>\n<p><strong>2. Kiwi de morango<\/strong><\/p>\n<p><strong>3. P\u00eassego suculento<\/strong><\/p>\n<p><strong>4. Melancia Morango<\/strong><\/p>\n<p><strong>5. Champanhe P\u00eassego Vermelho<\/strong><\/p>\n<p><strong>6. Razz Azul<\/strong><\/p>\n<p><strong>7. Gelo de mirtilo<\/strong><\/p>\n<p><strong>8. Bagas Mistas<\/strong><\/p>\n<p><strong>9. Manga de Maracuj\u00e1<\/strong><\/p>\n<p><strong>10. Fruta do Drag\u00e3o Cereja<img loading=\"lazy\" decoding=\"async\" class=\"alignnone wp-image-8858 size-full\" src=\"https:\/\/pgvape.com\/wp-content\/uploads\/2026\/01\/Solaris-Tequila-Don-Leon1942-30000-Puffs-Disposable-Vape-2-Nicotine-10Taste-Vape-Factory-Wholesale-14.png\" alt=\"\" width=\"1692\" height=\"1800\" srcset=\"https:\/\/pgvape.com\/wp-content\/uploads\/2026\/01\/Solaris-Tequila-Don-Leon1942-30000-Puffs-Disposable-Vape-2-Nicotine-10Taste-Vape-Factory-Wholesale-14.png 1692w, https:\/\/pgvape.com\/wp-content\/uploads\/2026\/01\/Solaris-Tequila-Don-Leon1942-30000-Puffs-Disposable-Vape-2-Nicotine-10Taste-Vape-Factory-Wholesale-14-338x360.png 338w, https:\/\/pgvape.com\/wp-content\/uploads\/2026\/01\/Solaris-Tequila-Don-Leon1942-30000-Puffs-Disposable-Vape-2-Nicotine-10Taste-Vape-Factory-Wholesale-14-595x633.png 595w, https:\/\/pgvape.com\/wp-content\/uploads\/2026\/01\/Solaris-Tequila-Don-Leon1942-30000-Puffs-Disposable-Vape-2-Nicotine-10Taste-Vape-Factory-Wholesale-14-376x400.png 376w, https:\/\/pgvape.com\/wp-content\/uploads\/2026\/01\/Solaris-Tequila-Don-Leon1942-30000-Puffs-Disposable-Vape-2-Nicotine-10Taste-Vape-Factory-Wholesale-14-768x817.png 768w, https:\/\/pgvape.com\/wp-content\/uploads\/2026\/01\/Solaris-Tequila-Don-Leon1942-30000-Puffs-Disposable-Vape-2-Nicotine-10Taste-Vape-Factory-Wholesale-14-1444x1536.png 1444w, https:\/\/pgvape.com\/wp-content\/uploads\/2026\/01\/Solaris-Tequila-Don-Leon1942-30000-Puffs-Disposable-Vape-2-Nicotine-10Taste-Vape-Factory-Wholesale-14-11x12.png 11w, https:\/\/pgvape.com\/wp-content\/uploads\/2026\/01\/Solaris-Tequila-Don-Leon1942-30000-Puffs-Disposable-Vape-2-Nicotine-10Taste-Vape-Factory-Wholesale-14-600x638.png 600w\" sizes=\"auto, (max-width: 1692px) 100vw, 1692px\" \/><\/strong><\/p>\n<p>&nbsp;<\/p>\n<h3><span style=\"font-size: 90%;\">V\u00eddeo Vape descart\u00e1vel Solaris Tequila Don Leon1942 30000 30K Puffs<\/span><\/h3>\n<div style=\"width: 1008px;\" class=\"wp-video\"><video class=\"wp-video-shortcode\" id=\"video-8832-1\" width=\"1008\" height=\"720\" preload=\"metadata\" controls=\"controls\"><source type=\"video\/mp4\" src=\"https:\/\/pgvape.com\/wp-content\/uploads\/2026\/01\/Solaris-Champagne-30000-30k-Puffs-Disposable-Vape-2-Nicotine-10Tastes-Vape-Factory-Wholesale-Video.mp4?_=1\" \/><a href=\"https:\/\/pgvape.com\/wp-content\/uploads\/2026\/01\/Solaris-Champagne-30000-30k-Puffs-Disposable-Vape-2-Nicotine-10Tastes-Vape-Factory-Wholesale-Video.mp4\">https:\/\/pgvape.com\/wp-content\/uploads\/2026\/01\/Solaris-Champagne-30000-30k-Puffs-Disposable-Vape-2-Nicotine-10Tastes-Vape-Factory-Wholesale-Video.mp4<\/a><\/video><\/div>\n<p>&nbsp;<\/p>\n<h2><span style=\"font-size: 90%;\">Perguntas frequentes sobre Solaris Tequila Don Leon1942 30000 30K Puffs Vape descart\u00e1vel\u00a0<\/span><\/h2>\n<p>\u2753 <strong>O que o torna \u00fanico?<\/strong><br \/>\n\u2705 <strong>Design de garrafa de tequila de 1942<\/strong> \u2013 apar\u00eancia luxuosa, toque premium, apelo instant\u00e2neo nas prateleiras.<\/p>\n<p>\u2753 <strong>Quantas baforadas por dispositivo?<\/strong><br \/>\n\u2705 Classifica\u00e7\u00e3o de f\u00e1brica <strong>30.000 baforadas<\/strong> \u2013 semanas de divers\u00e3o di\u00e1ria.<\/p>\n<p>\u2753 <strong>\u00c9 recarreg\u00e1vel?<\/strong><br \/>\n\u2705 <strong>650mAh<\/strong> bateria + <strong>Tipo-C<\/strong> port; carga completa em aproximadamente 30 min.<\/p>\n<p>\u2753 <strong>Qual bobina est\u00e1 dentro?<\/strong><br \/>\n\u2705 <strong>Bobina de malha de 1,2 \u03a9<\/strong> \u2013 vapor suave, maior clareza de sabor.<\/p>\n<p>\u2753 <strong>Como verifico o status da bateria?<\/strong><br \/>\n\u2705 <strong>Visor de bateria integrado<\/strong> mostra o n\u00edvel de pot\u00eancia rapidamente.<\/p>\n<p>\u2753 <strong>Que concentra\u00e7\u00e3o de nicotina est\u00e1 dispon\u00edvel?<\/strong><br \/>\n\u2705 <strong>2 %<\/strong> \u2013 golpe de garganta suave e equilibrado para usu\u00e1rios di\u00e1rios.<\/p>\n<p>\u2753 <strong>Embalagem pronta para varejo?<\/strong><br \/>\n\u2705 <strong>10 unidades\/caixa<\/strong> \u2013 ideal for luxury displays or bulk orders.<\/p>\n<p>&nbsp;<\/p>\n<h3 id=\"brxe-najhln\" class=\"brxe-heading\">Perguntas frequentes (FAQ)<\/h3>\n<div id=\"brxe-rajiac\" class=\"brxe-text\">\n<p><strong>P: Quais m\u00e9todos de pagamento voc\u00ea aceita?<\/strong><br \/>\nR: Aceitamos PayPal, Stripe, transfer\u00eancias banc\u00e1rias (com suporte SEPA), os principais cart\u00f5es de cr\u00e9dito (Visa, MasterCard, American Express) e pagamentos em criptomoedas.<\/p>\n<p><strong>P: Quanto tempo leva a prepara\u00e7\u00e3o do pedido?<\/strong><br \/>\nR: A prepara\u00e7\u00e3o do pedido leva de 1 a 3 dias \u00fateis.<\/p>\n<p><strong>P: Qual \u00e9 o tempo de envio?<\/strong><br \/>\nR: O tempo de envio \u00e9 de 7 a 14 dias \u00fateis, dependendo da sua localiza\u00e7\u00e3o. As mercadorias enviadas de armaz\u00e9ns europeus normalmente levam de 3 a 6 dias \u00fateis para serem entregues.<\/p>\n<p><strong>P: Como posso rastrear meu pedido?<\/strong><br \/>\nR: Ap\u00f3s o envio, voc\u00ea receber\u00e1 um e-mail de confirma\u00e7\u00e3o com um n\u00famero de rastreamento para rastreamento em tempo real.<\/p>\n<p><strong>P: Qual \u00e9 a sua pol\u00edtica de devolu\u00e7\u00e3o?<\/strong><br \/>\nR: Oferecemos uma pol\u00edtica de devolu\u00e7\u00e3o de 30 dias para reembolsos ou trocas. .<\/p>\n<p><strong>P: Haver\u00e1 algum problema alfandeg\u00e1rio?<br \/>\n<\/strong>Lidamos com todos os procedimentos de desembara\u00e7o aduaneiro para garantir uma experi\u00eancia descomplicada para voc\u00ea. .<\/p>\n<p><strong>P: Quais m\u00e9todos de envio s\u00e3o usados?<\/strong><br \/>\nCooperamos com UPS\/DHL\/FEDEX\/DPD, etc. Escolheremos a op\u00e7\u00e3o de envio apropriada dependendo do pa\u00eds de entrega para garantir que voc\u00ea receba seus produtos o mais r\u00e1pido poss\u00edvel.<\/p>\n<p><a href=\"https:\/\/pgvape.com\/pt\/perguntas-frequentes\/\">Clique aqui para mais perguntas frequentes<\/a><\/p>\n<p>Prezados clientes, Se voc\u00ea tiver alguma d\u00favida sobre seu pedido ou a chegada de mercadorias, entre em contato com nosso atendimento ao cliente. Obrigado!<\/p>\n<h3 data-sourcepos=\"73:1-73:21\"><strong data-sourcepos=\"73:7-73:21\">Contate-nos<\/strong><\/h3>\n<div id=\"text-2419739398\" class=\"text\">\n<p><strong data-sourcepos=\"75:3-75:12\">E-mail<\/strong>:\u00a0<a href=\"mailto:support@pgvape.com\"><strong>support@pgvape.com<\/strong><\/a><\/p>\n<p><strong data-sourcepos=\"76:3-76:15\">WhatsApp<\/strong>:\u00a0<a href=\"https:\/\/wa.me\/+8618128481258\"><strong>+86 18128481258<\/strong><\/a><br \/>\n<strong>(Resposta em at\u00e9 24 horas em dias \u00fateis)<\/strong><\/p>\n<\/div>\n<h3><strong>Obrigado por escolher pgvape.com! .<\/strong><\/h3>\n<\/div>","protected":false},"excerpt":{"rendered":"<p><strong data-sourcepos=\"55:1-55:247\">Solaris Tequila Don Leon 1942 30K: Um Vape descart\u00e1vel de luxo com 30.000 baforadas, 24mL de E-Liquid e 1.2\u03a9 Mesh Coil. Apresenta design de garrafa de tequila, display de bateria e 10 sabores refrescantes para vaporiza\u00e7\u00e3o premium<\/strong><\/p>","protected":false},"featured_media":8835,"comment_status":"open","ping_status":"closed","template":"","meta":{"_seopress_robots_primary_cat":"none","_seopress_titles_title":"","_seopress_titles_desc":"","_seopress_robots_index":""},"product_brand":[516,513],"product_cat":[35,515,512],"product_tag":[566,349,90,59,565],"class_list":{"0":"post-8832","1":"product","2":"type-product","3":"status-publish","4":"has-post-thumbnail","6":"product_brand-disposable-vape","7":"product_brand-solaris-champagne-vape","8":"product_cat-30k-puffs-vape","9":"product_cat-disposable-vape","10":"product_cat-solaris-champagne-vape","11":"product_tag-1942-tequila-bottle-inspired","12":"product_tag-30k-puffs-vape","13":"product_tag-disposable-vape","14":"product_tag-mouth-to-lung-mtl","15":"product_tag-solaris-tequila-don-leon1942","17":"first","18":"instock","19":"sale","20":"shipping-taxable","21":"purchasable","22":"product-type-variable"},"_links":{"self":[{"href":"https:\/\/pgvape.com\/pt\/wp-json\/wp\/v2\/product\/8832","targetHints":{"allow":["GET"]}}],"collection":[{"href":"https:\/\/pgvape.com\/pt\/wp-json\/wp\/v2\/product"}],"about":[{"href":"https:\/\/pgvape.com\/pt\/wp-json\/wp\/v2\/types\/product"}],"replies":[{"embeddable":true,"href":"https:\/\/pgvape.com\/pt\/wp-json\/wp\/v2\/comments?post=8832"}],"wp:featuredmedia":[{"embeddable":true,"href":"https:\/\/pgvape.com\/pt\/wp-json\/wp\/v2\/media\/8835"}],"wp:attachment":[{"href":"https:\/\/pgvape.com\/pt\/wp-json\/wp\/v2\/media?parent=8832"}],"wp:term":[{"taxonomy":"product_brand","embeddable":true,"href":"https:\/\/pgvape.com\/pt\/wp-json\/wp\/v2\/product_brand?post=8832"},{"taxonomy":"product_cat","embeddable":true,"href":"https:\/\/pgvape.com\/pt\/wp-json\/wp\/v2\/product_cat?post=8832"},{"taxonomy":"product_tag","embeddable":true,"href":"https:\/\/pgvape.com\/pt\/wp-json\/wp\/v2\/product_tag?post=8832"}],"curies":[{"name":"wp","href":"https:\/\/api.w.org\/{rel}","templated":true}]}}