{"id":8695,"date":"2026-01-26T09:22:26","date_gmt":"2026-01-26T09:22:26","guid":{"rendered":"https:\/\/pgvape.com\/?post_type=product&#038;p=8695"},"modified":"2026-03-15T14:05:19","modified_gmt":"2026-03-15T14:05:19","slug":"airmez-lux-60000-60k-puffs-vape-descartavel-0-2-3-5-fluxo-de-ar-ajustavel-de-nicotina-10-gosto-tela-inteligente-vape-fabrica-atacado","status":"publish","type":"product","link":"https:\/\/pgvape.com\/pt\/produto\/airmez-lux-60000-60k-puffs-vape-descartavel-0-2-3-5-fluxo-de-ar-ajustavel-de-nicotina-10-gosto-tela-inteligente-vape-fabrica-atacado\/","title":{"rendered":"Airmez lux 60000 60k Puffs Vape Descart\u00e1vel 0% 2% 3% 5%Nicotina Fluxo de Ar Ajust\u00e1vel 10Taste Tela Inteligente Vape F\u00e1brica Atacado"},"content":{"rendered":"<p><strong data-sourcepos=\"4:5-4:25\">AIRMEZ LUX 60000<\/strong> redefine a vaporiza\u00e7\u00e3o descart\u00e1vel com seu <strong data-sourcepos=\"4:63-4:93\">design de cristal transparente<\/strong>, permitindo que os usu\u00e1rios <strong data-sourcepos=\"4:113-4:149\">monitorar visualmente os n\u00edveis de e-l\u00edquido<\/strong>\u2014um recurso mais intuitivo do que as exibi\u00e7\u00f5es de tela tradicionais. <strong data-sourcepos=\"4:224-4:253\">60.000 baforadas ultra-suaves<\/strong>, combina um <strong data-sourcepos=\"4:269-4:295\">Capacidade de e-l\u00edquido de 30mL<\/strong> com um <strong data-sourcepos=\"4:303-4:334\">Bateria recarreg\u00e1vel de 650mAh<\/strong> e <strong data-sourcepos=\"4:339-4:363\">Carregamento r\u00e1pido tipo C<\/strong>, garantindo <strong data-sourcepos=\"4:374-4:404\">semanas de uso ininterrupto<\/strong>. <strong data-sourcepos=\"4:410-4:434\">bobinas duplas da malha 1.0\u03a9<\/strong> entregar <strong data-sourcepos=\"4:443-4:458\">sabor rico<\/strong> e <strong data-sourcepos=\"4:463-4:478\">vapor denso<\/strong>, enquanto o <strong data-sourcepos=\"4:490-4:512\">fluxo de ar ajust\u00e1vel<\/strong> atende \u00e0s prefer\u00eancias MTL e RDL.<\/p>\n<p>&nbsp;<\/p>\n<h2><span style=\"font-size: 90%;\">Airmez lux 60000 60k Puffs Especifica\u00e7\u00e3o de Vape descart\u00e1vel<\/span><\/h2>\n<p><strong data-sourcepos=\"9:3-9:17\">Contagem de sopros<\/strong>: 60.000 baforadas (longevidade l\u00edder do setor)<\/p>\n<p><strong data-sourcepos=\"10:3-10:15\">E-l\u00edquido<\/strong>: 30mL pr\u00e9-cheio (suporta recarga para uso prolongado)<\/p>\n<p><strong data-sourcepos=\"11:3-11:15\">Nicotina<\/strong>: Op\u00e7\u00f5es 0%\/2%\/3%\/5% (adequadas para todos os usu\u00e1rios)<\/p>\n<p><strong data-sourcepos=\"12:3-12:14\">Bateria<\/strong>: 650mAh recarreg\u00e1vel (carregamento tipo C em ~45-60 minutos)<\/p>\n<p><strong data-sourcepos=\"13:3-13:11\">Bobina<\/strong>: Bobinas duplas de malha de 1,0\u03a9 (zero golpes secos, sabor consistente)<\/p>\n<p><strong data-sourcepos=\"14:3-14:14\">Mostrar<\/strong>: Tela inteligente (monitoramento de bateria e e-l\u00edquido em tempo real)<\/p>\n<p><strong data-sourcepos=\"15:3-15:13\">Projeto<\/strong>: Tampa superior transparente + corpo arredondado ergon\u00f4mico (110g)<\/p>\n<p><strong data-sourcepos=\"16:3-16:16\">Embalagem<\/strong>: 10 unidades\/caixa, 200 unidades\/ctn (peso bruto de 22,5 kg)<\/p>\n<p>&nbsp;<\/p>\n<h3><span style=\"font-size: 90%;\">Lista de sabores descart\u00e1veis \u200b\u200b\u200b\u200bde Vape Airmez lux 60000 60k Puffs<\/span><\/h3>\n<p><strong>1. Gelo de Morango<\/strong><\/p>\n<p><strong class=\"\">2. Gelo de melancia<\/strong><\/p>\n<p><strong>3. Bagas Mistas<\/strong><\/p>\n<p><strong>4. Kiwi de Maracuj\u00e1<\/strong><\/p>\n<p><strong>5.Dr. Azul<\/strong><\/p>\n<p><strong>6.Amor 66<\/strong><\/p>\n<p><strong>7. Manga tripla<\/strong><\/p>\n<p><strong class=\"\">8.Cherry Cola<\/strong><\/p>\n<p><strong>9.Bingo Esmagamento<\/strong><\/p>\n<p><strong>10. Limonada Rosa<img loading=\"lazy\" decoding=\"async\" class=\"alignnone wp-image-8714 size-full\" src=\"https:\/\/pgvape.com\/wp-content\/uploads\/2026\/01\/Airmez-lux60000-60k-Puffs-Disposable-Vape-Flavor-List.png\" alt=\"\" width=\"2000\" height=\"1200\" srcset=\"https:\/\/pgvape.com\/wp-content\/uploads\/2026\/01\/Airmez-lux60000-60k-Puffs-Disposable-Vape-Flavor-List.png 2000w, https:\/\/pgvape.com\/wp-content\/uploads\/2026\/01\/Airmez-lux60000-60k-Puffs-Disposable-Vape-Flavor-List-555x333.png 555w, https:\/\/pgvape.com\/wp-content\/uploads\/2026\/01\/Airmez-lux60000-60k-Puffs-Disposable-Vape-Flavor-List-595x357.png 595w, https:\/\/pgvape.com\/wp-content\/uploads\/2026\/01\/Airmez-lux60000-60k-Puffs-Disposable-Vape-Flavor-List-400x240.png 400w, https:\/\/pgvape.com\/wp-content\/uploads\/2026\/01\/Airmez-lux60000-60k-Puffs-Disposable-Vape-Flavor-List-768x461.png 768w, https:\/\/pgvape.com\/wp-content\/uploads\/2026\/01\/Airmez-lux60000-60k-Puffs-Disposable-Vape-Flavor-List-1536x922.png 1536w, https:\/\/pgvape.com\/wp-content\/uploads\/2026\/01\/Airmez-lux60000-60k-Puffs-Disposable-Vape-Flavor-List-18x12.png 18w, https:\/\/pgvape.com\/wp-content\/uploads\/2026\/01\/Airmez-lux60000-60k-Puffs-Disposable-Vape-Flavor-List-600x360.png 600w\" sizes=\"auto, (max-width: 2000px) 100vw, 2000px\" \/><\/strong><\/p>\n<p>&nbsp;<\/p>\n<h2 class=\"header-vfC6AV auto-hide-last-sibling-br\"><span style=\"font-size: 90%;\">Perguntas frequentes sobre Airmez lux 60000 60k Puffs Vape descart\u00e1vel<\/span><\/h2>\n<p>\u2753 <strong>O que o torna especial?<\/strong><br \/>\n\u2705 <strong>Corpo de cristal transparente<\/strong> \u2013 <strong>veja o n\u00edvel do e-l\u00edquido diretamente<\/strong>, mais confi\u00e1vel do que apenas os dados da tela.<\/p>\n<p>\u2753 <strong>Como \u00e9 diferente dos descart\u00e1veis \u200b\u200bnormais?<\/strong><br \/>\n\u2705 <strong>Tanque recarreg\u00e1vel de 30 ml<\/strong> + <strong>Tipo C recarreg\u00e1vel<\/strong> \u2013 use at\u00e9 o fim da vida \u00fatil da bobina, n\u00e3o apenas da bateria.<\/p>\n<p>\u2753 <strong class=\"\">Quantas baforadas?<\/strong><br \/>\n\u2705 Avaliado em laborat\u00f3rio <strong>60.000 baforadas<\/strong> \u2013 a contagem real varia com a for\u00e7a de tra\u00e7\u00e3o.<\/p>\n<p>\u2753 <strong>Posso trocar sabores?<\/strong><br \/>\n\u2705 <strong>N\u00e3o<\/strong> \u2013 cada dispositivo \u00e9 <strong>sabor \u00fanico<\/strong>; reabaste\u00e7a com o mesmo sabor para manter a vida \u00fatil da bobina.<\/p>\n<p>\u2753 <strong>\u00c9 recarreg\u00e1vel?<\/strong><br \/>\n\u2705 <strong>650mAh<\/strong> bateria + <strong>Tipo-C<\/strong>; <strong>45-60 minutos<\/strong> carga completa.<\/p>\n<p>\u2753 <strong class=\"\">Tem tela?<\/strong><br \/>\n\u2705 <strong>Tela inteligente<\/strong> mostra <strong>bateria %<\/strong> e <strong>n\u00edvel de e-l\u00edquido<\/strong>.<\/p>\n<p>\u2753 <strong>Quais s\u00e3o os pontos fortes da nicotina?<\/strong><br \/>\n\u2705 <strong>0 %, 2 %, 3 %, 5 %<\/strong> \u2013 iniciantes: 2-3 %, experientes: 5 %, somente sabor: 0 %.<\/p>\n<p>\u2753 <strong>Pode ser recarregado?<\/strong><br \/>\n\u2705 <strong>Sim<\/strong> \u2013 <strong>design recarreg\u00e1vel<\/strong>; adicione e-l\u00edquido quando estiver baixo.<\/p>\n<p>\u2753 <strong>O vapor \u00e9 suave?<\/strong><br \/>\n\u2705 <strong>Bobinas duplas de malha de 1,0 \u03a9<\/strong> entregar <strong>rico, suave, inodoro<\/strong> vapor.<\/p>\n<p>\u2753 <strong>Adequado para iniciantes?<\/strong><br \/>\n\u2705 <strong>Ativado por sorteio<\/strong>, <strong>sem configura\u00e7\u00e3o<\/strong>, <strong>display inteligente<\/strong> \u2013 pronto para vaporizar fora da caixa.<\/p>\n<p>&nbsp;<\/p>\n<h3 id=\"brxe-najhln\" class=\"brxe-heading\">Perguntas frequentes (FAQ)<\/h3>\n<div id=\"brxe-rajiac\" class=\"brxe-text\">\n<p><strong>P: Quais m\u00e9todos de pagamento voc\u00ea aceita?<\/strong><br \/>\nR: Aceitamos PayPal, Stripe, transfer\u00eancias banc\u00e1rias (com suporte SEPA), os principais cart\u00f5es de cr\u00e9dito (Visa, MasterCard, American Express) e pagamentos em criptomoedas.<\/p>\n<p><strong>P: Quanto tempo leva a prepara\u00e7\u00e3o do pedido?<\/strong><br \/>\nR: A prepara\u00e7\u00e3o do pedido leva de 1 a 3 dias \u00fateis.<\/p>\n<p><strong>P: Qual \u00e9 o tempo de envio?<\/strong><br \/>\nR: O tempo de envio \u00e9 de 7 a 14 dias \u00fateis, dependendo da sua localiza\u00e7\u00e3o.<\/p>\n<p><strong>P: Como posso rastrear meu pedido?<\/strong><br \/>\nR: Ap\u00f3s o envio, voc\u00ea receber\u00e1 um e-mail de confirma\u00e7\u00e3o com um n\u00famero de rastreamento para rastreamento em tempo real.<\/p>\n<p><strong>P: Qual \u00e9 a sua pol\u00edtica de devolu\u00e7\u00e3o?<\/strong><br \/>\nR: Oferecemos uma pol\u00edtica de devolu\u00e7\u00e3o de 30 dias para reembolsos ou trocas. .<\/p>\n<p><strong>P: Haver\u00e1 algum problema alfandeg\u00e1rio?<br \/>\n<\/strong>Lidamos com todos os procedimentos de desembara\u00e7o aduaneiro para garantir uma experi\u00eancia descomplicada para voc\u00ea. .<\/p>\n<p><strong>P: Quais m\u00e9todos de envio s\u00e3o usados?<\/strong><br \/>\nCooperamos com UPS\/DHL\/FEDEX\/DPD, etc. Escolheremos a op\u00e7\u00e3o de envio apropriada dependendo do pa\u00eds de entrega para garantir que voc\u00ea receba seus produtos o mais r\u00e1pido poss\u00edvel.<\/p>\n<p><a href=\"https:\/\/pgvape.com\/pt\/perguntas-frequentes\/\">Clique aqui para mais perguntas frequentes<\/a><\/p>\n<p>Prezados clientes, Se voc\u00ea tiver alguma d\u00favida sobre seu pedido ou a chegada de mercadorias, entre em contato com nosso atendimento ao cliente. Obrigado!<\/p>\n<h3 data-sourcepos=\"73:1-73:21\"><strong data-sourcepos=\"73:7-73:21\">Contate-nos<\/strong><\/h3>\n<div id=\"text-2419739398\" class=\"text\">\n<p><strong data-sourcepos=\"75:3-75:12\">E-mail<\/strong>:\u00a0<a href=\"mailto:support@pgvape.com\"><strong>support@pgvape.com<\/strong><\/a><\/p>\n<p><strong data-sourcepos=\"76:3-76:15\">WhatsApp<\/strong>:\u00a0<a href=\"https:\/\/wa.me\/+8618128481258\"><strong>+86 18128481258<\/strong><\/a><br \/>\n<strong>(Resposta em at\u00e9 24 horas em dias \u00fateis)<\/strong><\/p>\n<\/div>\n<h3><strong>Obrigado por escolher pgvape.com! .<\/strong><\/h3>\n<\/div>","protected":false},"excerpt":{"rendered":"<p><strong>AIRMEZ LUX 60K<\/strong> \u2013 <strong>60 mil baforadas<\/strong>, <strong>30 ml recarreg\u00e1vel<\/strong>, <strong>corpo cristalino<\/strong>, <strong>malha dupla<\/strong>, <strong>fluxo de ar ajust\u00e1vel<\/strong>, <strong>tela inteligente<\/strong>.<strong class=\"\">Veja seu suco, prove a pureza, vape por meses.<\/strong><\/p>","protected":false},"featured_media":8711,"comment_status":"open","ping_status":"closed","template":"","meta":{"_seopress_robots_primary_cat":"","_seopress_titles_title":"","_seopress_titles_desc":"","_seopress_robots_index":""},"product_brand":[154,516],"product_cat":[48,155,515],"product_tag":[315,135,561,90,59,136,562],"class_list":{"0":"post-8695","1":"product","2":"type-product","3":"status-publish","4":"has-post-thumbnail","6":"product_brand-airmez-fox-vape","7":"product_brand-disposable-vape","8":"product_cat-60k-puffs-vape","9":"product_cat-airmez-fox-vape","10":"product_cat-disposable-vape","11":"product_tag-60k-puffs-vape","12":"product_tag-adjustable-airflow","13":"product_tag-airmez-lux-60000","14":"product_tag-disposable-vape","15":"product_tag-mouth-to-lung-mtl","16":"product_tag-smart-screen","17":"product_tag-transparent-oil-tank","19":"first","20":"instock","21":"sale","22":"shipping-taxable","23":"purchasable","24":"product-type-variable"},"_links":{"self":[{"href":"https:\/\/pgvape.com\/pt\/wp-json\/wp\/v2\/product\/8695","targetHints":{"allow":["GET"]}}],"collection":[{"href":"https:\/\/pgvape.com\/pt\/wp-json\/wp\/v2\/product"}],"about":[{"href":"https:\/\/pgvape.com\/pt\/wp-json\/wp\/v2\/types\/product"}],"replies":[{"embeddable":true,"href":"https:\/\/pgvape.com\/pt\/wp-json\/wp\/v2\/comments?post=8695"}],"wp:featuredmedia":[{"embeddable":true,"href":"https:\/\/pgvape.com\/pt\/wp-json\/wp\/v2\/media\/8711"}],"wp:attachment":[{"href":"https:\/\/pgvape.com\/pt\/wp-json\/wp\/v2\/media?parent=8695"}],"wp:term":[{"taxonomy":"product_brand","embeddable":true,"href":"https:\/\/pgvape.com\/pt\/wp-json\/wp\/v2\/product_brand?post=8695"},{"taxonomy":"product_cat","embeddable":true,"href":"https:\/\/pgvape.com\/pt\/wp-json\/wp\/v2\/product_cat?post=8695"},{"taxonomy":"product_tag","embeddable":true,"href":"https:\/\/pgvape.com\/pt\/wp-json\/wp\/v2\/product_tag?post=8695"}],"curies":[{"name":"wp","href":"https:\/\/api.w.org\/{rel}","templated":true}]}}