{"id":8666,"date":"2026-01-24T09:07:42","date_gmt":"2026-01-24T09:07:42","guid":{"rendered":"https:\/\/pgvape.com\/?post_type=product&#038;p=8666"},"modified":"2026-03-15T13:48:39","modified_gmt":"2026-03-15T13:48:39","slug":"fihp-90k-puffs-90000-3-em-1-sabores-triplos-vape-descartavel-2-5-nicotina-10-gosto-tela-inteligente-vape-fabrica-atacado","status":"publish","type":"product","link":"https:\/\/pgvape.com\/pt\/produto\/fihp-90k-puffs-90000-3-em-1-sabores-triplos-vape-descartavel-2-5-nicotina-10-gosto-tela-inteligente-vape-fabrica-atacado\/","title":{"rendered":"FIHP 90K Puffs 90000 3 em 1 Sabores Triplos Vape Descart\u00e1vel 2% 5%Nicotina 10Taste Tela Inteligente Vape F\u00e1brica Atacado"},"content":{"rendered":"<p><strong data-sourcepos=\"6:5-6:28\">FIHP 3 em 1 90K Sopros<\/strong> \u00e9 um vape descart\u00e1vel de alta capacidade projetado para variedade e longevidade. <strong data-sourcepos=\"6:130-6:154\">Sistema de sabores 3 em 1<\/strong>, allowing users to switch between three distinct flavors in a single device\u2014eliminating the need to carry multiple units. With a massive <strong data-sourcepos=\"6:292-6:318\">Capacidade de e-l\u00edquido de 42mL<\/strong> e um <strong data-sourcepos=\"6:325-6:343\">bobina de malha 0,9\u03a9<\/strong>, proporciona sabor suave e consistente por at\u00e9 <strong data-sourcepos=\"6:393-6:409\">90.000 baforadas<\/strong>. <strong data-sourcepos=\"6:415-6:430\">Visor LED<\/strong> fornece monitoramento claro da bateria e do l\u00edquido, enquanto o <strong data-sourcepos=\"6:487-6:518\">Bateria recarreg\u00e1vel de 650mAh<\/strong> com <strong data-sourcepos=\"6:524-6:543\">Carregamento tipo C<\/strong> garante usabilidade durante todo o dia. .<\/p>\n<p>&nbsp;<\/p>\n<h2><span style=\"font-size: 90%;\">FIHP 90K sopra 3 em 1 especifica\u00e7\u00e3o descart\u00e1vel de Vape com sabores triplos<\/span><\/h2>\n<p><strong data-sourcepos=\"11:6-11:30\">Design cristalino<\/strong>\u00a0\u2013 Est\u00e9tica moderna e transparente com n\u00edveis vis\u00edveis de e-l\u00edquido.<\/p>\n<p><strong data-sourcepos=\"12:6-12:30\">Sistema de sabores 3 em 1<\/strong>\u00a0\u2013 Tr\u00eas c\u00e1psulas de sabores separadas em um dispositivo para variedade instant\u00e2nea.<\/p>\n<p><strong data-sourcepos=\"13:6-13:22\">90.000 baforadas<\/strong>\u00a0\u2013 Longevidade excepcional para uso prolongado e confi\u00e1vel.<\/p>\n<p><strong data-sourcepos=\"14:6-14:30\">Bobinas duplas de malha 0.9\u03a9<\/strong>\u00a0\u2013 \u00c1rea de aquecimento aprimorada para sabor suave e rico e vapor denso.<\/p>\n<p><strong data-sourcepos=\"15:6-15:37\">Bateria recarreg\u00e1vel 650mAh<\/strong>\u00a0\u2013 Pot\u00eancia para todo o dia com rapidez\u00a0<strong data-sourcepos=\"15:65-15:84\">Carregamento tipo C<\/strong>.<\/p>\n<p><strong data-sourcepos=\"16:7-16:31\">Tela de exibi\u00e7\u00e3o inteligente<\/strong>\u00a0\u2013 Monitoramento em tempo real da bateria e do n\u00edvel de l\u00edquido.<\/p>\n<p><strong data-sourcepos=\"17:6-17:31\">EU-Compliant Nicotine<\/strong>\u00a0\u2013 Dispon\u00edvel em\u00a0<strong data-sourcepos=\"17:47-17:63\">2% (20mg\/mL)<\/strong>\u00a0e\u00a0<strong data-sourcepos=\"17:68-17:84\">5% (50mg\/mL)<\/strong>\u00a0para satisfa\u00e7\u00e3o controlada.<\/p>\n<p><strong data-sourcepos=\"18:6-18:25\">Pronto para atacado<\/strong>\u00a0\u2013 Ideal para lojas que procuram produtos descart\u00e1veis \u200b\u200bde alta capacidade e ricos em recursos.<\/p>\n<p>&nbsp;<\/p>\n<h3><span style=\"font-size: 90%;\">FIHP 90K Puffs\u00a0 3 in 1 Triple Flavors Disposable Vape Flavor List<\/span><\/h3>\n<p><strong class=\"\">1. Cereja efervescente e Lady Killer e ursinho de goma<\/strong><\/p>\n<p><strong>2. Mirtilo, Framboesa e Love 666 e Gelo de P\u00eassego<\/strong><\/p>\n<p><strong>3. Melancia Framboesa e Frutas Mistas e Manga P\u00eassego<\/strong><\/p>\n<p><strong class=\"\">4. Limonada Blue Razz e morango, framboesa e doce arco-\u00edris<\/strong><\/p>\n<p><strong class=\"\">5. Chiclete de melancia e gelo de uva e gelo de drag\u00e3o preto<\/strong><\/p>\n<p><strong>6. Abacaxi, coco e mistura de frutas e lim\u00e3o e p\u00eassego<\/strong><\/p>\n<p><strong>7. Ma\u00e7\u00e3 Dupla, Banana Morango e Melancia Framboesa<\/strong><\/p>\n<p><strong>8. Gelo de melancia, Red Bull e kiwi de morango<\/strong><\/p>\n<p><strong class=\"\">9. Gelo de mirtilo, melancia, morango e lim\u00e3o<\/strong><\/p>\n<p><strong>10.Peach Berry &amp; Triple Melon &amp; Watermelon Ice<img loading=\"lazy\" decoding=\"async\" class=\"alignnone wp-image-8672 size-full\" src=\"https:\/\/pgvape.com\/wp-content\/uploads\/2026\/01\/FIHP-90000-90K-Puffs-3-in-1-Triple-Flavors-Disposable-Vape-4.png\" alt=\"Dispositivos vape descart\u00e1veis \u200b\u200bcoloridos FIHP exibidos com r\u00f3tulos de sabores e um grande gr\u00e1fico de 9000 PUFF.\" width=\"1595\" height=\"2000\" srcset=\"https:\/\/pgvape.com\/wp-content\/uploads\/2026\/01\/FIHP-90000-90K-Puffs-3-in-1-Triple-Flavors-Disposable-Vape-4.png 1595w, https:\/\/pgvape.com\/wp-content\/uploads\/2026\/01\/FIHP-90000-90K-Puffs-3-in-1-Triple-Flavors-Disposable-Vape-4-287x360.png 287w, https:\/\/pgvape.com\/wp-content\/uploads\/2026\/01\/FIHP-90000-90K-Puffs-3-in-1-Triple-Flavors-Disposable-Vape-4-595x746.png 595w, https:\/\/pgvape.com\/wp-content\/uploads\/2026\/01\/FIHP-90000-90K-Puffs-3-in-1-Triple-Flavors-Disposable-Vape-4-319x400.png 319w, https:\/\/pgvape.com\/wp-content\/uploads\/2026\/01\/FIHP-90000-90K-Puffs-3-in-1-Triple-Flavors-Disposable-Vape-4-768x963.png 768w, https:\/\/pgvape.com\/wp-content\/uploads\/2026\/01\/FIHP-90000-90K-Puffs-3-in-1-Triple-Flavors-Disposable-Vape-4-1225x1536.png 1225w, https:\/\/pgvape.com\/wp-content\/uploads\/2026\/01\/FIHP-90000-90K-Puffs-3-in-1-Triple-Flavors-Disposable-Vape-4-10x12.png 10w, https:\/\/pgvape.com\/wp-content\/uploads\/2026\/01\/FIHP-90000-90K-Puffs-3-in-1-Triple-Flavors-Disposable-Vape-4-600x752.png 600w\" sizes=\"auto, (max-width: 1595px) 100vw, 1595px\" \/><\/strong><\/p>\n<p>&nbsp;<\/p>\n<h2 class=\"header-vfC6AV auto-hide-last-sibling-br\"><span style=\"font-size: 90%;\">Perguntas frequentes sobre FIHP 90K Puffs Vape descart\u00e1vel 3 em 1 sabores triplos<\/span><\/h2>\n<p>\u2753 <strong class=\"\">Quantas baforadas por dispositivo?<\/strong><br \/>\n\u2705 Classifica\u00e7\u00e3o de f\u00e1brica <strong>90.000 baforadas<\/strong>\u2014meses de uso di\u00e1rio.<\/p>\n<p>\u2753 <strong class=\"\">Como fa\u00e7o para trocar sabores?<\/strong><br \/>\n\u2705 <strong>Sistema de c\u00e2mara 3 em 1<\/strong>\u2014click or rotate to jump between <strong>tr\u00eas sabores distintos<\/strong>.<\/p>\n<p>\u2753 <strong>\u00c9 recarreg\u00e1vel?<\/strong><br \/>\n\u2705 <strong>650mAh<\/strong> bateria + <strong>Tipo-C<\/strong> porta; <strong>30 minutos<\/strong> carga completa.<\/p>\n<p>\u2753 <strong class=\"\">Quais dosagens de nicotina s\u00e3o oferecidas?<\/strong><br \/>\n\u2705 <strong>2 %<\/strong> suave ou <strong class=\"\">5 %<\/strong> forte-<strong>Compat\u00edvel com a UE<\/strong> satisfa\u00e7\u00e3o na garganta.<\/p>\n<p>\u2753 <strong>Como fa\u00e7o para monitorar a bateria ou o suco?<\/strong><br \/>\n\u2705 <strong>Tela inteligente<\/strong> exibi\u00e7\u00f5es <strong>bateria em tempo real %<\/strong> e <strong>n\u00edveis de e-l\u00edquido<\/strong>.<\/p>\n<p>\u2753 <strong>What makes the vapor smooth?<\/strong><br \/>\n\u2705 <strong>Bobinas de malha dupla de 0,9 \u03a9<\/strong>\u2014maior \u00e1rea de aquecimento, <strong>sabor mais rico<\/strong>, <strong>nuvens mais densas<\/strong>.<\/p>\n<p>\u2753 <strong>\u00c9 discreto para uso no trabalho\/caf\u00e9?<\/strong><br \/>\n\u2705 <strong>Sorteio MTL suave<\/strong>, <strong>nuvem m\u00ednima<\/strong>-perfeito para <strong>ritmo continental<\/strong>.<\/p>\n<p>&nbsp;<\/p>\n<h3 id=\"brxe-najhln\" class=\"brxe-heading\">Perguntas frequentes (FAQ)<\/h3>\n<div id=\"brxe-rajiac\" class=\"brxe-text\">\n<p><strong>P: Quais m\u00e9todos de pagamento voc\u00ea aceita?<\/strong><br \/>\nR: Aceitamos PayPal, Stripe, transfer\u00eancias banc\u00e1rias (com suporte SEPA), os principais cart\u00f5es de cr\u00e9dito (Visa, MasterCard, American Express) e pagamentos em criptomoedas.<\/p>\n<p><strong>P: Quanto tempo leva a prepara\u00e7\u00e3o do pedido?<\/strong><br \/>\nR: A prepara\u00e7\u00e3o do pedido leva de 1 a 3 dias \u00fateis.<\/p>\n<p><strong>P: Qual \u00e9 o tempo de envio?<\/strong><br \/>\nR: O tempo de envio \u00e9 de 7 a 14 dias \u00fateis, dependendo da sua localiza\u00e7\u00e3o.<\/p>\n<p><strong>P: Como posso rastrear meu pedido?<\/strong><br \/>\nR: Ap\u00f3s o envio, voc\u00ea receber\u00e1 um e-mail de confirma\u00e7\u00e3o com um n\u00famero de rastreamento para rastreamento em tempo real.<\/p>\n<p><strong>P: Qual \u00e9 a sua pol\u00edtica de devolu\u00e7\u00e3o?<\/strong><br \/>\nR: Oferecemos uma pol\u00edtica de devolu\u00e7\u00e3o de 30 dias para reembolsos ou trocas. .<\/p>\n<p><strong>P: Haver\u00e1 algum problema alfandeg\u00e1rio?<br \/>\n<\/strong>Lidamos com todos os procedimentos de desembara\u00e7o aduaneiro para garantir uma experi\u00eancia descomplicada para voc\u00ea. .<\/p>\n<p><strong>P: Quais m\u00e9todos de envio s\u00e3o usados?<\/strong><br \/>\nCooperamos com UPS\/DHL\/FEDEX\/DPD, etc. Escolheremos a op\u00e7\u00e3o de envio apropriada dependendo do pa\u00eds de entrega para garantir que voc\u00ea receba seus produtos o mais r\u00e1pido poss\u00edvel.<\/p>\n<p><a href=\"https:\/\/pgvape.com\/pt\/perguntas-frequentes\/\">Clique aqui para mais perguntas frequentes<\/a><\/p>\n<p>Prezados clientes, Se voc\u00ea tiver alguma d\u00favida sobre seu pedido ou a chegada de mercadorias, entre em contato com nosso atendimento ao cliente. Obrigado!<\/p>\n<h3 data-sourcepos=\"73:1-73:21\"><strong data-sourcepos=\"73:7-73:21\">Contate-nos<\/strong><\/h3>\n<div id=\"text-2419739398\" class=\"text\">\n<p><strong data-sourcepos=\"75:3-75:12\">E-mail<\/strong>:\u00a0<a href=\"mailto:support@pgvape.com\"><strong>support@pgvape.com<\/strong><\/a><\/p>\n<p><strong data-sourcepos=\"76:3-76:15\">WhatsApp<\/strong>:\u00a0<a href=\"https:\/\/wa.me\/+8618128481258\"><strong>+86 18128481258<\/strong><\/a><br \/>\n<strong>(Resposta em at\u00e9 24 horas em dias \u00fateis)<\/strong><\/p>\n<\/div>\n<h3><strong>Obrigado por escolher pgvape.com! .<\/strong><\/h3>\n<\/div>","protected":false},"excerpt":{"rendered":"<p><strong>Cristal FIHP 90K<\/strong>-<strong>90 mil baforadas<\/strong>, <strong>interruptor de sabor triplo<\/strong>, <strong>Malha dupla de 0,9 \u03a9<\/strong>, <strong>tela inteligente<\/strong>, <strong>Tipo-C<\/strong>, <strong>cristalino<\/strong>.<strong>Tr\u00eas sabores, um cristal, meses de nuvens.<\/strong><\/p>","protected":false},"featured_media":8669,"comment_status":"open","ping_status":"closed","template":"","meta":{"_seopress_robots_primary_cat":"","_seopress_titles_title":"","_seopress_titles_desc":"","_seopress_robots_index":""},"product_brand":[516,275],"product_cat":[558,515,274],"product_tag":[46,560,90,559,280],"class_list":{"0":"post-8666","1":"product","2":"type-product","3":"status-publish","4":"has-post-thumbnail","6":"product_brand-disposable-vape","7":"product_brand-fihp-vape","8":"product_cat-90k-puffs-vape","9":"product_cat-disposable-vape","10":"product_cat-fihp-vape","11":"product_tag-3-in-1","12":"product_tag-90k-puffs-vape","13":"product_tag-disposable-vape","14":"product_tag-fihp-90k","15":"product_tag-triple-flavors","17":"first","18":"instock","19":"sale","20":"shipping-taxable","21":"purchasable","22":"product-type-variable"},"_links":{"self":[{"href":"https:\/\/pgvape.com\/pt\/wp-json\/wp\/v2\/product\/8666","targetHints":{"allow":["GET"]}}],"collection":[{"href":"https:\/\/pgvape.com\/pt\/wp-json\/wp\/v2\/product"}],"about":[{"href":"https:\/\/pgvape.com\/pt\/wp-json\/wp\/v2\/types\/product"}],"replies":[{"embeddable":true,"href":"https:\/\/pgvape.com\/pt\/wp-json\/wp\/v2\/comments?post=8666"}],"wp:featuredmedia":[{"embeddable":true,"href":"https:\/\/pgvape.com\/pt\/wp-json\/wp\/v2\/media\/8669"}],"wp:attachment":[{"href":"https:\/\/pgvape.com\/pt\/wp-json\/wp\/v2\/media?parent=8666"}],"wp:term":[{"taxonomy":"product_brand","embeddable":true,"href":"https:\/\/pgvape.com\/pt\/wp-json\/wp\/v2\/product_brand?post=8666"},{"taxonomy":"product_cat","embeddable":true,"href":"https:\/\/pgvape.com\/pt\/wp-json\/wp\/v2\/product_cat?post=8666"},{"taxonomy":"product_tag","embeddable":true,"href":"https:\/\/pgvape.com\/pt\/wp-json\/wp\/v2\/product_tag?post=8666"}],"curies":[{"name":"wp","href":"https:\/\/api.w.org\/{rel}","templated":true}]}}