{"id":8620,"date":"2026-01-20T09:56:31","date_gmt":"2026-01-20T09:56:31","guid":{"rendered":"https:\/\/pgvape.com\/?post_type=product&#038;p=8620"},"modified":"2026-03-24T03:17:05","modified_gmt":"2026-03-24T03:17:05","slug":"bang-legend-120000-120k-puffs-5-em-1-sabores-vape-descartaveis-sabores-ajustaveis-remessa-da-ue-frete-gratis-vape-fabrica-atacado","status":"publish","type":"product","link":"https:\/\/pgvape.com\/pt\/produto\/bang-legend-120000-120k-puffs-5-em-1-sabores-vape-descartaveis-sabores-ajustaveis-remessa-da-ue-frete-gratis-vape-fabrica-atacado\/","title":{"rendered":"Bang Legend 120000 120K Puffs 5 em 1 Sabores Vape Descart\u00e1veis \u200b\u200bSabores Ajust\u00e1veis \u200b\u200bRemessa da UE Frete Gr\u00e1tis Vape F\u00e1brica Atacado"},"content":{"rendered":"<p><strong data-sourcepos=\"6:5-6:30\">Bang Legend 120K 5 em 1<\/strong> foi projetado para a melhor experi\u00eancia de vaporiza\u00e7\u00e3o duradoura e com v\u00e1rios sabores. <strong data-sourcepos=\"6:132-6:153\">Sistema de pod 5 em 1<\/strong> com cinco c\u00e2maras de sabor internas separadas, oferece at\u00e9 <strong data-sourcepos=\"6:217-6:234\">120.000 baforadas<\/strong> a partir de um \u00fanico dispositivo. <strong data-sourcepos=\"6:295-6:317\">bobina de malha avan\u00e7ada<\/strong> para sabor puro e resistente a vazamentos. <strong data-sourcepos=\"6:366-6:391\">display digital inteligente<\/strong> mostra os n\u00edveis da bateria e do e-l\u00edquido em tempo real, enquanto o <strong data-sourcepos=\"6:450-6:488\">bateria recarreg\u00e1vel de alta capacidade<\/strong> e <strong data-sourcepos=\"6:493-6:516\">Carregamento r\u00e1pido USB-C<\/strong> garantir um desempenho consistente durante todo o dia. <strong data-sourcepos=\"6:583-6:599\">Armaz\u00e9m da UE<\/strong>, garante entrega r\u00e1pida, sem alf\u00e2ndega e qualidade genu\u00edna.<\/p>\n<p>\u3001<\/p>\n<h2><span style=\"font-size: 90%;\">Bang Legend 120000 120K Puffs 5 em 1 Sabores Vape Descart\u00e1vel <strong>Especifica\u00e7\u00f5es<\/strong><\/span><\/h2>\n<p><strong data-sourcepos=\"11:6-11:23\">120.000 baforadas<\/strong>\u00a0\u2013 Ultradur\u00e1vel, constru\u00eddo para semanas de uso intenso.<\/p>\n<p><strong data-sourcepos=\"12:6-12:40\">Sistema de c\u00e1psulas multisabor 5 em 1<\/strong>\u00a0\u2013 Cinco sabores distintos em um \u00fanico dispositivo. .<\/p>\n<p><strong data-sourcepos=\"13:7-13:32\">Visor digital inteligente<\/strong>\u00a0\u2013 Limpe o monitoramento da bateria e do n\u00edvel de l\u00edquido.<\/p>\n<p><strong data-sourcepos=\"14:5-14:45\">Bateria recarreg\u00e1vel de alta efici\u00eancia<\/strong>\u00a0\u2013 Suporta desempenho duradouro.<\/p>\n<p><strong data-sourcepos=\"15:6-15:29\">Bobinas de malha avan\u00e7ada<\/strong>\u00a0\u2013 Cada vagem possui uma bobina de malha dedicada para um sabor rico e suave.<\/p>\n<p><strong data-sourcepos=\"16:6-16:30\">Carregamento r\u00e1pido tipo C<\/strong>\u00a0\u2013 Recargas r\u00e1pidas, menos tempo de inatividade.<\/p>\n<p><strong data-sourcepos=\"17:7-17:44\">Resistente a vazamentos e ativado por inala\u00e7\u00e3o<\/strong>\u00a0\u2013 Sem bot\u00f5es, sem bagun\u00e7a, pura comodidade.<\/p>\n<p><strong data-sourcepos=\"18:6-18:33\">Navios do Armaz\u00e9m da UE<\/strong>\u00a0\u2013 Entrega local r\u00e1pida, sem taxas alfandeg\u00e1rias.<\/p>\n<p>&nbsp;<\/p>\n<h3><strong><span style=\"font-size: 90%;\">Bang Legend 120000 120K Puffs 5 em 1 Lista de sabores descart\u00e1veis \u200b\u200bde Vape:<\/span><\/strong><\/h3>\n<p><strong>1. Bebida energ\u00e9tica e mirtilo, cereja e ma\u00e7\u00e3, uva e melancia, pitaya e mamba<\/strong><\/p>\n<p><strong>2. Bebida Energ\u00e9tica e Gelo de P\u00eassego e Gelo de Manga e Uva Cranberry e Groselha Preta<\/strong><\/p>\n<p><strong>3. Mirtilo, framboesa, p\u00eassego, manga, melancia, cereja, cola e uva, amora, gelo e manga, p\u00eassego, damasco<\/strong><\/p>\n<p><strong>4. Mirtilo Framboesa e Black Dragon Ice e Rainbow Candy e Fuji Ice e Melancia Sour Peach<\/strong><\/p>\n<p><strong>5. Gelo de Mirtilo e Kiwi Maracuj\u00e1 Goiaba e Mel\u00e3o Triplo e P\u00eassego Abacaxi e Beijo Apaixonado<\/strong><\/p>\n<p><strong>6.Gelado de mirtilo e melancia, chiclete e ma\u00e7\u00e3 azeda, framboesa e fruta de l\u00f3tus, manga, mel\u00e3o e maracuj\u00e1, kiwi, lim\u00e3o<\/strong><\/p>\n<p><strong>7. Gelo de melancia e frutas vermelhas mistas e ma\u00e7\u00e3, p\u00eara e mirtilo, hortel\u00e3 e hor\u00e1rio de ver\u00e3o<\/strong><\/p>\n<p><strong>8. Gelo de melancia e manga de morango e cereja da Calif\u00f3rnia e mirtilo, gelo de p\u00eassego e gelo de frutas vermelhas<\/strong><\/p>\n<p><strong>9. Melancia de morango e gelo de uva e mojito vermelho e gelo de banana e lim\u00e3o<\/strong><\/p>\n<p><strong>10.Morango, melancia e mel\u00e3o, ma\u00e7\u00e3 e cola, gelo e manga, p\u00eassego e amor 66<\/strong><\/p>\n<p><strong>11. Morango, Kiwi, Morango, Banana e Lichia, Gelo e Melancia, Baga e Maracuj\u00e1, Manga<\/strong><\/p>\n<p><strong>12. Morango, kiwi, mirtilo, melancia, ursinho de goma, chiclete de mirtilo e manga azeda, abacaxi<img loading=\"lazy\" decoding=\"async\" class=\"alignnone wp-image-8637 size-full\" src=\"https:\/\/pgvape.com\/wp-content\/uploads\/2026\/01\/Bang-Legend-120K-5in1-EU-120000-Puffs-5-in-1-Smart-Disposable-Vape-Shipment-from-EU-Free-Shipping-Vape-Factory-Wholesale-3.png\" alt=\"Duas fileiras de garrafas de bebidas energ\u00e9ticas 5 em 1 Bang Legend em cores vivas, cada uma com um r\u00f3tulo de sabor multicolorido.\" width=\"1852\" height=\"1397\" srcset=\"https:\/\/pgvape.com\/wp-content\/uploads\/2026\/01\/Bang-Legend-120K-5in1-EU-120000-Puffs-5-in-1-Smart-Disposable-Vape-Shipment-from-EU-Free-Shipping-Vape-Factory-Wholesale-3.png 1852w, https:\/\/pgvape.com\/wp-content\/uploads\/2026\/01\/Bang-Legend-120K-5in1-EU-120000-Puffs-5-in-1-Smart-Disposable-Vape-Shipment-from-EU-Free-Shipping-Vape-Factory-Wholesale-3-477x360.png 477w, https:\/\/pgvape.com\/wp-content\/uploads\/2026\/01\/Bang-Legend-120K-5in1-EU-120000-Puffs-5-in-1-Smart-Disposable-Vape-Shipment-from-EU-Free-Shipping-Vape-Factory-Wholesale-3-595x449.png 595w, https:\/\/pgvape.com\/wp-content\/uploads\/2026\/01\/Bang-Legend-120K-5in1-EU-120000-Puffs-5-in-1-Smart-Disposable-Vape-Shipment-from-EU-Free-Shipping-Vape-Factory-Wholesale-3-400x302.png 400w, https:\/\/pgvape.com\/wp-content\/uploads\/2026\/01\/Bang-Legend-120K-5in1-EU-120000-Puffs-5-in-1-Smart-Disposable-Vape-Shipment-from-EU-Free-Shipping-Vape-Factory-Wholesale-3-768x579.png 768w, https:\/\/pgvape.com\/wp-content\/uploads\/2026\/01\/Bang-Legend-120K-5in1-EU-120000-Puffs-5-in-1-Smart-Disposable-Vape-Shipment-from-EU-Free-Shipping-Vape-Factory-Wholesale-3-1536x1159.png 1536w, https:\/\/pgvape.com\/wp-content\/uploads\/2026\/01\/Bang-Legend-120K-5in1-EU-120000-Puffs-5-in-1-Smart-Disposable-Vape-Shipment-from-EU-Free-Shipping-Vape-Factory-Wholesale-3-16x12.png 16w, https:\/\/pgvape.com\/wp-content\/uploads\/2026\/01\/Bang-Legend-120K-5in1-EU-120000-Puffs-5-in-1-Smart-Disposable-Vape-Shipment-from-EU-Free-Shipping-Vape-Factory-Wholesale-3-600x453.png 600w\" sizes=\"auto, (max-width: 1852px) 100vw, 1852px\" \/><\/strong><\/p>\n<p>&nbsp;<\/p>\n<h3 class=\"auto-hide-last-sibling-br paragraph-pP9ZLC paragraph-element br-paragraph-space\">Por que escolher o Armaz\u00e9m Europeu PGVape?<\/h3>\n<p>Envio r\u00e1pido: Entrega para a maioria dos pa\u00edses da UE dentro de 3 a 7 dias \u00fateis.<\/p>\n<p>Entrega isenta de impostos: O estoque local da UE garante um envio tranquilo e isento de impostos.<\/p>\n<p>Garantia aut\u00eantica 100%: Genu\u00edna <strong data-sourcepos=\"6:5-6:30\">Lenda do estrondo<\/strong> cigarros eletr\u00f4nicos de fornecedores certificados.<\/p>\n<p>Estoque Fresco: Armazenado sob condi\u00e7\u00f5es controladas para garantir a qualidade ideal.<\/p>\n<p>Confi\u00e1vel pelos europeus: Milhares de clientes desfrutam de servi\u00e7os de cigarros eletr\u00f4nicos r\u00e1pidos e seguros da PGVape.<\/p>\n<p>&nbsp;<\/p>\n<h2><span style=\"font-size: 90%;\">Perguntas frequentes sobre Bang Legend 120000 120K Puffs 5 em 1 sabores Vape descart\u00e1vel<\/span><\/h2>\n<p>\u2753 <strong>\u00c9 enviado da UE?<\/strong><br \/>\n\u2705 <strong class=\"\">Sim<\/strong> \u2013 Apenas armaz\u00e9m da UE; <strong>Entrega de 2 a 8 dias<\/strong>, <strong>sem costumes<\/strong>, <strong>sem imposto de importa\u00e7\u00e3o<\/strong>.<\/p>\n<p>\u2753 <strong>Quantas baforadas?<\/strong><br \/>\n\u2705 <strong>At\u00e9 120.000 baforadas<\/strong> \u2013 a vida \u00fatil varia de acordo com o uso pessoal.<\/p>\n<p>\u2753 <strong>O que \u00e9 o sistema 5 em 1?<\/strong><br \/>\n\u2705 <strong>Cinco c\u00e1psulas de sabores pr\u00e9-carregadas<\/strong> em um dispositivo; <strong>girar o bocal<\/strong> para mudar instantaneamente \u2013 <strong>sem recarga<\/strong>.<\/p>\n<p>\u2753 <strong>\u00c9 recarreg\u00e1vel?<\/strong><br \/>\n\u2705 <strong>Sim<\/strong> \u2013 <strong>Tipo-C<\/strong> suportes de porta <strong>carregamento r\u00e1pido<\/strong> at\u00e9 que todos os pods estejam vazios.<\/p>\n<p>\u2753 <strong>Posso recarregar?<\/strong><br \/>\n\u2705 <strong class=\"\">N\u00e3o<\/strong> \u2013 <strong>descart\u00e1vel selado<\/strong>; descarte com responsabilidade quando o sabor enfraquecer.<\/p>\n<p>\u2753 <strong>Como posso saber se est\u00e1 vazio?<\/strong><br \/>\n\u2705 <strong>Sabor desaparece<\/strong> ou <strong>gotas de vapor<\/strong>; <strong>display inteligente<\/strong> tamb\u00e9m mostra <strong>e-l\u00edquido restante<\/strong>.<\/p>\n<p>\u2753 <strong>\u00c9 aut\u00eantico?<\/strong><br \/>\n\u2705 <strong>Produto Bang oficial 100 %<\/strong> \u2013 Controle de qualidade do armaz\u00e9m da UE e rastreabilidade total.<\/p>\n<p>\u2753 <strong>E se meu dispositivo estiver com defeito?<\/strong><br \/>\n\u2705 Contate o suporte com <strong>n\u00famero do pedido + v\u00eddeo curto<\/strong> \u2013 <strong>Garantia a n\u00edvel da UE<\/strong> se aplica.<\/p>\n<p>&nbsp;<\/p>\n<h3 id=\"brxe-najhln\" class=\"brxe-heading\">Perguntas frequentes (FAQ)<\/h3>\n<div id=\"brxe-rajiac\" class=\"brxe-text\">\n<p><strong>P: Quais m\u00e9todos de pagamento voc\u00ea aceita?<\/strong><br \/>\nR: Aceitamos PayPal, Stripe, transfer\u00eancias banc\u00e1rias (com suporte SEPA), os principais cart\u00f5es de cr\u00e9dito (Visa, MasterCard, American Express) e pagamentos em criptomoedas.<\/p>\n<p><strong>P: Quanto tempo leva a prepara\u00e7\u00e3o do pedido?<\/strong><br \/>\nR: A prepara\u00e7\u00e3o do pedido leva de 1 a 3 dias \u00fateis.<\/p>\n<p><strong>P: Qual \u00e9 o tempo de envio?<\/strong><br \/>\nR: O tempo de envio \u00e9 de 7 a 14 dias \u00fateis, dependendo da sua localiza\u00e7\u00e3o. As mercadorias enviadas de armaz\u00e9ns europeus normalmente levam de 3 a 6 dias \u00fateis para serem entregues.<\/p>\n<p><strong>P: Como posso rastrear meu pedido?<\/strong><br \/>\nR: Ap\u00f3s o envio, voc\u00ea receber\u00e1 um e-mail de confirma\u00e7\u00e3o com um n\u00famero de rastreamento para rastreamento em tempo real.<\/p>\n<p><strong>P: Qual \u00e9 a sua pol\u00edtica de devolu\u00e7\u00e3o?<\/strong><br \/>\nR: Oferecemos uma pol\u00edtica de devolu\u00e7\u00e3o de 30 dias para reembolsos ou trocas. .<\/p>\n<p><strong>P: Haver\u00e1 algum problema alfandeg\u00e1rio?<br \/>\n<\/strong>Lidamos com todos os procedimentos de desembara\u00e7o aduaneiro para garantir uma experi\u00eancia descomplicada para voc\u00ea. .<\/p>\n<p><strong>P: Quais m\u00e9todos de envio s\u00e3o usados?<\/strong><br \/>\nCooperamos com UPS\/DHL\/FEDEX\/DPD, etc. Escolheremos a op\u00e7\u00e3o de envio apropriada dependendo do pa\u00eds de entrega para garantir que voc\u00ea receba seus produtos o mais r\u00e1pido poss\u00edvel.<\/p>\n<p><a href=\"https:\/\/pgvape.com\/pt\/perguntas-frequentes\/\">Clique aqui para mais perguntas frequentes<\/a><\/p>\n<p>Prezados clientes, Se voc\u00ea tiver alguma d\u00favida sobre seu pedido ou a chegada de mercadorias, entre em contato com nosso atendimento ao cliente. Obrigado!<\/p>\n<h3 data-sourcepos=\"73:1-73:21\"><strong data-sourcepos=\"73:7-73:21\">Contate-nos<\/strong><\/h3>\n<div id=\"text-2419739398\" class=\"text\">\n<p><strong data-sourcepos=\"75:3-75:12\">E-mail<\/strong>:\u00a0<a href=\"mailto:support@pgvape.com\"><strong>support@pgvape.com<\/strong><\/a><\/p>\n<p><strong data-sourcepos=\"76:3-76:15\">WhatsApp<\/strong>:\u00a0<a href=\"https:\/\/wa.me\/+8618128481258\"><strong>+86 18128481258<\/strong><\/a><br \/>\n<strong>(Resposta em at\u00e9 24 horas em dias \u00fateis)<\/strong><\/p>\n<\/div>\n<h3><strong>Obrigado por escolher pgvape.com! .<\/strong><\/h3>\n<\/div>","protected":false},"excerpt":{"rendered":"<p><strong>BANG LEGEND 120K 5 em 1 UE<\/strong> \u2013 <strong>120 mil baforadas<\/strong>, <strong>cinco sabores<\/strong>, <strong>display inteligente<\/strong>, <strong>Tipo-C<\/strong>, <strong>Entrega na UE 2-8 dias<\/strong>.<strong>Gire uma vez, experimente cinco, vaporize durante meses \u2013 tudo da Europa.<\/strong><\/p>","protected":false},"featured_media":8635,"comment_status":"open","ping_status":"closed","template":"","meta":{"_seopress_robots_primary_cat":"","_seopress_titles_title":"","_seopress_titles_desc":"","_seopress_robots_index":""},"product_brand":[72,516],"product_cat":[69,71,515],"product_tag":[354,556,557,73,90,459,203],"class_list":{"0":"post-8620","1":"product","2":"type-product","3":"status-publish","4":"has-post-thumbnail","6":"product_brand-bang-legend-vape","7":"product_brand-disposable-vape","8":"product_cat-120k-puffs-vape","9":"product_cat-bang-legend-vape","10":"product_cat-disposable-vape","11":"product_tag-120k-puffs-vape","12":"product_tag-5-in-1-flavors","13":"product_tag-adjustable-flavors","14":"product_tag-bang-legend","15":"product_tag-disposable-vape","16":"product_tag-free-shipping","17":"product_tag-shipment-from-eu","18":"product_shipping_class-overseas-warehouse","20":"first","21":"instock","22":"sale","23":"shipping-taxable","24":"purchasable","25":"product-type-variable"},"_links":{"self":[{"href":"https:\/\/pgvape.com\/pt\/wp-json\/wp\/v2\/product\/8620","targetHints":{"allow":["GET"]}}],"collection":[{"href":"https:\/\/pgvape.com\/pt\/wp-json\/wp\/v2\/product"}],"about":[{"href":"https:\/\/pgvape.com\/pt\/wp-json\/wp\/v2\/types\/product"}],"replies":[{"embeddable":true,"href":"https:\/\/pgvape.com\/pt\/wp-json\/wp\/v2\/comments?post=8620"}],"wp:featuredmedia":[{"embeddable":true,"href":"https:\/\/pgvape.com\/pt\/wp-json\/wp\/v2\/media\/8635"}],"wp:attachment":[{"href":"https:\/\/pgvape.com\/pt\/wp-json\/wp\/v2\/media?parent=8620"}],"wp:term":[{"taxonomy":"product_brand","embeddable":true,"href":"https:\/\/pgvape.com\/pt\/wp-json\/wp\/v2\/product_brand?post=8620"},{"taxonomy":"product_cat","embeddable":true,"href":"https:\/\/pgvape.com\/pt\/wp-json\/wp\/v2\/product_cat?post=8620"},{"taxonomy":"product_tag","embeddable":true,"href":"https:\/\/pgvape.com\/pt\/wp-json\/wp\/v2\/product_tag?post=8620"}],"curies":[{"name":"wp","href":"https:\/\/api.w.org\/{rel}","templated":true}]}}