{"id":8503,"date":"2026-01-15T11:01:03","date_gmt":"2026-01-15T11:01:03","guid":{"rendered":"https:\/\/pgvape.com\/?post_type=product&#038;p=8503"},"modified":"2026-03-25T11:34:15","modified_gmt":"2026-03-25T11:34:15","slug":"bang-blaze-140000-140k-puffs-3-em-1-3-sabores-puros-vape-descartavel-0-2-3-5-nicotina-12-gosto-vape-fabrica-atacado","status":"publish","type":"product","link":"https:\/\/pgvape.com\/pt\/produto\/bang-blaze-140000-140k-puffs-3-em-1-3-sabores-puros-vape-descartavel-0-2-3-5-nicotina-12-gosto-vape-fabrica-atacado\/","title":{"rendered":"Bang Blaze 140000 140K Puffs 3 em 1 3 Sabores Puros Vape Descart\u00e1vel 0% 2% 3% 5%Nicotina 12Taste Vape F\u00e1brica Atacado"},"content":{"rendered":"<p><strong data-sourcepos=\"6:5-6:24\">Bang Blaze 140K<\/strong> estabelece um novo padr\u00e3o para vaping de alta capacidade e v\u00e1rios sabores. <strong data-sourcepos=\"6:145-6:177\">tr\u00eas tanques independentes de 15mL<\/strong> (45mL no total) com um exclusivo <strong data-sourcepos=\"6:205-6:242\">Mecanismo de troca de sabor 3 em 1<\/strong>, permitindo alternar instantaneamente entre perfis de sabores distintos. <strong data-sourcepos=\"6:320-6:355\">tr\u00eas bobinas de malha dedicadas de 1,0\u03a9<\/strong> para evitar a contamina\u00e7\u00e3o cruzada de sabores e apoiado por um <strong data-sourcepos=\"6:410-6:441\">Bateria recarreg\u00e1vel de 650mAh<\/strong> com <strong data-sourcepos=\"6:447-6:471\">Carregamento r\u00e1pido tipo C<\/strong>, ele oferece desempenho consistente e poderoso por meio de um desempenho sem precedentes <strong data-sourcepos=\"6:543-6:560\">140.000 baforadas<\/strong>., foi desenvolvido para vapers exigentes que se recusam a comprometer a variedade ou a longevidade.<\/p>\n<p>&nbsp;<\/p>\n<h2><span style=\"font-size: 90%;\"><span style=\"color: #ed1c24;\"><a style=\"color: #ed1c24;\" href=\"https:\/\/pgvape.com\/pt\/categoria-produto\/mais-modelos-interessantes-serao-lancados-em-breve-fique-ligado-e-siga-em-frente-com-bang-blaze\/\"><span style=\"color: #0000ff;\">Bang Chama<\/span><\/a><\/span> 140000 140K sopros 3 em 1 3 especifica\u00e7\u00f5es descart\u00e1veis \u200b\u200bde Vape de sabores puros<\/span><\/h2>\n<p><strong>Sopros<\/strong>: At\u00e9 <strong class=\"\">140,000<\/strong><\/p>\n<p><strong>E-l\u00edquido<\/strong>: <strong>45ml<\/strong> (tr\u00eas <strong class=\"\">15ml<\/strong> tanques independentes)<\/p>\n<p><strong>Nicotina<\/strong>: <strong>0 %, 2 %, 3 %, 5 %<\/strong> op\u00e7\u00f5es de sal<\/p>\n<p><strong>Bateria<\/strong>: <strong>650mAh<\/strong>, <strong>Tipo-C<\/strong> carga r\u00e1pida<\/p>\n<p><strong>Bobinas<\/strong>: <strong>Malha tripla de 1,0 \u03a9<\/strong> (um por tanque)<\/p>\n<p><strong>Trocar<\/strong>: <strong class=\"\">Altern\u00e2ncia manual 3 em 1<\/strong>\u2014troca instant\u00e2nea de sabor<\/p>\n<p>&nbsp;<\/p>\n<h3><span style=\"font-size: 90%;\">Bang Blaze 140000 140K Puffs 3in1 3 Pure Flavors Descart\u00e1veis \u200b\u200bVape Lista de sabores:<\/span><\/h3>\n<p>1. Gelo de melancia e lichia de morango e ursinhos de goma<\/p>\n<p>2. Gelo de p\u00eassego e melancia de mirtilo e gelo de morango e lim\u00e3o<\/p>\n<p>3. Gelo de uva e morango, manga e frutas vermelhas<\/p>\n<p>4.Gelo de mirtilo e LOVE66 e melancia de manga e p\u00eassego<\/p>\n<p>5. Mirtilo, Framboesa e Kiwi, Maracuj\u00e1, Goiaba e Abacaxi, Coco<\/p>\n<p>6. Morango, Melancia, Mirtilo, P\u00eassego e Gelo de Abacaxi com Groselha Preta<\/p>\n<p>7. Morango, kiwi, melancia, chiclete e mirtilo, cereja<\/p>\n<p>8. Black Dragon Ice e Morango Mamba e Framboesa Uva<\/p>\n<p>9. Manga, p\u00eassego e mirtilo, Red Bull e ma\u00e7\u00e3 uva<\/p>\n<p>10. Manga tripla e framboesa, lim\u00e3o e uva de mirtilo<\/p>\n<p>11. Lim\u00e3o, lim\u00e3o e babosa, manga, mel\u00e3o e melancia, fruta do drag\u00e3o<\/p>\n<p>12. Sorvete de banana, sorvete de morango e frutas vermelhas de melancia<img loading=\"lazy\" decoding=\"async\" class=\"alignnone wp-image-8546 size-full\" src=\"https:\/\/pgvape.com\/wp-content\/uploads\/2026\/01\/Bang-Blaze-140000-140K-Puffs-3in1-3-Pure-Flavors-Disposable-Vape-0-2-3-5Nicotine-12Taste-Vape-Factory-Wholesale-pgvape-14.png\" alt=\"Duas fileiras de seis garrafas de e-l\u00edquido Bang Blaze, pretas com ilustra\u00e7\u00f5es coloridas de animais e um r\u00f3tulo de 140k, cada uma com o nome do sabor mostrado abaixo.\" width=\"1500\" height=\"1011\" srcset=\"https:\/\/pgvape.com\/wp-content\/uploads\/2026\/01\/Bang-Blaze-140000-140K-Puffs-3in1-3-Pure-Flavors-Disposable-Vape-0-2-3-5Nicotine-12Taste-Vape-Factory-Wholesale-pgvape-14.png 1500w, https:\/\/pgvape.com\/wp-content\/uploads\/2026\/01\/Bang-Blaze-140000-140K-Puffs-3in1-3-Pure-Flavors-Disposable-Vape-0-2-3-5Nicotine-12Taste-Vape-Factory-Wholesale-pgvape-14-534x360.png 534w, https:\/\/pgvape.com\/wp-content\/uploads\/2026\/01\/Bang-Blaze-140000-140K-Puffs-3in1-3-Pure-Flavors-Disposable-Vape-0-2-3-5Nicotine-12Taste-Vape-Factory-Wholesale-pgvape-14-595x401.png 595w, https:\/\/pgvape.com\/wp-content\/uploads\/2026\/01\/Bang-Blaze-140000-140K-Puffs-3in1-3-Pure-Flavors-Disposable-Vape-0-2-3-5Nicotine-12Taste-Vape-Factory-Wholesale-pgvape-14-400x270.png 400w, https:\/\/pgvape.com\/wp-content\/uploads\/2026\/01\/Bang-Blaze-140000-140K-Puffs-3in1-3-Pure-Flavors-Disposable-Vape-0-2-3-5Nicotine-12Taste-Vape-Factory-Wholesale-pgvape-14-768x518.png 768w, https:\/\/pgvape.com\/wp-content\/uploads\/2026\/01\/Bang-Blaze-140000-140K-Puffs-3in1-3-Pure-Flavors-Disposable-Vape-0-2-3-5Nicotine-12Taste-Vape-Factory-Wholesale-pgvape-14-18x12.png 18w, https:\/\/pgvape.com\/wp-content\/uploads\/2026\/01\/Bang-Blaze-140000-140K-Puffs-3in1-3-Pure-Flavors-Disposable-Vape-0-2-3-5Nicotine-12Taste-Vape-Factory-Wholesale-pgvape-14-600x404.png 600w\" sizes=\"auto, (max-width: 1500px) 100vw, 1500px\" \/><\/p>\n<p>&nbsp;<\/p>\n<h2><span style=\"font-size: 90%;\">Perguntas frequentes sobre Bang Blaze 140000 140K Puffs 3 em 1 3 sabores puros Vape descart\u00e1vel<\/span><\/h2>\n<p>\u2753 <strong class=\"\">Como funciona a comuta\u00e7\u00e3o 3 em 1?<\/strong><br \/>\n\u2705 <strong class=\"\">Alternar manualmente<\/strong> trocas entre <strong>tr\u00eas tanques separados<\/strong>\u2014 zero fantasmas de sabor.<\/p>\n<p>\u2753 <strong class=\"\">Isso realmente d\u00e1 140k baforadas?<\/strong><br \/>\n\u2705 <strong>45 ml de l\u00edquido total<\/strong> suporta <strong>140 mil baforadas<\/strong>; a contagem real varia de acordo com o estilo de desenho.<\/p>\n<p>\u2753 <strong class=\"\">Por que bobinas triplas?<\/strong><br \/>\n\u2705 <strong class=\"\">Cada tanque possui uma bobina de malha de 1,0 \u03a9<\/strong>\u2014sem gosto cruzado, satura\u00e7\u00e3o fresca, carga de trabalho compartilhada.<\/p>\n<p>\u2753 <strong>Quanto tempo dura a bateria?<\/strong><br \/>\n\u2705 <strong>550mAh<\/strong> = dia inteiro de uso intenso; <strong>Tipo-C<\/strong> a recarga mant\u00e9m a tens\u00e3o est\u00e1vel at\u00e9 a \u00faltima baforada.<\/p>\n<p>\u2753 <strong class=\"\">Quais dosagens de nicotina s\u00e3o oferecidas?<\/strong><br \/>\n\u2705 <strong>0 %, 2 %, 3 %, 5 %<\/strong>-escolha na finaliza\u00e7\u00e3o da compra.<\/p>\n<p>\u2753 <strong>Posso recarregar ou reutilizar?<\/strong><br \/>\n\u2705 <strong class=\"\">N\u00e3o<\/strong>-descarte de forma respons\u00e1vel de uma vez por todas <strong>tr\u00eas tanques<\/strong> est\u00e3o vazios.<\/p>\n<p>&nbsp;<\/p>\n<h3 id=\"brxe-najhln\" class=\"brxe-heading\">Perguntas frequentes (FAQ)<\/h3>\n<div id=\"brxe-rajiac\" class=\"brxe-text\">\n<p><strong>P: Quais m\u00e9todos de pagamento voc\u00ea aceita?<\/strong><br \/>\nR: Aceitamos PayPal, Stripe, transfer\u00eancias banc\u00e1rias (com suporte SEPA), os principais cart\u00f5es de cr\u00e9dito (Visa, MasterCard, American Express) e pagamentos em criptomoedas.<\/p>\n<p><strong>P: Quanto tempo leva a prepara\u00e7\u00e3o do pedido?<\/strong><br \/>\nR: A prepara\u00e7\u00e3o do pedido leva de 1 a 3 dias \u00fateis.<\/p>\n<p><strong>P: Qual \u00e9 o tempo de envio?<\/strong><br \/>\nR: O tempo de envio \u00e9 de 7 a 14 dias \u00fateis, dependendo da sua localiza\u00e7\u00e3o. As mercadorias enviadas de armaz\u00e9ns europeus normalmente levam de 3 a 6 dias \u00fateis para serem entregues.<\/p>\n<p><strong>P: Como posso rastrear meu pedido?<\/strong><br \/>\nR: Ap\u00f3s o envio, voc\u00ea receber\u00e1 um e-mail de confirma\u00e7\u00e3o com um n\u00famero de rastreamento para rastreamento em tempo real.<\/p>\n<p><strong>P: Qual \u00e9 a sua pol\u00edtica de devolu\u00e7\u00e3o?<\/strong><br \/>\nR: Oferecemos uma pol\u00edtica de devolu\u00e7\u00e3o de 30 dias para reembolsos ou trocas. .<\/p>\n<p><strong>P: Haver\u00e1 algum problema alfandeg\u00e1rio?<br \/>\n<\/strong>Lidamos com todos os procedimentos de desembara\u00e7o aduaneiro para garantir uma experi\u00eancia descomplicada para voc\u00ea. .<\/p>\n<p><strong>P: Quais m\u00e9todos de envio s\u00e3o usados?<\/strong><br \/>\nCooperamos com UPS\/DHL\/FEDEX\/DPD, etc. Escolheremos a op\u00e7\u00e3o de envio apropriada dependendo do pa\u00eds de entrega para garantir que voc\u00ea receba seus produtos o mais r\u00e1pido poss\u00edvel.<\/p>\n<p><a href=\"https:\/\/pgvape.com\/pt\/perguntas-frequentes\/\">Clique aqui para mais perguntas frequentes<\/a><\/p>\n<p>Prezados clientes, Se voc\u00ea tiver alguma d\u00favida sobre seu pedido ou a chegada de mercadorias, entre em contato com nosso atendimento ao cliente. Obrigado!<\/p>\n<h3 data-sourcepos=\"73:1-73:21\"><strong data-sourcepos=\"73:7-73:21\">Contate-nos<\/strong><\/h3>\n<div id=\"text-2419739398\" class=\"text\">\n<p><strong data-sourcepos=\"75:3-75:12\">E-mail<\/strong>:\u00a0<a href=\"mailto:support@pgvape.com\"><strong>support@pgvape.com<\/strong><\/a><\/p>\n<p><strong data-sourcepos=\"76:3-76:15\">WhatsApp<\/strong>:\u00a0<a href=\"https:\/\/wa.me\/+8618128481258\"><strong>+86 18128481258<\/strong><\/a><br \/>\n<strong>(Resposta em at\u00e9 24 horas em dias \u00fateis)<\/strong><\/p>\n<\/div>\n<h3><strong>Obrigado por escolher pgvape.com! .<\/strong><\/h3>\n<\/div>","protected":false},"excerpt":{"rendered":"<p><strong>BANG BLAZ 140K<\/strong>-<strong>140 mil baforadas<\/strong>, <strong>45ml<\/strong>, <strong>malha tripla de 1,0 \u03a9<\/strong>, <strong>Alternar 3 em 1<\/strong>, \u00a0<strong>0-5 % \u00fanico<\/strong>.<strong>Tr\u00eas sabores, uma chama, meses de nuvens.<\/strong><\/p>","protected":false},"featured_media":8533,"comment_status":"open","ping_status":"closed","template":"","meta":{"_seopress_robots_primary_cat":"none","_seopress_titles_title":"","_seopress_titles_desc":"","_seopress_robots_index":""},"product_brand":[49,516],"product_cat":[529,33,515],"product_tag":[531,555,554,553,90,59],"class_list":{"0":"post-8503","1":"product","2":"type-product","3":"status-publish","4":"has-post-thumbnail","6":"product_brand-bang-blaze-vape","7":"product_brand-disposable-vape","8":"product_cat-140k-puffs-vape","9":"product_cat-bang-blaze-vape","10":"product_cat-disposable-vape","11":"product_tag-140k-puffs-vape","12":"product_tag-3-pure-flavors","13":"product_tag-3in1","14":"product_tag-bang-blaze-140000","15":"product_tag-disposable-vape","16":"product_tag-mouth-to-lung-mtl","18":"first","19":"instock","20":"sale","21":"shipping-taxable","22":"purchasable","23":"product-type-variable"},"_links":{"self":[{"href":"https:\/\/pgvape.com\/pt\/wp-json\/wp\/v2\/product\/8503","targetHints":{"allow":["GET"]}}],"collection":[{"href":"https:\/\/pgvape.com\/pt\/wp-json\/wp\/v2\/product"}],"about":[{"href":"https:\/\/pgvape.com\/pt\/wp-json\/wp\/v2\/types\/product"}],"replies":[{"embeddable":true,"href":"https:\/\/pgvape.com\/pt\/wp-json\/wp\/v2\/comments?post=8503"}],"wp:featuredmedia":[{"embeddable":true,"href":"https:\/\/pgvape.com\/pt\/wp-json\/wp\/v2\/media\/8533"}],"wp:attachment":[{"href":"https:\/\/pgvape.com\/pt\/wp-json\/wp\/v2\/media?parent=8503"}],"wp:term":[{"taxonomy":"product_brand","embeddable":true,"href":"https:\/\/pgvape.com\/pt\/wp-json\/wp\/v2\/product_brand?post=8503"},{"taxonomy":"product_cat","embeddable":true,"href":"https:\/\/pgvape.com\/pt\/wp-json\/wp\/v2\/product_cat?post=8503"},{"taxonomy":"product_tag","embeddable":true,"href":"https:\/\/pgvape.com\/pt\/wp-json\/wp\/v2\/product_tag?post=8503"}],"curies":[{"name":"wp","href":"https:\/\/api.w.org\/{rel}","templated":true}]}}