{"id":8460,"date":"2026-01-14T07:58:10","date_gmt":"2026-01-14T07:58:10","guid":{"rendered":"https:\/\/pgvape.com\/?post_type=product&#038;p=8460"},"modified":"2026-03-15T13:48:39","modified_gmt":"2026-03-15T13:48:39","slug":"bang-blaze-200000-6-em-1-sabores-200k-puffs-vape-descartaveis-0-2-3-5-nicotina-12-gosto-tela-inteligente-vape-fabrica-atacado","status":"publish","type":"product","link":"https:\/\/pgvape.com\/pt\/produto\/bang-blaze-200000-6-em-1-sabores-200k-puffs-vape-descartaveis-0-2-3-5-nicotina-12-gosto-tela-inteligente-vape-fabrica-atacado\/","title":{"rendered":"Bang Blaze 200000 6in1 Sabores 200k Puffs Vape Descart\u00e1vel 0% 2% 3% 5%Nicotina 12Taste Tela Inteligente Vape F\u00e1brica Atacado"},"content":{"rendered":"<p><strong data-sourcepos=\"6:5-6:25\">BANG BLAZ 200K<\/strong> \u00e9 um vape descart\u00e1vel multisabor inovador que redefine capacidade e variedade. <strong data-sourcepos=\"6:136-6:154\">corpo hexagonal<\/strong> habita\u00e7\u00e3o <strong data-sourcepos=\"6:163-6:200\">seis c\u00e2maras independentes de e-l\u00edquido<\/strong>, permite que os usu\u00e1rios alternem entre seis sabores distintos instantaneamente, sem contamina\u00e7\u00e3o cruzada. <strong data-sourcepos=\"6:321-6:344\">Classifica\u00e7\u00e3o de 200.000 baforadas<\/strong> e um enorme <strong data-sourcepos=\"6:359-6:391\">Capacidade total de e-l\u00edquido de 72mL<\/strong>, foi projetado para extrema longevidade. <strong data-sourcepos=\"6:446-6:463\">display inteligente<\/strong>, <strong data-sourcepos=\"6:465-6:496\">Bateria recarreg\u00e1vel de 650mAh<\/strong>, <strong data-sourcepos=\"6:498-6:522\">Carregamento r\u00e1pido tipo C<\/strong>, e <strong data-sourcepos=\"6:528-6:551\">seis bobinas de malha de 1,0\u03a9<\/strong>, oferece uma experi\u00eancia de vaporiza\u00e7\u00e3o premium, suave e vers\u00e1til para todos os n\u00edveis de usu\u00e1rio.<\/p>\n<p>&nbsp;<\/p>\n<h2><span style=\"font-size: 90%;\">Bang Blaze 200000 6 em 1 Sabores 200k Puffs <a href=\"https:\/\/pgvape.com\/pt\/categoria-produto\/vaporizador-descartavel\/\">Vape descart\u00e1vel<\/a> Especifica\u00e7\u00f5es:<\/span><\/h2>\n<p>\ud83d\udd04\u00a0<strong data-sourcepos=\"11:6-11:32\">Rota\u00e7\u00e3o de sabores 6 em 1<\/strong>\u00a0\u2013 Seis c\u00e2maras separadas de 12mL; giram o bocal para mudar os sabores.<\/p>\n<p>\ud83d\udca8\u00a0<strong data-sourcepos=\"12:6-12:29\">Longevidade incompar\u00e1vel<\/strong>\u00a0\u2013 At\u00e9 200.000 baforadas com uma capacidade total de e-l\u00edquido de 72mL.<\/p>\n<p>\ud83d\udda5\ufe0f\u00a0<strong data-sourcepos=\"13:7-13:31\">Tela de exibi\u00e7\u00e3o inteligente<\/strong>\u00a0\u2013 N\u00edvel da bateria em tempo real e monitoramento individual do tanque de e-l\u00edquido.<\/p>\n<p>\ud83d\udd0b\u00a0<strong data-sourcepos=\"14:6-14:46\">Bateria de 650mAh + carregamento r\u00e1pido USB-C<\/strong>\u00a0\u2013 Recarreg\u00e1vel para uso prolongado.<\/p>\n<p>\ud83d\udd25\u00a0<strong data-sourcepos=\"15:6-15:29\">Seis bobinas de malha de 1,0\u03a9<\/strong>\u00a0\u2013 Um por c\u00e2mara para vapor consistente e suave e sabor puro.<\/p>\n<p>\u2699\ufe0f\u00a0<strong data-sourcepos=\"16:6-16:36\">Design ergon\u00f4mico hexagonal<\/strong>\u00a0\u2013 Est\u00e1vel, elegante e f\u00e1cil de segurar.<\/p>\n<p>\ud83d\udce6\u00a0<strong data-sourcepos=\"17:6-17:24\">Embalagem a granel<\/strong>\u00a0\u2013 10 pe\u00e7as por caixa, 100 pe\u00e7as por caixa para efici\u00eancia no atacado.<\/p>\n<p>&nbsp;<\/p>\n<h3><span style=\"font-size: 90%;\">Bang Blaze 200000 6 em 1 Sabores 200k Puffs Lista de sabores Vape descart\u00e1veis:<\/span><\/h3>\n<p>1. Gelo de P\u00eassego \/ Lim\u00e3o Lim\u00e3o \/ Melancia Morango \/ Uva Framboesa \/ Mamba Morango \/ Rom\u00e3 Cereja<\/p>\n<p>2. Gelo de melancia \/ Ma\u00e7\u00e3 Uva \/ Mirtilo Framboesa \/ Manga P\u00eassego \/ Abacaxi Laranja \/ Mirtilo P\u00eassego<\/p>\n<p>3. Gelo de uva \/ Lim\u00e3o de framboesa \/ Red Bull de mirtilo \/ Coco de abacaxi \/ Lichia de morango \/ Gelo de drag\u00e3o preto<\/p>\n<p>4. Gelo de mirtilo \/ Melancia de framboesa \/ Uva de Aloe Vera \/ Banana de morango \/ Love 66 \/ Cereja de mirtilo<\/p>\n<p>5. Gelo de ma\u00e7\u00e3 \/ frutas vermelhas mistas \/ chiclete de melancia \/ melancia de mirtilo \/ manga de morango \/ mel\u00e3o de manga de aloe vera<\/p>\n<p>6. Gelo de abacaxi \/ Kiwi Maracuj\u00e1 Goiaba \/ Balas de goma em formato de urso \/ Melancia Fruta do drag\u00e3o \/ P\u00eassego Manga Melancia \/ Mirtilo Cranberry Cereja<\/p>\n<p>7. Gelo de abacaxi com morango \/ groselha preta \/ Frutas tropicais \/ Chiclete de uva \/ Uva de mirtilo \/ Maracuj\u00e1 de manga<\/p>\n<p>8. Triplo Manga \/ Uva P\u00eassego \/ Sorvete de Morango \/ Kiwi de Morango \/ Energia de Uva \/ Cola Vermelha<\/p>\n<p>9. Gelo de banana \/ Ma\u00e7\u00e3 de aloe vera \/ Uva de maracuj\u00e1 \/ Coco de morango \/ Chiclete de melancia de morango \/ Gelo de lim\u00e3o e melancia<\/p>\n<p>10. Gelo de Cereja \/ Lim\u00e3o Rosa \/ Menta de Mirtilo \/ Sorvete de Banana \/ Maracuj\u00e1, Abacaxi, P\u00eassego, Gelo \/ Ma\u00e7\u00e3 Verde Kiwi<\/p>\n<p>11.Rainbow CY \/ P\u00eassego P\u00eara Gelo \/ Cappuccino \/ Mojito de Hortel\u00e3 Fresca \/ Morango Manga Groselha Preta \/ Marshmallow<\/p>\n<p>12. Groselha Preta \/ Mel\u00e3o Triplo \/ Morango Framboesa \/ Super Berry \/ Mirtilo Amora Morango \/ P\u00eassego \u00c1gua Lim\u00e3o<img loading=\"lazy\" decoding=\"async\" class=\"alignnone wp-image-8471 size-full\" src=\"https:\/\/pgvape.com\/wp-content\/uploads\/2026\/01\/Bang-Blaze-200000-6in1-Flavors-200k-Puffs-Disposable-Vape-0-2-3-5Nicotine-12Taste-Smart-Screen-Vape-Factory-Wholesale-9.png\" alt=\"Duas fileiras de garrafas de bebidas energ\u00e9ticas Bang com personagens de desenhos animados nos r\u00f3tulos, nomes de sabores coloridos e um banner de 12 sabores.\" width=\"1500\" height=\"1564\" srcset=\"https:\/\/pgvape.com\/wp-content\/uploads\/2026\/01\/Bang-Blaze-200000-6in1-Flavors-200k-Puffs-Disposable-Vape-0-2-3-5Nicotine-12Taste-Smart-Screen-Vape-Factory-Wholesale-9.png 1500w, https:\/\/pgvape.com\/wp-content\/uploads\/2026\/01\/Bang-Blaze-200000-6in1-Flavors-200k-Puffs-Disposable-Vape-0-2-3-5Nicotine-12Taste-Smart-Screen-Vape-Factory-Wholesale-9-345x360.png 345w, https:\/\/pgvape.com\/wp-content\/uploads\/2026\/01\/Bang-Blaze-200000-6in1-Flavors-200k-Puffs-Disposable-Vape-0-2-3-5Nicotine-12Taste-Smart-Screen-Vape-Factory-Wholesale-9-595x620.png 595w, https:\/\/pgvape.com\/wp-content\/uploads\/2026\/01\/Bang-Blaze-200000-6in1-Flavors-200k-Puffs-Disposable-Vape-0-2-3-5Nicotine-12Taste-Smart-Screen-Vape-Factory-Wholesale-9-384x400.png 384w, https:\/\/pgvape.com\/wp-content\/uploads\/2026\/01\/Bang-Blaze-200000-6in1-Flavors-200k-Puffs-Disposable-Vape-0-2-3-5Nicotine-12Taste-Smart-Screen-Vape-Factory-Wholesale-9-768x801.png 768w, https:\/\/pgvape.com\/wp-content\/uploads\/2026\/01\/Bang-Blaze-200000-6in1-Flavors-200k-Puffs-Disposable-Vape-0-2-3-5Nicotine-12Taste-Smart-Screen-Vape-Factory-Wholesale-9-1473x1536.png 1473w, https:\/\/pgvape.com\/wp-content\/uploads\/2026\/01\/Bang-Blaze-200000-6in1-Flavors-200k-Puffs-Disposable-Vape-0-2-3-5Nicotine-12Taste-Smart-Screen-Vape-Factory-Wholesale-9-12x12.png 12w, https:\/\/pgvape.com\/wp-content\/uploads\/2026\/01\/Bang-Blaze-200000-6in1-Flavors-200k-Puffs-Disposable-Vape-0-2-3-5Nicotine-12Taste-Smart-Screen-Vape-Factory-Wholesale-9-600x626.png 600w\" sizes=\"auto, (max-width: 1500px) 100vw, 1500px\" \/><\/p>\n<p>&nbsp;<\/p>\n<h2>Perguntas frequentes sobre Bang Blaze 200000 6 em 1 sabores 200k Puffs Vape descart\u00e1vel<\/h2>\n<p>\u2753 <strong>O que h\u00e1 de especial neste dispositivo?<\/strong><br \/>\n\u2705 <strong>Seis tanques independentes<\/strong>\u2014um dispositivo, <strong>seis sabores puros<\/strong>, <strong>200 mil baforadas<\/strong>.<\/p>\n<p>\u2753 <strong>Como mudo os sabores?<\/strong><br \/>\n\u2705 <strong>Levante e gire o bocal<\/strong>\u2014o tanque muda instantaneamente, sem gosto cruzado.<\/p>\n<p>\u2753 <strong class=\"\">\u00c9 recarreg\u00e1vel?<\/strong><br \/>\n\u2705 <strong>650mAh<\/strong> bateria + <strong>Tipo-C<\/strong>; <strong>45-60 minutos<\/strong> carga completa.<\/p>\n<p>\u2753 <strong>Quantas tragadas posso conseguir?<\/strong><br \/>\n\u2705 Avaliado em laborat\u00f3rio <strong>200.000 baforadas<\/strong>\u2014meses de uso di\u00e1rio (o uso real pode variar).<\/p>\n<p>\u2753 <strong>Tem tela?<\/strong><br \/>\n\u2705 <strong>Tela inteligente<\/strong> mostra <strong>bateria<\/strong> e <strong>e-l\u00edquido restante<\/strong> por tanque.<\/p>\n<p>\u2753 <strong>Quais dosagens de nicotina est\u00e3o dispon\u00edveis?<\/strong><br \/>\n\u2705 <strong>0 %, 2 %, 3 %, 5 %<\/strong>\u2014escolha a for\u00e7a na finaliza\u00e7\u00e3o da compra.<\/p>\n<p>\u2753 <strong>Pode ser recarregado ou reutilizado?<\/strong><br \/>\n\u2705 <strong>N\u00e3o<\/strong>-descarte de forma respons\u00e1vel de uma vez por todas <strong>seis tanques<\/strong> est\u00e3o vazios.<\/p>\n<p>\u2753 <strong>O vapor \u00e9 suave?<\/strong><br \/>\n\u2705 <strong>Seis bobinas de malha<\/strong> entregar <strong>rico, suave, sem odor<\/strong> vaporize cada baforada.<\/p>\n<p>\u2753 <strong>Adequado para iniciantes?<\/strong><br \/>\n\u2705 <strong>Ativado por sorteio<\/strong>, <strong>sem configura\u00e7\u00e3o<\/strong>, <strong>display inteligente<\/strong>-pronto para vaporizar fora da caixa.<\/p>\n<p>&nbsp;<\/p>\n<h3 id=\"brxe-najhln\" class=\"brxe-heading\">Perguntas frequentes (FAQ)<\/h3>\n<div id=\"brxe-rajiac\" class=\"brxe-text\">\n<p><strong>P: Quais m\u00e9todos de pagamento voc\u00ea aceita?<\/strong><br \/>\nR: Aceitamos PayPal, Stripe, transfer\u00eancias banc\u00e1rias (com suporte SEPA), os principais cart\u00f5es de cr\u00e9dito (Visa, MasterCard, American Express) e pagamentos em criptomoedas.<\/p>\n<p><strong>P: Quanto tempo leva a prepara\u00e7\u00e3o do pedido?<\/strong><br \/>\nR: A prepara\u00e7\u00e3o do pedido leva de 1 a 3 dias \u00fateis.<\/p>\n<p><strong>P: Qual \u00e9 o tempo de envio?<\/strong><br \/>\nR: O tempo de envio \u00e9 de 7 a 14 dias \u00fateis, dependendo da sua localiza\u00e7\u00e3o. As mercadorias enviadas de armaz\u00e9ns europeus normalmente levam de 3 a 6 dias \u00fateis para serem entregues.<\/p>\n<p><strong>P: Como posso rastrear meu pedido?<\/strong><br \/>\nR: Ap\u00f3s o envio, voc\u00ea receber\u00e1 um e-mail de confirma\u00e7\u00e3o com um n\u00famero de rastreamento para rastreamento em tempo real.<\/p>\n<p><strong>P: Qual \u00e9 a sua pol\u00edtica de devolu\u00e7\u00e3o?<\/strong><br \/>\nR: Oferecemos uma pol\u00edtica de devolu\u00e7\u00e3o de 30 dias para reembolsos ou trocas. .<\/p>\n<p><strong>P: Haver\u00e1 algum problema alfandeg\u00e1rio?<br \/>\n<\/strong>Lidamos com todos os procedimentos de desembara\u00e7o aduaneiro para garantir uma experi\u00eancia descomplicada para voc\u00ea. .<\/p>\n<p><strong>P: Quais m\u00e9todos de envio s\u00e3o usados?<\/strong><br \/>\nCooperamos com UPS\/DHL\/FEDEX\/DPD, etc. Escolheremos a op\u00e7\u00e3o de envio apropriada dependendo do pa\u00eds de entrega para garantir que voc\u00ea receba seus produtos o mais r\u00e1pido poss\u00edvel.<\/p>\n<p><a href=\"https:\/\/pgvape.com\/pt\/perguntas-frequentes\/\">Clique aqui para mais perguntas frequentes<\/a><\/p>\n<p>Prezados clientes, Se voc\u00ea tiver alguma d\u00favida sobre seu pedido ou a chegada de mercadorias, entre em contato com nosso atendimento ao cliente. Obrigado!<\/p>\n<h3 data-sourcepos=\"73:1-73:21\"><strong data-sourcepos=\"73:7-73:21\">Contate-nos<\/strong><\/h3>\n<div id=\"text-2419739398\" class=\"text\">\n<p><strong data-sourcepos=\"75:3-75:12\">E-mail<\/strong>:\u00a0<a href=\"mailto:support@pgvape.com\"><strong>support@pgvape.com<\/strong><\/a><\/p>\n<p><strong data-sourcepos=\"76:3-76:15\">WhatsApp<\/strong>:\u00a0<a href=\"https:\/\/wa.me\/+8618128481258\"><strong>+86 18128481258<\/strong><\/a><br \/>\n<strong>(Resposta em at\u00e9 24 horas em dias \u00fateis)<\/strong><\/p>\n<\/div>\n<h3><strong>Obrigado por escolher pgvape.com! .<\/strong><\/h3>\n<\/div>","protected":false},"excerpt":{"rendered":"<p><strong>BANG BLAZE 6 em 1<\/strong>-<strong>200 mil baforadas<\/strong>, <strong>72ml<\/strong>, <strong>seis tanques<\/strong>, <strong>corpo hexagonal<\/strong>, <strong>display inteligente<\/strong>, <strong>0-5 % \u00fanico<\/strong>.<strong class=\"\">Gire uma vez, experimente seis, vape por meio ano.<\/strong><\/p>","protected":false},"featured_media":8463,"comment_status":"open","ping_status":"closed","template":"","meta":{"_seopress_robots_primary_cat":"none","_seopress_titles_title":"","_seopress_titles_desc":"","_seopress_robots_index":""},"product_brand":[549,49,516],"product_cat":[548,33,515],"product_tag":[552,551,550,90,81],"class_list":{"0":"post-8460","1":"product","2":"type-product","3":"status-publish","4":"has-post-thumbnail","6":"product_brand-200k-puffs-vape","7":"product_brand-bang-blaze-vape","8":"product_brand-disposable-vape","9":"product_cat-200k-puffs-vape","10":"product_cat-bang-blaze-vape","11":"product_cat-disposable-vape","12":"product_tag-200k-puffs-vape","13":"product_tag-6in1-flavors","14":"product_tag-bang-blaze-200000","15":"product_tag-disposable-vape","16":"product_tag-mouth-to-lung","18":"first","19":"instock","20":"sale","21":"shipping-taxable","22":"purchasable","23":"product-type-variable"},"_links":{"self":[{"href":"https:\/\/pgvape.com\/pt\/wp-json\/wp\/v2\/product\/8460","targetHints":{"allow":["GET"]}}],"collection":[{"href":"https:\/\/pgvape.com\/pt\/wp-json\/wp\/v2\/product"}],"about":[{"href":"https:\/\/pgvape.com\/pt\/wp-json\/wp\/v2\/types\/product"}],"replies":[{"embeddable":true,"href":"https:\/\/pgvape.com\/pt\/wp-json\/wp\/v2\/comments?post=8460"}],"wp:featuredmedia":[{"embeddable":true,"href":"https:\/\/pgvape.com\/pt\/wp-json\/wp\/v2\/media\/8463"}],"wp:attachment":[{"href":"https:\/\/pgvape.com\/pt\/wp-json\/wp\/v2\/media?parent=8460"}],"wp:term":[{"taxonomy":"product_brand","embeddable":true,"href":"https:\/\/pgvape.com\/pt\/wp-json\/wp\/v2\/product_brand?post=8460"},{"taxonomy":"product_cat","embeddable":true,"href":"https:\/\/pgvape.com\/pt\/wp-json\/wp\/v2\/product_cat?post=8460"},{"taxonomy":"product_tag","embeddable":true,"href":"https:\/\/pgvape.com\/pt\/wp-json\/wp\/v2\/product_tag?post=8460"}],"curies":[{"name":"wp","href":"https:\/\/api.w.org\/{rel}","templated":true}]}}