{"id":8412,"date":"2026-01-08T12:56:25","date_gmt":"2026-01-08T12:56:25","guid":{"rendered":"https:\/\/pgvape.com\/?post_type=product&#038;p=8412"},"modified":"2026-03-15T13:42:00","modified_gmt":"2026-03-15T13:42:00","slug":"bang-recarregavel-60000-60k-puffs-2-em-1-sabores-duplos-vape-descartavel-fluxo-de-ar-ajustavel-0-5-nicotina-12-gosto-tela-inteligente-vape-fabrica-atacado","status":"publish","type":"product","link":"https:\/\/pgvape.com\/pt\/produto\/bang-recarregavel-60000-60k-puffs-2-em-1-sabores-duplos-vape-descartavel-fluxo-de-ar-ajustavel-0-5-nicotina-12-gosto-tela-inteligente-vape-fabrica-atacado\/","title":{"rendered":"Bang Recarreg\u00e1veis \u200b\u200b60000 60k Puffs 2 em 1 Sabores Duplos Vape Descart\u00e1vel Fluxo de Ar Ajust\u00e1vel 0%-5%Nicotina 12Taste Tela Inteligente Vape F\u00e1brica Atacado"},"content":{"rendered":"<p><strong data-sourcepos=\"6:5-6:26\">Bang 60000 2 em 1<\/strong> \u00e9 um divisor de \u00e1guas na vaporiza\u00e7\u00e3o sustent\u00e1vel, oferecendo a conveni\u00eancia de um sistema descart\u00e1vel com a longevidade e a ecologia de um sistema recarreg\u00e1vel. <strong data-sourcepos=\"6:183-6:201\">dois tanques de 18mL<\/strong> (capacidade total de 36mL) para troca instant\u00e2nea de sabor e entrega de uma experi\u00eancia sem precedentes <strong data-sourcepos=\"6:285-6:301\">60.000 baforadas<\/strong>, combina pot\u00eancia, controle e impacto ambiental reduzido. <strong data-sourcepos=\"6:369-6:386\">display inteligente<\/strong> fornece monitoramento claro da bateria e do e-l\u00edquido, enquanto o <strong data-sourcepos=\"6:445-6:476\">Bateria recarreg\u00e1vel de 550mAh<\/strong> com <strong data-sourcepos=\"6:482-6:505\">Carregamento r\u00e1pido USB-C<\/strong>, <strong data-sourcepos=\"6:507-6:525\">bobina de malha 1.0\u03a9<\/strong>, e <strong data-sourcepos=\"6:531-6:553\">fluxo de ar ajust\u00e1vel<\/strong> garanta uma experi\u00eancia vaping premium e personaliz\u00e1vel. .<\/p>\n<p>&nbsp;<\/p>\n<h2><strong><span style=\"font-size: 90%;\">Bang Refillable 60000 60k Puffs 2 em 1 Especifica\u00e7\u00f5es de Vape descart\u00e1veis \u200b\u200bde sabores duplos<\/span><\/strong><\/h2>\n<p><strong data-sourcepos=\"11:6-11:37\">Sistema recarreg\u00e1vel de tanque duplo<\/strong>\u00a0\u2013 Dois tanques de 18mL para troca instant\u00e2nea de sabor e uso prolongado.<\/p>\n<p><strong data-sourcepos=\"12:6-12:30\">Design Eco-Consciente<\/strong>\u00a0\u2013 Recarreg\u00e1vel para reduzir o desperd\u00edcio, oferecendo mais valor ao longo do tempo.<\/p>\n<p><strong data-sourcepos=\"13:7-13:31\">Tela de exibi\u00e7\u00e3o inteligente<\/strong>\u00a0\u2013 Leitura clara da porcentagem da bateria e dos n\u00edveis de e-l\u00edquido.<\/p>\n<p><strong data-sourcepos=\"14:6-14:46\">Bateria de 550mAh + carregamento r\u00e1pido USB-C<\/strong>\u00a0\u2013 Energia confi\u00e1vel durante todo o dia com recarga r\u00e1pida.<\/p>\n<p><strong data-sourcepos=\"15:6-15:24\">Bobina de malha 1.0\u03a9<\/strong>\u00a0\u2013 Vapor suave e rico e entrega de sabor consistente.<\/p>\n<p><strong data-sourcepos=\"16:7-16:29\">Fluxo de ar ajust\u00e1vel<\/strong>\u00a0\u2013 Personalize seu desenho de apertado a arejado.<\/p>\n<p><strong data-sourcepos=\"17:6-17:28\">At\u00e9 60.000 baforadas<\/strong>\u00a0\u2013 Vida \u00fatil excepcional para uso pesado e de longo prazo.<\/p>\n<p><strong data-sourcepos=\"18:6-18:26\">Pronto para varejo<\/strong>\u00a0\u2013 Design moderno com embalagem f\u00e1cil de usar.<\/p>\n<p>&nbsp;<\/p>\n<h3><strong><span style=\"font-size: 90%;\">Bang Recarreg\u00e1veis \u200b\u200b60000 60k Puffs 2 em 1 Lista de Sabores Vape Descart\u00e1veis \u200b\u200bde Sabores Duplos:<\/span><\/strong><\/h3>\n<p><strong class=\"\">1. Gelo de melancia e melancia com morango<\/strong><\/p>\n<p><strong>2. Gelo de manga e manga de morango<\/strong><\/p>\n<p><strong class=\"\">3. Gelo de p\u00eassego e p\u00eassego de manga<\/strong><\/p>\n<p><strong class=\"\">4. Gelo de melancia e melancia de mirtilo<\/strong><\/p>\n<p><strong class=\"\">5. Frutas Mistas e Frutas Triplas<\/strong><\/p>\n<p><strong class=\"\">6. Gelo de Morango e Banana com Morango<\/strong><\/p>\n<p><strong class=\"\">7. Gelo de mirtilo e framboesa de mirtilo<\/strong><\/p>\n<p><strong class=\"\">8. Melancia, Cereja e Coca-Cola de Cereja<\/strong><\/p>\n<p><strong class=\"\">9. Gelo de mirtilo e hortel\u00e3 de mirtilo<\/strong><\/p>\n<p><strong class=\"\">10. Abacaxi, Coco e Gelo de Abacaxi<\/strong><\/p>\n<p><strong class=\"\">11. Bebida energ\u00e9tica e gelo de melancia<\/strong><\/p>\n<p><strong class=\"\">12.Gelo de uva e uva de mirtilo<img loading=\"lazy\" decoding=\"async\" class=\"alignnone wp-image-8429 size-full\" src=\"https:\/\/pgvape.com\/wp-content\/uploads\/2026\/01\/Bang-Refillable-60000-60k-Puffs-2-in-1-Double-Flavors-Disposable-Vape-0-2-3-5Nicotine-12Taste-Smart-Screen-Vape-Factory-Wholesale-15.png\" alt=\"Fileiras de canetas vaporizadoras coloridas com tanques transparentes e corpos neon, rotuladas com sabores de frutas em um fundo azul.\" width=\"1500\" height=\"1246\" srcset=\"https:\/\/pgvape.com\/wp-content\/uploads\/2026\/01\/Bang-Refillable-60000-60k-Puffs-2-in-1-Double-Flavors-Disposable-Vape-0-2-3-5Nicotine-12Taste-Smart-Screen-Vape-Factory-Wholesale-15.png 1500w, https:\/\/pgvape.com\/wp-content\/uploads\/2026\/01\/Bang-Refillable-60000-60k-Puffs-2-in-1-Double-Flavors-Disposable-Vape-0-2-3-5Nicotine-12Taste-Smart-Screen-Vape-Factory-Wholesale-15-433x360.png 433w, https:\/\/pgvape.com\/wp-content\/uploads\/2026\/01\/Bang-Refillable-60000-60k-Puffs-2-in-1-Double-Flavors-Disposable-Vape-0-2-3-5Nicotine-12Taste-Smart-Screen-Vape-Factory-Wholesale-15-595x494.png 595w, https:\/\/pgvape.com\/wp-content\/uploads\/2026\/01\/Bang-Refillable-60000-60k-Puffs-2-in-1-Double-Flavors-Disposable-Vape-0-2-3-5Nicotine-12Taste-Smart-Screen-Vape-Factory-Wholesale-15-400x332.png 400w, https:\/\/pgvape.com\/wp-content\/uploads\/2026\/01\/Bang-Refillable-60000-60k-Puffs-2-in-1-Double-Flavors-Disposable-Vape-0-2-3-5Nicotine-12Taste-Smart-Screen-Vape-Factory-Wholesale-15-768x638.png 768w, https:\/\/pgvape.com\/wp-content\/uploads\/2026\/01\/Bang-Refillable-60000-60k-Puffs-2-in-1-Double-Flavors-Disposable-Vape-0-2-3-5Nicotine-12Taste-Smart-Screen-Vape-Factory-Wholesale-15-14x12.png 14w, https:\/\/pgvape.com\/wp-content\/uploads\/2026\/01\/Bang-Refillable-60000-60k-Puffs-2-in-1-Double-Flavors-Disposable-Vape-0-2-3-5Nicotine-12Taste-Smart-Screen-Vape-Factory-Wholesale-15-600x498.png 600w\" sizes=\"auto, (max-width: 1500px) 100vw, 1500px\" \/><\/strong><\/p>\n<p>&nbsp;<\/p>\n<h2><span style=\"font-size: 90%;\">Perguntas frequentes sobre Bang Refillable 60000 60k Puffs 2 em 1 Vape descart\u00e1vel de sabores duplos<\/span><\/h2>\n<p>\u2753 O Bang 60000 2 em 1 \u00e9 realmente recarreg\u00e1vel?<br \/>\n\u2705 Sim, este dispositivo foi projetado como um vaporizador descart\u00e1vel recarreg\u00e1vel. .<\/p>\n<p>\u2753Como fa\u00e7o para alternar entre os dois sabores?<br \/>\n\u2705 O Bang 60000 2 em 1 possui dois tanques separados. .<\/p>\n<p>\u2753 O que a tela inteligente mostra?<br \/>\n\u2705 A tela mostra claramente o n\u00edvel restante do e-l\u00edquido e a porcentagem da bateria, ajudando voc\u00ea a gerenciar sua experi\u00eancia de vaporiza\u00e7\u00e3o.<\/p>\n<p>\u2753 Quantas tragadas posso realmente conseguir?<br \/>\n\u2705 Este dispositivo \u00e9 classificado para impressionantes 60.000 baforadas, tornando o Bang 60000 2 em 1 uma op\u00e7\u00e3o incrivelmente duradoura.<\/p>\n<p>\u2753 Como fa\u00e7o para carreg\u00e1-lo?<br \/>\n\u2705 O carregamento \u00e9 f\u00e1cil e moderno. .<\/p>\n<p>\u2753 O que o torna um dispositivo \u201c2 em 1\u201d?<br \/>\n\u2705 O \u201c2 em 1\u201d refere-se ao sistema de tanque duplo de e-l\u00edquido, permitindo que voc\u00ea tenha dois sabores diferentes prontos para uso em um \u00fanico dispositivo Bang 60000.<\/p>\n<p>\u2753\u00c9 f\u00e1cil saber quando o e-l\u00edquido est\u00e1 baixo?<br \/>\n\u2705 Sim, a tela inteligente do Bang 60000 2 em 1 indicar\u00e1 claramente quando o n\u00edvel do seu e-l\u00edquido est\u00e1 diminuindo, para que voc\u00ea possa reabastecer a tempo.<\/p>\n<p>&nbsp;<\/p>\n<h3 id=\"brxe-najhln\" class=\"brxe-heading\">Perguntas frequentes (FAQ)<\/h3>\n<div id=\"brxe-rajiac\" class=\"brxe-text\">\n<p><strong>P: Quais m\u00e9todos de pagamento voc\u00ea aceita?<\/strong><br \/>\nR: Aceitamos PayPal, Stripe, transfer\u00eancias banc\u00e1rias (com suporte SEPA), os principais cart\u00f5es de cr\u00e9dito (Visa, MasterCard, American Express) e pagamentos em criptomoedas.<\/p>\n<p><strong>P: Quanto tempo leva a prepara\u00e7\u00e3o do pedido?<\/strong><br \/>\nR: A prepara\u00e7\u00e3o do pedido leva de 1 a 3 dias \u00fateis.<\/p>\n<p><strong>P: Qual \u00e9 o tempo de envio?<\/strong><br \/>\nR: O tempo de envio \u00e9 de 7 a 14 dias \u00fateis, dependendo da sua localiza\u00e7\u00e3o. As mercadorias enviadas de armaz\u00e9ns europeus normalmente levam de 3 a 6 dias \u00fateis para serem entregues.<\/p>\n<p><strong>P: Como posso rastrear meu pedido?<\/strong><br \/>\nR: Ap\u00f3s o envio, voc\u00ea receber\u00e1 um e-mail de confirma\u00e7\u00e3o com um n\u00famero de rastreamento para rastreamento em tempo real.<\/p>\n<p><strong>P: Qual \u00e9 a sua pol\u00edtica de devolu\u00e7\u00e3o?<\/strong><br \/>\nR: Oferecemos uma pol\u00edtica de devolu\u00e7\u00e3o de 30 dias para reembolsos ou trocas. .<\/p>\n<p><strong>P: Haver\u00e1 algum problema alfandeg\u00e1rio?<br \/>\n<\/strong>Lidamos com todos os procedimentos de desembara\u00e7o aduaneiro para garantir uma experi\u00eancia descomplicada para voc\u00ea. .<\/p>\n<p><strong>P: Quais m\u00e9todos de envio s\u00e3o usados?<\/strong><br \/>\nCooperamos com UPS\/DHL\/FEDEX\/DPD, etc. Escolheremos a op\u00e7\u00e3o de envio apropriada dependendo do pa\u00eds de entrega para garantir que voc\u00ea receba seus produtos o mais r\u00e1pido poss\u00edvel.<\/p>\n<p><a href=\"https:\/\/pgvape.com\/pt\/perguntas-frequentes\/\">Clique aqui para mais perguntas frequentes<\/a><\/p>\n<p>Prezados clientes, Se voc\u00ea tiver alguma d\u00favida sobre seu pedido ou a chegada de mercadorias, entre em contato com nosso atendimento ao cliente. Obrigado!<\/p>\n<h3 data-sourcepos=\"73:1-73:21\"><strong data-sourcepos=\"73:7-73:21\">Contate-nos<\/strong><\/h3>\n<div id=\"text-2419739398\" class=\"text\">\n<p><strong data-sourcepos=\"75:3-75:12\">E-mail<\/strong>:\u00a0<a href=\"mailto:support@pgvape.com\"><strong>support@pgvape.com<\/strong><\/a><\/p>\n<p><strong data-sourcepos=\"76:3-76:15\">WhatsApp<\/strong>:\u00a0<a href=\"https:\/\/wa.me\/+8618128481258\"><strong>+86 18128481258<\/strong><\/a><br \/>\n<strong>(Resposta em at\u00e9 24 horas em dias \u00fateis)<\/strong><\/p>\n<\/div>\n<h3><strong>Obrigado por escolher pgvape.com! .<\/strong><\/h3>\n<\/div>","protected":false},"excerpt":{"rendered":"<p><strong>Bang 60000 Vape recarreg\u00e1vel 2 em 1<\/strong> possui 60.000 baforadas, tanques duplos de 36ml, carregamento tipo C de 550mAh, tela inteligente e fluxo de ar ajust\u00e1vel \u2013 oferecendo versatilidade de sabor, desempenho duradouro e valor ecol\u00f3gico para vapers exigentes.<\/p>","protected":false},"featured_media":8447,"comment_status":"open","ping_status":"closed","template":"","meta":{"_seopress_robots_primary_cat":"none","_seopress_titles_title":"","_seopress_titles_desc":"","_seopress_robots_index":""},"product_brand":[36,516],"product_cat":[48,25,515],"product_tag":[161,315,135,547,67,90,278],"class_list":{"0":"post-8412","1":"product","2":"type-product","3":"status-publish","4":"has-post-thumbnail","6":"product_brand-bang-vape","7":"product_brand-disposable-vape","8":"product_cat-60k-puffs-vape","9":"product_cat-bang-vape","10":"product_cat-disposable-vape","11":"product_tag-2-in-1","12":"product_tag-60k-puffs-vape","13":"product_tag-adjustable-airflow","14":"product_tag-bang-refillable","15":"product_tag-direct-to-lung-dtl","16":"product_tag-disposable-vape","17":"product_tag-double-flavors","19":"first","20":"instock","21":"sale","22":"shipping-taxable","23":"purchasable","24":"product-type-variable"},"_links":{"self":[{"href":"https:\/\/pgvape.com\/pt\/wp-json\/wp\/v2\/product\/8412","targetHints":{"allow":["GET"]}}],"collection":[{"href":"https:\/\/pgvape.com\/pt\/wp-json\/wp\/v2\/product"}],"about":[{"href":"https:\/\/pgvape.com\/pt\/wp-json\/wp\/v2\/types\/product"}],"replies":[{"embeddable":true,"href":"https:\/\/pgvape.com\/pt\/wp-json\/wp\/v2\/comments?post=8412"}],"wp:featuredmedia":[{"embeddable":true,"href":"https:\/\/pgvape.com\/pt\/wp-json\/wp\/v2\/media\/8447"}],"wp:attachment":[{"href":"https:\/\/pgvape.com\/pt\/wp-json\/wp\/v2\/media?parent=8412"}],"wp:term":[{"taxonomy":"product_brand","embeddable":true,"href":"https:\/\/pgvape.com\/pt\/wp-json\/wp\/v2\/product_brand?post=8412"},{"taxonomy":"product_cat","embeddable":true,"href":"https:\/\/pgvape.com\/pt\/wp-json\/wp\/v2\/product_cat?post=8412"},{"taxonomy":"product_tag","embeddable":true,"href":"https:\/\/pgvape.com\/pt\/wp-json\/wp\/v2\/product_tag?post=8412"}],"curies":[{"name":"wp","href":"https:\/\/api.w.org\/{rel}","templated":true}]}}