{"id":8357,"date":"2026-01-08T09:59:45","date_gmt":"2026-01-08T09:59:45","guid":{"rendered":"https:\/\/pgvape.com\/?post_type=product&#038;p=8357"},"modified":"2026-03-15T13:42:00","modified_gmt":"2026-03-15T13:42:00","slug":"fumot-eco-2-em-1-50000-50k-puffs-sabores-duplos-vape-descartavel-2-3-5-nicotina-24-gosto-brilho-iridescente-tela-de-exibicao-inteligente-vape-fabrica-atacado","status":"publish","type":"product","link":"https:\/\/pgvape.com\/pt\/produto\/fumot-eco-2-em-1-50000-50k-puffs-sabores-duplos-vape-descartavel-2-3-5-nicotina-24-gosto-brilho-iridescente-tela-de-exibicao-inteligente-vape-fabrica-atacado\/","title":{"rendered":"Fumot ECO 2em1 50000 50K Puffs Sabores Duplos Vape Descart\u00e1vel 2% 3% 5%Nicotina 24Taste Brilho Iridescente Tela Inteligente Vape F\u00e1brica Atacado"},"content":{"rendered":"<p><strong data-sourcepos=\"6:5-6:29\">Fumot ECO 2 em 1 50K<\/strong> redefine a vaporiza\u00e7\u00e3o descart\u00e1vel com seu <strong data-sourcepos=\"6:67-6:97\">sistema de c\u00e2mara de sabor duplo<\/strong> (10mL + 10mL), permitindo aos usu\u00e1rios alternar entre dois sabores premium em um dispositivo elegante. <strong data-sourcepos=\"6:202-6:218\">50.000 baforadas<\/strong> e alimentado por uma longa dura\u00e7\u00e3o <strong data-sourcepos=\"6:249-6:280\">Bateria recarreg\u00e1vel de 950mAh<\/strong>, combina desempenho excepcional com recursos inteligentes, incluindo um <strong data-sourcepos=\"6:357-6:381\">tela de exibi\u00e7\u00e3o inteligente<\/strong> e atraente <strong data-sourcepos=\"6:399-6:430\">ilumina\u00e7\u00e3o din\u00e2mica iridescente<\/strong>. <strong data-sourcepos=\"6:437-6:467\">24 combina\u00e7\u00f5es de sabores selecionados<\/strong>, <strong data-sourcepos=\"6:469-6:497\">tr\u00eas dosagens de nicotina<\/strong>, e um alto desempenho <strong data-sourcepos=\"6:522-6:540\">bobina de malha 0,9\u03a9<\/strong>, foi projetado para vapers que exigem variedade, longevidade e estilo.<\/p>\n<p>&nbsp;<\/p>\n<h2><strong><span style=\"font-size: 90%;\">Fumot ECO 2 em 1 50000 50K Puffs Sabores Duplos Especifica\u00e7\u00f5es de Vape descart\u00e1veis<\/span><\/strong><\/h2>\n<p><strong data-sourcepos=\"11:6-11:28\">Sistema de sabor duplo<\/strong>\u00a0\u2013 Alterne entre duas c\u00e2maras de sabor de 10mL para uma experi\u00eancia vaping vers\u00e1til.<\/p>\n<p><strong data-sourcepos=\"12:7-12:31\">Tela de exibi\u00e7\u00e3o inteligente<\/strong>\u00a0\u2013 Vis\u00e3o geral da dura\u00e7\u00e3o da bateria e do status do dispositivo em tempo real.<\/p>\n<p><strong data-sourcepos=\"13:5-13:36\">Ilumina\u00e7\u00e3o din\u00e2mica iridescente<\/strong>\u00a0\u2013 Efeito visual premium que aumenta o apelo nas prateleiras.<\/p>\n<p><strong data-sourcepos=\"14:6-14:46\">Bateria de 950mAh + carregamento r\u00e1pido USB-C<\/strong>\u00a0\u2013 Energia recarreg\u00e1vel de alta capacidade para uso prolongado.<\/p>\n<p><strong data-sourcepos=\"15:6-15:24\">bobina de malha 0.9\u03a9<\/strong>\u00a0\u2013 Vapor suave e saboroso com sa\u00edda consistente.<\/p>\n<p><strong data-sourcepos=\"16:6-16:28\">At\u00e9 50.000 baforadas<\/strong>\u00a0\u2013 Vida \u00fatil excepcional para usu\u00e1rios pesados.<\/p>\n<p><strong data-sourcepos=\"17:6-17:25\">5 unidades por caixa<\/strong>\u00a0\u2013 Embalagem simplificada para varejo e atacado.<\/p>\n<p><strong data-sourcepos=\"18:6-18:36\">Design ergon\u00f4mico e elegante<\/strong>\u00a0\u2013 Ader\u00eancia confort\u00e1vel com est\u00e9tica moderna.<\/p>\n<p>&nbsp;<\/p>\n<h3><strong><span style=\"font-size: 90%;\">Fumot ECO 2 em 1 50000 50K Puffs Double Flavors Lista de sabores Vape descart\u00e1veis:<\/span><\/strong><\/h3>\n<p>1.Black Mamba e Sr. Azul<\/p>\n<p>2.Gelo Preto e Gelo de Uva<\/p>\n<p>3.Gelo de p\u00eassego e mamba branca<\/p>\n<p>4.Lady Assassina e Amor 66<\/p>\n<p>5. Mirtilo Hubba Bubba e melancia Hubba Bubba<\/p>\n<p>6. Ursinho de goma de uva e ursinho de goma de morango<\/p>\n<p>7. Ma\u00e7\u00e3 azeda e p\u00eassego suculento<\/p>\n<p>8.Fanta &amp; Cola Gelado<\/p>\n<p>9. Ursinho de goma e skittles<\/p>\n<p>10.Cactus Ice e Cactus Kiwi<\/p>\n<p>11.P\u00eassego, Manga, Melancia e Pina Colada<\/p>\n<p>12.Cherry Ice e Blue Razz Cereja<\/p>\n<p>13. Gelo fresco de menta e melancia<\/p>\n<p>14. Lim\u00e3o, lim\u00e3o e melancia com morango<\/p>\n<p>15. Limonada Rosa e Doces Azedos<\/p>\n<p>16.Vimto e chiclete de melancia<\/p>\n<p>17. Gelo de Banana e Gelo de Drag\u00e3o Negro<\/p>\n<p>18. Ursinho de goma Blue Razz e picol\u00e9 Blue Razz<\/p>\n<p>19.Ice Pop e Kiwi Maracuj\u00e1 Goiaba<\/p>\n<p>20.Gelado de morango e mirtilo<\/p>\n<p>21. Mix de frutas vermelhas e limonada Blue Razz<\/p>\n<p>22.Red Bull Ice e Blueberry Peach Ice<\/p>\n<p>23.Morango, Kiwi e Mirtilo, Framboesa Azeda<\/p>\n<p>24.Cola Lim\u00e3o e Abacaxi Lim\u00e3o Ma\u00e7\u00e3 Verde<img loading=\"lazy\" decoding=\"async\" class=\"alignnone wp-image-8386 size-full\" src=\"https:\/\/pgvape.com\/wp-content\/uploads\/2026\/01\/Fumot-ECO-2-in-1-50000-50K-Puffs-Double-Flavors-Disposable-Vape-2-3-5Nicotine-24Taste-Smart-Display-Screen-Vape-Factory-Wholesale.png\" alt=\"Grade de dispositivos vape ECO 2 em 1 50K coloridos em corpos gradientes com pequenos displays e r\u00f3tulos de sabores.\" width=\"1229\" height=\"1754\" srcset=\"https:\/\/pgvape.com\/wp-content\/uploads\/2026\/01\/Fumot-ECO-2-in-1-50000-50K-Puffs-Double-Flavors-Disposable-Vape-2-3-5Nicotine-24Taste-Smart-Display-Screen-Vape-Factory-Wholesale.png 1229w, https:\/\/pgvape.com\/wp-content\/uploads\/2026\/01\/Fumot-ECO-2-in-1-50000-50K-Puffs-Double-Flavors-Disposable-Vape-2-3-5Nicotine-24Taste-Smart-Display-Screen-Vape-Factory-Wholesale-252x360.png 252w, https:\/\/pgvape.com\/wp-content\/uploads\/2026\/01\/Fumot-ECO-2-in-1-50000-50K-Puffs-Double-Flavors-Disposable-Vape-2-3-5Nicotine-24Taste-Smart-Display-Screen-Vape-Factory-Wholesale-595x849.png 595w, https:\/\/pgvape.com\/wp-content\/uploads\/2026\/01\/Fumot-ECO-2-in-1-50000-50K-Puffs-Double-Flavors-Disposable-Vape-2-3-5Nicotine-24Taste-Smart-Display-Screen-Vape-Factory-Wholesale-280x400.png 280w, https:\/\/pgvape.com\/wp-content\/uploads\/2026\/01\/Fumot-ECO-2-in-1-50000-50K-Puffs-Double-Flavors-Disposable-Vape-2-3-5Nicotine-24Taste-Smart-Display-Screen-Vape-Factory-Wholesale-768x1096.png 768w, https:\/\/pgvape.com\/wp-content\/uploads\/2026\/01\/Fumot-ECO-2-in-1-50000-50K-Puffs-Double-Flavors-Disposable-Vape-2-3-5Nicotine-24Taste-Smart-Display-Screen-Vape-Factory-Wholesale-1076x1536.png 1076w, https:\/\/pgvape.com\/wp-content\/uploads\/2026\/01\/Fumot-ECO-2-in-1-50000-50K-Puffs-Double-Flavors-Disposable-Vape-2-3-5Nicotine-24Taste-Smart-Display-Screen-Vape-Factory-Wholesale-8x12.png 8w, https:\/\/pgvape.com\/wp-content\/uploads\/2026\/01\/Fumot-ECO-2-in-1-50000-50K-Puffs-Double-Flavors-Disposable-Vape-2-3-5Nicotine-24Taste-Smart-Display-Screen-Vape-Factory-Wholesale-600x856.png 600w\" sizes=\"auto, (max-width: 1229px) 100vw, 1229px\" \/><\/p>\n<p>&nbsp;<\/p>\n<h3><strong><span style=\"font-size: 90%;\">Fumot ECO 2 em 1 50000 50K Puffs Sabores Duplos Vape Descart\u00e1vel V\u00eddeo:<\/span><\/strong><\/h3>\n<p><iframe loading=\"lazy\" title=\"Fumot ECO 2 em 1 50000 50K Puffs Sabores Duplos Vape Descart\u00e1vel Brilho Iridescente Vape F\u00e1brica Atacado\" width=\"1020\" height=\"574\" src=\"https:\/\/www.youtube.com\/embed\/kVNLWrUJ9Ps?feature=oembed\" frameborder=\"0\" allow=\"accelerometer; autoplay; clipboard-write; encrypted-media; gyroscope; picture-in-picture; web-share\" referrerpolicy=\"strict-origin-when-cross-origin\" allowfullscreen><\/iframe><\/p>\n<p>&nbsp;<\/p>\n<h2><strong><span style=\"font-size: 90%;\">Perguntas frequentes sobre Fumot ECO 2 em 1 50000 50K Puffs Double Flavors Vape descart\u00e1vel<\/span><\/strong><\/h2>\n<p>\u2753 <strong class=\"\">Quantas baforadas por dispositivo?<\/strong><br \/>\n\u2705 Classifica\u00e7\u00e3o de f\u00e1brica <strong>50.000 baforadas<\/strong>\u2014semanas de uso di\u00e1rio.<\/p>\n<p>\u2753 <strong>Como fa\u00e7o para trocar sabores?<\/strong><br \/>\n\u2705 <strong>C\u00e2mara dupla 2 em 1<\/strong>-trocar entre <strong>dois sabores pr\u00e9-cheios<\/strong> imediatamente.<\/p>\n<p>\u2753 <strong>\u00c9 recarreg\u00e1vel?<\/strong><br \/>\n\u2705 <strong>950mAh<\/strong> bateria + <strong>Tipo-C<\/strong> port; carga completa em aproximadamente 30 min.<\/p>\n<p>\u2753 <strong>Quais dosagens de nicotina s\u00e3o oferecidas?<\/strong><br \/>\n\u2705 <strong>2 %, 3 %, 5 %<\/strong>\u2014escolha suave, equilibrado ou forte.<\/p>\n<p>\u2753 <strong>Como o sabor permanece rico?<\/strong><br \/>\n\u2705 <strong>Bobina de malha de 0,9 \u03a9<\/strong> aquece uniformemente para nuvens densas e sedosas.<\/p>\n<p>\u2753 <strong>Como monitoro o status?<\/strong><br \/>\n\u2705 <strong>Tela inteligente<\/strong> mostra bateria e c\u00e2mara ativa.<\/p>\n<p>\u2753 <strong>Parece premium na prateleira?<\/strong><br \/>\n\u2705 <strong>Luz din\u00e2mica iridescente<\/strong> cria um brilho de virar a cabe\u00e7a.<\/p>\n<p>\u2753 <strong>Embalagem pronta para varejo?<\/strong><br \/>\n\u2705 <strong>5 unidades\/caixa<\/strong>\u2014 display compacto, ideal para pedidos em grandes quantidades.<\/p>\n<p>&nbsp;<\/p>\n<h3 id=\"brxe-najhln\" class=\"brxe-heading\">Perguntas frequentes (FAQ)<\/h3>\n<div id=\"brxe-rajiac\" class=\"brxe-text\">\n<p><strong>P: Quais m\u00e9todos de pagamento voc\u00ea aceita?<\/strong><br \/>\nR: Aceitamos PayPal, Stripe, transfer\u00eancias banc\u00e1rias (com suporte SEPA), os principais cart\u00f5es de cr\u00e9dito (Visa, MasterCard, American Express) e pagamentos em criptomoedas.<\/p>\n<p><strong>P: Quanto tempo leva a prepara\u00e7\u00e3o do pedido?<\/strong><br \/>\nR: A prepara\u00e7\u00e3o do pedido leva de 1 a 3 dias \u00fateis.<\/p>\n<p><strong>P: Qual \u00e9 o tempo de envio?<\/strong><br \/>\nR: O tempo de envio \u00e9 de 7 a 14 dias \u00fateis, dependendo da sua localiza\u00e7\u00e3o. As mercadorias enviadas de armaz\u00e9ns europeus normalmente levam de 3 a 6 dias \u00fateis para serem entregues.<\/p>\n<p><strong>P: Como posso rastrear meu pedido?<\/strong><br \/>\nR: Ap\u00f3s o envio, voc\u00ea receber\u00e1 um e-mail de confirma\u00e7\u00e3o com um n\u00famero de rastreamento para rastreamento em tempo real.<\/p>\n<p><strong>P: Qual \u00e9 a sua pol\u00edtica de devolu\u00e7\u00e3o?<\/strong><br \/>\nR: Oferecemos uma pol\u00edtica de devolu\u00e7\u00e3o de 30 dias para reembolsos ou trocas. .<\/p>\n<p><strong>P: Haver\u00e1 algum problema alfandeg\u00e1rio?<br \/>\n<\/strong>Lidamos com todos os procedimentos de desembara\u00e7o aduaneiro para garantir uma experi\u00eancia descomplicada para voc\u00ea. .<\/p>\n<p><strong>P: Quais m\u00e9todos de envio s\u00e3o usados?<\/strong><br \/>\nCooperamos com UPS\/DHL\/FEDEX\/DPD, etc. Escolheremos a op\u00e7\u00e3o de envio apropriada dependendo do pa\u00eds de entrega para garantir que voc\u00ea receba seus produtos o mais r\u00e1pido poss\u00edvel.<\/p>\n<p><a href=\"https:\/\/pgvape.com\/pt\/perguntas-frequentes\/\">Clique aqui para mais perguntas frequentes<\/a><\/p>\n<p>Prezados clientes, Se voc\u00ea tiver alguma d\u00favida sobre seu pedido ou a chegada de mercadorias, entre em contato com nosso atendimento ao cliente. Obrigado!<\/p>\n<h3 data-sourcepos=\"73:1-73:21\"><strong data-sourcepos=\"73:7-73:21\">Contate-nos<\/strong><\/h3>\n<div id=\"text-2419739398\" class=\"text\">\n<p><strong data-sourcepos=\"75:3-75:12\">E-mail<\/strong>:\u00a0<a href=\"mailto:support@pgvape.com\"><strong>support@pgvape.com<\/strong><\/a><\/p>\n<p><strong data-sourcepos=\"76:3-76:15\">WhatsApp<\/strong>:\u00a0<a href=\"https:\/\/wa.me\/+8618128481258\"><strong>+86 18128481258<\/strong><\/a><br \/>\n<strong>(Resposta em at\u00e9 24 horas em dias \u00fateis)<\/strong><\/p>\n<\/div>\n<h3><strong>Obrigado por escolher pgvape.com! .<\/strong><\/h3>\n<\/div>","protected":false},"excerpt":{"rendered":"<p><strong>Fumot ECO 2 em 1 50K<\/strong>-<strong>50 mil baforadas<\/strong>, <strong>duplo 10 ml<\/strong>, <strong>Malha de 0,9 \u03a9<\/strong>, <strong>display inteligente<\/strong>, <strong>brilho iridescente<\/strong>, <strong>2-5 placas %<\/strong>.<strong>Vire sabores, acenda e vape por semanas.<\/strong><\/p>","protected":false},"featured_media":8360,"comment_status":"open","ping_status":"closed","template":"","meta":{"_seopress_robots_primary_cat":"none","_seopress_titles_title":"","_seopress_titles_desc":"","_seopress_robots_index":""},"product_brand":[516,162],"product_cat":[61,515,26],"product_tag":[370,545,90,278,544,546,217],"class_list":{"0":"post-8357","1":"product","2":"type-product","3":"status-publish","4":"has-post-thumbnail","6":"product_brand-disposable-vape","7":"product_brand-fumot-vape","8":"product_cat-50k-puffs-vape","9":"product_cat-disposable-vape","10":"product_cat-fumot-vape","11":"product_tag-150k-puffs-vape","12":"product_tag-2in1","13":"product_tag-disposable-vape","14":"product_tag-double-flavors","15":"product_tag-fumot-eco","16":"product_tag-iridescent-glow","17":"product_tag-smart-display-screen","19":"first","20":"instock","21":"sale","22":"shipping-taxable","23":"purchasable","24":"product-type-variable"},"_links":{"self":[{"href":"https:\/\/pgvape.com\/pt\/wp-json\/wp\/v2\/product\/8357","targetHints":{"allow":["GET"]}}],"collection":[{"href":"https:\/\/pgvape.com\/pt\/wp-json\/wp\/v2\/product"}],"about":[{"href":"https:\/\/pgvape.com\/pt\/wp-json\/wp\/v2\/types\/product"}],"replies":[{"embeddable":true,"href":"https:\/\/pgvape.com\/pt\/wp-json\/wp\/v2\/comments?post=8357"}],"wp:featuredmedia":[{"embeddable":true,"href":"https:\/\/pgvape.com\/pt\/wp-json\/wp\/v2\/media\/8360"}],"wp:attachment":[{"href":"https:\/\/pgvape.com\/pt\/wp-json\/wp\/v2\/media?parent=8357"}],"wp:term":[{"taxonomy":"product_brand","embeddable":true,"href":"https:\/\/pgvape.com\/pt\/wp-json\/wp\/v2\/product_brand?post=8357"},{"taxonomy":"product_cat","embeddable":true,"href":"https:\/\/pgvape.com\/pt\/wp-json\/wp\/v2\/product_cat?post=8357"},{"taxonomy":"product_tag","embeddable":true,"href":"https:\/\/pgvape.com\/pt\/wp-json\/wp\/v2\/product_tag?post=8357"}],"curies":[{"name":"wp","href":"https:\/\/api.w.org\/{rel}","templated":true}]}}