{"id":8139,"date":"2025-12-23T13:22:00","date_gmt":"2025-12-23T13:22:00","guid":{"rendered":"https:\/\/pgvape.com\/?post_type=product&#038;p=8139"},"modified":"2026-03-15T13:41:59","modified_gmt":"2026-03-15T13:41:59","slug":"vopk-btc-35000-35k-puffs-dual-mode-vape-descartavel-potencia-de-fluxo-de-ar-ajustavel-5nicotina-10gosto-360-tela-curva-vape-fabrica-atacado","status":"publish","type":"product","link":"https:\/\/pgvape.com\/pt\/produto\/vopk-btc-35000-35k-puffs-dual-mode-vape-descartavel-potencia-de-fluxo-de-ar-ajustavel-5nicotina-10gosto-360-tela-curva-vape-fabrica-atacado\/","title":{"rendered":"VOPK BTC 35000 35K Puffs Dual Mode Descart\u00e1vel Vape Ajust\u00e1vel Pot\u00eancia de Fluxo de Ar 5%Nicotina 10Taste 360\u00b0 Tela Curva Vape F\u00e1brica Atacado"},"content":{"rendered":"<p><strong data-sourcepos=\"4:46-4:62\">VOPK BTC 35K<\/strong>\u2014um vape descart\u00e1vel de alto desempenho projetado para oferecer sabor e longevidade excepcionais. <strong data-sourcepos=\"4:174-4:197\">bobina dupla da malha 0.8\u03a9<\/strong> e uma substancial <strong data-sourcepos=\"4:216-4:233\">22mL de e-l\u00edquido<\/strong> capacidade, oferece uma impressionante <strong data-sourcepos=\"4:268-4:284\">35.000 baforadas<\/strong> de vapor consistentemente suave.<strong data-sourcepos=\"4:339-4:390\">galvanoplastia, pintura met\u00e1lica e impress\u00e3o UV<\/strong>\u2014combina est\u00e9tica premium com funcionalidade inteligente, incluindo um <strong data-sourcepos=\"4:458-4:498\">tela curva inteligente de 360 \u200b\u200bgraus<\/strong> e configura\u00e7\u00f5es de energia ajust\u00e1veis. .<img loading=\"lazy\" decoding=\"async\" class=\"alignnone wp-image-8165 size-full\" src=\"https:\/\/pgvape.com\/wp-content\/uploads\/2025\/12\/VOPK-BTC-35000-35K-Puffs-Disposable-Vape-Adjustable-Airflow-Power-5Nicotine-10Taste-Full-Screen-Display-Vape-Factory-Wholesale-12.png\" alt=\"Vape descart\u00e1vel VOPK BTC 35K com tema espacial com c\u00e1psulas rosa e azuis ao lado de uma moeda Bitcoin, apresentando os modos Boost e Norm.\" width=\"1200\" height=\"686\" srcset=\"https:\/\/pgvape.com\/wp-content\/uploads\/2025\/12\/VOPK-BTC-35000-35K-Puffs-Disposable-Vape-Adjustable-Airflow-Power-5Nicotine-10Taste-Full-Screen-Display-Vape-Factory-Wholesale-12.png 1200w, https:\/\/pgvape.com\/wp-content\/uploads\/2025\/12\/VOPK-BTC-35000-35K-Puffs-Disposable-Vape-Adjustable-Airflow-Power-5Nicotine-10Taste-Full-Screen-Display-Vape-Factory-Wholesale-12-555x317.png 555w, https:\/\/pgvape.com\/wp-content\/uploads\/2025\/12\/VOPK-BTC-35000-35K-Puffs-Disposable-Vape-Adjustable-Airflow-Power-5Nicotine-10Taste-Full-Screen-Display-Vape-Factory-Wholesale-12-595x340.png 595w, https:\/\/pgvape.com\/wp-content\/uploads\/2025\/12\/VOPK-BTC-35000-35K-Puffs-Disposable-Vape-Adjustable-Airflow-Power-5Nicotine-10Taste-Full-Screen-Display-Vape-Factory-Wholesale-12-400x229.png 400w, https:\/\/pgvape.com\/wp-content\/uploads\/2025\/12\/VOPK-BTC-35000-35K-Puffs-Disposable-Vape-Adjustable-Airflow-Power-5Nicotine-10Taste-Full-Screen-Display-Vape-Factory-Wholesale-12-768x439.png 768w, https:\/\/pgvape.com\/wp-content\/uploads\/2025\/12\/VOPK-BTC-35000-35K-Puffs-Disposable-Vape-Adjustable-Airflow-Power-5Nicotine-10Taste-Full-Screen-Display-Vape-Factory-Wholesale-12-18x10.png 18w, https:\/\/pgvape.com\/wp-content\/uploads\/2025\/12\/VOPK-BTC-35000-35K-Puffs-Disposable-Vape-Adjustable-Airflow-Power-5Nicotine-10Taste-Full-Screen-Display-Vape-Factory-Wholesale-12-600x343.png 600w\" sizes=\"auto, (max-width: 1200px) 100vw, 1200px\" \/><\/p>\n<p>&nbsp;<\/p>\n<h2><span style=\"font-size: 90%;\">Especifica\u00e7\u00f5es do Vape descart\u00e1vel de modo duplo VOPK BTC 35000 35K Puffs:<\/span><\/h2>\n<p><strong data-sourcepos=\"9:6-9:29\">Bobina de malha dupla 0,8\u03a9<\/strong>\u00a0\u2013 Sabor rico e produ\u00e7\u00e3o densa de vapor.<\/p>\n<p><strong data-sourcepos=\"10:7-10:43\">Tela curva din\u00e2mica de 360 \u200b\u200bgraus<\/strong>\u00a0\u2013 Bateria inteligente e display de e-l\u00edquido com comuta\u00e7\u00e3o de energia.<\/p>\n<p><strong data-sourcepos=\"11:6-11:41\">Bateria 850mAh + carregamento USB-C<\/strong>\u00a0\u2013 Recarreg\u00e1vel para uso duradouro.<\/p>\n<p><strong data-end=\"3669\" data-start=\"3655\">Contagem de sopros \u2013 <\/strong>At\u00e9 35.000 (Normal) \/ 25.000 (Boost)<\/p>\n<p><strong data-sourcepos=\"13:6-13:32\">Capacidade de e-l\u00edquido de 22mL<\/strong>\u00a0\u2013 Pr\u00e9-preenchido com l\u00edquido misturado premium.<\/p>\n<p><strong data-sourcepos=\"14:7-14:37\">Fluxo de ar e pot\u00eancia ajust\u00e1veis<\/strong>\u00a0\u2013 Personalize seu sorteio e intensidade de vapor.<\/p>\n<p><strong data-sourcepos=\"15:5-15:23\">Acabamento Premium<\/strong>\u00a0\u2013 Galvanoplastia, pintura met\u00e1lica e impress\u00e3o UV para uma apar\u00eancia refinada.<\/p>\n<p>&nbsp;<\/p>\n<h3><span style=\"font-size: 90%;\">Lista de sabores de Vape descart\u00e1veis \u200b\u200bde modo duplo VOPK BTC 35000 35K Puffs:<\/span><\/h3>\n<p>1. Gelo de melancia<\/p>\n<p>2. Gelo Razz Azul<\/p>\n<p>3. Explos\u00e3o de Morango<\/p>\n<p>4.P\u00eassego da Ge\u00f3rgia<\/p>\n<p>5. Paix\u00e3o Kiwi<\/p>\n<p>6. Gelo de laranja, cranberry e lim\u00e3o<\/p>\n<p>7. Hortel\u00e3 Legal<\/p>\n<p>8. Abacaxi Manga Azeda<\/p>\n<p>9. Framboesa P\u00eassego Branco<\/p>\n<p>10. Caramelo de banana congelado<img loading=\"lazy\" decoding=\"async\" class=\"alignnone wp-image-8159 size-full\" src=\"https:\/\/pgvape.com\/wp-content\/uploads\/2025\/12\/VOPK-BTC-35000-35K-Puffs-Disposable-Vape-Adjustable-Airflow-Power-5Nicotine-10Taste-Full-Screen-Display-Vape-Factory-Wholesale-7.png\" alt=\"Dez dispositivos vaporizadores descart\u00e1veis \u200b\u200bcoloridos em um display iluminado por neon, cada um com um r\u00f3tulo de sabor Banana Taffy Freeze, Cool Mint, Peach.\" width=\"1500\" height=\"1342\" srcset=\"https:\/\/pgvape.com\/wp-content\/uploads\/2025\/12\/VOPK-BTC-35000-35K-Puffs-Disposable-Vape-Adjustable-Airflow-Power-5Nicotine-10Taste-Full-Screen-Display-Vape-Factory-Wholesale-7.png 1500w, https:\/\/pgvape.com\/wp-content\/uploads\/2025\/12\/VOPK-BTC-35000-35K-Puffs-Disposable-Vape-Adjustable-Airflow-Power-5Nicotine-10Taste-Full-Screen-Display-Vape-Factory-Wholesale-7-402x360.png 402w, https:\/\/pgvape.com\/wp-content\/uploads\/2025\/12\/VOPK-BTC-35000-35K-Puffs-Disposable-Vape-Adjustable-Airflow-Power-5Nicotine-10Taste-Full-Screen-Display-Vape-Factory-Wholesale-7-595x532.png 595w, https:\/\/pgvape.com\/wp-content\/uploads\/2025\/12\/VOPK-BTC-35000-35K-Puffs-Disposable-Vape-Adjustable-Airflow-Power-5Nicotine-10Taste-Full-Screen-Display-Vape-Factory-Wholesale-7-400x358.png 400w, https:\/\/pgvape.com\/wp-content\/uploads\/2025\/12\/VOPK-BTC-35000-35K-Puffs-Disposable-Vape-Adjustable-Airflow-Power-5Nicotine-10Taste-Full-Screen-Display-Vape-Factory-Wholesale-7-768x687.png 768w, https:\/\/pgvape.com\/wp-content\/uploads\/2025\/12\/VOPK-BTC-35000-35K-Puffs-Disposable-Vape-Adjustable-Airflow-Power-5Nicotine-10Taste-Full-Screen-Display-Vape-Factory-Wholesale-7-13x12.png 13w, https:\/\/pgvape.com\/wp-content\/uploads\/2025\/12\/VOPK-BTC-35000-35K-Puffs-Disposable-Vape-Adjustable-Airflow-Power-5Nicotine-10Taste-Full-Screen-Display-Vape-Factory-Wholesale-7-600x537.png 600w\" sizes=\"auto, (max-width: 1500px) 100vw, 1500px\" \/><\/p>\n<p>&nbsp;<\/p>\n<h3><span style=\"font-size: 90%;\">VOPK BTC 35000 35K sopra Vape descart\u00e1vel de modo duplo <strong>V\u00eddeo:<\/strong><\/span><\/h3>\n<p><iframe loading=\"lazy\" title=\"VOPK BTC 35K Puffs Dual Mode Descart\u00e1vel Vape Ajust\u00e1vel Fluxo de Ar Power Vape F\u00e1brica Atacado pgvape\" width=\"563\" height=\"1000\" src=\"https:\/\/www.youtube.com\/embed\/ZJqTt0qybLA?feature=oembed\" frameborder=\"0\" allow=\"accelerometer; autoplay; clipboard-write; encrypted-media; gyroscope; picture-in-picture; web-share\" referrerpolicy=\"strict-origin-when-cross-origin\" allowfullscreen><\/iframe><\/p>\n<p>&nbsp;<\/p>\n<h2><span style=\"font-size: 90%;\">Perguntas frequentes sobre VOPK BTC 35000 35K Puffs Vape descart\u00e1vel de modo duplo<\/span><\/h2>\n<p>\u2753 <strong>Quantas baforadas por dispositivo?<\/strong><br \/>\n\u2705 <strong>35.000 baforadas<\/strong> no modo de ventilador \u00fanico (existe a op\u00e7\u00e3o de ventilador duplo de 25K).<\/p>\n<p>\u2753 <strong>\u00c9 recarreg\u00e1vel?<\/strong><br \/>\n\u2705 <strong>850mAh<\/strong> bateria + <strong>Tipo-C<\/strong> port; carga completa em aproximadamente 30 min.<\/p>\n<p>\u2753 <strong class=\"\">Posso ajustar a pot\u00eancia ou o fluxo de ar?<\/strong><br \/>\n\u2705 <strong>Pot\u00eancia ajust\u00e1vel<\/strong> + <strong>ventila\u00e7\u00e3o de fluxo de ar inferior<\/strong>\u2014adaptar for\u00e7a de golpe e empate.<\/p>\n<p>\u2753 <strong>Qual bobina est\u00e1 dentro?<\/strong><br \/>\n\u2705 <strong>Bobina de malha dupla de 0,8 \u03a9<\/strong>\u2014calor r\u00e1pido, sabor denso.<\/p>\n<p>\u2753 <strong>Como fa\u00e7o para monitorar a bateria ou o suco?<\/strong><br \/>\n\u2705 <strong>Tela curva de 360\u00b0<\/strong> mostra <strong>combust\u00edvel<\/strong>, <strong>el\u00e9trico<\/strong>, e <strong>modo de energia<\/strong> em tempo real.<\/p>\n<p>\u2753 <strong>Cont\u00e9m sabor de kiwi?<\/strong><br \/>\n\u2705 <strong>Paix\u00e3o Kiwi<\/strong> \u00e9 a mistura exclusiva \u2013 tropical, picante, suave.<\/p>\n<p>&nbsp;<\/p>\n<h3 id=\"brxe-najhln\" class=\"brxe-heading\">Perguntas frequentes (FAQ)<\/h3>\n<div id=\"brxe-rajiac\" class=\"brxe-text\">\n<p><strong>P: Quais m\u00e9todos de pagamento voc\u00ea aceita?<\/strong><br \/>\nR: Aceitamos PayPal, Stripe, transfer\u00eancias banc\u00e1rias (com suporte SEPA), os principais cart\u00f5es de cr\u00e9dito (Visa, MasterCard, American Express) e pagamentos em criptomoedas.<\/p>\n<p><strong>P: Quanto tempo leva a prepara\u00e7\u00e3o do pedido?<\/strong><br \/>\nR: A prepara\u00e7\u00e3o do pedido leva de 1 a 3 dias \u00fateis.<\/p>\n<p><strong>P: Qual \u00e9 o tempo de envio?<\/strong><br \/>\nR: O tempo de envio \u00e9 de 7 a 14 dias \u00fateis, dependendo da sua localiza\u00e7\u00e3o. As mercadorias enviadas de armaz\u00e9ns europeus normalmente levam de 3 a 6 dias \u00fateis para serem entregues.<\/p>\n<p><strong>P: Como posso rastrear meu pedido?<\/strong><br \/>\nR: Ap\u00f3s o envio, voc\u00ea receber\u00e1 um e-mail de confirma\u00e7\u00e3o com um n\u00famero de rastreamento para rastreamento em tempo real.<\/p>\n<p><strong>P: Qual \u00e9 a sua pol\u00edtica de devolu\u00e7\u00e3o?<\/strong><br \/>\nR: Oferecemos uma pol\u00edtica de devolu\u00e7\u00e3o de 30 dias para reembolsos ou trocas. .<\/p>\n<p><strong>P: Haver\u00e1 algum problema alfandeg\u00e1rio?<br \/>\n<\/strong>Lidamos com todos os procedimentos de desembara\u00e7o aduaneiro para garantir uma experi\u00eancia descomplicada para voc\u00ea. .<\/p>\n<p><strong>P: Quais m\u00e9todos de envio s\u00e3o usados?<\/strong><br \/>\nCooperamos com UPS\/DHL\/FEDEX\/DPD, etc. Escolheremos a op\u00e7\u00e3o de envio apropriada dependendo do pa\u00eds de entrega para garantir que voc\u00ea receba seus produtos o mais r\u00e1pido poss\u00edvel.<\/p>\n<p><a href=\"https:\/\/pgvape.com\/pt\/perguntas-frequentes\/\">Clique aqui para mais perguntas frequentes<\/a><\/p>\n<p>Prezados clientes, Se voc\u00ea tiver alguma d\u00favida sobre seu pedido ou a chegada de mercadorias, entre em contato com nosso atendimento ao cliente. Obrigado!<\/p>\n<h3 data-sourcepos=\"73:1-73:21\"><strong data-sourcepos=\"73:7-73:21\">Contate-nos<\/strong><\/h3>\n<div id=\"text-2419739398\" class=\"text\">\n<p><strong data-sourcepos=\"75:3-75:12\">E-mail<\/strong>:\u00a0<a href=\"mailto:support@pgvape.com\"><strong>support@pgvape.com<\/strong><\/a><\/p>\n<p><strong data-sourcepos=\"76:3-76:15\">WhatsApp<\/strong>:\u00a0<a href=\"https:\/\/wa.me\/+8618128481258\"><strong>+86 18128481258<\/strong><\/a><br \/>\n<strong>(Resposta em at\u00e9 24 horas em dias \u00fateis)<\/strong><\/p>\n<\/div>\n<h3><strong>Obrigado por escolher pgvape.com! .<\/strong><\/h3>\n<\/div>","protected":false},"excerpt":{"rendered":"<p><strong>VOPK BTC 35K<\/strong>-<strong>35 mil baforadas<\/strong>, <strong>22ml de \u00f3leo mineral<\/strong>, <strong>Malha dupla de 0,8 \u03a9<\/strong>, <strong>pot\u00eancia e fluxo de ar ajust\u00e1veis<\/strong>, <strong>Tela curva de 360\u00b0<\/strong>.<strong>Gire a ventila\u00e7\u00e3o, aumente a pot\u00eancia, experimente o kiwi.<\/strong><\/p>","protected":false},"featured_media":8152,"comment_status":"open","ping_status":"closed","template":"","meta":{"_seopress_robots_primary_cat":"","_seopress_titles_title":"","_seopress_titles_desc":"","_seopress_robots_index":""},"product_brand":[516,218],"product_cat":[197,515,31],"product_tag":[342,537,536,90,415,535],"class_list":{"0":"post-8139","1":"product","2":"type-product","3":"status-publish","4":"has-post-thumbnail","6":"product_brand-disposable-vape","7":"product_brand-vopk-vape","8":"product_cat-35k-puffs-vape","9":"product_cat-disposable-vape","10":"product_cat-vopk-vape","11":"product_tag-35k-puffs-vape","12":"product_tag-360-curved-screen","13":"product_tag-adjustable-airflow-power","14":"product_tag-disposable-vape","15":"product_tag-dual-mode","16":"product_tag-vopk-btc-35000","18":"first","19":"instock","20":"sale","21":"shipping-taxable","22":"purchasable","23":"product-type-variable"},"_links":{"self":[{"href":"https:\/\/pgvape.com\/pt\/wp-json\/wp\/v2\/product\/8139","targetHints":{"allow":["GET"]}}],"collection":[{"href":"https:\/\/pgvape.com\/pt\/wp-json\/wp\/v2\/product"}],"about":[{"href":"https:\/\/pgvape.com\/pt\/wp-json\/wp\/v2\/types\/product"}],"replies":[{"embeddable":true,"href":"https:\/\/pgvape.com\/pt\/wp-json\/wp\/v2\/comments?post=8139"}],"wp:featuredmedia":[{"embeddable":true,"href":"https:\/\/pgvape.com\/pt\/wp-json\/wp\/v2\/media\/8152"}],"wp:attachment":[{"href":"https:\/\/pgvape.com\/pt\/wp-json\/wp\/v2\/media?parent=8139"}],"wp:term":[{"taxonomy":"product_brand","embeddable":true,"href":"https:\/\/pgvape.com\/pt\/wp-json\/wp\/v2\/product_brand?post=8139"},{"taxonomy":"product_cat","embeddable":true,"href":"https:\/\/pgvape.com\/pt\/wp-json\/wp\/v2\/product_cat?post=8139"},{"taxonomy":"product_tag","embeddable":true,"href":"https:\/\/pgvape.com\/pt\/wp-json\/wp\/v2\/product_tag?post=8139"}],"curies":[{"name":"wp","href":"https:\/\/api.w.org\/{rel}","templated":true}]}}