{"id":8084,"date":"2025-12-23T09:35:42","date_gmt":"2025-12-23T09:35:42","guid":{"rendered":"https:\/\/pgvape.com\/?post_type=product&#038;p=8084"},"modified":"2026-03-15T13:36:50","modified_gmt":"2026-03-15T13:36:50","slug":"airmez-fox-140000-140k-puffs-6-em-1-sabores-vape-descartavel-rotativo-sistema-de-pod-de-sabor-0-2-3-5-nicotina-10gosto-led-dispaly-vape-fabrica-atacado","status":"publish","type":"product","link":"https:\/\/pgvape.com\/pt\/produto\/airmez-fox-140000-140k-puffs-6-em-1-sabores-vape-descartavel-rotativo-sistema-de-pod-de-sabor-0-2-3-5-nicotina-10gosto-led-dispaly-vape-fabrica-atacado\/","title":{"rendered":"Airmez FOX 140000 140K Puffs 6 EM 1 Sabores Vape Descart\u00e1vel Rotating Flavor Pod System 0% 2% 3% 5% Nicotina 10Taste LED Dispaly Vape Factory Wholesale"},"content":{"rendered":"<p><strong data-sourcepos=\"6:10-6:31\">Airmez Fox 6-in-1<\/strong> \u2014 uma verdadeira pot\u00eancia em vaporiza\u00e7\u00e3o descart\u00e1vel, projetada para longevidade, variedade de sabores e controle inteligente. <strong data-sourcepos=\"6:157-6:173\">140.000 baforadas<\/strong> capacidade e um inovador <strong data-sourcepos=\"6:201-6:224\">bocal girat\u00f3rio<\/strong> que alterna entre seis c\u00e1psulas de sabores, este dispositivo oferece valor e conveni\u00eancia excepcionais. <strong data-sourcepos=\"6:426-6:449\">Tanques de e-l\u00edquido de 15mL<\/strong> (45mL no total) garantem um desempenho consistente durante semanas a fio.<\/p>\n<p>&nbsp;<\/p>\n<h2><span style=\"font-size: 90%;\">Airmez FOX 140000 140K sopra 6 em 1 sabor Vape descart\u00e1vel <\/span>Especifica\u00e7\u00f5es:<\/h2>\n<p><strong data-sourcepos=\"13:6-13:33\">6 Flavors in One Device<\/strong>\u00a0- Alterne perfeitamente entre v\u00e1rios sabores com um giro do bocal.<\/p>\n<p><strong data-sourcepos=\"14:7-14:30\">Tela cheia<\/strong>\u00a0\u2013 Veja rapidamente a dura\u00e7\u00e3o da bateria, a contagem de tragadas e o sabor ativo.<\/p>\n<p><strong data-sourcepos=\"15:6-15:41\">Bateria 650mAh + carregamento USB-C<\/strong>\u00a0\u2013 Quick top-ups, reliable all-day power.<\/p>\n<p><strong data-sourcepos=\"16:6-16:29\">45mL Total E-L\u00edquido<\/strong>\u00a0\u2013 Tr\u00eas c\u00e1psulas recarreg\u00e1veis \u200b\u200bde 15 mL proporcionam uso prolongado.<\/p>\n<p><strong data-sourcepos=\"17:6-17:24\">Bobina de malha 1.0\u03a9<\/strong>\u00a0\u2013 Vapor suave e rico e libera\u00e7\u00e3o de sabor consistente.<\/p>\n<p><strong data-sourcepos=\"18:6-18:41\">10 cole\u00e7\u00f5es de sabores dispon\u00edveis<\/strong>\u00a0\u2013 Misturas de frutas habilmente misturadas para todos os paladares.<\/p>\n<p><strong data-sourcepos=\"19:6-19:23\">140.000 baforadas<\/strong>\u00a0\u2013 Vida \u00fatil excepcional para o vaper de longo prazo.<\/p>\n<p><strong data-sourcepos=\"20:6-20:28\">Compacto e port\u00e1til<\/strong>\u00a0- Design leve e ergon\u00f4mico perfeito para uso em tr\u00e2nsito.<\/p>\n<p>&nbsp;<\/p>\n<h3><span style=\"font-size: 90%;\">Airmez FOX 140000 140K sopra 6 em 1 sabor Vape descart\u00e1vel <\/span>Lista de sabores:<\/h3>\n<p>1.Gelado de cereja e cola e sorvete de manga<\/p>\n<p>2. Gelo de fruta do drag\u00e3o e fus\u00e3o frutada e melancia com framboesa<\/p>\n<p>3.Limonada Love 66 e Berry e Cereja Fizzy<\/p>\n<p>4. Bagas mistas e limonada Blue Razz e cereja<\/p>\n<p>5.Love 66 e morango, kiwi e manga de p\u00eassego<\/p>\n<p>6.Gelo de p\u00eassego e gelo de manga e Dr Blue<\/p>\n<p>7. Morango Banana e Vimto e Mirtilo Cereja Cranberry<\/p>\n<p>8. Gelo de morango, limonada rosa e esmagamento de bingo<\/p>\n<p>9. Melancia Morango, Mel\u00e3o Triplo e Gelo Razz Azul<\/p>\n<p>10.Watermelon Ice &amp; Bingo Crush &amp; Mixed Berries<\/p>\n<p data-sourcepos=\"52:1-52:120\"><em data-sourcepos=\"52:1-52:120\">(Cada conjunto inclui tr\u00eas c\u00e1psulas de sabores, cada uma contendo dois sabores distintos \u2013 totalizando seis op\u00e7\u00f5es de sabores por dispositivo.)<img loading=\"lazy\" decoding=\"async\" class=\"alignnone wp-image-8100 size-full\" src=\"https:\/\/pgvape.com\/wp-content\/uploads\/2025\/12\/Airmez-FOX-140000-140K-Puffs-6-IN-1-Flavors-Disposable-Vape-0-2-3-5-Nicotine-10Taste-LED-Dispaly-Vape-Factory-Wholesale-14.png\" alt=\"Banner amarelo brilhante com garrafas de vapor descart\u00e1veis \u200b\u200bAirmez FOX 6 em 1 em cores pastel alinhadas, com diagramas de modo de sabor \u00e0 esquerda.\" width=\"2000\" height=\"624\" srcset=\"https:\/\/pgvape.com\/wp-content\/uploads\/2025\/12\/Airmez-FOX-140000-140K-Puffs-6-IN-1-Flavors-Disposable-Vape-0-2-3-5-Nicotine-10Taste-LED-Dispaly-Vape-Factory-Wholesale-14.png 2000w, https:\/\/pgvape.com\/wp-content\/uploads\/2025\/12\/Airmez-FOX-140000-140K-Puffs-6-IN-1-Flavors-Disposable-Vape-0-2-3-5-Nicotine-10Taste-LED-Dispaly-Vape-Factory-Wholesale-14-555x173.png 555w, https:\/\/pgvape.com\/wp-content\/uploads\/2025\/12\/Airmez-FOX-140000-140K-Puffs-6-IN-1-Flavors-Disposable-Vape-0-2-3-5-Nicotine-10Taste-LED-Dispaly-Vape-Factory-Wholesale-14-595x186.png 595w, https:\/\/pgvape.com\/wp-content\/uploads\/2025\/12\/Airmez-FOX-140000-140K-Puffs-6-IN-1-Flavors-Disposable-Vape-0-2-3-5-Nicotine-10Taste-LED-Dispaly-Vape-Factory-Wholesale-14-400x125.png 400w, https:\/\/pgvape.com\/wp-content\/uploads\/2025\/12\/Airmez-FOX-140000-140K-Puffs-6-IN-1-Flavors-Disposable-Vape-0-2-3-5-Nicotine-10Taste-LED-Dispaly-Vape-Factory-Wholesale-14-768x240.png 768w, https:\/\/pgvape.com\/wp-content\/uploads\/2025\/12\/Airmez-FOX-140000-140K-Puffs-6-IN-1-Flavors-Disposable-Vape-0-2-3-5-Nicotine-10Taste-LED-Dispaly-Vape-Factory-Wholesale-14-1536x479.png 1536w, https:\/\/pgvape.com\/wp-content\/uploads\/2025\/12\/Airmez-FOX-140000-140K-Puffs-6-IN-1-Flavors-Disposable-Vape-0-2-3-5-Nicotine-10Taste-LED-Dispaly-Vape-Factory-Wholesale-14-18x6.png 18w, https:\/\/pgvape.com\/wp-content\/uploads\/2025\/12\/Airmez-FOX-140000-140K-Puffs-6-IN-1-Flavors-Disposable-Vape-0-2-3-5-Nicotine-10Taste-LED-Dispaly-Vape-Factory-Wholesale-14-600x187.png 600w\" sizes=\"auto, (max-width: 2000px) 100vw, 2000px\" \/><\/em><\/p>\n<p>&nbsp;<\/p>\n<h3><span style=\"font-size: 90%;\">Airmez FOX 140000 140K sopra 6 em 1 sabor Vape descart\u00e1vel <strong>V\u00eddeo:<\/strong><\/span><\/h3>\n<p><iframe loading=\"lazy\" title=\"Airmez FOX 140K Puffs 6 IN 1 Flavors Disposable Vape LED Dispaly Vape Factory Wholesale pgvape\" width=\"1020\" height=\"574\" src=\"https:\/\/www.youtube.com\/embed\/1pZDOi-C2qM?feature=oembed\" frameborder=\"0\" allow=\"accelerometer; autoplay; clipboard-write; encrypted-media; gyroscope; picture-in-picture; web-share\" referrerpolicy=\"strict-origin-when-cross-origin\" allowfullscreen><\/iframe><\/p>\n<p>&nbsp;<\/p>\n<h2><span style=\"font-size: 90%;\">Perguntas frequentes sobre Airmez FOX 140000 140K Puffs 6 em 1 sabores Vape descart\u00e1vel<\/span><\/h2>\n<p>\u2753 <strong class=\"\">Quantas baforadas por dispositivo?<\/strong><br \/>\n\u2705 Classifica\u00e7\u00e3o de f\u00e1brica <strong>140.000 baforadas<\/strong>\u2013 meses de vaporiza\u00e7\u00e3o di\u00e1ria.<\/p>\n<p>\u2753 <strong class=\"\">Como mudo os sabores?<\/strong><br \/>\n\u2705 <strong class=\"\">Rotate mouthpiece<\/strong>\u2014alternar instantaneamente entre <strong>seis misturas pr\u00e9-preenchidas<\/strong>.<\/p>\n<p>\u2753 <strong>\u00c9 recarreg\u00e1vel?<\/strong><br \/>\n\u2705 <strong class=\"\">650mAh<\/strong> bateria + <strong>Tipo-C<\/strong> port; carga completa em aproximadamente 30 min.<\/p>\n<p>\u2753 <strong class=\"\">Quais dosagens de nicotina s\u00e3o oferecidas?<\/strong><br \/>\n\u2705 <strong>2 %, 3 %, 5 %<\/strong> nic-salt - escolha na finaliza\u00e7\u00e3o da compra.<\/p>\n<p>\u2753 <strong>Como fa\u00e7o para monitorar a bateria ou o suco?<\/strong><br \/>\n\u2705 <strong>Grande display LED<\/strong> mostra <strong>bateria<\/strong>, <strong class=\"\">contagem de baforadas<\/strong> e <strong>sabor ativo<\/strong>.<\/p>\n<p>\u2753 <strong class=\"\">O dispositivo vaza?<\/strong><br \/>\n\u2705 <strong class=\"\">Tanques selados independentes<\/strong>\u2014sem vazamento de sabor cruzado.<\/p>\n<p>&nbsp;<\/p>\n<h3 id=\"brxe-najhln\" class=\"brxe-heading\">Perguntas frequentes (FAQ)<\/h3>\n<div id=\"brxe-rajiac\" class=\"brxe-text\">\n<p><strong>P: Quais m\u00e9todos de pagamento voc\u00ea aceita?<\/strong><br \/>\nR: Aceitamos PayPal, Stripe, transfer\u00eancias banc\u00e1rias (com suporte SEPA), os principais cart\u00f5es de cr\u00e9dito (Visa, MasterCard, American Express) e pagamentos em criptomoedas.<\/p>\n<p><strong>P: Quanto tempo leva a prepara\u00e7\u00e3o do pedido?<\/strong><br \/>\nR: A prepara\u00e7\u00e3o do pedido leva de 1 a 3 dias \u00fateis.<\/p>\n<p><strong>P: Qual \u00e9 o tempo de envio?<\/strong><br \/>\nR: O tempo de envio \u00e9 de 7 a 14 dias \u00fateis, dependendo da sua localiza\u00e7\u00e3o. As mercadorias enviadas de armaz\u00e9ns europeus normalmente levam de 3 a 6 dias \u00fateis para serem entregues.<\/p>\n<p><strong>P: Como posso rastrear meu pedido?<\/strong><br \/>\nR: Ap\u00f3s o envio, voc\u00ea receber\u00e1 um e-mail de confirma\u00e7\u00e3o com um n\u00famero de rastreamento para rastreamento em tempo real.<\/p>\n<p><strong>P: Qual \u00e9 a sua pol\u00edtica de devolu\u00e7\u00e3o?<\/strong><br \/>\nR: Oferecemos uma pol\u00edtica de devolu\u00e7\u00e3o de 30 dias para reembolsos ou trocas. .<\/p>\n<p><strong>P: Haver\u00e1 algum problema alfandeg\u00e1rio?<br \/>\n<\/strong>Lidamos com todos os procedimentos de desembara\u00e7o aduaneiro para garantir uma experi\u00eancia descomplicada para voc\u00ea. .<\/p>\n<p><strong>P: Quais m\u00e9todos de envio s\u00e3o usados?<\/strong><br \/>\nCooperamos com UPS\/DHL\/FEDEX\/DPD, etc. Escolheremos a op\u00e7\u00e3o de envio apropriada dependendo do pa\u00eds de entrega para garantir que voc\u00ea receba seus produtos o mais r\u00e1pido poss\u00edvel.<\/p>\n<p><a href=\"https:\/\/pgvape.com\/pt\/perguntas-frequentes\/\">Clique aqui para mais perguntas frequentes<\/a><\/p>\n<p>Prezados clientes, Se voc\u00ea tiver alguma d\u00favida sobre seu pedido ou a chegada de mercadorias, entre em contato com nosso atendimento ao cliente. Obrigado!<\/p>\n<h3 data-sourcepos=\"73:1-73:21\"><strong data-sourcepos=\"73:7-73:21\">Contate-nos<\/strong><\/h3>\n<div id=\"text-2419739398\" class=\"text\">\n<p><strong data-sourcepos=\"75:3-75:12\">E-mail<\/strong>:\u00a0<a href=\"mailto:support@pgvape.com\"><strong>support@pgvape.com<\/strong><\/a><\/p>\n<p><strong data-sourcepos=\"76:3-76:15\">WhatsApp<\/strong>:\u00a0<a href=\"https:\/\/wa.me\/+8618128481258\"><strong>+86 18128481258<\/strong><\/a><br \/>\n<strong>(Resposta em at\u00e9 24 horas em dias \u00fateis)<\/strong><\/p>\n<\/div>\n<h3><strong>Obrigado por escolher pgvape.com! .<\/strong><\/h3>\n<\/div>","protected":false},"excerpt":{"rendered":"<p><strong>Airmez Raposa<\/strong>-<strong>140 mil baforadas<\/strong>, <strong>45ml<\/strong>, <strong>Tor\u00e7\u00e3o 6 em 1<\/strong>, <strong>bobina de malha<\/strong>, <strong>Tipo-C<\/strong>, <strong>Visor LED<\/strong>.<strong>Gire uma vez, vaporize de seis maneiras, dure meses.<\/strong><\/p>","protected":false},"featured_media":8087,"comment_status":"open","ping_status":"closed","template":"","meta":{"_seopress_robots_primary_cat":"","_seopress_titles_title":"","_seopress_titles_desc":"","_seopress_robots_index":""},"product_brand":[154,516],"product_cat":[529,155,515],"product_tag":[531,253,530,90,532],"class_list":{"0":"post-8084","1":"product","2":"type-product","3":"status-publish","4":"has-post-thumbnail","6":"product_brand-airmez-fox-vape","7":"product_brand-disposable-vape","8":"product_cat-140k-puffs-vape","9":"product_cat-airmez-fox-vape","10":"product_cat-disposable-vape","11":"product_tag-140k-puffs-vape","12":"product_tag-6-in-1-flavors","13":"product_tag-airmez-fox-140000","14":"product_tag-disposable-vape","15":"product_tag-rotating-flavor-pod-system","17":"first","18":"instock","19":"sale","20":"shipping-taxable","21":"purchasable","22":"product-type-variable"},"_links":{"self":[{"href":"https:\/\/pgvape.com\/pt\/wp-json\/wp\/v2\/product\/8084","targetHints":{"allow":["GET"]}}],"collection":[{"href":"https:\/\/pgvape.com\/pt\/wp-json\/wp\/v2\/product"}],"about":[{"href":"https:\/\/pgvape.com\/pt\/wp-json\/wp\/v2\/types\/product"}],"replies":[{"embeddable":true,"href":"https:\/\/pgvape.com\/pt\/wp-json\/wp\/v2\/comments?post=8084"}],"wp:featuredmedia":[{"embeddable":true,"href":"https:\/\/pgvape.com\/pt\/wp-json\/wp\/v2\/media\/8087"}],"wp:attachment":[{"href":"https:\/\/pgvape.com\/pt\/wp-json\/wp\/v2\/media?parent=8084"}],"wp:term":[{"taxonomy":"product_brand","embeddable":true,"href":"https:\/\/pgvape.com\/pt\/wp-json\/wp\/v2\/product_brand?post=8084"},{"taxonomy":"product_cat","embeddable":true,"href":"https:\/\/pgvape.com\/pt\/wp-json\/wp\/v2\/product_cat?post=8084"},{"taxonomy":"product_tag","embeddable":true,"href":"https:\/\/pgvape.com\/pt\/wp-json\/wp\/v2\/product_tag?post=8084"}],"curies":[{"name":"wp","href":"https:\/\/api.w.org\/{rel}","templated":true}]}}