{"id":8025,"date":"2025-12-23T07:17:14","date_gmt":"2025-12-23T07:17:14","guid":{"rendered":"https:\/\/pgvape.com\/?post_type=product&#038;p=8025"},"modified":"2026-03-15T13:36:50","modified_gmt":"2026-03-15T13:36:50","slug":"stag-bar-nexus-60000-60k-puffs-vape-descartavel-2-5-nicotinas-10-sabor-remessa-da-ue-vape-direto-da-fabrica","status":"publish","type":"product","link":"https:\/\/pgvape.com\/pt\/produto\/stag-bar-nexus-60000-60k-puffs-vape-descartavel-2-5-nicotinas-10-sabor-remessa-da-ue-vape-direto-da-fabrica\/","title":{"rendered":"Stag Bar Nexus 60000 60K Puffs Vape descart\u00e1vel 2% 5%Nicotinas 10Taste Remessa da UE Vape Factory Direct"},"content":{"rendered":"<p data-sourcepos=\"1:1-2:81\"><strong data-sourcepos=\"2:1-2:81\">Stagbar Nexus 60K | 60.000 baforadas | 50mL pr\u00e9-preenchido | Estoque da UE | Indicador LED<br \/>\n<\/strong>Constru\u00eddo para resist\u00eancia e conveni\u00eancia, o <strong data-sourcepos=\"4:42-4:63\">Stagbar Nexus 60K<\/strong> redefine a vaporiza\u00e7\u00e3o de longo prazo com um enorme <strong data-sourcepos=\"4:106-4:121\">60.000 baforadas<\/strong> capacidade alojada em um \u00fanico dispositivo pronto para uso. <strong data-sourcepos=\"4:188-4:208\">50mL of e-liquid<\/strong> e alimentado por um dur\u00e1vel <strong data-sourcepos=\"4:234-4:265\">Bateria recarreg\u00e1vel de 850mAh<\/strong>, ele foi projetado para reduzir drasticamente a frequ\u00eancia de substitui\u00e7\u00e3o. <strong data-sourcepos=\"4:342-4:365\">Indicador LED de energia<\/strong> e o carregamento USB-C contribuem para seu design f\u00e1cil de usar, proporcionando desempenho confi\u00e1vel dia ap\u00f3s dia. .<\/p>\n<p>&nbsp;<\/p>\n<h2><span style=\"font-size: 90%;\">Especifica\u00e7\u00f5es do Vape descart\u00e1vel Stag Bar Nexus 60000 60K Puffs<\/span><\/h2>\n<p><strong data-sourcepos=\"10:6-10:30\">Capacidade de 60.000 sopros<\/strong>\u00a0\u2013 Longevidade excepcional para usu\u00e1rios pesados \u200b\u200be frequentes.<\/p>\n<p><strong data-sourcepos=\"11:6-11:41\">Bateria 850mAh + carregamento USB-C<\/strong>\u00a0\u2013 Pot\u00eancia de longa dura\u00e7\u00e3o com capacidade de recarga r\u00e1pida.<\/p>\n<p><strong data-sourcepos=\"12:6-12:29\">Indicador LED de energia<\/strong> \u2013 Status da bateria simples e instant\u00e2neo.<\/p>\n<p><strong data-sourcepos=\"13:6-13:33\">Navios do Armaz\u00e9m da UE<\/strong>\u00a0\u2013 Entrega r\u00e1pida e em conformidade, sem atrasos alfandeg\u00e1rios.<\/p>\n<p><strong data-sourcepos=\"14:6-14:24\">bobina de malha 0.9\u03a9<\/strong>\u00a0\u2013 Produ\u00e7\u00e3o de vapor suave e saboroso.<\/p>\n<p><strong data-sourcepos=\"15:5-15:33\">50mL de E-l\u00edquido pr\u00e9-preenchido<\/strong>\u00a0\u2013 Pronto para usar assim que sai da caixa.<\/p>\n<p>&nbsp;<\/p>\n<h3><span style=\"font-size: 90%;\">Lista de sabores descart\u00e1veis \u200b\u200b\u200b\u200bde Vape Stag Bar Nexus 60000 60K Puffs:<\/span><\/h3>\n<p>1. Gelo de melancia<\/p>\n<p>2. Gelo de framboesa e mirtilo<\/p>\n<p>3. Bagas Mistas<\/p>\n<p>4. Uva Morango<\/p>\n<p>5. Morango Kiwi<\/p>\n<p>6.AMOR 66<\/p>\n<p>7. Melancia Framboesa<\/p>\n<p>8. Lim\u00e3o e lim\u00e3o<\/p>\n<p>9. Manga P\u00eassego<\/p>\n<p>10.Red Bull<img loading=\"lazy\" decoding=\"async\" class=\"alignnone wp-image-8051 size-full\" src=\"https:\/\/pgvape.com\/wp-content\/uploads\/2025\/12\/Stag-Bar-Nexus-60000-60K-Puffs-Disposable-Vape-Shipment-from-EU-Free-Shipping-Vape-Factory-Direct-14.png\" alt=\"Grade de p\u00f4steres com sabores Stagbar Nexus apresentando gr\u00e1ficos com tema de frutas e um dispositivo vape em cada cart\u00e3o em fundos gradientes coloridos.\" width=\"1500\" height=\"1500\" srcset=\"https:\/\/pgvape.com\/wp-content\/uploads\/2025\/12\/Stag-Bar-Nexus-60000-60K-Puffs-Disposable-Vape-Shipment-from-EU-Free-Shipping-Vape-Factory-Direct-14.png 1500w, https:\/\/pgvape.com\/wp-content\/uploads\/2025\/12\/Stag-Bar-Nexus-60000-60K-Puffs-Disposable-Vape-Shipment-from-EU-Free-Shipping-Vape-Factory-Direct-14-360x360.png 360w, https:\/\/pgvape.com\/wp-content\/uploads\/2025\/12\/Stag-Bar-Nexus-60000-60K-Puffs-Disposable-Vape-Shipment-from-EU-Free-Shipping-Vape-Factory-Direct-14-595x595.png 595w, https:\/\/pgvape.com\/wp-content\/uploads\/2025\/12\/Stag-Bar-Nexus-60000-60K-Puffs-Disposable-Vape-Shipment-from-EU-Free-Shipping-Vape-Factory-Direct-14-400x400.png 400w, https:\/\/pgvape.com\/wp-content\/uploads\/2025\/12\/Stag-Bar-Nexus-60000-60K-Puffs-Disposable-Vape-Shipment-from-EU-Free-Shipping-Vape-Factory-Direct-14-768x768.png 768w, https:\/\/pgvape.com\/wp-content\/uploads\/2025\/12\/Stag-Bar-Nexus-60000-60K-Puffs-Disposable-Vape-Shipment-from-EU-Free-Shipping-Vape-Factory-Direct-14-12x12.png 12w, https:\/\/pgvape.com\/wp-content\/uploads\/2025\/12\/Stag-Bar-Nexus-60000-60K-Puffs-Disposable-Vape-Shipment-from-EU-Free-Shipping-Vape-Factory-Direct-14-300x300.png 300w, https:\/\/pgvape.com\/wp-content\/uploads\/2025\/12\/Stag-Bar-Nexus-60000-60K-Puffs-Disposable-Vape-Shipment-from-EU-Free-Shipping-Vape-Factory-Direct-14-600x600.png 600w, https:\/\/pgvape.com\/wp-content\/uploads\/2025\/12\/Stag-Bar-Nexus-60000-60K-Puffs-Disposable-Vape-Shipment-from-EU-Free-Shipping-Vape-Factory-Direct-14-100x100.png 100w\" sizes=\"auto, (max-width: 1500px) 100vw, 1500px\" \/><\/p>\n<p>&nbsp;<\/p>\n<h3 class=\"auto-hide-last-sibling-br paragraph-pP9ZLC paragraph-element br-paragraph-space\">Por que escolher o Armaz\u00e9m Europeu PGVape?<\/h3>\n<p>Envio r\u00e1pido: Entrega para a maioria dos pa\u00edses da UE dentro de 3 a 7 dias \u00fateis.<\/p>\n<p>Entrega isenta de impostos: O estoque local da UE garante um envio tranquilo e isento de impostos.<\/p>\n<p>Garantia aut\u00eantica 100%: cigarros eletr\u00f4nicos Stag Bar genu\u00ednos de fornecedores certificados.<\/p>\n<p>Estoque Fresco: Armazenado sob condi\u00e7\u00f5es controladas para garantir a qualidade ideal.<\/p>\n<p>Confi\u00e1vel pelos europeus: Milhares de clientes desfrutam de servi\u00e7os de cigarros eletr\u00f4nicos r\u00e1pidos e seguros da PGVape.<\/p>\n<p>&nbsp;<\/p>\n<h2>Perguntas frequentes sobre Stag Bar Nexus 60000 60K Puffs Vape descart\u00e1vel<\/h2>\n<p>\u2753 <strong>Quantas baforadas por dispositivo?<\/strong><br \/>\n\u2705 Classifica\u00e7\u00e3o de f\u00e1brica <strong>60.000 baforadas<\/strong>\u2014semanas a meses de vaporiza\u00e7\u00e3o di\u00e1ria.<\/p>\n<p>\u2753 <strong>Qual \u00e9 o tamanho do tanque de e-l\u00edquido?<\/strong><br \/>\n\u2705 <strong>50ml<\/strong>\u2014uma das maiores capacidades descart\u00e1veis \u200b\u200bdo mercado.<\/p>\n<p>\u2753 <strong>\u00c9 recarreg\u00e1vel?<\/strong><br \/>\n\u2705 <strong>850mAh<\/strong> bateria + <strong>Tipo-C<\/strong> port; carga completa em aproximadamente 30 min.<\/p>\n<p>\u2753 <strong>Quais dosagens de nicotina est\u00e3o dispon\u00edveis?<\/strong><br \/>\n\u2705 <strong>2 %<\/strong> leve, <strong>5 %<\/strong> forte \u2013 escolha na finaliza\u00e7\u00e3o da compra.<\/p>\n<p>\u2753 <strong>Como verifico a bateria ou o suco?<\/strong><br \/>\n\u2705 <strong>Tela inteligente LED<\/strong> displays both levels in real time.<\/p>\n<p>\u2753 <strong class=\"\">De onde \u00e9 enviado?<\/strong><br \/>\n\u2705 <strong>Armaz\u00e9m da UE<\/strong>\u2014entrega r\u00e1pida, confi\u00e1vel e sem alf\u00e2ndega em toda a Europa.<\/p>\n<p>&nbsp;<\/p>\n<h3 id=\"brxe-najhln\" class=\"brxe-heading\">Perguntas frequentes (FAQ)<\/h3>\n<div id=\"brxe-rajiac\" class=\"brxe-text\">\n<p><strong>P: Quais m\u00e9todos de pagamento voc\u00ea aceita?<\/strong><br \/>\nR: Aceitamos PayPal, Stripe, transfer\u00eancias banc\u00e1rias (com suporte SEPA), os principais cart\u00f5es de cr\u00e9dito (Visa, MasterCard, American Express) e pagamentos em criptomoedas.<\/p>\n<p><strong>P: Quanto tempo leva a prepara\u00e7\u00e3o do pedido?<\/strong><br \/>\nR: A prepara\u00e7\u00e3o do pedido leva de 1 a 3 dias \u00fateis.<\/p>\n<p><strong>P: Qual \u00e9 o tempo de envio?<\/strong><br \/>\nR: O tempo de envio \u00e9 de 7 a 14 dias \u00fateis, dependendo da sua localiza\u00e7\u00e3o. As mercadorias enviadas de armaz\u00e9ns europeus normalmente levam de 3 a 6 dias \u00fateis para serem entregues.<\/p>\n<p><strong>P: Como posso rastrear meu pedido?<\/strong><br \/>\nR: Ap\u00f3s o envio, voc\u00ea receber\u00e1 um e-mail de confirma\u00e7\u00e3o com um n\u00famero de rastreamento para rastreamento em tempo real.<\/p>\n<p><strong>P: Qual \u00e9 a sua pol\u00edtica de devolu\u00e7\u00e3o?<\/strong><br \/>\nR: Oferecemos uma pol\u00edtica de devolu\u00e7\u00e3o de 30 dias para reembolsos ou trocas. .<\/p>\n<p><strong>P: Haver\u00e1 algum problema alfandeg\u00e1rio?<br \/>\n<\/strong>Lidamos com todos os procedimentos de desembara\u00e7o aduaneiro para garantir uma experi\u00eancia descomplicada para voc\u00ea. .<\/p>\n<p><strong>P: Quais m\u00e9todos de envio s\u00e3o usados?<\/strong><br \/>\nCooperamos com UPS\/DHL\/FEDEX\/DPD, etc. Escolheremos a op\u00e7\u00e3o de envio apropriada dependendo do pa\u00eds de entrega para garantir que voc\u00ea receba seus produtos o mais r\u00e1pido poss\u00edvel.<\/p>\n<p><a href=\"https:\/\/pgvape.com\/pt\/perguntas-frequentes\/\">Clique aqui para mais perguntas frequentes<\/a><\/p>\n<p>Prezados clientes, Se voc\u00ea tiver alguma d\u00favida sobre seu pedido ou a chegada de mercadorias, entre em contato com nosso atendimento ao cliente. Obrigado!<\/p>\n<h3 data-sourcepos=\"73:1-73:21\"><strong data-sourcepos=\"73:7-73:21\">Contate-nos<\/strong><\/h3>\n<div id=\"text-2419739398\" class=\"text\">\n<p><strong data-sourcepos=\"75:3-75:12\">E-mail<\/strong>:\u00a0<a href=\"mailto:support@pgvape.com\"><strong>support@pgvape.com<\/strong><\/a><\/p>\n<p><strong data-sourcepos=\"76:3-76:15\">WhatsApp<\/strong>:\u00a0<a href=\"https:\/\/wa.me\/+8618128481258\"><strong>+86 18128481258<\/strong><\/a><br \/>\n<strong>(Resposta em at\u00e9 24 horas em dias \u00fateis)<\/strong><\/p>\n<\/div>\n<h3><strong>Obrigado por escolher pgvape.com! .<\/strong><\/h3>\n<\/div>\n<p>&nbsp;<\/p>\n<p>&nbsp;<\/p>","protected":false},"excerpt":{"rendered":"<p>Stagbar Nexus 60K \u00e9 um vaporizador descart\u00e1vel de alta capacidade com 60.000 baforadas, e-l\u00edquido de 50 ml, bobina de malha de 0,9\u03a9, bateria recarreg\u00e1vel tipo C de 850mAh e remessa baseada na UE - oferecendo extrema longevidade, conveni\u00eancia e conformidade para vapers exigentes.<\/p>","protected":false},"featured_media":8257,"comment_status":"open","ping_status":"closed","template":"","meta":{"_seopress_robots_primary_cat":"none","_seopress_titles_title":"","_seopress_titles_desc":"","_seopress_robots_index":""},"product_brand":[516,193],"product_cat":[48,515,192],"product_tag":[315,90,203,528],"class_list":{"0":"post-8025","1":"product","2":"type-product","3":"status-publish","4":"has-post-thumbnail","6":"product_brand-disposable-vape","7":"product_brand-stag-bar-vape","8":"product_cat-60k-puffs-vape","9":"product_cat-disposable-vape","10":"product_cat-stag-bar-vape","11":"product_tag-60k-puffs-vape","12":"product_tag-disposable-vape","13":"product_tag-shipment-from-eu","14":"product_tag-stag-bar-nexus-60000","16":"first","17":"instock","18":"sale","19":"shipping-taxable","20":"purchasable","21":"product-type-variable"},"_links":{"self":[{"href":"https:\/\/pgvape.com\/pt\/wp-json\/wp\/v2\/product\/8025","targetHints":{"allow":["GET"]}}],"collection":[{"href":"https:\/\/pgvape.com\/pt\/wp-json\/wp\/v2\/product"}],"about":[{"href":"https:\/\/pgvape.com\/pt\/wp-json\/wp\/v2\/types\/product"}],"replies":[{"embeddable":true,"href":"https:\/\/pgvape.com\/pt\/wp-json\/wp\/v2\/comments?post=8025"}],"wp:featuredmedia":[{"embeddable":true,"href":"https:\/\/pgvape.com\/pt\/wp-json\/wp\/v2\/media\/8257"}],"wp:attachment":[{"href":"https:\/\/pgvape.com\/pt\/wp-json\/wp\/v2\/media?parent=8025"}],"wp:term":[{"taxonomy":"product_brand","embeddable":true,"href":"https:\/\/pgvape.com\/pt\/wp-json\/wp\/v2\/product_brand?post=8025"},{"taxonomy":"product_cat","embeddable":true,"href":"https:\/\/pgvape.com\/pt\/wp-json\/wp\/v2\/product_cat?post=8025"},{"taxonomy":"product_tag","embeddable":true,"href":"https:\/\/pgvape.com\/pt\/wp-json\/wp\/v2\/product_tag?post=8025"}],"curies":[{"name":"wp","href":"https:\/\/api.w.org\/{rel}","templated":true}]}}