{"id":7998,"date":"2025-12-22T14:15:23","date_gmt":"2025-12-22T14:15:23","guid":{"rendered":"https:\/\/pgvape.com\/?post_type=product&#038;p=7998"},"modified":"2026-02-20T18:01:05","modified_gmt":"2026-02-20T18:01:05","slug":"stag-bar-triple-pro-75000-75k-puffs-3-em-1-triplo-sabor-rotacao-descartavel-vape-remessa-da-ue-led-tela-inteligente-vape-direto-da-fabrica","status":"publish","type":"product","link":"https:\/\/pgvape.com\/pt\/produto\/stag-bar-triple-pro-75000-75k-puffs-3-em-1-triplo-sabor-rotacao-descartavel-vape-remessa-da-ue-led-tela-inteligente-vape-direto-da-fabrica\/","title":{"rendered":"Stag Bar Triple Pro 75000 75k Puffs 3 em 1 Rota\u00e7\u00e3o Tripla de Sabor Vape Descart\u00e1vel Remessa da UE LED Tela Inteligente Vape Direto da F\u00e1brica"},"content":{"rendered":"<p data-sourcepos=\"1:1-2:66\"><strong data-sourcepos=\"2:1-2:66\">Stagbar 75K | <\/strong>Meet the Stagbar 75K \u2013 a high-capacity disposable vape designed for long-lasting performance and flavor variety. With a true <strong data-sourcepos=\"4:126-4:141\">75.000 baforadas<\/strong> vida \u00fatil e um <strong data-sourcepos=\"4:157-4:190\">sistema de rota\u00e7\u00e3o de sabor triplo<\/strong>, \u00e9 uma pot\u00eancia de conveni\u00eancia e resist\u00eancia. .<\/p>\n<p>&nbsp;<\/p>\n<h2><span style=\"font-size: 90%;\">Stag Bar Triple Pro 75000 75k Puffs 3 em 1 Sabores Especifica\u00e7\u00e3o Vape Descart\u00e1vel<\/span><\/h2>\n<p><strong data-sourcepos=\"9:6-9:27\">Vagem de sabor triplo<\/strong>\u00a0\u2013 Alterne entre tr\u00eas sabores pr\u00e9-cheios com facilidade.<\/p>\n<p><strong data-sourcepos=\"10:7-10:27\">Tela inteligente LED<\/strong>\u00a0- Sempre saiba rapidamente os n\u00edveis da bateria e do e-l\u00edquido.<\/p>\n<p><strong data-sourcepos=\"11:6-11:41\">Bateria 650mAh + carregamento USB-C<\/strong>\u00a0\u2013 Recargas r\u00e1pidas, pot\u00eancia duradoura.<\/p>\n<p><strong data-sourcepos=\"12:5-12:25\">Bobina de malha tripla<\/strong>\u00a0\u2013 Sabor intenso, vapor denso e desempenho consistente.<\/p>\n<p><strong data-sourcepos=\"13:6-13:33\">Navios do Armaz\u00e9m da UE<\/strong>\u00a0\u2013 Entrega r\u00e1pida e compat\u00edvel com impostos em toda a Europa.<\/p>\n<p><strong data-sourcepos=\"14:6-14:22\">75.000 baforadas<\/strong>\u00a0\u2013 Longevidade excepcional para uso prolongado.<\/p>\n<p>&nbsp;<\/p>\n<h3><span style=\"font-size: 90%;\">Stag Bar Triple Pro 75000 75k Puffs 3 in 1 Flavors Disposable Vape Flavor List<\/span><\/h3>\n<p>1.Strawberry Kiwi &amp; Blueberry Ice &amp; Watermelon Ice<\/p>\n<p>2. Blue Razz Ice e Uva Cranberry e Melancia Morango<\/p>\n<p>3. Morango, Uva, Framboesa, Melancia e Gelo de Mirtilo<\/p>\n<p>4. Mel\u00e3o triplo e p\u00eassego, manga, abacaxi e gelo de morango<\/p>\n<p>5. Gelo de mirtilo e gelo de cereja e lim\u00e3o<\/p>\n<p>6. Melancia Framboesa, Kiwi Morango e Gelo Razz Azul<\/p>\n<p>7. Gelo de cereja, kiwi de morango e ma\u00e7\u00e3 dupla<\/p>\n<p>8. Chiclete de melancia e gelo Blue Razz e mel\u00e3o triplo<\/p>\n<p>9. Gelo de morango e melancia e lim\u00e3o<\/p>\n<p>10. Gelo de melancia e morango, uva e p\u00eassego, manga, abacaxi<img loading=\"lazy\" decoding=\"async\" class=\"alignnone wp-image-8003 size-full\" src=\"https:\/\/pgvape.com\/wp-content\/uploads\/2025\/12\/Stagbar-Triple-Pro-75000-75k-Puffs-3-in-1-Flavors-Disposable-Vape-Hipment-From-EU-Free-Shipping-Vape-Factory-Direct-3.png\" alt=\"Linha colorida de vaporizadores descart\u00e1veis \u200b\u200bStagbar Triple Pro com personagens de macacos de desenhos animados, com 75k baforadas, 3 em 1 e logotipo do EU Warehouse.\" width=\"1500\" height=\"483\" srcset=\"https:\/\/pgvape.com\/wp-content\/uploads\/2025\/12\/Stagbar-Triple-Pro-75000-75k-Puffs-3-in-1-Flavors-Disposable-Vape-Hipment-From-EU-Free-Shipping-Vape-Factory-Direct-3.png 1500w, https:\/\/pgvape.com\/wp-content\/uploads\/2025\/12\/Stagbar-Triple-Pro-75000-75k-Puffs-3-in-1-Flavors-Disposable-Vape-Hipment-From-EU-Free-Shipping-Vape-Factory-Direct-3-555x179.png 555w, https:\/\/pgvape.com\/wp-content\/uploads\/2025\/12\/Stagbar-Triple-Pro-75000-75k-Puffs-3-in-1-Flavors-Disposable-Vape-Hipment-From-EU-Free-Shipping-Vape-Factory-Direct-3-595x192.png 595w, https:\/\/pgvape.com\/wp-content\/uploads\/2025\/12\/Stagbar-Triple-Pro-75000-75k-Puffs-3-in-1-Flavors-Disposable-Vape-Hipment-From-EU-Free-Shipping-Vape-Factory-Direct-3-400x129.png 400w, https:\/\/pgvape.com\/wp-content\/uploads\/2025\/12\/Stagbar-Triple-Pro-75000-75k-Puffs-3-in-1-Flavors-Disposable-Vape-Hipment-From-EU-Free-Shipping-Vape-Factory-Direct-3-768x247.png 768w, https:\/\/pgvape.com\/wp-content\/uploads\/2025\/12\/Stagbar-Triple-Pro-75000-75k-Puffs-3-in-1-Flavors-Disposable-Vape-Hipment-From-EU-Free-Shipping-Vape-Factory-Direct-3-18x6.png 18w, https:\/\/pgvape.com\/wp-content\/uploads\/2025\/12\/Stagbar-Triple-Pro-75000-75k-Puffs-3-in-1-Flavors-Disposable-Vape-Hipment-From-EU-Free-Shipping-Vape-Factory-Direct-3-600x193.png 600w\" sizes=\"auto, (max-width: 1500px) 100vw, 1500px\" \/><\/p>\n<p>&nbsp;<\/p>\n<h3><span style=\"font-size: 90%;\">Stag Bar Triple Pro 75000 75k Puffs 3 em 1 Sabores Vape Descart\u00e1vel V\u00eddeo:<\/span><\/h3>\n<p>&nbsp;<\/p>\n<h3 class=\"auto-hide-last-sibling-br paragraph-pP9ZLC paragraph-element br-paragraph-space\">Por que escolher o Armaz\u00e9m Europeu PGVape?<\/h3>\n<p>Envio r\u00e1pido: Entrega para a maioria dos pa\u00edses da UE dentro de 3 a 7 dias \u00fateis.<\/p>\n<p>Entrega isenta de impostos: O estoque local da UE garante um envio tranquilo e isento de impostos.<\/p>\n<p>Garantia aut\u00eantica 100%: Genu\u00edna <span style=\"font-size: 90%;\">Barra de veado <\/span>cigarros eletr\u00f4nicos de fornecedores certificados.<\/p>\n<p>Estoque Fresco: Armazenado sob condi\u00e7\u00f5es controladas para garantir a qualidade ideal.<\/p>\n<p>Confi\u00e1vel pelos europeus: Milhares de clientes desfrutam de servi\u00e7os de cigarros eletr\u00f4nicos r\u00e1pidos e seguros da PGVape.<\/p>\n<p>&nbsp;<\/p>\n<h2 class=\"header-vfC6AV auto-hide-last-sibling-br\"><span style=\"font-size: 90%;\">Perguntas frequentes sobre Stag Bar Triple Pro 75000 75k Puffs 3 em 1 sabores Vape descart\u00e1vel<\/span><\/h2>\n<p>\u2753 <strong>Quantas tragadas no total?<\/strong><br \/>\n\u2705 Classifica\u00e7\u00e3o de f\u00e1brica <strong>75.000 baforadas<\/strong>\u2014weeks to months of use.<\/p>\n<p>\u2753 <strong class=\"\">Como mudo os sabores?<\/strong><br \/>\n\u2705 <strong>Seletor 3 em 1<\/strong>\u2014 gire ou clique para pular entre <strong>tr\u00eas sabores pr\u00e9-cheios<\/strong>.<\/p>\n<p>\u2753 <strong class=\"\">\u00c9 recarreg\u00e1vel?<\/strong><br \/>\n\u2705 <strong>650mAh<\/strong> bateria + <strong>Tipo-C<\/strong> port; carga completa em aproximadamente 30 min.<\/p>\n<p>\u2753 <strong>Como verifico a bateria ou o suco?<\/strong><br \/>\n\u2705 <strong>Tela inteligente LED<\/strong> displays both levels in real time.<\/p>\n<p>\u2753 <strong>De onde \u00e9 enviado?<\/strong><br \/>\n\u2705 <strong>Armaz\u00e9m da UE<\/strong>\u2014entrega r\u00e1pida em toda a Europa.<\/p>\n<p>&nbsp;<\/p>\n<h3 id=\"brxe-najhln\" class=\"brxe-heading\">Perguntas frequentes (FAQ)<\/h3>\n<div id=\"brxe-rajiac\" class=\"brxe-text\">\n<p><strong>P: Quais m\u00e9todos de pagamento voc\u00ea aceita?<\/strong><br \/>\nR: Aceitamos PayPal, Stripe, transfer\u00eancias banc\u00e1rias (com suporte SEPA), os principais cart\u00f5es de cr\u00e9dito (Visa, MasterCard, American Express) e pagamentos em criptomoedas.<\/p>\n<p><strong>P: Quanto tempo leva a prepara\u00e7\u00e3o do pedido?<\/strong><br \/>\nR: A prepara\u00e7\u00e3o do pedido leva de 1 a 3 dias \u00fateis.<\/p>\n<p><strong>P: Qual \u00e9 o tempo de envio?<\/strong><br \/>\nR: O tempo de envio \u00e9 de 7 a 14 dias \u00fateis, dependendo da sua localiza\u00e7\u00e3o.<\/p>\n<p><strong>P: Como posso rastrear meu pedido?<\/strong><br \/>\nR: Ap\u00f3s o envio, voc\u00ea receber\u00e1 um e-mail de confirma\u00e7\u00e3o com um n\u00famero de rastreamento para rastreamento em tempo real.<\/p>\n<p><strong>P: Qual \u00e9 a sua pol\u00edtica de devolu\u00e7\u00e3o?<\/strong><br \/>\nR: Oferecemos uma pol\u00edtica de devolu\u00e7\u00e3o de 30 dias para reembolsos ou trocas. .<\/p>\n<p><strong>P: Haver\u00e1 algum problema alfandeg\u00e1rio?<br \/>\n<\/strong>Lidamos com todos os procedimentos de desembara\u00e7o aduaneiro para garantir uma experi\u00eancia descomplicada para voc\u00ea. .<\/p>\n<p><strong>P: Quais m\u00e9todos de envio s\u00e3o usados?<\/strong><br \/>\nCooperamos com UPS\/DHL\/FEDEX\/DPD, etc. Escolheremos a op\u00e7\u00e3o de envio apropriada dependendo do pa\u00eds de entrega para garantir que voc\u00ea receba seus produtos o mais r\u00e1pido poss\u00edvel.<\/p>\n<p><a href=\"https:\/\/pgvape.com\/pt\/perguntas-frequentes\/\">Clique aqui para mais perguntas frequentes<\/a><\/p>\n<p>Prezados clientes, Se voc\u00ea tiver alguma d\u00favida sobre seu pedido ou a chegada de mercadorias, entre em contato com nosso atendimento ao cliente. Obrigado!<\/p>\n<h3 data-sourcepos=\"73:1-73:21\"><strong data-sourcepos=\"73:7-73:21\">Contate-nos<\/strong><\/h3>\n<div id=\"text-2419739398\" class=\"text\">\n<p><strong data-sourcepos=\"75:3-75:12\">E-mail<\/strong>:\u00a0<a href=\"mailto:support@pgvape.com\"><strong>support@pgvape.com<\/strong><\/a><\/p>\n<p><strong data-sourcepos=\"76:3-76:15\">WhatsApp<\/strong>:\u00a0<a href=\"https:\/\/wa.me\/+8618128481258\"><strong>+86 18128481258<\/strong><\/a><br \/>\n<strong>(Resposta em at\u00e9 24 horas em dias \u00fateis)<\/strong><\/p>\n<\/div>\n<h3><strong>Obrigado por escolher pgvape.com! .<\/strong><\/h3>\n<\/div>","protected":false},"excerpt":{"rendered":"<p><strong>Stagbar 75K<\/strong>-<strong>75 mil baforadas<\/strong>, <strong>malha tripla<\/strong>, <strong>3 sabores<\/strong>, <strong>Tipo-C<\/strong>, <strong>tela inteligente<\/strong>, <strong>Estoque da UE<\/strong>.<strong>Escolha tr\u00eas, vape por muito tempo e envie r\u00e1pido.<\/strong><\/p>","protected":false},"featured_media":8001,"comment_status":"open","ping_status":"closed","template":"","meta":{"_seopress_robots_primary_cat":"none","_seopress_titles_title":"","_seopress_titles_desc":"","_seopress_robots_index":""},"product_brand":[516,193],"product_cat":[326,515,192],"product_tag":[526,525,90,203,524],"class_list":{"0":"post-7998","1":"product","2":"type-product","3":"status-publish","4":"has-post-thumbnail","6":"product_brand-disposable-vape","7":"product_brand-stag-bar-vape","8":"product_cat-75k-puffs-vape","9":"product_cat-disposable-vape","10":"product_cat-stag-bar-vape","11":"product_tag-3-in-1-triple-flavor-rotation","12":"product_tag-75k-puffs-vape","13":"product_tag-disposable-vape","14":"product_tag-shipment-from-eu","15":"product_tag-stag-bar-triple-pro-75000","17":"first","18":"outofstock","19":"sale","20":"shipping-taxable","21":"purchasable","22":"product-type-variable"},"_links":{"self":[{"href":"https:\/\/pgvape.com\/pt\/wp-json\/wp\/v2\/product\/7998","targetHints":{"allow":["GET"]}}],"collection":[{"href":"https:\/\/pgvape.com\/pt\/wp-json\/wp\/v2\/product"}],"about":[{"href":"https:\/\/pgvape.com\/pt\/wp-json\/wp\/v2\/types\/product"}],"replies":[{"embeddable":true,"href":"https:\/\/pgvape.com\/pt\/wp-json\/wp\/v2\/comments?post=7998"}],"wp:featuredmedia":[{"embeddable":true,"href":"https:\/\/pgvape.com\/pt\/wp-json\/wp\/v2\/media\/8001"}],"wp:attachment":[{"href":"https:\/\/pgvape.com\/pt\/wp-json\/wp\/v2\/media?parent=7998"}],"wp:term":[{"taxonomy":"product_brand","embeddable":true,"href":"https:\/\/pgvape.com\/pt\/wp-json\/wp\/v2\/product_brand?post=7998"},{"taxonomy":"product_cat","embeddable":true,"href":"https:\/\/pgvape.com\/pt\/wp-json\/wp\/v2\/product_cat?post=7998"},{"taxonomy":"product_tag","embeddable":true,"href":"https:\/\/pgvape.com\/pt\/wp-json\/wp\/v2\/product_tag?post=7998"}],"curies":[{"name":"wp","href":"https:\/\/api.w.org\/{rel}","templated":true}]}}