{"id":7965,"date":"2025-12-19T10:44:48","date_gmt":"2025-12-19T10:44:48","guid":{"rendered":"https:\/\/pgvape.com\/?post_type=product&#038;p=7965"},"modified":"2026-03-15T13:36:50","modified_gmt":"2026-03-15T13:36:50","slug":"bang-legend-geek-60000-60k-puffs-vape-descartavel-fluxo-de-ar-ajustavel-modo-turbo-0-5-nicotina-12-gostos-tela-inteligente-vape-fabrica-atacado","status":"publish","type":"product","link":"https:\/\/pgvape.com\/pt\/produto\/bang-legend-geek-60000-60k-puffs-vape-descartavel-fluxo-de-ar-ajustavel-modo-turbo-0-5-nicotina-12-gostos-tela-inteligente-vape-fabrica-atacado\/","title":{"rendered":"Bang Legend Geek 60000 60K Puffs Vape Descart\u00e1vel Fluxo de Ar Ajust\u00e1vel e Modo Turbo 0% \u2013 5% Nicotina 12Tastes Tela Inteligente Vape F\u00e1brica Atacado"},"content":{"rendered":"<p>Bang Legend Geek 60000 60K Puffs Descart\u00e1veis\u00a0<strong>Vaporizador<\/strong>\u00a0foi projetado para vapers que buscam m\u00e1ximo desempenho e personaliza\u00e7\u00e3o.\u00a0<strong>bobina de malha<\/strong>\u00a0garante vapor suave e sabor rico e consistente.\u00a0<strong>e-l\u00edquido<\/strong>\u00a0janela, al\u00e9m de 12 sabores selecionados, este dispositivo equilibra o prazer di\u00e1rio com o valor a longo prazo, tudo alojado em um corpo compacto e ergon\u00f4mico, ideal para uso em tr\u00e2nsito.<\/p>\n<p>&nbsp;<\/p>\n<h2><span style=\"font-size: 90%;\">Especifica\u00e7\u00f5es do Vape descart\u00e1vel Bang Legend Geek 60000 60K Puffs<\/span><\/h2>\n<p><strong>Sopros<\/strong>: At\u00e9 <strong class=\"\">60,000<\/strong><\/p>\n<p><strong>E-l\u00edquido<\/strong>: <strong>19ml<\/strong> pr\u00e9-preenchido<\/p>\n<p><strong>Nicotina<\/strong>: <strong class=\"\">2 %, 3 %, 5 %<\/strong> op\u00e7\u00f5es de sal<\/p>\n<p><strong>Bateria<\/strong>: <strong>850mAh<\/strong>, <strong>Tipo-C<\/strong> carga r\u00e1pida<\/p>\n<p><strong>Bobina<\/strong>: <strong class=\"\">Malha de 1,0 \u03a9<\/strong><\/p>\n<p><strong>Fluxo de ar<\/strong>: <strong class=\"\">Ajust\u00e1vel<\/strong> (apertado \u2192 arejado)<\/p>\n<p><strong>Modo<\/strong>: <strong class=\"\">Turbo<\/strong> aumento de pot\u00eancia<\/p>\n<p><strong>Janela<\/strong>: <strong>Claro<\/strong> visualizador de suco<\/p>\n<p>&nbsp;<\/p>\n<h3><span style=\"font-size: 90%;\">Bang Legend Geek 60000 60K Puffs Lista de sabores descart\u00e1veis \u200b\u200bde Vape<\/span><\/h3>\n<p>1. Melancia com morango<\/p>\n<p>2. Gelo de mirtilo<\/p>\n<p>3. Mirtilo Framboesa<\/p>\n<p>4. Morango Kiwi<\/p>\n<p>5. Banana Morango<\/p>\n<p>6. Gelo de Uva<\/p>\n<p>7. Manga Morango<\/p>\n<p>8. Kiwi Maracuj\u00e1 Goiaba<\/p>\n<p>9.Mamba<\/p>\n<p>10.Amor 66<\/p>\n<p>11. Bagas Mistas<\/p>\n<p>12. Gelo de p\u00eassego<img loading=\"lazy\" decoding=\"async\" class=\"alignnone wp-image-7982 size-full\" src=\"https:\/\/pgvape.com\/wp-content\/uploads\/2025\/12\/Bang-Legend-Geek-60000-60K-Puffs-Disposable-Vape-Adjustable-Airflow-Turbo-Mode-0\u20135-Nicotine-12Tastes-Smart-Screen-Vape-Factory-Wholesale-2.png\" alt=\"Fileiras de dispositivos vape descart\u00e1veis \u200b\u200bBang Legend em cores brilhantes com r\u00f3tulos de sabores, contra um fundo roxo neon.\" width=\"1800\" height=\"900\" srcset=\"https:\/\/pgvape.com\/wp-content\/uploads\/2025\/12\/Bang-Legend-Geek-60000-60K-Puffs-Disposable-Vape-Adjustable-Airflow-Turbo-Mode-0\u20135-Nicotine-12Tastes-Smart-Screen-Vape-Factory-Wholesale-2.png 1800w, https:\/\/pgvape.com\/wp-content\/uploads\/2025\/12\/Bang-Legend-Geek-60000-60K-Puffs-Disposable-Vape-Adjustable-Airflow-Turbo-Mode-0\u20135-Nicotine-12Tastes-Smart-Screen-Vape-Factory-Wholesale-2-555x278.png 555w, https:\/\/pgvape.com\/wp-content\/uploads\/2025\/12\/Bang-Legend-Geek-60000-60K-Puffs-Disposable-Vape-Adjustable-Airflow-Turbo-Mode-0\u20135-Nicotine-12Tastes-Smart-Screen-Vape-Factory-Wholesale-2-595x298.png 595w, https:\/\/pgvape.com\/wp-content\/uploads\/2025\/12\/Bang-Legend-Geek-60000-60K-Puffs-Disposable-Vape-Adjustable-Airflow-Turbo-Mode-0\u20135-Nicotine-12Tastes-Smart-Screen-Vape-Factory-Wholesale-2-400x200.png 400w, https:\/\/pgvape.com\/wp-content\/uploads\/2025\/12\/Bang-Legend-Geek-60000-60K-Puffs-Disposable-Vape-Adjustable-Airflow-Turbo-Mode-0\u20135-Nicotine-12Tastes-Smart-Screen-Vape-Factory-Wholesale-2-768x384.png 768w, https:\/\/pgvape.com\/wp-content\/uploads\/2025\/12\/Bang-Legend-Geek-60000-60K-Puffs-Disposable-Vape-Adjustable-Airflow-Turbo-Mode-0\u20135-Nicotine-12Tastes-Smart-Screen-Vape-Factory-Wholesale-2-1536x768.png 1536w, https:\/\/pgvape.com\/wp-content\/uploads\/2025\/12\/Bang-Legend-Geek-60000-60K-Puffs-Disposable-Vape-Adjustable-Airflow-Turbo-Mode-0\u20135-Nicotine-12Tastes-Smart-Screen-Vape-Factory-Wholesale-2-18x9.png 18w, https:\/\/pgvape.com\/wp-content\/uploads\/2025\/12\/Bang-Legend-Geek-60000-60K-Puffs-Disposable-Vape-Adjustable-Airflow-Turbo-Mode-0\u20135-Nicotine-12Tastes-Smart-Screen-Vape-Factory-Wholesale-2-600x300.png 600w\" sizes=\"auto, (max-width: 1800px) 100vw, 1800px\" \/><\/p>\n<p>&nbsp;<\/p>\n<h3><span style=\"font-size: 90%;\">Bang Legend Geek 60000 60K Puffs Vape descart\u00e1vel <strong>V\u00eddeo:<\/strong><\/span><\/h3>\n<p><iframe loading=\"lazy\" title=\"Bang Legend Geek 60K Puffs Vape Descart\u00e1vel Fluxo de Ar Ajust\u00e1vel e Modo Turbo F\u00e1brica Atacado pgvape\" width=\"1020\" height=\"574\" src=\"https:\/\/www.youtube.com\/embed\/cip3IqgQwM4?feature=oembed\" frameborder=\"0\" allow=\"accelerometer; autoplay; clipboard-write; encrypted-media; gyroscope; picture-in-picture; web-share\" referrerpolicy=\"strict-origin-when-cross-origin\" allowfullscreen><\/iframe><\/p>\n<p>&nbsp;<\/p>\n<h2 class=\"header-vfC6AV auto-hide-last-sibling-br\"><span style=\"font-size: 90%;\">Perguntas frequentes sobre Bang Legend Geek 60000 60K Puffs Vape descart\u00e1vel<\/span><\/h2>\n<p>\u2753Por que escolher o Bang Legend Geek 60000 60K Puffs descart\u00e1veis\u00a0<strong>Vaporizador<\/strong>?<br \/>\n\u2705 Fornece at\u00e9 60.000 baforadas, oferecendo uma vida \u00fatil ultralonga que reduz substitui\u00e7\u00f5es e maximiza o valor.<\/p>\n<p>\u2753O que diferencia seu desempenho?<br \/>\n\u2705 O 1.0\u03a9 <strong style=\"font-size: 14.4px;\">bobina de malha<\/strong><span style=\"font-size: 14.4px;\">\u00a0garante aquecimento r\u00e1pido, tra\u00e7\u00e3o suave e sabor rico e consistente a cada baforada.<\/span><\/p>\n<p>\u2753Os usu\u00e1rios podem personalizar seus\u00a0<strong>vaporizar<\/strong> experi\u00eancia?<br \/>\n\u2705 Sim, o fluxo de ar ajust\u00e1vel e o Modo Turbo permitem aos usu\u00e1rios alternar entre puxadas suaves e golpes com aumento de pot\u00eancia.<\/p>\n<p>\u2753\u00c9 confi\u00e1vel para uso di\u00e1rio a longo prazo?<br \/>\n\u2705 Absolutamente. <strong style=\"font-size: 14.4px;\">vaporizar<\/strong><span style=\"font-size: 14.4px;\">\u00a0com tempo de inatividade m\u00ednimo.<\/span><\/p>\n<p>\u2753Por que \u00e9 conveniente usar?<br \/>\n\u2705 O claro <strong style=\"font-size: 14.4px;\">e-l\u00edquido<\/strong><span style=\"font-size: 14.4px;\">\u00a0janela e 12 op\u00e7\u00f5es de sabores tornam o Bang Legend Geek 60000 f\u00e1cil de usar e altamente vers\u00e1til.<\/span><\/p>\n<p>&nbsp;<\/p>\n<h3 id=\"brxe-najhln\" class=\"brxe-heading\">Perguntas frequentes (FAQ)<\/h3>\n<div id=\"brxe-rajiac\" class=\"brxe-text\">\n<p><strong>P: Quais m\u00e9todos de pagamento voc\u00ea aceita?<\/strong><br \/>\nR: Aceitamos PayPal, Stripe, transfer\u00eancias banc\u00e1rias (com suporte SEPA), os principais cart\u00f5es de cr\u00e9dito (Visa, MasterCard, American Express) e pagamentos em criptomoedas.<\/p>\n<p><strong>P: Quanto tempo leva a prepara\u00e7\u00e3o do pedido?<\/strong><br \/>\nR: A prepara\u00e7\u00e3o do pedido leva de 1 a 3 dias \u00fateis.<\/p>\n<p><strong>P: Qual \u00e9 o tempo de envio?<\/strong><br \/>\nR: O tempo de envio \u00e9 de 7 a 14 dias \u00fateis, dependendo da sua localiza\u00e7\u00e3o.<\/p>\n<p><strong>P: Como posso rastrear meu pedido?<\/strong><br \/>\nR: Ap\u00f3s o envio, voc\u00ea receber\u00e1 um e-mail de confirma\u00e7\u00e3o com um n\u00famero de rastreamento para rastreamento em tempo real.<\/p>\n<p><strong>P: Qual \u00e9 a sua pol\u00edtica de devolu\u00e7\u00e3o?<\/strong><br \/>\nR: Oferecemos uma pol\u00edtica de devolu\u00e7\u00e3o de 30 dias para reembolsos ou trocas. .<\/p>\n<p><strong>P: Haver\u00e1 algum problema alfandeg\u00e1rio?<br \/>\n<\/strong>Lidamos com todos os procedimentos de desembara\u00e7o aduaneiro para garantir uma experi\u00eancia descomplicada para voc\u00ea. .<\/p>\n<p><strong>P: Quais m\u00e9todos de envio s\u00e3o usados?<\/strong><br \/>\nCooperamos com UPS\/DHL\/FEDEX\/DPD, etc. Escolheremos a op\u00e7\u00e3o de envio apropriada dependendo do pa\u00eds de entrega para garantir que voc\u00ea receba seus produtos o mais r\u00e1pido poss\u00edvel.<\/p>\n<p><a href=\"https:\/\/pgvape.com\/pt\/perguntas-frequentes\/\">Clique aqui para mais perguntas frequentes<\/a><\/p>\n<p>Prezados clientes, Se voc\u00ea tiver alguma d\u00favida sobre seu pedido ou a chegada de mercadorias, entre em contato com nosso atendimento ao cliente. Obrigado!<\/p>\n<h3 data-sourcepos=\"73:1-73:21\"><strong data-sourcepos=\"73:7-73:21\">Contate-nos<\/strong><\/h3>\n<div id=\"text-2419739398\" class=\"text\">\n<p><strong data-sourcepos=\"75:3-75:12\">E-mail<\/strong>:\u00a0<a href=\"mailto:support@pgvape.com\"><strong>support@pgvape.com<\/strong><\/a><\/p>\n<p><strong data-sourcepos=\"76:3-76:15\">WhatsApp<\/strong>:\u00a0<a href=\"https:\/\/wa.me\/+8618128481258\"><strong>+86 18128481258<\/strong><\/a><br \/>\n<strong>(Resposta em at\u00e9 24 horas em dias \u00fateis)<\/strong><\/p>\n<\/div>\n<h3><strong>Obrigado por escolher pgvape.com! .<\/strong><\/h3>\n<\/div>","protected":false},"excerpt":{"rendered":"<p><strong>Bang Legend Geek 60K<\/strong>-<strong>60 mil baforadas<\/strong>, <strong>19ml<\/strong>, <strong>Turbo + controle de fluxo de ar<\/strong>, <strong>bobina de malha<\/strong>, <strong>Tipo-C<\/strong>, <strong>janela inteligente<\/strong>.<strong class=\"\">Poder que voc\u00ea v\u00ea, sabor que voc\u00ea sente.<\/strong><\/p>","protected":false},"featured_media":7983,"comment_status":"open","ping_status":"closed","template":"","meta":{"_seopress_robots_primary_cat":"","_seopress_titles_title":"","_seopress_titles_desc":"","_seopress_robots_index":""},"product_brand":[72,516],"product_cat":[48,71,515],"product_tag":[315,135,522,90,523],"class_list":{"0":"post-7965","1":"product","2":"type-product","3":"status-publish","4":"has-post-thumbnail","6":"product_brand-bang-legend-vape","7":"product_brand-disposable-vape","8":"product_cat-60k-puffs-vape","9":"product_cat-bang-legend-vape","10":"product_cat-disposable-vape","11":"product_tag-60k-puffs-vape","12":"product_tag-adjustable-airflow","13":"product_tag-bang-legend-geek-60000","14":"product_tag-disposable-vape","15":"product_tag-turbo-mode","17":"first","18":"instock","19":"sale","20":"shipping-taxable","21":"purchasable","22":"product-type-variable"},"_links":{"self":[{"href":"https:\/\/pgvape.com\/pt\/wp-json\/wp\/v2\/product\/7965","targetHints":{"allow":["GET"]}}],"collection":[{"href":"https:\/\/pgvape.com\/pt\/wp-json\/wp\/v2\/product"}],"about":[{"href":"https:\/\/pgvape.com\/pt\/wp-json\/wp\/v2\/types\/product"}],"replies":[{"embeddable":true,"href":"https:\/\/pgvape.com\/pt\/wp-json\/wp\/v2\/comments?post=7965"}],"wp:featuredmedia":[{"embeddable":true,"href":"https:\/\/pgvape.com\/pt\/wp-json\/wp\/v2\/media\/7983"}],"wp:attachment":[{"href":"https:\/\/pgvape.com\/pt\/wp-json\/wp\/v2\/media?parent=7965"}],"wp:term":[{"taxonomy":"product_brand","embeddable":true,"href":"https:\/\/pgvape.com\/pt\/wp-json\/wp\/v2\/product_brand?post=7965"},{"taxonomy":"product_cat","embeddable":true,"href":"https:\/\/pgvape.com\/pt\/wp-json\/wp\/v2\/product_cat?post=7965"},{"taxonomy":"product_tag","embeddable":true,"href":"https:\/\/pgvape.com\/pt\/wp-json\/wp\/v2\/product_tag?post=7965"}],"curies":[{"name":"wp","href":"https:\/\/api.w.org\/{rel}","templated":true}]}}