{"id":7934,"date":"2025-12-17T13:57:20","date_gmt":"2025-12-17T13:57:20","guid":{"rendered":"https:\/\/pgvape.com\/?post_type=product&#038;p=7934"},"modified":"2026-03-15T13:36:50","modified_gmt":"2026-03-15T13:36:50","slug":"bang-king-city-50000-50k-puffs-descartaveis-vape-city-marco-designs-0-2-3-5-nicotina-12-gostos-tela-oled-inteligente-vape-direto-da-fabrica","status":"publish","type":"product","link":"https:\/\/pgvape.com\/pt\/produto\/bang-king-city-50000-50k-puffs-descartaveis-vape-city-marco-designs-0-2-3-5-nicotina-12-gostos-tela-oled-inteligente-vape-direto-da-fabrica\/","title":{"rendered":"Bang King City 50000 50K Puffs Vape descart\u00e1veis \u200b\u200bCity Landmark Designs 0% 2% 3% 5% Nicotina 12Tastes Smart OLED Screen Vape Factory Direct"},"content":{"rendered":"<p>Bang King City 50K parece muito legal \u2013 este descart\u00e1vel\u00a0<strong>Vaporizador<\/strong>\u00a0Apresenta marcos famosos da cidade (como a Torre Inclinada de Pisa ou a Est\u00e1tua da Liberdade) para um design elegante e atraente.\u00a0<strong>E-l\u00edquido<\/strong>\u00a0Capacidade e uma bateria recarreg\u00e1vel de 650mAh com carregamento tipo C para recupera\u00e7\u00e3o de energia conveniente.\u00a0<strong>E-l\u00edquido<\/strong>\u00a0N\u00edveis em tempo real, garantindo uma experi\u00eancia perfeita\u00a0<strong>Vaporizar<\/strong>\u00a0Experi\u00eancia.\u00a0<strong>Vaporizar<\/strong>.<\/p>\n<p>&nbsp;<\/p>\n<h2><span style=\"font-size: 90%;\">Especifica\u00e7\u00f5es do Vape descart\u00e1vel Bang King City 50000 50K Puffs<\/span><\/h2>\n<p><strong data-sourcepos=\"11:6-11:29\">Projetos ic\u00f4nicos de cidades<\/strong>\u00a0\u2013 Arte visualmente distinta em estilo de colecionador.<\/p>\n<p><strong data-sourcepos=\"12:6-12:27\">Tela OLED inteligente<\/strong>\u00a0\u2013 Mostra a dura\u00e7\u00e3o da bateria e os n\u00edveis de e-l\u00edquido em tempo real.<\/p>\n<p><strong data-sourcepos=\"13:6-13:32\">Bateria enorme de 650mAh<\/strong>\u00a0\u2013 Recarreg\u00e1vel via USB Type-C para recargas convenientes.<\/p>\n<p><strong data-sourcepos=\"14:6-14:33\">45mL de E-l\u00edquido pr\u00e9-preenchido<\/strong>\u00a0\u2013 Uso prolongado para divers\u00e3o duradoura.<\/p>\n<p><strong data-sourcepos=\"15:6-15:28\">Bobina de malha avan\u00e7ada<\/strong>\u00a0\u2013 Vapor suave e saboroso com sa\u00edda consistente.<\/p>\n<p><strong data-sourcepos=\"16:6-16:26\">Op\u00e7\u00f5es de nicotina<\/strong>\u00a0\u2013 Dispon\u00edvel em 0%, 2%, 3% e 5%.<\/p>\n<p><strong>Recurso de projeto<\/strong>: Designs elegantes de marcos urbanos<\/p>\n<p>&nbsp;<\/p>\n<h3><span style=\"font-size: 90%;\">Lista de sabores descart\u00e1veis \u200b\u200b\u200b\u200bde Vape Bang King City 50000 50K Puffs<\/span><\/h3>\n<p>1.Sr. Azul<\/p>\n<p>2. Gelo Razz Azul<\/p>\n<p>3. Melancia Morango<\/p>\n<p>4. Gelo de melancia<\/p>\n<p>5. Banana Morango<\/p>\n<p>6. Frutas Tropicais<\/p>\n<p>7. Gelo de frutas triplas<\/p>\n<p>8. Gelo suculento de p\u00eassego<\/p>\n<p>9. Morango Kiwi<\/p>\n<p>10. Melancia P\u00eassego Manga<\/p>\n<p>11. Kiwi Maracuj\u00e1 Goiaba<\/p>\n<p>12. Gelo de Uva<img loading=\"lazy\" decoding=\"async\" class=\"alignnone wp-image-7941 size-full\" src=\"https:\/\/pgvape.com\/wp-content\/uploads\/2025\/12\/Bang-King-City-50000-50K-Puffs-Disposable-Vape-City-Landmark-Designs-0-2-3-5-Nicotine-12Tastes-Vape-Factory-Direct-pgvape-5.png\" alt=\"\" width=\"1500\" height=\"1492\" srcset=\"https:\/\/pgvape.com\/wp-content\/uploads\/2025\/12\/Bang-King-City-50000-50K-Puffs-Disposable-Vape-City-Landmark-Designs-0-2-3-5-Nicotine-12Tastes-Vape-Factory-Direct-pgvape-5.png 1500w, https:\/\/pgvape.com\/wp-content\/uploads\/2025\/12\/Bang-King-City-50000-50K-Puffs-Disposable-Vape-City-Landmark-Designs-0-2-3-5-Nicotine-12Tastes-Vape-Factory-Direct-pgvape-5-362x360.png 362w, https:\/\/pgvape.com\/wp-content\/uploads\/2025\/12\/Bang-King-City-50000-50K-Puffs-Disposable-Vape-City-Landmark-Designs-0-2-3-5-Nicotine-12Tastes-Vape-Factory-Direct-pgvape-5-595x592.png 595w, https:\/\/pgvape.com\/wp-content\/uploads\/2025\/12\/Bang-King-City-50000-50K-Puffs-Disposable-Vape-City-Landmark-Designs-0-2-3-5-Nicotine-12Tastes-Vape-Factory-Direct-pgvape-5-400x398.png 400w, https:\/\/pgvape.com\/wp-content\/uploads\/2025\/12\/Bang-King-City-50000-50K-Puffs-Disposable-Vape-City-Landmark-Designs-0-2-3-5-Nicotine-12Tastes-Vape-Factory-Direct-pgvape-5-768x764.png 768w, https:\/\/pgvape.com\/wp-content\/uploads\/2025\/12\/Bang-King-City-50000-50K-Puffs-Disposable-Vape-City-Landmark-Designs-0-2-3-5-Nicotine-12Tastes-Vape-Factory-Direct-pgvape-5-12x12.png 12w, https:\/\/pgvape.com\/wp-content\/uploads\/2025\/12\/Bang-King-City-50000-50K-Puffs-Disposable-Vape-City-Landmark-Designs-0-2-3-5-Nicotine-12Tastes-Vape-Factory-Direct-pgvape-5-600x597.png 600w, https:\/\/pgvape.com\/wp-content\/uploads\/2025\/12\/Bang-King-City-50000-50K-Puffs-Disposable-Vape-City-Landmark-Designs-0-2-3-5-Nicotine-12Tastes-Vape-Factory-Direct-pgvape-5-100x100.png 100w\" sizes=\"auto, (max-width: 1500px) 100vw, 1500px\" \/><\/p>\n<p>&nbsp;<\/p>\n<h3><span style=\"font-size: 90%;\">Bang King City 50000 50K Puffs Vape Descart\u00e1vel <strong>V\u00eddeo:<\/strong><\/span><\/h3>\n<p>&nbsp;<\/p>\n<h2 class=\"header-vfC6AV auto-hide-last-sibling-br\"><span style=\"font-size: 90%;\">Perguntas frequentes sobre Bang King City 50000 50K Puffs Vape descart\u00e1vel<\/span><\/h2>\n<p>\u2753Quantas baforadas podem The Bang King City 50K\u00a0<strong>Vaporizador<\/strong> Entregar?<br \/>\n\u2705Oferece at\u00e9 50.000 baforadas, proporcionando longa dura\u00e7\u00e3o <strong style=\"font-size: 14.4px;\">Vaporizar<\/strong><span style=\"font-size: 14.4px;\">\u00a0Sem substitui\u00e7\u00f5es frequentes.<\/span><\/p>\n<p>\u2753Qual \u00e9 o\u00a0<strong>E-l\u00edquido<\/strong> Capacidade e especifica\u00e7\u00e3o da bateria?<br \/>\n\u2705Tem 45ml Grande <strong style=\"font-size: 14.4px;\">E-l\u00edquido<\/strong><span style=\"font-size: 14.4px;\">\u00a0Capacidade e bateria recarreg\u00e1vel de 650mAh, com carregamento tipo C para maior comodidade.<\/span><\/p>\n<p>\u2753Quais dosagens de nicotina est\u00e3o dispon\u00edveis para isso\u00a0<strong>Vaporizador<\/strong>?<br \/>\n\u2705Escolha entre nicotina 0% \/ 2% \/ 3% \/ 5%, adequando-se a diferentes <strong style=\"font-size: 14.4px;\">Vaporizar<\/strong><span style=\"font-size: 14.4px;\">\u00a0Prefer\u00eancias.<\/span><\/p>\n<p>\u2753O que faz o\u00a0<strong>Vaporizador<\/strong>\u2019O design se destaca?<br \/>\n\u2705 Possui designs elegantes de marcos da cidade (como a Torre Inclinada de Pisa ou a Est\u00e1tua da Liberdade), tornando-o atraente e \u00fanico.<\/p>\n<p>\u2753Como posso monitorar a bateria e\u00a0<strong>E-l\u00edquido<\/strong> N\u00edveis?<br \/>\n\u2705A tela integrada exibe claramente a vida \u00fatil da bateria em tempo real e <strong style=\"font-size: 14.4px;\">E-l\u00edquido<\/strong><span style=\"font-size: 14.4px;\">\u00a0N\u00edveis para uso informado.<\/span><\/p>\n<p>\u2753\u00c9 isso\u00a0<strong>Vaporizador<\/strong> F\u00e1cil de carregar?<br \/>\n\u2705Sim, usa carregamento tipo C \u2013 um m\u00e9todo de carregamento comum e conveniente para recupera\u00e7\u00e3o r\u00e1pida de energia.<\/p>\n<p>\u2753Quantos sabores est\u00e3o dispon\u00edveis para sele\u00e7\u00e3o?<br \/>\n\u2705Existem 12 sabores diversos para escolher, abrangendo perfis de sabores frutados, gelados e mistos.<\/p>\n<p>&nbsp;<\/p>\n<h3 id=\"brxe-najhln\" class=\"brxe-heading\">Perguntas frequentes (FAQ)<\/h3>\n<div id=\"brxe-rajiac\" class=\"brxe-text\">\n<p><strong>P: Quais m\u00e9todos de pagamento voc\u00ea aceita?<\/strong><br \/>\nR: Aceitamos PayPal, Stripe, transfer\u00eancias banc\u00e1rias (com suporte SEPA), os principais cart\u00f5es de cr\u00e9dito (Visa, MasterCard, American Express) e pagamentos em criptomoedas.<\/p>\n<p><strong>P: Quanto tempo leva a prepara\u00e7\u00e3o do pedido?<\/strong><br \/>\nR: A prepara\u00e7\u00e3o do pedido leva de 1 a 3 dias \u00fateis.<\/p>\n<p><strong>P: Qual \u00e9 o tempo de envio?<\/strong><br \/>\nR: O tempo de envio \u00e9 de 7 a 14 dias \u00fateis, dependendo da sua localiza\u00e7\u00e3o.<\/p>\n<p><strong>P: Como posso rastrear meu pedido?<\/strong><br \/>\nR: Ap\u00f3s o envio, voc\u00ea receber\u00e1 um e-mail de confirma\u00e7\u00e3o com um n\u00famero de rastreamento para rastreamento em tempo real.<\/p>\n<p><strong>P: Qual \u00e9 a sua pol\u00edtica de devolu\u00e7\u00e3o?<\/strong><br \/>\nR: Oferecemos uma pol\u00edtica de devolu\u00e7\u00e3o de 30 dias para reembolsos ou trocas. .<\/p>\n<p><strong>P: Haver\u00e1 algum problema alfandeg\u00e1rio?<br \/>\n<\/strong>Lidamos com todos os procedimentos de desembara\u00e7o aduaneiro para garantir uma experi\u00eancia descomplicada para voc\u00ea. .<\/p>\n<p><strong>P: Quais m\u00e9todos de envio s\u00e3o usados?<\/strong><br \/>\nCooperamos com UPS\/DHL\/FEDEX\/DPD, etc. Escolheremos a op\u00e7\u00e3o de envio apropriada dependendo do pa\u00eds de entrega para garantir que voc\u00ea receba seus produtos o mais r\u00e1pido poss\u00edvel.<\/p>\n<p><a href=\"https:\/\/pgvape.com\/pt\/perguntas-frequentes\/\">Clique aqui para mais perguntas frequentes<\/a><\/p>\n<p>Prezados clientes, Se voc\u00ea tiver alguma d\u00favida sobre seu pedido ou a chegada de mercadorias, entre em contato com nosso atendimento ao cliente. Obrigado!<\/p>\n<h3 data-sourcepos=\"73:1-73:21\"><strong data-sourcepos=\"73:7-73:21\">Contate-nos<\/strong><\/h3>\n<div id=\"text-2419739398\" class=\"text\">\n<p><strong data-sourcepos=\"75:3-75:12\">E-mail<\/strong>:\u00a0<a href=\"mailto:support@pgvape.com\"><strong>support@pgvape.com<\/strong><\/a><\/p>\n<p><strong data-sourcepos=\"76:3-76:15\">WhatsApp<\/strong>:\u00a0<a href=\"https:\/\/wa.me\/+8618128481258\"><strong>+86 18128481258<\/strong><\/a><br \/>\n<strong>(Resposta em at\u00e9 24 horas em dias \u00fateis)<\/strong><\/p>\n<\/div>\n<h3><strong>Obrigado por escolher pgvape.com! .<\/strong><\/h3>\n<\/div>","protected":false},"excerpt":{"rendered":"<p><strong>Cidade de Bang King 50K<\/strong>-<strong>50 mil baforadas<\/strong>, <strong>45ml<\/strong>, <strong>estilo de refer\u00eancia<\/strong>, <strong>tela inteligente<\/strong>, <strong>Tipo-C<\/strong>, <strong>0-5 % \u00fanico<\/strong>.<strong>Viaje pelo mundo, vape pela cidade.<\/strong><\/p>","protected":false},"featured_media":7937,"comment_status":"open","ping_status":"closed","template":"","meta":{"_seopress_robots_primary_cat":"","_seopress_titles_title":"","_seopress_titles_desc":"","_seopress_robots_index":""},"product_brand":[19,516],"product_cat":[61,18,515],"product_tag":[318,520,521,90],"class_list":{"0":"post-7934","1":"product","2":"type-product","3":"status-publish","4":"has-post-thumbnail","6":"product_brand-bang-king-vape","7":"product_brand-disposable-vape","8":"product_cat-50k-puffs-vape","9":"product_cat-bang-king-vape","10":"product_cat-disposable-vape","11":"product_tag-50k-puffs-vape","12":"product_tag-bang-king-city-50000","13":"product_tag-city-landmark-designs","14":"product_tag-disposable-vape","16":"first","17":"instock","18":"sale","19":"shipping-taxable","20":"purchasable","21":"product-type-variable"},"_links":{"self":[{"href":"https:\/\/pgvape.com\/pt\/wp-json\/wp\/v2\/product\/7934","targetHints":{"allow":["GET"]}}],"collection":[{"href":"https:\/\/pgvape.com\/pt\/wp-json\/wp\/v2\/product"}],"about":[{"href":"https:\/\/pgvape.com\/pt\/wp-json\/wp\/v2\/types\/product"}],"replies":[{"embeddable":true,"href":"https:\/\/pgvape.com\/pt\/wp-json\/wp\/v2\/comments?post=7934"}],"wp:featuredmedia":[{"embeddable":true,"href":"https:\/\/pgvape.com\/pt\/wp-json\/wp\/v2\/media\/7937"}],"wp:attachment":[{"href":"https:\/\/pgvape.com\/pt\/wp-json\/wp\/v2\/media?parent=7934"}],"wp:term":[{"taxonomy":"product_brand","embeddable":true,"href":"https:\/\/pgvape.com\/pt\/wp-json\/wp\/v2\/product_brand?post=7934"},{"taxonomy":"product_cat","embeddable":true,"href":"https:\/\/pgvape.com\/pt\/wp-json\/wp\/v2\/product_cat?post=7934"},{"taxonomy":"product_tag","embeddable":true,"href":"https:\/\/pgvape.com\/pt\/wp-json\/wp\/v2\/product_tag?post=7934"}],"curies":[{"name":"wp","href":"https:\/\/api.w.org\/{rel}","templated":true}]}}