{"id":7904,"date":"2025-12-17T12:50:31","date_gmt":"2025-12-17T12:50:31","guid":{"rendered":"https:\/\/pgvape.com\/?post_type=product&#038;p=7904"},"modified":"2026-03-15T13:36:50","modified_gmt":"2026-03-15T13:36:50","slug":"bang-lider-stoll-300000-300k-puffs-6-em-1-vape-descartavel-0-2-3-5-nicotina-12-gostos-tela-inteligente-vape-direto-da-fabrica","status":"publish","type":"product","link":"https:\/\/pgvape.com\/pt\/produto\/bang-lider-stoll-300000-300k-puffs-6-em-1-vape-descartavel-0-2-3-5-nicotina-12-gostos-tela-inteligente-vape-direto-da-fabrica\/","title":{"rendered":"Bang Leader Stoll 300000 300K Puffs 6 em 1 Vape Descart\u00e1vel 0% 2% 3% 5% Nicotina 12Tastes Tela Inteligente Vape Direto da F\u00e1brica"},"content":{"rendered":"<p>Bang Leader Stoll \u00e9 uma virada de jogo: 300.000 baforadas, seis sabores em um pod e uma bateria que dura.\u00a0<strong>Vaporizador<\/strong>\u00a0Combina longevidade incompar\u00e1vel com op\u00e7\u00f5es de sabores vers\u00e1teis.\u00a0<strong>Bobinas de malha<\/strong>, proporciona nuvens suaves e mais ricas e sabor intenso por meio de sua \u00e1rea de aquecimento expandida.\u00a0<strong>Vaporizar<\/strong>\u00a0Solu\u00e7\u00e3o projetada para uso prolongado.<\/p>\n<p>&nbsp;<\/p>\n<h2><span style=\"font-size: 90%;\">Bang Leader Stoll 300000 300K Puffs 6 em 1 Especifica\u00e7\u00f5es de Vape Descart\u00e1vel<\/span><\/h2>\n<p><strong data-sourcepos=\"11:5-11:35\">\u00a0300.000 baforadas incompar\u00e1veis<\/strong>: Capacidade l\u00edder do setor projetada para extrema longevidade.<\/p>\n<p><strong data-sourcepos=\"12:5-12:33\">\u00a06 sabores em 1 dispositivo<\/strong>: Um sistema de c\u00e1psulas rotativas abriga seis tanques de sabores distintos.<\/p>\n<p><strong data-sourcepos=\"13:5-13:30\">\u00a0Tela OLED inteligente<\/strong>: Monitoramento em tempo real da porcentagem da bateria e dos n\u00edveis individuais de e-l\u00edquido.<\/p>\n<p><strong data-sourcepos=\"14:5-14:31\">\u00a0Carregamento USB-C r\u00e1pido<\/strong>: A bateria de 650mAh suporta recargas r\u00e1pidas para tempo de inatividade m\u00ednimo.<\/p>\n<p><strong data-sourcepos=\"15:5-15:31\">\u00a0Bobinas de malha avan\u00e7ada<\/strong>: Garanta um sabor rico e uma produ\u00e7\u00e3o densa de vapor da primeira \u00e0 \u00faltima tragada.<\/p>\n<p><strong data-sourcepos=\"16:5-16:34\">\u00a0Nicotina personaliz\u00e1vel<\/strong>: Dispon\u00edvel nas dosagens de nicotina 0%, 2%, 3% e 5%.<\/p>\n<p><strong data-sourcepos=\"17:5-17:33\">\u00a0Mostrador de sabor intuitivo<\/strong>: gire sem esfor\u00e7o entre seis c\u00e2maras de sabores pr\u00e9-cheias.<\/p>\n<p>&nbsp;<\/p>\n<h3><span style=\"font-size: 90%;\">Bang Leader Stoll 300000 300K Puffs 6 em 1 lista de sabores de vapor descart\u00e1veis<\/span><\/h3>\n<p>1. Gelo de melancia e Red Bull e morango, kiwi e gelo de mirtilo e lim\u00e3o, lim\u00e3o e melancia com morango<\/p>\n<p>2. Morango Banana e Ma\u00e7\u00e3 Dupla e Melancia Framboesa e Manga Azeda Abacaxi e Frutas Tropicais e Lim\u00e3o P\u00eassego<\/p>\n<p>3. Abacaxi, Coco, Razz Azul, Frutas Mistas, Manga, P\u00eassego, Mirtilo, Framboesa e Morango, Coca-Cola de Baunilha<\/p>\n<p>4. Fruta de p\u00eassego e mel\u00e3o triplo e gelo de uva e gelo de drag\u00e3o preto e gelo de cereja efervescente e ursinho de goma<\/p>\n<p>5. Rainbow Candy e Cherry Cola Ice &amp; Love 666 e Mango Ice e Blueberry Cotton Candy e Peach Ice<\/p>\n<p>6. Gelo de Aloe Lichia e Limonada Rosa e Gelo Glacial e Agulha de Pinheiro, Hortel\u00e3 e Gelo de Groselha Preta e Lim\u00e3o de Melancia<\/p>\n<p>7. Gelo de melancia e frutas vermelhas mistas e ma\u00e7\u00e3, p\u00eara, mirtilo, hortel\u00e3 e hor\u00e1rio de ver\u00e3o e p\u00eassego<\/p>\n<p>8. Bebida Energ\u00e9tica e Gelo de P\u00eassego e Gelo de Manga e Goji Berry e Groselha Preta e Mamba<\/p>\n<p>9. Coca-Cola de cereja e framboesa de mirtilo e gelo de drag\u00e3o preto e doce de arco-\u00edris e gelo Fuji e p\u00eassego azedo de melancia<\/p>\n<p>10. Red Bull e morango, kiwi e morango, banana e lichia, gelo e melancia e manga de maracuj\u00e1<\/p>\n<p>11. Red Bull Cola Gelo e Morango Framboesa Cereja e Blackberry Dragon Fruit e Lim\u00e3o Lim\u00e3o e Framboesa Pompa e Melancia Kiwi<\/p>\n<p>12.Cola Ice &amp; Energy Drink &amp; Cherry Ice &amp; Melon Maracuj\u00e1 &amp; Blackberry Ice &amp; Apple Kiwi<img loading=\"lazy\" decoding=\"async\" class=\"alignnone wp-image-7909 size-full\" src=\"https:\/\/pgvape.com\/wp-content\/uploads\/2025\/12\/Bang-Leader-Stoll-300000-300K-Puffs-6-in-1-Disposable-Vape-0-2-3-5-Nicotine-12Tastes-Smart-Screen-Vape-Factory-Direct-3.png\" alt=\"\" width=\"1280\" height=\"1518\" srcset=\"https:\/\/pgvape.com\/wp-content\/uploads\/2025\/12\/Bang-Leader-Stoll-300000-300K-Puffs-6-in-1-Disposable-Vape-0-2-3-5-Nicotine-12Tastes-Smart-Screen-Vape-Factory-Direct-3.png 1280w, https:\/\/pgvape.com\/wp-content\/uploads\/2025\/12\/Bang-Leader-Stoll-300000-300K-Puffs-6-in-1-Disposable-Vape-0-2-3-5-Nicotine-12Tastes-Smart-Screen-Vape-Factory-Direct-3-304x360.png 304w, https:\/\/pgvape.com\/wp-content\/uploads\/2025\/12\/Bang-Leader-Stoll-300000-300K-Puffs-6-in-1-Disposable-Vape-0-2-3-5-Nicotine-12Tastes-Smart-Screen-Vape-Factory-Direct-3-595x706.png 595w, https:\/\/pgvape.com\/wp-content\/uploads\/2025\/12\/Bang-Leader-Stoll-300000-300K-Puffs-6-in-1-Disposable-Vape-0-2-3-5-Nicotine-12Tastes-Smart-Screen-Vape-Factory-Direct-3-337x400.png 337w, https:\/\/pgvape.com\/wp-content\/uploads\/2025\/12\/Bang-Leader-Stoll-300000-300K-Puffs-6-in-1-Disposable-Vape-0-2-3-5-Nicotine-12Tastes-Smart-Screen-Vape-Factory-Direct-3-768x911.png 768w, https:\/\/pgvape.com\/wp-content\/uploads\/2025\/12\/Bang-Leader-Stoll-300000-300K-Puffs-6-in-1-Disposable-Vape-0-2-3-5-Nicotine-12Tastes-Smart-Screen-Vape-Factory-Direct-3-10x12.png 10w, https:\/\/pgvape.com\/wp-content\/uploads\/2025\/12\/Bang-Leader-Stoll-300000-300K-Puffs-6-in-1-Disposable-Vape-0-2-3-5-Nicotine-12Tastes-Smart-Screen-Vape-Factory-Direct-3-600x712.png 600w\" sizes=\"auto, (max-width: 1280px) 100vw, 1280px\" \/><\/p>\n<p>&nbsp;<\/p>\n<h3><span style=\"font-size: 90%;\">Bang Leader Stoll 300000 300K Puffs 6 em 1 Vape Descart\u00e1vel <strong>V\u00eddeo:<\/strong><\/span><\/h3>\n<p>&nbsp;<\/p>\n<h2 class=\"header-vfC6AV auto-hide-last-sibling-br\"><span style=\"font-size: 90%;\">Perguntas frequentes sobre Bang Leader Stoll 300000 300K Puffs 6 em 1 Vape descart\u00e1vel<\/span><\/h2>\n<p>\u2753Quantas baforadas o l\u00edder do Bang pode roubar 300 mil\u00a0<strong>Vaporizador<\/strong> Entregar?<br \/>\n\u2705Oferece at\u00e9 300.000 baforadas, proporcionando durabilidade ultralonga <strong style=\"font-size: 14.4px;\">Vaporizar<\/strong><span style=\"font-size: 14.4px;\">\u00a0Sem substitui\u00e7\u00f5es frequentes de dispositivos.<\/span><\/p>\n<p>\u2753Quais dosagens de nicotina est\u00e3o dispon\u00edveis para isso\u00a0<strong>Vaporizador<\/strong>?<br \/>\n\u2705Escolha entre nicotina 0% \/ 2% \/ 3% \/ 5% - atende a diferentes prefer\u00eancias, desde sem nicotina at\u00e9 ingest\u00f5es alternativas de cigarro.<\/p>\n<p>\u2753Como fa\u00e7o para trocar os sabores do\u00a0<strong>Vaporizador<\/strong>?<br \/>\n\u2705Possui um sistema de sabores 6 em 1 \u2013 alterne facilmente entre seis sabores diferentes em um dispositivo sempre que desejar.<\/p>\n<p>\u2753Qual \u00e9 a dura\u00e7\u00e3o da bateria e a velocidade de carregamento do\u00a0<strong>Vaporizador<\/strong>?<br \/>\n\u2705A bateria de 650mAh dura o dia todo com uma \u00fanica carga e a porta Tipo C permite carregamento r\u00e1pido de 30 minutos para evitar tempo de inatividade.<\/p>\n<p>\u2753Como funciona o\u00a0<strong>Vaporizador<\/strong> Garantir sabor e vapor suaves?<br \/>\n\u2705Equipa <strong style=\"font-size: 14.4px;\">Bobinas de malha<\/strong><span style=\"font-size: 14.4px;\">\u00a0Com \u00e1rea de aquecimento ampliada, aumentando a intensidade do sabor e produzindo nuvens suaves e mais ricas.<\/span><\/p>\n<p>\u2753Como posso monitorar a bateria e\u00a0<strong>E-l\u00edquido<\/strong> N\u00edveis?<br \/>\n\u2705A tela inteligente n\u00edtida exibe a vida \u00fatil da bateria em tempo real e <strong style=\"font-size: 14.4px;\">E-l\u00edquido<\/strong><span style=\"font-size: 14.4px;\">\u00a0Vis\u00e3o geral dos n\u00edveis, mantendo voc\u00ea no controle.<\/span><\/p>\n<p>\u2753\u00c9 isso\u00a0<strong>Vaporizador<\/strong> Adequado para compras no atacado?<br \/>\n\u2705Sim, foi projetado para atacado com sua capacidade de sopro ultralonga, op\u00e7\u00f5es de sabores vers\u00e1teis e desempenho confi\u00e1vel \u2013 ideal para lojas de varejo e pedidos em grandes quantidades<\/p>\n<p>&nbsp;<\/p>\n<h3 id=\"brxe-najhln\" class=\"brxe-heading\">Perguntas frequentes (FAQ)<\/h3>\n<div id=\"brxe-rajiac\" class=\"brxe-text\">\n<p><strong>P: Quais m\u00e9todos de pagamento voc\u00ea aceita?<\/strong><br \/>\nR: Aceitamos PayPal, Stripe, transfer\u00eancias banc\u00e1rias (com suporte SEPA), os principais cart\u00f5es de cr\u00e9dito (Visa, MasterCard, American Express) e pagamentos em criptomoedas.<\/p>\n<p><strong>P: Quanto tempo leva a prepara\u00e7\u00e3o do pedido?<\/strong><br \/>\nR: A prepara\u00e7\u00e3o do pedido leva de 1 a 3 dias \u00fateis.<\/p>\n<p><strong>P: Qual \u00e9 o tempo de envio?<\/strong><br \/>\nR: O tempo de envio \u00e9 de 7 a 14 dias \u00fateis, dependendo da sua localiza\u00e7\u00e3o.<\/p>\n<p><strong>P: Como posso rastrear meu pedido?<\/strong><br \/>\nR: Ap\u00f3s o envio, voc\u00ea receber\u00e1 um e-mail de confirma\u00e7\u00e3o com um n\u00famero de rastreamento para rastreamento em tempo real.<\/p>\n<p><strong>P: Qual \u00e9 a sua pol\u00edtica de devolu\u00e7\u00e3o?<\/strong><br \/>\nR: Oferecemos uma pol\u00edtica de devolu\u00e7\u00e3o de 30 dias para reembolsos ou trocas. .<\/p>\n<p><strong>P: Haver\u00e1 algum problema alfandeg\u00e1rio?<br \/>\n<\/strong>Lidamos com todos os procedimentos de desembara\u00e7o aduaneiro para garantir uma experi\u00eancia descomplicada para voc\u00ea. .<\/p>\n<p><strong>P: Quais m\u00e9todos de envio s\u00e3o usados?<\/strong><br \/>\nCooperamos com UPS\/DHL\/FEDEX\/DPD, etc. Escolheremos a op\u00e7\u00e3o de envio apropriada dependendo do pa\u00eds de entrega para garantir que voc\u00ea receba seus produtos o mais r\u00e1pido poss\u00edvel.<\/p>\n<p><a href=\"https:\/\/pgvape.com\/pt\/perguntas-frequentes\/\">Clique aqui para mais perguntas frequentes<\/a><\/p>\n<p>Prezados clientes, Se voc\u00ea tiver alguma d\u00favida sobre seu pedido ou a chegada de mercadorias, entre em contato com nosso atendimento ao cliente. Obrigado!<\/p>\n<h3 data-sourcepos=\"73:1-73:21\"><strong data-sourcepos=\"73:7-73:21\">Contate-nos<\/strong><\/h3>\n<div id=\"text-2419739398\" class=\"text\">\n<p><strong data-sourcepos=\"75:3-75:12\">E-mail<\/strong>:\u00a0<a href=\"mailto:support@pgvape.com\"><strong>support@pgvape.com<\/strong><\/a><\/p>\n<p><strong data-sourcepos=\"76:3-76:15\">WhatsApp<\/strong>:\u00a0<a href=\"https:\/\/wa.me\/+8618128481258\"><strong>+86 18128481258<\/strong><\/a><br \/>\n<strong>(Resposta em at\u00e9 24 horas em dias \u00fateis)<\/strong><\/p>\n<\/div>\n<h3><strong>Obrigado por escolher pgvape.com! .<\/strong><\/h3>\n<\/div>","protected":false},"excerpt":{"rendered":"<p><strong>Bang L\u00edder Stoll 300K<\/strong>-<strong>300.000 baforadas<\/strong>, <strong>65ml<\/strong>, <strong>6 sabores<\/strong>, <strong>bobina de malha<\/strong>, <strong>Tipo-C<\/strong>, <strong>tela inteligente<\/strong>.<strong>Tor\u00e7a, clique, vape por meses.<\/strong><\/p>","protected":false},"featured_media":7907,"comment_status":"open","ping_status":"closed","template":"","meta":{"_seopress_robots_primary_cat":"none","_seopress_titles_title":"%%post_title%% %%sep%% %%sitetitle%%","_seopress_titles_desc":"","_seopress_robots_index":""},"product_brand":[54,516],"product_cat":[517,32,515],"product_tag":[519,122,518,90,490],"class_list":{"0":"post-7904","1":"product","2":"type-product","3":"status-publish","4":"has-post-thumbnail","6":"product_brand-bang-leader-vape","7":"product_brand-disposable-vape","8":"product_cat-300k-puffs-vape","9":"product_cat-bang-leader-vape","10":"product_cat-disposable-vape","11":"product_tag-300k-puffs-vape","12":"product_tag-6-in-1","13":"product_tag-bang-leader-stoll-300000","14":"product_tag-disposable-vape","15":"product_tag-minimum-2-pieces","17":"first","18":"instock","19":"sale","20":"shipping-taxable","21":"purchasable","22":"product-type-variable"},"_links":{"self":[{"href":"https:\/\/pgvape.com\/pt\/wp-json\/wp\/v2\/product\/7904","targetHints":{"allow":["GET"]}}],"collection":[{"href":"https:\/\/pgvape.com\/pt\/wp-json\/wp\/v2\/product"}],"about":[{"href":"https:\/\/pgvape.com\/pt\/wp-json\/wp\/v2\/types\/product"}],"replies":[{"embeddable":true,"href":"https:\/\/pgvape.com\/pt\/wp-json\/wp\/v2\/comments?post=7904"}],"wp:featuredmedia":[{"embeddable":true,"href":"https:\/\/pgvape.com\/pt\/wp-json\/wp\/v2\/media\/7907"}],"wp:attachment":[{"href":"https:\/\/pgvape.com\/pt\/wp-json\/wp\/v2\/media?parent=7904"}],"wp:term":[{"taxonomy":"product_brand","embeddable":true,"href":"https:\/\/pgvape.com\/pt\/wp-json\/wp\/v2\/product_brand?post=7904"},{"taxonomy":"product_cat","embeddable":true,"href":"https:\/\/pgvape.com\/pt\/wp-json\/wp\/v2\/product_cat?post=7904"},{"taxonomy":"product_tag","embeddable":true,"href":"https:\/\/pgvape.com\/pt\/wp-json\/wp\/v2\/product_tag?post=7904"}],"curies":[{"name":"wp","href":"https:\/\/api.w.org\/{rel}","templated":true}]}}