{"id":7678,"date":"2025-12-08T10:24:12","date_gmt":"2025-12-08T10:24:12","guid":{"rendered":"https:\/\/pgvape.com\/?post_type=product&#038;p=7678"},"modified":"2026-03-15T13:36:50","modified_gmt":"2026-03-15T13:36:50","slug":"bang-king-triple-50000-50k-puffs-3-em-1-vape-descartavel-0-2-3-5-nicotina-12-gostos-tela-de-toque-inteligente-vape-direto-da-fabrica","status":"publish","type":"product","link":"https:\/\/pgvape.com\/pt\/produto\/bang-king-triple-50000-50k-puffs-3-em-1-vape-descartavel-0-2-3-5-nicotina-12-gostos-tela-de-toque-inteligente-vape-direto-da-fabrica\/","title":{"rendered":"Bang King Triple 50000 50K Puffs 3 em 1 Vape descart\u00e1vel 0% 2% 3% 5% Nicotina 12Tastes Smart Touch Screen Vape Direto da f\u00e1brica"},"content":{"rendered":"<p data-sourcepos=\"8:1-8:411\">Redefina sua experi\u00eancia vaping com o <strong data-sourcepos=\"8:42-8:67\">Bang King Triplo 50000 Baforadas<\/strong>\u2014uma obra-prima de resist\u00eancia e inova\u00e7\u00e3o. <strong data-sourcepos=\"8:183-8:215\">enorme tanque pr\u00e9-cheio de 35mL<\/strong> e um inteligente <strong data-sourcepos=\"8:235-8:268\">sistema de rota\u00e7\u00e3o de sabor triplo<\/strong>. .<\/p>\n<p data-sourcepos=\"10:1-10:280\">Impulsionado por avan\u00e7ado <strong data-sourcepos=\"10:20-10:44\">tecnologia de bobina de malha<\/strong>, produz um sabor excepcionalmente rico e um vapor denso e satisfat\u00f3rio da primeira \u00e0 \u00faltima tragada. <strong data-sourcepos=\"10:190-10:212\">tela de toque inteligente<\/strong>, fornecendo atualiza\u00e7\u00f5es em tempo real sobre o volume do e-l\u00edquido e o status da bateria.<\/p>\n<p>&nbsp;<\/p>\n<h2><span style=\"font-size: 90%;\">Bang King Triple 50000 50K Puffs 3 em 1 Especifica\u00e7\u00f5es de Vape Descart\u00e1vel<\/span><\/h2>\n<p><strong>Sopros<\/strong>: At\u00e9 <strong>50,000<\/strong><\/p>\n<p><strong>E-l\u00edquido<\/strong>: <strong class=\"\">35ml<\/strong> pr\u00e9-preenchido<\/p>\n<p><strong>Nicotina<\/strong>: <strong>0 %, 2 %, 3 %, 5 %<\/strong> (em conformidade com as normas da UE)<\/p>\n<p><strong>Bateria<\/strong>: <strong>600mAh<\/strong>, <strong>Tipo-C<\/strong> Recarga de 30 minutos<\/p>\n<p><strong>Bobina<\/strong>: <strong class=\"\">Malha de 1,0 \u03a9<\/strong><\/p>\n<p><strong>Mostrar<\/strong>: <strong>Tela de toque inteligente<\/strong> (bateria e suco)<\/p>\n<p><strong>Trocar<\/strong>: <strong>Tor\u00e7\u00e3o de 180\u00b0<\/strong> seletor de sabor triplo<\/p>\n<p><strong>Empate<\/strong>: Suave <strong>MTL<\/strong>, sem persegui\u00e7\u00e3o de nuvens<\/p>\n<p>&nbsp;<\/p>\n<h3><span style=\"font-size: 90%;\">Bang King Triple 50000 50K Puffs 3 em 1 Lista de Sabores Vape Descart\u00e1veis<\/span><\/h3>\n<p><strong class=\"\">1. Gelo Razz Azul \/ Gelo Exuberante<\/strong><\/p>\n<p><strong>2. Gelo de Morango \/ Gelo de Melancia<\/strong><\/p>\n<p><strong>3. Gelo de p\u00eassego \/ Gelo de manga<\/strong><\/p>\n<p><strong>4. Gelo de melancia \/ manga de p\u00eassego<\/strong><\/p>\n<p><strong class=\"\">5. Melancia Morango \/ Red Bull<\/strong><\/p>\n<p><strong>6. Bagas Mistas \/ Gelo de Cereja<\/strong><\/p>\n<p><strong class=\"\">7.Kiwi Goiaba Maracuj\u00e1 \/ Kiwi Morango<\/strong><\/p>\n<p><strong class=\"\">8. Gelo de banana \/ Gelo de morango<\/strong><\/p>\n<p><strong>9. Gelo duplo de ma\u00e7\u00e3 \/ uva<\/strong><\/p>\n<p><strong>10.Pi\u00f1a Colada \/ Frutas Tropicais<\/strong><\/p>\n<p><strong>11.Lemon On Line \/ Senhor Azul<\/strong><\/p>\n<p><strong>12. Menta fresca \/ Gelo de mirtilo<\/strong><\/p>\n<p>&nbsp;<\/p>\n<h3><span style=\"font-size: 90%;\">Bang King Triple 50000 50K Puffs 3 em 1 Vape Descart\u00e1vel <strong>V\u00eddeo:<\/strong><\/span><\/h3>\n<p>&nbsp;<\/p>\n<h2 class=\"header-vfC6AV auto-hide-last-sibling-br\"><span style=\"font-size: 90%;\">Perguntas frequentes sobre Bang King Triple 50000 50K Puffs 3 em 1 Vape descart\u00e1vel<\/span><\/h2>\n<p>\u2753 <strong class=\"\">Como mudo os sabores?<\/strong><br \/>\n\u2705 <strong>Bocal girat\u00f3rio 180\u00b0<\/strong>\u2014pule instantaneamente para o pr\u00f3ximo <strong>tr\u00eas sabores integrados<\/strong>.<\/p>\n<p>\u2753 <strong>Quantas tragadas no total?<\/strong><br \/>\n\u2705 Classifica\u00e7\u00e3o de f\u00e1brica <strong>50.000 baforadas<\/strong> em todas as tr\u00eas c\u00e2maras.<\/p>\n<p>\u2753 <strong>\u00c9 recarreg\u00e1vel?<\/strong><br \/>\n\u2705 <strong>600mAh<\/strong> bateria + <strong>Tipo-C<\/strong> port; carga completa em aproximadamente 30 min.<\/p>\n<p>\u2753 <strong>Quais dosagens de nicotina s\u00e3o oferecidas?<\/strong><br \/>\n\u2705 <strong>0 %, 2 %, 3 %, 5 %<\/strong>\u2014 golpe suave na garganta, padr\u00e3o da UE.<\/p>\n<p>\u2753 <strong>Como verifico a bateria ou o e-l\u00edquido?<\/strong><br \/>\n\u2705 <strong>Tela de toque inteligente<\/strong> exibe ambos os n\u00edveis rapidamente.<\/p>\n<p>\u2753 <strong>O dispositivo vaza?<\/strong><br \/>\n\u2705 <strong>Anti-vazamento<\/strong> c\u00e2maras triplas mant\u00eam os bolsos limpos.<\/p>\n<p>&nbsp;<\/p>\n<h3 id=\"brxe-najhln\" class=\"brxe-heading\">Perguntas frequentes (FAQ)<\/h3>\n<div id=\"brxe-rajiac\" class=\"brxe-text\">\n<p><strong>P: Quais m\u00e9todos de pagamento voc\u00ea aceita?<\/strong><br \/>\nR: Aceitamos PayPal, Stripe, transfer\u00eancias banc\u00e1rias (com suporte SEPA), os principais cart\u00f5es de cr\u00e9dito (Visa, MasterCard, American Express) e pagamentos em criptomoedas.<\/p>\n<p><strong>P: Quanto tempo leva a prepara\u00e7\u00e3o do pedido?<\/strong><br \/>\nR: A prepara\u00e7\u00e3o do pedido leva de 1 a 3 dias \u00fateis.<\/p>\n<p><strong>P: Qual \u00e9 o tempo de envio?<\/strong><br \/>\nR: O tempo de envio \u00e9 de 7 a 14 dias \u00fateis, dependendo da sua localiza\u00e7\u00e3o.<\/p>\n<p><strong>P: Como posso rastrear meu pedido?<\/strong><br \/>\nR: Ap\u00f3s o envio, voc\u00ea receber\u00e1 um e-mail de confirma\u00e7\u00e3o com um n\u00famero de rastreamento para rastreamento em tempo real.<\/p>\n<p><strong>P: Qual \u00e9 a sua pol\u00edtica de devolu\u00e7\u00e3o?<\/strong><br \/>\nR: Oferecemos uma pol\u00edtica de devolu\u00e7\u00e3o de 30 dias para reembolsos ou trocas. .<\/p>\n<p><strong>P: Haver\u00e1 algum problema alfandeg\u00e1rio?<br \/>\n<\/strong>Lidamos com todos os procedimentos de desembara\u00e7o aduaneiro para garantir uma experi\u00eancia descomplicada para voc\u00ea. .<\/p>\n<p><strong>P: Quais m\u00e9todos de envio s\u00e3o usados?<\/strong><br \/>\nCooperamos com UPS\/DHL\/FEDEX\/DPD, etc. Escolheremos a op\u00e7\u00e3o de envio apropriada dependendo do pa\u00eds de entrega para garantir que voc\u00ea receba seus produtos o mais r\u00e1pido poss\u00edvel.<\/p>\n<p><a href=\"https:\/\/pgvape.com\/pt\/perguntas-frequentes\/\">Clique aqui para mais perguntas frequentes<\/a><\/p>\n<p>Prezados clientes, Se voc\u00ea tiver alguma d\u00favida sobre seu pedido ou a chegada de mercadorias, entre em contato com nosso atendimento ao cliente. Obrigado!<\/p>\n<h3 data-sourcepos=\"73:1-73:21\"><strong data-sourcepos=\"73:7-73:21\">Contate-nos<\/strong><\/h3>\n<div id=\"text-2419739398\" class=\"text\">\n<p><strong data-sourcepos=\"75:3-75:12\">E-mail<\/strong>:\u00a0<a href=\"mailto:support@pgvape.com\"><strong>support@pgvape.com<\/strong><\/a><\/p>\n<p><strong data-sourcepos=\"76:3-76:15\">WhatsApp<\/strong>:\u00a0<a href=\"https:\/\/wa.me\/+8618128481258\"><strong>+86 18128481258<\/strong><\/a><br \/>\n<strong>(Resposta em at\u00e9 24 horas em dias \u00fateis)<\/strong><\/p>\n<\/div>\n<h3><strong>Obrigado por escolher pgvape.com! .<\/strong><\/h3>\n<\/div>","protected":false},"excerpt":{"rendered":"<p><strong>Bang King Triplo 50000<\/strong>-<strong>50 mil baforadas<\/strong>, <strong>35ml<\/strong>, <strong>Sabores twist 3 em 1<\/strong>, <strong>bobina de malha<\/strong>, <strong>Tipo-C<\/strong>, <strong>tela sens\u00edvel ao toque<\/strong>.<strong>Tor\u00e7a uma vez, experimente tr\u00eas, vaporize para sempre.<\/strong><\/p>","protected":false},"featured_media":7681,"comment_status":"open","ping_status":"closed","template":"","meta":{"_seopress_robots_primary_cat":"none","_seopress_titles_title":"","_seopress_titles_desc":"","_seopress_robots_index":""},"product_brand":[19,516],"product_cat":[61,18,515],"product_tag":[46,318,510,90,511],"class_list":{"0":"post-7678","1":"product","2":"type-product","3":"status-publish","4":"has-post-thumbnail","6":"product_brand-bang-king-vape","7":"product_brand-disposable-vape","8":"product_cat-50k-puffs-vape","9":"product_cat-bang-king-vape","10":"product_cat-disposable-vape","11":"product_tag-3-in-1","12":"product_tag-50k-puffs-vape","13":"product_tag-bang-king-triple-50000","14":"product_tag-disposable-vape","15":"product_tag-eu-norm-compliant","17":"first","18":"instock","19":"sale","20":"shipping-taxable","21":"purchasable","22":"product-type-variable"},"_links":{"self":[{"href":"https:\/\/pgvape.com\/pt\/wp-json\/wp\/v2\/product\/7678","targetHints":{"allow":["GET"]}}],"collection":[{"href":"https:\/\/pgvape.com\/pt\/wp-json\/wp\/v2\/product"}],"about":[{"href":"https:\/\/pgvape.com\/pt\/wp-json\/wp\/v2\/types\/product"}],"replies":[{"embeddable":true,"href":"https:\/\/pgvape.com\/pt\/wp-json\/wp\/v2\/comments?post=7678"}],"wp:featuredmedia":[{"embeddable":true,"href":"https:\/\/pgvape.com\/pt\/wp-json\/wp\/v2\/media\/7681"}],"wp:attachment":[{"href":"https:\/\/pgvape.com\/pt\/wp-json\/wp\/v2\/media?parent=7678"}],"wp:term":[{"taxonomy":"product_brand","embeddable":true,"href":"https:\/\/pgvape.com\/pt\/wp-json\/wp\/v2\/product_brand?post=7678"},{"taxonomy":"product_cat","embeddable":true,"href":"https:\/\/pgvape.com\/pt\/wp-json\/wp\/v2\/product_cat?post=7678"},{"taxonomy":"product_tag","embeddable":true,"href":"https:\/\/pgvape.com\/pt\/wp-json\/wp\/v2\/product_tag?post=7678"}],"curies":[{"name":"wp","href":"https:\/\/api.w.org\/{rel}","templated":true}]}}