{"id":7618,"date":"2025-12-07T12:11:58","date_gmt":"2025-12-07T12:11:58","guid":{"rendered":"https:\/\/pgvape.com\/?post_type=product&#038;p=7618"},"modified":"2026-04-09T14:44:17","modified_gmt":"2026-04-09T14:44:17","slug":"solaris-champagne-30000-30k-puffs-vape-descartavel-2-nicotina-10-sabores-vape-direto-da-fabrica","status":"publish","type":"product","link":"https:\/\/pgvape.com\/pt\/produto\/solaris-champagne-30000-30k-puffs-vape-descartavel-2-nicotina-10-sabores-vape-direto-da-fabrica\/","title":{"rendered":"Solaris Champagne 30000 30k Puffs Vape Descart\u00e1vel 2%\u00a0Nicotina 10Tastes Vape Direto da F\u00e1brica"},"content":{"rendered":"<p>Solaris Champagne 30000 Baforadas Descart\u00e1veis <strong>Vaporizador<\/strong>\u00a0Possui impressionantes 30.000 baforadas, proporcionando longa dura\u00e7\u00e3o\u00a0<strong>Vaporizar<\/strong>\u00a0Prazer para uso di\u00e1rio ou em movimento.\u00a0<strong>E-l\u00edquido<\/strong> Capacidade, op\u00e7\u00f5es de nicotina 2%N e 1,0\u03a9 <strong>Bobina de malha<\/strong>\u00a0(Padr\u00e3o para sabor rico), garante vapor consistente e sabor satisfat\u00f3rio.\u00a0<strong>Vaporizador<\/strong>\u00a0Projetado para confiabilidade e experi\u00eancias saborosas.<\/p>\n<p>&nbsp;<\/p>\n<h2><span style=\"font-size: 90%;\">Especifica\u00e7\u00f5es do Vape descart\u00e1vel Solaris Champagne 30000 30k Puffs<\/span><\/h2>\n<p><strong>Sopros<\/strong>: \u2248 <strong class=\"\">30 000<\/strong><\/p>\n<p><strong>E-l\u00edquido<\/strong>: <strong class=\"\">20ml<\/strong><\/p>\n<p><strong>Nicotina<\/strong>:<strong class=\"\">2%<\/strong><\/p>\n<p><strong>Bateria<\/strong>: <strong>600mAh<\/strong>, <strong>Tipo-C<\/strong> carga r\u00e1pida<\/p>\n<p><strong>Bobina<\/strong>: 1,0\u03a9\u00a0<strong>Bobina de malha<\/strong><\/p>\n<p><strong>Tipo<\/strong>: Descart\u00e1vel, ativado por sorteio<\/p>\n<p>&nbsp;<\/p>\n<h3><span style=\"font-size: 90%;\">Lista de sabores descart\u00e1veis de Vape Solaris Champagne 30000 30k Puffs<\/span><\/h3>\n<p>1. Kiwi de morango<\/p>\n<p>2. Cereja Razz Azul<\/p>\n<p>3. Bagas Mistas<\/p>\n<p>4. Mirtilo Framboesa<\/p>\n<p>5.Whitegrape Champagne<\/p>\n<p>6. P\u00eassego suculento<\/p>\n<p>7. Melancia Morango<\/p>\n<p>8. Gelo de melancia<\/p>\n<p>9. Manga Tripla<\/p>\n<p>10.Mamba<\/p>\n<p>11. Manga de Maracuj\u00e1<\/p>\n<p>12. Frutas Tropicais<\/p>\n<p>13. Fruta Cereja do Drag\u00e3o<\/p>\n<p>14. Champanhe P\u00eassego Vermelho<\/p>\n<p>15.Cherry-Cola<\/p>\n<p>16. Bebida Energ\u00e9tica<\/p>\n<p>17.Amor 66<\/p>\n<p>18.Cherry Berry<\/p>\n<p>19.Pink Lemonade<\/p>\n<p>20.Double Apple<\/p>\n<p><strong><img loading=\"lazy\" decoding=\"async\" class=\"alignnone wp-image-7623 size-full\" src=\"https:\/\/pgvape.com\/wp-content\/uploads\/2025\/12\/Humo-AZUL-Champagne-30000-30k-Puffs-Disposable-Vape-2-Nicotine-10Tastes-Vape-Factory-Direct-pgvape-3.png\" alt=\"P\u00f4ster promocional intitulado \u201c10 SABORES\u201d mostrando dez vaporizadores descart\u00e1veis \u200b\u200bde garrafas pretas de champanhe rotulados como Humo AZUL, cada um exibido sobre um fundo colorido de frutas e rotulado com sabores: Gelo de Melancia, Melancia de Uva, Melancia de Morango, Champanhe de Uva Branca, P\u00eassego Suculento, Framboesa de Mirtilo, Bagas Mistas, Cereja Razz Azul, Kiwi de Morango e Manga Tripla.\" width=\"1800\" height=\"1437\" srcset=\"https:\/\/pgvape.com\/wp-content\/uploads\/2025\/12\/Humo-AZUL-Champagne-30000-30k-Puffs-Disposable-Vape-2-Nicotine-10Tastes-Vape-Factory-Direct-pgvape-3.png 1800w, https:\/\/pgvape.com\/wp-content\/uploads\/2025\/12\/Humo-AZUL-Champagne-30000-30k-Puffs-Disposable-Vape-2-Nicotine-10Tastes-Vape-Factory-Direct-pgvape-3-451x360.png 451w, https:\/\/pgvape.com\/wp-content\/uploads\/2025\/12\/Humo-AZUL-Champagne-30000-30k-Puffs-Disposable-Vape-2-Nicotine-10Tastes-Vape-Factory-Direct-pgvape-3-595x475.png 595w, https:\/\/pgvape.com\/wp-content\/uploads\/2025\/12\/Humo-AZUL-Champagne-30000-30k-Puffs-Disposable-Vape-2-Nicotine-10Tastes-Vape-Factory-Direct-pgvape-3-400x319.png 400w, https:\/\/pgvape.com\/wp-content\/uploads\/2025\/12\/Humo-AZUL-Champagne-30000-30k-Puffs-Disposable-Vape-2-Nicotine-10Tastes-Vape-Factory-Direct-pgvape-3-768x613.png 768w, https:\/\/pgvape.com\/wp-content\/uploads\/2025\/12\/Humo-AZUL-Champagne-30000-30k-Puffs-Disposable-Vape-2-Nicotine-10Tastes-Vape-Factory-Direct-pgvape-3-1536x1226.png 1536w, https:\/\/pgvape.com\/wp-content\/uploads\/2025\/12\/Humo-AZUL-Champagne-30000-30k-Puffs-Disposable-Vape-2-Nicotine-10Tastes-Vape-Factory-Direct-pgvape-3-15x12.png 15w, https:\/\/pgvape.com\/wp-content\/uploads\/2025\/12\/Humo-AZUL-Champagne-30000-30k-Puffs-Disposable-Vape-2-Nicotine-10Tastes-Vape-Factory-Direct-pgvape-3-600x479.png 600w\" sizes=\"auto, (max-width: 1800px) 100vw, 1800px\" \/><\/strong><\/p>\n<p>&nbsp;<\/p>\n<h3><span style=\"font-size: 90%;\">Humo AZUL Champagne 30000 30k Puffs Vape Descart\u00e1vel <strong>V\u00eddeo:<\/strong><\/span><\/h3>\n<p><iframe loading=\"lazy\" title=\"Humo AZUL Champagne 30000 30k Puffs Vape Descart\u00e1vel 10Tastes Vape Direto da F\u00e1brica pgvape\" width=\"563\" height=\"1000\" src=\"https:\/\/www.youtube.com\/embed\/4RibXcW0cwI?feature=oembed\" frameborder=\"0\" allow=\"accelerometer; autoplay; clipboard-write; encrypted-media; gyroscope; picture-in-picture; web-share\" referrerpolicy=\"strict-origin-when-cross-origin\" allowfullscreen><\/iframe><\/p>\n<p>&nbsp;<\/p>\n<h2 class=\"header-vfC6AV auto-hide-last-sibling-br\"><span style=\"font-size: 90%;\">Perguntas frequentes sobre Humo Solaris 30000 30k Puffs Vape descart\u00e1vel<\/span><\/h2>\n<p>\u2753Quantas baforadas s\u00e3o descart\u00e1veis\u00a0<strong>Vaporizador<\/strong>\u00a0Oferecer?<br \/>\n\u2705Ele oferece at\u00e9 30.000 baforadas, proporcionando longa dura\u00e7\u00e3o\u00a0<strong>Vaporizar<\/strong>\u00a0Sem substitui\u00e7\u00f5es frequentes de dispositivos.<\/p>\n<p>\u2753Quais dosagens de nicotina est\u00e3o dispon\u00edveis?<br \/>\n\u2705Escolha entre nicotina 2%, adequada para moderada a forte <strong>Vaporizar<\/strong>\u00a0Prefer\u00eancias.<\/p>\n<p>\u2753Quanto\u00a0<strong>E-l\u00edquido<\/strong>\u00a0O dispositivo aguenta?<br \/>\n\u2705Tem 20ml\u00a0<strong>E-l\u00edquido<\/strong>\u00a0Capacidade, apoiando o desempenho de 30.000 baforadas.<\/p>\n<p>\u2753Como fa\u00e7o para carregar o\u00a0<strong>Vaporizador<\/strong>?<br \/>\n\u2705Ele usa um carregador tipo C para recarregar a bateria de 600mAh, permitindo recupera\u00e7\u00e3o r\u00e1pida de energia.<\/p>\n<p>\u2753Existem diversas op\u00e7\u00f5es de sabores para escolher?<br \/>\n\u2705Sim, oferece 10 sabores, incluindo perfis frutados, gelados e mistos para atender a diferentes gostos.<\/p>\n<p>\u2753\u00c9 isso\u00a0<strong>Vaporizador<\/strong>\u00a0F\u00e1cil de usar diariamente ou em tr\u00e2nsito?<br \/>\n\u2705Sim, \u00e9 um dispositivo descart\u00e1vel e pr\u00e9-preenchido, sem necessidade de recarga \u2013 compacto e conveniente para qualquer hora\u00a0<strong>Vaporizar<\/strong>.<\/p>\n<p>&nbsp;<\/p>\n<h3 id=\"brxe-najhln\" class=\"brxe-heading\">Perguntas frequentes (FAQ)<\/h3>\n<div id=\"brxe-rajiac\" class=\"brxe-text\">\n<p><strong>P: Quais m\u00e9todos de pagamento voc\u00ea aceita?<\/strong><br \/>\nR: Aceitamos PayPal, Stripe, transfer\u00eancias banc\u00e1rias (com suporte SEPA), os principais cart\u00f5es de cr\u00e9dito (Visa, MasterCard, American Express) e pagamentos em criptomoedas.<\/p>\n<p><strong>P: Quanto tempo leva a prepara\u00e7\u00e3o do pedido?<\/strong><br \/>\nR: A prepara\u00e7\u00e3o do pedido leva de 1 a 3 dias \u00fateis.<\/p>\n<p><strong>P: Qual \u00e9 o tempo de envio?<\/strong><br \/>\nR: O tempo de envio \u00e9 de 7 a 14 dias \u00fateis, dependendo da sua localiza\u00e7\u00e3o.<\/p>\n<p><strong>P: Como posso rastrear meu pedido?<\/strong><br \/>\nR: Ap\u00f3s o envio, voc\u00ea receber\u00e1 um e-mail de confirma\u00e7\u00e3o com um n\u00famero de rastreamento para rastreamento em tempo real.<\/p>\n<p><strong>P: Qual \u00e9 a sua pol\u00edtica de devolu\u00e7\u00e3o?<\/strong><br \/>\nR: Oferecemos uma pol\u00edtica de devolu\u00e7\u00e3o de 30 dias para reembolsos ou trocas. .<\/p>\n<p><strong>P: Haver\u00e1 algum problema alfandeg\u00e1rio?<br \/>\n<\/strong>Lidamos com todos os procedimentos de desembara\u00e7o aduaneiro para garantir uma experi\u00eancia descomplicada para voc\u00ea. .<\/p>\n<p><strong>P: Quais m\u00e9todos de envio s\u00e3o usados?<\/strong><br \/>\nCooperamos com UPS\/DHL\/FEDEX\/DPD, etc. Escolheremos a op\u00e7\u00e3o de envio apropriada dependendo do pa\u00eds de entrega para garantir que voc\u00ea receba seus produtos o mais r\u00e1pido poss\u00edvel.<\/p>\n<p><a href=\"https:\/\/pgvape.com\/pt\/perguntas-frequentes\/\">Clique aqui para mais perguntas frequentes<\/a><\/p>\n<p>Prezados clientes, Se voc\u00ea tiver alguma d\u00favida sobre seu pedido ou a chegada de mercadorias, entre em contato com nosso atendimento ao cliente. Obrigado!<\/p>\n<h3 data-sourcepos=\"73:1-73:21\"><strong data-sourcepos=\"73:7-73:21\">Contate-nos<\/strong><\/h3>\n<div id=\"text-2419739398\" class=\"text\">\n<p><strong data-sourcepos=\"75:3-75:12\">E-mail<\/strong>:\u00a0<a href=\"mailto:support@pgvape.com\"><strong>support@pgvape.com<\/strong><\/a><\/p>\n<p><strong data-sourcepos=\"76:3-76:15\">WhatsApp<\/strong>:\u00a0<a href=\"https:\/\/wa.me\/+8618128481258\"><strong>+86 18128481258<\/strong><\/a><br \/>\n<strong>(Resposta em at\u00e9 24 horas em dias \u00fateis)<\/strong><\/p>\n<\/div>\n<h3><strong>Obrigado por escolher pgvape.com! .<\/strong><\/h3>\n<\/div>","protected":false},"excerpt":{"rendered":"<p><strong>30 mil baforadas<\/strong>-<strong>20ml<\/strong>, <strong>Tipo-C<\/strong> recarregar, <strong>2 placas %\/5 %<\/strong>, <strong>10 sabores frutados<\/strong>.<strong class=\"\">Vida longa, sabor ousado, sem complica\u00e7\u00f5es.<\/strong><\/p>","protected":false},"featured_media":7621,"comment_status":"open","ping_status":"closed","template":"","meta":{"_seopress_robots_primary_cat":"none","_seopress_titles_title":"","_seopress_titles_desc":"","_seopress_robots_index":""},"product_brand":[516,513],"product_cat":[35,515,512],"product_tag":[349,90,514,620],"class_list":{"0":"post-7618","1":"product","2":"type-product","3":"status-publish","4":"has-post-thumbnail","6":"product_brand-disposable-vape","7":"product_brand-solaris-champagne-vape","8":"product_cat-30k-puffs-vape","9":"product_cat-disposable-vape","10":"product_cat-solaris-champagne-vape","11":"product_tag-30k-puffs-vape","12":"product_tag-disposable-vape","13":"product_tag-solaris-champagne-30000","14":"product_tag-solaris-vape","16":"first","17":"instock","18":"sale","19":"shipping-taxable","20":"purchasable","21":"product-type-variable"},"_links":{"self":[{"href":"https:\/\/pgvape.com\/pt\/wp-json\/wp\/v2\/product\/7618","targetHints":{"allow":["GET"]}}],"collection":[{"href":"https:\/\/pgvape.com\/pt\/wp-json\/wp\/v2\/product"}],"about":[{"href":"https:\/\/pgvape.com\/pt\/wp-json\/wp\/v2\/types\/product"}],"replies":[{"embeddable":true,"href":"https:\/\/pgvape.com\/pt\/wp-json\/wp\/v2\/comments?post=7618"}],"wp:featuredmedia":[{"embeddable":true,"href":"https:\/\/pgvape.com\/pt\/wp-json\/wp\/v2\/media\/7621"}],"wp:attachment":[{"href":"https:\/\/pgvape.com\/pt\/wp-json\/wp\/v2\/media?parent=7618"}],"wp:term":[{"taxonomy":"product_brand","embeddable":true,"href":"https:\/\/pgvape.com\/pt\/wp-json\/wp\/v2\/product_brand?post=7618"},{"taxonomy":"product_cat","embeddable":true,"href":"https:\/\/pgvape.com\/pt\/wp-json\/wp\/v2\/product_cat?post=7618"},{"taxonomy":"product_tag","embeddable":true,"href":"https:\/\/pgvape.com\/pt\/wp-json\/wp\/v2\/product_tag?post=7618"}],"curies":[{"name":"wp","href":"https:\/\/api.w.org\/{rel}","templated":true}]}}