{"id":7586,"date":"2025-12-07T10:10:00","date_gmt":"2025-12-07T10:10:00","guid":{"rendered":"https:\/\/pgvape.com\/?post_type=product&#038;p=7586"},"modified":"2026-03-15T13:32:42","modified_gmt":"2026-03-15T13:32:42","slug":"bang-lider-18000-18k-puffs-vape-descartavel-0-2-3-5-nicotina-12-gostos-vape-direto-da-fabrica","status":"publish","type":"product","link":"https:\/\/pgvape.com\/pt\/produto\/bang-lider-18000-18k-puffs-vape-descartavel-0-2-3-5-nicotina-12-gostos-vape-direto-da-fabrica\/","title":{"rendered":"Bang Leader 18000 18K Puffs Vape Descart\u00e1vel 0% 2% 3% 5% Nicotina 12Tastes Vape Direto da F\u00e1brica"},"content":{"rendered":"<p>Projetado para confiabilidade e desempenho, o <strong data-sourcepos=\"7:49-7:92\">Bang Leader 18000 Puffs Vape Descart\u00e1vel<\/strong> Combina longevidade prolongada com conveni\u00eancia moderna. <strong data-sourcepos=\"7:167-7:198\">Bateria recarreg\u00e1vel 650mAh<\/strong> Com conveniente <strong data-sourcepos=\"7:215-7:234\">Carregamento tipo C<\/strong>, Este dispositivo garante divers\u00e3o cont\u00ednua sem compromisso. <strong data-sourcepos=\"7:310-7:330\">Sistema de bobina de malha<\/strong> Melhora a clareza do sabor e a produ\u00e7\u00e3o de vapor, enquanto o formato simplificado e de bolso garante um uso di\u00e1rio confort\u00e1vel. .<\/p>\n<p>&nbsp;<\/p>\n<h2><span style=\"font-size: 90%;\">Especifica\u00e7\u00e3o de Vape descart\u00e1vel Bang Leader 18000 18K Puffs<\/span><\/h2>\n<p><strong>Sopros<\/strong>: At\u00e9 <strong>18,000<\/strong><\/p>\n<p><strong>Bateria<\/strong>: <strong>650mAh<\/strong>, <strong>Tipo-C<\/strong> carga r\u00e1pida (~30 min)<\/p>\n<p><strong>Bobina<\/strong>: <strong>Malha de 1,0 \u03a9<\/strong><\/p>\n<p><strong>Nicotina<\/strong>: <strong>0 %, 2 %, 3 %, 5 %<\/strong><\/p>\n<p><strong>Projeto<\/strong>: Ultrafino, anti-vazamento, ajuste no bolso<\/p>\n<p><strong>Fluxo de ar<\/strong>: <strong>Corrigido empate suave de MTL<\/strong><\/p>\n<p>&nbsp;<\/p>\n<h3><span style=\"font-size: 90%;\">Lista de sabores descart\u00e1veis \u200b\u200b\u200b\u200bde Vape Bang Leader 18000 18K Puffs<\/span><\/h3>\n<p><strong data-sourcepos=\"21:4-21:23\">1. Kiwi de morango<\/strong><\/p>\n<p><strong data-sourcepos=\"22:4-22:29\">2. Melancia Morango<\/strong><\/p>\n<p><strong data-sourcepos=\"23:4-23:16\">3.Red Bull<\/strong><\/p>\n<p><strong data-sourcepos=\"24:4-24:20\">4. Frutas Mistas<\/strong><\/p>\n<p><strong data-sourcepos=\"25:4-25:27\">5. Mirtilo Framboesa<\/strong><\/p>\n<p><strong data-sourcepos=\"26:4-26:28\">6. Melancia com mirtilo<\/strong><\/p>\n<p><strong data-sourcepos=\"27:4-27:17\">7. Gelo de Uva<\/strong><\/p>\n<p><strong data-sourcepos=\"28:4-28:34\">8. Gelo de framboesa, mojito e p\u00eassego<\/strong><\/p>\n<p><strong data-sourcepos=\"29:4-29:22\">9. Gelo de melancia<\/strong><\/p>\n<p><strong data-sourcepos=\"30:5-30:29\">10. Melancia Framboesa<\/strong><\/p>\n<p><strong data-sourcepos=\"31:5-31:17\">11.Cola Gelado<\/strong><\/p>\n<p><strong data-sourcepos=\"32:5-32:31\">12. Melancia Manga P\u00eassego<img loading=\"lazy\" decoding=\"async\" class=\"alignnone wp-image-7591 size-full\" src=\"https:\/\/pgvape.com\/wp-content\/uploads\/2025\/12\/Bang-Leader-18000-Puffs-Disposable-Vape-0-2-3-5-Nicotine-12Tastes-Rechargeable-Vape-Factory-Direct-3.png\" alt=\"Banner promocional para vaporizadores descart\u00e1veis \u200b\u200bBang Leader 18000 puffs com dispositivos coloridos de grandes dimens\u00f5es em pedestais \u00e0 esquerda, o logotipo da marca e o grande t\u00edtulo \u201c18000 PUFFS\u201d e uma grade do lado direito de doze dispositivos vaporizadores coloridos rotulados com sabores como morango, kiwi, mirtilo, framboesa, gelo de uva, gelo de melancia, gelo de cola e melancia, manga e p\u00eassego.\" width=\"1800\" height=\"810\" srcset=\"https:\/\/pgvape.com\/wp-content\/uploads\/2025\/12\/Bang-Leader-18000-Puffs-Disposable-Vape-0-2-3-5-Nicotine-12Tastes-Rechargeable-Vape-Factory-Direct-3.png 1800w, https:\/\/pgvape.com\/wp-content\/uploads\/2025\/12\/Bang-Leader-18000-Puffs-Disposable-Vape-0-2-3-5-Nicotine-12Tastes-Rechargeable-Vape-Factory-Direct-3-555x250.png 555w, https:\/\/pgvape.com\/wp-content\/uploads\/2025\/12\/Bang-Leader-18000-Puffs-Disposable-Vape-0-2-3-5-Nicotine-12Tastes-Rechargeable-Vape-Factory-Direct-3-595x268.png 595w, https:\/\/pgvape.com\/wp-content\/uploads\/2025\/12\/Bang-Leader-18000-Puffs-Disposable-Vape-0-2-3-5-Nicotine-12Tastes-Rechargeable-Vape-Factory-Direct-3-400x180.png 400w, https:\/\/pgvape.com\/wp-content\/uploads\/2025\/12\/Bang-Leader-18000-Puffs-Disposable-Vape-0-2-3-5-Nicotine-12Tastes-Rechargeable-Vape-Factory-Direct-3-768x346.png 768w, https:\/\/pgvape.com\/wp-content\/uploads\/2025\/12\/Bang-Leader-18000-Puffs-Disposable-Vape-0-2-3-5-Nicotine-12Tastes-Rechargeable-Vape-Factory-Direct-3-1536x691.png 1536w, https:\/\/pgvape.com\/wp-content\/uploads\/2025\/12\/Bang-Leader-18000-Puffs-Disposable-Vape-0-2-3-5-Nicotine-12Tastes-Rechargeable-Vape-Factory-Direct-3-18x8.png 18w, https:\/\/pgvape.com\/wp-content\/uploads\/2025\/12\/Bang-Leader-18000-Puffs-Disposable-Vape-0-2-3-5-Nicotine-12Tastes-Rechargeable-Vape-Factory-Direct-3-600x270.png 600w\" sizes=\"auto, (max-width: 1800px) 100vw, 1800px\" \/><\/strong><\/p>\n<p>&nbsp;<\/p>\n<h3><span style=\"font-size: 90%;\">V\u00eddeo Vape Descart\u00e1vel Bang Leader 18000 18K Puffs:<\/span><\/h3>\n<p>&nbsp;<\/p>\n<h2 class=\"header-vfC6AV auto-hide-last-sibling-br\"><span style=\"font-size: 90%;\">Perguntas frequentes sobre Bang Leader 18000 18K Puffs Vape descart\u00e1vel<\/span><\/h2>\n<p>\u2753 <strong>Quantas baforadas por dispositivo?<\/strong><br \/>\n\u2705 Classifica\u00e7\u00e3o de f\u00e1brica <strong>18.000 baforadas<\/strong>\u2014semanas de vaporiza\u00e7\u00e3o di\u00e1ria.<\/p>\n<p>\u2753 <strong>\u00c9 recarreg\u00e1vel?<\/strong><br \/>\n\u2705 Sim, <strong>650mAh<\/strong> bateria + <strong>Tipo-C<\/strong> port; carga completa em aproximadamente 30 min.<\/p>\n<p>\u2753 <strong>Qual bobina est\u00e1 dentro?<\/strong><br \/>\n\u2705 <strong>Bobina de malha de 1,0 \u03a9<\/strong>\u2014maior \u00e1rea de aquecimento, sabor mais denso.<\/p>\n<p>\u2753 <strong>Posso escolher a concentra\u00e7\u00e3o de nicotina?<br \/>\n<\/strong>\u2705 <strong>0 %, 2 %, 3 %, 5 %<\/strong> op\u00e7\u00f5es salt-nic - selecione antes do carrinho.<\/p>\n<p>\u2753 <strong>\u00c9 necess\u00e1rio reabastecimento ou manuten\u00e7\u00e3o?<\/strong><br \/>\n\u2705 <strong>Manuten\u00e7\u00e3o zero<\/strong>\u2014pr\u00e9-preenchido, pr\u00e9-carregado, ativado por sorteio.<\/p>\n<p>&nbsp;<\/p>\n<h3 id=\"brxe-najhln\" class=\"brxe-heading\">Perguntas frequentes (FAQ)<\/h3>\n<div id=\"brxe-rajiac\" class=\"brxe-text\">\n<p><strong>P: Quais m\u00e9todos de pagamento voc\u00ea aceita?<\/strong><br \/>\nR: Aceitamos PayPal, Stripe, transfer\u00eancias banc\u00e1rias (com suporte SEPA), os principais cart\u00f5es de cr\u00e9dito (Visa, MasterCard, American Express) e pagamentos em criptomoedas.<\/p>\n<p><strong>P: Quanto tempo leva a prepara\u00e7\u00e3o do pedido?<\/strong><br \/>\nR: A prepara\u00e7\u00e3o do pedido leva de 1 a 3 dias \u00fateis.<\/p>\n<p><strong>P: Qual \u00e9 o tempo de envio?<\/strong><br \/>\nR: O tempo de envio \u00e9 de 7 a 14 dias \u00fateis, dependendo da sua localiza\u00e7\u00e3o.<\/p>\n<p><strong>P: Como posso rastrear meu pedido?<\/strong><br \/>\nR: Ap\u00f3s o envio, voc\u00ea receber\u00e1 um e-mail de confirma\u00e7\u00e3o com um n\u00famero de rastreamento para rastreamento em tempo real.<\/p>\n<p><strong>P: Qual \u00e9 a sua pol\u00edtica de devolu\u00e7\u00e3o?<\/strong><br \/>\nR: Oferecemos uma pol\u00edtica de devolu\u00e7\u00e3o de 30 dias para reembolsos ou trocas. .<\/p>\n<p><strong>P: Haver\u00e1 algum problema alfandeg\u00e1rio?<br \/>\n<\/strong>Lidamos com todos os procedimentos de desembara\u00e7o aduaneiro para garantir uma experi\u00eancia descomplicada para voc\u00ea. .<\/p>\n<p><strong>P: Quais m\u00e9todos de envio s\u00e3o usados?<\/strong><br \/>\nCooperamos com UPS\/DHL\/FEDEX\/DPD, etc. Escolheremos a op\u00e7\u00e3o de envio apropriada dependendo do pa\u00eds de entrega para garantir que voc\u00ea receba seus produtos o mais r\u00e1pido poss\u00edvel.<\/p>\n<p><a href=\"https:\/\/pgvape.com\/pt\/perguntas-frequentes\/\">Clique aqui para mais perguntas frequentes<\/a><\/p>\n<p>Prezados clientes, Se voc\u00ea tiver alguma d\u00favida sobre seu pedido ou a chegada de mercadorias, entre em contato com nosso atendimento ao cliente. Obrigado!<\/p>\n<h3 data-sourcepos=\"73:1-73:21\"><strong data-sourcepos=\"73:7-73:21\">Contate-nos<\/strong><\/h3>\n<div id=\"text-2419739398\" class=\"text\">\n<p><strong data-sourcepos=\"75:3-75:12\">E-mail<\/strong>:\u00a0<a href=\"mailto:support@pgvape.com\"><strong>support@pgvape.com<\/strong><\/a><\/p>\n<p><strong data-sourcepos=\"76:3-76:15\">WhatsApp<\/strong>:\u00a0<a href=\"https:\/\/wa.me\/+8618128481258\"><strong>+86 18128481258<\/strong><\/a><br \/>\n<strong>(Resposta em at\u00e9 24 horas em dias \u00fateis)<\/strong><\/p>\n<\/div>\n<h3><strong>Obrigado por escolher pgvape.com! .<\/strong><\/h3>\n<\/div>","protected":false},"excerpt":{"rendered":"<p><strong>Bang L\u00edder 18000<\/strong>-<strong>18 mil baforadas<\/strong>, <strong>Tipo-C<\/strong> carga r\u00e1pida, <strong>Malha de 1,0 \u03a9<\/strong>, <strong>12 sabores<\/strong>, <strong>0-5 % \u00fanico<\/strong>.<strong>Vape por muito tempo, carregue r\u00e1pido, experimente mais.<\/strong><\/p>","protected":false},"featured_media":7589,"comment_status":"open","ping_status":"closed","template":"","meta":{"_seopress_robots_primary_cat":"none","_seopress_titles_title":"","_seopress_titles_desc":"","_seopress_robots_index":""},"product_brand":[54,516],"product_cat":[236,32,515],"product_tag":[499,498,90,500],"class_list":{"0":"post-7586","1":"product","2":"type-product","3":"status-publish","4":"has-post-thumbnail","6":"product_brand-bang-leader-vape","7":"product_brand-disposable-vape","8":"product_cat-18k-puffs-vape","9":"product_cat-bang-leader-vape","10":"product_cat-disposable-vape","11":"product_tag-18k-puffs-vape","12":"product_tag-bang-leader-18000","13":"product_tag-disposable-vape","14":"product_tag-fixed-smooth-mtl-draw","16":"first","17":"instock","18":"sale","19":"shipping-taxable","20":"purchasable","21":"product-type-variable"},"_links":{"self":[{"href":"https:\/\/pgvape.com\/pt\/wp-json\/wp\/v2\/product\/7586","targetHints":{"allow":["GET"]}}],"collection":[{"href":"https:\/\/pgvape.com\/pt\/wp-json\/wp\/v2\/product"}],"about":[{"href":"https:\/\/pgvape.com\/pt\/wp-json\/wp\/v2\/types\/product"}],"replies":[{"embeddable":true,"href":"https:\/\/pgvape.com\/pt\/wp-json\/wp\/v2\/comments?post=7586"}],"wp:featuredmedia":[{"embeddable":true,"href":"https:\/\/pgvape.com\/pt\/wp-json\/wp\/v2\/media\/7589"}],"wp:attachment":[{"href":"https:\/\/pgvape.com\/pt\/wp-json\/wp\/v2\/media?parent=7586"}],"wp:term":[{"taxonomy":"product_brand","embeddable":true,"href":"https:\/\/pgvape.com\/pt\/wp-json\/wp\/v2\/product_brand?post=7586"},{"taxonomy":"product_cat","embeddable":true,"href":"https:\/\/pgvape.com\/pt\/wp-json\/wp\/v2\/product_cat?post=7586"},{"taxonomy":"product_tag","embeddable":true,"href":"https:\/\/pgvape.com\/pt\/wp-json\/wp\/v2\/product_tag?post=7586"}],"curies":[{"name":"wp","href":"https:\/\/api.w.org\/{rel}","templated":true}]}}