{"id":7555,"date":"2025-12-07T09:52:05","date_gmt":"2025-12-07T09:52:05","guid":{"rendered":"https:\/\/pgvape.com\/?post_type=product&#038;p=7555"},"modified":"2026-03-05T14:37:54","modified_gmt":"2026-03-05T14:37:54","slug":"bang-lider-30000-30k-puffs-duplo-sabor-descartavel-vape-0-2-3-5-nicotina-display-lcd-vape-direto-da-fabrica","status":"publish","type":"product","link":"https:\/\/pgvape.com\/pt\/produto\/bang-lider-30000-30k-puffs-duplo-sabor-descartavel-vape-0-2-3-5-nicotina-display-lcd-vape-direto-da-fabrica\/","title":{"rendered":"Bang l\u00edder 30000 30k Puffs Duplo Sabor Vape Descart\u00e1vel 0% 2% 3% 5% Nicotina Display LCD Vape Direto da F\u00e1brica"},"content":{"rendered":"<p>Experimente um desempenho excepcional com o <strong data-sourcepos=\"7:45-7:88\">Bang Leader 30000 Puffs Vape Descart\u00e1vel<\/strong> \u2013 Um dispositivo de primeira linha que combina longevidade impressionante com inova\u00e7\u00e3o de ponta. <strong data-sourcepos=\"7:292-7:314\">12 sabores diversos<\/strong>, Avan\u00e7ado <strong data-sourcepos=\"7:325-7:347\">Fios de aquecimento de malha<\/strong>, E uma constru\u00e7\u00e3o ergon\u00f4mica elegante, este descart\u00e1vel oferece excelente gera\u00e7\u00e3o de vapor e consist\u00eancia de sabor para sess\u00f5es de vaporiza\u00e7\u00e3o verdadeiramente satisfat\u00f3rias.<img loading=\"lazy\" decoding=\"async\" class=\"alignnone wp-image-7566 size-full\" src=\"https:\/\/pgvape.com\/wp-content\/uploads\/2025\/12\/Bang-leader-30000-30k-Puffs-Double-Taste-Disposable-Vape-0-2-3-5-Nicotine-12Tastes-LCD-Display-Vape-Factory-Direct-9.png\" alt=\"Dois dispositivos vaporizadores descart\u00e1veis \u200b\u200bde cores vivas - um verde neon e um azul ciano - cada um com uma ilustra\u00e7\u00e3o de um felino rugindo e a marca &#039;BANG LEADER&#039;, flutuando acima de um pedestal verde-azulado brilhante contra um fundo geom\u00e9trico, com \u00edcones pr\u00f3ximos mostrando 36 ml, 550 mAh, 30.000 baforadas, bobina de malha e um gr\u00e1fico de porta-cigarro girat\u00f3rio.\" width=\"1920\" height=\"899\" srcset=\"https:\/\/pgvape.com\/wp-content\/uploads\/2025\/12\/Bang-leader-30000-30k-Puffs-Double-Taste-Disposable-Vape-0-2-3-5-Nicotine-12Tastes-LCD-Display-Vape-Factory-Direct-9.png 1920w, https:\/\/pgvape.com\/wp-content\/uploads\/2025\/12\/Bang-leader-30000-30k-Puffs-Double-Taste-Disposable-Vape-0-2-3-5-Nicotine-12Tastes-LCD-Display-Vape-Factory-Direct-9-555x260.png 555w, https:\/\/pgvape.com\/wp-content\/uploads\/2025\/12\/Bang-leader-30000-30k-Puffs-Double-Taste-Disposable-Vape-0-2-3-5-Nicotine-12Tastes-LCD-Display-Vape-Factory-Direct-9-595x279.png 595w, https:\/\/pgvape.com\/wp-content\/uploads\/2025\/12\/Bang-leader-30000-30k-Puffs-Double-Taste-Disposable-Vape-0-2-3-5-Nicotine-12Tastes-LCD-Display-Vape-Factory-Direct-9-400x187.png 400w, https:\/\/pgvape.com\/wp-content\/uploads\/2025\/12\/Bang-leader-30000-30k-Puffs-Double-Taste-Disposable-Vape-0-2-3-5-Nicotine-12Tastes-LCD-Display-Vape-Factory-Direct-9-768x360.png 768w, https:\/\/pgvape.com\/wp-content\/uploads\/2025\/12\/Bang-leader-30000-30k-Puffs-Double-Taste-Disposable-Vape-0-2-3-5-Nicotine-12Tastes-LCD-Display-Vape-Factory-Direct-9-1536x719.png 1536w, https:\/\/pgvape.com\/wp-content\/uploads\/2025\/12\/Bang-leader-30000-30k-Puffs-Double-Taste-Disposable-Vape-0-2-3-5-Nicotine-12Tastes-LCD-Display-Vape-Factory-Direct-9-18x8.png 18w, https:\/\/pgvape.com\/wp-content\/uploads\/2025\/12\/Bang-leader-30000-30k-Puffs-Double-Taste-Disposable-Vape-0-2-3-5-Nicotine-12Tastes-LCD-Display-Vape-Factory-Direct-9-600x281.png 600w\" sizes=\"auto, (max-width: 1920px) 100vw, 1920px\" \/><\/p>\n<p>&nbsp;<\/p>\n<h2><span style=\"font-size: 90%;\">Bang l\u00edder 30000 30k Puffs Double Taste Vape Especifica\u00e7\u00e3o descart\u00e1vel<\/span><\/h2>\n<p><strong data-sourcepos=\"12:3-12:21\">Capacidade de sopro:<\/strong>\u00a0At\u00e9\u00a0<strong data-sourcepos=\"12:28-12:44\">30.000 baforadas<\/strong><\/p>\n<p><strong data-sourcepos=\"13:3-13:23\">Volume do E-L\u00edquido:<\/strong>\u00a0<strong data-sourcepos=\"13:24-13:32\">36ml<\/strong><\/p>\n<p><strong data-sourcepos=\"14:3-14:15\">Bateria:<\/strong>\u00a0<strong data-sourcepos=\"14:16-14:37\">550mAh integrado<\/strong>\u00a0Com carregamento USB<\/p>\n<p><strong data-sourcepos=\"15:3-15:15\">Mostrar:<\/strong>\u00a0Tela LCD interativa mostrando o status da bateria e do l\u00edquido eletr\u00f4nico<\/p>\n<p><strong data-sourcepos=\"16:3-16:17\">Tipo de bobina:<\/strong>\u00a0<strong data-sourcepos=\"16:18-16:36\">fio de malha 1.0\u03a9<\/strong>\u00a0Para aquecimento superior<\/p>\n<p><strong data-sourcepos=\"17:3-17:16\">Caracter\u00edsticas:<\/strong>\u00a0<strong data-sourcepos=\"17:17-17:39\">Fluxo de ar ajust\u00e1vel<\/strong>\u00a0\u2022\u00a0<strong data-sourcepos=\"17:42-17:60\">Ativado por sorteio<\/strong>\u00a0\u2022\u00a0<strong data-sourcepos=\"17:63-17:90\">Design port\u00e1til compacto<\/strong><\/p>\n<p><strong data-sourcepos=\"18:3-18:24\">Op\u00e7\u00f5es de nicotina:<\/strong>\u00a0<strong data-sourcepos=\"18:25-18:46\">0%, 2%, 3% ou 5%<\/strong><\/p>\n<p>&nbsp;<\/p>\n<h3><span style=\"font-size: 90%;\">Bang Leader 30000 30k Puffs Double Taste Lista de sabores descart\u00e1veis \u200b\u200bde Vape<\/span><\/h3>\n<p><strong data-sourcepos=\"24:4-24:39\">1. Gelo de melancia \/ hortel\u00e3 de mirtilo<\/strong><\/p>\n<p><strong data-sourcepos=\"25:4-25:41\">2. Gelo de melancia \/ manga de morango<\/strong><\/p>\n<p><strong data-sourcepos=\"26:4-26:56\">3. Melancia Morango \/ Kiwi Maracuj\u00e1 Goiaba<\/strong><\/p>\n<p><strong data-sourcepos=\"27:4-27:41\">4. Melancia Morango \/ Gelo de Uva<\/strong><\/p>\n<p><strong data-sourcepos=\"28:4-28:52\">5. Mirtilo Framboesa \/ P\u00eassego Manga Melancia<\/strong><\/p>\n<p><strong data-sourcepos=\"29:4-29:48\">6. Framboesa Mirtilo \/ Misto de frutas mofadas<\/strong><\/p>\n<p><strong data-sourcepos=\"30:4-30:40\">7. Gelo de Mirtilo \/ Gelo de Drag\u00e3o Negro<\/strong><\/p>\n<p><strong data-sourcepos=\"31:4-31:41\">8. Gelo de mirtilo \/ banana com morango<\/strong><\/p>\n<p><strong data-sourcepos=\"32:4-32:39\">9. Red Bull \/ Melancia com Mirtilo<\/strong><\/p>\n<p><strong data-sourcepos=\"33:5-33:43\">10. Doce bolha Red Bull \/ melancia<\/strong><\/p>\n<p><strong data-sourcepos=\"34:5-34:36\">11. Kiwi de Morango \/ Gelo de P\u00eassego<\/strong><\/p>\n<p><strong data-sourcepos=\"35:5-35:47\">12.Morango Kiwi \/ Ma\u00e7\u00e3 Azeda Framboesa<img loading=\"lazy\" decoding=\"async\" class=\"alignnone wp-image-7561 size-full\" src=\"https:\/\/pgvape.com\/wp-content\/uploads\/2025\/12\/Bang-leader-30000-30k-Puffs-Double-Taste-Disposable-Vape-0-2-3-5-Nicotine-12Tastes-LCD-Display-Vape-Factory-Direct-4.png\" alt=\"Fileira de doze dispositivos vape descart\u00e1veis \u200b\u200bretangulares coloridos &#039;Bang Leader&#039; com bocais pretos, cada um com um logotipo estilizado de cabe\u00e7a de tigre e nomes de sabores em pain\u00e9is gradientes vibrantes contra um fundo roxo esfuma\u00e7ado e o t\u00edtulo &#039;Bang leader 30k Puffs Double Taste Vape Descart\u00e1vel&#039; na parte superior.\" width=\"1600\" height=\"1026\" srcset=\"https:\/\/pgvape.com\/wp-content\/uploads\/2025\/12\/Bang-leader-30000-30k-Puffs-Double-Taste-Disposable-Vape-0-2-3-5-Nicotine-12Tastes-LCD-Display-Vape-Factory-Direct-4.png 1600w, https:\/\/pgvape.com\/wp-content\/uploads\/2025\/12\/Bang-leader-30000-30k-Puffs-Double-Taste-Disposable-Vape-0-2-3-5-Nicotine-12Tastes-LCD-Display-Vape-Factory-Direct-4-555x356.png 555w, https:\/\/pgvape.com\/wp-content\/uploads\/2025\/12\/Bang-leader-30000-30k-Puffs-Double-Taste-Disposable-Vape-0-2-3-5-Nicotine-12Tastes-LCD-Display-Vape-Factory-Direct-4-595x382.png 595w, https:\/\/pgvape.com\/wp-content\/uploads\/2025\/12\/Bang-leader-30000-30k-Puffs-Double-Taste-Disposable-Vape-0-2-3-5-Nicotine-12Tastes-LCD-Display-Vape-Factory-Direct-4-400x257.png 400w, https:\/\/pgvape.com\/wp-content\/uploads\/2025\/12\/Bang-leader-30000-30k-Puffs-Double-Taste-Disposable-Vape-0-2-3-5-Nicotine-12Tastes-LCD-Display-Vape-Factory-Direct-4-768x492.png 768w, https:\/\/pgvape.com\/wp-content\/uploads\/2025\/12\/Bang-leader-30000-30k-Puffs-Double-Taste-Disposable-Vape-0-2-3-5-Nicotine-12Tastes-LCD-Display-Vape-Factory-Direct-4-1536x985.png 1536w, https:\/\/pgvape.com\/wp-content\/uploads\/2025\/12\/Bang-leader-30000-30k-Puffs-Double-Taste-Disposable-Vape-0-2-3-5-Nicotine-12Tastes-LCD-Display-Vape-Factory-Direct-4-18x12.png 18w, https:\/\/pgvape.com\/wp-content\/uploads\/2025\/12\/Bang-leader-30000-30k-Puffs-Double-Taste-Disposable-Vape-0-2-3-5-Nicotine-12Tastes-LCD-Display-Vape-Factory-Direct-4-600x385.png 600w\" sizes=\"auto, (max-width: 1600px) 100vw, 1600px\" \/><\/strong><\/p>\n<p>&nbsp;<\/p>\n<h3><span style=\"font-size: 90%;\">Bang l\u00edder 30000 30k Puffs Double Taste Vape Descart\u00e1vel V\u00eddeo:<\/span><\/h3>\n<p>&nbsp;<\/p>\n<h2 class=\"header-vfC6AV auto-hide-last-sibling-br\"><span style=\"font-size: 90%;\">Perguntas frequentes sobre Bang l\u00edder 30000 30k Puffs Double Taste Vape descart\u00e1vel<\/span><\/h2>\n<p>\u2753 <strong class=\"\">Como fa\u00e7o para trocar os dois sabores?<\/strong><br \/>\n\u2705 <strong>Sabor Duplo<\/strong> estrutura \u2014 deslize para alternar entre <strong>sabores emparelhados<\/strong> imediatamente.<\/p>\n<p>\u2753 <strong class=\"\">Quantas baforadas por dispositivo?<\/strong><br \/>\n\u2705 Classifica\u00e7\u00e3o de f\u00e1brica <strong>at\u00e9 30.000 baforadas<\/strong>, a contagem real varia de acordo com a for\u00e7a de tra\u00e7\u00e3o.<\/p>\n<p>\u2753 <strong class=\"\">Como verifico a bateria ou o l\u00edquido?<\/strong><br \/>\n\u2705 <strong class=\"\">Visor digital LCD<\/strong> mostra em tempo real <strong>bateria<\/strong> e <strong>e-l\u00edquido restante<\/strong>.<\/p>\n<p>\u2753 <strong class=\"\">Quais dosagens de nicotina est\u00e3o dispon\u00edveis?<\/strong><br \/>\n\u2705 <strong class=\"\">0 %, 2 %, 3 %, 5 %<\/strong>\u2014confirme a vers\u00e3o ao fazer o pedido.<\/p>\n<p>\u2753 <strong class=\"\">O aparelho \u00e9 recarreg\u00e1vel?<\/strong><br \/>\n\u2705 Integrado <strong class=\"\">550mAh<\/strong> bateria com <strong class=\"\">Tipo-C<\/strong> porta para recargas r\u00e1pidas.<\/p>\n<p>\u2753 <strong class=\"\">Posso ajustar o fluxo de ar?<\/strong><br \/>\n\u2705 <strong class=\"\">Fluxo de ar ajust\u00e1vel<\/strong> permite que voc\u00ea escolha <strong class=\"\">apertado, m\u00e9dio ou aberto<\/strong> empate.<\/p>\n<p>&nbsp;<\/p>\n<h3 id=\"brxe-najhln\" class=\"brxe-heading\">Perguntas frequentes (FAQ)<\/h3>\n<div id=\"brxe-rajiac\" class=\"brxe-text\">\n<p><strong>P: Quais m\u00e9todos de pagamento voc\u00ea aceita?<\/strong><br \/>\nR: Aceitamos PayPal, Stripe, transfer\u00eancias banc\u00e1rias (com suporte SEPA), os principais cart\u00f5es de cr\u00e9dito (Visa, MasterCard, American Express) e pagamentos em criptomoedas.<\/p>\n<p><strong>P: Quanto tempo leva a prepara\u00e7\u00e3o do pedido?<\/strong><br \/>\nR: A prepara\u00e7\u00e3o do pedido leva de 1 a 3 dias \u00fateis.<\/p>\n<p><strong>P: Qual \u00e9 o tempo de envio?<\/strong><br \/>\nR: O tempo de envio \u00e9 de 7 a 14 dias \u00fateis, dependendo da sua localiza\u00e7\u00e3o.<\/p>\n<p><strong>P: Como posso rastrear meu pedido?<\/strong><br \/>\nR: Ap\u00f3s o envio, voc\u00ea receber\u00e1 um e-mail de confirma\u00e7\u00e3o com um n\u00famero de rastreamento para rastreamento em tempo real.<\/p>\n<p><strong>P: Qual \u00e9 a sua pol\u00edtica de devolu\u00e7\u00e3o?<\/strong><br \/>\nR: Oferecemos uma pol\u00edtica de devolu\u00e7\u00e3o de 30 dias para reembolsos ou trocas. .<\/p>\n<p><strong>P: Haver\u00e1 algum problema alfandeg\u00e1rio?<br \/>\n<\/strong>Lidamos com todos os procedimentos de desembara\u00e7o aduaneiro para garantir uma experi\u00eancia descomplicada para voc\u00ea. .<\/p>\n<p><strong>P: Quais m\u00e9todos de envio s\u00e3o usados?<\/strong><br \/>\nCooperamos com UPS\/DHL\/FEDEX\/DPD, etc. Escolheremos a op\u00e7\u00e3o de envio apropriada dependendo do pa\u00eds de entrega para garantir que voc\u00ea receba seus produtos o mais r\u00e1pido poss\u00edvel.<\/p>\n<p><a href=\"https:\/\/pgvape.com\/pt\/perguntas-frequentes\/\">Clique aqui para mais perguntas frequentes<\/a><\/p>\n<p>Prezados clientes, Se voc\u00ea tiver alguma d\u00favida sobre seu pedido ou a chegada de mercadorias, entre em contato com nosso atendimento ao cliente. Obrigado!<\/p>\n<h3 data-sourcepos=\"73:1-73:21\"><strong data-sourcepos=\"73:7-73:21\">Contate-nos<\/strong><\/h3>\n<div id=\"text-2419739398\" class=\"text\">\n<p><strong data-sourcepos=\"75:3-75:12\">E-mail<\/strong>:\u00a0<a href=\"mailto:support@pgvape.com\"><strong>support@pgvape.com<\/strong><\/a><\/p>\n<p><strong data-sourcepos=\"76:3-76:15\">WhatsApp<\/strong>:\u00a0<a href=\"https:\/\/wa.me\/+8618128481258\"><strong>+86 18128481258<\/strong><\/a><br \/>\n<strong>(Resposta em at\u00e9 24 horas em dias \u00fateis)<\/strong><\/p>\n<\/div>\n<h3><strong>Obrigado por escolher pgvape.com! .<\/strong><\/h3>\n<\/div>","protected":false},"excerpt":{"rendered":"<p><strong>Bang L\u00edder 30000<\/strong> - <strong>30 mil baforadas<\/strong>, <strong>36ml<\/strong>, <strong>Sabor Duplo<\/strong>, <strong>Visor LCD<\/strong>, <strong>Malha 1.0\u03a9<\/strong>, <strong>Tipo-C<\/strong>, <strong>Fluxo de ar ajust\u00e1vel<\/strong>, <strong>0-5%Nic<\/strong>. <strong>Deslize, troque, saboreie<\/strong>.<\/p>","protected":false},"featured_media":7560,"comment_status":"open","ping_status":"closed","template":"","meta":{"_seopress_robots_primary_cat":"none","_seopress_titles_title":"","_seopress_titles_desc":"","_seopress_robots_index":""},"product_brand":[54,516],"product_cat":[35,32,515],"product_tag":[349,497,90,68,352],"class_list":{"0":"post-7555","1":"product","2":"type-product","3":"status-publish","4":"has-post-thumbnail","6":"product_brand-bang-leader-vape","7":"product_brand-disposable-vape","8":"product_cat-30k-puffs-vape","9":"product_cat-bang-leader-vape","10":"product_cat-disposable-vape","11":"product_tag-30k-puffs-vape","12":"product_tag-bang-leader-30000","13":"product_tag-disposable-vape","14":"product_tag-double-taste","15":"product_tag-dual-pod","17":"first","18":"outofstock","19":"sale","20":"shipping-taxable","21":"purchasable","22":"product-type-variable"},"_links":{"self":[{"href":"https:\/\/pgvape.com\/pt\/wp-json\/wp\/v2\/product\/7555","targetHints":{"allow":["GET"]}}],"collection":[{"href":"https:\/\/pgvape.com\/pt\/wp-json\/wp\/v2\/product"}],"about":[{"href":"https:\/\/pgvape.com\/pt\/wp-json\/wp\/v2\/types\/product"}],"replies":[{"embeddable":true,"href":"https:\/\/pgvape.com\/pt\/wp-json\/wp\/v2\/comments?post=7555"}],"wp:featuredmedia":[{"embeddable":true,"href":"https:\/\/pgvape.com\/pt\/wp-json\/wp\/v2\/media\/7560"}],"wp:attachment":[{"href":"https:\/\/pgvape.com\/pt\/wp-json\/wp\/v2\/media?parent=7555"}],"wp:term":[{"taxonomy":"product_brand","embeddable":true,"href":"https:\/\/pgvape.com\/pt\/wp-json\/wp\/v2\/product_brand?post=7555"},{"taxonomy":"product_cat","embeddable":true,"href":"https:\/\/pgvape.com\/pt\/wp-json\/wp\/v2\/product_cat?post=7555"},{"taxonomy":"product_tag","embeddable":true,"href":"https:\/\/pgvape.com\/pt\/wp-json\/wp\/v2\/product_tag?post=7555"}],"curies":[{"name":"wp","href":"https:\/\/api.w.org\/{rel}","templated":true}]}}