{"id":7525,"date":"2025-12-07T08:12:42","date_gmt":"2025-12-07T08:12:42","guid":{"rendered":"https:\/\/pgvape.com\/?post_type=product&#038;p=7525"},"modified":"2026-03-15T13:32:42","modified_gmt":"2026-03-15T13:32:42","slug":"bang-lider-120000-120k-puffs-2-em-1-vape-descartavel-de-sabor-duplo-interruptor-magnetico-deslizante-0-2-3-5-nicotinas-12-sabores-vape-direto-da-fabrica","status":"publish","type":"product","link":"https:\/\/pgvape.com\/pt\/produto\/bang-lider-120000-120k-puffs-2-em-1-vape-descartavel-de-sabor-duplo-interruptor-magnetico-deslizante-0-2-3-5-nicotinas-12-sabores-vape-direto-da-fabrica\/","title":{"rendered":"Bang Leader 120000 120K Puffs 2 em 1 Interruptor magn\u00e9tico descart\u00e1vel de sabor duplo Vape 0% 2% 3% 5% Nicotinas 12Tastes Vape direto da f\u00e1brica"},"content":{"rendered":"<p>Bang Leader 120K foi projetado para Vapers que desejam liberdade infinita de sabores. .<\/p>\n<p>&nbsp;<\/p>\n<h2><span style=\"font-size: 90%;\">Bang Leader 120k 2 em 1 especifica\u00e7\u00e3o de Vape descart\u00e1vel de sabor duplo<\/span><\/h2>\n<p>Interruptor deslizante magn\u00e9tico de sabor duplo\u00a0- Transi\u00e7\u00e3o instant\u00e2nea entre duas c\u00e1psulas de sabor<\/p>\n<p>120.000 baforadas sem precedentes \u2013 longevidade l\u00edder do setor<\/p>\n<p>Dois pods de sabores pr\u00e9-preenchidos inclu\u00eddos \u2013 emparelhados para m\u00e1xima harmonia<\/p>\n<p>Bobina de malha avan\u00e7ada \u2013 sabor mais rico, vapor mais suave<\/p>\n<p>Display OLED inteligente \u2013 monitoramento em tempo real de bateria, l\u00edquido eletr\u00f4nico e canal de sabor ativo<\/p>\n<p>Estrutura Anti-Vazamento Aprimorada \u2013 Prote\u00e7\u00e3o Multi-Selada<\/p>\n<p>Design ergon\u00f4mico \u2013 perfil elegante com acabamento texturizado fosco<\/p>\n<p>&nbsp;<\/p>\n<h3><span style=\"font-size: 90%;\">Bang Leader 120k 2 em 1 Lista de sabores Vape descart\u00e1veis \u200b\u200bde sabor duplo<\/span><\/h3>\n<p>1.Blue Razz e Amor 66<\/p>\n<p>2. Morango Cereja e Kiwi Maracuj\u00e1 Goiaba<\/p>\n<p>3. Chiclete de melancia e frutas mistas<\/p>\n<p>4. Torta de Morango, Banana e Cereja<\/p>\n<p>5. Gelo de melancia e manga de p\u00eassego<\/p>\n<p>6. Gelo de mirtilo e lim\u00e3o com framboesa<\/p>\n<p>7. Energia Vermelha e Gelo de Uva<\/p>\n<p>8. Melancia, morango e refrigerante de laranja<\/p>\n<p>9.Cola Gelo e Cereja Cranberry<\/p>\n<p>10. Gelo de mirtilo e groselha preta<\/p>\n<p>11. Framboesa Mojito P\u00eassego Gelo e Lady Killer<\/p>\n<p>12. Gelo de melancia e mamba de morango<\/p>\n<p>&nbsp;<\/p>\n<h3><span style=\"font-size: 90%;\">V\u00eddeo Vape descart\u00e1vel de sabor duplo Bang Leader 120k 2 em 1:<\/span><\/h3>\n<p>&nbsp;<\/p>\n<h2 class=\"header-vfC6AV auto-hide-last-sibling-br\"><span style=\"font-size: 90%;\">Perguntas frequentes sobre Bang Leader 120k 2 em 1 Vape descart\u00e1vel de sabor duplo<\/span><\/h2>\n<p>\u2753 Como fa\u00e7o para trocar sabores?<br \/>\n\u2705 Slide magn\u00e9tico push-pull \u2013 troque instantaneamente dois sabores, sem bot\u00f5es, sem espera.<\/p>\n<p>\u2753 Quantas baforadas posso conseguir?<br \/>\n\u2705 At\u00e9 120.000 baforadas, varia de acordo com a for\u00e7a da tra\u00e7\u00e3o e o fluxo de ar.<\/p>\n<p>\u2753 A troca de sabores prejudica a bobina?<br \/>\n\u2705 N\u00e3o, caminhos de \u00f3leo independentes mant\u00eam o desempenho da bobina consistente.<\/p>\n<p>\u2753 Qual bobina est\u00e1 dentro?<br \/>\n\u2705 Bobina de malha de \u00faltima gera\u00e7\u00e3o \u2013 aquecimento mais r\u00e1pido, sabor mais rico, inspira\u00e7\u00e3o mais suave.<\/p>\n<p>\u2753 Posso usar os dois sabores ao mesmo tempo?<br \/>\n\u2705 N\u00e3o, um sabor de cada vez; Deslize para mudar.<\/p>\n<p>\u2753 O fluxo de ar \u00e9 ajust\u00e1vel?<br \/>\n\u2705 Sim, escolha empate apertado, m\u00e9dio ou aberto.<\/p>\n<p>\u2753 Como verifico a bateria ou o l\u00edquido?<br \/>\n\u2705 O display inteligente mostra bateria, l\u00edquido eletr\u00f4nico, contagem de sopros e sabor ativo.<\/p>\n<p>\u2753 A nicotina \u00e9 personaliz\u00e1vel?<br \/>\n\u2705 Op\u00e7\u00f5es 0%\/2%\/3%\/5% \u2014 Verifique a vers\u00e3o antes da compra.<\/p>\n<p>\u2753 E se eu provar um hit queimado?<br \/>\n\u2705 Pause os sorteios, verifique o fluxo de ar, certifique-se de que o \u00f3leo permanece; Entre em contato com o suporte se persistir.<\/p>\n<p>\u2753 O dispositivo \u00e9 recarreg\u00e1vel?<br \/>\n\u2705 Sim, carregamento r\u00e1pido tipo C para recupera\u00e7\u00e3o r\u00e1pida de energia.<\/p>\n<p>\u2753 Adequado para iniciantes?<br \/>\n\u2705 Absolutamente \u2013 Ativado por sorteio, sem recarga, manuten\u00e7\u00e3o zero.<\/p>\n<p>\u2753 Os sabores s\u00e3o pr\u00e9-preenchidos e \u00e0 prova de vazamentos?<br \/>\n\u2705 Sim, c\u00e2maras pr\u00e9-preenchidas e seladas constru\u00eddas para vaporiza\u00e7\u00e3o limpa e est\u00e1vel.<\/p>\n<p>&nbsp;<\/p>\n<h3 id=\"brxe-najhln\" class=\"brxe-heading\">Perguntas frequentes (FAQ)<\/h3>\n<div id=\"brxe-rajiac\" class=\"brxe-text\">\n<p><strong>P: Quais m\u00e9todos de pagamento voc\u00ea aceita?<\/strong><br \/>\nR: Aceitamos PayPal, Stripe, transfer\u00eancias banc\u00e1rias (com suporte SEPA), os principais cart\u00f5es de cr\u00e9dito (Visa, MasterCard, American Express) e pagamentos em criptomoedas.<\/p>\n<p><strong>P: Quanto tempo leva a prepara\u00e7\u00e3o do pedido?<\/strong><br \/>\nR: A prepara\u00e7\u00e3o do pedido leva de 1 a 3 dias \u00fateis.<\/p>\n<p><strong>P: Qual \u00e9 o tempo de envio?<\/strong><br \/>\nR: O tempo de envio \u00e9 de 7 a 14 dias \u00fateis, dependendo da sua localiza\u00e7\u00e3o.<\/p>\n<p><strong>P: Como posso rastrear meu pedido?<\/strong><br \/>\nR: Ap\u00f3s o envio, voc\u00ea receber\u00e1 um e-mail de confirma\u00e7\u00e3o com um n\u00famero de rastreamento para rastreamento em tempo real.<\/p>\n<p><strong>P: Qual \u00e9 a sua pol\u00edtica de devolu\u00e7\u00e3o?<\/strong><br \/>\nR: Oferecemos uma pol\u00edtica de devolu\u00e7\u00e3o de 30 dias para reembolsos ou trocas. .<\/p>\n<p><strong>P: Haver\u00e1 algum problema alfandeg\u00e1rio?<br \/>\n<\/strong>Lidamos com todos os procedimentos de desembara\u00e7o aduaneiro para garantir uma experi\u00eancia descomplicada para voc\u00ea. .<\/p>\n<p><strong>P: Quais m\u00e9todos de envio s\u00e3o usados?<\/strong><br \/>\nCooperamos com UPS\/DHL\/FEDEX\/DPD, etc. Escolheremos a op\u00e7\u00e3o de envio apropriada dependendo do pa\u00eds de entrega para garantir que voc\u00ea receba seus produtos o mais r\u00e1pido poss\u00edvel.<\/p>\n<p><a href=\"https:\/\/pgvape.com\/pt\/perguntas-frequentes\/\">Clique aqui para mais perguntas frequentes<\/a><\/p>\n<p>Prezados clientes, Se voc\u00ea tiver alguma d\u00favida sobre seu pedido ou a chegada de mercadorias, entre em contato com nosso atendimento ao cliente. Obrigado!<\/p>\n<h3 data-sourcepos=\"73:1-73:21\"><strong data-sourcepos=\"73:7-73:21\">Contate-nos<\/strong><\/h3>\n<div id=\"text-2419739398\" class=\"text\">\n<p><strong data-sourcepos=\"75:3-75:12\">E-mail<\/strong>:\u00a0<a href=\"mailto:support@pgvape.com\"><strong>support@pgvape.com<\/strong><\/a><\/p>\n<p><strong data-sourcepos=\"76:3-76:15\">WhatsApp<\/strong>:\u00a0<a href=\"https:\/\/wa.me\/+8618128481258\"><strong>+86 18128481258<\/strong><\/a><br \/>\n<strong>(Resposta em at\u00e9 24 horas em dias \u00fateis)<\/strong><\/p>\n<\/div>\n<h3><strong>Obrigado por escolher pgvape.com! .<\/strong><\/h3>\n<\/div>","protected":false},"excerpt":{"rendered":"<p><strong>Bang L\u00edder 120K<\/strong> - <strong>120.000 baforadas<\/strong>, <strong>Interruptor magn\u00e9tico de sabor duplo<\/strong>, <strong>Bobina de malha de \u00faltima gera\u00e7\u00e3o<\/strong>, <strong>Visor inteligente<\/strong>, <strong>Fluxo de ar ajust\u00e1vel<\/strong>, <strong>Tipo-C<\/strong> Carga r\u00e1pida. <strong>Deslize uma vez, experimente duas vezes, vape para sempre<\/strong>.<\/p>","protected":false},"featured_media":7528,"comment_status":"open","ping_status":"closed","template":"","meta":{"_seopress_robots_primary_cat":"none","_seopress_titles_title":"","_seopress_titles_desc":"","_seopress_robots_index":""},"product_brand":[54,516],"product_cat":[69,32,515],"product_tag":[354,495,494,90,496],"class_list":{"0":"post-7525","1":"product","2":"type-product","3":"status-publish","4":"has-post-thumbnail","6":"product_brand-bang-leader-vape","7":"product_brand-disposable-vape","8":"product_cat-120k-puffs-vape","9":"product_cat-bang-leader-vape","10":"product_cat-disposable-vape","11":"product_tag-120k-puffs-vape","12":"product_tag-2-in-1-dual-flavor","13":"product_tag-bang-leader-120000","14":"product_tag-disposable-vape","15":"product_tag-magnetic-slide-switch","17":"first","18":"instock","19":"sale","20":"shipping-taxable","21":"purchasable","22":"product-type-variable"},"_links":{"self":[{"href":"https:\/\/pgvape.com\/pt\/wp-json\/wp\/v2\/product\/7525","targetHints":{"allow":["GET"]}}],"collection":[{"href":"https:\/\/pgvape.com\/pt\/wp-json\/wp\/v2\/product"}],"about":[{"href":"https:\/\/pgvape.com\/pt\/wp-json\/wp\/v2\/types\/product"}],"replies":[{"embeddable":true,"href":"https:\/\/pgvape.com\/pt\/wp-json\/wp\/v2\/comments?post=7525"}],"wp:featuredmedia":[{"embeddable":true,"href":"https:\/\/pgvape.com\/pt\/wp-json\/wp\/v2\/media\/7528"}],"wp:attachment":[{"href":"https:\/\/pgvape.com\/pt\/wp-json\/wp\/v2\/media?parent=7525"}],"wp:term":[{"taxonomy":"product_brand","embeddable":true,"href":"https:\/\/pgvape.com\/pt\/wp-json\/wp\/v2\/product_brand?post=7525"},{"taxonomy":"product_cat","embeddable":true,"href":"https:\/\/pgvape.com\/pt\/wp-json\/wp\/v2\/product_cat?post=7525"},{"taxonomy":"product_tag","embeddable":true,"href":"https:\/\/pgvape.com\/pt\/wp-json\/wp\/v2\/product_tag?post=7525"}],"curies":[{"name":"wp","href":"https:\/\/api.w.org\/{rel}","templated":true}]}}