{"id":7499,"date":"2025-12-06T12:28:15","date_gmt":"2025-12-06T12:28:15","guid":{"rendered":"https:\/\/pgvape.com\/?post_type=product&#038;p=7499"},"modified":"2026-03-15T13:32:42","modified_gmt":"2026-03-15T13:32:42","slug":"bang-lider-stoll-100000-100k-puffs-4-em-1-sabores-vape-descartavel-0-2-3-5-nicotinas-quad-tank10gostos-tpd-certificado-vape-direto-da-fabrica","status":"publish","type":"product","link":"https:\/\/pgvape.com\/pt\/produto\/bang-lider-stoll-100000-100k-puffs-4-em-1-sabores-vape-descartavel-0-2-3-5-nicotinas-quad-tank10gostos-tpd-certificado-vape-direto-da-fabrica\/","title":{"rendered":"Bang Leader Stoll 100000 100K Puffs 4 em 1 Sabores Vape Descart\u00e1vel 0% 2% 3% 5% Nicotinas Quad Tank10Tastes TPD Certificado Vape Direto da F\u00e1brica"},"content":{"rendered":"<p>Governe seu reino Vaping com o <strong data-sourcepos=\"7:33-7:72\">Bang Leader Stoll 4 em 1 100K Puffs<\/strong> \u2013 O Herdeiro Imperial da Excel\u00eancia em Sabores. <strong data-sourcepos=\"7:141-7:173\">Sistema de cartucho de quatro sabores<\/strong>, este dispositivo soberano permite que voc\u00ea alterne graciosamente entre quatro propriedades de sabor real com um simples giro da coroa. <strong data-sourcepos=\"7:315-7:333\">Bateria 850mAh<\/strong> Com rel\u00e2mpago <strong data-sourcepos=\"7:349-7:368\">Carregamento tipo C<\/strong>, ele protege seu trono com at\u00e9 <strong data-sourcepos=\"7:404-7:421\">100.000 baforadas<\/strong> De Majestade Ininterrupta. <strong data-sourcepos=\"7:452-7:470\">Bobina de malha qu\u00e1drupla<\/strong> Acende nuvens densas e sabores cristalinos, tudo envolto em um design majestoso adequado para o trono. .<\/p>\n<p>&nbsp;<\/p>\n<h2><span style=\"font-size: 90%;\">Bang Leader Stoll 100K Puffs 4 em 1 Sabores Especifica\u00e7\u00e3o Vape Descart\u00e1vel<\/span><\/h2>\n<p><strong data-sourcepos=\"12:3-12:20\">Capacidade de sopro<\/strong>: At\u00e9 100.000 baforadas<\/p>\n<p><strong data-sourcepos=\"13:3-13:14\">Bateria<\/strong>:\u00a0<strong data-sourcepos=\"13:16-13:39\">850mAh recarreg\u00e1vel<\/strong>\u00a0Com\u00a0<strong data-sourcepos=\"13:45-13:69\">Carregamento r\u00e1pido tipo C<\/strong><\/p>\n<p><strong data-sourcepos=\"14:3-14:24\">Capacidade de E-L\u00edquido<\/strong>:\u00a0<strong data-sourcepos=\"14:26-14:38\">14ml \u00d7 4<\/strong>\u00a0Tanques Independentes<\/p>\n<p><strong data-sourcepos=\"15:3-15:11\">Bobina<\/strong>:\u00a0<strong data-sourcepos=\"15:13-15:36\">Bobina de malha qu\u00e1drupla de 1,0\u03a9<\/strong><\/p>\n<p><strong data-sourcepos=\"16:3-16:24\">For\u00e7a da Nicotina<\/strong>: Ajust\u00e1vel \u2013\u00a0<strong data-sourcepos=\"16:39-16:57\">0%, 2%, 3%, 5%<\/strong><\/p>\n<p><strong data-sourcepos=\"17:3-17:20\">Certifica\u00e7\u00e3o<\/strong>:\u00a0<strong data-sourcepos=\"17:22-17:39\">Certificado TPD<\/strong>\u00a0Para mercados da UE<\/p>\n<p>&nbsp;<\/p>\n<h3><span style=\"font-size: 90%;\">Bang Leader Stoll 100K Puffs 4 em 1 Lista de Sabores Vape Descart\u00e1veis<\/span><\/h3>\n<p>1. Lim\u00e3o, lim\u00e3o e gelo de melancia e gelo de drag\u00e3o preto e fruta de drag\u00e3o, morango e amor 666<\/p>\n<p>2. Baunilha Cola e Lim\u00e3o P\u00eassego e Morango Framboesa e Gelo de Cereja e Gelo de Uva<\/p>\n<p>3. Explos\u00e3o de uva e gelo de lichia e frutas de p\u00eassego e kiwi maracuj\u00e1 goiaba<\/p>\n<p>4. Gelo de melancia e manga de morango e gelo de mirtilo e cereja efervescente<\/p>\n<p>5. Morango, Melancia, Cereja, Gelo Suculento de P\u00eassego e Refrescante de Toranja<\/p>\n<p>6. Lim\u00e3o, lim\u00e3o e gelo de morango e melancia de framboesa e cereja efervescente<\/p>\n<p>7. Limonada Rosa e Kiwi Maracuj\u00e1 Goiaba e P\u00eassego e Banana Morango<\/p>\n<p>8. Manga de morango e limonada Blue Razz e sorvete de baunilha e frutas triplas azedas<\/p>\n<p>9. Mistura de frutas vermelhas e cereja, lim\u00e3o e morango, kiwi e chiclete de melancia e morango<\/p>\n<p>10.Mojito e Monster Mango e Lady Killer e limonada rosa<img loading=\"lazy\" decoding=\"async\" class=\"alignnone wp-image-7504 size-full\" src=\"https:\/\/pgvape.com\/wp-content\/uploads\/2025\/12\/Bang-Leader-Stoll-100K-Puffs-4-in-1-Flavors-Disposable-Vape-0-2-3-5-Nicotines-Quad-Tank-10Tastes-TPD-Certified-Vape-Factory-Direct-PGvape-3.png\" alt=\"Dez dispositivos vaporizadores descart\u00e1veis \u200b\u200bcoloridos dispostos em duas fileiras em um fundo azul claro, cada um apresentando obras de arte ousadas com temas de animais, uma base preta com displays digitais circulares e nomes de sabores de frutas impressos abaixo.\" width=\"1800\" height=\"1670\" srcset=\"https:\/\/pgvape.com\/wp-content\/uploads\/2025\/12\/Bang-Leader-Stoll-100K-Puffs-4-in-1-Flavors-Disposable-Vape-0-2-3-5-Nicotines-Quad-Tank-10Tastes-TPD-Certified-Vape-Factory-Direct-PGvape-3.png 1800w, https:\/\/pgvape.com\/wp-content\/uploads\/2025\/12\/Bang-Leader-Stoll-100K-Puffs-4-in-1-Flavors-Disposable-Vape-0-2-3-5-Nicotines-Quad-Tank-10Tastes-TPD-Certified-Vape-Factory-Direct-PGvape-3-388x360.png 388w, https:\/\/pgvape.com\/wp-content\/uploads\/2025\/12\/Bang-Leader-Stoll-100K-Puffs-4-in-1-Flavors-Disposable-Vape-0-2-3-5-Nicotines-Quad-Tank-10Tastes-TPD-Certified-Vape-Factory-Direct-PGvape-3-595x552.png 595w, https:\/\/pgvape.com\/wp-content\/uploads\/2025\/12\/Bang-Leader-Stoll-100K-Puffs-4-in-1-Flavors-Disposable-Vape-0-2-3-5-Nicotines-Quad-Tank-10Tastes-TPD-Certified-Vape-Factory-Direct-PGvape-3-400x371.png 400w, https:\/\/pgvape.com\/wp-content\/uploads\/2025\/12\/Bang-Leader-Stoll-100K-Puffs-4-in-1-Flavors-Disposable-Vape-0-2-3-5-Nicotines-Quad-Tank-10Tastes-TPD-Certified-Vape-Factory-Direct-PGvape-3-768x713.png 768w, https:\/\/pgvape.com\/wp-content\/uploads\/2025\/12\/Bang-Leader-Stoll-100K-Puffs-4-in-1-Flavors-Disposable-Vape-0-2-3-5-Nicotines-Quad-Tank-10Tastes-TPD-Certified-Vape-Factory-Direct-PGvape-3-1536x1425.png 1536w, https:\/\/pgvape.com\/wp-content\/uploads\/2025\/12\/Bang-Leader-Stoll-100K-Puffs-4-in-1-Flavors-Disposable-Vape-0-2-3-5-Nicotines-Quad-Tank-10Tastes-TPD-Certified-Vape-Factory-Direct-PGvape-3-13x12.png 13w, https:\/\/pgvape.com\/wp-content\/uploads\/2025\/12\/Bang-Leader-Stoll-100K-Puffs-4-in-1-Flavors-Disposable-Vape-0-2-3-5-Nicotines-Quad-Tank-10Tastes-TPD-Certified-Vape-Factory-Direct-PGvape-3-600x557.png 600w\" sizes=\"auto, (max-width: 1800px) 100vw, 1800px\" \/><\/p>\n<p>&nbsp;<\/p>\n<h3><span style=\"font-size: 90%;\">Bang Leader Stoll 100K Puffs 4 em 1 Sabores Vape Descart\u00e1vel <strong>V\u00eddeo:<\/strong><\/span><\/h3>\n<p>&nbsp;<\/p>\n<h2><span style=\"font-size: 90%;\">Perguntas frequentes sobre Bang Leader Stoll\u00a0 100K Puffs 4 em 1 Sabores Vape Descart\u00e1vel<\/span><\/h2>\n<p data-sourcepos=\"34:1-36:100\">\u2753 <strong data-sourcepos=\"35:3-35:48\">Como mudo entre os quatro sabores?<\/strong><br \/>\n\u2705 Uma simples tor\u00e7\u00e3o da base muda o <strong data-sourcepos=\"36:43-36:68\">Cartucho quatro em um<\/strong> Para o seu pr\u00f3ximo dom\u00ednio de sabor.<\/p>\n<p data-sourcepos=\"38:1-39:84\">\u2753 <strong data-sourcepos=\"38:3-38:45\">Quais dosagens de nicotina est\u00e3o dispon\u00edveis?<\/strong><br \/>\n\u2705 Escolha o seu reinado <strong data-sourcepos=\"39:26-39:47\">0%, 2%, 3% ou 5%<\/strong> Para combinar com sua prefer\u00eancia imperial.<\/p>\n<p data-sourcepos=\"41:1-42:128\">\u2753 <strong data-sourcepos=\"41:3-41:35\">O dispositivo \u00e9 certificado pelo TPD?<br \/>\n<\/strong> \u2705 Sim. <strong data-sourcepos=\"42:12-42:33\">Bang L\u00edder Stoll<\/strong> Est\u00e1 totalmente <strong data-sourcepos=\"42:43-42:60\">Certificado TPD<\/strong>, Garantindo a soberania leg\u00edtima em todos os territ\u00f3rios europeus.<\/p>\n<p data-sourcepos=\"44:1-45:155\">\u2753 <strong data-sourcepos=\"44:3-44:55\">Como a bobina Quad-Mesh melhora o desempenho?<br \/>\n<\/strong> \u2705 O <strong data-sourcepos=\"45:7-45:27\">Design de malha qu\u00e1drupla<\/strong> Cria quatro vezes a superf\u00edcie de aquecimento, gerando sabor imediato e consistentemente rico e densidade de pluma digna da coroa.<\/p>\n<p>&nbsp;<\/p>\n<h3 id=\"brxe-najhln\" class=\"brxe-heading\">Perguntas frequentes (FAQ)<\/h3>\n<div id=\"brxe-rajiac\" class=\"brxe-text\">\n<p><strong>P: Quais m\u00e9todos de pagamento voc\u00ea aceita?<\/strong><br \/>\nR: Aceitamos PayPal, Stripe, transfer\u00eancias banc\u00e1rias (com suporte SEPA), os principais cart\u00f5es de cr\u00e9dito (Visa, MasterCard, American Express) e pagamentos em criptomoedas.<\/p>\n<p><strong>P: Quanto tempo leva a prepara\u00e7\u00e3o do pedido?<\/strong><br \/>\nR: A prepara\u00e7\u00e3o do pedido leva de 1 a 3 dias \u00fateis.<\/p>\n<p><strong>P: Qual \u00e9 o tempo de envio?<\/strong><br \/>\nR: O tempo de envio \u00e9 de 7 a 14 dias \u00fateis, dependendo da sua localiza\u00e7\u00e3o.<\/p>\n<p><strong>P: Como posso rastrear meu pedido?<\/strong><br \/>\nR: Ap\u00f3s o envio, voc\u00ea receber\u00e1 um e-mail de confirma\u00e7\u00e3o com um n\u00famero de rastreamento para rastreamento em tempo real.<\/p>\n<p><strong>P: Qual \u00e9 a sua pol\u00edtica de devolu\u00e7\u00e3o?<\/strong><br \/>\nR: Oferecemos uma pol\u00edtica de devolu\u00e7\u00e3o de 30 dias para reembolsos ou trocas. .<\/p>\n<p><strong>P: Haver\u00e1 algum problema alfandeg\u00e1rio?<br \/>\n<\/strong>Lidamos com todos os procedimentos de desembara\u00e7o aduaneiro para garantir uma experi\u00eancia descomplicada para voc\u00ea. .<\/p>\n<p><strong>P: Quais m\u00e9todos de envio s\u00e3o usados?<\/strong><br \/>\nCooperamos com UPS\/DHL\/FEDEX\/DPD, etc. Escolheremos a op\u00e7\u00e3o de envio apropriada dependendo do pa\u00eds de entrega para garantir que voc\u00ea receba seus produtos o mais r\u00e1pido poss\u00edvel.<\/p>\n<p><a href=\"https:\/\/pgvape.com\/pt\/perguntas-frequentes\/\">Clique aqui para mais perguntas frequentes<\/a><\/p>\n<p>Prezados clientes, Se voc\u00ea tiver alguma d\u00favida sobre seu pedido ou a chegada de mercadorias, entre em contato com nosso atendimento ao cliente. Obrigado!<\/p>\n<h3 data-sourcepos=\"73:1-73:21\"><strong data-sourcepos=\"73:7-73:21\">Contate-nos<\/strong><\/h3>\n<div id=\"text-2419739398\" class=\"text\">\n<p><strong data-sourcepos=\"75:3-75:12\">E-mail<\/strong>:\u00a0<a href=\"mailto:support@pgvape.com\"><strong>support@pgvape.com<\/strong><\/a><\/p>\n<p><strong data-sourcepos=\"76:3-76:15\">WhatsApp<\/strong>:\u00a0<a href=\"https:\/\/wa.me\/+8618128481258\"><strong>+86 18128481258<\/strong><\/a><br \/>\n<strong>(Resposta em at\u00e9 24 horas em dias \u00fateis)<\/strong><\/p>\n<\/div>\n<h3><strong>Obrigado por escolher pgvape.com! .<\/strong><\/h3>\n<\/div>","protected":false},"excerpt":{"rendered":"<p><strong>Bang Leader Stoll 4 em 1<\/strong> - <strong>100.000 baforadas<\/strong>, <strong>Tanques qu\u00e1druplos de 14 ml<\/strong>, <strong>Malha qu\u00e1drupla de 1,0\u03a9<\/strong>, <strong>850mAh Tipo-C<\/strong>, <strong>4 reinos de sabores<\/strong>, <strong>0-5% Nicotina<\/strong>. <strong>Governe por mais tempo, mude mais r\u00e1pido, Vape Royal<\/strong>.<\/p>","protected":false},"featured_media":7502,"comment_status":"open","ping_status":"closed","template":"","meta":{"_seopress_robots_primary_cat":"none","_seopress_titles_title":"%%post_title%% %%sep%% %%sitetitle%%","_seopress_titles_desc":"","_seopress_robots_index":""},"product_brand":[54,516],"product_cat":[170,32,515],"product_tag":[395,53,491,90,492,493],"class_list":{"0":"post-7499","1":"product","2":"type-product","3":"status-publish","4":"has-post-thumbnail","6":"product_brand-bang-leader-vape","7":"product_brand-disposable-vape","8":"product_cat-100k-puffs-vape","9":"product_cat-bang-leader-vape","10":"product_cat-disposable-vape","11":"product_tag-100k-puffs-vape","12":"product_tag-4-in-1-flavors","13":"product_tag-bang-leader-stoll-100000","14":"product_tag-disposable-vape","15":"product_tag-quad-tank","16":"product_tag-tpd-certified","18":"first","19":"instock","20":"sale","21":"shipping-taxable","22":"purchasable","23":"product-type-variable"},"_links":{"self":[{"href":"https:\/\/pgvape.com\/pt\/wp-json\/wp\/v2\/product\/7499","targetHints":{"allow":["GET"]}}],"collection":[{"href":"https:\/\/pgvape.com\/pt\/wp-json\/wp\/v2\/product"}],"about":[{"href":"https:\/\/pgvape.com\/pt\/wp-json\/wp\/v2\/types\/product"}],"replies":[{"embeddable":true,"href":"https:\/\/pgvape.com\/pt\/wp-json\/wp\/v2\/comments?post=7499"}],"wp:featuredmedia":[{"embeddable":true,"href":"https:\/\/pgvape.com\/pt\/wp-json\/wp\/v2\/media\/7502"}],"wp:attachment":[{"href":"https:\/\/pgvape.com\/pt\/wp-json\/wp\/v2\/media?parent=7499"}],"wp:term":[{"taxonomy":"product_brand","embeddable":true,"href":"https:\/\/pgvape.com\/pt\/wp-json\/wp\/v2\/product_brand?post=7499"},{"taxonomy":"product_cat","embeddable":true,"href":"https:\/\/pgvape.com\/pt\/wp-json\/wp\/v2\/product_cat?post=7499"},{"taxonomy":"product_tag","embeddable":true,"href":"https:\/\/pgvape.com\/pt\/wp-json\/wp\/v2\/product_tag?post=7499"}],"curies":[{"name":"wp","href":"https:\/\/api.w.org\/{rel}","templated":true}]}}