{"id":7257,"date":"2025-12-01T09:41:03","date_gmt":"2025-12-01T09:41:03","guid":{"rendered":"https:\/\/pgvape.com\/?post_type=product&#038;p=7257"},"modified":"2026-03-15T13:32:42","modified_gmt":"2026-03-15T13:32:42","slug":"bang-king-triple-100000-100k-puffs-3-em-1-sabores-vape-descartavel-bobinas-de-malha-tripla-vape-direto-da-fabrica","status":"publish","type":"product","link":"https:\/\/pgvape.com\/pt\/produto\/bang-king-triple-100000-100k-puffs-3-em-1-sabores-vape-descartavel-bobinas-de-malha-tripla-vape-direto-da-fabrica\/","title":{"rendered":"Bang King Triple 100000 100K Puffs 3 em 1 Sabores Vape Descart\u00e1veis Bobinas de Malha Tripla Vape Direto da F\u00e1brica"},"content":{"rendered":"<p>Bang King \u2013 o multifuncional\u00a0<strong>Vaporizador<\/strong>\u00a0Isso foi feito para durar.\u00a0<strong>Bobina de malha<\/strong>\u00a0\u00c9 o segredo \u2013 torna cada sorteio super suave e cheio de sabor. .<\/p>\n<p>&nbsp;<\/p>\n<h2><span style=\"font-size: 90%;\">Bang King Triple 100000 100K Puffs 3 em 1 Especifica\u00e7\u00f5es de Vape Descart\u00e1vel<\/span><\/h2>\n<p><strong>N\u00edveis de nicotina<\/strong>: Escolha entre dosagens de nicotina 0%, 2%, 3% ou 5% - atende \u00e0s necessidades, desde consumo sem nicotina at\u00e9 consumo alternativo de cigarro.<\/p>\n<p><strong>Contagem de sopros<\/strong>: 100.000 baforadas \u2013 entrega estendida\u00a0<strong>Vaporizar<\/strong>\u00a0Dura\u00e7\u00e3o sem substitui\u00e7\u00f5es ou desperd\u00edcios frequentes.<\/p>\n<p><strong>Sistema de sabores<\/strong>: 3 sabores em 1 \u2013 alterne facilmente entre tr\u00eas sabores diferentes sempre que desejar uma mudan\u00e7a.<\/p>\n<p><strong>Bateria e carregamento<\/strong>: Bateria recarreg\u00e1vel de 650mAh \u2013 dura o dia todo com uma \u00fanica carga, com porta Tipo C para reabastecimento r\u00e1pido de 30 minutos.<\/p>\n<p><strong>Tecnologia de bobina<\/strong>: 1,0 Ohm Triplo\u00a0<strong>Bobinas de malha<\/strong>\u00a0- A \u00e1rea de aquecimento expandida aumenta a produ\u00e7\u00e3o de vapor e a intensidade do sabor para nuvens mais suaves e ricas.<\/p>\n<p>&nbsp;<\/p>\n<h3><span style=\"font-size: 90%;\">Bang King Triple 100000 100K Puffs 3 em 1 lista de sabores de vapor descart\u00e1veis<\/span><\/h3>\n<p>1. Gelo de melancia e Red Bull e kiwi de morango<\/p>\n<p>2. Lim\u00e3o, lim\u00e3o e morango, melancia e gelo de mirtilo<\/p>\n<p>3. Morango, Banana, Lim\u00e3o, Lim\u00e3o e Melancia com Framboesa<\/p>\n<p>4.Morango, Kiwi, Manga Azeda, Abacaxi e Red Bull<\/p>\n<p>5. Frutas tropicais e morango, melancia e lim\u00e3o, p\u00eassego<\/p>\n<p>6. Abacaxi, Coco, Morango, Banana e Blue Razz<\/p>\n<p>7. Morango, Framboesa, Mel\u00e3o Triplo e Abacaxi com Manga Azeda<\/p>\n<p>8. Melancia Framboesa, Kiwi Morango e P\u00eassego Manga<\/p>\n<p>9. Coca-Cola com Morango e Baunilha e Mirtilo, Framboesa e Lim\u00e3o Lim\u00e3o<\/p>\n<p>10. Sorvete de melancia e morango e mel\u00e3o triplo<img loading=\"lazy\" decoding=\"async\" class=\"alignnone wp-image-7335 size-full\" src=\"https:\/\/pgvape.com\/wp-content\/uploads\/2025\/12\/Bang-King-Triple-100K-Puffs-3-in-1-Disposable-Vape-pgvape-12.png\" alt=\"Linha de dez dispositivos vaporizadores descart\u00e1veis \u200b\u200bcoloridos com arte estilizada de \u00e1guia sob um cabe\u00e7alho em negrito &quot;10 sabores&quot;, \u00edcones de dispositivos para Type-C, 650mAh, 18ml\u00d73 e bobina de malha de 1,0\u03a9 acima, e nomes de sabores rotulados com pequenos \u00edcones de frutas mostrados abaixo de cada dispositivo.\" width=\"1800\" height=\"1312\" srcset=\"https:\/\/pgvape.com\/wp-content\/uploads\/2025\/12\/Bang-King-Triple-100K-Puffs-3-in-1-Disposable-Vape-pgvape-12.png 1800w, https:\/\/pgvape.com\/wp-content\/uploads\/2025\/12\/Bang-King-Triple-100K-Puffs-3-in-1-Disposable-Vape-pgvape-12-494x360.png 494w, https:\/\/pgvape.com\/wp-content\/uploads\/2025\/12\/Bang-King-Triple-100K-Puffs-3-in-1-Disposable-Vape-pgvape-12-595x434.png 595w, https:\/\/pgvape.com\/wp-content\/uploads\/2025\/12\/Bang-King-Triple-100K-Puffs-3-in-1-Disposable-Vape-pgvape-12-400x292.png 400w, https:\/\/pgvape.com\/wp-content\/uploads\/2025\/12\/Bang-King-Triple-100K-Puffs-3-in-1-Disposable-Vape-pgvape-12-768x560.png 768w, https:\/\/pgvape.com\/wp-content\/uploads\/2025\/12\/Bang-King-Triple-100K-Puffs-3-in-1-Disposable-Vape-pgvape-12-1536x1120.png 1536w, https:\/\/pgvape.com\/wp-content\/uploads\/2025\/12\/Bang-King-Triple-100K-Puffs-3-in-1-Disposable-Vape-pgvape-12-16x12.png 16w, https:\/\/pgvape.com\/wp-content\/uploads\/2025\/12\/Bang-King-Triple-100K-Puffs-3-in-1-Disposable-Vape-pgvape-12-600x437.png 600w\" sizes=\"auto, (max-width: 1800px) 100vw, 1800px\" \/><\/p>\n<p>&nbsp;<\/p>\n<h3><span style=\"font-size: 90%;\">Bang King Triple 100000 100K Puffs 3 em 1 Vape Descart\u00e1vel V\u00eddeo:<\/span><\/h3>\n<p>&nbsp;<\/p>\n<h2 class=\"header-vfC6AV auto-hide-last-sibling-br\"><span style=\"font-size: 90%;\">Perguntas frequentes sobre Bang King Triple 100000 100K Puffs 3 em 1 Vape descart\u00e1vel<\/span><\/h2>\n<div class=\"auto-hide-last-sibling-br paragraph-pP9ZLC paragraph-element br-paragraph-space\"><strong>\u2753Quais op\u00e7\u00f5es de nicotina est\u00e3o dispon\u00edveis para este Vape?<\/strong><\/div>\n<div class=\"auto-hide-last-sibling-br paragraph-pP9ZLC paragraph-element br-paragraph-space\"><span style=\"font-size: 14.4px;\"><span style=\"font-size: 14.4px;\">\u2705Escolha entre dosagens de nicotina 0%, 2%, 3% ou 5% \u2013 atende \u00e0s necessidades de aus\u00eancia de nicotina, ingest\u00e3o reduzida ou substitui\u00e7\u00e3o de cigarro.<\/span><\/span><\/div>\n<div><\/div>\n<div class=\"auto-hide-last-sibling-br paragraph-pP9ZLC paragraph-element br-paragraph-space\"><strong>\u2753Quantas baforadas o Bang King 100K Vape pode entregar?<\/strong><\/div>\n<div class=\"auto-hide-last-sibling-br paragraph-pP9ZLC paragraph-element br-paragraph-space\"><span style=\"font-size: 14.4px;\">\u2705Oferece at\u00e9 100.000 baforadas, proporcionando longa dura\u00e7\u00e3o <\/span><strong style=\"font-size: 14.4px;\">Vaporizar<\/strong><span style=\"font-size: 14.4px;\"><span style=\"font-size: 14.4px;\"> Sem substitui\u00e7\u00f5es constantes de dispositivos.<\/span><\/span><\/div>\n<div><\/div>\n<div class=\"auto-hide-last-sibling-br paragraph-pP9ZLC paragraph-element br-paragraph-space\"><strong>\u2753Posso trocar sabores no mesmo dispositivo Vape?<\/strong><\/div>\n<div class=\"auto-hide-last-sibling-br paragraph-pP9ZLC paragraph-element br-paragraph-space\"><span style=\"font-size: 14.4px;\"><span style=\"font-size: 14.4px;\">\u2705Sim, \u00e9 um sistema de sabores 3 em 1 \u2013 alterne facilmente entre tr\u00eas sabores diferentes sempre que desejar.<\/span><\/span><\/div>\n<div><\/div>\n<div class=\"auto-hide-last-sibling-br paragraph-pP9ZLC paragraph-element br-paragraph-space\"><strong>\u2753Qual \u00e9 a dura\u00e7\u00e3o da bateria e a velocidade de carregamento do Vape?<\/strong><\/div>\n<div class=\"auto-hide-last-sibling-br paragraph-pP9ZLC paragraph-element br-paragraph-space\"><span style=\"font-size: 14.4px;\"><span style=\"font-size: 14.4px;\">\u2705Equipado com bateria recarreg\u00e1vel de 650mAh que dura o dia todo e porta tipo C para carregamento r\u00e1pido de 30 minutos.<\/span><\/span><\/div>\n<div class=\"auto-hide-last-sibling-br paragraph-pP9ZLC paragraph-element br-paragraph-space\"><\/div>\n<div class=\"auto-hide-last-sibling-br paragraph-pP9ZLC paragraph-element br-paragraph-space\"><strong>\u2753Como o Vape garante sabor e vapor suaves?<\/strong><\/div>\n<div class=\"auto-hide-last-sibling-br paragraph-pP9ZLC paragraph-element br-paragraph-space\">\u2705Possui 1,0 Ohm Triplo\u00a0<strong>Bobinas de malha<\/strong>\u00a0Com \u00e1rea de aquecimento ampliada, real\u00e7ando o sabor e produzindo nuvens suaves e mais ricas.<\/div>\n<div class=\"auto-hide-last-sibling-br paragraph-pP9ZLC paragraph-element br-paragraph-space\">\n<p>&nbsp;<\/p>\n<h3 id=\"brxe-najhln\" class=\"brxe-heading\">Perguntas frequentes (FAQ)<\/h3>\n<div id=\"brxe-rajiac\" class=\"brxe-text\">\n<p><strong>P: Quais m\u00e9todos de pagamento voc\u00ea aceita?<\/strong><br \/>\nR: Aceitamos PayPal, Stripe, transfer\u00eancias banc\u00e1rias (com suporte SEPA), os principais cart\u00f5es de cr\u00e9dito (Visa, MasterCard, American Express) e pagamentos em criptomoedas.<\/p>\n<p><strong>P: Quanto tempo leva a prepara\u00e7\u00e3o do pedido?<\/strong><br \/>\nR: A prepara\u00e7\u00e3o do pedido leva de 1 a 3 dias \u00fateis.<\/p>\n<p><strong>P: Qual \u00e9 o tempo de envio?<\/strong><br \/>\nR: O tempo de envio \u00e9 de 7 a 14 dias \u00fateis, dependendo da sua localiza\u00e7\u00e3o.<\/p>\n<p><strong>P: Como posso rastrear meu pedido?<\/strong><br \/>\nR: Ap\u00f3s o envio, voc\u00ea receber\u00e1 um e-mail de confirma\u00e7\u00e3o com um n\u00famero de rastreamento para rastreamento em tempo real.<\/p>\n<p><strong>P: Qual \u00e9 a sua pol\u00edtica de devolu\u00e7\u00e3o?<\/strong><br \/>\nR: Oferecemos uma pol\u00edtica de devolu\u00e7\u00e3o de 30 dias para reembolsos ou trocas. .<\/p>\n<p><strong>P: Haver\u00e1 algum problema alfandeg\u00e1rio?<br \/>\n<\/strong>Lidamos com todos os procedimentos de desembara\u00e7o aduaneiro para garantir uma experi\u00eancia descomplicada para voc\u00ea. .<\/p>\n<p><strong>P: Quais m\u00e9todos de envio s\u00e3o usados?<\/strong><br \/>\nCooperamos com UPS\/DHL\/FEDEX\/DPD, etc. Escolheremos a op\u00e7\u00e3o de envio apropriada dependendo do pa\u00eds de entrega para garantir que voc\u00ea receba seus produtos o mais r\u00e1pido poss\u00edvel.<\/p>\n<p><a href=\"https:\/\/pgvape.com\/pt\/perguntas-frequentes\/\">Clique aqui para mais perguntas frequentes<\/a><\/p>\n<p>Prezados clientes, Se voc\u00ea tiver alguma d\u00favida sobre seu pedido ou a chegada de mercadorias, entre em contato com nosso atendimento ao cliente. Obrigado!<\/p>\n<h3 data-sourcepos=\"73:1-73:21\"><strong data-sourcepos=\"73:7-73:21\">Contate-nos<\/strong><\/h3>\n<div id=\"text-2419739398\" class=\"text\">\n<p><strong data-sourcepos=\"75:3-75:12\">E-mail<\/strong>:\u00a0<a href=\"mailto:support@pgvape.com\"><strong>support@pgvape.com<\/strong><\/a><\/p>\n<p><strong data-sourcepos=\"76:3-76:15\">WhatsApp<\/strong>:\u00a0<a href=\"https:\/\/wa.me\/+8618128481258\"><strong>+86 18128481258<\/strong><\/a><br \/>\n<strong>(Resposta em at\u00e9 24 horas em dias \u00fateis)<\/strong><\/p>\n<\/div>\n<h3><strong>Obrigado por escolher pgvape.com! .<\/strong><\/h3>\n<\/div>\n<\/div>","protected":false},"excerpt":{"rendered":"<p><strong>Bang Rei 100K<\/strong> - <strong>100.000 baforadas<\/strong>, <strong>Sabores 3 em 1<\/strong>, <strong>Bobina de malha tripla<\/strong>, <strong>650mAh Tipo-C<\/strong>, <strong>0-5% Nicotina<\/strong>. <strong>Um dispositivo, tr\u00eas sabores, nuvens infinitas<\/strong>.<\/p>","protected":false},"featured_media":7324,"comment_status":"open","ping_status":"closed","template":"","meta":{"_seopress_robots_primary_cat":"none","_seopress_titles_title":"%%post_title%% %%sep%% %%sitetitle%%","_seopress_titles_desc":"","_seopress_robots_index":""},"product_brand":[19,516],"product_cat":[170,18,515],"product_tag":[395,24,327,488,90,489],"class_list":{"0":"post-7257","1":"product","2":"type-product","3":"status-publish","4":"has-post-thumbnail","6":"product_brand-bang-king-vape","7":"product_brand-disposable-vape","8":"product_cat-100k-puffs-vape","9":"product_cat-bang-king-vape","10":"product_cat-disposable-vape","11":"product_tag-100k-puffs-vape","12":"product_tag-3-in-1-flavors","13":"product_tag-bang-king-triple","14":"product_tag-bang-king-triple-100000","15":"product_tag-disposable-vape","16":"product_tag-triple-mesh-coils","18":"first","19":"instock","20":"sale","21":"shipping-taxable","22":"purchasable","23":"product-type-variable"},"_links":{"self":[{"href":"https:\/\/pgvape.com\/pt\/wp-json\/wp\/v2\/product\/7257","targetHints":{"allow":["GET"]}}],"collection":[{"href":"https:\/\/pgvape.com\/pt\/wp-json\/wp\/v2\/product"}],"about":[{"href":"https:\/\/pgvape.com\/pt\/wp-json\/wp\/v2\/types\/product"}],"replies":[{"embeddable":true,"href":"https:\/\/pgvape.com\/pt\/wp-json\/wp\/v2\/comments?post=7257"}],"wp:featuredmedia":[{"embeddable":true,"href":"https:\/\/pgvape.com\/pt\/wp-json\/wp\/v2\/media\/7324"}],"wp:attachment":[{"href":"https:\/\/pgvape.com\/pt\/wp-json\/wp\/v2\/media?parent=7257"}],"wp:term":[{"taxonomy":"product_brand","embeddable":true,"href":"https:\/\/pgvape.com\/pt\/wp-json\/wp\/v2\/product_brand?post=7257"},{"taxonomy":"product_cat","embeddable":true,"href":"https:\/\/pgvape.com\/pt\/wp-json\/wp\/v2\/product_cat?post=7257"},{"taxonomy":"product_tag","embeddable":true,"href":"https:\/\/pgvape.com\/pt\/wp-json\/wp\/v2\/product_tag?post=7257"}],"curies":[{"name":"wp","href":"https:\/\/api.w.org\/{rel}","templated":true}]}}