{"id":7211,"date":"2025-11-29T13:06:56","date_gmt":"2025-11-29T13:06:56","guid":{"rendered":"https:\/\/pgvape.com\/?post_type=product&#038;p=7211"},"modified":"2026-03-15T13:32:42","modified_gmt":"2026-03-15T13:32:42","slug":"vapmod-archer-60000-60k-puffs-3-niveis-de-controle-de-gelo-descartavel-vape-rgb-display-led-vape-direto-da-fabrica","status":"publish","type":"product","link":"https:\/\/pgvape.com\/pt\/produto\/vapmod-archer-60000-60k-puffs-3-niveis-de-controle-de-gelo-descartavel-vape-rgb-display-led-vape-direto-da-fabrica\/","title":{"rendered":"Vapmod Archer 60000 60K Puffs Controle de gelo de 3 n\u00edveis Vape descart\u00e1vel RGB Display LED Vape direto da f\u00e1brica"},"content":{"rendered":"<p>Embarque na derradeira maratona de vaporiza\u00e7\u00e3o com o <strong data-sourcepos=\"7:49-7:84\">Vagem descart\u00e1vel Archer 60K Puffs<\/strong>. <strong data-sourcepos=\"7:149-7:166\">40ml E-l\u00edquido<\/strong> E alimentado por um confi\u00e1vel <strong data-sourcepos=\"7:193-7:211\">Bateria 900mAh<\/strong>. <strong data-sourcepos=\"7:258-7:278\">Bobina de malha tripla<\/strong> Isso gera vapor excepcionalmente denso e sabor rico. <strong data-sourcepos=\"7:346-7:369\">Controle ICE de 3 n\u00edveis<\/strong> Sistema E Um Vibrante <strong data-sourcepos=\"7:391-7:410\">Visor LED RGB<\/strong>, o Archer oferece uma experi\u00eancia perfeitamente calibrada e perfeita a cada baforada. .<\/p>\n<p>&nbsp;<\/p>\n<h2><span style=\"font-size: 90%;\">Vapmod Archer 60000 60K Puffs Ice Control Vape descart\u00e1vel <strong data-sourcepos=\"10:5-10:31\">Especifica\u00e7\u00f5es<\/strong><\/span><\/h2>\n<p><strong>Contagem de sopros<\/strong>: At\u00e9 60.000 baforadas \u2013 oferece o m\u00e1ximo\u00a0<strong>Vaporizar<\/strong>\u00a0Maratona para divers\u00e3o duradoura.<\/p>\n<p><strong>Capacidade de E-L\u00edquido<\/strong>: 40ml \u2013 pr\u00e9-preenchido com um volume substancial para suportar o desempenho de 60.000 baforadas.<\/p>\n<p><strong>Capacidade da bateria<\/strong>: 900mAh \u2013 Fonte de energia robusta para combinar com a longa dura\u00e7\u00e3o do dispositivo\u00a0<strong>Vaporizar<\/strong>\u00a0capacidade.<\/p>\n<p><strong>Tipo de bobina<\/strong>: Triplo\u00a0<strong>Bobina de malha<\/strong>\u00a0\u2013 Cria vapor espesso e sabor extraordinariamente rico para folhados premium.<\/p>\n<p><strong>Controle de resfriamento<\/strong>: Controle ICE de 3 n\u00edveis \u2013 ajusta com precis\u00e3o a intensidade de resfriamento para obter a experi\u00eancia ideal.<\/p>\n<p><strong>Recurso de exibi\u00e7\u00e3o<\/strong>: Display LED RGB \u2013 Tela colorida que mant\u00e9m voc\u00ea informado sobre o essencial\u00a0<strong>Vaporizar<\/strong>\u00a0Informa\u00e7\u00f5es.<\/p>\n<p>&nbsp;<\/p>\n<h3><span style=\"font-size: 90%;\">Vapmod Archer 60000 60K Puffs Ice Control Vape descart\u00e1vel <strong data-sourcepos=\"22:5-22:20\">Lista de sabores<\/strong><\/span><\/h3>\n<p><strong data-sourcepos=\"22:5-22:20\">1. Gelo de uva preta<\/strong><\/p>\n<p><strong data-sourcepos=\"22:5-22:20\">2. Gelo de mirtilo<\/strong><\/p>\n<p><strong data-sourcepos=\"22:5-22:20\">3. Mirtilo Framboesa<\/strong><\/p>\n<p><strong data-sourcepos=\"22:5-22:20\">4. Gelo de uva<\/strong><\/p>\n<p><strong data-sourcepos=\"22:5-22:20\">5. Gelo suculento de p\u00eassego<\/strong><\/p>\n<p><strong data-sourcepos=\"22:5-22:20\">6. Manga Melancia P\u00eassego<\/strong><\/p>\n<p><strong data-sourcepos=\"22:5-22:20\">7. Gelo de melancia\u00a0\u00a0<\/strong><\/p>\n<p>&nbsp;<\/p>\n<h3><span style=\"font-size: 90%;\">Vapmod Archer 60000 60K Puffs Ice Control Vape descart\u00e1vel <strong>V\u00eddeo<\/strong>\uff1a<\/span><\/h3>\n<p>&nbsp;<\/p>\n<h2><span style=\"font-size: 90%;\">Perguntas frequentes sobre Vapmod Archer 60000 60K Puffs Ice Control Vape descart\u00e1vel<\/span><\/h2>\n<p><strong>\u2753Quantas baforadas o pod descart\u00e1vel Archer 60K pode fornecer?<\/strong><br \/>\n\u2705Oferece at\u00e9 60.000 baforadas, proporcionando uma experi\u00eancia definitiva de maratona de vaporiza\u00e7\u00e3o.<\/p>\n<p><strong>\u2753Qual \u00e9 a capacidade\u00a0e-l\u00edquido\u00a0deste dispositivo\u00a0Vape\u00a0?<\/strong><br \/>\n\u2705Ele vem pr\u00e9-preenchido com 40ml de\u00a0e-l\u00edquido, apoiando seu desempenho duradouro de 60.000 baforadas.<\/p>\n<p><strong>\u2753Que tipo de bobina o Archer 60K usa para dar sabor?<\/strong><br \/>\n\u2705Possui uma bobina de malha tripla, que cria um vapor espesso e um sabor extraordinariamente rico.<\/p>\n<p><strong>\u2753Posso ajustar a intensidade de resfriamento do Vape?<\/strong><br \/>\n\u2705Sim, possui controle de gelo de 3 n\u00edveis para ajustar com precis\u00e3o o resfriamento e obter a experi\u00eancia ideal.<\/p>\n<p><strong>\u2753Qual fonte de energia o dispositivo possui?<\/strong><br \/>\n\u2705\u00c9 equipado com uma bateria resistente de 900mAh, combinando com a capacidade de vaporiza\u00e7\u00e3o de longa dura\u00e7\u00e3o.<\/p>\n<div>\n<div class=\"auto-hide-last-sibling-br paragraph-pP9ZLC paragraph-element br-paragraph-space\"><strong>\u2753O dispositivo possui uma tela para informa\u00e7\u00f5es de vaporiza\u00e7\u00e3o?<\/strong><br \/>\n\u2705Sim, possui um display LED RGB colorido que mant\u00e9m voc\u00ea informado sobre detalhes essenciais de uso.<\/div>\n<div class=\"auto-hide-last-sibling-br paragraph-pP9ZLC paragraph-element br-paragraph-space\">\n<p>&nbsp;<\/p>\n<h3 id=\"brxe-najhln\" class=\"brxe-heading\">Perguntas frequentes (FAQ)<\/h3>\n<div id=\"brxe-rajiac\" class=\"brxe-text\">\n<p><strong>P: Quais m\u00e9todos de pagamento voc\u00ea aceita?<\/strong><br \/>\nR: Aceitamos PayPal, Stripe, transfer\u00eancias banc\u00e1rias (com suporte SEPA), os principais cart\u00f5es de cr\u00e9dito (Visa, MasterCard, American Express) e pagamentos em criptomoedas.<\/p>\n<p><strong>P: Quanto tempo leva a prepara\u00e7\u00e3o do pedido?<\/strong><br \/>\nR: A prepara\u00e7\u00e3o do pedido leva de 1 a 3 dias \u00fateis.<\/p>\n<p><strong>P: Qual \u00e9 o tempo de envio?<\/strong><br \/>\nR: O tempo de envio \u00e9 de 7 a 14 dias \u00fateis, dependendo da sua localiza\u00e7\u00e3o.<\/p>\n<p><strong>P: Como posso rastrear meu pedido?<\/strong><br \/>\nR: Ap\u00f3s o envio, voc\u00ea receber\u00e1 um e-mail de confirma\u00e7\u00e3o com um n\u00famero de rastreamento para rastreamento em tempo real.<\/p>\n<p><strong>P: Qual \u00e9 a sua pol\u00edtica de devolu\u00e7\u00e3o?<\/strong><br \/>\nR: Oferecemos uma pol\u00edtica de devolu\u00e7\u00e3o de 30 dias para reembolsos ou trocas. .<\/p>\n<p><strong>P: Haver\u00e1 algum problema alfandeg\u00e1rio?<br \/>\n<\/strong>Lidamos com todos os procedimentos de desembara\u00e7o aduaneiro para garantir uma experi\u00eancia descomplicada para voc\u00ea. .<\/p>\n<p><strong>P: Quais m\u00e9todos de envio s\u00e3o usados?<\/strong><br \/>\nCooperamos com UPS\/DHL\/FEDEX\/DPD, etc. Escolheremos a op\u00e7\u00e3o de envio apropriada dependendo do pa\u00eds de entrega para garantir que voc\u00ea receba seus produtos o mais r\u00e1pido poss\u00edvel.<\/p>\n<p><a href=\"https:\/\/pgvape.com\/pt\/perguntas-frequentes\/\">Clique aqui para mais perguntas frequentes<\/a><\/p>\n<p>Prezados clientes, Se voc\u00ea tiver alguma d\u00favida sobre seu pedido ou a chegada de mercadorias, entre em contato com nosso atendimento ao cliente. Obrigado!<\/p>\n<h3 data-sourcepos=\"73:1-73:21\"><strong data-sourcepos=\"73:7-73:21\">Contate-nos<\/strong><\/h3>\n<div id=\"text-2419739398\" class=\"text\">\n<p><strong data-sourcepos=\"75:3-75:12\">E-mail<\/strong>:\u00a0<a href=\"mailto:support@pgvape.com\"><strong>support@pgvape.com<\/strong><\/a><\/p>\n<p><strong data-sourcepos=\"76:3-76:15\">WhatsApp<\/strong>:\u00a0<a href=\"https:\/\/wa.me\/+8618128481258\"><strong>+86 18128481258<\/strong><\/a><br \/>\n<strong>(Resposta em at\u00e9 24 horas em dias \u00fateis)<\/strong><\/p>\n<\/div>\n<h3><strong>Obrigado por escolher pgvape.com! .<\/strong><\/h3>\n<\/div>\n<\/div>\n<\/div>","protected":false},"excerpt":{"rendered":"<p><span style=\"font-size: 90%;\">Vapmod <\/span>A c\u00e1psula descart\u00e1vel Archer 60K Puffs \u00e9 de longa dura\u00e7\u00e3o\u00a0<strong>Vaporizador<\/strong>\u00a0Com 60.000 baforadas, 40ml\u00a0<strong>E-l\u00edquido<\/strong>, Triplo\u00a0<strong>Bobina de malha<\/strong>, controle ICE de 3 n\u00edveis e display RGB \u2013 oferecendo o que h\u00e1 de melhor\u00a0<strong>Vaporizar<\/strong>\u00a0resist\u00eancia e sabor rico.<\/p>","protected":false},"featured_media":7221,"comment_status":"open","ping_status":"closed","template":"","meta":{"_seopress_robots_primary_cat":"none","_seopress_titles_title":"","_seopress_titles_desc":"","_seopress_robots_index":""},"product_brand":[516,483],"product_cat":[48,515,482],"product_tag":[485,315,90,486,487,484],"class_list":{"0":"post-7211","1":"product","2":"type-product","3":"status-publish","4":"has-post-thumbnail","6":"product_brand-disposable-vape","7":"product_brand-vapmod-vape","8":"product_cat-60k-puffs-vape","9":"product_cat-disposable-vape","10":"product_cat-vapmod-vape","11":"product_tag-3-level-ice-control","12":"product_tag-60k-puffs-vape","13":"product_tag-disposable-vape","14":"product_tag-rgb-led-display","15":"product_tag-triple-mesh-coil","16":"product_tag-vapmod-archer-60000","18":"first","19":"instock","20":"sale","21":"shipping-taxable","22":"purchasable","23":"product-type-variable"},"_links":{"self":[{"href":"https:\/\/pgvape.com\/pt\/wp-json\/wp\/v2\/product\/7211","targetHints":{"allow":["GET"]}}],"collection":[{"href":"https:\/\/pgvape.com\/pt\/wp-json\/wp\/v2\/product"}],"about":[{"href":"https:\/\/pgvape.com\/pt\/wp-json\/wp\/v2\/types\/product"}],"replies":[{"embeddable":true,"href":"https:\/\/pgvape.com\/pt\/wp-json\/wp\/v2\/comments?post=7211"}],"wp:featuredmedia":[{"embeddable":true,"href":"https:\/\/pgvape.com\/pt\/wp-json\/wp\/v2\/media\/7221"}],"wp:attachment":[{"href":"https:\/\/pgvape.com\/pt\/wp-json\/wp\/v2\/media?parent=7211"}],"wp:term":[{"taxonomy":"product_brand","embeddable":true,"href":"https:\/\/pgvape.com\/pt\/wp-json\/wp\/v2\/product_brand?post=7211"},{"taxonomy":"product_cat","embeddable":true,"href":"https:\/\/pgvape.com\/pt\/wp-json\/wp\/v2\/product_cat?post=7211"},{"taxonomy":"product_tag","embeddable":true,"href":"https:\/\/pgvape.com\/pt\/wp-json\/wp\/v2\/product_tag?post=7211"}],"curies":[{"name":"wp","href":"https:\/\/api.w.org\/{rel}","templated":true}]}}