{"id":7181,"date":"2025-11-29T11:09:31","date_gmt":"2025-11-29T11:09:31","guid":{"rendered":"https:\/\/pgvape.com\/?post_type=product&#038;p=7181"},"modified":"2026-03-29T08:44:30","modified_gmt":"2026-03-29T08:44:30","slug":"vaprivee-50000-50k-puffs-modo-duplo-descartavel-vape-diamante-bolsa-estilo-design-vape-direto-da-fabrica","status":"publish","type":"product","link":"https:\/\/pgvape.com\/pt\/produto\/vaprivee-50000-50k-puffs-modo-duplo-descartavel-vape-diamante-bolsa-estilo-design-vape-direto-da-fabrica\/","title":{"rendered":"Vaprivee 50000 50K Puffs Dual Mode Descart\u00e1vel Vape Diamond Bolsa Estilo Design Vape Direto da F\u00e1brica"},"content":{"rendered":"<p>Dispositivo Vaprivee 50000 Puffs, um dispositivo de longa dura\u00e7\u00e3o\u00a0<strong>Vaporizador<\/strong>\u00a0Feito para usu\u00e1rios que desejam desempenho est\u00e1vel, sabor rico e apar\u00eancia \u00fanica.\u00a0<strong>Vaporizadores<\/strong>.\u00a0<strong>Bobinas de malha<\/strong>, Fluxo de ar ajust\u00e1vel e acabamento com adesivo de diamante feito \u00e0 m\u00e3o, o dispositivo traz estilo e fun\u00e7\u00e3o em um corpo compacto.\u00a0<strong>Vaporizar<\/strong>\u00a0Experimente o dia todo.<\/p>\n<p>&nbsp;<\/p>\n<h2><span style=\"font-size: 90%;\">Vaprivee 50000 50K Puffs Especifica\u00e7\u00e3o de Vape descart\u00e1vel de modo duplo<\/span><\/h2>\n<p><strong>Modos de capacidade de sopro<\/strong>: Escolha entre os modos 50K (Soft) e 30K (Boost) para uso prolongado, ideal para o dia todo ou em tr\u00e2nsito\u00a0<strong>Vaporizar<\/strong>.<\/p>\n<p><strong>Artesanato e Design<\/strong>: Acabamento artesanal de diamante \u2013 apresenta um formato inspirado em uma bolsa com um adesivo de diamante feito \u00e0 m\u00e3o para uma apar\u00eancia premium atraente e ader\u00eancia confort\u00e1vel.<\/p>\n<p><strong>Sabor e capacidade do e-l\u00edquido<\/strong>: Desempenho de sabor poderoso \u2013 duplo\u00a0<strong>Bobinas de malha<\/strong>\u00a0Garanta vapor consistente e sabor fresco da primeira \u00e0 \u00faltima tragada, apoiado por um grande volume de 20ml\u00a0<strong>E-l\u00edquido<\/strong>\u00a0Capacidade.<\/p>\n<p><strong>Sistema de fluxo de ar<\/strong>: Sistema de fluxo de ar ajust\u00e1vel - personalize seu desenho de apertado para aberto, para vapor mais suave ou nuvens mais intensas.<\/p>\n<p><strong>Bateria e carregamento<\/strong>: Bateria e carregamento confi\u00e1veis \u200b\u200b\u2013 uma bateria de 900mAh oferece longas horas de uso, com carregamento r\u00e1pido tipo C conveniente.<\/p>\n<p><strong>Recurso de exibi\u00e7\u00e3o<\/strong>: Tela Mega LED - exibe claramente o n\u00edvel da bateria, modo Puff e outras informa\u00e7\u00f5es essenciais para f\u00e1cil opera\u00e7\u00e3o.<\/p>\n<p><strong>Op\u00e7\u00f5es de nicotina<\/strong>: Nicotina 0% \/ 2% \/ 3% \/ 5% - adequada para usu\u00e1rios leves e pesados \u200b\u200bcom pot\u00eancias personaliz\u00e1veis.<\/p>\n<p>&nbsp;<\/p>\n<h3><span style=\"font-size: 90%;\">Vaprivee 50000 50K Puffs Dual Mode Descart\u00e1vel Vape Flavor List<\/span><\/h3>\n<p>1. Golpe Pop<\/p>\n<p>2. Lim\u00e3o Razz Azul<\/p>\n<p>3. Ma\u00e7\u00e3 Cereja<\/p>\n<p>4. Ursinhos de goma de cola<\/p>\n<p>5. Manga Dupla<\/p>\n<p>6. Gelo de Uva<\/p>\n<p>7.Mangost\u00e3o Rambutan Longan<\/p>\n<p>8. Doces de menta Miami<\/p>\n<p>9. Morango Framboesa Lim\u00e3o<\/p>\n<p>10. Melancia Abacaxi Framboesa<\/p>\n<p>11.Melancia<\/p>\n<p>12.Framboesa P\u00eassego Branco<\/p>\n<p>&nbsp;<\/p>\n<h3><span style=\"font-size: 90%;\">Vaprivee 50000 50K Puffs V\u00eddeo Vape descart\u00e1vel de modo duplo:<\/span><\/h3>\n<p><iframe loading=\"lazy\" title=\"Vaprivee 50K Puffs Dual Mode Vape Descart\u00e1vel Diamante Bolsa Estilo Design Vape Direto da F\u00e1brica pgvape\" width=\"563\" height=\"1000\" src=\"https:\/\/www.youtube.com\/embed\/QGCQr7F2wOE?feature=oembed\" frameborder=\"0\" allow=\"accelerometer; autoplay; clipboard-write; encrypted-media; gyroscope; picture-in-picture; web-share\" referrerpolicy=\"strict-origin-when-cross-origin\" allowfullscreen><\/iframe><\/p>\n<p>&nbsp;<\/p>\n<h2 class=\"header-vfC6AV auto-hide-last-sibling-br\"><span style=\"font-size: 90%;\">Perguntas frequentes sobre Vaprivee 50000 50K Puffs Vape descart\u00e1vel de modo duplo<\/span><\/h2>\n<p data-sourcepos=\"37:1-39:109\">\u2753 <strong data-sourcepos=\"38:3-38:36\">Qual \u00e9 a contagem total de puffs?<\/strong><br \/>\n\u2705 O dispositivo fornece <strong data-sourcepos=\"39:30-39:46\">50.000 baforadas<\/strong> No modo normal ou <strong data-sourcepos=\"39:65-39:81\">30.000 baforadas<\/strong> Ao usar a configura\u00e7\u00e3o de refor\u00e7o.<\/p>\n<p data-sourcepos=\"41:1-42:68\">\u2753 <strong data-sourcepos=\"41:3-41:39\">Possui fluxo de ar ajust\u00e1vel?<\/strong><br \/>\n\u2705 Sim, o <strong data-sourcepos=\"42:12-42:28\">Mostrador de fluxo de ar<\/strong> Permite personalizar seu estilo de desenho.<\/p>\n<p data-sourcepos=\"44:1-45:69\">\u2753 <strong data-sourcepos=\"44:3-44:34\">A bateria \u00e9 substitu\u00edvel?<\/strong><br \/>\n\u2705 N\u00e3o, mas tem um grande embutido <strong data-sourcepos=\"45:35-45:66\">Bateria recarreg\u00e1vel 900mAh<\/strong>.<\/p>\n<p data-sourcepos=\"47:1-48:78\">\u2753 <strong data-sourcepos=\"47:3-47:44\">Quais dosagens de nicotina s\u00e3o oferecidas?<br \/>\n<\/strong> \u2705 Voc\u00ea pode selecionar <strong data-sourcepos=\"48:23-48:44\">0%, 2%, 3% ou 5%<\/strong> Para combinar diferentes prefer\u00eancias.<\/p>\n<p data-sourcepos=\"50:1-51:78\">\u2753 <strong data-sourcepos=\"50:3-50:48\">Como posso saber quando o e-l\u00edquido est\u00e1 acabando?<\/strong><br \/>\n\u2705 A janela lateral transparente permite verificar visualmente o n\u00edvel do l\u00edquido a qualquer momento.<\/p>\n<p>&nbsp;<\/p>\n<h3 id=\"brxe-najhln\" class=\"brxe-heading\">Perguntas frequentes (FAQ)<\/h3>\n<div id=\"brxe-rajiac\" class=\"brxe-text\">\n<p><strong>P: Quais m\u00e9todos de pagamento voc\u00ea aceita?<\/strong><br \/>\nR: Aceitamos PayPal, Stripe, transfer\u00eancias banc\u00e1rias (com suporte SEPA), os principais cart\u00f5es de cr\u00e9dito (Visa, MasterCard, American Express) e pagamentos em criptomoedas.<\/p>\n<p><strong>P: Quanto tempo leva a prepara\u00e7\u00e3o do pedido?<\/strong><br \/>\nR: A prepara\u00e7\u00e3o do pedido leva de 1 a 3 dias \u00fateis.<\/p>\n<p><strong>P: Qual \u00e9 o tempo de envio?<\/strong><br \/>\nR: O tempo de envio \u00e9 de 7 a 14 dias \u00fateis, dependendo da sua localiza\u00e7\u00e3o.<\/p>\n<p><strong>P: Como posso rastrear meu pedido?<\/strong><br \/>\nR: Ap\u00f3s o envio, voc\u00ea receber\u00e1 um e-mail de confirma\u00e7\u00e3o com um n\u00famero de rastreamento para rastreamento em tempo real.<\/p>\n<p><strong>P: Qual \u00e9 a sua pol\u00edtica de devolu\u00e7\u00e3o?<\/strong><br \/>\nR: Oferecemos uma pol\u00edtica de devolu\u00e7\u00e3o de 30 dias para reembolsos ou trocas. .<\/p>\n<p><strong>P: Haver\u00e1 algum problema alfandeg\u00e1rio?<br \/>\n<\/strong>Lidamos com todos os procedimentos de desembara\u00e7o aduaneiro para garantir uma experi\u00eancia descomplicada para voc\u00ea. .<\/p>\n<p><strong>P: Quais m\u00e9todos de envio s\u00e3o usados?<\/strong><br \/>\nCooperamos com UPS\/DHL\/FEDEX\/DPD, etc. Escolheremos a op\u00e7\u00e3o de envio apropriada dependendo do pa\u00eds de entrega para garantir que voc\u00ea receba seus produtos o mais r\u00e1pido poss\u00edvel.<\/p>\n<p><a href=\"https:\/\/pgvape.com\/pt\/perguntas-frequentes\/\">Clique aqui para mais perguntas frequentes<\/a><\/p>\n<p>Prezados clientes, Se voc\u00ea tiver alguma d\u00favida sobre seu pedido ou a chegada de mercadorias, entre em contato com nosso atendimento ao cliente. Obrigado!<\/p>\n<h3 data-sourcepos=\"73:1-73:21\"><strong data-sourcepos=\"73:7-73:21\">Contate-nos<\/strong><\/h3>\n<div id=\"text-2419739398\" class=\"text\">\n<p><strong data-sourcepos=\"75:3-75:12\">E-mail<\/strong>:\u00a0<a href=\"mailto:support@pgvape.com\"><strong>support@pgvape.com<\/strong><\/a><\/p>\n<p><strong data-sourcepos=\"76:3-76:15\">WhatsApp<\/strong>:\u00a0<a href=\"https:\/\/wa.me\/+8618128481258\"><strong>+86 18128481258<\/strong><\/a><br \/>\n<strong>(Resposta em at\u00e9 24 horas em dias \u00fateis)<\/strong><\/p>\n<\/div>\n<h3><strong>Obrigado por escolher pgvape.com! .<\/strong><\/h3>\n<\/div>","protected":false},"excerpt":{"rendered":"<p>Vaprivee 50000 Puffs \u00e9 uma bolsa estilosa com design\u00a0<strong>Vaporizador<\/strong>\u00a0Com duplo\u00a0<strong>Bobinas de malha<\/strong>, 20ml\u00a0<strong>E-l\u00edquido<\/strong>, modos de sopro de 50K\/30K, fluxo de ar ajust\u00e1vel e op\u00e7\u00f5es de nicotina 0%-5% \u2013 proporcionando moda e durabilidade\u00a0<strong>Vaporizar<\/strong>\u00a0Prazer.<\/p>","protected":false},"featured_media":7193,"comment_status":"open","ping_status":"closed","template":"","meta":{"_seopress_robots_primary_cat":"none","_seopress_titles_title":"","_seopress_titles_desc":"","_seopress_robots_index":""},"product_brand":[516,478],"product_cat":[61,515,477],"product_tag":[318,480,90,415,475,479],"class_list":{"0":"post-7181","1":"product","2":"type-product","3":"status-publish","4":"has-post-thumbnail","6":"product_brand-disposable-vape","7":"product_brand-vaprivee-vape","8":"product_cat-50k-puffs-vape","9":"product_cat-disposable-vape","10":"product_cat-vaprivee-vape","11":"product_tag-50k-puffs-vape","12":"product_tag-diamond-handbag-style-design","13":"product_tag-disposable-vape","14":"product_tag-dual-mode","15":"product_tag-mtlmouth-to-lung","16":"product_tag-vaprivee-50000","18":"first","19":"instock","20":"sale","21":"shipping-taxable","22":"purchasable","23":"product-type-variable"},"_links":{"self":[{"href":"https:\/\/pgvape.com\/pt\/wp-json\/wp\/v2\/product\/7181","targetHints":{"allow":["GET"]}}],"collection":[{"href":"https:\/\/pgvape.com\/pt\/wp-json\/wp\/v2\/product"}],"about":[{"href":"https:\/\/pgvape.com\/pt\/wp-json\/wp\/v2\/types\/product"}],"replies":[{"embeddable":true,"href":"https:\/\/pgvape.com\/pt\/wp-json\/wp\/v2\/comments?post=7181"}],"wp:featuredmedia":[{"embeddable":true,"href":"https:\/\/pgvape.com\/pt\/wp-json\/wp\/v2\/media\/7193"}],"wp:attachment":[{"href":"https:\/\/pgvape.com\/pt\/wp-json\/wp\/v2\/media?parent=7181"}],"wp:term":[{"taxonomy":"product_brand","embeddable":true,"href":"https:\/\/pgvape.com\/pt\/wp-json\/wp\/v2\/product_brand?post=7181"},{"taxonomy":"product_cat","embeddable":true,"href":"https:\/\/pgvape.com\/pt\/wp-json\/wp\/v2\/product_cat?post=7181"},{"taxonomy":"product_tag","embeddable":true,"href":"https:\/\/pgvape.com\/pt\/wp-json\/wp\/v2\/product_tag?post=7181"}],"curies":[{"name":"wp","href":"https:\/\/api.w.org\/{rel}","templated":true}]}}