{"id":6985,"date":"2025-11-25T09:02:33","date_gmt":"2025-11-25T09:02:33","guid":{"rendered":"https:\/\/pgvape.com\/?post_type=product&#038;p=6985"},"modified":"2025-12-15T11:55:06","modified_gmt":"2025-12-15T11:55:06","slug":"bang-king-triple-100000-100k-puffs-descartaveis-vape-especial-de-natal-3-em-1-sabores-caixa-de-presente-de-feriado-limitada","status":"publish","type":"product","link":"https:\/\/pgvape.com\/pt\/produto\/bang-king-triple-100000-100k-puffs-descartaveis-vape-especial-de-natal-3-em-1-sabores-caixa-de-presente-de-feriado-limitada\/","title":{"rendered":"Bang King Triple 100000 100K Puffs Vape Descart\u00e1vel Especial de Natal - Caixa de presente de feriado limitada de sabores 3 em 1"},"content":{"rendered":"<p>Comemore a temporada de f\u00e9rias com o Bang King Triple 100K Christmas Edition, apresentando um sistema m\u00e1gico de sabores ajust\u00e1veis \u200b\u200b3 em 1 e uma enorme capacidade de 100.000 baforadas projetada para uma alegria festiva duradoura.\u00a0<strong>Bobina de malha<\/strong>\u00a0Tecnologia para sabor mais rico e vapor mais denso, equipado com bateria recarreg\u00e1vel de alta capacidade + carregamento r\u00e1pido tipo C e possui estrutura de c\u00e2mara tripla anti-vazamento para fornecer nicotina suave e sa\u00edda de sabor forte.\u00a0<strong>Vaporizador<\/strong>\u00a0Dispositivo para a \u00e9poca festiva.<\/p>\n<p>&nbsp;<\/p>\n<h2><span style=\"font-size: 90%;\">Especifica\u00e7\u00f5es especiais de Natal Bang King Triple 100K Puffs<\/span><\/h2>\n<p><strong>Tipo de edi\u00e7\u00e3o<\/strong>: Caixa de presente de edi\u00e7\u00e3o limitada de Natal \u2013 conjunto completo de 12 dispositivos<\/p>\n<p><strong>Contagem de sopros<\/strong>: 100.000 baforadas por dispositivo para divers\u00e3o sazonal ultralonga<\/p>\n<p><strong>Sistema de sabores<\/strong>: Sistema de sabor ajust\u00e1vel 3 em 1 (3X24ml\u00a0<strong>E-l\u00edquido<\/strong>) \u2014 Alterne entre 3 sabores puros ou misture para experi\u00eancias \u00fanicas<\/p>\n<p><strong>Estilo de design<\/strong>: Design com tema natalino com gr\u00e1ficos de floco de neve e cores festivas<\/p>\n<p><strong>Tecnologia de bobina<\/strong>:\u00a0<strong>Bobina de malha<\/strong>\u00a0Tecnologia para sabor mais rico e vapor mais denso<\/p>\n<p><strong>Bateria e carregamento<\/strong>: Bateria recarreg\u00e1vel de alta capacidade + recarga tipo C<\/p>\n<p><strong>Recurso de estrutura<\/strong>: Estrutura de c\u00e2mara tripla anti-vazamento<\/p>\n<p><strong>Desempenho de sa\u00edda<\/strong>: Nicotina suave e sa\u00edda de sabor forte<\/p>\n<p><strong>Cen\u00e1rios Aplic\u00e1veis<\/strong>: Perfeito para presentes, exibi\u00e7\u00f5es de varejo e campanhas de f\u00e9rias<\/p>\n<p>&nbsp;<\/p>\n<h3><span style=\"font-size: 90%;\">Lista de sabores especiais de Natal Bang King Triple 100K Puffs<\/span><\/h3>\n<p>1. Gelo de melancia e Red Bull e kiwi de morango<\/p>\n<p>2. Lim\u00e3o, lim\u00e3o e morango, melancia e gelo de mirtilo<\/p>\n<p>3. Morango, Banana, Framboesa, Melancia e Limonada Rosa<\/p>\n<p>4. Blue Razz Cereja e Menta Fresca e Manga P\u00eassego<\/p>\n<p>5. Frutas tropicais e morango, melancia e lim\u00e3o, p\u00eassego<\/p>\n<p>6. Abacaxi, Coco, Morango, Banana e Blue Razz<\/p>\n<p>7. Morango Baunilha e Gelo de P\u00eassego e Gelo de Drag\u00e3o Negro<\/p>\n<p>8.Lush Ice &amp; Kiwi Maracuj\u00e1 Goiaba e Manga Palha<\/p>\n<p>9. Melancia de morango e gelo de melancia e gelo Blue Razz<\/p>\n<p>10. Limonada de Berry e Morango Red Bull e Pompa de Morango<\/p>\n<p>11. Fus\u00e3o Dupla de Ma\u00e7\u00e3 e Frutas e Gelo de Abacaxi<\/p>\n<p>12.Cola Ice &amp; Mr Blue &amp; Cherry Cola<img loading=\"lazy\" decoding=\"async\" class=\"alignnone wp-image-6991 size-full\" src=\"https:\/\/pgvape.com\/wp-content\/uploads\/2025\/11\/pgvape-Bang-King-Triple-100K-Puffs-Christmas-Special-3.png\" alt=\"Doze dispositivos vaporizadores descart\u00e1veis \u200b\u200bcoloridos dispostos em duas fileiras sob um grande cabe\u00e7alho &quot;3 em 1&quot; e &quot;12 sabores&quot;, cada tubo mostrando uma ilustra\u00e7\u00e3o exclusiva com tema festivo ou de frutas e nome do sabor com pequenos \u00edcones de especifica\u00e7\u00f5es (Tipo-C, 600mAh, 24ml\u00d73) na parte superior.\" width=\"1500\" height=\"1305\" srcset=\"https:\/\/pgvape.com\/wp-content\/uploads\/2025\/11\/pgvape-Bang-King-Triple-100K-Puffs-Christmas-Special-3.png 1500w, https:\/\/pgvape.com\/wp-content\/uploads\/2025\/11\/pgvape-Bang-King-Triple-100K-Puffs-Christmas-Special-3-414x360.png 414w, https:\/\/pgvape.com\/wp-content\/uploads\/2025\/11\/pgvape-Bang-King-Triple-100K-Puffs-Christmas-Special-3-595x518.png 595w, https:\/\/pgvape.com\/wp-content\/uploads\/2025\/11\/pgvape-Bang-King-Triple-100K-Puffs-Christmas-Special-3-400x348.png 400w, https:\/\/pgvape.com\/wp-content\/uploads\/2025\/11\/pgvape-Bang-King-Triple-100K-Puffs-Christmas-Special-3-768x668.png 768w, https:\/\/pgvape.com\/wp-content\/uploads\/2025\/11\/pgvape-Bang-King-Triple-100K-Puffs-Christmas-Special-3-14x12.png 14w, https:\/\/pgvape.com\/wp-content\/uploads\/2025\/11\/pgvape-Bang-King-Triple-100K-Puffs-Christmas-Special-3-600x522.png 600w\" sizes=\"auto, (max-width: 1500px) 100vw, 1500px\" \/><\/p>\n<p>&nbsp;<\/p>\n<h3><span style=\"font-size: 90%;\">V\u00eddeo especial de Natal de Bang King Triple 100K Puffs<strong>\uff1a<\/strong><\/span><\/h3>\n<p>&nbsp;<\/p>\n<h2 class=\"header-vfC6AV auto-hide-last-sibling-br\"><span style=\"font-size: 90%;\">Perguntas frequentes sobre o especial de Natal Bang King Triple 100K Puffs<\/span><\/h2>\n<div class=\"auto-hide-last-sibling-br paragraph-pP9ZLC paragraph-element br-paragraph-space\">\n<p>\u2753Quantas baforadas o Bang King Triple 100K oferece?<br \/>\n<span style=\"font-size: 14.4px;\">\u2705Ele oferece at\u00e9 100.000 baforadas, dependendo dos h\u00e1bitos de uso pessoal.<\/span><\/p>\n<\/div>\n<div class=\"auto-hide-last-sibling-br paragraph-pP9ZLC paragraph-element br-paragraph-space\">\n<p>\u2753Isso\u00a0<strong>Vaporizador<\/strong>\u00a0Uso do dispositivo\u00a0<strong>Bobina de malha<\/strong>\u00a0Tecnologia?<br \/>\n<span style=\"font-size: 14.4px;\">\u2705Sim. <\/span><strong style=\"font-size: 14.4px;\">Bobina de malha<\/strong><span style=\"font-size: 14.4px;\">\u00a0Para vapor mais forte, aquecimento mais r\u00e1pido e melhor clareza de sabor.<\/span><\/p>\n<\/div>\n<div class=\"auto-hide-last-sibling-br paragraph-pP9ZLC paragraph-element br-paragraph-space\">\n<p>\u2753Existem tr\u00eas sabores em um\u00a0<strong>Vaporizador<\/strong>\u00a0Dispositivo?<br \/>\n<span style=\"font-size: 14.4px;\">\u2705Sim. .<\/span><\/p>\n<\/div>\n<div class=\"auto-hide-last-sibling-br paragraph-pP9ZLC paragraph-element br-paragraph-space\">\n<p>\u2753\u00c9 o\u00a0<strong>Vaporizador<\/strong>\u00a0Bateria do dispositivo recarreg\u00e1vel?<br \/>\n<span style=\"font-size: 14.4px;\">\u2705Sim, vem com bateria recarreg\u00e1vel, garantindo total <\/span><strong style=\"font-size: 14.4px;\">E-l\u00edquido<\/strong><span style=\"font-size: 14.4px;\">\u00a0A capacidade pode ser usada.<\/span><\/p>\n<\/div>\n<div class=\"auto-hide-last-sibling-br paragraph-pP9ZLC paragraph-element br-paragraph-space\">\n<p>\u2753Quanto tempo dura o\u00a0<strong>Vaporizador<\/strong>\u00a0\u00daltimo dispositivo?<br \/>\n<span style=\"font-size: 14.4px;\">\u2705A vida \u00fatil varia de acordo com a frequ\u00eancia de sopro, mas normalmente dura de semanas a meses para a maioria dos usu\u00e1rios.<\/span><\/p>\n<\/div>\n<div class=\"auto-hide-last-sibling-br paragraph-pP9ZLC paragraph-element br-paragraph-space\">\n<p>\u2753O Bang King \u00e9 triplo 100K\u00a0<strong>Vaporizador<\/strong>\u00a0Dispositivo seguro para uso?<br \/>\n<span style=\"font-size: 14.4px;\">\u2705Sim. <\/span><strong style=\"font-size: 14.4px;\">E-l\u00edquido<\/strong><span style=\"font-size: 14.4px;\">\u00a0Ingredientes.<\/span><\/p>\n<\/div>\n<div class=\"auto-hide-last-sibling-br paragraph-pP9ZLC paragraph-element br-paragraph-space\">\u2753Posso comprar apenas alguns itens do conjunto para presente?<br \/>\n\u2705N\u00e3o, este \u00e9 um conjunto de presente de Natal de edi\u00e7\u00e3o limitada e itens individuais n\u00e3o est\u00e3o dispon\u00edveis para compra. .<\/div>\n<div class=\"auto-hide-last-sibling-br paragraph-pP9ZLC paragraph-element br-paragraph-space\">\n<p>&nbsp;<\/p>\n<h3 id=\"brxe-najhln\" class=\"brxe-heading\">Perguntas frequentes (FAQ)<\/h3>\n<div id=\"brxe-rajiac\" class=\"brxe-text\">\n<p><strong>P: Quais m\u00e9todos de pagamento voc\u00ea aceita?<\/strong><br \/>\nR: Aceitamos PayPal, Stripe, transfer\u00eancias banc\u00e1rias (com suporte SEPA), os principais cart\u00f5es de cr\u00e9dito (Visa, MasterCard, American Express) e pagamentos em criptomoedas.<\/p>\n<p><strong>P: Quanto tempo leva a prepara\u00e7\u00e3o do pedido?<\/strong><br \/>\nR: A prepara\u00e7\u00e3o do pedido leva de 1 a 3 dias \u00fateis.<\/p>\n<p><strong>P: Qual \u00e9 o tempo de envio?<\/strong><br \/>\nR: O tempo de envio \u00e9 de 7 a 14 dias \u00fateis, dependendo da sua localiza\u00e7\u00e3o.<\/p>\n<p><strong>P: Como posso rastrear meu pedido?<\/strong><br \/>\nR: Ap\u00f3s o envio, voc\u00ea receber\u00e1 um e-mail de confirma\u00e7\u00e3o com um n\u00famero de rastreamento para rastreamento em tempo real.<\/p>\n<p><strong>P: Qual \u00e9 a sua pol\u00edtica de devolu\u00e7\u00e3o?<\/strong><br \/>\nR: Oferecemos uma pol\u00edtica de devolu\u00e7\u00e3o de 30 dias para reembolsos ou trocas. .<\/p>\n<p><strong>P: Haver\u00e1 algum problema alfandeg\u00e1rio?<br \/>\n<\/strong>Lidamos com todos os procedimentos de desembara\u00e7o aduaneiro para garantir uma experi\u00eancia descomplicada para voc\u00ea. .<\/p>\n<p><strong>P: Quais m\u00e9todos de envio s\u00e3o usados?<\/strong><br \/>\nCooperamos com UPS\/DHL\/FEDEX\/DPD, etc. Escolheremos a op\u00e7\u00e3o de envio apropriada dependendo do pa\u00eds de entrega para garantir que voc\u00ea receba seus produtos o mais r\u00e1pido poss\u00edvel.<\/p>\n<p><a href=\"https:\/\/pgvape.com\/pt\/perguntas-frequentes\/\">Clique aqui para mais perguntas frequentes<\/a><\/p>\n<p>Prezados clientes, Se voc\u00ea tiver alguma d\u00favida sobre seu pedido ou a chegada de mercadorias, entre em contato com nosso atendimento ao cliente. Obrigado!<\/p>\n<h3 data-sourcepos=\"73:1-73:21\"><strong data-sourcepos=\"73:7-73:21\">Contate-nos<\/strong><\/h3>\n<div id=\"text-2419739398\" class=\"text\">\n<p><strong data-sourcepos=\"75:3-75:12\">E-mail<\/strong>:\u00a0<a href=\"mailto:support@pgvape.com\"><strong>support@pgvape.com<\/strong><\/a><\/p>\n<p><strong data-sourcepos=\"76:3-76:15\">WhatsApp<\/strong>:\u00a0<a href=\"https:\/\/wa.me\/+8618128481258\"><strong>+86 18128481258<\/strong><\/a><br \/>\n<strong>(Resposta em at\u00e9 24 horas em dias \u00fateis)<\/strong><\/p>\n<\/div>\n<h3><strong>Obrigado por escolher pgvape.com! .<\/strong><\/h3>\n<\/div>\n<\/div>","protected":false},"excerpt":{"rendered":"<p>Bang King Triple 100K Christmas Edition \u00e9 limitado\u00a0<strong>Vaporizador<\/strong>\u00a0Dispositivo com 100.000 baforadas, sistema de sabor ajust\u00e1vel 3 em 1 (3X24ml\u00a0<strong>E-l\u00edquido<\/strong>),\u00a0<strong>Bobina de malha<\/strong>\u00a0Tecnologia, bateria recarreg\u00e1vel e design festivo \u2013 ideal para presentes de fim de ano e duradouro\u00a0<strong>Vaporizar<\/strong>\u00a0Alegria.<\/p>","protected":false},"featured_media":6989,"comment_status":"open","ping_status":"closed","template":"","meta":{"_seopress_robots_primary_cat":"none","_seopress_titles_title":"","_seopress_titles_desc":"","_seopress_robots_index":""},"product_brand":[19,516],"product_cat":[170,18,515],"product_tag":[395,24,327,474,475],"class_list":{"0":"post-6985","1":"product","2":"type-product","3":"status-publish","4":"has-post-thumbnail","6":"product_brand-bang-king-vape","7":"product_brand-disposable-vape","8":"product_cat-100k-puffs-vape","9":"product_cat-bang-king-vape","10":"product_cat-disposable-vape","11":"product_tag-100k-puffs-vape","12":"product_tag-3-in-1-flavors","13":"product_tag-bang-king-triple","14":"product_tag-christmas-special","15":"product_tag-mtlmouth-to-lung","17":"first","18":"instock","19":"sale","20":"shipping-taxable","21":"purchasable","22":"product-type-variable"},"_links":{"self":[{"href":"https:\/\/pgvape.com\/pt\/wp-json\/wp\/v2\/product\/6985","targetHints":{"allow":["GET"]}}],"collection":[{"href":"https:\/\/pgvape.com\/pt\/wp-json\/wp\/v2\/product"}],"about":[{"href":"https:\/\/pgvape.com\/pt\/wp-json\/wp\/v2\/types\/product"}],"replies":[{"embeddable":true,"href":"https:\/\/pgvape.com\/pt\/wp-json\/wp\/v2\/comments?post=6985"}],"wp:featuredmedia":[{"embeddable":true,"href":"https:\/\/pgvape.com\/pt\/wp-json\/wp\/v2\/media\/6989"}],"wp:attachment":[{"href":"https:\/\/pgvape.com\/pt\/wp-json\/wp\/v2\/media?parent=6985"}],"wp:term":[{"taxonomy":"product_brand","embeddable":true,"href":"https:\/\/pgvape.com\/pt\/wp-json\/wp\/v2\/product_brand?post=6985"},{"taxonomy":"product_cat","embeddable":true,"href":"https:\/\/pgvape.com\/pt\/wp-json\/wp\/v2\/product_cat?post=6985"},{"taxonomy":"product_tag","embeddable":true,"href":"https:\/\/pgvape.com\/pt\/wp-json\/wp\/v2\/product_tag?post=6985"}],"curies":[{"name":"wp","href":"https:\/\/api.w.org\/{rel}","templated":true}]}}