{"id":6772,"date":"2025-11-18T10:43:49","date_gmt":"2025-11-18T10:43:49","guid":{"rendered":"https:\/\/pgvape.com\/?post_type=product&#038;p=6772"},"modified":"2026-03-15T13:32:42","modified_gmt":"2026-03-15T13:32:42","slug":"jnr-panda-25500-puffs-vape-descartaveis-2x10ml-garrafas-de-recarga-vape-direto-da-fabrica","status":"publish","type":"product","link":"https:\/\/pgvape.com\/pt\/produto\/jnr-panda-25500-puffs-vape-descartaveis-2x10ml-garrafas-de-recarga-vape-direto-da-fabrica\/","title":{"rendered":"JNR PANDA 25500 Puffs Vape Descart\u00e1vel - 2x10ml Garrafas de Recarga Vape Direto da F\u00e1brica"},"content":{"rendered":"<p data-sourcepos=\"9:1-9:398\">Entre na pr\u00f3xima gera\u00e7\u00e3o de vaping com o <strong data-sourcepos=\"9:46-9:71\">JNR PANDA 25500 Puffs<\/strong>, Este inovador cigarro eletr\u00f4nico descart\u00e1vel e recarreg\u00e1vel ultrapassa os limites com at\u00e9 <strong data-sourcepos=\"9:189-9:205\">25.500 baforadas<\/strong>, gra\u00e7as ao seu inovador sistema de reservat\u00f3rio de e-l\u00edquido e um alto desempenho <strong data-sourcepos=\"9:281-9:299\">Bateria de 850mAh<\/strong>. <strong data-sourcepos=\"11:72-11:85\">JNR PANDA<\/strong> integra um <strong data-sourcepos=\"11:99-11:117\">Bobina de malha dupla<\/strong>, uma luz de respira\u00e7\u00e3o multicolorida e um display de n\u00edvel de bateria.<\/p>\n<p>&nbsp;<\/p>\n<h2><span style=\"font-size: 90%;\">JNR PANDA 25500 baforadas Vape descart\u00e1vel <strong data-sourcepos=\"10:5-10:31\">Especifica\u00e7\u00f5es<\/strong><\/span><\/h2>\n<p><strong data-sourcepos=\"20:5-20:19\">Contagem de sopros<\/strong>: Aproximadamente 25.500 baforadas<\/p>\n<p><strong data-sourcepos=\"21:5-21:26\">For\u00e7a da Nicotina<\/strong>: 2% (20 mg de sais de nicotina)<\/p>\n<p><strong data-sourcepos=\"22:5-22:26\">E-l\u00edquido inclu\u00eddo<\/strong>:\u00a0<strong data-sourcepos=\"22:28-22:55\">2 garrafas de recarga de 10ml<\/strong><\/p>\n<p><strong data-sourcepos=\"23:5-23:16\">Bateria<\/strong>: 850mAh, recarreg\u00e1vel via\u00a0<strong data-sourcepos=\"23:43-23:58\">Porta Tipo C<\/strong><\/p>\n<p><strong data-sourcepos=\"24:5-24:13\">Bobina<\/strong>:\u00a0<strong data-sourcepos=\"24:15-24:33\">Bobina de malha dupla<\/strong><\/p>\n<p><strong data-sourcepos=\"25:5-25:17\">Caracter\u00edsticas<\/strong>: Tela de bateria inteligente, LED de respira\u00e7\u00e3o multicolorido<\/p>\n<p>&nbsp;<\/p>\n<h3><span style=\"font-size: 90%;\">JNR PANDA 25500 baforadas Vape descart\u00e1vel <strong data-sourcepos=\"22:5-22:20\">Lista de sabores<\/strong><\/span><\/h3>\n<p>1. Frutas Silvestres Congeladas<\/p>\n<p>2. Framboesa Azeda de Mirtilo<\/p>\n<p>3. Nova melancia gelada<\/p>\n<p>4.Nova Ma\u00e7\u00e3 Dupla<\/p>\n<p>5. Novo p\u00eassego gelado<\/p>\n<p>6. Cereja gelada<\/p>\n<p>7. Morango Gelado<\/p>\n<p>8. Morango Melancia*<\/p>\n<p>9.Novo Kiwi de Morango*<\/p>\n<p>10.F\u00e9rias de ver\u00e3o*<img loading=\"lazy\" decoding=\"async\" class=\"alignnone wp-image-6785 size-full\" src=\"https:\/\/pgvape.com\/wp-content\/uploads\/2025\/11\/pgvape-JNR-PANDA-25500-Puffs-Disposable-Vape-5.png\" alt=\"Dez dispositivos vaporizadores descart\u00e1veis \u200b\u200bJNR Panda coloridos com tampas met\u00e1licas alinhadas contra um fundo azul sob o t\u00edtulo \u201cLiberte sua curiosidade pelo sabor\u201d e \u201c25500 PUFFS\u201d, cada dispositivo rotulado com um sabor diferente (mirtilo, framboesa azeda, gelo de cereja, ma\u00e7\u00e3 dupla, gelo de p\u00eassego, kiwi de morango, gelo de melancia, gelo de morango, gelo de melancia de morango, f\u00e9rias de ver\u00e3o, gelo de frutos silvestres).\" width=\"1920\" height=\"1080\" srcset=\"https:\/\/pgvape.com\/wp-content\/uploads\/2025\/11\/pgvape-JNR-PANDA-25500-Puffs-Disposable-Vape-5.png 1920w, https:\/\/pgvape.com\/wp-content\/uploads\/2025\/11\/pgvape-JNR-PANDA-25500-Puffs-Disposable-Vape-5-555x312.png 555w, https:\/\/pgvape.com\/wp-content\/uploads\/2025\/11\/pgvape-JNR-PANDA-25500-Puffs-Disposable-Vape-5-595x335.png 595w, https:\/\/pgvape.com\/wp-content\/uploads\/2025\/11\/pgvape-JNR-PANDA-25500-Puffs-Disposable-Vape-5-400x225.png 400w, https:\/\/pgvape.com\/wp-content\/uploads\/2025\/11\/pgvape-JNR-PANDA-25500-Puffs-Disposable-Vape-5-768x432.png 768w, https:\/\/pgvape.com\/wp-content\/uploads\/2025\/11\/pgvape-JNR-PANDA-25500-Puffs-Disposable-Vape-5-1536x864.png 1536w, https:\/\/pgvape.com\/wp-content\/uploads\/2025\/11\/pgvape-JNR-PANDA-25500-Puffs-Disposable-Vape-5-18x10.png 18w, https:\/\/pgvape.com\/wp-content\/uploads\/2025\/11\/pgvape-JNR-PANDA-25500-Puffs-Disposable-Vape-5-600x338.png 600w, https:\/\/pgvape.com\/wp-content\/uploads\/2025\/11\/pgvape-JNR-PANDA-25500-Puffs-Disposable-Vape-5-60x34.png 60w\" sizes=\"auto, (max-width: 1920px) 100vw, 1920px\" \/><\/p>\n<p>&nbsp;<\/p>\n<h3><span style=\"font-size: 90%;\">JNR PANDA 25500 baforadas Vape descart\u00e1vel <strong>V\u00eddeo<\/strong>\uff1a<\/span><\/h3>\n<p><iframe loading=\"lazy\" title=\"JNR PANDA 25500 Puffs Vape Descart\u00e1vel 2x 10ml Garrafas de Recarga Tela Inteligente Vape Direto da F\u00e1brica pgvape\" width=\"1020\" height=\"574\" src=\"https:\/\/www.youtube.com\/embed\/KXyqSTl7o1M?feature=oembed\" frameborder=\"0\" allow=\"accelerometer; autoplay; clipboard-write; encrypted-media; gyroscope; picture-in-picture; web-share\" referrerpolicy=\"strict-origin-when-cross-origin\" allowfullscreen><\/iframe><\/p>\n<p>&nbsp;<\/p>\n<h2><span style=\"font-size: 90%;\">Perguntas frequentes sobre JNR PANDA 25500 Puffs Vape descart\u00e1vel<\/span><\/h2>\n<p data-sourcepos=\"40:1-41:147\">\u2753 <strong data-sourcepos=\"40:3-40:58\">Quantas baforadas o JNR PANDA realmente fornece?<br \/>\n<\/strong>\u2705 Sim, atrav\u00e9s de seu inovador <strong data-sourcepos=\"41:31-41:72\">Sistema de reservat\u00f3rio duplo de e-l\u00edquido 2x10ml<\/strong> e bateria grande, o <strong data-sourcepos=\"41:96-41:109\">JNR PANDA<\/strong> foi projetado para uma vida \u00fatil excepcional.<\/p>\n<p data-sourcepos=\"43:1-44:112\">\u2753 <strong data-sourcepos=\"43:3-43:58\">Qual \u00e9 o prop\u00f3sito da \u201cLuz que Respira Cores\u201d?<br \/>\n<\/strong> \u2705 Reflete dinamicamente o status da bateria e o modo de opera\u00e7\u00e3o do dispositivo, aprimorando a experi\u00eancia interativa.<\/p>\n<p data-sourcepos=\"46:1-47:86\">\u2753 <strong data-sourcepos=\"46:3-46:34\">Como carrego o dispositivo?<\/strong><br \/>\n\u2705 Basta conectar um padr\u00e3o <strong data-sourcepos=\"47:29-47:45\">Cabo tipo C<\/strong> a um adaptador de energia ou porta USB do computador.<\/p>\n<p>&nbsp;<\/p>\n<h3 id=\"brxe-najhln\" class=\"brxe-heading\">Perguntas frequentes (FAQ)<\/h3>\n<div id=\"brxe-rajiac\" class=\"brxe-text\">\n<p><strong>P: Quais m\u00e9todos de pagamento voc\u00ea aceita?<\/strong><br \/>\nR: Aceitamos PayPal, Stripe, transfer\u00eancias banc\u00e1rias (com suporte SEPA), os principais cart\u00f5es de cr\u00e9dito (Visa, MasterCard, American Express) e pagamentos em criptomoedas.<\/p>\n<p><strong>P: Quanto tempo leva a prepara\u00e7\u00e3o do pedido?<\/strong><br \/>\nR: A prepara\u00e7\u00e3o do pedido leva de 1 a 3 dias \u00fateis.<\/p>\n<p><strong>P: Qual \u00e9 o tempo de envio?<\/strong><br \/>\nR: O tempo de envio \u00e9 de 7 a 14 dias \u00fateis, dependendo da sua localiza\u00e7\u00e3o.<\/p>\n<p><strong>P: Como posso rastrear meu pedido?<\/strong><br \/>\nR: Ap\u00f3s o envio, voc\u00ea receber\u00e1 um e-mail de confirma\u00e7\u00e3o com um n\u00famero de rastreamento para rastreamento em tempo real.<\/p>\n<p><strong>P: Qual \u00e9 a sua pol\u00edtica de devolu\u00e7\u00e3o?<\/strong><br \/>\nR: Oferecemos uma pol\u00edtica de devolu\u00e7\u00e3o de 30 dias para reembolsos ou trocas. .<\/p>\n<p><strong>P: Haver\u00e1 algum problema alfandeg\u00e1rio?<br \/>\n<\/strong>Lidamos com todos os procedimentos de desembara\u00e7o aduaneiro para garantir uma experi\u00eancia descomplicada para voc\u00ea. .<\/p>\n<p><strong>P: Quais m\u00e9todos de envio s\u00e3o usados?<\/strong><br \/>\nCooperamos com UPS\/DHL\/FEDEX\/DPD, etc. Escolheremos a op\u00e7\u00e3o de envio apropriada dependendo do pa\u00eds de entrega para garantir que voc\u00ea receba seus produtos o mais r\u00e1pido poss\u00edvel.<\/p>\n<p><a href=\"https:\/\/pgvape.com\/pt\/perguntas-frequentes\/\">Clique aqui para mais perguntas frequentes<\/a><\/p>\n<p>Prezados clientes, Se voc\u00ea tiver alguma d\u00favida sobre seu pedido ou a chegada de mercadorias, entre em contato com nosso atendimento ao cliente. Obrigado!<\/p>\n<h3 data-sourcepos=\"73:1-73:21\"><strong data-sourcepos=\"73:7-73:21\">Contate-nos<\/strong><\/h3>\n<div id=\"text-2419739398\" class=\"text\">\n<p><strong data-sourcepos=\"75:3-75:12\">E-mail<\/strong>:\u00a0<a href=\"mailto:support@pgvape.com\"><strong>support@pgvape.com<\/strong><\/a><\/p>\n<p><strong data-sourcepos=\"76:3-76:15\">WhatsApp<\/strong>:\u00a0<a href=\"https:\/\/wa.me\/+8618128481258\"><strong>+86 18128481258<\/strong><\/a><br \/>\n<strong>(Resposta em at\u00e9 24 horas em dias \u00fateis)<\/strong><\/p>\n<\/div>\n<h3><strong>Obrigado por escolher pgvape.com! .<\/strong><\/h3>\n<\/div>","protected":false},"excerpt":{"rendered":"<p>Um vaporizador descart\u00e1vel de alto desempenho que oferece aproximadamente <strong data-sourcepos=\"23:59-23:75\">25.500 baforadas<\/strong>. <strong data-sourcepos=\"23:90-23:100\">850mAh<\/strong> bateria com carregamento Tipo C, um <strong data-sourcepos=\"23:133-23:151\">Bobina de malha dupla<\/strong>, e <strong data-sourcepos=\"23:157-23:177\">Sal de nicotina 2%<\/strong> e-l\u00edquido para um sabor rico e um golpe suave. <strong data-sourcepos=\"23:232-23:256\">O \u00fanico<\/strong> e o indicador LED multicolorido mant\u00eam voc\u00ea informado sobre o status da energia, tornando-o a escolha perfeita para usu\u00e1rios que priorizam conveni\u00eancia e desempenho.<\/p>","protected":false},"featured_media":6781,"comment_status":"open","ping_status":"closed","template":"","meta":{"_seopress_robots_primary_cat":"none","_seopress_titles_title":"","_seopress_titles_desc":"","_seopress_robots_index":""},"product_brand":[516,228],"product_cat":[470,515,29],"product_tag":[473,472,90,471,136,204],"class_list":{"0":"post-6772","1":"product","2":"type-product","3":"status-publish","4":"has-post-thumbnail","6":"product_brand-disposable-vape","7":"product_brand-jnr-vape","8":"product_cat-25-5k-puffs-vape","9":"product_cat-disposable-vape","10":"product_cat-jnr-vape","11":"product_tag-2-x-10ml-refill-bottles","12":"product_tag-25-5k-puffs-vape","13":"product_tag-disposable-vape","14":"product_tag-jnr-panda-25500","15":"product_tag-smart-screen","16":"product_tag-vape-factory-direct","18":"first","19":"instock","20":"sale","21":"shipping-taxable","22":"purchasable","23":"product-type-variable"},"_links":{"self":[{"href":"https:\/\/pgvape.com\/pt\/wp-json\/wp\/v2\/product\/6772","targetHints":{"allow":["GET"]}}],"collection":[{"href":"https:\/\/pgvape.com\/pt\/wp-json\/wp\/v2\/product"}],"about":[{"href":"https:\/\/pgvape.com\/pt\/wp-json\/wp\/v2\/types\/product"}],"replies":[{"embeddable":true,"href":"https:\/\/pgvape.com\/pt\/wp-json\/wp\/v2\/comments?post=6772"}],"wp:featuredmedia":[{"embeddable":true,"href":"https:\/\/pgvape.com\/pt\/wp-json\/wp\/v2\/media\/6781"}],"wp:attachment":[{"href":"https:\/\/pgvape.com\/pt\/wp-json\/wp\/v2\/media?parent=6772"}],"wp:term":[{"taxonomy":"product_brand","embeddable":true,"href":"https:\/\/pgvape.com\/pt\/wp-json\/wp\/v2\/product_brand?post=6772"},{"taxonomy":"product_cat","embeddable":true,"href":"https:\/\/pgvape.com\/pt\/wp-json\/wp\/v2\/product_cat?post=6772"},{"taxonomy":"product_tag","embeddable":true,"href":"https:\/\/pgvape.com\/pt\/wp-json\/wp\/v2\/product_tag?post=6772"}],"curies":[{"name":"wp","href":"https:\/\/api.w.org\/{rel}","templated":true}]}}