{"id":6733,"date":"2025-11-18T09:04:43","date_gmt":"2025-11-18T09:04:43","guid":{"rendered":"https:\/\/pgvape.com\/?post_type=product&#038;p=6733"},"modified":"2026-03-15T13:15:56","modified_gmt":"2026-03-15T13:15:56","slug":"jnr-aurora-27000-27k-puffs-vape-descartavel-tpd-certificado-sistema-pod-recarregavel-vape-direto-da-fabrica","status":"publish","type":"product","link":"https:\/\/pgvape.com\/pt\/produto\/jnr-aurora-27000-27k-puffs-vape-descartavel-tpd-certificado-sistema-pod-recarregavel-vape-direto-da-fabrica\/","title":{"rendered":"JNR Aurora 27000 27K Puffs Vape Descart\u00e1vel TPD Sistema de Pod Recarreg\u00e1vel Certificado Vape Direto da F\u00e1brica"},"content":{"rendered":"<p>Experimente o que h\u00e1 de melhor em inova\u00e7\u00e3o vaping com o <strong data-sourcepos=\"5:55-5:77\">Kit de c\u00e1psula JNR Aurora<\/strong>. <strong data-sourcepos=\"5:93-5:112\">Vape descart\u00e1vel<\/strong> Combina\u00e7\u00f5es incompar\u00e1veis <strong data-sourcepos=\"5:130-5:147\">Capacidade de sopro<\/strong> Com Design Eco-Consciente. <strong data-sourcepos=\"5:196-5:214\">Pod pr\u00e9-preenchido<\/strong> E um <strong data-sourcepos=\"5:221-5:242\">Garrafa recarreg\u00e1vel<\/strong> Para uso flex\u00edvel. .<\/p>\n<p>&nbsp;<\/p>\n<h2><span style=\"font-size: 90%;\">JNR Aurora 27000 | 27K Puff Vape Descart\u00e1vel <strong data-sourcepos=\"10:5-10:31\">Especifica\u00e7\u00f5esDetalhes dos recursos<\/strong><\/span><\/h2>\n<p><strong><span style=\"font-size: 90%;\">Capacidade de sopros at\u00e9 27.000 sopros<\/span><\/strong><\/p>\n<p><strong><span style=\"font-size: 90%;\">For\u00e7a de nicotina 2% (20 mg de sal de nicotina)<\/span><\/strong><\/p>\n<p><strong><span style=\"font-size: 90%;\">Capacidade de E-Liquid 2ml c\u00e1psula pr\u00e9-cheia + frasco de recarga de 10ml<\/span><\/strong><\/p>\n<p><strong><span style=\"font-size: 90%;\">Bateria 900mAh, recarreg\u00e1vel (tipo C)<\/span><\/strong><\/p>\n<p><strong><span style=\"font-size: 90%;\">Bobina de malha dupla (1,0\u03a9)<\/span><\/strong><\/p>\n<p><strong><span style=\"font-size: 90%;\">Exibir tela inteligente com indicadores LED<\/span><\/strong><\/p>\n<p><strong><span style=\"font-size: 90%;\">Carregamento Tipo C Carregamento R\u00e1pido<\/span><\/strong><\/p>\n<p><strong><span style=\"font-size: 90%;\">Certifica\u00e7\u00e3o Compat\u00edvel com TPD<\/span><\/strong><\/p>\n<p>&nbsp;<\/p>\n<h3><span style=\"font-size: 90%;\">JNR Aurora 27000 | 27K Puff Vape Descart\u00e1vel <strong data-sourcepos=\"22:5-22:20\">Lista de sabores<\/strong><\/span><\/h3>\n<p>1. Mirtilo Framboesa Vermelha<\/p>\n<p>2. Kiwi de Maracuj\u00e1<\/p>\n<p>3. Gelo de melancia e morango<\/p>\n<p>4. Gelo de melancia<\/p>\n<p>5. Bagas Mistas<\/p>\n<p>6. Cereja Razz Azul<\/p>\n<p>7. Gelo de p\u00eassego de ver\u00e3o<\/p>\n<p>8. Gelo de Morango<\/p>\n<p>9.Cola de cereja com g\u00e1s<\/p>\n<p>10. Chiclete de melancia<\/p>\n<p>11. Baga de p\u00eassego<\/p>\n<p>12. Congelamento de melancia cereja<\/p>\n<p>13. Gelo de rom\u00e3 e mirtilo<\/p>\n<p>14. Morango Kiwi<\/p>\n<p>15. Mirtilo Framboesa Cereja<img loading=\"lazy\" decoding=\"async\" class=\"alignnone wp-image-7339 size-full\" src=\"https:\/\/pgvape.com\/wp-content\/uploads\/2025\/11\/JNR-Aurora-27000-Puff-Disposable-Vape-pgvape-4.png\" alt=\"Banner promocional para JNR mostrando uma linha colorida de 15 dispositivos vape descart\u00e1veis \u200b\u200bmet\u00e1licos dispostos em fileiras contra um fundo de montanha semelhante a uma aurora, com um t\u00edtulo em negrito &#039;15 NOVOS SABORES EMOCIONANTES!&#039;, uma nota &#039;Aproximadamente 27.000 Puffs&#039; e nomes de sabores abaixo de cada dispositivo.\" width=\"1920\" height=\"1080\" srcset=\"https:\/\/pgvape.com\/wp-content\/uploads\/2025\/11\/JNR-Aurora-27000-Puff-Disposable-Vape-pgvape-4.png 1920w, https:\/\/pgvape.com\/wp-content\/uploads\/2025\/11\/JNR-Aurora-27000-Puff-Disposable-Vape-pgvape-4-555x312.png 555w, https:\/\/pgvape.com\/wp-content\/uploads\/2025\/11\/JNR-Aurora-27000-Puff-Disposable-Vape-pgvape-4-595x335.png 595w, https:\/\/pgvape.com\/wp-content\/uploads\/2025\/11\/JNR-Aurora-27000-Puff-Disposable-Vape-pgvape-4-400x225.png 400w, https:\/\/pgvape.com\/wp-content\/uploads\/2025\/11\/JNR-Aurora-27000-Puff-Disposable-Vape-pgvape-4-768x432.png 768w, https:\/\/pgvape.com\/wp-content\/uploads\/2025\/11\/JNR-Aurora-27000-Puff-Disposable-Vape-pgvape-4-1536x864.png 1536w, https:\/\/pgvape.com\/wp-content\/uploads\/2025\/11\/JNR-Aurora-27000-Puff-Disposable-Vape-pgvape-4-18x10.png 18w, https:\/\/pgvape.com\/wp-content\/uploads\/2025\/11\/JNR-Aurora-27000-Puff-Disposable-Vape-pgvape-4-600x338.png 600w\" sizes=\"auto, (max-width: 1920px) 100vw, 1920px\" \/><\/p>\n<p>&nbsp;<\/p>\n<h3><span style=\"font-size: 90%;\">JNR Aurora 27000 | 27K Puff Vape Descart\u00e1vel <strong>V\u00eddeo<\/strong>\uff1a<\/span><\/h3>\n<p><iframe loading=\"lazy\" title=\"JNR Aurora 27K Puffs Vape Descart\u00e1vel TPD Sistema de Pod Recarreg\u00e1vel Certificado Vape Direto da F\u00e1brica pgvape\" width=\"1020\" height=\"574\" src=\"https:\/\/www.youtube.com\/embed\/1x1PTYH79CA?feature=oembed\" frameborder=\"0\" allow=\"accelerometer; autoplay; clipboard-write; encrypted-media; gyroscope; picture-in-picture; web-share\" referrerpolicy=\"strict-origin-when-cross-origin\" allowfullscreen><\/iframe><\/p>\n<p>&nbsp;<\/p>\n<h2><span style=\"font-size: 90%;\">Perguntas frequentes sobre JNR Aurora 27000 |<\/span><\/h2>\n<p data-sourcepos=\"49:1-50:121\">\u2753 <strong data-sourcepos=\"49:3-49:42\">Este dispositivo \u00e9 verdadeiramente certificado pela TPD?<\/strong><br \/>\n\u2705 Sim, o <strong data-sourcepos=\"50:12-50:26\">JNR Aurora<\/strong> \u00e9 totalmente <strong data-sourcepos=\"50:36-50:53\">Certificado TPD<\/strong>, cumprindo todos os regulamentos da UE para distribui\u00e7\u00e3o segura e legal.<\/p>\n<p data-sourcepos=\"52:1-53:96\">\u2753 <strong data-sourcepos=\"52:3-52:35\">O que est\u00e1 inclu\u00eddo na caixa?<\/strong><br \/>\n\u2705 Cada kit cont\u00e9m o corpo principal do dispositivo, um <strong data-sourcepos=\"53:47-53:64\">Pod pr\u00e9-preenchido<\/strong>, e um <strong data-sourcepos=\"53:74-53:95\">Garrafa recarreg\u00e1vel<\/strong>.<\/p>\n<p data-sourcepos=\"55:1-56:122\">\u2753 <strong data-sourcepos=\"55:3-55:43\">Como funciona o sistema recarreg\u00e1vel?<\/strong><br \/>\n\u2705 Comece com o <strong data-sourcepos=\"56:18-56:39\">Vagem pr\u00e9-preenchida de 2ml<\/strong>, ent\u00e3o use o fornecido <strong data-sourcepos=\"56:63-56:78\">Frasco de 10ml<\/strong> para recarregar manualmente o mesmo pod quando estiver vazio.<\/p>\n<p data-sourcepos=\"61:1-62:127\">\u2753 <strong data-sourcepos=\"61:3-61:45\">Quem \u00e9 o usu\u00e1rio ideal para este dispositivo?<br \/>\n<\/strong> \u2705 \u00c9 perfeito para vapers que procuram um <strong data-sourcepos=\"62:37-62:60\">Dispositivo de longa dura\u00e7\u00e3o<\/strong> com o benef\u00edcio adicional de um <strong data-sourcepos=\"62:89-62:110\">Op\u00e7\u00e3o recarreg\u00e1vel<\/strong> para reduzir o desperd\u00edcio.<\/p>\n<p data-sourcepos=\"40:1-41:184\">\u2753 <strong data-sourcepos=\"40:3-40:67\">O que distingue este dispositivo dos descart\u00e1veis \u200b\u200btradicionais?<\/strong><br \/>\n\u2705 Ao mesmo tempo que mant\u00e9m a conveni\u00eancia descart\u00e1vel, apresenta um ambiente ecol\u00f3gico <strong data-sourcepos=\"41:75-41:99\">Componente recarreg\u00e1vel<\/strong> Reduzindo significativamente o impacto ambiental em compara\u00e7\u00e3o com dispositivos padr\u00e3o de uso \u00fanico.<\/p>\n<p data-sourcepos=\"43:1-44:114\">\u2753 <strong data-sourcepos=\"43:3-43:59\">Como a tela melhora a experi\u00eancia geral?<\/strong><br \/>\n\u2705 A interface inteligente monitora continuamente m\u00e9tricas essenciais, como l\u00edquido restante e n\u00edvel de energia atual<\/p>\n<p data-sourcepos=\"46:1-47:78\">\u2753 <strong data-sourcepos=\"46:3-46:39\">\u00c9 necess\u00e1ria manuten\u00e7\u00e3o especial?<br \/>\n<\/strong> \u2705 A limpeza de rotina entre recargas maximiza o desempenho e a integridade do sabor<\/p>\n<p>&nbsp;<\/p>\n<h3 id=\"brxe-najhln\" class=\"brxe-heading\">Perguntas frequentes (FAQ)<\/h3>\n<div id=\"brxe-rajiac\" class=\"brxe-text\">\n<p><strong>P: Quais m\u00e9todos de pagamento voc\u00ea aceita?<\/strong><br \/>\nR: Aceitamos PayPal, Stripe, transfer\u00eancias banc\u00e1rias (com suporte SEPA), os principais cart\u00f5es de cr\u00e9dito (Visa, MasterCard, American Express) e pagamentos em criptomoedas.<\/p>\n<p><strong>P: Quanto tempo leva a prepara\u00e7\u00e3o do pedido?<\/strong><br \/>\nR: A prepara\u00e7\u00e3o do pedido leva de 1 a 3 dias \u00fateis.<\/p>\n<p><strong>P: Qual \u00e9 o tempo de envio?<\/strong><br \/>\nR: O tempo de envio \u00e9 de 7 a 14 dias \u00fateis, dependendo da sua localiza\u00e7\u00e3o.<\/p>\n<p><strong>P: Como posso rastrear meu pedido?<\/strong><br \/>\nR: Ap\u00f3s o envio, voc\u00ea receber\u00e1 um e-mail de confirma\u00e7\u00e3o com um n\u00famero de rastreamento para rastreamento em tempo real.<\/p>\n<p><strong>P: Qual \u00e9 a sua pol\u00edtica de devolu\u00e7\u00e3o?<\/strong><br \/>\nR: Oferecemos uma pol\u00edtica de devolu\u00e7\u00e3o de 30 dias para reembolsos ou trocas. .<\/p>\n<p><strong>P: Haver\u00e1 algum problema alfandeg\u00e1rio?<br \/>\n<\/strong>Lidamos com todos os procedimentos de desembara\u00e7o aduaneiro para garantir uma experi\u00eancia descomplicada para voc\u00ea. .<\/p>\n<p><strong>P: Quais m\u00e9todos de envio s\u00e3o usados?<\/strong><br \/>\nCooperamos com UPS\/DHL\/FEDEX\/DPD, etc. Escolheremos a op\u00e7\u00e3o de envio apropriada dependendo do pa\u00eds de entrega para garantir que voc\u00ea receba seus produtos o mais r\u00e1pido poss\u00edvel.<\/p>\n<p><a href=\"https:\/\/pgvape.com\/pt\/perguntas-frequentes\/\">Clique aqui para mais perguntas frequentes<\/a><\/p>\n<p>Prezados clientes, Se voc\u00ea tiver alguma d\u00favida sobre seu pedido ou a chegada de mercadorias, entre em contato com nosso atendimento ao cliente. Obrigado!<\/p>\n<h3 data-sourcepos=\"73:1-73:21\"><strong data-sourcepos=\"73:7-73:21\">Contate-nos<\/strong><\/h3>\n<div id=\"text-2419739398\" class=\"text\">\n<p><strong data-sourcepos=\"75:3-75:12\">E-mail<\/strong>:\u00a0<a href=\"mailto:support@pgvape.com\"><strong>support@pgvape.com<\/strong><\/a><\/p>\n<p><strong data-sourcepos=\"76:3-76:15\">WhatsApp<\/strong>:\u00a0<a href=\"https:\/\/wa.me\/+8618128481258\"><strong>+86 18128481258<\/strong><\/a><br \/>\n<strong>(Resposta em at\u00e9 24 horas em dias \u00fateis)<\/strong><\/p>\n<\/div>\n<h3><strong>Obrigado por escolher pgvape.com! .<\/strong><\/h3>\n<\/div>","protected":false},"excerpt":{"rendered":"<p><strong>Luz de respira\u00e7\u00e3o colorida:<\/strong>\u00a0A luz de respira\u00e7\u00e3o colorida adiciona um toque de eleg\u00e2ncia, tornando cada baforada mais emocionante com seus efeitos visuais din\u00e2micos.<br \/>\n<strong>Kit de c\u00e1psula substitu\u00edvel:<\/strong>\u00a0Aproveite o melhor dos dois mundos com uma c\u00e1psula pr\u00e9-cheia de 2ml e uma garrafa recarreg\u00e1vel de 10ml, oferecendo flexibilidade e uso prolongado para uma experi\u00eancia satisfat\u00f3ria.<br \/>\n<strong><b>Vape certificado TPD:<\/b><\/strong>\u00a0\u00a0Certificado TPD para seguran\u00e7a e conformidade, garantindo que voc\u00ea possa vaporizar com confian\u00e7a de acordo com os mais altos padr\u00f5es.<\/p>\n<p>&nbsp;<\/p>","protected":false},"featured_media":7336,"comment_status":"open","ping_status":"closed","template":"","meta":{"_seopress_robots_primary_cat":"none","_seopress_titles_title":"","_seopress_titles_desc":"","_seopress_robots_index":""},"product_brand":[516,228],"product_cat":[469,515,29],"product_tag":[],"class_list":{"0":"post-6733","1":"product","2":"type-product","3":"status-publish","4":"has-post-thumbnail","6":"product_brand-disposable-vape","7":"product_brand-jnr-vape","8":"product_cat-27k-puffs-vape","9":"product_cat-disposable-vape","10":"product_cat-jnr-vape","12":"first","13":"instock","14":"sale","15":"shipping-taxable","16":"purchasable","17":"product-type-variable"},"_links":{"self":[{"href":"https:\/\/pgvape.com\/pt\/wp-json\/wp\/v2\/product\/6733","targetHints":{"allow":["GET"]}}],"collection":[{"href":"https:\/\/pgvape.com\/pt\/wp-json\/wp\/v2\/product"}],"about":[{"href":"https:\/\/pgvape.com\/pt\/wp-json\/wp\/v2\/types\/product"}],"replies":[{"embeddable":true,"href":"https:\/\/pgvape.com\/pt\/wp-json\/wp\/v2\/comments?post=6733"}],"wp:featuredmedia":[{"embeddable":true,"href":"https:\/\/pgvape.com\/pt\/wp-json\/wp\/v2\/media\/7336"}],"wp:attachment":[{"href":"https:\/\/pgvape.com\/pt\/wp-json\/wp\/v2\/media?parent=6733"}],"wp:term":[{"taxonomy":"product_brand","embeddable":true,"href":"https:\/\/pgvape.com\/pt\/wp-json\/wp\/v2\/product_brand?post=6733"},{"taxonomy":"product_cat","embeddable":true,"href":"https:\/\/pgvape.com\/pt\/wp-json\/wp\/v2\/product_cat?post=6733"},{"taxonomy":"product_tag","embeddable":true,"href":"https:\/\/pgvape.com\/pt\/wp-json\/wp\/v2\/product_tag?post=6733"}],"curies":[{"name":"wp","href":"https:\/\/api.w.org\/{rel}","templated":true}]}}