{"id":672,"date":"2025-09-25T11:05:00","date_gmt":"2025-09-25T11:05:00","guid":{"rendered":"https:\/\/pgvape.com\/?post_type=product&#038;p=672"},"modified":"2025-12-15T13:40:20","modified_gmt":"2025-12-15T13:40:20","slug":"bang-king-ice-cool-60000-60k-puffs-ajustavel-nivel-de-gelo-vape-descartavel-com-tela-led-vape-direto-da-fabrica","status":"publish","type":"product","link":"https:\/\/pgvape.com\/pt\/produto\/bang-king-ice-cool-60000-60k-puffs-ajustavel-nivel-de-gelo-vape-descartavel-com-tela-led-vape-direto-da-fabrica\/","title":{"rendered":"Bang King Ice Cool 60000 60k Puffs Vape descart\u00e1vel com n\u00edvel de gelo ajust\u00e1vel com tela LED Vape direto da f\u00e1brica"},"content":{"rendered":"<p><strong data-sourcepos=\"6:5-6:55\">Bang King Ice Cool 60000 baforadas Vape descart\u00e1vel<\/strong><span class=\"CustomP_animated_char__m3r9w\">\u00a0<\/span><span class=\"CustomP_animated_char__m3r9w\">entrega<\/span><span class=\"CustomP_animated_char__m3r9w\">\u00a0<\/span><strong data-sourcepos=\"6:65-6:91\">personaliza\u00e7\u00e3o final<\/strong> com <strong data-sourcepos=\"6:97-6:124\">5 n\u00edveis de gelo ajust\u00e1veis<\/strong>, <strong data-sourcepos=\"6:126-6:142\">60.000 baforadas<\/strong>, e <strong data-sourcepos=\"6:148-6:177\">Op\u00e7\u00f5es de nicotina 2%\/3%\/5%<\/strong>. <strong data-sourcepos=\"6:191-6:209\">bobina de malha 1.0\u03a9<\/strong> para sabor rico, <strong data-sourcepos=\"6:227-6:253\">Capacidade de e-l\u00edquido de 25mL<\/strong>, e um <strong data-sourcepos=\"6:262-6:293\">Bateria recarreg\u00e1vel de 850mAh<\/strong> com <strong data-sourcepos=\"6:299-6:318\">Carregamento tipo C<\/strong><span class=\"CustomP_animated_char__m3r9w\">,<\/span><span class=\"CustomP_animated_char__m3r9w\">\u00a0<\/span><span class=\"CustomP_animated_char__m3r9w\">isto<\/span><span class=\"CustomP_animated_char__m3r9w\">\u2019<\/span><span class=\"CustomP_animated_char__m3r9w\">\u00e9<\/span><span class=\"CustomP_animated_char__m3r9w\">\u00a0<\/span><span class=\"CustomP_animated_char__m3r9w\">constru\u00eddo<\/span><span class=\"CustomP_animated_char__m3r9w\">\u00a0<\/span><span class=\"CustomP_animated_char__m3r9w\">para<\/span><span class=\"CustomP_animated_char__m3r9w\">\u00a0<\/span><span class=\"CustomP_animated_char__m3r9w\">desempenho<\/span><span class=\"CustomP_animated_char__m3r9w\">.<\/span><span class=\"CustomP_animated_char__m3r9w\">\u00a0<\/span><span class=\"CustomP_animated_char__m3r9w\">O<\/span><span class=\"CustomP_animated_char__m3r9w\">\u00a0<\/span><strong data-sourcepos=\"6:352-6:366\">Tela LED<\/strong> rastreia a contagem de baforadas, a bateria e a intensidade de resfriamento em tempo real. <strong data-sourcepos=\"6:440-6:461\">10 pe\u00e7as por caixa<\/strong> com <strong data-sourcepos=\"6:467-6:485\">12 sabores gelados<\/strong><span class=\"CustomP_animated_char__m3r9w\">,<\/span><span class=\"CustomP_animated_char__m3r9w\">\u00a0<\/span><span class=\"CustomP_animated_char__m3r9w\">isto<\/span><span class=\"CustomP_animated_char__m3r9w\">\u2019<\/span><span class=\"CustomP_animated_char__m3r9w\">\u00e9<\/span><span class=\"CustomP_animated_char__m3r9w\">\u00a0<\/span><span class=\"CustomP_animated_char__m3r9w\">perfeito<\/span><span class=\"CustomP_animated_char__m3r9w\">\u00a0<\/span><span class=\"CustomP_animated_char__m3r9w\">para<\/span><span class=\"CustomP_animated_char__m3r9w\">\u00a0<\/span><span class=\"CustomP_animated_char__m3r9w\">varejistas<\/span><span class=\"CustomP_animated_char__m3r9w\">\u00a0<\/span><span class=\"CustomP_animated_char__m3r9w\">e<\/span><span class=\"CustomP_animated_char__m3r9w\">\u00a0<\/span><span class=\"CustomP_animated_char__m3r9w\">mentol<\/span><span class=\"CustomP_animated_char__m3r9w\">\u2013<\/span><span class=\"CustomP_animated_char__m3r9w\">amoroso<\/span><span class=\"CustomP_animated_char__m3r9w\">\u00a0<\/span><span class=\"CustomP_animated_char__m3r9w\">vaporizadores<\/span><span class=\"CustomP_animated_char__m3r9w\">.<\/span><\/p>\n<p>&nbsp;<\/p>\n<h2><span style=\"font-size: 90%;\">Bang King Ice Cool 60000 | 60k Puffs Vape descart\u00e1vel com n\u00edvel de gelo ajust\u00e1vel Especifica\u00e7\u00f5es do produto:<\/span><\/h2>\n<p><strong data-sourcepos=\"11:3-11:18\">Contagem de sopros:<\/strong>\u00a0<strong data-sourcepos=\"11:19-11:35\">60.000 baforadas<\/strong>\u00a0(Longevidade prolongada)<\/p>\n<p><strong data-sourcepos=\"12:3-12:16\">Nicotina:<\/strong>\u00a0<strong data-sourcepos=\"12:17-12:33\">2% \/ 3% \/ 5%<\/strong>\u00a0(Golpe suave a forte na garganta)<\/p>\n<p><strong data-sourcepos=\"13:3-13:22\">Sistema de resfriamento:<\/strong>\u00a0<strong data-sourcepos=\"13:23-13:50\">5 n\u00edveis de gelo ajust\u00e1veis<\/strong>\u00a0(Intensidade personalizada de mentol)<\/p>\n<p><strong data-sourcepos=\"14:3-14:16\">E-l\u00edquido:<\/strong>\u00a0<strong data-sourcepos=\"14:17-14:34\">Capacidade 25mL<\/strong>\u00a0(Menos recargas)<\/p>\n<p><strong data-sourcepos=\"15:3-15:12\">Bobina:<\/strong>\u00a0<strong data-sourcepos=\"15:13-15:26\">Malha 1.0\u03a9<\/strong>\u00a0(Sabor e vapor otimizados)<\/p>\n<p><strong data-sourcepos=\"16:3-16:15\">Bateria:<\/strong>\u00a0<strong data-sourcepos=\"16:16-16:39\">850mAh recarreg\u00e1vel<\/strong>\u00a0+\u00a0<strong data-sourcepos=\"16:42-16:66\">Carregamento r\u00e1pido tipo C<\/strong><\/p>\n<p><strong data-sourcepos=\"17:3-17:15\">Mostrar:<\/strong>\u00a0<strong data-sourcepos=\"17:16-17:30\">Tela LED<\/strong>\u00a0(Acompanhamento de estat\u00edsticas em tempo real)<\/p>\n<p><strong data-sourcepos=\"18:3-18:17\">Embalagem:<\/strong>\u00a0<strong data-sourcepos=\"18:18-18:32\">10 unidades\/caixa<\/strong>\u00a0(Varejo\/atacado pronto)<\/p>\n<p>&nbsp;<\/p>\n<h3><span style=\"font-size: 90%;\">Bang King Ice Cool 60000 | 60k Puffs Lista de sabores de vape descart\u00e1veis \u200b\u200bcom n\u00edvel de gelo ajust\u00e1vel:<\/span><\/h3>\n<p>1.Gelo Razz Azul<\/p>\n<p>2. Melancia Morango<\/p>\n<p>3. Gelo de melancia<\/p>\n<p>4. Gelo de p\u00eassego<\/p>\n<p>5. Gelo de Uva<\/p>\n<p>6. Baga Assustadora<\/p>\n<p>7.Cherry Strazz<\/p>\n<p>8. Manga M\u00e1gica<\/p>\n<p>9. Dragonfruit com Morango<\/p>\n<p>10. Sangue de Tigre<\/p>\n<p>11.Respingo de ver\u00e3o<\/p>\n<p>12. Goma Azeda Exuberante<br \/>\n<img loading=\"lazy\" decoding=\"async\" class=\"alignnone wp-image-688 size-full\" src=\"https:\/\/pgvape.com\/wp-content\/uploads\/2025\/09\/Pgvape-Bang-King-Ice-Cool-6000-60K-Puffs-Adjustable-Ice-Level-Disposable-Vape-14.png\" alt=\"P\u00f4ster colorido anunciando o vaporizador descart\u00e1vel Bangking \u201cIce Cool\u201d, mostrando dois grandes dispositivos brancos e dourados, especifica\u00e7\u00f5es do produto (l\u00edquido eletr\u00f4nico de 25 ml, bateria recarreg\u00e1vel de 850 mAh, carregamento tipo C, 5 n\u00edveis de resfriamento ajust\u00e1veis e at\u00e9 60K puffs) e uma grade de 12 dispositivos menores com padr\u00f5es brilhantes rotulados com sabores como Blue Razz Ice, Strawberry Watermelon, Watermelon Ice, Peach Ice, Grape Ice, Scary .\" width=\"872\" height=\"1500\" srcset=\"https:\/\/pgvape.com\/wp-content\/uploads\/2025\/09\/Pgvape-Bang-King-Ice-Cool-6000-60K-Puffs-Adjustable-Ice-Level-Disposable-Vape-14.png 872w, https:\/\/pgvape.com\/wp-content\/uploads\/2025\/09\/Pgvape-Bang-King-Ice-Cool-6000-60K-Puffs-Adjustable-Ice-Level-Disposable-Vape-14-209x360.png 209w, https:\/\/pgvape.com\/wp-content\/uploads\/2025\/09\/Pgvape-Bang-King-Ice-Cool-6000-60K-Puffs-Adjustable-Ice-Level-Disposable-Vape-14-595x1024.png 595w, https:\/\/pgvape.com\/wp-content\/uploads\/2025\/09\/Pgvape-Bang-King-Ice-Cool-6000-60K-Puffs-Adjustable-Ice-Level-Disposable-Vape-14-233x400.png 233w, https:\/\/pgvape.com\/wp-content\/uploads\/2025\/09\/Pgvape-Bang-King-Ice-Cool-6000-60K-Puffs-Adjustable-Ice-Level-Disposable-Vape-14-768x1321.png 768w, https:\/\/pgvape.com\/wp-content\/uploads\/2025\/09\/Pgvape-Bang-King-Ice-Cool-6000-60K-Puffs-Adjustable-Ice-Level-Disposable-Vape-14-7x12.png 7w, https:\/\/pgvape.com\/wp-content\/uploads\/2025\/09\/Pgvape-Bang-King-Ice-Cool-6000-60K-Puffs-Adjustable-Ice-Level-Disposable-Vape-14-600x1032.png 600w, https:\/\/pgvape.com\/wp-content\/uploads\/2025\/09\/Pgvape-Bang-King-Ice-Cool-6000-60K-Puffs-Adjustable-Ice-Level-Disposable-Vape-14-23x40.png 23w\" sizes=\"auto, (max-width: 872px) 100vw, 872px\" \/><\/p>\n<h2><\/h2>\n<h2><span style=\"font-size: 90%;\">Perguntas frequentes sobre Bang King Ice Cool 60000 | 60k Puffs Vape descart\u00e1vel com n\u00edvel de gelo ajust\u00e1vel:<\/span><\/h2>\n<p data-sourcepos=\"39:1-40:97\">\u2753 <strong data-sourcepos=\"39:3-39:40\">Como funciona o ajuste do gelo?<br \/>\n<\/strong> \u2705 Ciclo atrav\u00e9s <strong data-sourcepos=\"40:17-40:37\">5 n\u00edveis de resfriamento<\/strong> (1=leve \u2192 5=congelamento) para intensidade de mentol personalizada.<\/p>\n<p data-sourcepos=\"42:1-43:94\">\u2753 <strong data-sourcepos=\"42:3-42:39\">A qualidade do vapor \u00e9 consistente?<br \/>\n<\/strong> \u2705 <strong data-sourcepos=\"43:3-43:21\">bobina de malha 1.0\u03a9<\/strong> garante <strong data-sourcepos=\"43:30-43:49\">30% mais sabor<\/strong> e <strong data-sourcepos=\"43:54-43:72\">empates mais suaves<\/strong> versus bobinas padr\u00e3o.<\/p>\n<p data-sourcepos=\"45:1-46:90\">\u2753 <strong data-sourcepos=\"45:3-45:38\">Quanto tempo dura a bateria?<\/strong><br \/>\n\u2705 <strong data-sourcepos=\"46:3-46:21\">Bateria de 850mAh<\/strong> suporta <strong data-sourcepos=\"46:31-46:46\">dias de uso<\/strong>; <strong data-sourcepos=\"46:48-46:58\">Tipo-C<\/strong> recarrega em <strong data-sourcepos=\"46:72-46:87\">~45 minutos<\/strong>.<\/p>\n<p data-sourcepos=\"48:1-49:91\">\u2753 <strong data-sourcepos=\"48:3-48:27\">Para quem \u00e9 ideal?<br \/>\n<\/strong> \u2705 <strong data-sourcepos=\"49:3-49:26\">Entusiastas de mentol<\/strong> + <strong data-sourcepos=\"49:29-49:42\">varejistas<\/strong> buscando descart\u00e1veis \u200b\u200bde alta margem e ricos em recursos.<\/p>\n<p>&nbsp;<\/p>\n<h3 id=\"brxe-najhln\" class=\"brxe-heading\">Perguntas frequentes (FAQ)<\/h3>\n<div id=\"brxe-rajiac\" class=\"brxe-text\">\n<p><strong>P: Quais m\u00e9todos de pagamento voc\u00ea aceita?<\/strong><br \/>\nR: Aceitamos PayPal, Stripe, transfer\u00eancias banc\u00e1rias (com suporte SEPA), os principais cart\u00f5es de cr\u00e9dito (Visa, MasterCard, American Express) e pagamentos em criptomoedas.<\/p>\n<p><strong>P: Quanto tempo leva a prepara\u00e7\u00e3o do pedido?<\/strong><br \/>\nR: A prepara\u00e7\u00e3o do pedido leva de 1 a 3 dias \u00fateis.<\/p>\n<p><strong>P: Qual \u00e9 o tempo de envio?<\/strong><br \/>\nR: O tempo de envio \u00e9 de 7 a 14 dias \u00fateis, dependendo da sua localiza\u00e7\u00e3o.<\/p>\n<p><strong>P: Como posso rastrear meu pedido?<\/strong><br \/>\nR: Ap\u00f3s o envio, voc\u00ea receber\u00e1 um e-mail de confirma\u00e7\u00e3o com um n\u00famero de rastreamento para rastreamento em tempo real.<\/p>\n<p><strong>P: Qual \u00e9 a sua pol\u00edtica de devolu\u00e7\u00e3o?<\/strong><br \/>\nR: Oferecemos uma pol\u00edtica de devolu\u00e7\u00e3o de 30 dias para reembolsos ou trocas. .<\/p>\n<p><strong>P: Haver\u00e1 algum problema alfandeg\u00e1rio?<br \/>\n<\/strong>Lidamos com todos os procedimentos de desembara\u00e7o aduaneiro para garantir uma experi\u00eancia descomplicada para voc\u00ea. .<\/p>\n<p><strong>P: Quais m\u00e9todos de envio s\u00e3o usados?<\/strong><br \/>\nCooperamos com UPS\/DHL\/FEDEX\/DPD, etc. Escolheremos a op\u00e7\u00e3o de envio apropriada dependendo do pa\u00eds de entrega para garantir que voc\u00ea receba seus produtos o mais r\u00e1pido poss\u00edvel.<\/p>\n<p><a href=\"https:\/\/pgvape.com\/pt\/perguntas-frequentes\/\">Clique aqui para mais perguntas frequentes<\/a><\/p>\n<p>Prezados clientes, Se voc\u00ea tiver alguma d\u00favida sobre seu pedido ou a chegada de mercadorias, entre em contato com nosso atendimento ao cliente. Obrigado!<\/p>\n<h3 data-sourcepos=\"73:1-73:21\"><strong data-sourcepos=\"73:7-73:21\">Contate-nos<\/strong><\/h3>\n<div id=\"text-2419739398\" class=\"text\">\n<p><strong data-sourcepos=\"75:3-75:12\">E-mail<\/strong>:\u00a0<a href=\"mailto:support@pgvape.com\"><strong>support@pgvape.com<\/strong><\/a><\/p>\n<p><strong data-sourcepos=\"76:3-76:15\">WhatsApp<\/strong>: <a href=\"https:\/\/wa.me\/+8618128481258\"><strong>+86 18128481258<\/strong><\/a><br \/>\n<strong>(Resposta em at\u00e9 24 horas em dias \u00fateis)<\/strong><\/p>\n<\/div>\n<h3><strong>Obrigado por escolher pgvape.com! .<\/strong><\/h3>\n<\/div>","protected":false},"excerpt":{"rendered":"<p>Com <strong data-sourcepos=\"54:6-54:19\">60 mil baforadas<\/strong>, <strong data-sourcepos=\"54:21-54:47\">resfriamento de gelo ajust\u00e1vel<\/strong>, e <strong data-sourcepos=\"54:53-54:75\">bobinas de malha premium<\/strong>, o <strong data-sourcepos=\"54:81-54:107\">Bang King Gelo Legal 60K<\/strong> domina o mercado de vapor de mentol. <strong data-sourcepos=\"54:143-54:157\">12 sabores<\/strong> e <strong data-sourcepos=\"54:162-54:184\">rastreamento inteligente de LED<\/strong> atender a todas as prefer\u00eancias.<\/p>","protected":false},"featured_media":675,"comment_status":"open","ping_status":"closed","template":"","meta":{"_seopress_robots_primary_cat":"none","_seopress_titles_title":"","_seopress_titles_desc":"","_seopress_robots_index":""},"product_brand":[19,516],"product_cat":[48,18,515],"product_tag":[51,52,57,58,59,60],"class_list":{"0":"post-672","1":"product","2":"type-product","3":"status-publish","4":"has-post-thumbnail","6":"product_brand-bang-king-vape","7":"product_brand-disposable-vape","8":"product_cat-60k-puffs-vape","9":"product_cat-bang-king-vape","10":"product_cat-disposable-vape","11":"product_tag-60k-puffs","12":"product_tag-60k-vape","13":"product_tag-adjustable-ice-level","14":"product_tag-bang-king-ice-cool-60000","15":"product_tag-mouth-to-lung-mtl","16":"product_tag-smart-screen-display","18":"first","19":"instock","20":"sale","21":"shipping-taxable","22":"purchasable","23":"product-type-variable"},"_links":{"self":[{"href":"https:\/\/pgvape.com\/pt\/wp-json\/wp\/v2\/product\/672","targetHints":{"allow":["GET"]}}],"collection":[{"href":"https:\/\/pgvape.com\/pt\/wp-json\/wp\/v2\/product"}],"about":[{"href":"https:\/\/pgvape.com\/pt\/wp-json\/wp\/v2\/types\/product"}],"replies":[{"embeddable":true,"href":"https:\/\/pgvape.com\/pt\/wp-json\/wp\/v2\/comments?post=672"}],"wp:featuredmedia":[{"embeddable":true,"href":"https:\/\/pgvape.com\/pt\/wp-json\/wp\/v2\/media\/675"}],"wp:attachment":[{"href":"https:\/\/pgvape.com\/pt\/wp-json\/wp\/v2\/media?parent=672"}],"wp:term":[{"taxonomy":"product_brand","embeddable":true,"href":"https:\/\/pgvape.com\/pt\/wp-json\/wp\/v2\/product_brand?post=672"},{"taxonomy":"product_cat","embeddable":true,"href":"https:\/\/pgvape.com\/pt\/wp-json\/wp\/v2\/product_cat?post=672"},{"taxonomy":"product_tag","embeddable":true,"href":"https:\/\/pgvape.com\/pt\/wp-json\/wp\/v2\/product_tag?post=672"}],"curies":[{"name":"wp","href":"https:\/\/api.w.org\/{rel}","templated":true}]}}