{"id":6226,"date":"2025-11-15T08:06:44","date_gmt":"2025-11-15T08:06:44","guid":{"rendered":"https:\/\/pgvape.com\/?post_type=product&#038;p=6226"},"modified":"2026-04-18T15:31:11","modified_gmt":"2026-04-18T15:31:11","slug":"bang-lider-32000-32k-puffs-sabores-duplos-vape-descartavel-remessa-da-ue-frete-gratis-vape-direto-da-fabrica","status":"publish","type":"product","link":"https:\/\/pgvape.com\/pt\/produto\/bang-lider-32000-32k-puffs-sabores-duplos-vape-descartavel-remessa-da-ue-frete-gratis-vape-direto-da-fabrica\/","title":{"rendered":"Bang Leader 32000 | 32K Puffs Vape descart\u00e1vel de sabores duplos | Remessa da UE | Frete gr\u00e1tis | Vape direto da f\u00e1brica"},"content":{"rendered":"<p><strong data-sourcepos=\"4:5-4:59\">Bang Leader 32K Puffs Vape descart\u00e1vel de sabores duplos<\/strong>\u00a0redefine a versatilidade com\u00a0<strong data-sourcepos=\"4:87-4:103\">32.000 baforadas<\/strong>\u00a0e um\u00a0<strong data-sourcepos=\"4:110-4:129\">sistema de pod duplo<\/strong>\u00a0(28mL+28mL).\u00a0<strong data-sourcepos=\"4:153-4:172\">bobinas de malha dupla<\/strong>\u00a0para\u00a0<strong data-sourcepos=\"4:177-4:196\">sabor aprimorado<\/strong>,  e\u00a0<strong data-sourcepos=\"4:245-4:271\">18 combina\u00e7\u00f5es de sabores<\/strong>.\u00a0<strong data-sourcepos=\"4:288-4:317\">mecanismo deslizante para alternar<\/strong>\u00a0permite mudan\u00e7as instant\u00e2neas de sabor, enquanto o\u00a0<strong data-sourcepos=\"4:359-4:390\">Bateria recarreg\u00e1vel de 650mAh<\/strong>\u00a0com\u00a0<strong data-sourcepos=\"4:396-4:415\">Carregamento tipo C<\/strong>\u00a0garante uso ininterrupto.\u00a0<strong data-sourcepos=\"4:452-4:472\">10 unidades por caixa<\/strong> para conveni\u00eancia de varejo.Bang Leader 32K Enviado diretamente de nosso armaz\u00e9m na UE, o\u00a0garante entrega r\u00e1pida e isenta de impostos e autenticidade 100% - trazendo a voc\u00ea uma experi\u00eancia de vaporiza\u00e7\u00e3o de alto n\u00edvel direto \u00e0 sua porta.<\/p>\n<p>&nbsp;<\/p>\n<h2><span style=\"font-size: 90%;\">Bang Leader 32000 | 32K Puffs Vape descart\u00e1vel de sabores duplos\u00a0<strong data-sourcepos=\"6:5-6:27\">Especifica\u00e7\u00f5es<\/strong><\/span><\/h2>\n<p><strong data-sourcepos=\"7:3-7:17\">Contagem de sopros<\/strong>:\u00a0<strong data-sourcepos=\"7:19-7:35\">32.000 baforadas<\/strong><\/p>\n<p><strong data-sourcepos=\"8:3-8:15\">E-l\u00edquido<\/strong>:\u00a0<strong data-sourcepos=\"8:17-8:31\">56mL no total<\/strong>\u00a0(28mL x 2 c\u00e1psulas)<\/p>\n<p><strong data-sourcepos=\"9:3-9:15\">Nicotina<\/strong>: <strong data-sourcepos=\"9:17-9:38\">2%<\/strong><\/p>\n<p><strong data-sourcepos=\"10:3-10:11\">Bobina<\/strong>:\u00a0<strong data-sourcepos=\"10:13-10:31\">Bobina de malha dupla<\/strong>\u00a0(1,0\u03a9)<\/p>\n<p><strong data-sourcepos=\"11:3-11:14\">Bateria<\/strong>:\u00a0<strong data-sourcepos=\"11:16-11:39\">650mAh recarreg\u00e1vel<\/strong><\/p>\n<p><strong data-sourcepos=\"12:3-12:15\">Carregando<\/strong>:\u00a0<strong data-sourcepos=\"12:17-12:41\">Carregamento r\u00e1pido tipo C<\/strong><\/p>\n<p><strong data-sourcepos=\"13:3-13:20\">Troca de sabor<\/strong>:\u00a0<strong data-sourcepos=\"13:22-13:41\">Mecanismo deslizante<\/strong><\/p>\n<p><strong data-sourcepos=\"14:3-14:14\">Sabores<\/strong>:\u00a0<strong data-sourcepos=\"14:16-14:35\">18 combina\u00e7\u00f5es<\/strong><\/p>\n<p><strong data-sourcepos=\"15:3-15:16\">Embalagem<\/strong>:\u00a0<strong data-sourcepos=\"15:18-15:40\">10 pe\u00e7as\/caixa de exibi\u00e7\u00e3o<\/strong><\/p>\n<p><strong data-sourcepos=\"15:3-15:28\">Envio em armaz\u00e9m da UE<\/strong>\u00a0\u2013 Entrega r\u00e1pida e sem impostos<\/p>\n<p>&nbsp;<\/p>\n<h3><span style=\"font-size: 90%;\">Bang Leader 32000 | 32K Puffs Vape descart\u00e1vel de sabores duplos\u00a0<strong data-start=\"786\" data-end=\"804\" data-is-only-node=\"\">Variedade de sabores<\/strong><\/span><\/h3>\n<p>1. Gelo de melancia e hortel\u00e3 de mirtilo<\/p>\n<p>2. Gelo de melancia, morango e manga<\/p>\n<p>3. Morango e melancia e kiwi maracuj\u00e1 goiaba<\/p>\n<p>4. Morango, melancia e gelo de uva<\/p>\n<p>5. Melancia, mirtilo, framboesa e p\u00eassego, manga<\/p>\n<p>6. Melancia com mirtilo e manga com morango<\/p>\n<p>7. Gelo de mirtilo e gelo de drag\u00e3o negro<\/p>\n<p>8. Gelo de mirtilo, morango e banana<\/p>\n<p>9. Melancia Red Bull e Mirtilo<\/p>\n<p>10. Doces de bolha Red Bull e melancia<\/p>\n<p>11. Morango, Kiwi e Gelo de P\u00eassego<\/p>\n<p>12. Morango, Kiwi e Ma\u00e7\u00e3 Azeda, Framboesa<\/p>\n<p>13. Gelo de banana e cereja de mirtilo<\/p>\n<p>14. Gelo de abacate e lim\u00e3o<\/p>\n<p>15.Cola Ice e Cereja Cranberry<\/p>\n<p>16.Gelo de abacaxi e manga tripla<\/p>\n<p>17. Gelo de Lichia e Manga, P\u00eassego, Abacaxi<\/p>\n<p>18. Mel\u00e3o e Melancia, Framboesa<img loading=\"lazy\" decoding=\"async\" class=\"alignnone wp-image-6231 size-full\" src=\"https:\/\/pgvape.com\/wp-content\/uploads\/2025\/11\/pgvape-Bang-Leader-32000-32k-Puffs-Dual-Flavors-Disposable-Vape-Shipment-from-EU-Free-Shipping-3.png\" alt=\"Doze dispositivos vaporizadores descart\u00e1veis \u200b\u200bcoloridos com gradiente rotulados como BANG LEADER e 32.000 baforadas dispostas em uma grade sobre um fundo esfuma\u00e7ado em tons past\u00e9is, cada uma acompanhada por \u00edcones de frutas, gelo ou bebidas indicando sabores como melancia, mirtilo, morango, manga, kiwi, maracuj\u00e1, uva, banana, Red Bull, bala de bolha, p\u00eassego e framboesa.\" width=\"1500\" height=\"1568\" srcset=\"https:\/\/pgvape.com\/wp-content\/uploads\/2025\/11\/pgvape-Bang-Leader-32000-32k-Puffs-Dual-Flavors-Disposable-Vape-Shipment-from-EU-Free-Shipping-3.png 1500w, https:\/\/pgvape.com\/wp-content\/uploads\/2025\/11\/pgvape-Bang-Leader-32000-32k-Puffs-Dual-Flavors-Disposable-Vape-Shipment-from-EU-Free-Shipping-3-344x360.png 344w, https:\/\/pgvape.com\/wp-content\/uploads\/2025\/11\/pgvape-Bang-Leader-32000-32k-Puffs-Dual-Flavors-Disposable-Vape-Shipment-from-EU-Free-Shipping-3-595x622.png 595w, https:\/\/pgvape.com\/wp-content\/uploads\/2025\/11\/pgvape-Bang-Leader-32000-32k-Puffs-Dual-Flavors-Disposable-Vape-Shipment-from-EU-Free-Shipping-3-383x400.png 383w, https:\/\/pgvape.com\/wp-content\/uploads\/2025\/11\/pgvape-Bang-Leader-32000-32k-Puffs-Dual-Flavors-Disposable-Vape-Shipment-from-EU-Free-Shipping-3-768x803.png 768w, https:\/\/pgvape.com\/wp-content\/uploads\/2025\/11\/pgvape-Bang-Leader-32000-32k-Puffs-Dual-Flavors-Disposable-Vape-Shipment-from-EU-Free-Shipping-3-1469x1536.png 1469w, https:\/\/pgvape.com\/wp-content\/uploads\/2025\/11\/pgvape-Bang-Leader-32000-32k-Puffs-Dual-Flavors-Disposable-Vape-Shipment-from-EU-Free-Shipping-3-11x12.png 11w, https:\/\/pgvape.com\/wp-content\/uploads\/2025\/11\/pgvape-Bang-Leader-32000-32k-Puffs-Dual-Flavors-Disposable-Vape-Shipment-from-EU-Free-Shipping-3-600x627.png 600w, https:\/\/pgvape.com\/wp-content\/uploads\/2025\/11\/pgvape-Bang-Leader-32000-32k-Puffs-Dual-Flavors-Disposable-Vape-Shipment-from-EU-Free-Shipping-3-38x40.png 38w\" sizes=\"auto, (max-width: 1500px) 100vw, 1500px\" \/><\/p>\n<p>&nbsp;<\/p>\n<h3><span style=\"font-size: 90%;\">Bang Leader 32000 | 32K Puffs Vape descart\u00e1vel de sabores duplos\u00a0<strong>V\u00eddeo<\/strong>:<\/span><\/h3>\n<p>&nbsp;<\/p>\n<h3 class=\"auto-hide-last-sibling-br paragraph-pP9ZLC paragraph-element br-paragraph-space\"><span style=\"font-size: 90%;\">Por que escolher o Armaz\u00e9m Europeu PGVape?<\/span><\/h3>\n<p>Envio r\u00e1pido: Entrega para a maioria dos pa\u00edses da UE dentro de 3 a 7 dias \u00fateis.<\/p>\n<p>Entrega isenta de impostos: O estoque local da UE garante um envio tranquilo e isento de impostos.<\/p>\n<p>Garantia aut\u00eantica 100%: cigarros eletr\u00f4nicos Bang Leader genu\u00ednos de fornecedores certificados.<\/p>\n<p>Estoque Fresco: Armazenado sob condi\u00e7\u00f5es controladas para garantir a qualidade ideal.<\/p>\n<p>Confi\u00e1vel pelos europeus: Milhares de clientes desfrutam de servi\u00e7os de cigarros eletr\u00f4nicos r\u00e1pidos e seguros da PGVape.<\/p>\n<p>&nbsp;<\/p>\n<h2><span style=\"font-size: 90%;\">Perguntas frequentes sobre Bang Leader 32000 | 32K Puffs Dual Flavors Vape descart\u00e1vel<\/span><\/h2>\n<p data-sourcepos=\"30:1-31:102\">\u2753\u00a0<strong data-sourcepos=\"30:3-30:41\">Como funciona o mecanismo deslizante?<\/strong><br \/>\n\u2705\u00a0Simplesmente\u00a0<strong data-sourcepos=\"31:10-31:30\">deslize para a esquerda\/direita<\/strong>\u00a0para alternar instantaneamente entre\u00a0<strong data-sourcepos=\"31:59-31:74\">dois sabores<\/strong>\u00a0sem alterar dispositivos.<\/p>\n<p data-sourcepos=\"33:1-34:91\">\u2753\u00a0<strong data-sourcepos=\"33:3-33:45\">O que torna a qualidade do vapor superior?<\/strong><br \/>\n\u2705\u00a0<strong data-sourcepos=\"34:3-34:22\">Bobinas de malha dupla<\/strong>\u00a0fornecer\u00a0<strong data-sourcepos=\"34:31-34:50\">40% mais sabor<\/strong>\u00a0do que os descart\u00e1veis \u200b\u200bde bobina \u00fanica padr\u00e3o.<\/p>\n<p data-sourcepos=\"36:1-37:98\">\u2753\u00a0<strong data-sourcepos=\"36:3-36:38\">Quanto tempo dura a bateria?<\/strong><br \/>\n\u2705\u00a0<strong data-sourcepos=\"37:3-37:21\">Bateria de 650mAh<\/strong>\u00a0suporta\u00a0<strong data-sourcepos=\"37:31-37:43\">5-7 dias<\/strong>\u00a0de uso moderado;\u00a0<strong data-sourcepos=\"37:80-37:95\">~60 minutos<\/strong>.<\/p>\n<p data-sourcepos=\"39:1-40:99\">\u2753\u00a0<strong data-sourcepos=\"39:3-39:38\">Isso \u00e9 adequado para varejistas?<\/strong><br \/>\n\u2705\u00a0<strong data-sourcepos=\"40:3-40:41\">Caixas expositoras atraentes com 10 unidades<\/strong>\u00a0com\u00a0<strong data-sourcepos=\"40:47-40:74\">rotulagem de sabor premium<\/strong>\u00a0maximizar o apelo nas prateleiras.<\/p>\n<p data-sourcepos=\"39:1-40:99\">\u2753\u00a0<strong data-sourcepos=\"50:3-50:42\">De onde este produto \u00e9 enviado?<\/strong><br \/>\n\u2705\u00a0Direto de\u00a0<strong data-sourcepos=\"51:15-51:32\">Armaz\u00e9ns da UE<\/strong>\u00a0para\u00a0<strong data-sourcepos=\"51:37-51:64\">entrega r\u00e1pida e sem impostos<\/strong>.<\/p>\n<p>&nbsp;<\/p>\n<h3 id=\"brxe-najhln\" class=\"brxe-heading\">Perguntas frequentes (FAQ)<\/h3>\n<div id=\"brxe-rajiac\" class=\"brxe-text\">\n<p><strong>P: Quais m\u00e9todos de pagamento voc\u00ea aceita?<\/strong><br \/>\nR: Aceitamos PayPal, Stripe, transfer\u00eancias banc\u00e1rias (com suporte SEPA), os principais cart\u00f5es de cr\u00e9dito (Visa, MasterCard, American Express) e pagamentos em criptomoedas.<\/p>\n<p><strong>P: Quanto tempo leva a prepara\u00e7\u00e3o do pedido?<\/strong><br \/>\nR: A prepara\u00e7\u00e3o do pedido leva de 1 a 3 dias \u00fateis.<\/p>\n<p><strong>P: Qual \u00e9 o tempo de envio?<\/strong><br \/>\nR: O tempo de envio \u00e9 de 7 a 14 dias \u00fateis, dependendo da sua localiza\u00e7\u00e3o. As mercadorias enviadas de armaz\u00e9ns europeus normalmente levam de 3 a 6 dias \u00fateis para serem entregues.<\/p>\n<p><strong>P: Como posso rastrear meu pedido?<\/strong><br \/>\nR: Ap\u00f3s o envio, voc\u00ea receber\u00e1 um e-mail de confirma\u00e7\u00e3o com um n\u00famero de rastreamento para rastreamento em tempo real.<\/p>\n<p><strong>P: Qual \u00e9 a sua pol\u00edtica de devolu\u00e7\u00e3o?<\/strong><br \/>\nR: Oferecemos uma pol\u00edtica de devolu\u00e7\u00e3o de 30 dias para reembolsos ou trocas. .<\/p>\n<p><strong>P: Haver\u00e1 algum problema alfandeg\u00e1rio?<br \/>\n<\/strong>Lidamos com todos os procedimentos de desembara\u00e7o aduaneiro para garantir uma experi\u00eancia descomplicada para voc\u00ea. .<\/p>\n<p><strong>P: Quais m\u00e9todos de envio s\u00e3o usados?<\/strong><br \/>\nCooperamos com UPS\/DHL\/FEDEX\/DPD, etc. Escolheremos a op\u00e7\u00e3o de envio apropriada dependendo do pa\u00eds de entrega para garantir que voc\u00ea receba seus produtos o mais r\u00e1pido poss\u00edvel.<\/p>\n<p><a href=\"https:\/\/pgvape.com\/pt\/perguntas-frequentes\/\">Clique aqui para mais perguntas frequentes<\/a><\/p>\n<p>Prezados clientes, Se voc\u00ea tiver alguma d\u00favida sobre seu pedido ou a chegada de mercadorias, entre em contato com nosso atendimento ao cliente. Obrigado!<\/p>\n<h3 data-sourcepos=\"73:1-73:21\"><strong data-sourcepos=\"73:7-73:21\">Contate-nos<\/strong><\/h3>\n<div id=\"text-2419739398\" class=\"text\">\n<p><strong data-sourcepos=\"75:3-75:12\">E-mail<\/strong>:\u00a0<a href=\"mailto:support@pgvape.com\"><strong>support@pgvape.com<\/strong><\/a><\/p>\n<p><strong data-sourcepos=\"76:3-76:15\">WhatsApp<\/strong>:\u00a0<a href=\"https:\/\/wa.me\/+8618128481258\"><strong>+86 18128481258<\/strong><\/a><br \/>\n<strong>(Resposta em at\u00e9 24 horas em dias \u00fateis)<\/strong><\/p>\n<\/div>\n<h3><strong>Obrigado por escolher pgvape.com! .<\/strong><\/h3>\n<\/div>","protected":false},"excerpt":{"rendered":"<p><strong data-sourcepos=\"43:5-43:30\">Bang Leader 32K Puffs<\/strong>\u00a0combina\u00a0<strong data-sourcepos=\"43:40-43:70\">capacidade estendida de pod duplo<\/strong>,\u00a0<strong data-sourcepos=\"43:72-43:100\">troca instant\u00e2nea de sabor<\/strong>, e\u00a0<strong data-sourcepos=\"43:106-43:139\">desempenho de bobina de malha premium<\/strong>\u00a0com\u00a0<strong data-sourcepos=\"43:145-43:164\">18 pares de sabores<\/strong>\u00a0para m\u00e1xima versatilidade de vaporiza\u00e7\u00e3o.<\/p>","protected":false},"featured_media":6230,"comment_status":"open","ping_status":"closed","template":"","meta":{"_seopress_robots_primary_cat":"none","_seopress_titles_title":"%%post_title%% %%sep%% %%sitetitle%%","_seopress_titles_desc":"","_seopress_robots_index":""},"product_brand":[54,516],"product_cat":[515,461,362],"product_tag":[364,363,90,66,459,203],"class_list":{"0":"post-6226","1":"product","2":"type-product","3":"status-publish","4":"has-post-thumbnail","6":"product_brand-bang-leader-vape","7":"product_brand-disposable-vape","8":"product_cat-disposable-vape","9":"product_cat-bang-leader-vape-eu","10":"product_cat-32k-puffs-vape","11":"product_tag-32k-puffs-vape","12":"product_tag-bang-leader-32000","13":"product_tag-disposable-vape","14":"product_tag-dual-flavors","15":"product_tag-free-shipping","16":"product_tag-shipment-from-eu","18":"first","19":"instock","20":"sale","21":"shipping-taxable","22":"purchasable","23":"product-type-variable"},"_links":{"self":[{"href":"https:\/\/pgvape.com\/pt\/wp-json\/wp\/v2\/product\/6226","targetHints":{"allow":["GET"]}}],"collection":[{"href":"https:\/\/pgvape.com\/pt\/wp-json\/wp\/v2\/product"}],"about":[{"href":"https:\/\/pgvape.com\/pt\/wp-json\/wp\/v2\/types\/product"}],"replies":[{"embeddable":true,"href":"https:\/\/pgvape.com\/pt\/wp-json\/wp\/v2\/comments?post=6226"}],"wp:featuredmedia":[{"embeddable":true,"href":"https:\/\/pgvape.com\/pt\/wp-json\/wp\/v2\/media\/6230"}],"wp:attachment":[{"href":"https:\/\/pgvape.com\/pt\/wp-json\/wp\/v2\/media?parent=6226"}],"wp:term":[{"taxonomy":"product_brand","embeddable":true,"href":"https:\/\/pgvape.com\/pt\/wp-json\/wp\/v2\/product_brand?post=6226"},{"taxonomy":"product_cat","embeddable":true,"href":"https:\/\/pgvape.com\/pt\/wp-json\/wp\/v2\/product_cat?post=6226"},{"taxonomy":"product_tag","embeddable":true,"href":"https:\/\/pgvape.com\/pt\/wp-json\/wp\/v2\/product_tag?post=6226"}],"curies":[{"name":"wp","href":"https:\/\/api.w.org\/{rel}","templated":true}]}}