{"id":6153,"date":"2025-11-15T05:52:26","date_gmt":"2025-11-15T05:52:26","guid":{"rendered":"https:\/\/pgvape.com\/?post_type=product&#038;p=6153"},"modified":"2026-04-18T15:31:12","modified_gmt":"2026-04-18T15:31:12","slug":"bang-lider-45000-45k-puffs-sabores-duplos-vape-descartavel-envio-da-ue-frete-gratis-vape-direto-da-fabrica","status":"publish","type":"product","link":"https:\/\/pgvape.com\/pt\/produto\/bang-lider-45000-45k-puffs-sabores-duplos-vape-descartavel-envio-da-ue-frete-gratis-vape-direto-da-fabrica\/","title":{"rendered":"Bang Leader 45000 | 45k Puffs Dual Flavors Vape Descart\u00e1vel | Remessa da UE | Frete Gr\u00e1tis | Vape Direto da F\u00e1brica"},"content":{"rendered":"<p><strong data-sourcepos=\"4:5-4:46\">Bang Leader 45K Puffs Vape Descart\u00e1vel<\/strong>\u00a0entrega\u00a0<strong data-sourcepos=\"4:56-4:88\">satisfa\u00e7\u00e3o vaping estendida<\/strong>\u00a0com\u00a0<strong data-sourcepos=\"4:94-4:110\">45.000 baforadas<\/strong>\u00a0e um\u00a0<strong data-sourcepos=\"4:117-4:139\">sistema de sabor duplo<\/strong>.\u00a0<strong data-sourcepos=\"4:151-4:170\">bobinas de malha dupla<\/strong>\u00a0para\u00a0<strong data-sourcepos=\"4:175-4:204\">produ\u00e7\u00e3o aprimorada de vapor<\/strong>, e\u00a0<strong data-sourcepos=\"4:253-4:287\">12 combina\u00e7\u00f5es de sabores premium<\/strong>.\u00a0<strong data-sourcepos=\"4:293-4:324\">Bateria recarreg\u00e1vel de 650mAh<\/strong>\u00a0com\u00a0<strong data-sourcepos=\"4:330-4:349\">Carregamento tipo C<\/strong>\u00a0e\u00a0<strong data-sourcepos=\"4:354-4:377\">Visor digital LED<\/strong>\u00a0garante um uso conveniente e ininterrupto.\u00a0<strong data-sourcepos=\"4:426-4:446\">10 unidades por caixa<\/strong>\u00a0para conveni\u00eancia do varejo.<br \/>\nBang Leader 45K Enviado diretamente de nosso armaz\u00e9m na UE, garante entrega r\u00e1pida e isenta de impostos e autenticidade 100% - trazendo a voc\u00ea uma experi\u00eancia de vaporiza\u00e7\u00e3o de alto n\u00edvel direto \u00e0 sua porta.<\/p>\n<p>&nbsp;<\/p>\n<h2><span style=\"font-size: 90%;\">Bang Leader 45000 | 45k Puffs Vape Descart\u00e1vel de Sabores Duplos\u00a0<strong data-sourcepos=\"6:5-6:27\">Especifica\u00e7\u00f5es<\/strong><\/span><\/h2>\n<p><strong data-sourcepos=\"7:3-7:17\">Contagem de sopros<\/strong>:\u00a0<strong data-sourcepos=\"7:19-7:35\">45.000 baforadas<\/strong><\/p>\n<p><strong data-sourcepos=\"8:3-8:20\">Sistema de sabores<\/strong>:\u00a0<strong data-sourcepos=\"8:22-8:47\">Troca de sabor duplo<\/strong><\/p>\n<p><strong data-sourcepos=\"9:3-9:15\">Nicotina<\/strong>: <strong data-sourcepos=\"9:17-9:38\">2%<\/strong><\/p>\n<p><strong data-sourcepos=\"10:3-10:11\">Bobina<\/strong>:\u00a0<strong data-sourcepos=\"10:13-10:38\">Bobina de malha dupla (1,0\u03a9)<\/strong><\/p>\n<p><strong data-sourcepos=\"11:3-11:14\">Bateria<\/strong>:\u00a0<strong data-sourcepos=\"11:16-11:39\">650mAh recarreg\u00e1vel<\/strong><\/p>\n<p><strong data-sourcepos=\"12:3-12:15\">Carregando<\/strong>:\u00a0<strong data-sourcepos=\"12:17-12:41\">Carregamento r\u00e1pido tipo C<\/strong><\/p>\n<p><strong data-sourcepos=\"13:3-13:14\">Mostrar<\/strong>:\u00a0<strong data-sourcepos=\"13:16-13:38\">Tela digital LED<\/strong><\/p>\n<p><strong data-sourcepos=\"14:3-14:14\">Sabores<\/strong>:\u00a0<strong data-sourcepos=\"14:16-14:38\">12 op\u00e7\u00f5es selecionadas<\/strong><\/p>\n<p><strong data-sourcepos=\"15:3-15:16\">Embalagem<\/strong>:\u00a0<strong data-sourcepos=\"15:18-15:40\">10 pe\u00e7as\/caixa de exibi\u00e7\u00e3o<\/strong><\/p>\n<p><strong data-sourcepos=\"15:3-15:28\">Envio em armaz\u00e9m da UE<\/strong>\u00a0\u2013 Entrega r\u00e1pida e sem impostos<\/p>\n<p>&nbsp;<\/p>\n<h3><span style=\"font-size: 90%;\">Bang Leader 45000 | 45k Puffs Vape Descart\u00e1vel de Sabores Duplos\u00a0<strong data-sourcepos=\"17:5-17:28\">Combina\u00e7\u00f5es de sabores<\/strong><\/span><\/h3>\n<p><strong>1. Gelo de mirtilo e gelo de drag\u00e3o negro<\/strong><\/p>\n<p><strong>2. Gelo de mirtilo e morango e banana<\/strong><\/p>\n<p><strong>3. Melancia, mirtilo, framboesa e p\u00eassego, manga<\/strong><\/p>\n<p><strong>4. Melancia com mirtilo e manga com morango<\/strong><\/p>\n<p><strong>5.Cola Gelo e Cereja Cranberry<\/strong><\/p>\n<p><strong>6. Gelo de abacaxi e manga tripla<\/strong><\/p>\n<p><strong>7. Melancia Red Bull e Mirtilo<\/strong><\/p>\n<p><strong>8. Doces Bubble Red Bull e Melancia<\/strong><\/p>\n<p><strong>9. Morango, Kiwi e Gelo de P\u00eassego<\/strong><\/p>\n<p><strong>10. Melancia, morango e gelo de uva<\/strong><\/p>\n<p><strong>11. Melancia Morango e Kiwi Maracuj\u00e1 Goiaba<\/strong><\/p>\n<p><strong>12. Gelo de melancia, morango e manga<\/strong><\/p>\n<p><strong>13. Sorvete de Morango e Gelo de Lim\u00e3o Rosa<\/strong><\/p>\n<p><strong>14.Cherry Cola e chiclete de melancia<\/strong><\/p>\n<p><strong>15. Gelo de cereja e sorvete de morango e cranberry<\/strong><\/p>\n<p><strong>16. Lim\u00e3o e lim\u00e3o e Razzle azul<\/strong><\/p>\n<p><strong>17. Framboesa Mojito P\u00eassego Gelo e Ma\u00e7\u00e3 P\u00eara<\/strong><\/p>\n<p><strong>18.Gelo de lichia e gel\u00e9ia de mel\u00e3o<img loading=\"lazy\" decoding=\"async\" class=\"alignnone wp-image-6158 size-full\" src=\"https:\/\/pgvape.com\/wp-content\/uploads\/2025\/11\/pgvape-Bang-Leader-45000-45k-Puffs-Dual-Flavors-Disposable-Vape-Shipment-from-EU-Free-Shipping-3.png\" alt=\"An\u00fancio colorido de vapes descart\u00e1veis \u200b\u200bBang Leader mostrando dois grandes dispositivos gradientes e uma grade de dispositivos menores com obras de arte distintas de rostos de animais, a ousada afirma\u00e7\u00e3o &quot;45.000 baforadas&quot;, nome da marca, carregamento Type-C e mais de 21 \u00edcones, al\u00e9m de um fundo de pista de corrida din\u00e2mico.\" width=\"1920\" height=\"1080\" srcset=\"https:\/\/pgvape.com\/wp-content\/uploads\/2025\/11\/pgvape-Bang-Leader-45000-45k-Puffs-Dual-Flavors-Disposable-Vape-Shipment-from-EU-Free-Shipping-3.png 1920w, https:\/\/pgvape.com\/wp-content\/uploads\/2025\/11\/pgvape-Bang-Leader-45000-45k-Puffs-Dual-Flavors-Disposable-Vape-Shipment-from-EU-Free-Shipping-3-555x312.png 555w, https:\/\/pgvape.com\/wp-content\/uploads\/2025\/11\/pgvape-Bang-Leader-45000-45k-Puffs-Dual-Flavors-Disposable-Vape-Shipment-from-EU-Free-Shipping-3-595x335.png 595w, https:\/\/pgvape.com\/wp-content\/uploads\/2025\/11\/pgvape-Bang-Leader-45000-45k-Puffs-Dual-Flavors-Disposable-Vape-Shipment-from-EU-Free-Shipping-3-400x225.png 400w, https:\/\/pgvape.com\/wp-content\/uploads\/2025\/11\/pgvape-Bang-Leader-45000-45k-Puffs-Dual-Flavors-Disposable-Vape-Shipment-from-EU-Free-Shipping-3-768x432.png 768w, https:\/\/pgvape.com\/wp-content\/uploads\/2025\/11\/pgvape-Bang-Leader-45000-45k-Puffs-Dual-Flavors-Disposable-Vape-Shipment-from-EU-Free-Shipping-3-1536x864.png 1536w, https:\/\/pgvape.com\/wp-content\/uploads\/2025\/11\/pgvape-Bang-Leader-45000-45k-Puffs-Dual-Flavors-Disposable-Vape-Shipment-from-EU-Free-Shipping-3-18x10.png 18w, https:\/\/pgvape.com\/wp-content\/uploads\/2025\/11\/pgvape-Bang-Leader-45000-45k-Puffs-Dual-Flavors-Disposable-Vape-Shipment-from-EU-Free-Shipping-3-600x338.png 600w, https:\/\/pgvape.com\/wp-content\/uploads\/2025\/11\/pgvape-Bang-Leader-45000-45k-Puffs-Dual-Flavors-Disposable-Vape-Shipment-from-EU-Free-Shipping-3-60x34.png 60w\" sizes=\"auto, (max-width: 1920px) 100vw, 1920px\" \/><\/strong><\/p>\n<p>&nbsp;<\/p>\n<h3><span style=\"font-size: 90%;\">Bang Leader 45000 | 45k Puffs Vape Descart\u00e1vel de Sabores Duplos\u00a0<strong>V\u00eddeo<\/strong>:<\/span><\/h3>\n<p>&nbsp;<\/p>\n<h3 class=\"auto-hide-last-sibling-br paragraph-pP9ZLC paragraph-element br-paragraph-space\"><span style=\"font-size: 90%;\">Por que escolher o Armaz\u00e9m Europeu PGVape?<\/span><\/h3>\n<p>Envio r\u00e1pido: Entrega para a maioria dos pa\u00edses da UE dentro de 3 a 7 dias \u00fateis.<\/p>\n<p>Entrega isenta de impostos: O estoque local da UE garante um envio tranquilo e isento de impostos.<\/p>\n<p>Garantia aut\u00eantica 100%: cigarros eletr\u00f4nicos Bang Leader genu\u00ednos de fornecedores certificados.<\/p>\n<p>Estoque Fresco: Armazenado sob condi\u00e7\u00f5es controladas para garantir a qualidade ideal.<\/p>\n<p>Confi\u00e1vel pelos europeus: Milhares de clientes desfrutam de servi\u00e7os de cigarros eletr\u00f4nicos r\u00e1pidos e seguros da PGVape.<\/p>\n<p>&nbsp;<\/p>\n<h2><span style=\"font-size: 90%;\">Perguntas frequentes sobre Bang Leader 45000 | 45k Puffs Dual Flavors Vape descart\u00e1vel<\/span><\/h2>\n<p data-sourcepos=\"30:1-31:104\">\u2753\u00a0<strong data-sourcepos=\"30:3-30:44\">Como funciona o sistema de sabor duplo?<\/strong><br \/>\n\u2705\u00a0Alternar instantaneamente entre\u00a0<strong data-sourcepos=\"31:28-31:52\">dois sabores distintos<\/strong>\u00a0com um simples toque de bot\u00e3o ou rota\u00e7\u00e3o autom\u00e1tica.<\/p>\n<p data-sourcepos=\"33:1-34:91\">\u2753\u00a0<strong data-sourcepos=\"33:3-33:40\">O que garante a longevidade dos 45K puffs?<\/strong><br \/>\n\u2705\u00a0<strong data-sourcepos=\"34:3-34:37\">Tecnologia otimizada de bobina dupla<\/strong>\u00a0maximiza a efici\u00eancia do e-l\u00edquido para\u00a0<strong data-sourcepos=\"34:72-34:88\">uso prolongado<\/strong>.<\/p>\n<p data-sourcepos=\"36:1-37:103\">\u2753\u00a0<strong data-sourcepos=\"36:3-36:42\">A produ\u00e7\u00e3o de vapor \u00e9 impressionante?<\/strong><br \/>\n\u2705\u00a0<strong data-sourcepos=\"37:3-37:22\">Bobinas de malha dupla<\/strong>\u00a0entregar\u00a0<strong data-sourcepos=\"37:31-37:52\">Nuvens mais densas 40%<\/strong>\u00a0e\u00a0<strong data-sourcepos=\"37:57-37:74\">sabor mais rico<\/strong>\u00a0do que os descart\u00e1veis \u200b\u200bpadr\u00e3o.<\/p>\n<p data-sourcepos=\"39:1-40:86\">\u2753\u00a0<strong data-sourcepos=\"39:3-39:41\">Qu\u00e3o conveniente \u00e9 o display LED?<br \/>\n<\/strong>\u2705\u00a0Monitorar\u00a0<strong data-sourcepos=\"40:11-40:30\">baforadas restantes<\/strong>,\u00a0<strong data-sourcepos=\"40:32-40:48\">vida \u00fatil da bateria<\/strong>, e\u00a0<strong data-sourcepos=\"40:54-40:71\">sabor ativo<\/strong>\u00a0de relance.<\/p>\n<p data-sourcepos=\"39:1-40:86\">\u2753\u00a0<strong data-sourcepos=\"50:3-50:42\">De onde este produto \u00e9 enviado?<\/strong><br \/>\n\u2705\u00a0Direto de\u00a0<strong data-sourcepos=\"51:15-51:32\">Armaz\u00e9ns da UE<\/strong>\u00a0para\u00a0<strong data-sourcepos=\"51:37-51:64\">entrega r\u00e1pida e sem impostos<\/strong>.<\/p>\n<p>&nbsp;<\/p>\n<h3 id=\"brxe-najhln\" class=\"brxe-heading\">Perguntas frequentes (FAQ)<\/h3>\n<div id=\"brxe-rajiac\" class=\"brxe-text\">\n<p><strong>P: Quais m\u00e9todos de pagamento voc\u00ea aceita?<\/strong><br \/>\nR: Aceitamos PayPal, Stripe, transfer\u00eancias banc\u00e1rias (com suporte SEPA), os principais cart\u00f5es de cr\u00e9dito (Visa, MasterCard, American Express) e pagamentos em criptomoedas.<\/p>\n<p><strong>P: Quanto tempo leva a prepara\u00e7\u00e3o do pedido?<\/strong><br \/>\nR: A prepara\u00e7\u00e3o do pedido leva de 1 a 3 dias \u00fateis.<\/p>\n<p><strong>P: Qual \u00e9 o tempo de envio?<\/strong><br \/>\nR: O tempo de envio \u00e9 de 7 a 14 dias \u00fateis, dependendo da sua localiza\u00e7\u00e3o. As mercadorias enviadas de armaz\u00e9ns europeus normalmente levam de 3 a 6 dias \u00fateis para serem entregues.<\/p>\n<p><strong>P: Como posso rastrear meu pedido?<\/strong><br \/>\nR: Ap\u00f3s o envio, voc\u00ea receber\u00e1 um e-mail de confirma\u00e7\u00e3o com um n\u00famero de rastreamento para rastreamento em tempo real.<\/p>\n<p><strong>P: Qual \u00e9 a sua pol\u00edtica de devolu\u00e7\u00e3o?<\/strong><br \/>\nR: Oferecemos uma pol\u00edtica de devolu\u00e7\u00e3o de 30 dias para reembolsos ou trocas. .<\/p>\n<p><strong>P: Haver\u00e1 algum problema alfandeg\u00e1rio?<br \/>\n<\/strong>Lidamos com todos os procedimentos de desembara\u00e7o aduaneiro para garantir uma experi\u00eancia descomplicada para voc\u00ea. .<\/p>\n<p><strong>P: Quais m\u00e9todos de envio s\u00e3o usados?<\/strong><br \/>\nCooperamos com UPS\/DHL\/FEDEX\/DPD, etc. Escolheremos a op\u00e7\u00e3o de envio apropriada dependendo do pa\u00eds de entrega para garantir que voc\u00ea receba seus produtos o mais r\u00e1pido poss\u00edvel.<\/p>\n<p><a href=\"https:\/\/pgvape.com\/pt\/perguntas-frequentes\/\">Clique aqui para mais perguntas frequentes<\/a><\/p>\n<p>Prezados clientes, Se voc\u00ea tiver alguma d\u00favida sobre seu pedido ou a chegada de mercadorias, entre em contato com nosso atendimento ao cliente. Obrigado!<\/p>\n<h3 data-sourcepos=\"73:1-73:21\"><strong data-sourcepos=\"73:7-73:21\">Contate-nos<\/strong><\/h3>\n<div id=\"text-2419739398\" class=\"text\">\n<p><strong data-sourcepos=\"75:3-75:12\">E-mail<\/strong>:\u00a0<a href=\"mailto:support@pgvape.com\"><strong>support@pgvape.com<\/strong><\/a><\/p>\n<p><strong data-sourcepos=\"76:3-76:15\">WhatsApp<\/strong>:\u00a0<a href=\"https:\/\/wa.me\/+8618128481258\"><strong>+86 18128481258<\/strong><\/a><br \/>\n<strong>(Resposta em at\u00e9 24 horas em dias \u00fateis)<\/strong><\/p>\n<\/div>\n<h3><strong>Obrigado por escolher pgvape.com! .<\/strong><\/h3>\n<\/div>","protected":false},"excerpt":{"rendered":"<p>O\u00a0<strong data-sourcepos=\"43:5-43:30\">Bang Leader 45K Puffs<\/strong>\u00a0combina\u00a0<strong data-sourcepos=\"43:40-43:69\">desempenho de alta capacidade<\/strong>,\u00a0<strong data-sourcepos=\"43:71-43:98\">versatilidade de sabor duplo<\/strong>, e\u00a0<strong data-sourcepos=\"43:104-43:131\">tecnologia de bobina premium<\/strong>\u00a0com\u00a0<strong data-sourcepos=\"43:137-43:156\">12 pares de sabores<\/strong>\u00a0para a m\u00e1xima satisfa\u00e7\u00e3o vaping.<\/p>","protected":false},"featured_media":6157,"comment_status":"open","ping_status":"closed","template":"","meta":{"_seopress_robots_primary_cat":"none","_seopress_titles_title":"","_seopress_titles_desc":"","_seopress_robots_index":""},"product_brand":[54,516],"product_cat":[515,461,308],"product_tag":[310,365,90,66,459,203],"class_list":{"0":"post-6153","1":"product","2":"type-product","3":"status-publish","4":"has-post-thumbnail","6":"product_brand-bang-leader-vape","7":"product_brand-disposable-vape","8":"product_cat-disposable-vape","9":"product_cat-bang-leader-vape-eu","10":"product_cat-45k-puffs-vape","11":"product_tag-45k-puffs-vape","12":"product_tag-bang-leader-45000","13":"product_tag-disposable-vape","14":"product_tag-dual-flavors","15":"product_tag-free-shipping","16":"product_tag-shipment-from-eu","18":"first","19":"instock","20":"sale","21":"shipping-taxable","22":"purchasable","23":"product-type-variable"},"_links":{"self":[{"href":"https:\/\/pgvape.com\/pt\/wp-json\/wp\/v2\/product\/6153","targetHints":{"allow":["GET"]}}],"collection":[{"href":"https:\/\/pgvape.com\/pt\/wp-json\/wp\/v2\/product"}],"about":[{"href":"https:\/\/pgvape.com\/pt\/wp-json\/wp\/v2\/types\/product"}],"replies":[{"embeddable":true,"href":"https:\/\/pgvape.com\/pt\/wp-json\/wp\/v2\/comments?post=6153"}],"wp:featuredmedia":[{"embeddable":true,"href":"https:\/\/pgvape.com\/pt\/wp-json\/wp\/v2\/media\/6157"}],"wp:attachment":[{"href":"https:\/\/pgvape.com\/pt\/wp-json\/wp\/v2\/media?parent=6153"}],"wp:term":[{"taxonomy":"product_brand","embeddable":true,"href":"https:\/\/pgvape.com\/pt\/wp-json\/wp\/v2\/product_brand?post=6153"},{"taxonomy":"product_cat","embeddable":true,"href":"https:\/\/pgvape.com\/pt\/wp-json\/wp\/v2\/product_cat?post=6153"},{"taxonomy":"product_tag","embeddable":true,"href":"https:\/\/pgvape.com\/pt\/wp-json\/wp\/v2\/product_tag?post=6153"}],"curies":[{"name":"wp","href":"https:\/\/api.w.org\/{rel}","templated":true}]}}