{"id":6121,"date":"2025-11-14T13:29:33","date_gmt":"2025-11-14T13:29:33","guid":{"rendered":"https:\/\/pgvape.com\/?post_type=product&#038;p=6121"},"modified":"2026-04-18T15:31:10","modified_gmt":"2026-04-18T15:31:10","slug":"bang-leader-80000-80k-puffs-3-em-1-sabores-triplos-vape-descartavel-remessa-da-ue-frete-gratis-vape-direto-da-fabrica","status":"publish","type":"product","link":"https:\/\/pgvape.com\/pt\/produto\/bang-leader-80000-80k-puffs-3-em-1-sabores-triplos-vape-descartavel-remessa-da-ue-frete-gratis-vape-direto-da-fabrica\/","title":{"rendered":"Bang Leader 80000 | 80K Puffs 3 em 1 Vape descart\u00e1vel de sabores triplos | Remessa da UE | Frete gr\u00e1tis | Vape direto da f\u00e1brica"},"content":{"rendered":"<p><strong>Bang Leader 80000 80K Puffs Vape Descart\u00e1vel<\/strong> \u00e9 a escolha definitiva para quem busca variedade, longevidade e desempenho de alto n\u00edvel. .<br \/>\nBang Leader 80K Enviado diretamente de nosso armaz\u00e9m na UE, garante entrega r\u00e1pida e isenta de impostos e autenticidade 100% - trazendo a voc\u00ea uma experi\u00eancia de vaporiza\u00e7\u00e3o de alto n\u00edvel direto \u00e0 sua porta.<\/p>\n<p>&nbsp;<\/p>\n<h2><span style=\"font-size: 90%;\">Bang Leader 80000 | 80K Puffs 3 em 1 Vape descart\u00e1vel de sabores triplos Especifica\u00e7\u00f5es do produto:<\/span><\/h2>\n<p><strong>Capacidade de sopro:<\/strong>\u00a0At\u00e9 80.000 baforadas<\/p>\n<p><strong>Capacidade de e-l\u00edquido:<\/strong>\u00a078mL pr\u00e9-cheio (3 c\u00e1psulas de 26mL cada)<\/p>\n<p><strong>Tipo de bobina:<\/strong>\u00a0bobina de malha 1.0\u03a9<\/p>\n<p><strong>Capacidade da bateria:<\/strong>\u00a0Bateria recarreg\u00e1vel de 850mAh<\/p>\n<p><strong>Porta de carregamento:<\/strong>\u00a0Carregamento r\u00e1pido tipo C<\/p>\n<p><strong>Op\u00e7\u00f5es de nicotina:<\/strong>,2%<\/p>\n<p><strong>Sistema de sabores:<\/strong>\u00a0Configura\u00e7\u00e3o de sabor triplo 3 em 1<\/p>\n<p><strong>Sabores dispon\u00edveis:<\/strong>\u00a012 combina\u00e7\u00f5es din\u00e2micas de sabores<\/p>\n<p><strong>Portabilidade:<\/strong>\u00a0Design compacto e ergon\u00f4mico para uso em tr\u00e2nsito<\/p>\n<p><strong data-sourcepos=\"15:3-15:28\">Envio em armaz\u00e9m da UE<\/strong>\u00a0\u2013 Entrega r\u00e1pida e sem impostos<\/p>\n<p>&nbsp;<\/p>\n<h3><span style=\"font-size: 90%;\">Bang Leader 80000 | 80K Puffs 3 em 1 Lista de sabores de vapor descart\u00e1veis \u200b\u200bde sabores triplos:<\/span><\/h3>\n<p><strong>1. Gelo de melancia + morango e manga + banana<\/strong><\/p>\n<p><strong>2. Framboesa Mojito P\u00eassego Gelo + Morango E Melancia Kiwi Maracuj\u00e1 Goiaba<\/strong><\/p>\n<p><strong>3. Morango e melancia + gelo de uva + doce arco-\u00edris<\/strong><\/p>\n<p><strong>4.Cola Ice + Mirtilo Framboesa + P\u00eassego Manga Melancia<\/strong><\/p>\n<p><strong>5. Melancia Mirtilo + Manga Morango + Groselha Preta<\/strong><\/p>\n<p><strong>6. Gelo de Mirtilo + Gelo de Drag\u00e3o Negro + P\u00eassego Manga<\/strong><\/p>\n<p><strong>7. Gelo de mirtilo + morango e banana + frutas vermelhas mistas<\/strong><\/p>\n<p><strong>8. Red Bull + Mirtilo, Melancia, Ma\u00e7\u00e3, P\u00eara<\/strong><\/p>\n<p><strong>9.Red Bull + Bubble Candy de melancia + sorvete de morango<\/strong><\/p>\n<p><strong>10. Kiwi de Morango + Gelo de P\u00eassego + Coca-Cola de Cereja<\/strong><\/p>\n<p><strong>11. Paix\u00e3o Kiwi + Gelo de Lichia + Manga P\u00eassego Pinho<\/strong><\/p>\n<p><strong>12. Gelo de abacate + lim\u00e3o + melancia e framboesa<img loading=\"lazy\" decoding=\"async\" class=\"alignnone wp-image-6133 size-full\" src=\"https:\/\/pgvape.com\/wp-content\/uploads\/2025\/11\/Pgvape-Bang-Leader-80000-80K-Puffs-3-in-1-Triple-Flavors-Disposable-Vape-Shipment-from-EU-Free-Shipping-4.png\" alt=\"P\u00f4ster colorido do produto retratando doze dispositivos vaporizadores descart\u00e1veis \u200b\u200bBang Leader gradientes, cada um com um logotipo de macaco de desenho animado e r\u00f3tulo &#039;80.000 baforadas&#039;, promovendo &#039;3 em 1 sabores triplos&#039; e listando v\u00e1rias combina\u00e7\u00f5es de sabores de frutas ao lado de \u00edcones para Type-C, 80.000 baforadas e malha dupla.\" width=\"1900\" height=\"1900\" srcset=\"https:\/\/pgvape.com\/wp-content\/uploads\/2025\/11\/Pgvape-Bang-Leader-80000-80K-Puffs-3-in-1-Triple-Flavors-Disposable-Vape-Shipment-from-EU-Free-Shipping-4.png 1900w, https:\/\/pgvape.com\/wp-content\/uploads\/2025\/11\/Pgvape-Bang-Leader-80000-80K-Puffs-3-in-1-Triple-Flavors-Disposable-Vape-Shipment-from-EU-Free-Shipping-4-360x360.png 360w, https:\/\/pgvape.com\/wp-content\/uploads\/2025\/11\/Pgvape-Bang-Leader-80000-80K-Puffs-3-in-1-Triple-Flavors-Disposable-Vape-Shipment-from-EU-Free-Shipping-4-595x595.png 595w, https:\/\/pgvape.com\/wp-content\/uploads\/2025\/11\/Pgvape-Bang-Leader-80000-80K-Puffs-3-in-1-Triple-Flavors-Disposable-Vape-Shipment-from-EU-Free-Shipping-4-400x400.png 400w, https:\/\/pgvape.com\/wp-content\/uploads\/2025\/11\/Pgvape-Bang-Leader-80000-80K-Puffs-3-in-1-Triple-Flavors-Disposable-Vape-Shipment-from-EU-Free-Shipping-4-768x768.png 768w, https:\/\/pgvape.com\/wp-content\/uploads\/2025\/11\/Pgvape-Bang-Leader-80000-80K-Puffs-3-in-1-Triple-Flavors-Disposable-Vape-Shipment-from-EU-Free-Shipping-4-1536x1536.png 1536w, https:\/\/pgvape.com\/wp-content\/uploads\/2025\/11\/Pgvape-Bang-Leader-80000-80K-Puffs-3-in-1-Triple-Flavors-Disposable-Vape-Shipment-from-EU-Free-Shipping-4-12x12.png 12w, https:\/\/pgvape.com\/wp-content\/uploads\/2025\/11\/Pgvape-Bang-Leader-80000-80K-Puffs-3-in-1-Triple-Flavors-Disposable-Vape-Shipment-from-EU-Free-Shipping-4-300x300.png 300w, https:\/\/pgvape.com\/wp-content\/uploads\/2025\/11\/Pgvape-Bang-Leader-80000-80K-Puffs-3-in-1-Triple-Flavors-Disposable-Vape-Shipment-from-EU-Free-Shipping-4-600x600.png 600w, https:\/\/pgvape.com\/wp-content\/uploads\/2025\/11\/Pgvape-Bang-Leader-80000-80K-Puffs-3-in-1-Triple-Flavors-Disposable-Vape-Shipment-from-EU-Free-Shipping-4-100x100.png 100w, https:\/\/pgvape.com\/wp-content\/uploads\/2025\/11\/Pgvape-Bang-Leader-80000-80K-Puffs-3-in-1-Triple-Flavors-Disposable-Vape-Shipment-from-EU-Free-Shipping-4-40x40.png 40w\" sizes=\"auto, (max-width: 1900px) 100vw, 1900px\" \/><\/strong><\/p>\n<p>&nbsp;<\/p>\n<h3><span style=\"font-size: 90%;\">Bang Leader 80000 | 80K Puffs 3 em 1 Vape descart\u00e1vel de sabores triplos\u00a0<strong>V\u00eddeo:<\/strong><\/span><\/h3>\n<p><iframe loading=\"lazy\" title=\"Bang Leader 80K Puffs 3 em 1 Sabores Vape Descart\u00e1vel Com Vape Recarreg\u00e1vel F\u00e1brica Atacado pgvape\" width=\"563\" height=\"1000\" src=\"https:\/\/www.youtube.com\/embed\/-_eUSKzsdRY?feature=oembed\" frameborder=\"0\" allow=\"accelerometer; autoplay; clipboard-write; encrypted-media; gyroscope; picture-in-picture; web-share\" referrerpolicy=\"strict-origin-when-cross-origin\" allowfullscreen><\/iframe><\/p>\n<p>&nbsp;<\/p>\n<h3 class=\"auto-hide-last-sibling-br paragraph-pP9ZLC paragraph-element br-paragraph-space\"><span style=\"font-size: 90%;\">Por que escolher o Armaz\u00e9m Europeu PGVape?<\/span><\/h3>\n<p>Envio r\u00e1pido: Entrega para a maioria dos pa\u00edses da UE dentro de 3 a 7 dias \u00fateis.<\/p>\n<p>Entrega isenta de impostos: O estoque local da UE garante um envio tranquilo e isento de impostos.<\/p>\n<p>Garantia aut\u00eantica 100%: cigarros eletr\u00f4nicos Bang Leader genu\u00ednos de fornecedores certificados.<\/p>\n<p>Estoque Fresco: Armazenado sob condi\u00e7\u00f5es controladas para garantir a qualidade ideal.<\/p>\n<p>Confi\u00e1vel pelos europeus: Milhares de clientes desfrutam de servi\u00e7os de cigarros eletr\u00f4nicos r\u00e1pidos e seguros da PGVape.<\/p>\n<p>&nbsp;<\/p>\n<h2><span style=\"font-size: 90%;\">Perguntas frequentes sobre Bang Leader 80000 | 80K Puffs 3 em 1 Vape descart\u00e1vel de sabores triplos<\/span><\/h2>\n<p data-sourcepos=\"33:1-34:75\">\u2753 <strong data-sourcepos=\"33:3-33:39\">Como funciona o sistema 3 em 1?<br \/>\n<\/strong> \u2705 Tr\u00eas c\u00e1psulas separadas de 26mL permitem a troca instant\u00e2nea de sabores em um dispositivo.<\/p>\n<p data-sourcepos=\"36:1-37:75\">\u2753 <strong data-sourcepos=\"36:3-36:47\">A bateria \u00e9 suficiente para 80 mil baforadas?<\/strong><br \/>\n\u2705 O <strong data-sourcepos=\"37:7-37:25\">Bateria de 850mAh<\/strong> com <strong data-sourcepos=\"37:31-37:50\">Carregamento tipo C<\/strong> suporta uso prolongado.<\/p>\n<p data-sourcepos=\"39:1-40:73\">\u2753 <strong data-sourcepos=\"39:3-39:40\">O que torna a bobina de malha especial?<br \/>\n<\/strong> \u2705 <strong data-sourcepos=\"40:3-40:21\">bobina de malha 1.0\u03a9<\/strong> entrega <strong data-sourcepos=\"40:31-40:50\">50% mais sabor<\/strong> do que bobinas padr\u00e3o.<\/p>\n<p>\u2753\u00a0<strong data-sourcepos=\"50:3-50:42\">De onde este produto \u00e9 enviado?<\/strong><br \/>\n\u2705\u00a0Direto de\u00a0<strong data-sourcepos=\"51:15-51:32\">Armaz\u00e9ns da UE<\/strong>\u00a0para\u00a0<strong data-sourcepos=\"51:37-51:64\">entrega r\u00e1pida e sem impostos<\/strong>.<\/p>\n<p data-sourcepos=\"45:1-46:65\">\u2753 <strong data-sourcepos=\"45:3-45:36\">Os sabores s\u00e3o personaliz\u00e1veis?<br \/>\n<\/strong> \u2705 Combina\u00e7\u00f5es premium pr\u00e9-definidas \u2013 perfeitas para exploradores de sabores!<\/p>\n<p>&nbsp;<\/p>\n<h3 id=\"brxe-najhln\" class=\"brxe-heading\">Perguntas frequentes (FAQ)<\/h3>\n<div id=\"brxe-rajiac\" class=\"brxe-text\">\n<p><strong>P: Quais m\u00e9todos de pagamento voc\u00ea aceita?<\/strong><br \/>\nR: Aceitamos PayPal, Stripe, transfer\u00eancias banc\u00e1rias (com suporte SEPA), os principais cart\u00f5es de cr\u00e9dito (Visa, MasterCard, American Express) e pagamentos em criptomoedas.<\/p>\n<p><strong>P: Quanto tempo leva a prepara\u00e7\u00e3o do pedido?<\/strong><br \/>\nR: A prepara\u00e7\u00e3o do pedido leva de 1 a 3 dias \u00fateis.<\/p>\n<p><strong>P: Qual \u00e9 o tempo de envio?<\/strong><br \/>\nR: O tempo de envio \u00e9 de 7 a 14 dias \u00fateis, dependendo da sua localiza\u00e7\u00e3o. As mercadorias enviadas de armaz\u00e9ns europeus normalmente levam de 3 a 6 dias \u00fateis para serem entregues.<\/p>\n<p><strong>P: Como posso rastrear meu pedido?<\/strong><br \/>\nR: Ap\u00f3s o envio, voc\u00ea receber\u00e1 um e-mail de confirma\u00e7\u00e3o com um n\u00famero de rastreamento para rastreamento em tempo real.<\/p>\n<p><strong>P: Qual \u00e9 a sua pol\u00edtica de devolu\u00e7\u00e3o?<\/strong><br \/>\nR: Oferecemos uma pol\u00edtica de devolu\u00e7\u00e3o de 30 dias para reembolsos ou trocas. .<\/p>\n<p><strong>P: Haver\u00e1 algum problema alfandeg\u00e1rio?<br \/>\n<\/strong>Lidamos com todos os procedimentos de desembara\u00e7o aduaneiro para garantir uma experi\u00eancia descomplicada para voc\u00ea. .<\/p>\n<p><strong>P: Quais m\u00e9todos de envio s\u00e3o usados?<\/strong><br \/>\nCooperamos com UPS\/DHL\/FEDEX\/DPD, etc. Escolheremos a op\u00e7\u00e3o de envio apropriada dependendo do pa\u00eds de entrega para garantir que voc\u00ea receba seus produtos o mais r\u00e1pido poss\u00edvel.<\/p>\n<p><a href=\"https:\/\/pgvape.com\/pt\/perguntas-frequentes\/\">Clique aqui para mais perguntas frequentes<\/a><\/p>\n<p>Prezados clientes, Se voc\u00ea tiver alguma d\u00favida sobre seu pedido ou a chegada de mercadorias, entre em contato com nosso atendimento ao cliente. Obrigado!<\/p>\n<h3 data-sourcepos=\"73:1-73:21\"><strong data-sourcepos=\"73:7-73:21\">Contate-nos<\/strong><\/h3>\n<div id=\"text-2419739398\" class=\"text\">\n<p><strong data-sourcepos=\"75:3-75:12\">E-mail<\/strong>:\u00a0<a href=\"mailto:support@pgvape.com\"><strong>support@pgvape.com<\/strong><\/a><\/p>\n<p><strong data-sourcepos=\"76:3-76:15\">WhatsApp<\/strong>:\u00a0<a href=\"https:\/\/wa.me\/+8618128481258\"><strong>+86 18128481258<\/strong><\/a><br \/>\n<strong>(Resposta em at\u00e9 24 horas em dias \u00fateis)<\/strong><\/p>\n<\/div>\n<h3><strong>Obrigado por escolher pgvape.com! .<\/strong><\/h3>\n<\/div>","protected":false},"excerpt":{"rendered":"<p>\u201cNunca fique entediado com <strong data-sourcepos=\"49:23-49:48\">tr\u00eas sabores premium<\/strong> em um dispositivo elegante! <strong data-sourcepos=\"49:74-49:98\">O<\/strong> Capacidade de 80.000 baforadas <strong data-sourcepos=\"49:122-49:135\">bobina de malha<\/strong> garante o m\u00e1ximo sabor. \u201d<\/p>","protected":false},"featured_media":6130,"comment_status":"open","ping_status":"closed","template":"","meta":{"_seopress_robots_primary_cat":"none","_seopress_titles_title":"","_seopress_titles_desc":"","_seopress_robots_index":""},"product_brand":[54,516],"product_cat":[515,461,41],"product_tag":[56,465,55,90,459,203],"class_list":{"0":"post-6121","1":"product","2":"type-product","3":"status-publish","4":"has-post-thumbnail","6":"product_brand-bang-leader-vape","7":"product_brand-disposable-vape","8":"product_cat-disposable-vape","9":"product_cat-bang-leader-vape-eu","10":"product_cat-80k-puffs-vape","11":"product_tag-3-in-1-triple-flavors","12":"product_tag-80k-puffs-vape","13":"product_tag-bang-leader-80000","14":"product_tag-disposable-vape","15":"product_tag-free-shipping","16":"product_tag-shipment-from-eu","18":"first","19":"instock","20":"sale","21":"shipping-taxable","22":"purchasable","23":"product-type-variable"},"_links":{"self":[{"href":"https:\/\/pgvape.com\/pt\/wp-json\/wp\/v2\/product\/6121","targetHints":{"allow":["GET"]}}],"collection":[{"href":"https:\/\/pgvape.com\/pt\/wp-json\/wp\/v2\/product"}],"about":[{"href":"https:\/\/pgvape.com\/pt\/wp-json\/wp\/v2\/types\/product"}],"replies":[{"embeddable":true,"href":"https:\/\/pgvape.com\/pt\/wp-json\/wp\/v2\/comments?post=6121"}],"wp:featuredmedia":[{"embeddable":true,"href":"https:\/\/pgvape.com\/pt\/wp-json\/wp\/v2\/media\/6130"}],"wp:attachment":[{"href":"https:\/\/pgvape.com\/pt\/wp-json\/wp\/v2\/media?parent=6121"}],"wp:term":[{"taxonomy":"product_brand","embeddable":true,"href":"https:\/\/pgvape.com\/pt\/wp-json\/wp\/v2\/product_brand?post=6121"},{"taxonomy":"product_cat","embeddable":true,"href":"https:\/\/pgvape.com\/pt\/wp-json\/wp\/v2\/product_cat?post=6121"},{"taxonomy":"product_tag","embeddable":true,"href":"https:\/\/pgvape.com\/pt\/wp-json\/wp\/v2\/product_tag?post=6121"}],"curies":[{"name":"wp","href":"https:\/\/api.w.org\/{rel}","templated":true}]}}