{"id":6086,"date":"2025-11-14T11:45:53","date_gmt":"2025-11-14T11:45:53","guid":{"rendered":"https:\/\/pgvape.com\/?post_type=product&#038;p=6086"},"modified":"2026-04-18T15:31:11","modified_gmt":"2026-04-18T15:31:11","slug":"bang-lider-50000-50k-puffs-sabores-duplos-vape-descartavel-envio-da-ue-frete-gratis-vape-direto-da-fabrica","status":"publish","type":"product","link":"https:\/\/pgvape.com\/pt\/produto\/bang-lider-50000-50k-puffs-sabores-duplos-vape-descartavel-envio-da-ue-frete-gratis-vape-direto-da-fabrica\/","title":{"rendered":"Bang Leader 50000 | 50K Puffs Vape descart\u00e1vel de sabores duplos | Remessa da UE | Frete gr\u00e1tis | Vape direto da f\u00e1brica"},"content":{"rendered":"<p><strong data-sourcepos=\"6:5-6:59\">Bang Leader 50K Puffs Vape descart\u00e1vel de sabores duplos<\/strong>\u00a0redefine a vaporiza\u00e7\u00e3o estendida com\u00a0<strong data-sourcepos=\"6:91-6:107\">50.000 baforadas<\/strong>\u00a0de um enorme\u00a0<strong data-sourcepos=\"6:123-6:149\">Capacidade de e-l\u00edquido de 36mL<\/strong>, alimentado por um\u00a0<strong data-sourcepos=\"6:164-6:195\">Bateria recarreg\u00e1vel de 650mAh<\/strong><span class=\"CustomP_animated_char__m3r9w\">.<\/span><span class=\"CustomP_animated_char__m3r9w\">\u00a0<\/span><span class=\"CustomP_animated_char__m3r9w\">Apresentando<\/span><span class=\"CustomP_animated_char__m3r9w\">\u00a0<\/span><strong data-sourcepos=\"6:207-6:226\">bobinas de malha dupla<\/strong>\u00a0e\u00a0<strong data-sourcepos=\"6:231-6:253\">pot\u00eancia ajust\u00e1vel<\/strong>, fornece vapor rico e suave.\u00a0<strong data-sourcepos=\"6:291-6:315\">Carregamento r\u00e1pido tipo C<\/strong><span class=\"CustomP_animated_char__m3r9w\">\u00a0<\/span><span class=\"CustomP_animated_char__m3r9w\">e<\/span><span class=\"CustomP_animated_char__m3r9w\">\u00a0<\/span><strong data-sourcepos=\"6:320-6:337\">display inteligente<\/strong><span class=\"CustomP_animated_char__m3r9w\">\u00a0<\/span><span class=\"CustomP_animated_char__m3r9w\">(<\/span><span class=\"CustomP_animated_char__m3r9w\">mostrando<\/span><span class=\"CustomP_animated_char__m3r9w\">\u00a0<\/span><span class=\"CustomP_animated_char__m3r9w\">bateria<\/span><span class=\"CustomP_animated_char__m3r9w\">\/<\/span><span class=\"CustomP_animated_char__m3r9w\">e<\/span><span class=\"CustomP_animated_char__m3r9w\">\u2013<\/span><span class=\"CustomP_animated_char__m3r9w\">l\u00edquido<\/span><span class=\"CustomP_animated_char__m3r9w\">\u00a0<\/span><span class=\"CustomP_animated_char__m3r9w\">n\u00edveis<\/span><span class=\"CustomP_animated_char__m3r9w\">)<\/span><span class=\"CustomP_animated_char__m3r9w\">\u00a0<\/span><span class=\"CustomP_animated_char__m3r9w\">garantir<\/span><span class=\"CustomP_animated_char__m3r9w\">\u00a0<\/span><span class=\"CustomP_animated_char__m3r9w\">conveni\u00eancia<\/span><span class=\"CustomP_animated_char__m3r9w\">,<\/span><span class=\"CustomP_animated_char__m3r9w\">\u00a0<\/span><span class=\"CustomP_animated_char__m3r9w\">enquanto<\/span><span class=\"CustomP_animated_char__m3r9w\">\u00a0<\/span><strong data-sourcepos=\"6:398-6:429\">12 combina\u00e7\u00f5es de sabores duplos<\/strong><span class=\"CustomP_animated_char__m3r9w\">\u00a0<\/span><span class=\"CustomP_animated_char__m3r9w\">oferecer<\/span><span class=\"CustomP_animated_char__m3r9w\">\u00a0<\/span><span class=\"CustomP_animated_char__m3r9w\">incompar\u00e1vel<\/span><span class=\"CustomP_animated_char__m3r9w\">\u00a0<\/span><span class=\"CustomP_animated_char__m3r9w\">variedade<\/span><span class=\"CustomP_animated_char__m3r9w\">\u2013<\/span><span class=\"CustomP_animated_char__m3r9w\">sabor<\/span><span class=\"CustomP_animated_char__m3r9w\">\u00a0<\/span><span class=\"CustomP_animated_char__m3r9w\">combina\u00e7\u00f5es<\/span><span class=\"CustomP_animated_char__m3r9w\">*<\/span><span class=\"CustomP_animated_char__m3r9w\">*<\/span><span class=\"CustomP_animated_char__m3r9w\">\u00a0<\/span><span class=\"CustomP_animated_char__m3r9w\">oferecer<\/span><span class=\"CustomP_animated_char__m3r9w\">\u00a0<\/span><span class=\"CustomP_animated_char__m3r9w\">incompar\u00e1vel<\/span><span class=\"CustomP_animated_char__m3r9w\">\u00a0<\/span><span class=\"CustomP_animated_char__m3r9w\">variedade<\/span><span class=\"CustomP_animated_char__m3r9w\">.<\/span><span class=\"CustomP_animated_char__m3r9w\">\u00a0<\/span><span class=\"CustomP_animated_char__m3r9w\">Embalado<\/span><span class=\"CustomP_animated_char__m3r9w\">\u00a0<\/span><strong data-sourcepos=\"6:510-6:531\">10 pe\u00e7as por caixa<\/strong><span class=\"CustomP_animated_char__m3r9w\">,<\/span><span class=\"CustomP_animated_char__m3r9w\">\u00a0<\/span><span class=\"CustomP_animated_char__m3r9w\">isto<\/span><span class=\"CustomP_animated_char__m3r9w\">\u2018<\/span><span class=\"CustomP_animated_char__m3r9w\">\u00e9<\/span><span class=\"CustomP_animated_char__m3r9w\">\u00a0<\/span><span class=\"CustomP_animated_char__m3r9w\">perfeito<\/span><span class=\"CustomP_animated_char__m3r9w\">\u00a0<\/span><span class=\"CustomP_animated_char__m3r9w\">para<\/span><span class=\"CustomP_animated_char__m3r9w\">\u00a0<\/span><span class=\"CustomP_animated_char__m3r9w\">varejistas<\/span><span class=\"CustomP_animated_char__m3r9w\">\u00a0<\/span><span class=\"CustomP_animated_char__m3r9w\">e<\/span><span class=\"CustomP_animated_char__m3r9w\">\u00a0<\/span><span class=\"CustomP_animated_char__m3r9w\">sabor<\/span><span class=\"CustomP_animated_char__m3r9w\">*<\/span><span class=\"CustomP_animated_char__m3r9w\">*<\/span><span class=\"CustomP_animated_char__m3r9w\">,<\/span><span class=\"CustomP_animated_char__m3r9w\">\u00a0<\/span><span class=\"CustomP_animated_char__m3r9w\">isto<\/span><span class=\"CustomP_animated_char__m3r9w\">\u2018<\/span><span class=\"CustomP_animated_char__m3r9w\">\u00e9<\/span><span class=\"CustomP_animated_char__m3r9w\">\u00a0<\/span><span class=\"CustomP_animated_char__m3r9w\">perfeito<\/span><span class=\"CustomP_animated_char__m3r9w\">\u00a0<\/span><span class=\"CustomP_animated_char__m3r9w\">para<\/span><span class=\"CustomP_animated_char__m3r9w\">\u00a0<\/span><span class=\"CustomP_animated_char__m3r9w\">varejistas<\/span><span class=\"CustomP_animated_char__m3r9w\">\u00a0<\/span><span class=\"CustomP_animated_char__m3r9w\">e<\/span><span class=\"CustomP_animated_char__m3r9w\">\u00a0<\/span><span class=\"CustomP_animated_char__m3r9w\">sabor<\/span><span class=\"CustomP_animated_char__m3r9w\">\u2013<\/span><span class=\"CustomP_animated_char__m3r9w\">buscando<\/span><span class=\"CustomP_animated_char__m3r9w\">\u00a0<\/span><span class=\"CustomP_animated_char__m3r9w\">vaporizadores<\/span><span class=\"CustomP_animated_char__m3r9w\">.<br \/>\nBang Leader 50K Enviado diretamente de nosso armaz\u00e9m na UE, garante entrega r\u00e1pida e isenta de impostos e autenticidade 100% - trazendo a voc\u00ea uma experi\u00eancia de vaporiza\u00e7\u00e3o de alto n\u00edvel direto \u00e0 sua porta.<br \/>\n<\/span><\/p>\n<p>&nbsp;<\/p>\n<h2><span style=\"font-size: 90%;\">Bang Leader 50000 | 50K Puffs Vape descart\u00e1vel de sabores duplos Especifica\u00e7\u00e3o do produto<\/span><\/h2>\n<p><strong data-sourcepos=\"11:3-11:24\">Op\u00e7\u00f5es de nicotina:<\/strong> <strong data-sourcepos=\"11:25-11:46\">2%<\/strong><\/p>\n<p><strong data-sourcepos=\"12:3-12:18\">Contagem de sopros:<\/strong>\u00a0<strong data-sourcepos=\"12:19-12:35\">50.000 baforadas<\/strong><span class=\"CustomP_animated_char__m3r9w\">\u00a0<\/span><span class=\"CustomP_animated_char__m3r9w\">(<\/span><span class=\"CustomP_animated_char__m3r9w\">Ultimato<\/span><span class=\"CustomP_animated_char__m3r9w\">ra<\/span><span class=\"CustomP_animated_char__m3r9w\">\u2013<\/span><span class=\"CustomP_animated_char__m3r9w\">longo<\/span><span class=\"CustomP_animated_char__m3r9w\">\u00a0<\/span><span class=\"CustomP_animated_char__m3r9w\">vida \u00fatil<\/span><span class=\"CustomP_animated_char__m3r9w\">)<\/span><\/p>\n<p><strong data-sourcepos=\"13:3-13:25\">Capacidade de e-l\u00edquido:<\/strong>\u00a0<strong data-sourcepos=\"13:26-13:34\">36mL<\/strong><span class=\"CustomP_animated_char__m3r9w\">\u00a0<\/span><span class=\"CustomP_animated_char__m3r9w\">(<\/span><span class=\"CustomP_animated_char__m3r9w\">Ind\u00fastria<\/span><span class=\"CustomP_animated_char__m3r9w\">\u2013<\/span><span class=\"CustomP_animated_char__m3r9w\">principal<\/span><span class=\"CustomP_animated_char__m3r9w\">\u00a0<\/span><span class=\"CustomP_animated_char__m3r9w\">volume<\/span><span class=\"CustomP_animated_char__m3r9w\">)<\/span><\/p>\n<p><strong data-sourcepos=\"14:3-14:15\">Bateria:<\/strong>\u00a0<strong data-sourcepos=\"14:16-14:39\">650mAh recarreg\u00e1vel<\/strong>\u00a0+\u00a0<strong data-sourcepos=\"14:42-14:66\">Carregamento r\u00e1pido tipo C<\/strong><\/p>\n<p><strong data-sourcepos=\"15:3-15:12\">Bobina:<\/strong>\u00a0<strong data-sourcepos=\"15:13-15:26\">Malha Dupla<\/strong><span class=\"CustomP_animated_char__m3r9w\">\u00a0<\/span><span class=\"CustomP_animated_char__m3r9w\">(<\/span><span class=\"CustomP_animated_char__m3r9w\">Aprimorado<\/span><span class=\"CustomP_animated_char__m3r9w\">\u00a0<\/span><span class=\"CustomP_animated_char__m3r9w\">sabor<\/span><span class=\"CustomP_animated_char__m3r9w\">\u00a0<\/span><span class=\"CustomP_animated_char__m3r9w\">&amp;<\/span><span class=\"CustomP_animated_char__m3r9w\">\u00a0<\/span><span class=\"CustomP_animated_char__m3r9w\">vapor<\/span><span class=\"CustomP_animated_char__m3r9w\">\u00a0<\/span><span class=\"CustomP_animated_char__m3r9w\">densidade<\/span><span class=\"CustomP_animated_char__m3r9w\">)<\/span><\/p>\n<p><strong data-sourcepos=\"16:3-16:21\">Personaliza\u00e7\u00e3o:<\/strong>\u00a0<strong data-sourcepos=\"16:22-16:44\">Pot\u00eancia ajust\u00e1vel<\/strong><span class=\"CustomP_animated_char__m3r9w\">\u00a0<\/span><span class=\"CustomP_animated_char__m3r9w\">(<\/span><span class=\"CustomP_animated_char__m3r9w\">Cauda<\/span><span class=\"CustomP_animated_char__m3r9w\">ou<\/span><span class=\"CustomP_animated_char__m3r9w\">\u00a0<\/span><span class=\"CustomP_animated_char__m3r9w\">seu<\/span><span class=\"CustomP_animated_char__m3r9w\">\u00a0<\/span><span class=\"CustomP_animated_char__m3r9w\">vaporizar<\/span><span class=\"CustomP_animated_char__m3r9w\">\u00a0<\/span><span class=\"CustomP_animated_char__m3r9w\">intensidade<\/span><span class=\"CustomP_animated_char__m3r9w\">)<\/span><\/p>\n<p><strong data-sourcepos=\"17:3-17:15\">Mostrar:<\/strong>\u00a0<strong data-sourcepos=\"17:16-17:59\">Monitoramento de bateria e l\u00edquido eletr\u00f4nico em tempo real<\/strong><\/p>\n<p><strong data-sourcepos=\"18:3-18:21\">Sistema de sabores:<\/strong>\u00a0<strong data-sourcepos=\"18:22-18:53\">12 combina\u00e7\u00f5es de sabores duplos<\/strong><span class=\"CustomP_animated_char__m3r9w\">\u00a0<\/span><span class=\"CustomP_animated_char__m3r9w\">(<\/span><span class=\"CustomP_animated_char__m3r9w\">Mistura<\/span><span class=\"CustomP_animated_char__m3r9w\">\u00a0<\/span><span class=\"CustomP_animated_char__m3r9w\">&amp;<\/span><span class=\"CustomP_animated_char__m3r9w\">\u00a0<\/span><span class=\"CustomP_animated_char__m3r9w\">corresponder<\/span><span class=\"CustomP_animated_char__m3r9w\">\u00a0<\/span><span class=\"CustomP_animated_char__m3r9w\">perfis<\/span><span class=\"CustomP_animated_char__m3r9w\">)<\/span><\/p>\n<p><strong data-sourcepos=\"19:3-19:17\">Embalagem:<\/strong>\u00a0<strong data-sourcepos=\"19:18-19:32\">10 unidades\/caixa<\/strong><span class=\"CustomP_animated_char__m3r9w\">\u00a0<\/span><span class=\"CustomP_animated_char__m3r9w\">(<\/span><span class=\"CustomP_animated_char__m3r9w\">Varejo<\/span><span class=\"CustomP_animated_char__m3r9w\">\u2013<\/span><span class=\"CustomP_animated_char__m3r9w\">preparar<\/span><span class=\"CustomP_animated_char__m3r9w\">)<\/span><\/p>\n<p><strong data-sourcepos=\"15:3-15:28\">Envio em armaz\u00e9m da UE<\/strong>\u00a0\u2013 Entrega r\u00e1pida e sem impostos<\/p>\n<p>&nbsp;<\/p>\n<h3><span style=\"font-size: 90%;\">Bang Leader 50000 | 50K Puffs Dual Flavors Lista de sabores de vapor descart\u00e1veis<\/span><\/h3>\n<p>1. Morango Framboesa Cereja Gelo \/ Cereja<\/p>\n<p>2.Melancia Morango\/Melancia<\/p>\n<p>3. Uva Preta \/ Uva Verde<\/p>\n<p>4. Ma\u00e7\u00e3 P\u00eara \/ Kiwi Maracuj\u00e1 Goiaba<\/p>\n<p>5. Limonada de abacaxi azedo \/ lim\u00e3o e lim\u00e3o<\/p>\n<p>6. Gelo de banana \/ manga<\/p>\n<p>7. Mirtilo Framboesa Azeda \/ Mirtilo<\/p>\n<p>8.Cherry Cola \/ Limonada Rosa<\/p>\n<p>9. Limonada de Framboesa e Mirtilo \/ Gelo de Cereja, Framboesa e Morango<\/p>\n<p>10. Kiwi de Morango \/ Gelo de Morango<\/p>\n<p>11. Maracuj\u00e1 Abacaxi \/ Gelo de Abacaxi<\/p>\n<p>12. Mojito de Framboesa \/ Cereja e Framboesa Lim\u00e3o<img loading=\"lazy\" decoding=\"async\" class=\"alignnone wp-image-6108 size-full\" src=\"https:\/\/pgvape.com\/wp-content\/uploads\/2025\/11\/Pgvape-Bang-eader-50000-50K-Puffs-Dual-Flavors-Disposable-Vape-Shipment-from-EU-Free-Shipping-2.png\" alt=\"Grade de dispositivos compactos coloridos estilo vape dispostos em fileiras contra um fundo azul com tema espacial, cada unidade de corpo hexagonal apresentando um display central preto com indicadores num\u00e9ricos e de barra e um pequeno gr\u00e1fico de caracteres ou logotipo no corpo.\" width=\"1500\" height=\"1054\" srcset=\"https:\/\/pgvape.com\/wp-content\/uploads\/2025\/11\/Pgvape-Bang-eader-50000-50K-Puffs-Dual-Flavors-Disposable-Vape-Shipment-from-EU-Free-Shipping-2.png 1500w, https:\/\/pgvape.com\/wp-content\/uploads\/2025\/11\/Pgvape-Bang-eader-50000-50K-Puffs-Dual-Flavors-Disposable-Vape-Shipment-from-EU-Free-Shipping-2-512x360.png 512w, https:\/\/pgvape.com\/wp-content\/uploads\/2025\/11\/Pgvape-Bang-eader-50000-50K-Puffs-Dual-Flavors-Disposable-Vape-Shipment-from-EU-Free-Shipping-2-595x418.png 595w, https:\/\/pgvape.com\/wp-content\/uploads\/2025\/11\/Pgvape-Bang-eader-50000-50K-Puffs-Dual-Flavors-Disposable-Vape-Shipment-from-EU-Free-Shipping-2-400x281.png 400w, https:\/\/pgvape.com\/wp-content\/uploads\/2025\/11\/Pgvape-Bang-eader-50000-50K-Puffs-Dual-Flavors-Disposable-Vape-Shipment-from-EU-Free-Shipping-2-768x540.png 768w, https:\/\/pgvape.com\/wp-content\/uploads\/2025\/11\/Pgvape-Bang-eader-50000-50K-Puffs-Dual-Flavors-Disposable-Vape-Shipment-from-EU-Free-Shipping-2-18x12.png 18w, https:\/\/pgvape.com\/wp-content\/uploads\/2025\/11\/Pgvape-Bang-eader-50000-50K-Puffs-Dual-Flavors-Disposable-Vape-Shipment-from-EU-Free-Shipping-2-600x422.png 600w, https:\/\/pgvape.com\/wp-content\/uploads\/2025\/11\/Pgvape-Bang-eader-50000-50K-Puffs-Dual-Flavors-Disposable-Vape-Shipment-from-EU-Free-Shipping-2-57x40.png 57w\" sizes=\"auto, (max-width: 1500px) 100vw, 1500px\" \/><\/p>\n<p>&nbsp;<\/p>\n<h3><span style=\"font-size: 90%;\">Bang Leader 50000 | 50K Puffs Vape Descart\u00e1vel de Sabores Duplos\u00a0<strong>V\u00eddeo:<\/strong><\/span><\/h3>\n<p><iframe loading=\"lazy\" title=\"Bang Leader 50K Puffs Vape descart\u00e1vel de sabores duplos com tela de exibi\u00e7\u00e3o Vape Factory Wholesale pgvape\" width=\"563\" height=\"1000\" src=\"https:\/\/www.youtube.com\/embed\/dgqkXChaUXk?feature=oembed\" frameborder=\"0\" allow=\"accelerometer; autoplay; clipboard-write; encrypted-media; gyroscope; picture-in-picture; web-share\" referrerpolicy=\"strict-origin-when-cross-origin\" allowfullscreen><\/iframe><\/p>\n<p>&nbsp;<\/p>\n<h3 class=\"auto-hide-last-sibling-br paragraph-pP9ZLC paragraph-element br-paragraph-space\"><span style=\"font-size: 90%;\">Por que escolher o Armaz\u00e9m Europeu PGVape?<\/span><\/h3>\n<p>Envio r\u00e1pido: Entrega para a maioria dos pa\u00edses da UE dentro de 3 a 7 dias \u00fateis.<\/p>\n<p>Entrega isenta de impostos: O estoque local da UE garante um envio tranquilo e isento de impostos.<\/p>\n<p>Garantia aut\u00eantica 100%: cigarros eletr\u00f4nicos Bang Leader genu\u00ednos de fornecedores certificados.<\/p>\n<p>Estoque Fresco: Armazenado sob condi\u00e7\u00f5es controladas para garantir a qualidade ideal.<\/p>\n<p>Confi\u00e1vel pelos europeus: Milhares de clientes desfrutam de servi\u00e7os de cigarros eletr\u00f4nicos r\u00e1pidos e seguros da PGVape.<\/p>\n<p>&nbsp;<\/p>\n<h2><span style=\"font-size: 90%;\">Perguntas frequentes sobre Bang Leader 50000 | 50K Puffs Dual Flavors Vape descart\u00e1vel<\/span><\/h2>\n<p data-sourcepos=\"40:1-41:74\">\u2753\u00a0<strong data-sourcepos=\"40:3-40:37\">Como consegue 50 mil baforadas?<\/strong><br \/>\n\u2705\u00a0<strong data-sourcepos=\"41:3-41:20\">36mL de e-l\u00edquido<\/strong>\u00a0+\u00a0<strong data-sourcepos=\"41:23-41:52\">bobinas de malha dupla eficientes<\/strong>\u00a0maximizar a longevidade.<\/p>\n<p data-sourcepos=\"43:1-44:107\">\u2753\u00a0<strong data-sourcepos=\"43:3-43:43\">Posso alternar entre sabores facilmente?<\/strong><br \/>\n\u2705\u00a0Sim!\u00a0<strong data-sourcepos=\"44:8-44:43\">12 combina\u00e7\u00f5es pr\u00e9-misturadas de dois sabores<\/strong>\u00a0permitem alternar entre gostos (por exemplo,\u00a0<strong data-sourcepos=\"44:81-44:103\">Gelado de Banana \u2192 Manga<\/strong>).<\/p>\n<p data-sourcepos=\"46:1-47:93\">\u2753\u00a0<strong data-sourcepos=\"46:3-46:31\">A bateria \u00e9 confi\u00e1vel?<\/strong><br \/>\n\u2705\u00a0O\u00a0<strong data-sourcepos=\"47:7-47:25\">Bateria de 650mAh<\/strong>\u00a0suporta uso durante todo o dia, com\u00a0<strong data-sourcepos=\"47:53-47:72\">Carregamento tipo C<\/strong>\u00a0para reabastecimentos r\u00e1pidos.<\/p>\n<p data-sourcepos=\"49:1-50:109\">\u2753\u00a0<strong data-sourcepos=\"49:3-49:26\">Para quem \u00e9 melhor?<br \/>\n<\/strong>\u2705\u00a0Vapers querendo\u00a0<strong data-sourcepos=\"50:18-50:34\">uso prolongado<\/strong>\u00a0+\u00a0<strong data-sourcepos=\"50:37-50:55\">variedade de sabores<\/strong>, e varejistas que buscam\u00a0<strong data-sourcepos=\"50:79-50:106\">descart\u00e1veis \u200b\u200bde alta demanda<\/strong>.<\/p>\n<p data-sourcepos=\"49:1-50:109\">\u2753\u00a0<strong data-sourcepos=\"50:3-50:42\">De onde este produto \u00e9 enviado?<\/strong><br \/>\n\u2705\u00a0Direto de\u00a0<strong data-sourcepos=\"51:15-51:32\">Armaz\u00e9ns da UE<\/strong>\u00a0para\u00a0<strong data-sourcepos=\"51:37-51:64\">entrega r\u00e1pida e sem impostos<\/strong>.<\/p>\n<p>&nbsp;<\/p>\n<h3 id=\"brxe-najhln\" class=\"brxe-heading\">Perguntas frequentes (FAQ)<\/h3>\n<div id=\"brxe-rajiac\" class=\"brxe-text\">\n<p><strong>P: Quais m\u00e9todos de pagamento voc\u00ea aceita?<\/strong><br \/>\nR: Aceitamos PayPal, Stripe, transfer\u00eancias banc\u00e1rias (com suporte SEPA), os principais cart\u00f5es de cr\u00e9dito (Visa, MasterCard, American Express) e pagamentos em criptomoedas.<\/p>\n<p><strong>P: Quanto tempo leva a prepara\u00e7\u00e3o do pedido?<\/strong><br \/>\nR: A prepara\u00e7\u00e3o do pedido leva de 1 a 3 dias \u00fateis.<\/p>\n<p><strong>P: Qual \u00e9 o tempo de envio?<\/strong><br \/>\nR: O tempo de envio \u00e9 de 7 a 14 dias \u00fateis, dependendo da sua localiza\u00e7\u00e3o. As mercadorias enviadas de armaz\u00e9ns europeus normalmente levam de 3 a 6 dias \u00fateis para serem entregues.<\/p>\n<p><strong>P: Como posso rastrear meu pedido?<\/strong><br \/>\nR: Ap\u00f3s o envio, voc\u00ea receber\u00e1 um e-mail de confirma\u00e7\u00e3o com um n\u00famero de rastreamento para rastreamento em tempo real.<\/p>\n<p><strong>P: Qual \u00e9 a sua pol\u00edtica de devolu\u00e7\u00e3o?<\/strong><br \/>\nR: Oferecemos uma pol\u00edtica de devolu\u00e7\u00e3o de 30 dias para reembolsos ou trocas. .<\/p>\n<p><strong>P: Haver\u00e1 algum problema alfandeg\u00e1rio?<br \/>\n<\/strong>Lidamos com todos os procedimentos de desembara\u00e7o aduaneiro para garantir uma experi\u00eancia descomplicada para voc\u00ea. .<\/p>\n<p><strong>P: Quais m\u00e9todos de envio s\u00e3o usados?<\/strong><br \/>\nCooperamos com UPS\/DHL\/FEDEX\/DPD, etc. Escolheremos a op\u00e7\u00e3o de envio apropriada dependendo do pa\u00eds de entrega para garantir que voc\u00ea receba seus produtos o mais r\u00e1pido poss\u00edvel.<\/p>\n<p><a href=\"https:\/\/pgvape.com\/pt\/perguntas-frequentes\/\">Clique aqui para mais perguntas frequentes<\/a><\/p>\n<p>Prezados clientes, Se voc\u00ea tiver alguma d\u00favida sobre seu pedido ou a chegada de mercadorias, entre em contato com nosso atendimento ao cliente. Obrigado!<\/p>\n<h3 data-sourcepos=\"73:1-73:21\"><strong data-sourcepos=\"73:7-73:21\">Contate-nos<\/strong><\/h3>\n<div id=\"text-2419739398\" class=\"text\">\n<p><strong data-sourcepos=\"75:3-75:12\">E-mail<\/strong>:\u00a0<a href=\"mailto:support@pgvape.com\"><strong>support@pgvape.com<\/strong><\/a><\/p>\n<p><strong data-sourcepos=\"76:3-76:15\">WhatsApp<\/strong>:\u00a0<a href=\"https:\/\/wa.me\/+8618128481258\"><strong>+86 18128481258<\/strong><\/a><br \/>\n<strong>(Resposta em at\u00e9 24 horas em dias \u00fateis)<\/strong><\/p>\n<\/div>\n<h3><strong>Obrigado por escolher pgvape.com! .<\/strong><\/h3>\n<\/div>","protected":false},"excerpt":{"rendered":"<p>Com\u00a0<strong data-sourcepos=\"55:6-55:19\">50 mil baforadas<\/strong>,\u00a0<strong data-sourcepos=\"55:21-55:48\">flexibilidade de sabor duplo<\/strong>, e\u00a0<strong data-sourcepos=\"55:54-55:76\">bobinas de malha premium<\/strong>, o\u00a0<strong data-sourcepos=\"55:82-55:101\">Bang L\u00edder 50K<\/strong>\u00a0\u00e9 uma pot\u00eancia para os entusiastas do sabor.\u00a0<strong data-sourcepos=\"55:142-55:164\">Embalagem de 10 pe\u00e7as<\/strong>\u00a0garante apelo no varejo.<\/p>","protected":false},"featured_media":6107,"comment_status":"open","ping_status":"closed","template":"","meta":{"_seopress_robots_primary_cat":"none","_seopress_titles_title":"","_seopress_titles_desc":"","_seopress_robots_index":""},"product_brand":[54],"product_cat":[515,461,61],"product_tag":[318,63,90,66,459,203],"class_list":{"0":"post-6086","1":"product","2":"type-product","3":"status-publish","4":"has-post-thumbnail","6":"product_brand-bang-leader-vape","7":"product_cat-disposable-vape","8":"product_cat-bang-leader-vape-eu","9":"product_cat-50k-puffs-vape","10":"product_tag-50k-puffs-vape","11":"product_tag-bang-leader-50000","12":"product_tag-disposable-vape","13":"product_tag-dual-flavors","14":"product_tag-free-shipping","15":"product_tag-shipment-from-eu","17":"first","18":"instock","19":"sale","20":"shipping-taxable","21":"purchasable","22":"product-type-variable"},"_links":{"self":[{"href":"https:\/\/pgvape.com\/pt\/wp-json\/wp\/v2\/product\/6086","targetHints":{"allow":["GET"]}}],"collection":[{"href":"https:\/\/pgvape.com\/pt\/wp-json\/wp\/v2\/product"}],"about":[{"href":"https:\/\/pgvape.com\/pt\/wp-json\/wp\/v2\/types\/product"}],"replies":[{"embeddable":true,"href":"https:\/\/pgvape.com\/pt\/wp-json\/wp\/v2\/comments?post=6086"}],"wp:featuredmedia":[{"embeddable":true,"href":"https:\/\/pgvape.com\/pt\/wp-json\/wp\/v2\/media\/6107"}],"wp:attachment":[{"href":"https:\/\/pgvape.com\/pt\/wp-json\/wp\/v2\/media?parent=6086"}],"wp:term":[{"taxonomy":"product_brand","embeddable":true,"href":"https:\/\/pgvape.com\/pt\/wp-json\/wp\/v2\/product_brand?post=6086"},{"taxonomy":"product_cat","embeddable":true,"href":"https:\/\/pgvape.com\/pt\/wp-json\/wp\/v2\/product_cat?post=6086"},{"taxonomy":"product_tag","embeddable":true,"href":"https:\/\/pgvape.com\/pt\/wp-json\/wp\/v2\/product_tag?post=6086"}],"curies":[{"name":"wp","href":"https:\/\/api.w.org\/{rel}","templated":true}]}}