{"id":6058,"date":"2025-11-14T10:25:52","date_gmt":"2025-11-14T10:25:52","guid":{"rendered":"https:\/\/pgvape.com\/?post_type=product&#038;p=6058"},"modified":"2026-04-18T15:31:11","modified_gmt":"2026-04-18T15:31:11","slug":"bang-lider-110000-110k-puffs-6-em-1-sabores-envio-vape-descartavel-da-ue-frete-gratis-vape-direto-da-fabrica","status":"publish","type":"product","link":"https:\/\/pgvape.com\/pt\/produto\/bang-lider-110000-110k-puffs-6-em-1-sabores-envio-vape-descartavel-da-ue-frete-gratis-vape-direto-da-fabrica\/","title":{"rendered":"Bang Leader 110000 | 110k Puffs 6 em 1 Sabores Vape Descart\u00e1vel | Remessa da UE | Frete Gr\u00e1tis | Vape Direto da F\u00e1brica"},"content":{"rendered":"<p><strong data-sourcepos=\"6:5-6:47\">Bang Leader 110K Puffs Vape Descart\u00e1vel<\/strong>\u00a0revoluciona a vaporiza\u00e7\u00e3o de longo prazo com um produto l\u00edder do setor\u00a0<strong data-sourcepos=\"6:105-6:135\">Contagem de 100.000-110.000 baforadas<\/strong>, alimentado por um inovador\u00a0<strong data-sourcepos=\"6:162-6:184\">sistema de tanque triplo<\/strong>\u00a0e\u00a0<strong data-sourcepos=\"6:189-6:209\">bobina de malha tripla<\/strong>\u00a0tecnologia.\u00a0<strong data-sourcepos=\"6:232-6:263\">6 modos de sabor personaliz\u00e1veis<\/strong> (sabores simples ou misturados)\u00a0e um\u00a0<strong data-sourcepos=\"6:337-6:368\">Bateria recarreg\u00e1vel de 850mAh<\/strong>\u00a0com\u00a0<strong data-sourcepos=\"6:374-6:398\">Carregamento r\u00e1pido tipo C<\/strong>, este dispositivo oferece versatilidade incompar\u00e1vel.\u00a0<strong data-sourcepos=\"6:451-6:465\">Tela LED<\/strong>\u00a0fornece monitoramento em tempo real da bateria e do uso, enquanto\u00a0<strong data-sourcepos=\"6:524-6:556\">Embalagem de atacado de 10 pe\u00e7as<\/strong>\u00a0o torna ideal para varejistas.<br \/>\nBang Leader 110K enviado diretamente de nosso <b>Armaz\u00e9m da UE<\/b>, as garantias <b>entrega r\u00e1pida e sem impostos<\/b>\u00a0e autenticidade 100% - trazendo a voc\u00ea uma experi\u00eancia vaping de alto n\u00edvel direto na sua porta.<\/p>\n<p>&nbsp;<\/p>\n<h2><span style=\"font-size: 90%;\">Bang Leader 110000 | 110k Puffs 6 em 1 Sabores Vape Descart\u00e1vel Especifica\u00e7\u00e3o do Produto<\/span><\/h2>\n<p><strong data-sourcepos=\"11:3-11:18\">Contagem de sopros:<\/strong>\u00a0<strong data-sourcepos=\"11:19-11:44\">100.000-110.000 baforadas<\/strong>\u00a0(Longevidade incompar\u00e1vel)<\/p>\n<p><strong data-sourcepos=\"12:3-12:16\">Nicotina:<\/strong>\u00a0<strong data-sourcepos=\"12:17-12:33\">2%\u00a0<\/strong><\/p>\n<p><strong data-sourcepos=\"13:3-13:21\">Sistema de sabores:<\/strong><strong data-sourcepos=\"14:5-14:17\">6 modos:<\/strong>\u00a0<strong data-sourcepos=\"14:18-14:44\">A, B, C, A+B, A+C, B+C<\/strong>\u00a0(Misture e combine sabores)<\/p>\n<p><strong data-sourcepos=\"15:5-15:25\">Tanques Triplos de Petr\u00f3leo<\/strong>\u00a0(Abastece tanques de \u00f3leo ** (suporta combina\u00e7\u00f5es de v\u00e1rios sabores)<\/p>\n<p><strong data-sourcepos=\"16:3-16:12\">Bobina:<\/strong>\u00a0<strong data-sourcepos=\"16:13-16:33\">Bobina de malha tripla<\/strong>\u00a0(Aquecimento mais r\u00e1pido, vapor mais rico)<\/p>\n<p><strong data-sourcepos=\"17:3-17:15\">Bateria:<\/strong>\u00a0<strong data-sourcepos=\"17:16-17:39\">850mAh recarreg\u00e1vel<\/strong>\u00a0(Com\u00a0<strong data-sourcepos=\"17:46-17:56\">Tipo-C<\/strong>\u00a0carregamento r\u00e1pido)<\/p>\n<p><strong data-sourcepos=\"18:3-18:15\">Mostrar:<\/strong>\u00a0<strong data-sourcepos=\"18:16-18:30\">Tela LED<\/strong>\u00a0(Contagem de baforadas e indicador de bateria)<\/p>\n<p><strong data-sourcepos=\"19:3-19:17\">Embalagem:<\/strong>\u00a0<strong data-sourcepos=\"19:18-19:33\">10 unidades\/pacote<\/strong>\u00a0(Pronto para varejo)<\/p>\n<p><strong data-sourcepos=\"15:3-15:28\">Envio em armaz\u00e9m da UE<\/strong>\u00a0\u2013 Entrega r\u00e1pida e sem impostos<\/p>\n<p>&nbsp;<\/p>\n<h3><span style=\"font-size: 90%;\">Bang Leader 110000 | 110k Puffs 6 em 1 sabores Lista de sabores de vapor descart\u00e1veis<\/span><\/h3>\n<p>1. Gelo de melancia \/ Mamba de morango \/ Melancia de morango \/ Mamba de morango de gelo de melancia \/ Melancia de morango de gelo de melancia \/ Melancia de morango Mamba de morango<\/p>\n<p>2.Fuji Ice \/ Ma\u00e7\u00e3 Uva \/ Cereja Rom\u00e3 \/ Fuji Ice Ma\u00e7\u00e3 Uva \/ Fuji Ice Cereja Rom\u00e3 \/ Ma\u00e7\u00e3 Uva Cereja Rom\u00e3<\/p>\n<p>3. Gelo de mirtilo \/ Lim\u00e3o de framboesa \/ Chiclete de melancia \/ Lim\u00e3o de framboesa de mirtilo \/ Chiclete de melancia com gelo de mirtilo \/ Chiclete de melancia com lim\u00e3o e framboesa<\/p>\n<p>4. Mirtilos Framboesas \/ Abacaxi Azedo Laranjas \/ Framboesas Melancias \/ Mirtilos Framboesas Abacaxi Azedo Laranjas \/ Mirtilos Framboesas Framboesas Melancias \/ Abacaxi Azedo Laranjas Framboesas Melancia<\/p>\n<p>5. Gelo de Uva \/ Manga P\u00eassego \/ Melancia de Mirtilo \/ Gelo de Uva Manga P\u00eassego \/ Gelo de Uva Mirtilo Melancia \/ Manga P\u00eassego Mirtilo Melancia<\/p>\n<p>6. Gelo de Morango \/ P\u00eassego Lim\u00e3o \/ Kiwi Maracuj\u00e1 Goiaba \/ Morango Gelo P\u00eassego Lim\u00e3o \/ Morango Gelo Kiwi Maracuj\u00e1 Goiaba \/ P\u00eassego Lim\u00e3o Kiwi Maracuj\u00e1 Goiaba<\/p>\n<p>7. Coco de abacaxi \/ Red Bull de mirtilo \/ Gelo de melancia \/ Gelo de melancia de coco de abacaxi \/ Gelo de melancia de coco de abacaxi \/ Gelo de melancia de mirtilo Red Bull<\/p>\n<p>8. Kiwi de Morango \/ Coco de Mirtilo \/ Bagas Mistas \/ Coco de Mirtilo Kiwi de Morango \/ Bagas Mistas de Kiwi de Morango \/ Bagas Mistas de Coco de Mirtilo<\/p>\n<p>9.Lemon Romance \/ Mirtilo Framboesa \/ P\u00eassego Mentol \/ Lim\u00e3o Romance Mirtilo Framboesa \/ Lim\u00e3o Romance P\u00eassego Mentol \/ Mirtilo Framboesa P\u00eassego Mentol<\/p>\n<p>10. Gelo de p\u00eassego \/ Gelo de abacaxi com groselha \/ Kiwi de ma\u00e7\u00e3 verde \/ Gelo de p\u00eassego Gelo de abacaxi com groselha \/ Gelo de p\u00eassego Ma\u00e7\u00e3 verde Kiwi \/ Gelo de abacaxi com groselha preta Kiwi de ma\u00e7\u00e3 verde<img loading=\"lazy\" decoding=\"async\" class=\"alignnone wp-image-6063 size-full\" src=\"https:\/\/pgvape.com\/wp-content\/uploads\/2025\/11\/Pgvape-Bang-Leader-110k-Puffs-6-in-1-Flavors-Disposable-Vape-Shipment-from-EU-Free-Shipping-3.png\" alt=\"Uma grade de doze dispositivos vaporizadores descart\u00e1veis \u200b\u200bcoloridos com gradiente rotulados como \u201c6 em 1\u201d, cada um com uma ilustra\u00e7\u00e3o de um macaco de desenho animado, \u00edcones de exibi\u00e7\u00e3o digital e pequenos r\u00f3tulos de v\u00e1rios sabores abaixo, apresentados em um fundo azul gelado.\" width=\"1080\" height=\"1080\" srcset=\"https:\/\/pgvape.com\/wp-content\/uploads\/2025\/11\/Pgvape-Bang-Leader-110k-Puffs-6-in-1-Flavors-Disposable-Vape-Shipment-from-EU-Free-Shipping-3.png 1080w, https:\/\/pgvape.com\/wp-content\/uploads\/2025\/11\/Pgvape-Bang-Leader-110k-Puffs-6-in-1-Flavors-Disposable-Vape-Shipment-from-EU-Free-Shipping-3-360x360.png 360w, https:\/\/pgvape.com\/wp-content\/uploads\/2025\/11\/Pgvape-Bang-Leader-110k-Puffs-6-in-1-Flavors-Disposable-Vape-Shipment-from-EU-Free-Shipping-3-595x595.png 595w, https:\/\/pgvape.com\/wp-content\/uploads\/2025\/11\/Pgvape-Bang-Leader-110k-Puffs-6-in-1-Flavors-Disposable-Vape-Shipment-from-EU-Free-Shipping-3-400x400.png 400w, https:\/\/pgvape.com\/wp-content\/uploads\/2025\/11\/Pgvape-Bang-Leader-110k-Puffs-6-in-1-Flavors-Disposable-Vape-Shipment-from-EU-Free-Shipping-3-768x768.png 768w, https:\/\/pgvape.com\/wp-content\/uploads\/2025\/11\/Pgvape-Bang-Leader-110k-Puffs-6-in-1-Flavors-Disposable-Vape-Shipment-from-EU-Free-Shipping-3-12x12.png 12w, https:\/\/pgvape.com\/wp-content\/uploads\/2025\/11\/Pgvape-Bang-Leader-110k-Puffs-6-in-1-Flavors-Disposable-Vape-Shipment-from-EU-Free-Shipping-3-300x300.png 300w, https:\/\/pgvape.com\/wp-content\/uploads\/2025\/11\/Pgvape-Bang-Leader-110k-Puffs-6-in-1-Flavors-Disposable-Vape-Shipment-from-EU-Free-Shipping-3-600x600.png 600w, https:\/\/pgvape.com\/wp-content\/uploads\/2025\/11\/Pgvape-Bang-Leader-110k-Puffs-6-in-1-Flavors-Disposable-Vape-Shipment-from-EU-Free-Shipping-3-100x100.png 100w, https:\/\/pgvape.com\/wp-content\/uploads\/2025\/11\/Pgvape-Bang-Leader-110k-Puffs-6-in-1-Flavors-Disposable-Vape-Shipment-from-EU-Free-Shipping-3-40x40.png 40w\" sizes=\"auto, (max-width: 1080px) 100vw, 1080px\" \/><\/p>\n<p>&nbsp;<\/p>\n<h3><span style=\"font-size: 90%;\">Bang Leader 110000 | 110k Puffs 6 em 1 Sabores Vape Descart\u00e1vel\u00a0<strong>V\u00eddeo:<\/strong><\/span><\/h3>\n<p><iframe loading=\"lazy\" title=\"Bang Leader 110k Puffs 6 em 1 sabores Vape descart\u00e1veis \u200b\u200bmodos de sabor ajust\u00e1veis \u200b\u200bcom tela LED pgvape\" width=\"563\" height=\"1000\" src=\"https:\/\/www.youtube.com\/embed\/RcaN8oRy9z4?feature=oembed\" frameborder=\"0\" allow=\"accelerometer; autoplay; clipboard-write; encrypted-media; gyroscope; picture-in-picture; web-share\" referrerpolicy=\"strict-origin-when-cross-origin\" allowfullscreen><\/iframe><\/p>\n<p>&nbsp;<\/p>\n<h3 class=\"auto-hide-last-sibling-br paragraph-pP9ZLC paragraph-element br-paragraph-space\"><span style=\"font-size: 90%;\">Por que escolher o Armaz\u00e9m Europeu PGVape?<\/span><\/h3>\n<p>Envio r\u00e1pido: Entrega para a maioria dos pa\u00edses da UE dentro de 3 a 7 dias \u00fateis.<\/p>\n<p>Entrega isenta de impostos: O estoque local da UE garante um envio tranquilo e isento de impostos.<\/p>\n<p>Garantia aut\u00eantica 100%: cigarros eletr\u00f4nicos Bang Leader genu\u00ednos de fornecedores certificados.<\/p>\n<p>Estoque Fresco: Armazenado sob condi\u00e7\u00f5es controladas para garantir a qualidade ideal.<\/p>\n<p>Confi\u00e1vel pelos europeus: Milhares de clientes desfrutam de servi\u00e7os de cigarros eletr\u00f4nicos r\u00e1pidos e seguros da PGVape.<\/p>\n<p>&nbsp;<\/p>\n<h2 class=\"header-vfC6AV auto-hide-last-sibling-br\"><span style=\"font-size: 90%;\">Perguntas frequentes sobre Bang Leader 110000 | 110k Puffs 6 em 1 sabores Vape descart\u00e1vel<\/span><\/h2>\n<p data-sourcepos=\"38:1-39:92\">\u2753\u00a0<strong data-sourcepos=\"38:3-38:38\">Como ele consegue 110 mil baforadas?<\/strong><br \/>\n\u2705\u00a0<strong data-sourcepos=\"39:3-39:23\">Tanques de \u00f3leo triplos<\/strong>\u00a0+\u00a0<strong data-sourcepos=\"39:26-39:44\">Bateria de 850mAh<\/strong>\u00a0+\u00a0<strong data-sourcepos=\"39:47-39:71\">bobinas de malha eficientes<\/strong>\u00a0maximizar a vida \u00fatil.<\/p>\n<p data-sourcepos=\"41:1-42:124\">\u2753\u00a0<strong data-sourcepos=\"41:3-41:25\">Posso misturar sabores?<\/strong><br \/>\n\u2705\u00a0Sim!\u00a0<strong data-sourcepos=\"42:16-42:35\">quaisquer 2-3 sabores<\/strong>\u00a0dos tanques para\u00a0<strong data-sourcepos=\"42:55-42:72\">misturas personalizadas<\/strong>\u00a0(por exemplo,\u00a0<strong data-sourcepos=\"42:80-42:120\">Gelo de mirtilo + chiclete de melancia<\/strong>).<\/p>\n<p data-sourcepos=\"44:1-45:86\">\u2753\u00a0<strong data-sourcepos=\"44:3-44:27\">\u00c9 f\u00e1cil de usar?<\/strong><br \/>\n\u2705\u00a0O\u00a0<strong data-sourcepos=\"45:7-45:21\">Tela LED<\/strong>\u00a0rastreia o uso e\u00a0<strong data-sourcepos=\"45:40-45:59\">Carregamento tipo C<\/strong>\u00a0garante power-ups r\u00e1pidos.<\/p>\n<p data-sourcepos=\"47:1-48:88\">\u2753\u00a0<strong data-sourcepos=\"47:3-47:26\">Para quem \u00e9 melhor?<\/strong><br \/>\n\u2705\u00a0vapers pesados \u200b\u200bquerendo\u00a0<strong data-sourcepos=\"48:24-48:37\">longevidade<\/strong>\u00a0+ varejistas que procuram\u00a0<strong data-sourcepos=\"48:58-48:85\">descart\u00e1veis \u200b\u200bde alta margem<\/strong>.<\/p>\n<p>\u2753\u00a0<strong data-sourcepos=\"50:3-50:42\">De onde este produto \u00e9 enviado?<\/strong><br \/>\n\u2705\u00a0Direto de\u00a0<strong data-sourcepos=\"51:15-51:32\">Armaz\u00e9ns da UE<\/strong>\u00a0para\u00a0<strong data-sourcepos=\"51:37-51:64\">entrega r\u00e1pida e sem impostos<\/strong>.<\/p>\n<p>&nbsp;<\/p>\n<h3 id=\"brxe-najhln\" class=\"brxe-heading\">Perguntas frequentes (FAQ)<\/h3>\n<div id=\"brxe-rajiac\" class=\"brxe-text\">\n<p><strong>P: Quais m\u00e9todos de pagamento voc\u00ea aceita?<\/strong><br \/>\nR: Aceitamos PayPal, Stripe, transfer\u00eancias banc\u00e1rias (com suporte SEPA), os principais cart\u00f5es de cr\u00e9dito (Visa, MasterCard, American Express) e pagamentos em criptomoedas.<\/p>\n<p><strong>P: Quanto tempo leva a prepara\u00e7\u00e3o do pedido?<\/strong><br \/>\nR: A prepara\u00e7\u00e3o do pedido leva de 1 a 3 dias \u00fateis.<\/p>\n<p><strong>P: Qual \u00e9 o tempo de envio?<\/strong><br \/>\nR: O tempo de envio \u00e9 de 7 a 14 dias \u00fateis, dependendo da sua localiza\u00e7\u00e3o. As mercadorias enviadas de armaz\u00e9ns europeus normalmente levam de 3 a 6 dias \u00fateis para serem entregues.<\/p>\n<p><strong>P: Como posso rastrear meu pedido?<\/strong><br \/>\nR: Ap\u00f3s o envio, voc\u00ea receber\u00e1 um e-mail de confirma\u00e7\u00e3o com um n\u00famero de rastreamento para rastreamento em tempo real.<\/p>\n<p><strong>P: Qual \u00e9 a sua pol\u00edtica de devolu\u00e7\u00e3o?<\/strong><br \/>\nR: Oferecemos uma pol\u00edtica de devolu\u00e7\u00e3o de 30 dias para reembolsos ou trocas. .<\/p>\n<p><strong>P: Haver\u00e1 algum problema alfandeg\u00e1rio?<br \/>\n<\/strong>Lidamos com todos os procedimentos de desembara\u00e7o aduaneiro para garantir uma experi\u00eancia descomplicada para voc\u00ea. .<\/p>\n<p><strong>P: Quais m\u00e9todos de envio s\u00e3o usados?<\/strong><br \/>\nCooperamos com UPS\/DHL\/FEDEX\/DPD, etc. Escolheremos a op\u00e7\u00e3o de envio apropriada dependendo do pa\u00eds de entrega para garantir que voc\u00ea receba seus produtos o mais r\u00e1pido poss\u00edvel.<\/p>\n<p><a href=\"https:\/\/pgvape.com\/pt\/perguntas-frequentes\/\">Clique aqui para mais perguntas frequentes<\/a><\/p>\n<p>Prezados clientes, Se voc\u00ea tiver alguma d\u00favida sobre seu pedido ou a chegada de mercadorias, entre em contato com nosso atendimento ao cliente. Obrigado!<\/p>\n<h3 data-sourcepos=\"73:1-73:21\"><strong data-sourcepos=\"73:7-73:21\">Contate-nos<\/strong><\/h3>\n<div id=\"text-2419739398\" class=\"text\">\n<p><strong data-sourcepos=\"75:3-75:12\">E-mail<\/strong>:\u00a0<a href=\"mailto:support@pgvape.com\"><strong>support@pgvape.com<\/strong><\/a><\/p>\n<p><strong data-sourcepos=\"76:3-76:15\">WhatsApp<\/strong>:\u00a0<a href=\"https:\/\/wa.me\/+8618128481258\"><strong>+86 18128481258<\/strong><\/a><br \/>\n<strong>(Resposta em at\u00e9 24 horas em dias \u00fateis)<\/strong><\/p>\n<\/div>\n<h3><strong>Obrigado por escolher pgvape.com! .<\/strong><\/h3>\n<\/div>","protected":false},"excerpt":{"rendered":"<p>Com\u00a0<strong data-sourcepos=\"53:6-53:20\">110 mil baforadas<\/strong>,\u00a0<strong data-sourcepos=\"53:22-53:53\">personaliza\u00e7\u00e3o de sabor triplo<\/strong>, e\u00a0<strong data-sourcepos=\"53:59-53:81\">bobinas de malha premium<\/strong>, o\u00a0<strong data-sourcepos=\"53:87-53:107\">Bang L\u00edder 110K<\/strong>\u00a0domina o mercado de vape de alta capacidade.\u00a0<strong data-sourcepos=\"53:159-53:189\">entusiastas em busca de sabores<\/strong>\u00a0e\u00a0<strong data-sourcepos=\"53:194-53:213\">compradores empresariais<\/strong>.<\/p>","protected":false},"featured_media":6061,"comment_status":"open","ping_status":"closed","template":"","meta":{"_seopress_robots_primary_cat":"none","_seopress_titles_title":"","_seopress_titles_desc":"","_seopress_robots_index":""},"product_brand":[54],"product_cat":[515,461,119],"product_tag":[361,253,460,90,459,203],"class_list":{"0":"post-6058","1":"product","2":"type-product","3":"status-publish","4":"has-post-thumbnail","6":"product_brand-bang-leader-vape","7":"product_cat-disposable-vape","8":"product_cat-bang-leader-vape-eu","9":"product_cat-110k-puffs-vape","10":"product_tag-110k-puffs-vape","11":"product_tag-6-in-1-flavors","12":"product_tag-bang-leader-110000","13":"product_tag-disposable-vape","14":"product_tag-free-shipping","15":"product_tag-shipment-from-eu","17":"first","18":"instock","19":"sale","20":"shipping-taxable","21":"purchasable","22":"product-type-variable"},"_links":{"self":[{"href":"https:\/\/pgvape.com\/pt\/wp-json\/wp\/v2\/product\/6058","targetHints":{"allow":["GET"]}}],"collection":[{"href":"https:\/\/pgvape.com\/pt\/wp-json\/wp\/v2\/product"}],"about":[{"href":"https:\/\/pgvape.com\/pt\/wp-json\/wp\/v2\/types\/product"}],"replies":[{"embeddable":true,"href":"https:\/\/pgvape.com\/pt\/wp-json\/wp\/v2\/comments?post=6058"}],"wp:featuredmedia":[{"embeddable":true,"href":"https:\/\/pgvape.com\/pt\/wp-json\/wp\/v2\/media\/6061"}],"wp:attachment":[{"href":"https:\/\/pgvape.com\/pt\/wp-json\/wp\/v2\/media?parent=6058"}],"wp:term":[{"taxonomy":"product_brand","embeddable":true,"href":"https:\/\/pgvape.com\/pt\/wp-json\/wp\/v2\/product_brand?post=6058"},{"taxonomy":"product_cat","embeddable":true,"href":"https:\/\/pgvape.com\/pt\/wp-json\/wp\/v2\/product_cat?post=6058"},{"taxonomy":"product_tag","embeddable":true,"href":"https:\/\/pgvape.com\/pt\/wp-json\/wp\/v2\/product_tag?post=6058"}],"curies":[{"name":"wp","href":"https:\/\/api.w.org\/{rel}","templated":true}]}}