{"id":6033,"date":"2025-11-14T09:15:57","date_gmt":"2025-11-14T09:15:57","guid":{"rendered":"https:\/\/pgvape.com\/?post_type=product&#038;p=6033"},"modified":"2026-04-18T15:31:11","modified_gmt":"2026-04-18T15:31:11","slug":"bang-king-25000-25k-puffs-armazem-duplo-vape-descartavel-remessa-da-ue-frete-gratis-vape-direto-da-fabrica","status":"publish","type":"product","link":"https:\/\/pgvape.com\/pt\/produto\/bang-king-25000-25k-puffs-armazem-duplo-vape-descartavel-remessa-da-ue-frete-gratis-vape-direto-da-fabrica\/","title":{"rendered":"Bang King 25000 | 25K Puffs Vape descart\u00e1vel de armaz\u00e9m duplo | Remessa da UE | Frete gr\u00e1tis | Vape direto da f\u00e1brica"},"content":{"rendered":"<p><strong data-sourcepos=\"4:5-4:67\">Bang King 25000 Puffs Double Warehouse Vape descart\u00e1vel Pod<\/strong>\u00a0entrega\u00a0<strong data-sourcepos=\"4:77-4:109\">satisfa\u00e7\u00e3o vaping estendida<\/strong>\u00a0com seu\u00a0<strong data-sourcepos=\"4:119-4:138\">sistema de pod duplo<\/strong>\u00a0e\u00a0<strong data-sourcepos=\"4:143-4:167\">Capacidade de 25.000 baforadas<\/strong>.\u00a0<strong data-sourcepos=\"4:179-4:220\">duas c\u00e1psulas pr\u00e9-cheias de 23ml (46ml no total)<\/strong>,\u00a0<strong data-sourcepos=\"4:222-4:242\">Bobina de malha de 1,0 ohm<\/strong>, e\u00a0<strong data-sourcepos=\"4:248-4:279\">Bateria recarreg\u00e1vel de 650mAh<\/strong>, O\u00a0<strong data-sourcepos=\"4:351-4:375\">Porta de carregamento tipo C<\/strong>\u00a0garante power-ups convenientes.<br \/>\nEnviado diretamente de nosso\u00a0<b>Armaz\u00e9m da UE<\/b>, o Bang king 25K garante <b>entrega r\u00e1pida e sem impostos<\/b>\u00a0e autenticidade 100% - trazendo a voc\u00ea uma experi\u00eancia vaping de alto n\u00edvel direto na sua porta.<\/p>\n<p>&nbsp;<\/p>\n<h2><span style=\"font-size: 90%;\">Bang King 25000 | 25K Puffs Vape descart\u00e1vel de armaz\u00e9m duplo Especifica\u00e7\u00f5es do produto<\/span><\/h2>\n<p><strong data-sourcepos=\"7:3-7:17\">Contagem de sopros<\/strong>: 25.000 baforadas<\/p>\n<p><strong data-sourcepos=\"8:3-8:24\">Capacidade de e-l\u00edquido<\/strong>: 46ml (23ml x 2 c\u00e1psulas)<\/p>\n<p><strong data-sourcepos=\"9:3-9:11\">Bobina<\/strong>: Bobina de malha de 1,0 ohm<\/p>\n<p><strong data-sourcepos=\"10:3-10:25\">Pontos fortes da nicotina<\/strong>: 2%<\/p>\n<p><strong data-sourcepos=\"11:3-11:14\">Bateria<\/strong>: 650mAh recarreg\u00e1vel<\/p>\n<p><strong data-sourcepos=\"12:3-12:15\">Carregando<\/strong>: Porta Tipo C<\/p>\n<p><strong data-sourcepos=\"13:3-13:17\">Sistema de pods<\/strong>: c\u00e1psulas duplas pr\u00e9-cheias<\/p>\n<p><strong data-sourcepos=\"14:3-14:21\">Op\u00e7\u00f5es de sabores<\/strong>: 12 variedades<\/p>\n<p><strong data-sourcepos=\"15:3-15:28\">Envio em armaz\u00e9m da UE<\/strong>\u00a0\u2013 Entrega r\u00e1pida e sem impostos<\/p>\n<p>&nbsp;<\/p>\n<h3><span style=\"font-size: 90%;\">Bang King 25000 | 25K Puffs Double Warehouse Descart\u00e1vel Vape Sabor Sele\u00e7\u00e3o<\/span><\/h3>\n<p><strong data-sourcepos=\"17:4-17:21\">1.Gelo Razz Azul<\/strong><\/p>\n<p><strong data-sourcepos=\"18:4-18:23\">2. Gelo suculento de p\u00eassego<\/strong><\/p>\n<p><strong data-sourcepos=\"19:4-19:29\">3. Melancia Morango<\/strong><\/p>\n<p><strong data-sourcepos=\"20:4-20:22\">4. Gelo de melancia<\/strong><\/p>\n<p><strong data-sourcepos=\"21:4-21:25\">5. Banana Morango<\/strong><\/p>\n<p><strong data-sourcepos=\"22:4-22:22\">6. Gelo de ma\u00e7\u00e3 azedo<\/strong><\/p>\n<p><strong data-sourcepos=\"23:4-23:24\">7. Gelo de frutas triplas<\/strong><\/p>\n<p><strong data-sourcepos=\"24:4-24:22\">8. Frutas Tropicais<\/strong><\/p>\n<p><strong data-sourcepos=\"25:4-25:19\">9.Bomba de cereja<\/strong><\/p>\n<p><strong data-sourcepos=\"26:5-26:18\">10. Gelo de Uva<\/strong><\/p>\n<p><strong data-sourcepos=\"27:5-27:20\">11. Manga P\u00eassego<\/strong><\/p>\n<p><strong data-sourcepos=\"28:5-28:25\">12. Manga Morango<img loading=\"lazy\" decoding=\"async\" class=\"alignnone wp-image-6045 size-full\" src=\"https:\/\/pgvape.com\/wp-content\/uploads\/2025\/11\/pgvape-Bang-King-25000-25K-Puffs-Double-Warehouse-Disposable-VapeShipment-from-EU-Free-Shipping-10.png\" alt=\"An\u00fancio de n\u00e9on apresentando doze dispositivos vape descart\u00e1veis \u200b\u200b\u200b\u200bretangulares de cores vivas em duas fileiras - cada um com a marca de um logotipo de coroa e marcado &#039;25.000 PUFFS&#039; - com um grande t\u00edtulo magenta &#039;25.000 PUFFS&#039;, emblemas &#039;Frete Gr\u00e1tis&#039; e &#039;Remessa da UE&#039; e um fundo v\u00edvido em estilo grafite.\" width=\"1500\" height=\"967\" srcset=\"https:\/\/pgvape.com\/wp-content\/uploads\/2025\/11\/pgvape-Bang-King-25000-25K-Puffs-Double-Warehouse-Disposable-VapeShipment-from-EU-Free-Shipping-10.png 1500w, https:\/\/pgvape.com\/wp-content\/uploads\/2025\/11\/pgvape-Bang-King-25000-25K-Puffs-Double-Warehouse-Disposable-VapeShipment-from-EU-Free-Shipping-10-555x358.png 555w, https:\/\/pgvape.com\/wp-content\/uploads\/2025\/11\/pgvape-Bang-King-25000-25K-Puffs-Double-Warehouse-Disposable-VapeShipment-from-EU-Free-Shipping-10-595x384.png 595w, https:\/\/pgvape.com\/wp-content\/uploads\/2025\/11\/pgvape-Bang-King-25000-25K-Puffs-Double-Warehouse-Disposable-VapeShipment-from-EU-Free-Shipping-10-400x258.png 400w, https:\/\/pgvape.com\/wp-content\/uploads\/2025\/11\/pgvape-Bang-King-25000-25K-Puffs-Double-Warehouse-Disposable-VapeShipment-from-EU-Free-Shipping-10-768x495.png 768w, https:\/\/pgvape.com\/wp-content\/uploads\/2025\/11\/pgvape-Bang-King-25000-25K-Puffs-Double-Warehouse-Disposable-VapeShipment-from-EU-Free-Shipping-10-18x12.png 18w, https:\/\/pgvape.com\/wp-content\/uploads\/2025\/11\/pgvape-Bang-King-25000-25K-Puffs-Double-Warehouse-Disposable-VapeShipment-from-EU-Free-Shipping-10-600x387.png 600w, https:\/\/pgvape.com\/wp-content\/uploads\/2025\/11\/pgvape-Bang-King-25000-25K-Puffs-Double-Warehouse-Disposable-VapeShipment-from-EU-Free-Shipping-10-60x40.png 60w\" sizes=\"auto, (max-width: 1500px) 100vw, 1500px\" \/><\/strong><\/p>\n<p>&nbsp;<\/p>\n<h3><span style=\"font-size: 90%;\">Bang King 25000 | 25K Puffs Double Warehouse Descart\u00e1vel Vape V\u00eddeo:<\/span><\/h3>\n<p>&nbsp;<\/p>\n<h3 class=\"auto-hide-last-sibling-br paragraph-pP9ZLC paragraph-element br-paragraph-space\"><span style=\"font-size: 90%;\">Por que escolher o Armaz\u00e9m Europeu PGVape?<\/span><\/h3>\n<p>Envio r\u00e1pido: Entrega para a maioria dos pa\u00edses da UE dentro de 3 a 7 dias \u00fateis.<\/p>\n<p>Entrega isenta de impostos: O estoque local da UE garante um envio tranquilo e isento de impostos.<\/p>\n<p>Garantia aut\u00eantica 100%: cigarros eletr\u00f4nicos Bang King genu\u00ednos de fornecedores certificados.<\/p>\n<p>Estoque Fresco: Armazenado sob condi\u00e7\u00f5es controladas para garantir a qualidade ideal.<\/p>\n<p>Confi\u00e1vel pelos europeus: Milhares de clientes desfrutam de servi\u00e7os de cigarros eletr\u00f4nicos r\u00e1pidos e seguros da PGVape.<\/p>\n<p>&nbsp;<\/p>\n<h2><span style=\"font-size: 90%;\">Perguntas frequentes sobre Bang King 25000 | 25K Puffs Double Warehouse Vape descart\u00e1vel<\/span><\/h2>\n<p data-sourcepos=\"31:1-32:87\">\u2753\u00a0<strong data-sourcepos=\"31:3-31:41\">Como funciona o sistema de pod duplo?<\/strong><br \/>\n\u2705\u00a0Recursos\u00a0<strong data-sourcepos=\"32:12-32:40\">duas c\u00e1psulas pr\u00e9-cheias de 23ml<\/strong>\u00a0para\u00a0<strong data-sourcepos=\"32:45-32:61\">uso prolongado<\/strong>\u00a0e\u00a0<strong data-sourcepos=\"32:66-32:84\">variedade de sabores<\/strong>.<\/p>\n<p data-sourcepos=\"34:1-35:74\">\u2753\u00a0<strong data-sourcepos=\"34:3-34:48\">O que torna a qualidade do vapor excepcional?<\/strong><br \/>\n\u2705\u00a0<strong data-sourcepos=\"35:3-35:23\">Bobina de malha de 1,0 ohm<\/strong>\u00a0entrega\u00a0<strong data-sourcepos=\"35:33-35:71\">produ\u00e7\u00e3o de vapor suave e saboroso<\/strong>.<\/p>\n<p data-sourcepos=\"37:1-38:75\">\u2753\u00a0<strong data-sourcepos=\"37:3-37:38\">Quanto tempo dura a bateria?<\/strong><br \/>\n\u2705\u00a0<strong data-sourcepos=\"38:3-38:34\">Bateria recarreg\u00e1vel de 650mAh<\/strong>\u00a0suporta\u00a0<strong data-sourcepos=\"38:44-38:72\">sess\u00f5es de vaporiza\u00e7\u00e3o prolongadas<\/strong>.<\/p>\n<p data-sourcepos=\"40:1-41:66\">\u2753\u00a0<strong data-sourcepos=\"40:3-40:28\">\u00c9 f\u00e1cil carregar?<\/strong><br \/>\n\u2705\u00a0<strong data-sourcepos=\"41:3-41:22\">Carregamento tipo C<\/strong>\u00a0fornece\u00a0<strong data-sourcepos=\"41:32-41:63\">power-ups r\u00e1pidos e convenientes<\/strong>.<\/p>\n<p data-sourcepos=\"43:1-44:52\">\u2753\u00a0<strong data-sourcepos=\"43:3-43:43\">Quais op\u00e7\u00f5es de nicotina est\u00e3o dispon\u00edveis?<br \/>\n<\/strong>\u2705\u00a0Escolha entre\u00a0<strong data-sourcepos=\"44:15-44:49\">Dosagens de nicotina 0%\/2%\/3%\/5%<\/strong>.<\/p>\n<p data-sourcepos=\"43:1-44:52\">\u2753\u00a0<strong data-sourcepos=\"50:3-50:42\">De onde este produto \u00e9 enviado?<\/strong><br \/>\n\u2705\u00a0Direto de\u00a0<strong data-sourcepos=\"51:15-51:32\">Armaz\u00e9ns da UE<\/strong>\u00a0para\u00a0<strong data-sourcepos=\"51:37-51:64\">entrega r\u00e1pida e sem impostos<\/strong>.<\/p>\n<p>&nbsp;<\/p>\n<h3 id=\"brxe-najhln\" class=\"brxe-heading\">Perguntas frequentes (FAQ)<\/h3>\n<div id=\"brxe-rajiac\" class=\"brxe-text\">\n<p><strong>P: Quais m\u00e9todos de pagamento voc\u00ea aceita?<\/strong><br \/>\nR: Aceitamos PayPal, Stripe, transfer\u00eancias banc\u00e1rias (com suporte SEPA), os principais cart\u00f5es de cr\u00e9dito (Visa, MasterCard, American Express) e pagamentos em criptomoedas.<\/p>\n<p><strong>P: Quanto tempo leva a prepara\u00e7\u00e3o do pedido?<\/strong><br \/>\nR: A prepara\u00e7\u00e3o do pedido leva de 1 a 3 dias \u00fateis.<\/p>\n<p><strong>P: Qual \u00e9 o tempo de envio?<\/strong><br \/>\nR: O tempo de envio \u00e9 de 7 a 14 dias \u00fateis, dependendo da sua localiza\u00e7\u00e3o. As mercadorias enviadas de armaz\u00e9ns europeus normalmente levam de 3 a 6 dias \u00fateis para serem entregues.<\/p>\n<p><strong>P: Como posso rastrear meu pedido?<\/strong><br \/>\nR: Ap\u00f3s o envio, voc\u00ea receber\u00e1 um e-mail de confirma\u00e7\u00e3o com um n\u00famero de rastreamento para rastreamento em tempo real.<\/p>\n<p><strong>P: Qual \u00e9 a sua pol\u00edtica de devolu\u00e7\u00e3o?<\/strong><br \/>\nR: Oferecemos uma pol\u00edtica de devolu\u00e7\u00e3o de 30 dias para reembolsos ou trocas. .<\/p>\n<p><strong>P: Haver\u00e1 algum problema alfandeg\u00e1rio?<br \/>\n<\/strong>Lidamos com todos os procedimentos de desembara\u00e7o aduaneiro para garantir uma experi\u00eancia descomplicada para voc\u00ea. .<\/p>\n<p><strong>P: Quais m\u00e9todos de envio s\u00e3o usados?<\/strong><br \/>\nCooperamos com UPS\/DHL\/FEDEX\/DPD, etc. Escolheremos a op\u00e7\u00e3o de envio apropriada dependendo do pa\u00eds de entrega para garantir que voc\u00ea receba seus produtos o mais r\u00e1pido poss\u00edvel.<\/p>\n<p><a href=\"https:\/\/pgvape.com\/pt\/perguntas-frequentes\/\">Clique aqui para mais perguntas frequentes<\/a><\/p>\n<p>Prezados clientes, Se voc\u00ea tiver alguma d\u00favida sobre seu pedido ou a chegada de mercadorias, entre em contato com nosso atendimento ao cliente. Obrigado!<\/p>\n<h3 data-sourcepos=\"73:1-73:21\"><strong data-sourcepos=\"73:7-73:21\">Contate-nos<\/strong><\/h3>\n<div id=\"text-2419739398\" class=\"text\">\n<p><strong data-sourcepos=\"75:3-75:12\">E-mail<\/strong>:\u00a0<a href=\"mailto:support@pgvape.com\"><strong>support@pgvape.com<\/strong><\/a><\/p>\n<p><strong data-sourcepos=\"76:3-76:15\">WhatsApp<\/strong>:\u00a0<a href=\"https:\/\/wa.me\/+8618128481258\"><strong>+86 18128481258<\/strong><\/a><br \/>\n<strong>(Resposta em at\u00e9 24 horas em dias \u00fateis)<\/strong><\/p>\n<\/div>\n<h3><strong>Obrigado por escolher pgvape.com! .<\/strong><\/h3>\n<\/div>","protected":false},"excerpt":{"rendered":"<p><strong data-sourcepos=\"47:5-47:30\">Bang King 25.000 baforadas<\/strong>\u00a0ofertas\u00a0<strong data-sourcepos=\"47:38-47:62\">conveni\u00eancia de pod duplo<\/strong>,\u00a0<strong data-sourcepos=\"47:64-47:90\">capacidade estendida de 46ml<\/strong>, e\u00a0<strong data-sourcepos=\"47:96-47:120\">tecnologia de bobina de malha<\/strong>\u00a0com\u00a0<strong data-sourcepos=\"47:126-47:147\">12 op\u00e7\u00f5es de sabores<\/strong>\u00a0para uma experi\u00eancia vaping satisfat\u00f3ria.<\/p>","protected":false},"featured_media":6044,"comment_status":"open","ping_status":"closed","template":"","meta":{"_seopress_robots_primary_cat":"none","_seopress_titles_title":"","_seopress_titles_desc":"","_seopress_robots_index":""},"product_brand":[19,516],"product_cat":[515,462,94],"product_tag":[351,350,90,322,459,203],"class_list":{"0":"post-6033","1":"product","2":"type-product","3":"status-publish","4":"has-post-thumbnail","6":"product_brand-bang-king-vape","7":"product_brand-disposable-vape","8":"product_cat-disposable-vape","9":"product_cat-bang-king-vape-eu","10":"product_cat-25k-puffs-vape","11":"product_tag-25k-puffs-vape","12":"product_tag-bang-king-25000","13":"product_tag-disposable-vape","14":"product_tag-double-warehouse","15":"product_tag-free-shipping","16":"product_tag-shipment-from-eu","17":"product_shipping_class-overseas-warehouse","19":"first","20":"instock","21":"sale","22":"shipping-taxable","23":"purchasable","24":"product-type-variable"},"_links":{"self":[{"href":"https:\/\/pgvape.com\/pt\/wp-json\/wp\/v2\/product\/6033","targetHints":{"allow":["GET"]}}],"collection":[{"href":"https:\/\/pgvape.com\/pt\/wp-json\/wp\/v2\/product"}],"about":[{"href":"https:\/\/pgvape.com\/pt\/wp-json\/wp\/v2\/types\/product"}],"replies":[{"embeddable":true,"href":"https:\/\/pgvape.com\/pt\/wp-json\/wp\/v2\/comments?post=6033"}],"wp:featuredmedia":[{"embeddable":true,"href":"https:\/\/pgvape.com\/pt\/wp-json\/wp\/v2\/media\/6044"}],"wp:attachment":[{"href":"https:\/\/pgvape.com\/pt\/wp-json\/wp\/v2\/media?parent=6033"}],"wp:term":[{"taxonomy":"product_brand","embeddable":true,"href":"https:\/\/pgvape.com\/pt\/wp-json\/wp\/v2\/product_brand?post=6033"},{"taxonomy":"product_cat","embeddable":true,"href":"https:\/\/pgvape.com\/pt\/wp-json\/wp\/v2\/product_cat?post=6033"},{"taxonomy":"product_tag","embeddable":true,"href":"https:\/\/pgvape.com\/pt\/wp-json\/wp\/v2\/product_tag?post=6033"}],"curies":[{"name":"wp","href":"https:\/\/api.w.org\/{rel}","templated":true}]}}