{"id":5953,"date":"2025-11-14T08:07:02","date_gmt":"2025-11-14T08:07:02","guid":{"rendered":"https:\/\/pgvape.com\/?post_type=product&#038;p=5953"},"modified":"2026-04-18T15:31:11","modified_gmt":"2026-04-18T15:31:11","slug":"bang-king-30000-30k-puffs-vape-descartavel-de-sabor-duplo-envio-da-ue-frete-gratis-vape-direto-da-fabrica","status":"publish","type":"product","link":"https:\/\/pgvape.com\/pt\/produto\/bang-king-30000-30k-puffs-vape-descartavel-de-sabor-duplo-envio-da-ue-frete-gratis-vape-direto-da-fabrica\/","title":{"rendered":"Bang King 30000 | 30K Puffs Vape descart\u00e1vel de sabor duplo | Remessa da UE | Frete gr\u00e1tis | Vape direto da f\u00e1brica"},"content":{"rendered":"<p><strong data-sourcepos=\"4:5-4:58\">Bang King 30000Puffs Vape descart\u00e1vel de sabor duplo<\/strong>\u00a0entrega\u00a0<strong data-sourcepos=\"4:68-4:96\">prazer vaping prolongado<\/strong>\u00a0com seu\u00a0<strong data-sourcepos=\"4:106-4:128\">sistema de sabor duplo<\/strong>\u00a0e\u00a0<strong data-sourcepos=\"4:133-4:157\">Capacidade de 30.000 baforadas<\/strong>.\u00a0<strong data-sourcepos=\"4:171-4:191\">Bobina de malha de 1,0 ohm<\/strong>\u00a0para\u00a0<strong data-sourcepos=\"4:196-4:223\">produ\u00e7\u00e3o suave de vapor<\/strong>\u00a0e\u00a0<strong data-sourcepos=\"4:228-4:254\">Capacidade de e-l\u00edquido de 36ml<\/strong>, O\u00a0<strong data-sourcepos=\"4:334-4:365\">Bateria recarreg\u00e1vel de 550mAh<\/strong>\u00a0com\u00a0<strong data-sourcepos=\"4:371-4:390\">Carregamento tipo C<\/strong>\u00a0e\u00a0<strong data-sourcepos=\"4:395-4:410\">Visor LED<\/strong>\u00a0garante um uso conveniente.<br \/>\nEnviado diretamente de nosso\u00a0<b>Armaz\u00e9m da UE<\/b>, o Bang king 50K garante\u00a0<b>entrega r\u00e1pida e sem impostos<\/b>\u00a0e autenticidade 100% - trazendo a voc\u00ea uma experi\u00eancia vaping de alto n\u00edvel direto na sua porta.<\/p>\n<p>&nbsp;<\/p>\n<h2><span style=\"font-size: 90%;\">Bang King 30000 | 30K Puffs Vape descart\u00e1vel de sabor duplo Especifica\u00e7\u00f5es do produto<\/span><\/h2>\n<p><strong data-sourcepos=\"7:3-7:17\">Contagem de sopros<\/strong>: 30.000 baforadas<\/p>\n<p><strong data-sourcepos=\"8:3-8:11\">Bobina<\/strong>: Bobina de malha de 1,0 ohm<\/p>\n<p><strong data-sourcepos=\"9:3-9:24\">Capacidade de e-l\u00edquido<\/strong>: 36ml<\/p>\n<p><strong data-sourcepos=\"10:3-10:25\">Pontos fortes da nicotina<\/strong>: 2%<\/p>\n<p><strong data-sourcepos=\"11:3-11:14\">Bateria<\/strong>: 550mAh recarreg\u00e1vel<\/p>\n<p><strong data-sourcepos=\"12:3-12:15\">Carregando<\/strong>: Porta Tipo C<\/p>\n<p><strong data-sourcepos=\"13:3-13:14\">Mostrar<\/strong>: Tela digital LED<\/p>\n<p><strong data-sourcepos=\"14:3-14:14\">Recurso<\/strong>: Tecnologia de duplo sabor<\/p>\n<p><strong data-sourcepos=\"15:3-15:16\">Embalagem<\/strong>: 10 pe\u00e7as\/caixa de exibi\u00e7\u00e3o<\/p>\n<p><strong data-sourcepos=\"15:3-15:28\">Envio em armaz\u00e9m da UE<\/strong>\u00a0\u2013 Entrega r\u00e1pida e sem impostos<\/p>\n<p>&nbsp;<\/p>\n<h3><span style=\"font-size: 90%;\">Bang King 30000 | 30K Puffs Combina\u00e7\u00f5es de sabor Vape descart\u00e1veis \u200b\u200bde sabor duplo<\/span><\/h3>\n<p><strong data-sourcepos=\"18:4-18:39\">1. Gelo de melancia e hortel\u00e3 de mirtilo<\/strong><\/p>\n<p><strong data-sourcepos=\"19:4-19:41\">2. Gelo de melancia e manga de morango<\/strong><\/p>\n<p><strong data-sourcepos=\"20:4-20:56\">3. Melancia Morango e Kiwi Maracuj\u00e1 Goiaba<\/strong><\/p>\n<p><strong data-sourcepos=\"21:4-21:41\">4. Melancia com morango e gelo de uva<\/strong><\/p>\n<p><strong data-sourcepos=\"22:4-22:40\">5. Gelo de mirtilo e gelo de drag\u00e3o negro<\/strong><\/p>\n<p><strong data-sourcepos=\"23:4-23:41\">6. Gelo de mirtilo e banana com morango<\/strong><\/p>\n<p><strong data-sourcepos=\"24:4-24:39\">7. Melancia Red Bull e Mirtilo<\/strong><\/p>\n<p><strong data-sourcepos=\"25:4-25:42\">8. Doces Bubble Red Bull e Melancia<\/strong><\/p>\n<p><strong data-sourcepos=\"26:4-26:52\">9. Mirtilo, Framboesa e P\u00eassego, Manga, Melancia<\/strong><\/p>\n<p><strong data-sourcepos=\"27:5-27:42\">10. Mirtilo, framboesa e frutas mistas<\/strong><\/p>\n<p><strong data-sourcepos=\"28:5-28:36\">11. Morango, Kiwi e Gelo de P\u00eassego<\/strong><\/p>\n<p><strong data-sourcepos=\"29:5-29:47\">12. Morango, Kiwi e Ma\u00e7\u00e3 Azeda, Framboesa<br \/>\n<img loading=\"lazy\" decoding=\"async\" class=\"alignnone wp-image-5962 size-full\" src=\"https:\/\/pgvape.com\/wp-content\/uploads\/2025\/11\/pgvape-Bang-King-30000-30K-Puffs-Double-Taste-Disposable-Vape-Shipment-from-EU-Free-Shipping-3.png\" alt=\"Doze dispositivos vaporizadores descart\u00e1veis \u200b\u200bBang King coloridos dispostos em uma grade, cada um com uma faixa preta vertical da marca, um gr\u00e1fico estilizado de animal ou macaco na frente, fundos gradientes e pequenos \u00edcones de frutas abaixo indicando sabores diferentes.\" width=\"1000\" height=\"1639\" srcset=\"https:\/\/pgvape.com\/wp-content\/uploads\/2025\/11\/pgvape-Bang-King-30000-30K-Puffs-Double-Taste-Disposable-Vape-Shipment-from-EU-Free-Shipping-3.png 1000w, https:\/\/pgvape.com\/wp-content\/uploads\/2025\/11\/pgvape-Bang-King-30000-30K-Puffs-Double-Taste-Disposable-Vape-Shipment-from-EU-Free-Shipping-3-220x360.png 220w, https:\/\/pgvape.com\/wp-content\/uploads\/2025\/11\/pgvape-Bang-King-30000-30K-Puffs-Double-Taste-Disposable-Vape-Shipment-from-EU-Free-Shipping-3-595x975.png 595w, https:\/\/pgvape.com\/wp-content\/uploads\/2025\/11\/pgvape-Bang-King-30000-30K-Puffs-Double-Taste-Disposable-Vape-Shipment-from-EU-Free-Shipping-3-244x400.png 244w, https:\/\/pgvape.com\/wp-content\/uploads\/2025\/11\/pgvape-Bang-King-30000-30K-Puffs-Double-Taste-Disposable-Vape-Shipment-from-EU-Free-Shipping-3-768x1259.png 768w, https:\/\/pgvape.com\/wp-content\/uploads\/2025\/11\/pgvape-Bang-King-30000-30K-Puffs-Double-Taste-Disposable-Vape-Shipment-from-EU-Free-Shipping-3-937x1536.png 937w, https:\/\/pgvape.com\/wp-content\/uploads\/2025\/11\/pgvape-Bang-King-30000-30K-Puffs-Double-Taste-Disposable-Vape-Shipment-from-EU-Free-Shipping-3-7x12.png 7w, https:\/\/pgvape.com\/wp-content\/uploads\/2025\/11\/pgvape-Bang-King-30000-30K-Puffs-Double-Taste-Disposable-Vape-Shipment-from-EU-Free-Shipping-3-600x983.png 600w, https:\/\/pgvape.com\/wp-content\/uploads\/2025\/11\/pgvape-Bang-King-30000-30K-Puffs-Double-Taste-Disposable-Vape-Shipment-from-EU-Free-Shipping-3-24x40.png 24w\" sizes=\"auto, (max-width: 1000px) 100vw, 1000px\" \/><\/strong><\/p>\n<p>&nbsp;<\/p>\n<h3><span style=\"font-size: 90%;\">Bang King 30000 | 30K Puffs Double Taste Vape Descart\u00e1vel V\u00eddeo:<\/span><\/h3>\n<p>&nbsp;<\/p>\n<h3 class=\"auto-hide-last-sibling-br paragraph-pP9ZLC paragraph-element br-paragraph-space\">Por que escolher o Armaz\u00e9m Europeu PGVape?<\/h3>\n<p>Envio r\u00e1pido: Entrega para a maioria dos pa\u00edses da UE dentro de 3 a 7 dias \u00fateis.<\/p>\n<p>Entrega isenta de impostos: O estoque local da UE garante um envio tranquilo e isento de impostos.<\/p>\n<p>Garantia aut\u00eantica 100%: cigarros eletr\u00f4nicos Bang King 30K genu\u00ednos de fornecedores certificados.<\/p>\n<p>Estoque Fresco: Armazenado sob condi\u00e7\u00f5es controladas para garantir a qualidade ideal.<\/p>\n<p>Confi\u00e1vel pelos europeus: Milhares de clientes desfrutam de servi\u00e7os de cigarros eletr\u00f4nicos r\u00e1pidos e seguros da PGVape.<\/p>\n<p>&nbsp;<\/p>\n<h2><span style=\"font-size: 90%;\">Perguntas frequentes sobre Bang King 30000 | 30K Puffs Double Taste Vape descart\u00e1vel<\/span><\/h2>\n<p data-sourcepos=\"32:1-33:79\">\u2753\u00a0<strong data-sourcepos=\"32:3-32:46\">Como funciona o recurso de sabor duplo?<\/strong><br \/>\n\u2705\u00a0Alterne facilmente entre\u00a0<strong data-sourcepos=\"33:25-33:50\">dois sabores diferentes<\/strong>\u00a0em um dispositivo para variedade.<\/p>\n<p data-sourcepos=\"35:1-36:75\">\u2753\u00a0<strong data-sourcepos=\"35:3-35:36\">Quanto tempo vai durar esse vapor?<\/strong><br \/>\n\u2705\u00a0Com\u00a0<strong data-sourcepos=\"36:8-36:24\">30.000 baforadas<\/strong>\u00a0e\u00a0<strong data-sourcepos=\"36:29-36:46\">Capacidade 36ml<\/strong>, ele fornece uso prolongado.<\/p>\n<p data-sourcepos=\"38:1-39:73\">\u2753\u00a0<strong data-sourcepos=\"38:3-38:41\">O que torna a qualidade do vapor boa?<\/strong><br \/>\n\u2705\u00a0O\u00a0<strong data-sourcepos=\"39:7-39:27\">Bobina de malha de 1,0 ohm<\/strong>\u00a0garante uma produ\u00e7\u00e3o de vapor suave e saborosa.<\/p>\n<p data-sourcepos=\"41:1-42:69\">\u2753\u00a0<strong data-sourcepos=\"41:3-41:47\">Posso verificar os n\u00edveis da bateria e do e-l\u00edquido?<\/strong><br \/>\n\u2705\u00a0O\u00a0<strong data-sourcepos=\"42:7-42:22\">Visor LED<\/strong>\u00a0mostra os n\u00edveis restantes de bateria e e-l\u00edquido.<\/p>\n<p data-sourcepos=\"44:1-45:74\">\u2753\u00a0<strong data-sourcepos=\"44:3-44:30\">\u00c9 f\u00e1cil recarregar?<br \/>\n<\/strong>\u2705\u00a0O\u00a0<strong data-sourcepos=\"45:7-45:31\">Porta de carregamento tipo C<\/strong>\u00a0permite uma recarga r\u00e1pida e conveniente.<\/p>\n<p>\u2753\u00a0<strong data-sourcepos=\"50:3-50:42\">De onde este produto \u00e9 enviado?<\/strong><br \/>\n\u2705\u00a0Direto de\u00a0<strong data-sourcepos=\"51:15-51:32\">Armaz\u00e9ns da UE<\/strong>\u00a0para\u00a0<strong data-sourcepos=\"51:37-51:64\">entrega r\u00e1pida e sem impostos<\/strong>.<\/p>\n<p>&nbsp;<\/p>\n<h3 id=\"brxe-najhln\" class=\"brxe-heading\">Perguntas frequentes (FAQ)<\/h3>\n<div id=\"brxe-rajiac\" class=\"brxe-text\">\n<p><strong>P: Quais m\u00e9todos de pagamento voc\u00ea aceita?<\/strong><br \/>\nR: Aceitamos PayPal, Stripe, transfer\u00eancias banc\u00e1rias (com suporte SEPA), os principais cart\u00f5es de cr\u00e9dito (Visa, MasterCard, American Express) e pagamentos em criptomoedas.<\/p>\n<p><strong>P: Quanto tempo leva a prepara\u00e7\u00e3o do pedido?<\/strong><br \/>\nR: A prepara\u00e7\u00e3o do pedido leva de 1 a 3 dias \u00fateis.<\/p>\n<p><strong>P: Qual \u00e9 o tempo de envio?<\/strong><br \/>\nR: O tempo de envio \u00e9 de 7 a 14 dias \u00fateis, dependendo da sua localiza\u00e7\u00e3o. As mercadorias enviadas de armaz\u00e9ns europeus normalmente levam de 3 a 6 dias \u00fateis para serem entregues.<\/p>\n<p><strong>P: Como posso rastrear meu pedido?<\/strong><br \/>\nR: Ap\u00f3s o envio, voc\u00ea receber\u00e1 um e-mail de confirma\u00e7\u00e3o com um n\u00famero de rastreamento para rastreamento em tempo real.<\/p>\n<p><strong>P: Qual \u00e9 a sua pol\u00edtica de devolu\u00e7\u00e3o?<\/strong><br \/>\nR: Oferecemos uma pol\u00edtica de devolu\u00e7\u00e3o de 30 dias para reembolsos ou trocas. .<\/p>\n<p><strong>P: Haver\u00e1 algum problema alfandeg\u00e1rio?<br \/>\n<\/strong>Lidamos com todos os procedimentos de desembara\u00e7o aduaneiro para garantir uma experi\u00eancia descomplicada para voc\u00ea. .<\/p>\n<p><strong>P: Quais m\u00e9todos de envio s\u00e3o usados?<\/strong><br \/>\nCooperamos com UPS\/DHL\/FEDEX\/DPD, etc. Escolheremos a op\u00e7\u00e3o de envio apropriada dependendo do pa\u00eds de entrega para garantir que voc\u00ea receba seus produtos o mais r\u00e1pido poss\u00edvel.<\/p>\n<p><a href=\"https:\/\/pgvape.com\/pt\/perguntas-frequentes\/\">Clique aqui para mais perguntas frequentes<\/a><\/p>\n<p>Prezados clientes, Se voc\u00ea tiver alguma d\u00favida sobre seu pedido ou a chegada de mercadorias, entre em contato com nosso atendimento ao cliente. Obrigado!<\/p>\n<h3 data-sourcepos=\"73:1-73:21\"><strong data-sourcepos=\"73:7-73:21\">Contate-nos<\/strong><\/h3>\n<div id=\"text-2419739398\" class=\"text\">\n<p><strong data-sourcepos=\"75:3-75:12\">E-mail<\/strong>:\u00a0<a href=\"mailto:support@pgvape.com\"><strong>support@pgvape.com<\/strong><\/a><\/p>\n<p><strong data-sourcepos=\"76:3-76:15\">WhatsApp<\/strong>:\u00a0<a href=\"https:\/\/wa.me\/+8618128481258\"><strong>+86 18128481258<\/strong><\/a><br \/>\n<strong>(Resposta em at\u00e9 24 horas em dias \u00fateis)<\/strong><\/p>\n<\/div>\n<h3><strong>Obrigado por escolher pgvape.com! .<\/strong><\/h3>\n<\/div>","protected":false},"excerpt":{"rendered":"<p><strong data-sourcepos=\"48:5-48:29\">Bang King 30000Puffs<\/strong>\u00a0ofertas\u00a0<strong data-sourcepos=\"48:37-48:64\">versatilidade de sabor duplo<\/strong>,\u00a0<strong data-sourcepos=\"48:66-48:92\">capacidade estendida de 36ml<\/strong>, e\u00a0<strong data-sourcepos=\"48:98-48:122\">tecnologia de bobina de malha<\/strong>\u00a0para uma experi\u00eancia vaping satisfat\u00f3ria com\u00a0<strong data-sourcepos=\"48:163-48:189\">12 combina\u00e7\u00f5es de sabores<\/strong><\/p>","protected":false},"featured_media":5963,"comment_status":"open","ping_status":"closed","template":"","meta":{"_seopress_robots_primary_cat":"none","_seopress_titles_title":"","_seopress_titles_desc":"","_seopress_robots_index":""},"product_brand":[19,516],"product_cat":[515,462,35],"product_tag":[349,348,90,68,459,203],"class_list":{"0":"post-5953","1":"product","2":"type-product","3":"status-publish","4":"has-post-thumbnail","6":"product_brand-bang-king-vape","7":"product_brand-disposable-vape","8":"product_cat-disposable-vape","9":"product_cat-bang-king-vape-eu","10":"product_cat-30k-puffs-vape","11":"product_tag-30k-puffs-vape","12":"product_tag-bang-king-30000","13":"product_tag-disposable-vape","14":"product_tag-double-taste","15":"product_tag-free-shipping","16":"product_tag-shipment-from-eu","18":"first","19":"instock","20":"sale","21":"shipping-taxable","22":"purchasable","23":"product-type-variable"},"_links":{"self":[{"href":"https:\/\/pgvape.com\/pt\/wp-json\/wp\/v2\/product\/5953","targetHints":{"allow":["GET"]}}],"collection":[{"href":"https:\/\/pgvape.com\/pt\/wp-json\/wp\/v2\/product"}],"about":[{"href":"https:\/\/pgvape.com\/pt\/wp-json\/wp\/v2\/types\/product"}],"replies":[{"embeddable":true,"href":"https:\/\/pgvape.com\/pt\/wp-json\/wp\/v2\/comments?post=5953"}],"wp:featuredmedia":[{"embeddable":true,"href":"https:\/\/pgvape.com\/pt\/wp-json\/wp\/v2\/media\/5963"}],"wp:attachment":[{"href":"https:\/\/pgvape.com\/pt\/wp-json\/wp\/v2\/media?parent=5953"}],"wp:term":[{"taxonomy":"product_brand","embeddable":true,"href":"https:\/\/pgvape.com\/pt\/wp-json\/wp\/v2\/product_brand?post=5953"},{"taxonomy":"product_cat","embeddable":true,"href":"https:\/\/pgvape.com\/pt\/wp-json\/wp\/v2\/product_cat?post=5953"},{"taxonomy":"product_tag","embeddable":true,"href":"https:\/\/pgvape.com\/pt\/wp-json\/wp\/v2\/product_tag?post=5953"}],"curies":[{"name":"wp","href":"https:\/\/api.w.org\/{rel}","templated":true}]}}