{"id":5852,"date":"2025-11-14T05:17:37","date_gmt":"2025-11-14T05:17:37","guid":{"rendered":"https:\/\/pgvape.com\/?post_type=product&#038;p=5852"},"modified":"2026-04-18T15:31:12","modified_gmt":"2026-04-18T15:31:12","slug":"bang-blaze-60000-60k-puffs-4-em-1-sabores-envio-vape-descartavel-da-ue-frete-gratis-vape-direto-da-fabrica","status":"publish","type":"product","link":"https:\/\/pgvape.com\/pt\/produto\/bang-blaze-60000-60k-puffs-4-em-1-sabores-envio-vape-descartavel-da-ue-frete-gratis-vape-direto-da-fabrica\/","title":{"rendered":"Bang Blaze 60000 | 60k Puffs 4 em 1 Sabores Vape Descart\u00e1vel | Remessa da UE | Frete Gr\u00e1tis | Vape Direto da F\u00e1brica"},"content":{"rendered":"<p><strong>Bang Blaze 60000 Vape Descart\u00e1vel<\/strong> A caneta redefine a versatilidade com seu <strong>Sabor 4 em 1<\/strong> modo, permitindo que voc\u00ea alterne facilmente entre quatro sabores exclusivos. <strong>60mL de e-l\u00edquido pr\u00e9-preenchido<\/strong> capacidade, entrega at\u00e9 <strong>60.000 baforadas<\/strong> para divers\u00e3o prolongada sem recargas frequentes. <strong>bobina de malha 1.0\u03a9<\/strong> fornece vapor suave e rico e sabor preciso. <strong>650mAh recarreg\u00e1vel<\/strong> bateria com r\u00e1pido <strong>Tipo-C<\/strong> carregando e apresentando uma tela digital inteligente para monitoramento de bateria e l\u00edquido em tempo real, este dispositivo elegante oferece uma experi\u00eancia de vaping premium personaliz\u00e1vel com 12 combina\u00e7\u00f5es de sabores emocionantes.<br \/>\nEnviado diretamente de nosso\u00a0<b>Armaz\u00e9m da UE<\/b>, o Bang Blaze 60K garante\u00a0<b>entrega r\u00e1pida e sem impostos<\/b>\u00a0e autenticidade 100% - trazendo a voc\u00ea uma experi\u00eancia vaping de alto n\u00edvel direto na sua porta.<\/p>\n<p>&nbsp;<\/p>\n<h2><span style=\"font-size: 90%;\">Bang Blaze 60000 | 60k Puffs 4 em 1 sabores Vape descart\u00e1veis \u200b\u200bEspecifica\u00e7\u00f5es do produto:<\/span><\/h2>\n<p><strong>Capacidade de sopro:<\/strong>\u00a0At\u00e9 60.000 baforadas<\/p>\n<p><strong>Capacidade de e-l\u00edquido:<\/strong>\u00a0Tanque pr\u00e9-cheio de 60mL<\/p>\n<p><strong>Tipo de bobina:<\/strong>\u00a0bobina de malha 1.0\u03a9<\/p>\n<p><strong>Bateria:<\/strong>\u00a0Bateria recarreg\u00e1vel de 650mAh<\/p>\n<p><strong>Porta de carregamento:<\/strong>\u00a0Carregamento r\u00e1pido tipo C<\/p>\n<p><strong>Pontos fortes da nicotina:<\/strong>\u00a0 2%,<\/p>\n<p><strong>Mostrar:<\/strong>\u00a0Tela digital inteligente para n\u00edvel de bateria e e-l\u00edquido<\/p>\n<p><strong>Sistema de sabores:<\/strong>\u00a0Modo de sabor 4 em 1 (alternar entre quatro sabores)<\/p>\n<p><strong>Dimens\u00f5es:<\/strong>\u00a0Design compacto e port\u00e1til<\/p>\n<p><strong>Op\u00e7\u00f5es de sabores:<\/strong>\u00a012 combina\u00e7\u00f5es de sabores premium<\/p>\n<p>&nbsp;<\/p>\n<h3><span style=\"font-size: 90%;\">Bang Blaze 60000 | 60k Puffs 4 em 1 sabores Vape descart\u00e1veis \u200b\u200bLista de sabores:<\/span><\/h3>\n<p>1. Gelo de melancia e menta de mirtilo e Fuji Ice e romance de lim\u00e3o<\/p>\n<p>2. Gelo de melancia e cereja de mirtilo e hor\u00e1rio de ver\u00e3o e abacaxi de manga azeda<\/p>\n<p>3. Gelo de mirtilo e gelo de p\u00eassego e doce de arco-\u00edris e laranja azeda de lim\u00e3o<\/p>\n<p>4. Gelo de mirtilo e p\u00eassego, manga, melancia e beijo de paix\u00e3o e ma\u00e7\u00e3 mel\u00e3o<\/p>\n<p>5. Mirtilo, Framboesa e Frutas Mistas e Cereja da Calif\u00f3rnia e Manga de Maracuj\u00e1<\/p>\n<p>6. Mirtilo, Framboesa, Gelo de Uva, Gelo de Baga e Mel\u00e3o de Manga e Aloe<\/p>\n<p>7. Bebida energ\u00e9tica e morango, banana e manga, p\u00eassego, damasco e maracuj\u00e1, kiwi, lim\u00e3o<\/p>\n<p>8. Bebida energ\u00e9tica e mirtilo, melancia, ma\u00e7\u00e3 azeda, framboesa e ursinho de goma<\/p>\n<p>9. Chiclete de morango, manga e melancia e mojito vermelho e amor 66<\/p>\n<p>10. Morango, manga, morango, kiwi, ma\u00e7\u00e3, uva e melancia, drag\u00e3o<\/p>\n<p>11. Melancia Morango e Gelo Preto e Treze Mel\u00e3o e Uva Cranberry<\/p>\n<p>12. Morango, melancia e kiwi, maracuj\u00e1, goiaba e manga, gelo e melancia, p\u00eassego azedo<img loading=\"lazy\" decoding=\"async\" class=\"alignnone wp-image-5870 size-full\" src=\"https:\/\/pgvape.com\/wp-content\/uploads\/2025\/11\/Bang-Blaze-60000-60k-Puffs-4-in-1-Flavors-Disposable-Vape-With-Digital-Screen-Vape-Factory-Wholesale-16.png\" alt=\"Grade de doze dispositivos vape descart\u00e1veis \u200b\u200bcoloridos Bang Blaze com corpos gradientes e logotipo de coroa, cada um marcado como &quot;60000 4 em 1&quot; e apresentando um personagem de desenho animado e pequenos nomes de sabores de frutas (melancia, mirtilo, manga e outros sabores misturados) abaixo.\" width=\"1800\" height=\"1546\" srcset=\"https:\/\/pgvape.com\/wp-content\/uploads\/2025\/11\/Bang-Blaze-60000-60k-Puffs-4-in-1-Flavors-Disposable-Vape-With-Digital-Screen-Vape-Factory-Wholesale-16.png 1800w, https:\/\/pgvape.com\/wp-content\/uploads\/2025\/11\/Bang-Blaze-60000-60k-Puffs-4-in-1-Flavors-Disposable-Vape-With-Digital-Screen-Vape-Factory-Wholesale-16-419x360.png 419w, https:\/\/pgvape.com\/wp-content\/uploads\/2025\/11\/Bang-Blaze-60000-60k-Puffs-4-in-1-Flavors-Disposable-Vape-With-Digital-Screen-Vape-Factory-Wholesale-16-595x511.png 595w, https:\/\/pgvape.com\/wp-content\/uploads\/2025\/11\/Bang-Blaze-60000-60k-Puffs-4-in-1-Flavors-Disposable-Vape-With-Digital-Screen-Vape-Factory-Wholesale-16-400x344.png 400w, https:\/\/pgvape.com\/wp-content\/uploads\/2025\/11\/Bang-Blaze-60000-60k-Puffs-4-in-1-Flavors-Disposable-Vape-With-Digital-Screen-Vape-Factory-Wholesale-16-768x660.png 768w, https:\/\/pgvape.com\/wp-content\/uploads\/2025\/11\/Bang-Blaze-60000-60k-Puffs-4-in-1-Flavors-Disposable-Vape-With-Digital-Screen-Vape-Factory-Wholesale-16-1536x1319.png 1536w, https:\/\/pgvape.com\/wp-content\/uploads\/2025\/11\/Bang-Blaze-60000-60k-Puffs-4-in-1-Flavors-Disposable-Vape-With-Digital-Screen-Vape-Factory-Wholesale-16-14x12.png 14w, https:\/\/pgvape.com\/wp-content\/uploads\/2025\/11\/Bang-Blaze-60000-60k-Puffs-4-in-1-Flavors-Disposable-Vape-With-Digital-Screen-Vape-Factory-Wholesale-16-600x515.png 600w, https:\/\/pgvape.com\/wp-content\/uploads\/2025\/11\/Bang-Blaze-60000-60k-Puffs-4-in-1-Flavors-Disposable-Vape-With-Digital-Screen-Vape-Factory-Wholesale-16-47x40.png 47w\" sizes=\"auto, (max-width: 1800px) 100vw, 1800px\" \/><\/p>\n<p>&nbsp;<\/p>\n<h3><span style=\"font-size: 90%;\">Bang Blaze 60000 | 60k Puffs 4 em 1 Sabores Vape Descart\u00e1vel <strong>V\u00eddeo:<\/strong><\/span><\/h3>\n<p>&nbsp;<\/p>\n<p><iframe loading=\"lazy\" title=\"Bang Blaze 60k Puffs 4 em 1 Sabores Vape descart\u00e1veis \u200b\u200bcom tela digital Vape Factory Direct pgvape\" width=\"1020\" height=\"574\" src=\"https:\/\/www.youtube.com\/embed\/BCQx90cI-OI?feature=oembed\" frameborder=\"0\" allow=\"accelerometer; autoplay; clipboard-write; encrypted-media; gyroscope; picture-in-picture; web-share\" referrerpolicy=\"strict-origin-when-cross-origin\" allowfullscreen><\/iframe><\/p>\n<p>&nbsp;<\/p>\n<h3 class=\"auto-hide-last-sibling-br paragraph-pP9ZLC paragraph-element br-paragraph-space\"><span style=\"font-size: 90%;\">Por que escolher o Armaz\u00e9m Europeu PGVape?<\/span><\/h3>\n<p>Envio r\u00e1pido: Entrega para a maioria dos pa\u00edses da UE dentro de 3 a 7 dias \u00fateis.<\/p>\n<p>Entrega isenta de impostos: O estoque local da UE garante um envio tranquilo e isento de impostos.<\/p>\n<p>Garantia aut\u00eantica 100%: Genu\u00edna <strong>Bang Blaze 60000<\/strong> cigarros eletr\u00f4nicos de fornecedores certificados.<\/p>\n<p>Estoque Fresco: Armazenado sob condi\u00e7\u00f5es controladas para garantir a qualidade ideal.<\/p>\n<p>Confi\u00e1vel pelos Europeus: Milhares de clientes desfrutam de servi\u00e7os de cigarros eletr\u00f4nicos r\u00e1pidos e seguros de <span style=\"background-color: #c0c0c0; color: #0000ff;\"><a style=\"background-color: #c0c0c0; color: #0000ff;\" href=\"https:\/\/wa.me\/18128481258\">PGVape.<\/a><\/span><\/p>\n<p>&nbsp;<\/p>\n<h2><span style=\"font-size: 90%;\">Perguntas frequentes sobre\u00a0 Bang Blaze 60000 | 60k Puffs 4 em 1 sabores Vape descart\u00e1vel<\/span><\/h2>\n<p dir=\"auto\"><strong>Q1: Quantas baforadas posso obter com o Bang Blaze 60000?<\/strong><br \/>\nA1: At\u00e9 60.000 baforadas por dispositivo.<\/p>\n<p dir=\"auto\"><strong>Q2: Qual \u00e9 o modo de sabor 4 em 1?<\/strong><br \/>\nA2: Permite alternar entre quatro sabores integrados distintos para uma experi\u00eancia de vaporiza\u00e7\u00e3o variada.<\/p>\n<p dir=\"auto\"><strong>Q3: Qual bobina o dispositivo usa?<\/strong><br \/>\nA3: Uma bobina de malha de 1,0\u03a9 que produz vapor suave e sabor rico.<\/p>\n<p dir=\"auto\"><strong>Q4: Qual \u00e9 o tamanho da capacidade do e-l\u00edquido?<\/strong><br \/>\nA4: O tanque pr\u00e9-cheio cont\u00e9m 60mL de e-l\u00edquido, reduzindo a frequ\u00eancia de recarga.<\/p>\n<p dir=\"auto\"><strong>Q5: A bateria \u00e9 recarreg\u00e1vel?<\/strong><br \/>\nA5: Sim, possui uma bateria recarreg\u00e1vel de 650mAh com carregamento r\u00e1pido tipo C.<\/p>\n<p dir=\"auto\"><strong>Q6: Como posso monitorar os n\u00edveis da bateria e do e-l\u00edquido?<\/strong><br \/>\nA6: A tela digital inteligente exibe os n\u00edveis de bateria e l\u00edquido em tempo real.<\/p>\n<p dir=\"auto\"><strong>Q7: O dispositivo \u00e9 port\u00e1til?<\/strong><br \/>\nA7: Sim, possui um design compacto e ergon\u00f4mico, ideal para vaporiza\u00e7\u00e3o em movimento.<\/p>\n<p>&nbsp;<\/p>\n<h3 id=\"brxe-najhln\" class=\"brxe-heading\">Perguntas frequentes (FAQ)<\/h3>\n<div id=\"brxe-rajiac\" class=\"brxe-text\">\n<p><strong>P: Quais m\u00e9todos de pagamento voc\u00ea aceita?<\/strong><br \/>\nR: Aceitamos PayPal, Stripe, transfer\u00eancias banc\u00e1rias (com suporte SEPA), os principais cart\u00f5es de cr\u00e9dito (Visa, MasterCard, American Express) e pagamentos em criptomoedas.<\/p>\n<p><strong>P: Quanto tempo leva a prepara\u00e7\u00e3o do pedido?<\/strong><br \/>\nR: A prepara\u00e7\u00e3o do pedido leva de 1 a 3 dias \u00fateis.<\/p>\n<p><strong>P: Qual \u00e9 o tempo de envio?<\/strong><br \/>\nR: O tempo de envio \u00e9 de 7 a 14 dias \u00fateis, dependendo da sua localiza\u00e7\u00e3o. As mercadorias enviadas de armaz\u00e9ns europeus normalmente levam de 3 a 6 dias \u00fateis para serem entregues.<\/p>\n<p><strong>P: Como posso rastrear meu pedido?<\/strong><br \/>\nR: Ap\u00f3s o envio, voc\u00ea receber\u00e1 um e-mail de confirma\u00e7\u00e3o com um n\u00famero de rastreamento para rastreamento em tempo real.<\/p>\n<p><strong>P: Qual \u00e9 a sua pol\u00edtica de devolu\u00e7\u00e3o?<\/strong><br \/>\nR: Oferecemos uma pol\u00edtica de devolu\u00e7\u00e3o de 30 dias para reembolsos ou trocas. .<\/p>\n<p><strong>P: Haver\u00e1 algum problema alfandeg\u00e1rio?<br \/>\n<\/strong>Lidamos com todos os procedimentos de desembara\u00e7o aduaneiro para garantir uma experi\u00eancia descomplicada para voc\u00ea. .<\/p>\n<p><strong>P: Quais m\u00e9todos de envio s\u00e3o usados?<\/strong><br \/>\nCooperamos com UPS\/DHL\/FEDEX\/DPD, etc. Escolheremos a op\u00e7\u00e3o de envio apropriada dependendo do pa\u00eds de entrega para garantir que voc\u00ea receba seus produtos o mais r\u00e1pido poss\u00edvel.<\/p>\n<p><a href=\"https:\/\/pgvape.com\/pt\/perguntas-frequentes\/\">Clique aqui para mais perguntas frequentes<\/a><\/p>\n<p>Prezados clientes, Se voc\u00ea tiver alguma d\u00favida sobre seu pedido ou a chegada de mercadorias, entre em contato com nosso atendimento ao cliente. Obrigado!<\/p>\n<h3 data-sourcepos=\"73:1-73:21\"><strong data-sourcepos=\"73:7-73:21\">Contate-nos<\/strong><\/h3>\n<div id=\"text-2419739398\" class=\"text\">\n<p><strong data-sourcepos=\"75:3-75:12\">E-mail<\/strong>:\u00a0<a href=\"mailto:support@pgvape.com\"><strong>support@pgvape.com<\/strong><\/a><\/p>\n<p><strong data-sourcepos=\"76:3-76:15\">WhatsApp<\/strong>:\u00a0<a href=\"https:\/\/wa.me\/+8618128481258\"><strong>+86 18128481258<\/strong><\/a><br \/>\n<strong>(Resposta em at\u00e9 24 horas em dias \u00fateis)<\/strong><\/p>\n<\/div>\n<h3><strong>Obrigado por escolher pgvape.com! .<\/strong><\/h3>\n<\/div>","protected":false},"excerpt":{"rendered":"<p><strong>Bang Blaze 60000 Vape Descart\u00e1vel<\/strong> A caneta oferece at\u00e9 <strong>60.000 baforadas<\/strong> e <strong>Sabor 4 em 1<\/strong> versatilidade com um <strong>60mL<\/strong> tanque pr\u00e9-cheio e um <strong>bobina de malha 1.0\u03a9<\/strong>. <strong>650mAh recarreg\u00e1vel<\/strong> bateria, <strong>Tipo-C<\/strong> carregamento e uma tela digital inteligente, oferece uma experi\u00eancia vaping suave e personaliz\u00e1vel com 12 combina\u00e7\u00f5es de sabores premium e op\u00e7\u00f5es de nicotina de 0% a 5%.<\/p>","protected":false},"featured_media":5867,"comment_status":"open","ping_status":"closed","template":"","meta":{"_seopress_robots_primary_cat":"none","_seopress_titles_title":"","_seopress_titles_desc":"","_seopress_robots_index":""},"product_brand":[49,516],"product_cat":[515,463,48],"product_tag":[53,315,50,90,459,203],"class_list":{"0":"post-5852","1":"product","2":"type-product","3":"status-publish","4":"has-post-thumbnail","6":"product_brand-bang-blaze-vape","7":"product_brand-disposable-vape","8":"product_cat-disposable-vape","9":"product_cat-bang-blaze-vape-eu","10":"product_cat-60k-puffs-vape","11":"product_tag-4-in-1-flavors","12":"product_tag-60k-puffs-vape","13":"product_tag-bang-blaze-60000","14":"product_tag-disposable-vape","15":"product_tag-free-shipping","16":"product_tag-shipment-from-eu","18":"first","19":"instock","20":"sale","21":"shipping-taxable","22":"purchasable","23":"product-type-variable"},"_links":{"self":[{"href":"https:\/\/pgvape.com\/pt\/wp-json\/wp\/v2\/product\/5852","targetHints":{"allow":["GET"]}}],"collection":[{"href":"https:\/\/pgvape.com\/pt\/wp-json\/wp\/v2\/product"}],"about":[{"href":"https:\/\/pgvape.com\/pt\/wp-json\/wp\/v2\/types\/product"}],"replies":[{"embeddable":true,"href":"https:\/\/pgvape.com\/pt\/wp-json\/wp\/v2\/comments?post=5852"}],"wp:featuredmedia":[{"embeddable":true,"href":"https:\/\/pgvape.com\/pt\/wp-json\/wp\/v2\/media\/5867"}],"wp:attachment":[{"href":"https:\/\/pgvape.com\/pt\/wp-json\/wp\/v2\/media?parent=5852"}],"wp:term":[{"taxonomy":"product_brand","embeddable":true,"href":"https:\/\/pgvape.com\/pt\/wp-json\/wp\/v2\/product_brand?post=5852"},{"taxonomy":"product_cat","embeddable":true,"href":"https:\/\/pgvape.com\/pt\/wp-json\/wp\/v2\/product_cat?post=5852"},{"taxonomy":"product_tag","embeddable":true,"href":"https:\/\/pgvape.com\/pt\/wp-json\/wp\/v2\/product_tag?post=5852"}],"curies":[{"name":"wp","href":"https:\/\/api.w.org\/{rel}","templated":true}]}}