{"id":5819,"date":"2025-11-13T12:00:02","date_gmt":"2025-11-13T12:00:02","guid":{"rendered":"https:\/\/pgvape.com\/?post_type=product&#038;p=5819"},"modified":"2026-03-15T13:27:28","modified_gmt":"2026-03-15T13:27:28","slug":"uor-120000-120k-puffs-4-em-1-sabores-envio-vape-descartavel-da-ue-frete-gratis-vape-direto-da-fabrica","status":"publish","type":"product","link":"https:\/\/pgvape.com\/pt\/produto\/uor-120000-120k-puffs-4-em-1-sabores-envio-vape-descartavel-da-ue-frete-gratis-vape-direto-da-fabrica\/","title":{"rendered":"UOR 120000 | 120k Puffs 4 em 1 Sabores Vape Descart\u00e1vel | Remessa da UE | Frete Gr\u00e1tis | Vape Direto da F\u00e1brica"},"content":{"rendered":"<p><strong data-sourcepos=\"6:5-6:46\">UOR 120000 120K sopra Vape descart\u00e1vel<\/strong>\u00a0redefine a vaporiza\u00e7\u00e3o com\u00a0<strong data-sourcepos=\"6:69-6:97\">120.000 baforadas ultralongas<\/strong>\u00a0e\u00a0<strong data-sourcepos=\"6:102-6:126\">4 sabores ajust\u00e1veis<\/strong>\u00a0em um dispositivo.\u00a0<strong data-sourcepos=\"6:154-6:180\">Capacidade de e-l\u00edquido de 64mL<\/strong>\u00a0(tanques de 16mL\u00d74) e\u00a0<strong data-sourcepos=\"6:200-6:231\">Bateria recarreg\u00e1vel de 650mAh<\/strong>, ele entrega\u00a0<strong data-sourcepos=\"6:245-6:267\">vapor rico e suave<\/strong>\u00a0atrav\u00e9s do seu\u00a0<strong data-sourcepos=\"6:276-6:289\">bobina de malha<\/strong>\u00a0tecnologia.\u00a0<strong data-sourcepos=\"6:306-6:321\">Visor LED<\/strong>\u00a0rastreia a vida \u00fatil e o uso da bateria, enquanto\u00a0<strong data-sourcepos=\"6:359-6:383\">Carregamento r\u00e1pido tipo C<\/strong>\u00a0garante power-ups r\u00e1pidos.\u00a0<strong data-sourcepos=\"6:421-6:451\">10 quartetos de sabores premium<\/strong>\u00a0com\u00a0<strong data-sourcepos=\"6:457-6:478\">Nicotina 2% ou 5%<\/strong>\u00a0op\u00e7\u00f5es para satisfa\u00e7\u00e3o personalizada.UOR 120K <strong>Armaz\u00e9m da UE<\/strong>, o UOR 120K garante <strong>entrega r\u00e1pida e sem impostos<\/strong> e autenticidade 100% - trazendo a voc\u00ea uma experi\u00eancia vaping de alto n\u00edvel direto na sua porta.<\/p>\n<p>&nbsp;<\/p>\n<h2><span style=\"font-size: 90%;\">UOR 120000 | 120k Puffs 4 em 1 Sabores Vape Descart\u00e1vel\u00a0<strong data-sourcepos=\"10:5-10:31\">Especifica\u00e7\u00f5es do produto<\/strong><\/span><\/h2>\n<p><strong data-sourcepos=\"11:3-11:17\">Contagem de sopros<\/strong>:\u00a0<strong data-sourcepos=\"11:19-11:36\">120.000 baforadas<\/strong><\/p>\n<p><strong data-sourcepos=\"12:3-12:15\">E-l\u00edquido<\/strong>:\u00a0<strong data-sourcepos=\"12:17-12:48\">16mL \u00d7 4 tanques (64mL no total)<\/strong><\/p>\n<p><strong data-sourcepos=\"13:3-13:15\">Nicotina<\/strong>:\u00a0<strong data-sourcepos=\"13:17-13:28\">2%\u00a0<\/strong><\/p>\n<p><strong data-sourcepos=\"14:3-14:14\">Bateria<\/strong>:\u00a0<strong data-sourcepos=\"14:16-14:39\">650mAh recarreg\u00e1vel<\/strong><\/p>\n<p><strong data-sourcepos=\"15:3-15:11\">Bobina<\/strong>:\u00a0<strong data-sourcepos=\"15:13-15:26\">Bobina de malha<\/strong><\/p>\n<p><strong data-sourcepos=\"16:3-16:15\">Carregando<\/strong>:\u00a0<strong data-sourcepos=\"16:17-16:41\">Carregamento r\u00e1pido tipo C<\/strong><\/p>\n<p><strong data-sourcepos=\"17:3-17:14\">Mostrar<\/strong>:\u00a0<strong data-sourcepos=\"17:16-17:30\">Tela LED<\/strong>\u00a0(bateria\/contagem de baforadas\/modo sabor)<\/p>\n<p><strong data-sourcepos=\"18:3-18:19\">Modos de sabor<\/strong>:\u00a0<strong data-sourcepos=\"18:21-18:45\">4 sabores ajust\u00e1veis<\/strong><\/p>\n<p><strong data-sourcepos=\"19:3-19:16\">Embalagem<\/strong>:\u00a0<strong data-sourcepos=\"19:18-19:32\">10 unidades\/caixa<\/strong><\/p>\n<p>&nbsp;<\/p>\n<h3><span style=\"font-size: 90%;\">UOR 120000 | 120k Puffs 4 em 1 Sabores Vape Descart\u00e1vel\u00a0<strong data-sourcepos=\"23:5-23:24\">Quartetos de sabores<\/strong><\/span><\/h3>\n<p>1. Gelo de melancia e menta de mirtilo e gelo de ma\u00e7\u00e3 Fuji e romance de lim\u00e3o<\/p>\n<p>2. Gelo de melancia e cereja de mirtilo e hor\u00e1rio de ver\u00e3o e abacaxi com manga azeda<\/p>\n<p>3. Gelo de mirtilo e gelo de p\u00eassego e doce de arco-\u00edris e laranja azeda de lim\u00e3o<\/p>\n<p>4. Mirtilo, framboesa e frutas vermelhas mistas e cereja da Calif\u00f3rnia e manga de maracuj\u00e1<\/p>\n<p>5. Mirtilo, Framboesa, Gelo de Uva, Gelo de Baga e Mel\u00e3o de Manga e Aloe<\/p>\n<p>6. Bebida energ\u00e9tica e mirtilo, melancia, ma\u00e7\u00e3 azeda, framboesa e ursinho de goma<\/p>\n<p>7. Melancia Morango e Gelo Preto e Mel\u00e3o Triplo e Uva Cranberry<\/p>\n<p>8. Morango, Melancia e Kiwi, Maracuj\u00e1, Goiaba e Manga, Gelo e Melancia, P\u00eassego Azedo<\/p>\n<p>9. Gelo de mirtilo e p\u00eassego, manga, melancia e beijo de paix\u00e3o e ma\u00e7\u00e3 mel\u00e3o<\/p>\n<p>10. Strawberry Mango &amp; Watermelon Bubble Gum &amp; Red Mojito &amp; LOVE66<\/p>\n<p>&nbsp;<\/p>\n<h3><span style=\"font-size: 90%;\">UOR 120000 | 120k Puffs 4 em 1 Sabores Vape Descart\u00e1veis \u200b\u200bV\u00eddeo:<\/span><\/h3>\n<p><iframe loading=\"lazy\" title=\"UOR 120000 | 120k Puffs 4 em 1 Sabores Vape Descart\u00e1vel | 10Tastes | Com Display LED pgvape\" width=\"563\" height=\"1000\" src=\"https:\/\/www.youtube.com\/embed\/VymLw_XwTJ8?feature=oembed\" frameborder=\"0\" allow=\"accelerometer; autoplay; clipboard-write; encrypted-media; gyroscope; picture-in-picture; web-share\" referrerpolicy=\"strict-origin-when-cross-origin\" allowfullscreen><\/iframe><\/p>\n<p>&nbsp;<\/p>\n<h3 class=\"auto-hide-last-sibling-br paragraph-pP9ZLC paragraph-element br-paragraph-space\"><span style=\"font-size: 90%;\">Por que escolher o Armaz\u00e9m Europeu PGVape?<\/span><\/h3>\n<p>Envio r\u00e1pido: Entrega para a maioria dos pa\u00edses da UE dentro de 3 a 7 dias \u00fateis.<\/p>\n<p>Entrega isenta de impostos: O estoque local da UE garante um envio tranquilo e isento de impostos.<\/p>\n<p>Garantia aut\u00eantica 100%: Cigarros eletr\u00f4nicos UOR 120000 genu\u00ednos de fornecedores certificados.<\/p>\n<p>Estoque Fresco: Armazenado sob condi\u00e7\u00f5es controladas para garantir a qualidade ideal.<\/p>\n<p>Confi\u00e1vel pelos europeus: Milhares de clientes desfrutam de servi\u00e7os de cigarros eletr\u00f4nicos r\u00e1pidos e seguros da PGVape.<\/p>\n<p>&nbsp;<\/p>\n<h2><span style=\"font-size: 90%;\">Perguntas frequentes sobre UOR 120000 | 120k Puffs 4 em 1 sabores Vape descart\u00e1vel<\/span><\/h2>\n<p data-sourcepos=\"39:1-40:94\">\u2753\u00a0<strong data-sourcepos=\"39:3-39:41\">Como funciona o sistema de 4 sabores?<\/strong><br \/>\n\u2705\u00a0Rodar\u00a0<strong data-sourcepos=\"40:18-40:41\">quatro sabores predefinidos<\/strong>\u00a0com um simples toque de bot\u00e3o ou comuta\u00e7\u00e3o autom\u00e1tica.<\/p>\n<p data-sourcepos=\"42:1-43:95\">\u2753\u00a0<strong data-sourcepos=\"42:3-42:34\">O que garante a qualidade do vapor?<\/strong><br \/>\n\u2705\u00a0O\u00a0<strong data-sourcepos=\"43:7-43:20\">bobina de malha<\/strong>\u00a0fornece\u00a0<strong data-sourcepos=\"43:30-43:49\">30% mais sabor<\/strong>\u00a0e\u00a0<strong data-sourcepos=\"43:54-43:72\">empates mais suaves<\/strong>\u00a0do que bobinas padr\u00e3o.<\/p>\n<p data-sourcepos=\"45:1-46:90\">\u2753\u00a0<strong data-sourcepos=\"45:3-45:38\">Quanto tempo dura a bateria?<\/strong><br \/>\n\u2705\u00a0<strong data-sourcepos=\"46:3-46:21\">Bateria de 650mAh<\/strong>\u00a0suporta\u00a0<strong data-sourcepos=\"46:31-46:46\">dias de uso<\/strong>;\u00a0<strong data-sourcepos=\"46:48-46:58\">Tipo-C<\/strong>\u00a0recarrega em\u00a0<strong data-sourcepos=\"46:72-46:87\">~50 minutos<\/strong>.<\/p>\n<p data-sourcepos=\"48:1-49:87\">\u2753\u00a0<strong data-sourcepos=\"48:3-48:36\">\u00c9 adequado para varejistas?<\/strong><br \/>\n\u2705\u00a0<strong data-sourcepos=\"49:3-49:25\">Embalagem de 10 pe\u00e7as<\/strong>\u00a0e\u00a0<strong data-sourcepos=\"49:30-49:49\">alta contagem de sopros<\/strong>\u00a0torn\u00e1-lo ideal para varejo\/atacado.<\/p>\n<p data-sourcepos=\"51:1-52:92\">\u2753\u00a0<strong data-sourcepos=\"51:3-51:25\">Posso rastrear o uso?<br \/>\n<\/strong>\u2705\u00a0O\u00a0<strong data-sourcepos=\"52:7-52:22\">Visor LED<\/strong>\u00a0mostra\u00a0<strong data-sourcepos=\"52:29-52:50\">bateria em tempo real<\/strong>,\u00a0<strong data-sourcepos=\"52:52-52:66\">contagem de baforadas<\/strong>, e\u00a0<strong data-sourcepos=\"52:72-52:89\">sabor ativo<\/strong>.<\/p>\n<p>&nbsp;<\/p>\n<h3 id=\"brxe-najhln\" class=\"brxe-heading\">Perguntas frequentes (FAQ)<\/h3>\n<div id=\"brxe-rajiac\" class=\"brxe-text\">\n<p><strong>P: Quais m\u00e9todos de pagamento voc\u00ea aceita?<\/strong><br \/>\nR: Aceitamos PayPal, Stripe, transfer\u00eancias banc\u00e1rias (com suporte SEPA), os principais cart\u00f5es de cr\u00e9dito (Visa, MasterCard, American Express) e pagamentos em criptomoedas.<\/p>\n<p><strong>P: Quanto tempo leva a prepara\u00e7\u00e3o do pedido?<\/strong><br \/>\nR: A prepara\u00e7\u00e3o do pedido leva de 1 a 3 dias \u00fateis.<\/p>\n<p><strong>P: Qual \u00e9 o tempo de envio?<\/strong><br \/>\nR: O tempo de envio \u00e9 de 7 a 14 dias \u00fateis, dependendo da sua localiza\u00e7\u00e3o. As mercadorias enviadas de armaz\u00e9ns europeus normalmente levam de 3 a 6 dias \u00fateis para serem entregues.<\/p>\n<p><strong>P: Como posso rastrear meu pedido?<\/strong><br \/>\nR: Ap\u00f3s o envio, voc\u00ea receber\u00e1 um e-mail de confirma\u00e7\u00e3o com um n\u00famero de rastreamento para rastreamento em tempo real.<\/p>\n<p><strong>P: Qual \u00e9 a sua pol\u00edtica de devolu\u00e7\u00e3o?<\/strong><br \/>\nR: Oferecemos uma pol\u00edtica de devolu\u00e7\u00e3o de 30 dias para reembolsos ou trocas. .<\/p>\n<p><strong>P: Haver\u00e1 algum problema alfandeg\u00e1rio?<br \/>\n<\/strong>Lidamos com todos os procedimentos de desembara\u00e7o aduaneiro para garantir uma experi\u00eancia descomplicada para voc\u00ea. .<\/p>\n<p><strong>P: Quais m\u00e9todos de envio s\u00e3o usados?<\/strong><br \/>\nCooperamos com UPS\/DHL\/FEDEX\/DPD, etc. Escolheremos a op\u00e7\u00e3o de envio apropriada dependendo do pa\u00eds de entrega para garantir que voc\u00ea receba seus produtos o mais r\u00e1pido poss\u00edvel.<\/p>\n<p><a href=\"https:\/\/pgvape.com\/pt\/perguntas-frequentes\/\">Clique aqui para mais perguntas frequentes<\/a><\/p>\n<p>Prezados clientes, Se voc\u00ea tiver alguma d\u00favida sobre seu pedido ou a chegada de mercadorias, entre em contato com nosso atendimento ao cliente. Obrigado!<\/p>\n<h3 data-sourcepos=\"73:1-73:21\"><strong data-sourcepos=\"73:7-73:21\">Contate-nos<\/strong><\/h3>\n<div id=\"text-2419739398\" class=\"text\">\n<p><strong data-sourcepos=\"75:3-75:12\">E-mail<\/strong>:\u00a0<a href=\"mailto:support@pgvape.com\"><strong>support@pgvape.com<\/strong><\/a><\/p>\n<p><strong data-sourcepos=\"76:3-76:15\">WhatsApp<\/strong>:\u00a0<a href=\"https:\/\/wa.me\/+8618128481258\"><strong>+86 18128481258<\/strong><\/a><br \/>\n<strong>(Resposta em at\u00e9 24 horas em dias \u00fateis)<\/strong><\/p>\n<\/div>\n<h3><strong>Obrigado por escolher pgvape.com! .<\/strong><\/h3>\n<\/div>","protected":false},"excerpt":{"rendered":"<p>Com <strong data-sourcepos=\"57:6-57:20\">120 mil baforadas<\/strong>, <strong data-sourcepos=\"57:22-57:46\">Flexibilidade de 4 sabores<\/strong>, e <strong data-sourcepos=\"57:52-57:69\">Capacidade de 64mL<\/strong>, o <strong data-sourcepos=\"57:75-57:89\">UOR 120.000<\/strong> domina o mercado de descart\u00e1veis \u200b\u200bpremium. <strong data-sourcepos=\"57:131-57:149\">10 conjuntos de sabores<\/strong> e <strong data-sourcepos=\"57:154-57:176\">rastreamento inteligente de LED<\/strong> oferecem variedade incompar\u00e1vel.<\/p>","protected":false},"featured_media":5822,"comment_status":"open","ping_status":"closed","template":"","meta":{"_seopress_robots_primary_cat":"none","_seopress_titles_title":"","_seopress_titles_desc":"","_seopress_robots_index":""},"product_brand":[516,345],"product_cat":[69,515,464],"product_tag":[354,53,459,490,203,346,220],"class_list":{"0":"post-5819","1":"product","2":"type-product","3":"status-publish","4":"has-post-thumbnail","6":"product_brand-disposable-vape","7":"product_brand-uor-vape","8":"product_cat-120k-puffs-vape","9":"product_cat-disposable-vape","10":"product_cat-uor-vape-eu","11":"product_tag-120k-puffs-vape","12":"product_tag-4-in-1-flavors","13":"product_tag-free-shipping","14":"product_tag-minimum-2-pieces","15":"product_tag-shipment-from-eu","16":"product_tag-uor-120000","17":"product_tag-with-led-display","18":"product_shipping_class-overseas-warehouse","20":"first","21":"instock","22":"sale","23":"shipping-taxable","24":"purchasable","25":"product-type-variable"},"_links":{"self":[{"href":"https:\/\/pgvape.com\/pt\/wp-json\/wp\/v2\/product\/5819","targetHints":{"allow":["GET"]}}],"collection":[{"href":"https:\/\/pgvape.com\/pt\/wp-json\/wp\/v2\/product"}],"about":[{"href":"https:\/\/pgvape.com\/pt\/wp-json\/wp\/v2\/types\/product"}],"replies":[{"embeddable":true,"href":"https:\/\/pgvape.com\/pt\/wp-json\/wp\/v2\/comments?post=5819"}],"wp:featuredmedia":[{"embeddable":true,"href":"https:\/\/pgvape.com\/pt\/wp-json\/wp\/v2\/media\/5822"}],"wp:attachment":[{"href":"https:\/\/pgvape.com\/pt\/wp-json\/wp\/v2\/media?parent=5819"}],"wp:term":[{"taxonomy":"product_brand","embeddable":true,"href":"https:\/\/pgvape.com\/pt\/wp-json\/wp\/v2\/product_brand?post=5819"},{"taxonomy":"product_cat","embeddable":true,"href":"https:\/\/pgvape.com\/pt\/wp-json\/wp\/v2\/product_cat?post=5819"},{"taxonomy":"product_tag","embeddable":true,"href":"https:\/\/pgvape.com\/pt\/wp-json\/wp\/v2\/product_tag?post=5819"}],"curies":[{"name":"wp","href":"https:\/\/api.w.org\/{rel}","templated":true}]}}