{"id":5558,"date":"2025-11-04T12:19:12","date_gmt":"2025-11-04T12:19:12","guid":{"rendered":"https:\/\/pgvape.com\/?post_type=product&#038;p=5558"},"modified":"2026-03-15T13:15:56","modified_gmt":"2026-03-15T13:15:56","slug":"bang-king-tela-inteligente-15000-baforadas-vape-descartavel-0-2-3-5-nicotina-10-sabores-vape-recarregavel-direto-da-fabrica","status":"publish","type":"product","link":"https:\/\/pgvape.com\/pt\/produto\/bang-king-tela-inteligente-15000-baforadas-vape-descartavel-0-2-3-5-nicotina-10-sabores-vape-recarregavel-direto-da-fabrica\/","title":{"rendered":"Bang King Smart Screen 15000 baforadas Vape descart\u00e1vel | 0% 2% 3% 5% Nicotina | 10Tastes | Recarreg\u00e1vel | Vape direto da f\u00e1brica"},"content":{"rendered":"<p><strong data-sourcepos=\"4:5-4:35\">BangKing tela inteligente 15000<\/strong> revoluciona a vaporiza\u00e7\u00e3o descart\u00e1vel com <strong data-sourcepos=\"4:74-4:101\">15.000 baforadas ultralongas<\/strong>, <strong data-sourcepos=\"4:103-4:131\">25ml de e-l\u00edquido pr\u00e9-cheio<\/strong>, e um <strong data-sourcepos=\"4:140-4:170\">tela de exibi\u00e7\u00e3o inteligente<\/strong>. <strong data-sourcepos=\"4:184-4:202\">bobina de malha 1.0\u03a9<\/strong>, <strong data-sourcepos=\"4:204-4:235\">Bateria recarreg\u00e1vel de 650mAh<\/strong>, e <strong data-sourcepos=\"4:241-4:288\">op\u00e7\u00f5es personaliz\u00e1veis \u200b\u200bde nicotina (0%\/2%\/3%\/5%)<\/strong>, este dispositivo oferece <strong data-sourcepos=\"4:311-4:330\">controle preciso<\/strong> e <strong data-sourcepos=\"4:335-4:350\">sabor rico<\/strong> em um design elegante e de alta tecnologia.<\/p>\n<p>&nbsp;<\/p>\n<h2><span style=\"font-size: 90%;\">Bang King Smart Screen 15000 sopros Vape descart\u00e1veis <strong data-sourcepos=\"10:5-10:31\">Especifica\u00e7\u00f5es<\/strong><\/span><\/h2>\n<p><strong data-sourcepos=\"15:3-15:17\">Contagem de sopros<\/strong>: 15.000 baforadas<\/p>\n<p><strong data-sourcepos=\"16:3-16:15\">E-l\u00edquido<\/strong>: 25ml pr\u00e9-cheio<\/p>\n<p><strong data-sourcepos=\"17:3-17:14\">Bateria<\/strong>: 650mAh (tipo C recarreg\u00e1vel)<\/p>\n<p><strong data-sourcepos=\"18:3-18:11\">Bobina<\/strong>: Malha de 1,0\u03a9<\/p>\n<p><strong data-sourcepos=\"19:3-19:14\">Mostrar<\/strong>: Tela digital inteligente<\/p>\n<p><strong data-sourcepos=\"20:3-20:15\">Nicotina<\/strong>: 0%\/2%\/3%\/5%<\/p>\n<p>&nbsp;<\/p>\n<h3><span style=\"font-size: 90%;\">Bang King Smart Screen 15000 sopros Vape descart\u00e1veis <strong data-sourcepos=\"22:5-22:20\">Lista de sabores<\/strong><\/span><\/h3>\n<p><strong data-sourcepos=\"23:4-23:19\">1. Congelamento Azul<\/strong>\u00a0\u2013 Explos\u00e3o de frutas geladas<\/p>\n<p><strong data-sourcepos=\"24:4-24:19\">2. Explos\u00e3o de frutas vermelhas<\/strong>\u00a0\u2013 Explos\u00e3o de frutas mistas<\/p>\n<p><strong data-sourcepos=\"25:4-25:25\">3. Lim\u00e3o Cereja Azul<\/strong>\u00a0\u2013 Fus\u00e3o c\u00edtrica azeda<\/p>\n<p><strong data-sourcepos=\"26:4-26:20\">4. Congelamento de p\u00eassego<\/strong>\u00a0\u2013 Del\u00edcia de p\u00eassego gelado<\/p>\n<p><strong data-sourcepos=\"27:4-27:20\">5. Congelamento de uva<\/strong>\u00a0\u2013 Sensa\u00e7\u00e3o de uva gelada<\/p>\n<p><strong data-sourcepos=\"28:4-28:19\">6. Fruta de p\u00eassego<\/strong>\u00a0\u2013 Mistura doce de fruta com caro\u00e7o<\/p>\n<p><strong data-sourcepos=\"29:4-29:27\">7. Ma\u00e7\u00e3 Azeda Razberry<\/strong>\u00a0\u2013 Fruta de ma\u00e7\u00e3 picante<\/p>\n<p><strong data-sourcepos=\"30:4-30:20\">8. Fruta tripla<\/strong>\u00a0\u2013 Trio tropical<\/p>\n<p><strong data-sourcepos=\"31:4-31:16\">9. Gelo Exuberante<\/strong>\u00a0\u2013 Refrescante refresc\u00e2ncia de melancia<\/p>\n<p><strong data-sourcepos=\"32:5-32:30\">10. Melancia Morango<\/strong>\u00a0\u2013 Combina\u00e7\u00e3o doce cl\u00e1ssica<br \/>\n<img loading=\"lazy\" decoding=\"async\" class=\"alignnone wp-image-5562 size-full\" src=\"https:\/\/pgvape.com\/wp-content\/uploads\/2025\/11\/pgvape-Bang_King_smartscreen_15000_Puffs-2.png\" alt=\"Duas fileiras de dez dispositivos vape descart\u00e1veis \u200b\u200bcoloridos Bang King (cinco por fileira), cada um com um gr\u00e1fico de macaco de desenho animado, pequeno display digital e nomes de sabores como Peach Freeze, Blueberry Cherry Lemon, Strawberry Watermelon, Berry Blast, Peach Blueraz, Blueberry Freeze, Grape Freeze, Tropical Fruit, Sour Apple Blueberry e Lush Ice.\" width=\"1500\" height=\"1168\" srcset=\"https:\/\/pgvape.com\/wp-content\/uploads\/2025\/11\/pgvape-Bang_King_smartscreen_15000_Puffs-2.png 1500w, https:\/\/pgvape.com\/wp-content\/uploads\/2025\/11\/pgvape-Bang_King_smartscreen_15000_Puffs-2-462x360.png 462w, https:\/\/pgvape.com\/wp-content\/uploads\/2025\/11\/pgvape-Bang_King_smartscreen_15000_Puffs-2-595x463.png 595w, https:\/\/pgvape.com\/wp-content\/uploads\/2025\/11\/pgvape-Bang_King_smartscreen_15000_Puffs-2-400x311.png 400w, https:\/\/pgvape.com\/wp-content\/uploads\/2025\/11\/pgvape-Bang_King_smartscreen_15000_Puffs-2-768x598.png 768w, https:\/\/pgvape.com\/wp-content\/uploads\/2025\/11\/pgvape-Bang_King_smartscreen_15000_Puffs-2-15x12.png 15w, https:\/\/pgvape.com\/wp-content\/uploads\/2025\/11\/pgvape-Bang_King_smartscreen_15000_Puffs-2-600x467.png 600w, https:\/\/pgvape.com\/wp-content\/uploads\/2025\/11\/pgvape-Bang_King_smartscreen_15000_Puffs-2-51x40.png 51w\" sizes=\"auto, (max-width: 1500px) 100vw, 1500px\" \/><\/p>\n<p>&nbsp;<\/p>\n<h3><span style=\"font-size: 90%;\">Bang King Smart Screen 15000 sopros Vape descart\u00e1veis <strong>V\u00eddeo<\/strong>\uff1a<\/span><\/h3>\n<p>&nbsp;<\/p>\n<h2>Perguntas frequentes sobre Bang King Smart Screen 15000 Puffs Vape descart\u00e1vel<\/h2>\n<p data-sourcepos=\"35:1-36:87\">\u2753 <strong data-sourcepos=\"35:3-35:39\">Como funciona o display inteligente?<\/strong><br \/>\n\u2705 Programas <strong data-sourcepos=\"36:9-36:37\">porcentagem exata da bateria<\/strong> e <strong data-sourcepos=\"36:42-36:61\">n\u00edveis de e-l\u00edquido<\/strong> para monitoramento preciso.<\/p>\n<p data-sourcepos=\"38:1-39:77\">\u2753 <strong data-sourcepos=\"38:3-38:40\">O que torna a bobina de malha especial?<\/strong><br \/>\n\u2705 O <strong data-sourcepos=\"39:7-39:25\">n\u00facleo de malha 1.0\u03a9<\/strong> melhora <strong data-sourcepos=\"39:35-39:52\">pureza do sabor<\/strong> e <strong data-sourcepos=\"39:57-39:74\">densidade de vapor<\/strong>.<\/p>\n<p data-sourcepos=\"41:1-42:80\">\u2753 <strong data-sourcepos=\"41:3-41:38\">Quanto tempo dura a bateria?<\/strong><br \/>\n\u2705 O <strong data-sourcepos=\"42:7-42:25\">Bateria de 650mAh<\/strong> suporta uso prolongado com <strong data-sourcepos=\"42:53-42:77\">Carregamento r\u00e1pido tipo C<\/strong>.<\/p>\n<p data-sourcepos=\"44:1-45:89\">\u2753 <strong data-sourcepos=\"44:3-44:38\">Quais sabores s\u00e3o mais populares?<\/strong><br \/>\n\u2705 <strong data-sourcepos=\"45:3-45:28\">Melancia Morango<\/strong>, <strong data-sourcepos=\"45:30-45:42\">Gelo Exuberante<\/strong>, e <strong data-sourcepos=\"45:48-45:63\">Congelamento Azul<\/strong> s\u00e3o os favoritos dos clientes.<\/p>\n<p data-sourcepos=\"47:1-48:80\">\u2753 <strong data-sourcepos=\"47:3-47:35\">Este dispositivo \u00e9 ecol\u00f3gico?<\/strong><br \/>\n\u2705 O <strong data-sourcepos=\"48:7-48:30\">projeto recarreg\u00e1vel<\/strong> reduz o desperd\u00edcio em compara\u00e7\u00e3o com os descart\u00e1veis \u200b\u200bpadr\u00e3o.<\/p>\n<p>&nbsp;<\/p>\n<h3 id=\"brxe-najhln\" class=\"brxe-heading\">Perguntas frequentes (FAQ)<\/h3>\n<div id=\"brxe-rajiac\" class=\"brxe-text\">\n<p><strong>P: Quais m\u00e9todos de pagamento voc\u00ea aceita?<\/strong><br \/>\nR: Aceitamos PayPal, Stripe, transfer\u00eancias banc\u00e1rias (com suporte SEPA), os principais cart\u00f5es de cr\u00e9dito (Visa, MasterCard, American Express) e pagamentos em criptomoedas.<\/p>\n<p><strong>P: Quanto tempo leva a prepara\u00e7\u00e3o do pedido?<\/strong><br \/>\nR: A prepara\u00e7\u00e3o do pedido leva de 1 a 3 dias \u00fateis.<\/p>\n<p><strong>P: Qual \u00e9 o tempo de envio?<\/strong><br \/>\nR: O tempo de envio \u00e9 de 7 a 14 dias \u00fateis, dependendo da sua localiza\u00e7\u00e3o.<\/p>\n<p><strong>P: Como posso rastrear meu pedido?<\/strong><br \/>\nR: Ap\u00f3s o envio, voc\u00ea receber\u00e1 um e-mail de confirma\u00e7\u00e3o com um n\u00famero de rastreamento para rastreamento em tempo real.<\/p>\n<p><strong>P: Qual \u00e9 a sua pol\u00edtica de devolu\u00e7\u00e3o?<\/strong><br \/>\nR: Oferecemos uma pol\u00edtica de devolu\u00e7\u00e3o de 30 dias para reembolsos ou trocas. .<\/p>\n<p><strong>P: Haver\u00e1 algum problema alfandeg\u00e1rio?<br \/>\n<\/strong>Lidamos com todos os procedimentos de desembara\u00e7o aduaneiro para garantir uma experi\u00eancia descomplicada para voc\u00ea. .<\/p>\n<p><strong>P: Quais m\u00e9todos de envio s\u00e3o usados?<\/strong><br \/>\nCooperamos com UPS\/DHL\/FEDEX\/DPD, etc. Escolheremos a op\u00e7\u00e3o de envio apropriada dependendo do pa\u00eds de entrega para garantir que voc\u00ea receba seus produtos o mais r\u00e1pido poss\u00edvel.<\/p>\n<p><a href=\"https:\/\/pgvape.com\/pt\/perguntas-frequentes\/\">Clique aqui para mais perguntas frequentes<\/a><\/p>\n<p>Prezados clientes, Se voc\u00ea tiver alguma d\u00favida sobre seu pedido ou a chegada de mercadorias, entre em contato com nosso atendimento ao cliente. Obrigado!<\/p>\n<h3 data-sourcepos=\"73:1-73:21\"><strong data-sourcepos=\"73:7-73:21\">Contate-nos<\/strong><\/h3>\n<div id=\"text-2419739398\" class=\"text\">\n<p><strong data-sourcepos=\"75:3-75:12\">E-mail<\/strong>:\u00a0<a href=\"mailto:support@pgvape.com\"><strong>support@pgvape.com<\/strong><\/a><\/p>\n<p><strong data-sourcepos=\"76:3-76:15\">WhatsApp<\/strong>:\u00a0<a href=\"https:\/\/wa.me\/+8618128481258\"><strong>+86 18128481258<\/strong><\/a><br \/>\n<strong>(Resposta em at\u00e9 24 horas em dias \u00fateis)<\/strong><\/p>\n<\/div>\n<h3><strong>Obrigado por escolher pgvape.com! .<\/strong><\/h3>\n<\/div>","protected":false},"excerpt":{"rendered":"<p><strong data-sourcepos=\"51:5-51:35\">BangKing tela inteligente 15000<\/strong> combina <strong data-sourcepos=\"51:45-51:61\">15.000 baforadas<\/strong>, <strong data-sourcepos=\"51:63-51:88\">display digital inteligente<\/strong>, e <strong data-sourcepos=\"51:94-51:108\">10 sabores<\/strong> em um <strong data-sourcepos=\"51:114-51:143\">vape descart\u00e1vel de alta tecnologia<\/strong> com <strong data-sourcepos=\"51:149-51:168\">Carregamento tipo C<\/strong> \u2013 perfeito para <strong data-sourcepos=\"51:183-51:201\">ca\u00e7adores de sabor<\/strong> e <strong data-sourcepos=\"51:206-51:227\">vapers com experi\u00eancia em tecnologia<\/strong>.<\/p>","protected":false},"featured_media":5561,"comment_status":"open","ping_status":"closed","template":"","meta":{"_seopress_robots_primary_cat":"none","_seopress_titles_title":"%%post_title%% %%sep%% %%sitetitle%%","_seopress_titles_desc":"","_seopress_robots_index":""},"product_brand":[19,516],"product_cat":[113,18,515],"product_tag":[442,441,90,259,136,204],"class_list":{"0":"post-5558","1":"product","2":"type-product","3":"status-publish","4":"has-post-thumbnail","6":"product_brand-bang-king-vape","7":"product_brand-disposable-vape","8":"product_cat-15k-puffs-vape","9":"product_cat-bang-king-vape","10":"product_cat-disposable-vape","11":"product_tag-15000-puffs-vape","12":"product_tag-bang-king-15000","13":"product_tag-disposable-vape","14":"product_tag-rechargeable","15":"product_tag-smart-screen","16":"product_tag-vape-factory-direct","18":"first","19":"instock","20":"sale","21":"shipping-taxable","22":"purchasable","23":"product-type-variable"},"_links":{"self":[{"href":"https:\/\/pgvape.com\/pt\/wp-json\/wp\/v2\/product\/5558","targetHints":{"allow":["GET"]}}],"collection":[{"href":"https:\/\/pgvape.com\/pt\/wp-json\/wp\/v2\/product"}],"about":[{"href":"https:\/\/pgvape.com\/pt\/wp-json\/wp\/v2\/types\/product"}],"replies":[{"embeddable":true,"href":"https:\/\/pgvape.com\/pt\/wp-json\/wp\/v2\/comments?post=5558"}],"wp:featuredmedia":[{"embeddable":true,"href":"https:\/\/pgvape.com\/pt\/wp-json\/wp\/v2\/media\/5561"}],"wp:attachment":[{"href":"https:\/\/pgvape.com\/pt\/wp-json\/wp\/v2\/media?parent=5558"}],"wp:term":[{"taxonomy":"product_brand","embeddable":true,"href":"https:\/\/pgvape.com\/pt\/wp-json\/wp\/v2\/product_brand?post=5558"},{"taxonomy":"product_cat","embeddable":true,"href":"https:\/\/pgvape.com\/pt\/wp-json\/wp\/v2\/product_cat?post=5558"},{"taxonomy":"product_tag","embeddable":true,"href":"https:\/\/pgvape.com\/pt\/wp-json\/wp\/v2\/product_tag?post=5558"}],"curies":[{"name":"wp","href":"https:\/\/api.w.org\/{rel}","templated":true}]}}