{"id":5459,"date":"2025-11-04T07:49:11","date_gmt":"2025-11-04T07:49:11","guid":{"rendered":"https:\/\/pgvape.com\/?post_type=product&#038;p=5459"},"modified":"2026-03-15T13:09:58","modified_gmt":"2026-03-15T13:09:58","slug":"bang-gold-42000-42k-puffs-descartaveis-vape-e-shisha-cabeca-0-2-3-5-nicotina-12-sabores-tft-touchscreenindicadores-led-vape-direto-da-fabrica","status":"publish","type":"product","link":"https:\/\/pgvape.com\/pt\/produto\/bang-gold-42000-42k-puffs-descartaveis-vape-e-shisha-cabeca-0-2-3-5-nicotina-12-sabores-tft-touchscreenindicadores-led-vape-direto-da-fabrica\/","title":{"rendered":"Bang Gold 42000 | 42K Puffs Vape Descart\u00e1vel | E-Shisha Head | 0% 2% 3% 5% Nicotina | 12Tastes | TFT Touchscreen + Indicadores LED | Vape Direto da F\u00e1brica"},"content":{"rendered":"<p><strong data-sourcepos=\"6:5-6:30\">Bang\u00a0Ouro 42000<\/strong> redefine a vaporiza\u00e7\u00e3o premium com <strong data-sourcepos=\"6:61-6:88\">42.000 baforadas ultralongas<\/strong> e <strong data-sourcepos=\"6:93-6:128\">seguran\u00e7a inovadora de impress\u00e3o digital<\/strong>. <strong data-sourcepos=\"6:142-6:160\">bobina de malha dupla<\/strong>, <strong data-sourcepos=\"6:162-6:181\">Tela sens\u00edvel ao toque TFT<\/strong>, e <strong data-sourcepos=\"6:187-6:206\">Bateria de 1000mAh<\/strong>, este dispositivo oferece <strong data-sourcepos=\"6:229-6:260\">configura\u00e7\u00f5es de energia personaliz\u00e1veis<\/strong> e <strong data-sourcepos=\"6:265-6:293\">m\u00e9tricas de vaporiza\u00e7\u00e3o em tempo real<\/strong> para um controle incompar\u00e1vel.<\/p>\n<p>&nbsp;<\/p>\n<h2><span style=\"font-size: 90%;\">Bang Gold 42000 | 42K Puffs Vape Descart\u00e1vel <strong data-sourcepos=\"10:5-10:31\">Especifica\u00e7\u00f5es<\/strong><\/span><\/h2>\n<p><strong data-sourcepos=\"19:3-19:17\">Contagem de sopros<\/strong>: 42.000 baforadas<\/p>\n<p><strong data-sourcepos=\"20:3-20:14\">Bateria<\/strong>: 1000mAh (tipo C recarreg\u00e1vel)<\/p>\n<p><strong data-sourcepos=\"21:3-21:11\">Bobina<\/strong>: Tecnologia de malha dupla<\/p>\n<p><strong data-sourcepos=\"22:3-22:14\">Mostrar<\/strong>: Tela sens\u00edvel ao toque TFT + indicadores LED<\/p>\n<p><strong data-sourcepos=\"23:3-23:15\">Nicotina<\/strong>: 0%\/2%\/3%\/5%<\/p>\n<p><strong data-sourcepos=\"24:3-24:15\">Seguran\u00e7a<\/strong>: Reconhecimento de impress\u00e3o digital<\/p>\n<p><strong data-sourcepos=\"12:3-12:23\">Ajuste de pot\u00eancia<\/strong>: sa\u00edda personaliz\u00e1vel com 3 cliques<\/p>\n<p>&nbsp;<\/p>\n<h3><span style=\"font-size: 90%;\">Bang Gold 42000 | 42K Puffs Vape Descart\u00e1vel <strong data-sourcepos=\"22:5-22:20\">Lista de sabores<\/strong><\/span><\/h3>\n<p><strong data-sourcepos=\"27:4-27:12\">1. Hortel\u00e3<\/strong><\/p>\n<p><strong data-sourcepos=\"28:4-28:22\">2. Mirtilo Hortel\u00e3<\/strong><\/p>\n<p><strong data-sourcepos=\"29:4-29:21\">3. Ma\u00e7\u00e3s Duplas<\/strong><\/p>\n<p><strong data-sourcepos=\"30:4-30:17\">4. Gelo de p\u00eassego<\/strong><\/p>\n<p><strong data-sourcepos=\"31:4-31:27\">5. Mirtilo Framboesa<\/strong><\/p>\n<p><strong data-sourcepos=\"32:4-32:21\">6. Gelo de mirtilo<\/strong><\/p>\n<p><strong data-sourcepos=\"33:4-33:23\">7. P\u00eassego Mirtilo<\/strong><\/p>\n<p><strong data-sourcepos=\"34:4-34:18\">8.Melancia<\/strong><\/p>\n<p><strong data-sourcepos=\"35:4-35:29\">9. Melancia Morango<\/strong><\/p>\n<p><strong data-sourcepos=\"36:5-36:26\">10. Lichia de Morango<\/strong><\/p>\n<p><strong data-sourcepos=\"37:5-37:19\">11. Uva Hortel\u00e3<\/strong><\/p>\n<p><strong data-sourcepos=\"38:5-38:20\">12. Frutas Mistas<br \/>\n<img loading=\"lazy\" decoding=\"async\" class=\"alignnone wp-image-5463 size-full\" src=\"https:\/\/pgvape.com\/wp-content\/uploads\/2025\/11\/pgvape-Bang-Gold-42000-Puffs-Disposable-Vape-3.jpg\" alt=\"Doze dispositivos de e-shisha dourados em forma de cilindro com bocais pretos dispostos em duas fileiras e rotulados com sabores (hortel\u00e3, menta de mirtilo, ma\u00e7\u00e3s duplas, gelo de p\u00eassego, framboesa de mirtilo, gelo de mirtilo, p\u00eassego de mirtilo, melancia, melancia de morango, lichia de morango, menta de uva, frutas mistas) abaixo de um cabe\u00e7alho onde se l\u00ea \u201cE-Shisha Head 12 sabores\u201d e \u201c42000 PUFFS\u201d com a marca BANG .\" width=\"1200\" height=\"1469\" srcset=\"https:\/\/pgvape.com\/wp-content\/uploads\/2025\/11\/pgvape-Bang-Gold-42000-Puffs-Disposable-Vape-3.jpg 1200w, https:\/\/pgvape.com\/wp-content\/uploads\/2025\/11\/pgvape-Bang-Gold-42000-Puffs-Disposable-Vape-3-294x360.jpg 294w, https:\/\/pgvape.com\/wp-content\/uploads\/2025\/11\/pgvape-Bang-Gold-42000-Puffs-Disposable-Vape-3-595x728.jpg 595w, https:\/\/pgvape.com\/wp-content\/uploads\/2025\/11\/pgvape-Bang-Gold-42000-Puffs-Disposable-Vape-3-327x400.jpg 327w, https:\/\/pgvape.com\/wp-content\/uploads\/2025\/11\/pgvape-Bang-Gold-42000-Puffs-Disposable-Vape-3-768x940.jpg 768w, https:\/\/pgvape.com\/wp-content\/uploads\/2025\/11\/pgvape-Bang-Gold-42000-Puffs-Disposable-Vape-3-10x12.jpg 10w, https:\/\/pgvape.com\/wp-content\/uploads\/2025\/11\/pgvape-Bang-Gold-42000-Puffs-Disposable-Vape-3-600x735.jpg 600w, https:\/\/pgvape.com\/wp-content\/uploads\/2025\/11\/pgvape-Bang-Gold-42000-Puffs-Disposable-Vape-3-33x40.jpg 33w\" sizes=\"auto, (max-width: 1200px) 100vw, 1200px\" \/><br \/>\n<\/strong><\/p>\n<p>&nbsp;<\/p>\n<h3><span style=\"font-size: 90%;\">Bang Gold 42000 | 42K Puffs Vape Descart\u00e1vel <strong>V\u00eddeo<\/strong>\uff1a<\/span><\/h3>\n<p>&nbsp;<\/p>\n<h2>Perguntas frequentes sobre Bang Gold 42000 | 42K Puffs Vape descart\u00e1vel<\/h2>\n<p data-sourcepos=\"41:1-42:58\">\u2753 <strong data-sourcepos=\"41:3-41:44\">Como funciona o sensor de impress\u00e3o digital?<\/strong><br \/>\n\u2705 Fornece <strong data-sourcepos=\"42:12-42:37\">seguran\u00e7a personalizada<\/strong> e ativa\u00e7\u00e3o r\u00e1pida<\/p>\n<p data-sourcepos=\"44:1-45:51\">\u2753 <strong data-sourcepos=\"44:3-44:45\">O que torna a bobina de malha dupla especial?<\/strong><br \/>\n\u2705 Entrega <strong data-sourcepos=\"45:12-45:31\">50% mais sabor<\/strong> do que bobinas padr\u00e3o<\/p>\n<p data-sourcepos=\"47:1-48:63\">\u2753 <strong data-sourcepos=\"47:3-47:41\">Posso ajustar a produ\u00e7\u00e3o de vapor?<br \/>\n<\/strong> \u2705Sim! <strong data-sourcepos=\"48:8-48:36\">Ajuste de pot\u00eancia com 3 cliques<\/strong> personaliza sua experi\u00eancia<\/p>\n<p data-sourcepos=\"50:1-51:78\">\u2753 <strong data-sourcepos=\"50:3-50:38\">Quanto tempo dura a bateria?<br \/>\n<\/strong> \u2705 O <strong data-sourcepos=\"51:7-51:26\">Bateria de 1000mAh<\/strong> suporta uso prolongado com <strong data-sourcepos=\"51:54-51:78\">Carregamento r\u00e1pido tipo C<\/strong><\/p>\n<p data-sourcepos=\"53:1-54:82\">\u2753 <strong data-sourcepos=\"53:3-53:38\">Quais sabores s\u00e3o mais populares?<br \/>\n<\/strong> \u2705 <strong data-sourcepos=\"54:3-54:28\">Melancia Morango<\/strong>, <strong data-sourcepos=\"54:30-54:47\">Gelo de mirtilo<\/strong>, e <strong data-sourcepos=\"54:53-54:66\">Gelo de p\u00eassego<\/strong> s\u00e3o os mais vendidos<\/p>\n<p>&nbsp;<\/p>\n<h3 id=\"brxe-najhln\" class=\"brxe-heading\">Perguntas frequentes (FAQ)<\/h3>\n<div id=\"brxe-rajiac\" class=\"brxe-text\">\n<p><strong>P: Quais m\u00e9todos de pagamento voc\u00ea aceita?<\/strong><br \/>\nR: Aceitamos PayPal, Stripe, transfer\u00eancias banc\u00e1rias (com suporte SEPA), os principais cart\u00f5es de cr\u00e9dito (Visa, MasterCard, American Express) e pagamentos em criptomoedas.<\/p>\n<p><strong>P: Quanto tempo leva a prepara\u00e7\u00e3o do pedido?<\/strong><br \/>\nR: A prepara\u00e7\u00e3o do pedido leva de 1 a 3 dias \u00fateis.<\/p>\n<p><strong>P: Qual \u00e9 o tempo de envio?<\/strong><br \/>\nR: O tempo de envio \u00e9 de 7 a 14 dias \u00fateis, dependendo da sua localiza\u00e7\u00e3o.<\/p>\n<p><strong>P: Como posso rastrear meu pedido?<\/strong><br \/>\nR: Ap\u00f3s o envio, voc\u00ea receber\u00e1 um e-mail de confirma\u00e7\u00e3o com um n\u00famero de rastreamento para rastreamento em tempo real.<\/p>\n<p><strong>P: Qual \u00e9 a sua pol\u00edtica de devolu\u00e7\u00e3o?<\/strong><br \/>\nR: Oferecemos uma pol\u00edtica de devolu\u00e7\u00e3o de 30 dias para reembolsos ou trocas. .<\/p>\n<p><strong>P: Haver\u00e1 algum problema alfandeg\u00e1rio?<br \/>\n<\/strong>Lidamos com todos os procedimentos de desembara\u00e7o aduaneiro para garantir uma experi\u00eancia descomplicada para voc\u00ea. .<\/p>\n<p><strong>P: Quais m\u00e9todos de envio s\u00e3o usados?<\/strong><br \/>\nCooperamos com UPS\/DHL\/FEDEX\/DPD, etc. Escolheremos a op\u00e7\u00e3o de envio apropriada dependendo do pa\u00eds de entrega para garantir que voc\u00ea receba seus produtos o mais r\u00e1pido poss\u00edvel.<\/p>\n<p><a href=\"https:\/\/pgvape.com\/pt\/perguntas-frequentes\/\">Clique aqui para mais perguntas frequentes<\/a><\/p>\n<p>Prezados clientes, Se voc\u00ea tiver alguma d\u00favida sobre seu pedido ou a chegada de mercadorias, entre em contato com nosso atendimento ao cliente. Obrigado!<\/p>\n<h3 data-sourcepos=\"73:1-73:21\"><strong data-sourcepos=\"73:7-73:21\">Contate-nos<\/strong><\/h3>\n<div id=\"text-2419739398\" class=\"text\">\n<p><strong data-sourcepos=\"75:3-75:12\">E-mail<\/strong>:\u00a0<a href=\"mailto:support@pgvape.com\"><strong>support@pgvape.com<\/strong><\/a><\/p>\n<p><strong data-sourcepos=\"76:3-76:15\">WhatsApp<\/strong>:\u00a0<a href=\"https:\/\/wa.me\/+8618128481258\"><strong>+86 18128481258<\/strong><\/a><br \/>\n<strong>(Resposta em at\u00e9 24 horas em dias \u00fateis)<\/strong><\/p>\n<\/div>\n<h3><strong>Obrigado por escolher pgvape.com! .<\/strong><\/h3>\n<\/div>","protected":false},"excerpt":{"rendered":"<p><strong data-sourcepos=\"57:5-57:30\">Bang Ouro 42000<\/strong> combina <strong data-sourcepos=\"57:40-57:71\">capacidade incompar\u00e1vel de puff de 42K<\/strong>, <strong data-sourcepos=\"57:73-57:97\">seguran\u00e7a de impress\u00e3o digital<\/strong>, e <strong data-sourcepos=\"57:103-57:133\">controles inteligentes de tela sens\u00edvel ao toque<\/strong> em um <strong data-sourcepos=\"57:139-57:166\">vape descart\u00e1vel premium<\/strong> com <strong data-sourcepos=\"57:172-57:193\">12 op\u00e7\u00f5es de sabores<\/strong>.<\/p>","protected":false},"featured_media":5476,"comment_status":"open","ping_status":"closed","template":"","meta":{"_seopress_robots_primary_cat":"none","_seopress_titles_title":"%%post_title%% %%sep%% %%sitetitle%%","_seopress_titles_desc":"","_seopress_robots_index":""},"product_brand":[36,516],"product_cat":[433,25,515],"product_tag":[435,434,90,436,438,437,204],"class_list":{"0":"post-5459","1":"product","2":"type-product","3":"status-publish","4":"has-post-thumbnail","6":"product_brand-bang-vape","7":"product_brand-disposable-vape","8":"product_cat-42k-puffs-vape","9":"product_cat-bang-vape","10":"product_cat-disposable-vape","11":"product_tag-42k-puffs-vape","12":"product_tag-bang-gold-42000","13":"product_tag-disposable-vape","14":"product_tag-e-shisha-head","15":"product_tag-led-indicators","16":"product_tag-tft-touchscreen","17":"product_tag-vape-factory-direct","19":"first","20":"instock","21":"sale","22":"shipping-taxable","23":"purchasable","24":"product-type-variable"},"_links":{"self":[{"href":"https:\/\/pgvape.com\/pt\/wp-json\/wp\/v2\/product\/5459","targetHints":{"allow":["GET"]}}],"collection":[{"href":"https:\/\/pgvape.com\/pt\/wp-json\/wp\/v2\/product"}],"about":[{"href":"https:\/\/pgvape.com\/pt\/wp-json\/wp\/v2\/types\/product"}],"replies":[{"embeddable":true,"href":"https:\/\/pgvape.com\/pt\/wp-json\/wp\/v2\/comments?post=5459"}],"wp:featuredmedia":[{"embeddable":true,"href":"https:\/\/pgvape.com\/pt\/wp-json\/wp\/v2\/media\/5476"}],"wp:attachment":[{"href":"https:\/\/pgvape.com\/pt\/wp-json\/wp\/v2\/media?parent=5459"}],"wp:term":[{"taxonomy":"product_brand","embeddable":true,"href":"https:\/\/pgvape.com\/pt\/wp-json\/wp\/v2\/product_brand?post=5459"},{"taxonomy":"product_cat","embeddable":true,"href":"https:\/\/pgvape.com\/pt\/wp-json\/wp\/v2\/product_cat?post=5459"},{"taxonomy":"product_tag","embeddable":true,"href":"https:\/\/pgvape.com\/pt\/wp-json\/wp\/v2\/product_tag?post=5459"}],"curies":[{"name":"wp","href":"https:\/\/api.w.org\/{rel}","templated":true}]}}