{"id":5424,"date":"2025-11-03T11:44:20","date_gmt":"2025-11-03T11:44:20","guid":{"rendered":"https:\/\/pgvape.com\/?post_type=product&#038;p=5424"},"modified":"2026-03-27T11:36:33","modified_gmt":"2026-03-27T11:36:33","slug":"bang-36000-baforadas-vape-descartavel-led-cor-luz-vape-direto-da-fabrica","status":"publish","type":"product","link":"https:\/\/pgvape.com\/pt\/produto\/bang-36000-baforadas-vape-descartavel-led-cor-luz-vape-direto-da-fabrica\/","title":{"rendered":"Bang 36000 Puffs Vape Descart\u00e1vel LED Color Light | Vape Direto da F\u00e1brica"},"content":{"rendered":"<p><strong data-sourcepos=\"6:5-6:19\">Estrondo 36000<\/strong> entrega <strong data-sourcepos=\"6:29-6:56\">36.000 baforadas ultralongas<\/strong> com um <strong data-sourcepos=\"6:65-6:96\">sistema inovador de tanque duplo<\/strong> conten\u00e7\u00e3o <strong data-sourcepos=\"6:105-6:136\">40ml de e-l\u00edquido pr\u00e9-cheio<\/strong>. <strong data-sourcepos=\"6:150-6:171\">Bobina sub-ohm de 0,6\u03a9<\/strong> para <strong data-sourcepos=\"6:176-6:190\">Vaporiza\u00e7\u00e3o DTL<\/strong>, <strong data-sourcepos=\"6:192-6:223\">Bateria recarreg\u00e1vel de 650mAh<\/strong>, e <strong data-sourcepos=\"6:229-6:251\">12 sabores premium<\/strong>, este dispositivo oferece <strong data-sourcepos=\"6:272-6:295\">desempenho m\u00e1ximo<\/strong> com <strong data-sourcepos=\"6:301-6:325\">ilumina\u00e7\u00e3o LED elegante<\/strong>.<\/p>\n<p>&nbsp;<\/p>\n<h2><span style=\"font-size: 90%;\">Bang 36000 | 36K Puffs Vape Descart\u00e1vel <strong data-sourcepos=\"10:5-10:31\">Especifica\u00e7\u00f5es<\/strong><\/span><\/h2>\n<p><strong data-sourcepos=\"18:3-18:17\">Contagem de sopros<\/strong>: 36.000 baforadas<\/p>\n<p><strong data-sourcepos=\"19:3-19:15\">E-l\u00edquido<\/strong>: 40ml (c\u00e2mara dupla)<\/p>\n<p><strong data-sourcepos=\"20:3-20:14\">Bateria<\/strong>: 650mAh (tipo C recarreg\u00e1vel)<\/p>\n<p><strong data-sourcepos=\"21:3-21:11\">Bobina<\/strong>: malha sub-ohm de 0,6\u03a9<\/p>\n<p><strong data-sourcepos=\"22:3-22:15\">Nicotina<\/strong>: 0%\/2%\/3%\/5%<\/p>\n<p><strong data-sourcepos=\"23:3-23:16\">Embalagem<\/strong>: 8 dispositivos\/caixa de exibi\u00e7\u00e3o<\/p>\n<p>&nbsp;<\/p>\n<h3><span style=\"font-size: 90%;\">Bang 36000 | 36K Puffs Vape Descart\u00e1vel <strong data-sourcepos=\"22:5-22:20\">Lista de sabores<\/strong><\/span><\/h3>\n<p>1. Kiwi de morango<\/p>\n<p>2. Melancia Manga P\u00eassego<\/p>\n<p>3. Frutas Mistas<\/p>\n<p>4. Gelo de menta<\/p>\n<p>5. Manga P\u00eassego<\/p>\n<p>6. Gelo de Uva<\/p>\n<p>7. Ma\u00e7\u00e3s Duplas<\/p>\n<p>8. Mirtilo Framboesa<\/p>\n<p>9. Gelo de mirtilo<\/p>\n<p>10. Melancia Morango<\/p>\n<p>11. Gelo de melancia<\/p>\n<p>12. Manga Morango<br \/>\n<img loading=\"lazy\" decoding=\"async\" class=\"alignnone wp-image-5443 size-full\" src=\"https:\/\/pgvape.com\/wp-content\/uploads\/2025\/11\/pgvape-Bang-36000-36K-Puffs-Disposable-Vape-17.jpg\" alt=\"\" width=\"1003\" height=\"1500\" srcset=\"https:\/\/pgvape.com\/wp-content\/uploads\/2025\/11\/pgvape-Bang-36000-36K-Puffs-Disposable-Vape-17.jpg 1003w, https:\/\/pgvape.com\/wp-content\/uploads\/2025\/11\/pgvape-Bang-36000-36K-Puffs-Disposable-Vape-17-241x360.jpg 241w, https:\/\/pgvape.com\/wp-content\/uploads\/2025\/11\/pgvape-Bang-36000-36K-Puffs-Disposable-Vape-17-595x890.jpg 595w, https:\/\/pgvape.com\/wp-content\/uploads\/2025\/11\/pgvape-Bang-36000-36K-Puffs-Disposable-Vape-17-267x400.jpg 267w, https:\/\/pgvape.com\/wp-content\/uploads\/2025\/11\/pgvape-Bang-36000-36K-Puffs-Disposable-Vape-17-768x1149.jpg 768w, https:\/\/pgvape.com\/wp-content\/uploads\/2025\/11\/pgvape-Bang-36000-36K-Puffs-Disposable-Vape-17-8x12.jpg 8w, https:\/\/pgvape.com\/wp-content\/uploads\/2025\/11\/pgvape-Bang-36000-36K-Puffs-Disposable-Vape-17-600x897.jpg 600w, https:\/\/pgvape.com\/wp-content\/uploads\/2025\/11\/pgvape-Bang-36000-36K-Puffs-Disposable-Vape-17-27x40.jpg 27w\" sizes=\"auto, (max-width: 1003px) 100vw, 1003px\" \/><\/p>\n<p>&nbsp;<\/p>\n<h3><span style=\"font-size: 90%;\">Bang 36000 | 36K Puffs Vape Descart\u00e1vel <strong>V\u00eddeo<\/strong>\uff1a<\/span><\/h3>\n<p>&nbsp;<\/p>\n<h2>Perguntas frequentes sobre Bang 36000 | 36K Puffs Vape descart\u00e1vel<\/h2>\n<p data-sourcepos=\"40:1-41:77\">\u2753 <strong data-sourcepos=\"40:3-40:47\">O que torna o sistema de tanque duplo especial?<\/strong><br \/>\n\u2705 Duas c\u00e2maras separadas mant\u00eam <strong data-sourcepos=\"41:34-41:51\">pureza do sabor<\/strong> e <strong data-sourcepos=\"41:56-41:74\">evitar mistura<\/strong>.<\/p>\n<p data-sourcepos=\"43:1-44:82\">\u2753 <strong data-sourcepos=\"43:3-43:38\">Qual a diferen\u00e7a entre a vaporiza\u00e7\u00e3o sub-ohm?<\/strong><br \/>\n\u2705 O <strong data-sourcepos=\"44:7-44:20\">Bobina de 0,6\u03a9<\/strong> produz <strong data-sourcepos=\"44:30-44:55\">nuvens maiores e mais quentes<\/strong> para inala\u00e7\u00f5es pulmonares diretas.<\/p>\n<p data-sourcepos=\"46:1-47:78\">\u2753 <strong data-sourcepos=\"46:3-46:47\">A bateria \u00e9 suficiente para baforadas de 36K?<\/strong><br \/>\n\u2705 O <strong data-sourcepos=\"47:7-47:25\">Bateria de 650mAh<\/strong> \u00e9 recarreg\u00e1vel atrav\u00e9s <strong data-sourcepos=\"47:46-47:56\">Tipo-C<\/strong> para uso cont\u00ednuo.<\/p>\n<p data-sourcepos=\"49:1-50:87\">\u2753 <strong data-sourcepos=\"49:3-49:38\">Quais sabores s\u00e3o mais populares?<br \/>\n<\/strong> \u2705 <strong data-sourcepos=\"50:3-50:28\">Melancia Morango<\/strong>, <strong data-sourcepos=\"50:30-50:47\">Gelo de mirtilo<\/strong>, e <strong data-sourcepos=\"50:53-50:68\">Manga P\u00eassego<\/strong> s\u00e3o as principais escolhas.<\/p>\n<p data-sourcepos=\"52:1-53:71\">\u2753 <strong data-sourcepos=\"52:3-52:42\">O que h\u00e1 de \u00fanico nas luzes LED?<br \/>\n<\/strong> \u2705 LEDs que mudam de cor indicam <strong data-sourcepos=\"53:32-53:50\">status da bateria<\/strong> e <strong data-sourcepos=\"53:55-53:68\">adicionar estilo<\/strong>.<\/p>\n<p>&nbsp;<\/p>\n<h3 id=\"brxe-najhln\" class=\"brxe-heading\">Perguntas frequentes (FAQ)<\/h3>\n<div id=\"brxe-rajiac\" class=\"brxe-text\">\n<p><strong>P: Quais m\u00e9todos de pagamento voc\u00ea aceita?<\/strong><br \/>\nR: Aceitamos PayPal, Stripe, transfer\u00eancias banc\u00e1rias (com suporte SEPA), os principais cart\u00f5es de cr\u00e9dito (Visa, MasterCard, American Express) e pagamentos em criptomoedas.<\/p>\n<p><strong>P: Quanto tempo leva a prepara\u00e7\u00e3o do pedido?<\/strong><br \/>\nR: A prepara\u00e7\u00e3o do pedido leva de 1 a 3 dias \u00fateis.<\/p>\n<p><strong>P: Qual \u00e9 o tempo de envio?<\/strong><br \/>\nR: O tempo de envio \u00e9 de 7 a 14 dias \u00fateis, dependendo da sua localiza\u00e7\u00e3o.<\/p>\n<p><strong>P: Como posso rastrear meu pedido?<\/strong><br \/>\nR: Ap\u00f3s o envio, voc\u00ea receber\u00e1 um e-mail de confirma\u00e7\u00e3o com um n\u00famero de rastreamento para rastreamento em tempo real.<\/p>\n<p><strong>P: Qual \u00e9 a sua pol\u00edtica de devolu\u00e7\u00e3o?<\/strong><br \/>\nR: Oferecemos uma pol\u00edtica de devolu\u00e7\u00e3o de 30 dias para reembolsos ou trocas. .<\/p>\n<p><strong>P: Haver\u00e1 algum problema alfandeg\u00e1rio?<br \/>\n<\/strong>Lidamos com todos os procedimentos de desembara\u00e7o aduaneiro para garantir uma experi\u00eancia descomplicada para voc\u00ea. .<\/p>\n<p><strong>P: Quais m\u00e9todos de envio s\u00e3o usados?<\/strong><br \/>\nCooperamos com UPS\/DHL\/FEDEX\/DPD, etc. Escolheremos a op\u00e7\u00e3o de envio apropriada dependendo do pa\u00eds de entrega para garantir que voc\u00ea receba seus produtos o mais r\u00e1pido poss\u00edvel.<\/p>\n<p><a href=\"https:\/\/pgvape.com\/pt\/perguntas-frequentes\/\">Clique aqui para mais perguntas frequentes<\/a><\/p>\n<p>Prezados clientes, Se voc\u00ea tiver alguma d\u00favida sobre seu pedido ou a chegada de mercadorias, entre em contato com nosso atendimento ao cliente. Obrigado!<\/p>\n<h3 data-sourcepos=\"73:1-73:21\"><strong data-sourcepos=\"73:7-73:21\">Contate-nos<\/strong><\/h3>\n<div id=\"text-2419739398\" class=\"text\">\n<p><strong data-sourcepos=\"75:3-75:12\">E-mail<\/strong>:\u00a0<a href=\"mailto:support@pgvape.com\"><strong>support@pgvape.com<\/strong><\/a><\/p>\n<p><strong data-sourcepos=\"76:3-76:15\">WhatsApp<\/strong>:\u00a0<a href=\"https:\/\/wa.me\/+8618128481258\"><strong>+86 18128481258<\/strong><\/a><br \/>\n<strong>(Resposta em at\u00e9 24 horas em dias \u00fateis)<\/strong><\/p>\n<\/div>\n<h3><strong>Obrigado por escolher pgvape.com! .<\/strong><\/h3>\n<\/div>","protected":false},"excerpt":{"rendered":"<p><strong data-sourcepos=\"56:5-56:19\">Estrondo 36000<\/strong> combina <strong data-sourcepos=\"56:29-56:60\">capacidade incompar\u00e1vel de puff de 36K<\/strong>, <strong data-sourcepos=\"56:62-56:86\">tecnologia de tanque duplo<\/strong>, e <strong data-sourcepos=\"56:92-56:120\">12 sabores otimizados para DTL<\/strong> em um <strong data-sourcepos=\"56:126-56:153\">descart\u00e1vel recarreg\u00e1vel<\/strong> com <strong data-sourcepos=\"56:159-56:180\">LEDs atraentes<\/strong>.<\/p>","protected":false},"featured_media":5428,"comment_status":"open","ping_status":"closed","template":"","meta":{"_seopress_robots_primary_cat":"none","_seopress_titles_title":"%%post_title%% %%sep%% %%sitetitle%%","_seopress_titles_desc":"","_seopress_robots_index":""},"product_brand":[36,516],"product_cat":[398,25,515],"product_tag":[400,429,90,432,490,204],"class_list":{"0":"post-5424","1":"product","2":"type-product","3":"status-publish","4":"has-post-thumbnail","6":"product_brand-bang-vape","7":"product_brand-disposable-vape","8":"product_cat-36k-puffs-vape","9":"product_cat-bang-vape","10":"product_cat-disposable-vape","11":"product_tag-36k-puffs-vape","12":"product_tag-bang-36000","13":"product_tag-disposable-vape","14":"product_tag-led-color-light","15":"product_tag-minimum-2-pieces","16":"product_tag-vape-factory-direct","18":"first","19":"outofstock","20":"sale","21":"shipping-taxable","22":"purchasable","23":"product-type-variable"},"_links":{"self":[{"href":"https:\/\/pgvape.com\/pt\/wp-json\/wp\/v2\/product\/5424","targetHints":{"allow":["GET"]}}],"collection":[{"href":"https:\/\/pgvape.com\/pt\/wp-json\/wp\/v2\/product"}],"about":[{"href":"https:\/\/pgvape.com\/pt\/wp-json\/wp\/v2\/types\/product"}],"replies":[{"embeddable":true,"href":"https:\/\/pgvape.com\/pt\/wp-json\/wp\/v2\/comments?post=5424"}],"wp:featuredmedia":[{"embeddable":true,"href":"https:\/\/pgvape.com\/pt\/wp-json\/wp\/v2\/media\/5428"}],"wp:attachment":[{"href":"https:\/\/pgvape.com\/pt\/wp-json\/wp\/v2\/media?parent=5424"}],"wp:term":[{"taxonomy":"product_brand","embeddable":true,"href":"https:\/\/pgvape.com\/pt\/wp-json\/wp\/v2\/product_brand?post=5424"},{"taxonomy":"product_cat","embeddable":true,"href":"https:\/\/pgvape.com\/pt\/wp-json\/wp\/v2\/product_cat?post=5424"},{"taxonomy":"product_tag","embeddable":true,"href":"https:\/\/pgvape.com\/pt\/wp-json\/wp\/v2\/product_tag?post=5424"}],"curies":[{"name":"wp","href":"https:\/\/api.w.org\/{rel}","templated":true}]}}