{"id":5375,"date":"2025-11-03T09:09:42","date_gmt":"2025-11-03T09:09:42","guid":{"rendered":"https:\/\/pgvape.com\/?post_type=product&#038;p=5375"},"modified":"2026-03-15T13:09:58","modified_gmt":"2026-03-15T13:09:58","slug":"bang-36000-lce-nivel-36k-puffs-vape-descartavel-inteligente-tela-cheia-vape-direto-da-fabrica","status":"publish","type":"product","link":"https:\/\/pgvape.com\/pt\/produto\/bang-36000-lce-nivel-36k-puffs-vape-descartavel-inteligente-tela-cheia-vape-direto-da-fabrica\/","title":{"rendered":"Bang 36000 Lce N\u00edvel 36K Puffs Vape Descart\u00e1vel Smart Tela Cheia Vape Direto da F\u00e1brica"},"content":{"rendered":"<p><strong data-sourcepos=\"6:5-6:29\">N\u00edvel de gelo Bang 36000<\/strong> redefine a vaporiza\u00e7\u00e3o com <strong data-sourcepos=\"6:52-6:79\">36.000 baforadas ultralongas<\/strong> e <strong data-sourcepos=\"6:84-6:113\">tecnologia de gelo ajust\u00e1vel<\/strong>. <strong data-sourcepos=\"6:127-6:153\">Capacidade de e-l\u00edquido de 36ml<\/strong> e <strong data-sourcepos=\"6:158-6:189\">Bateria recarreg\u00e1vel de 850mAh<\/strong>, este dispositivo oferece <strong data-sourcepos=\"6:212-6:246\">intensidade de resfriamento personaliz\u00e1vel<\/strong> e <strong data-sourcepos=\"6:251-6:275\">perfis de sabor rico<\/strong>. <strong data-sourcepos=\"6:281-6:310\">display inteligente em tela cheia<\/strong> fornece monitoramento em tempo real, tornando-o perfeito para vapers que desejam <strong data-sourcepos=\"6:380-6:407\">controle e conveni\u00eancia<\/strong>.<\/p>\n<p>&nbsp;<\/p>\n<h2><span style=\"font-size: 90%;\">Bang 36000 Lce N\u00edvel | 36K Puffs Vape Descart\u00e1vel <strong data-sourcepos=\"10:5-10:31\">Especifica\u00e7\u00f5es<\/strong><\/span><\/h2>\n<p><strong data-sourcepos=\"18:3-18:17\">Contagem de sopros<\/strong>: 36.000 baforadas<\/p>\n<p><strong data-sourcepos=\"19:3-19:15\">E-l\u00edquido<\/strong>: 36ml pr\u00e9-cheio<\/p>\n<p><strong data-sourcepos=\"20:3-20:14\">Bateria<\/strong>: 850mAh (recarreg\u00e1vel)<\/p>\n<p><strong data-sourcepos=\"21:3-21:15\">Nicotina<\/strong>: 0%\/2%\/3%\/5%<\/p>\n<p><strong data-sourcepos=\"22:3-22:14\">Mostrar<\/strong>: Display inteligente em tela cheia<\/p>\n<p><strong data-sourcepos=\"23:3-23:16\">Embalagem<\/strong>: 10 dispositivos\/caixa<\/p>\n<p>&nbsp;<\/p>\n<h3><span style=\"font-size: 90%;\">Bang 36000 Lce N\u00edvel | 36K Puffs Vape Descart\u00e1vel <strong data-sourcepos=\"22:5-22:20\">Lista de sabores<\/strong><\/span><\/h3>\n<p>1. Melancia com morango<\/p>\n<p>2. Gelo de melancia<\/p>\n<p>3.Amor 66<\/p>\n<p>4. Coco Abacaxi<\/p>\n<p>5. Mirtilo Framboesa<\/p>\n<p>6. Melancia Morango<\/p>\n<p>7. Gelo de Morango<\/p>\n<p>8. Gelo de mirtilo<\/p>\n<p>9. Baga Tripla<\/p>\n<p>10. Morango Kiwi<\/p>\n<p>11. Manga Morango<\/p>\n<p>12.Red Bull<br \/>\n<img loading=\"lazy\" decoding=\"async\" class=\"alignnone wp-image-5359 size-full\" src=\"https:\/\/pgvape.com\/wp-content\/uploads\/2025\/11\/pgvape-Bang-36000-Lce-Level-36K-Puffs-Disposable-Vape-2.jpg\" alt=\"Conjunto de dispositivos vaporizadores descart\u00e1veis \u200b\u200bcoloridos da marca &#039;Bang&#039; dispostos em fileiras, cada um com um pequeno display digital, arte de personagem de desenho animado e r\u00f3tulos de sabores como Banana de Morango, Love66, Coco de Abacaxi, Framboesa de Mirtilo, Melancia de Morango, Gelo de Morango, Gelo de Mirtilo, Baga Tripla, Kiwi de Morango, Manga de Morango, Red Bull e Gelo de Melancia contra um fundo azul nublado.\" width=\"1500\" height=\"1232\" srcset=\"https:\/\/pgvape.com\/wp-content\/uploads\/2025\/11\/pgvape-Bang-36000-Lce-Level-36K-Puffs-Disposable-Vape-2.jpg 1500w, https:\/\/pgvape.com\/wp-content\/uploads\/2025\/11\/pgvape-Bang-36000-Lce-Level-36K-Puffs-Disposable-Vape-2-438x360.jpg 438w, https:\/\/pgvape.com\/wp-content\/uploads\/2025\/11\/pgvape-Bang-36000-Lce-Level-36K-Puffs-Disposable-Vape-2-595x489.jpg 595w, https:\/\/pgvape.com\/wp-content\/uploads\/2025\/11\/pgvape-Bang-36000-Lce-Level-36K-Puffs-Disposable-Vape-2-400x329.jpg 400w, https:\/\/pgvape.com\/wp-content\/uploads\/2025\/11\/pgvape-Bang-36000-Lce-Level-36K-Puffs-Disposable-Vape-2-768x631.jpg 768w, https:\/\/pgvape.com\/wp-content\/uploads\/2025\/11\/pgvape-Bang-36000-Lce-Level-36K-Puffs-Disposable-Vape-2-15x12.jpg 15w, https:\/\/pgvape.com\/wp-content\/uploads\/2025\/11\/pgvape-Bang-36000-Lce-Level-36K-Puffs-Disposable-Vape-2-600x493.jpg 600w, https:\/\/pgvape.com\/wp-content\/uploads\/2025\/11\/pgvape-Bang-36000-Lce-Level-36K-Puffs-Disposable-Vape-2-49x40.jpg 49w\" sizes=\"auto, (max-width: 1500px) 100vw, 1500px\" \/><\/p>\n<p>&nbsp;<\/p>\n<h3><span style=\"font-size: 90%;\">Bang 36000 Lce N\u00edvel | 36K Puffs Vape Descart\u00e1vel <strong>V\u00eddeo<\/strong>\uff1a<\/span><\/h3>\n<p>&nbsp;<\/p>\n<h2>Perguntas frequentes sobre Bang 36000 Lce Level | 36K Puffs Vape descart\u00e1vel<\/h2>\n<p data-sourcepos=\"39:1-40:96\">\u2753 <strong data-sourcepos=\"39:3-39:46\">Como funciona o n\u00edvel de gelo ajust\u00e1vel?<\/strong><br \/>\n\u2705 Escolha sua intensidade de resfriamento preferida em <strong data-sourcepos=\"40:48-40:67\">leve a extremo<\/strong> para satisfa\u00e7\u00e3o personalizada.<\/p>\n<p data-sourcepos=\"42:1-43:81\">\u2753 <strong data-sourcepos=\"42:3-42:43\">Quais op\u00e7\u00f5es de nicotina est\u00e3o dispon\u00edveis?<\/strong><br \/>\n\u2705 Selecione de <strong data-sourcepos=\"43:15-43:32\">0% (sem nic)<\/strong>, <strong data-sourcepos=\"43:34-43:47\">2% (20mg)<\/strong>, <strong data-sourcepos=\"43:49-43:62\">3% (30mg)<\/strong>, ou <strong data-sourcepos=\"43:67-43:80\">5% (50mg)<\/strong>.<\/p>\n<p data-sourcepos=\"45:1-46:64\">\u2753 <strong data-sourcepos=\"45:3-45:38\">Quanto tempo dura a bateria?<\/strong><br \/>\n\u2705 O <strong data-sourcepos=\"46:7-46:25\">Bateria de 850mAh<\/strong> fornece uso prolongado entre cobran\u00e7as.<\/p>\n<p data-sourcepos=\"48:1-49:86\">\u2753 <strong data-sourcepos=\"48:3-48:30\">A exibi\u00e7\u00e3o \u00e9 \u00fatil?<br \/>\n<\/strong> \u2705 O <strong data-sourcepos=\"49:7-49:30\">exibi\u00e7\u00e3o em tela cheia<\/strong> mostra claramente <strong data-sourcepos=\"49:45-49:61\">vida \u00fatil da bateria<\/strong> e <strong data-sourcepos=\"49:66-49:85\">n\u00edveis de e-l\u00edquido<\/strong>.<\/p>\n<p data-sourcepos=\"51:1-52:90\">\u2753 <strong data-sourcepos=\"51:3-51:38\">Quais sabores s\u00e3o mais populares?<br \/>\n<\/strong> \u2705 <strong data-sourcepos=\"52:3-52:28\">Melancia Morango<\/strong>, <strong data-sourcepos=\"52:30-52:48\">Gelo de melancia<\/strong>, e <strong data-sourcepos=\"52:54-52:66\">Touro Vermelho<\/strong> s\u00e3o os favoritos dos clientes.<\/p>\n<p>&nbsp;<\/p>\n<h3 id=\"brxe-najhln\" class=\"brxe-heading\">Perguntas frequentes (FAQ)<\/h3>\n<div id=\"brxe-rajiac\" class=\"brxe-text\">\n<p><strong>P: Quais m\u00e9todos de pagamento voc\u00ea aceita?<\/strong><br \/>\nR: Aceitamos PayPal, Stripe, transfer\u00eancias banc\u00e1rias (com suporte SEPA), os principais cart\u00f5es de cr\u00e9dito (Visa, MasterCard, American Express) e pagamentos em criptomoedas.<\/p>\n<p><strong>P: Quanto tempo leva a prepara\u00e7\u00e3o do pedido?<\/strong><br \/>\nR: A prepara\u00e7\u00e3o do pedido leva de 1 a 3 dias \u00fateis.<\/p>\n<p><strong>P: Qual \u00e9 o tempo de envio?<\/strong><br \/>\nR: O tempo de envio \u00e9 de 7 a 14 dias \u00fateis, dependendo da sua localiza\u00e7\u00e3o.<\/p>\n<p><strong>P: Como posso rastrear meu pedido?<\/strong><br \/>\nR: Ap\u00f3s o envio, voc\u00ea receber\u00e1 um e-mail de confirma\u00e7\u00e3o com um n\u00famero de rastreamento para rastreamento em tempo real.<\/p>\n<p><strong>P: Qual \u00e9 a sua pol\u00edtica de devolu\u00e7\u00e3o?<\/strong><br \/>\nR: Oferecemos uma pol\u00edtica de devolu\u00e7\u00e3o de 30 dias para reembolsos ou trocas. .<\/p>\n<p><strong>P: Haver\u00e1 algum problema alfandeg\u00e1rio?<br \/>\n<\/strong>Lidamos com todos os procedimentos de desembara\u00e7o aduaneiro para garantir uma experi\u00eancia descomplicada para voc\u00ea. .<\/p>\n<p><strong>P: Quais m\u00e9todos de envio s\u00e3o usados?<\/strong><br \/>\nCooperamos com UPS\/DHL\/FEDEX\/DPD, etc. Escolheremos a op\u00e7\u00e3o de envio apropriada dependendo do pa\u00eds de entrega para garantir que voc\u00ea receba seus produtos o mais r\u00e1pido poss\u00edvel.<\/p>\n<p><a href=\"https:\/\/pgvape.com\/pt\/perguntas-frequentes\/\">Clique aqui para mais perguntas frequentes<\/a><\/p>\n<p>Prezados clientes, Se voc\u00ea tiver alguma d\u00favida sobre seu pedido ou a chegada de mercadorias, entre em contato com nosso atendimento ao cliente. Obrigado!<\/p>\n<h3 data-sourcepos=\"73:1-73:21\"><strong data-sourcepos=\"73:7-73:21\">Contate-nos<\/strong><\/h3>\n<div id=\"text-2419739398\" class=\"text\">\n<p><strong data-sourcepos=\"75:3-75:12\">E-mail<\/strong>:\u00a0<a href=\"mailto:support@pgvape.com\"><strong>support@pgvape.com<\/strong><\/a><\/p>\n<p><strong data-sourcepos=\"76:3-76:15\">WhatsApp<\/strong>:\u00a0<a href=\"https:\/\/wa.me\/+8618128481258\"><strong>+86 18128481258<\/strong><\/a><br \/>\n<strong>(Resposta em at\u00e9 24 horas em dias \u00fateis)<\/strong><\/p>\n<\/div>\n<h3><strong>Obrigado por escolher pgvape.com! .<\/strong><\/h3>\n<\/div>","protected":false},"excerpt":{"rendered":"<p><strong data-sourcepos=\"55:5-55:29\">N\u00edvel de gelo Bang 36000<\/strong> ofertas <strong data-sourcepos=\"55:37-55:64\">personaliza\u00e7\u00e3o incompar\u00e1vel<\/strong> com <strong data-sourcepos=\"55:70-55:92\">resfriamento ajust\u00e1vel<\/strong>, <strong data-sourcepos=\"55:94-55:110\">36.000 baforadas<\/strong>, e <strong data-sourcepos=\"55:116-55:138\">11 sabores premium<\/strong> \u2013 perfeito para vapers que desejam <strong data-sourcepos=\"55:169-55:194\">controle e longevidade<\/strong>.<\/p>","protected":false},"featured_media":5360,"comment_status":"open","ping_status":"closed","template":"","meta":{"_seopress_robots_primary_cat":"none","_seopress_titles_title":"%%post_title%% %%sep%% %%sitetitle%%","_seopress_titles_desc":"","_seopress_robots_index":""},"product_brand":[36,516],"product_cat":[398,25,515],"product_tag":[400,429,90,430,264,204],"class_list":{"0":"post-5375","1":"product","2":"type-product","3":"status-publish","4":"has-post-thumbnail","6":"product_brand-bang-vape","7":"product_brand-disposable-vape","8":"product_cat-36k-puffs-vape","9":"product_cat-bang-vape","10":"product_cat-disposable-vape","11":"product_tag-36k-puffs-vape","12":"product_tag-bang-36000","13":"product_tag-disposable-vape","14":"product_tag-lce-level","15":"product_tag-smart-full-screen","16":"product_tag-vape-factory-direct","18":"first","19":"instock","20":"sale","21":"shipping-taxable","22":"purchasable","23":"product-type-variable"},"_links":{"self":[{"href":"https:\/\/pgvape.com\/pt\/wp-json\/wp\/v2\/product\/5375","targetHints":{"allow":["GET"]}}],"collection":[{"href":"https:\/\/pgvape.com\/pt\/wp-json\/wp\/v2\/product"}],"about":[{"href":"https:\/\/pgvape.com\/pt\/wp-json\/wp\/v2\/types\/product"}],"replies":[{"embeddable":true,"href":"https:\/\/pgvape.com\/pt\/wp-json\/wp\/v2\/comments?post=5375"}],"wp:featuredmedia":[{"embeddable":true,"href":"https:\/\/pgvape.com\/pt\/wp-json\/wp\/v2\/media\/5360"}],"wp:attachment":[{"href":"https:\/\/pgvape.com\/pt\/wp-json\/wp\/v2\/media?parent=5375"}],"wp:term":[{"taxonomy":"product_brand","embeddable":true,"href":"https:\/\/pgvape.com\/pt\/wp-json\/wp\/v2\/product_brand?post=5375"},{"taxonomy":"product_cat","embeddable":true,"href":"https:\/\/pgvape.com\/pt\/wp-json\/wp\/v2\/product_cat?post=5375"},{"taxonomy":"product_tag","embeddable":true,"href":"https:\/\/pgvape.com\/pt\/wp-json\/wp\/v2\/product_tag?post=5375"}],"curies":[{"name":"wp","href":"https:\/\/api.w.org\/{rel}","templated":true}]}}