{"id":5231,"date":"2025-11-02T09:49:42","date_gmt":"2025-11-02T09:49:42","guid":{"rendered":"https:\/\/pgvape.com\/?post_type=product&#038;p=5231"},"modified":"2025-12-15T12:06:23","modified_gmt":"2025-12-15T12:06:23","slug":"vozol-gear-power-20000-20k-puffs-descartaveis-vape-tela-cheia-display-inteligente-vape-direto-da-fabrica","status":"publish","type":"product","link":"https:\/\/pgvape.com\/pt\/produto\/vozol-gear-power-20000-20k-puffs-descartaveis-vape-tela-cheia-display-inteligente-vape-direto-da-fabrica\/","title":{"rendered":"Vozol Gear Power 20000 20K Puffs Vape descart\u00e1vel em tela cheia com display inteligente Vape direto da f\u00e1brica"},"content":{"rendered":"<p><strong data-sourcepos=\"4:5-4:29\">Vozol Gear Power 20K<\/strong> Entrega <strong data-sourcepos=\"4:39-4:66\">20.000 baforadas ultralongas<\/strong> Com <strong data-sourcepos=\"4:72-4:100\">20ML de E-L\u00edquido Pr\u00e9-Preenchido<\/strong> E um <strong data-sourcepos=\"4:107-4:138\">Bateria recarreg\u00e1vel 650MAH<\/strong>. <strong data-sourcepos=\"4:150-4:170\">Modos de pot\u00eancia dupla<\/strong>, <strong data-sourcepos=\"4:172-4:190\">Bobina de malha dupla<\/strong>, E <strong data-sourcepos=\"4:196-4:225\">Display inteligente em tela cheia<\/strong>, Este dispositivo oferece <strong data-sourcepos=\"4:246-4:275\">Sabor suave e consistente<\/strong> Para uma experi\u00eancia Vaping incompar\u00e1vel.<\/p>\n<p>&nbsp;<\/p>\n<h2><span style=\"font-size: 90%;\">Vozol Gear Power 20000 | 20K Puffs Vape Descart\u00e1vel <strong data-sourcepos=\"10:5-10:31\">Especifica\u00e7\u00f5es<\/strong><\/span><\/h2>\n<p><strong data-sourcepos=\"7:3-7:17\">Contagem de sopros<\/strong>:\u00a0<strong data-sourcepos=\"7:19-7:40\">20.000 (Modo Eco)<\/strong>\u00a0\/\u00a0<strong data-sourcepos=\"7:43-7:66\">12.000 (modo de energia)<\/strong><\/p>\n<p><strong data-sourcepos=\"8:3-8:15\">E-l\u00edquido<\/strong>:\u00a0<strong data-sourcepos=\"8:17-8:45\">Capacidade pr\u00e9-preenchida de 20ML<\/strong><\/p>\n<p><strong data-sourcepos=\"9:3-9:14\">Bateria<\/strong>:\u00a0<strong data-sourcepos=\"9:16-9:48\">650mAh recarreg\u00e1vel (Tipo C)<\/strong><\/p>\n<p><strong data-sourcepos=\"10:3-10:11\">Bobina<\/strong>:\u00a0<strong data-sourcepos=\"10:13-10:37\">Tecnologia de malha dupla<\/strong><\/p>\n<p><strong data-sourcepos=\"11:3-11:15\">Nicotina<\/strong>:\u00a0<strong data-sourcepos=\"11:17-11:30\">5% (50mg)<\/strong><\/p>\n<p><strong data-sourcepos=\"12:3-12:14\">Mostrar<\/strong>:\u00a0<strong data-sourcepos=\"12:16-12:45\">Display inteligente em tela cheia<\/strong><\/p>\n<p><strong data-sourcepos=\"13:3-13:17\">Tecnologia<\/strong>:\u00a0<strong data-sourcepos=\"13:19-13:76\">Tecnologia S.I.L.C (suave, id\u00eantica, duradoura, limpa)<\/strong><\/p>\n<p>&nbsp;<\/p>\n<h3><span style=\"font-size: 90%;\">Vozol Gear Power 20000 | 20K Puffs Vape Descart\u00e1vel <strong data-sourcepos=\"22:5-22:20\">Lista de sabores<\/strong><\/span><\/h3>\n<p><strong data-sourcepos=\"16:4-16:22\">1. Gelo de melancia<\/strong><\/p>\n<p><strong data-sourcepos=\"17:4-17:17\">2. Gelo de Uva<\/strong><\/p>\n<p><strong data-sourcepos=\"18:4-18:17\">3. Gelo de manga<\/strong><\/p>\n<p><strong data-sourcepos=\"19:4-19:24\">4. Gelo de ma\u00e7\u00e3 duplo<\/strong><\/p>\n<p><strong data-sourcepos=\"20:4-20:16\">5.Lavafire<\/strong><\/p>\n<p><strong data-sourcepos=\"21:4-21:28\">6. Melancia Framboesa<\/strong><\/p>\n<p><strong data-sourcepos=\"22:4-22:23\">7. Morango Kiwi<\/strong><\/p>\n<p><strong data-sourcepos=\"23:4-23:34\">8.Manga Abacaxi Toranja<\/strong><\/p>\n<p><strong data-sourcepos=\"24:4-24:19\">9. Mojito Azul<\/strong><\/p>\n<p><strong data-sourcepos=\"25:5-25:24\">10.Tempestade de mirtilos<\/strong><\/p>\n<p><strong data-sourcepos=\"26:5-26:22\">11.Gelo Razz Azul<\/strong><\/p>\n<p><strong data-sourcepos=\"27:5-27:25\">12. Manga Morango<\/strong><\/p>\n<p><strong data-sourcepos=\"28:5-28:19\">13. Lim\u00e3o e Lim\u00e3o<\/strong><\/p>\n<p><strong data-sourcepos=\"29:5-29:24\">14.Limonada de Cereja<\/strong><\/p>\n<p><strong data-sourcepos=\"30:5-30:22\">15. Bagas Mistas<\/strong><\/p>\n<p><strong data-sourcepos=\"31:5-31:30\">16. Melancia Morango<\/strong><\/p>\n<p><strong data-sourcepos=\"32:5-32:18\">17.Gelo de p\u00eassego<\/strong><\/p>\n<p><strong data-sourcepos=\"33:5-33:16\">18.Tabaco<\/strong><\/p>\n<p><strong data-sourcepos=\"34:5-34:19\">19. Hortel\u00e3 Lim\u00e3o<\/strong><\/p>\n<p><strong data-sourcepos=\"35:5-35:35\">20. Fruta do Drag\u00e3o Banana Cereja<br \/>\n<img loading=\"lazy\" decoding=\"async\" class=\"alignnone wp-image-5236 size-full\" src=\"https:\/\/pgvape.com\/wp-content\/uploads\/2025\/11\/pgvape-Vozol-Gear-Power-20000-Puffs-Disposable-Vape-3.jpg\" alt=\"P\u00f4ster colorido para Vozol &#039;Gear Power 20000 Puffs&#039; mostrando 20 dispositivos vape descart\u00e1veis \u200b\u200bdispostos em fileiras com \u00edcones de sabores (frutado, gelo, menta, tabaco), pequenas notas para modos ECO\/POWER, r\u00f3tulos de 650 mAh e 0\/20\/50 mg\/ml e logotipos de marcas.\" width=\"1500\" height=\"1608\" srcset=\"https:\/\/pgvape.com\/wp-content\/uploads\/2025\/11\/pgvape-Vozol-Gear-Power-20000-Puffs-Disposable-Vape-3.jpg 1500w, https:\/\/pgvape.com\/wp-content\/uploads\/2025\/11\/pgvape-Vozol-Gear-Power-20000-Puffs-Disposable-Vape-3-336x360.jpg 336w, https:\/\/pgvape.com\/wp-content\/uploads\/2025\/11\/pgvape-Vozol-Gear-Power-20000-Puffs-Disposable-Vape-3-595x638.jpg 595w, https:\/\/pgvape.com\/wp-content\/uploads\/2025\/11\/pgvape-Vozol-Gear-Power-20000-Puffs-Disposable-Vape-3-373x400.jpg 373w, https:\/\/pgvape.com\/wp-content\/uploads\/2025\/11\/pgvape-Vozol-Gear-Power-20000-Puffs-Disposable-Vape-3-768x823.jpg 768w, https:\/\/pgvape.com\/wp-content\/uploads\/2025\/11\/pgvape-Vozol-Gear-Power-20000-Puffs-Disposable-Vape-3-1433x1536.jpg 1433w, https:\/\/pgvape.com\/wp-content\/uploads\/2025\/11\/pgvape-Vozol-Gear-Power-20000-Puffs-Disposable-Vape-3-11x12.jpg 11w, https:\/\/pgvape.com\/wp-content\/uploads\/2025\/11\/pgvape-Vozol-Gear-Power-20000-Puffs-Disposable-Vape-3-600x643.jpg 600w, https:\/\/pgvape.com\/wp-content\/uploads\/2025\/11\/pgvape-Vozol-Gear-Power-20000-Puffs-Disposable-Vape-3-37x40.jpg 37w\" sizes=\"auto, (max-width: 1500px) 100vw, 1500px\" \/><br \/>\n<\/strong><\/p>\n<p>&nbsp;<\/p>\n<h3><span style=\"font-size: 90%;\">Vozol Gear Power 20000 | 20K Puffs Vape Descart\u00e1vel <strong>V\u00eddeo<\/strong>\uff1a<\/span><\/h3>\n<p>&nbsp;<\/p>\n<h2>Perguntas frequentes sobre Vozol Gear Power 20000 | 20K Puffs Vape descart\u00e1vel<\/h2>\n<p data-sourcepos=\"38:1-39:60\">\u2753 <strong data-sourcepos=\"38:3-38:38\">Quantas baforadas ele fornece?<\/strong><br \/>\n\u2705 <strong data-sourcepos=\"39:3-39:31\">20.000 baforadas no modo Eco<\/strong>, <strong data-sourcepos=\"39:33-39:57\">12.000 no modo de energia<\/strong>.<\/p>\n<p data-sourcepos=\"41:1-42:50\">\u2753 <strong data-sourcepos=\"41:3-41:35\">A bateria \u00e9 recarreg\u00e1vel?<\/strong><br \/>\n\u2705 Sim, <strong data-sourcepos=\"42:8-42:47\">Bateria 650MAH com carregamento tipo C<\/strong>.<\/p>\n<p data-sourcepos=\"44:1-45:79\">\u2753 <strong data-sourcepos=\"44:3-44:44\">O que torna a qualidade do vapor especial?<\/strong><br \/>\n\u2705 <strong data-sourcepos=\"45:3-45:22\">Bobinas de malha dupla<\/strong> Entregar <strong data-sourcepos=\"45:31-45:50\">50% mais sabor<\/strong> Do que os descart\u00e1veis \u200b\u200bpadr\u00e3o.<\/p>\n<p data-sourcepos=\"47:1-48:76\">\u2753 <strong data-sourcepos=\"47:3-47:32\">Posso rastrear o uso facilmente?<\/strong><br \/>\n\u2705 Sim, <strong data-sourcepos=\"48:8-48:37\">Display inteligente em tela cheia<\/strong> Programas <strong data-sourcepos=\"48:44-48:73\">N\u00edveis de bateria e l\u00edquido eletr\u00f4nico<\/strong>.<\/p>\n<p data-sourcepos=\"50:1-51:84\">\u2753 <strong data-sourcepos=\"50:3-50:38\">Quais sabores s\u00e3o mais populares?<br \/>\n<\/strong> \u2705 <strong data-sourcepos=\"51:3-51:21\">Gelo de melancia<\/strong>, <strong data-sourcepos=\"51:23-51:40\">Gelo Razz Azul<\/strong>, E <strong data-sourcepos=\"51:46-51:65\">Morango Kiwi<\/strong> S\u00e3o os mais vendidos.<\/p>\n<p>&nbsp;<\/p>\n<h3 id=\"brxe-najhln\" class=\"brxe-heading\">Perguntas frequentes (FAQ)<\/h3>\n<div id=\"brxe-rajiac\" class=\"brxe-text\">\n<p><strong>P: Quais m\u00e9todos de pagamento voc\u00ea aceita?<\/strong><br \/>\nR: Aceitamos PayPal, Stripe, transfer\u00eancias banc\u00e1rias (com suporte SEPA), os principais cart\u00f5es de cr\u00e9dito (Visa, MasterCard, American Express) e pagamentos em criptomoedas.<\/p>\n<p><strong>P: Quanto tempo leva a prepara\u00e7\u00e3o do pedido?<\/strong><br \/>\nR: A prepara\u00e7\u00e3o do pedido leva de 1 a 3 dias \u00fateis.<\/p>\n<p><strong>P: Qual \u00e9 o tempo de envio?<\/strong><br \/>\nR: O tempo de envio \u00e9 de 7 a 14 dias \u00fateis, dependendo da sua localiza\u00e7\u00e3o.<\/p>\n<p><strong>P: Como posso rastrear meu pedido?<\/strong><br \/>\nR: Ap\u00f3s o envio, voc\u00ea receber\u00e1 um e-mail de confirma\u00e7\u00e3o com um n\u00famero de rastreamento para rastreamento em tempo real.<\/p>\n<p><strong>P: Qual \u00e9 a sua pol\u00edtica de devolu\u00e7\u00e3o?<\/strong><br \/>\nR: Oferecemos uma pol\u00edtica de devolu\u00e7\u00e3o de 30 dias para reembolsos ou trocas. .<\/p>\n<p><strong>P: Haver\u00e1 algum problema alfandeg\u00e1rio?<br \/>\n<\/strong>Lidamos com todos os procedimentos de desembara\u00e7o aduaneiro para garantir uma experi\u00eancia descomplicada para voc\u00ea. .<\/p>\n<p><strong>P: Quais m\u00e9todos de envio s\u00e3o usados?<\/strong><br \/>\nCooperamos com UPS\/DHL\/FEDEX\/DPD, etc. Escolheremos a op\u00e7\u00e3o de envio apropriada dependendo do pa\u00eds de entrega para garantir que voc\u00ea receba seus produtos o mais r\u00e1pido poss\u00edvel.<\/p>\n<p><a href=\"https:\/\/pgvape.com\/pt\/perguntas-frequentes\/\">Clique aqui para mais perguntas frequentes<\/a><\/p>\n<p>Prezados clientes, Se voc\u00ea tiver alguma d\u00favida sobre seu pedido ou a chegada de mercadorias, entre em contato com nosso atendimento ao cliente. Obrigado!<\/p>\n<h3 data-sourcepos=\"73:1-73:21\"><strong data-sourcepos=\"73:7-73:21\">Contate-nos<\/strong><\/h3>\n<div id=\"text-2419739398\" class=\"text\">\n<p><strong data-sourcepos=\"75:3-75:12\">E-mail<\/strong>:\u00a0<a href=\"mailto:support@pgvape.com\"><strong>support@pgvape.com<\/strong><\/a><\/p>\n<p><strong data-sourcepos=\"76:3-76:15\">WhatsApp<\/strong>:\u00a0<a href=\"https:\/\/wa.me\/+8618128481258\"><strong>+86 18128481258<\/strong><\/a><br \/>\n<strong>(Resposta em at\u00e9 24 horas em dias \u00fateis)<\/strong><\/p>\n<\/div>\n<h3><strong>Obrigado por escolher pgvape.com! .<\/strong><\/h3>\n<\/div>","protected":false},"excerpt":{"rendered":"<p><strong data-sourcepos=\"4:5-4:29\">Vozol Gear Power 20K<\/strong> Combina <strong data-sourcepos=\"54:39-54:55\">20.000 baforadas<\/strong>, <strong data-sourcepos=\"54:57-54:77\">Modos de pot\u00eancia dupla<\/strong>, E <strong data-sourcepos=\"54:83-54:97\">20 sabores<\/strong> Em A <strong data-sourcepos=\"54:103-54:139\">Vape descart\u00e1vel de alto desempenho<\/strong> Com <strong data-sourcepos=\"54:145-54:177\">Display inteligente e tecnologia S.I.L.C<\/strong>.<\/p>","protected":false},"featured_media":5234,"comment_status":"open","ping_status":"closed","template":"","meta":{"_seopress_robots_primary_cat":"none","_seopress_titles_title":"%%post_title%% %%sep%% %%sitetitle%%","_seopress_titles_desc":"","_seopress_robots_index":""},"product_brand":[516,411],"product_cat":[84,515,410],"product_tag":[367,90,424,203,204,423],"class_list":{"0":"post-5231","1":"product","2":"type-product","3":"status-publish","4":"has-post-thumbnail","6":"product_brand-disposable-vape","7":"product_brand-vozol-vape","8":"product_cat-20k-puffs-vape","9":"product_cat-disposable-vape","10":"product_cat-vozol-vape","11":"product_tag-20k-puffs-vape","12":"product_tag-disposable-vape","13":"product_tag-full-screen-smart-display","14":"product_tag-shipment-from-eu","15":"product_tag-vape-factory-direct","16":"product_tag-vozol-gear-power-20000","17":"product_shipping_class-overseas-warehouse","19":"first","20":"outofstock","21":"sale","22":"shipping-taxable","23":"purchasable","24":"product-type-variable"},"_links":{"self":[{"href":"https:\/\/pgvape.com\/pt\/wp-json\/wp\/v2\/product\/5231","targetHints":{"allow":["GET"]}}],"collection":[{"href":"https:\/\/pgvape.com\/pt\/wp-json\/wp\/v2\/product"}],"about":[{"href":"https:\/\/pgvape.com\/pt\/wp-json\/wp\/v2\/types\/product"}],"replies":[{"embeddable":true,"href":"https:\/\/pgvape.com\/pt\/wp-json\/wp\/v2\/comments?post=5231"}],"wp:featuredmedia":[{"embeddable":true,"href":"https:\/\/pgvape.com\/pt\/wp-json\/wp\/v2\/media\/5234"}],"wp:attachment":[{"href":"https:\/\/pgvape.com\/pt\/wp-json\/wp\/v2\/media?parent=5231"}],"wp:term":[{"taxonomy":"product_brand","embeddable":true,"href":"https:\/\/pgvape.com\/pt\/wp-json\/wp\/v2\/product_brand?post=5231"},{"taxonomy":"product_cat","embeddable":true,"href":"https:\/\/pgvape.com\/pt\/wp-json\/wp\/v2\/product_cat?post=5231"},{"taxonomy":"product_tag","embeddable":true,"href":"https:\/\/pgvape.com\/pt\/wp-json\/wp\/v2\/product_tag?post=5231"}],"curies":[{"name":"wp","href":"https:\/\/api.w.org\/{rel}","templated":true}]}}