{"id":521,"date":"2025-07-16T11:57:14","date_gmt":"2025-07-16T11:57:14","guid":{"rendered":"https:\/\/pgvape.com\/?post_type=product&#038;p=521"},"modified":"2025-12-15T13:40:41","modified_gmt":"2025-12-15T13:40:41","slug":"bang-leader-80000-80k-puffs-3-em-1-sabores-triplos-vape-descartavel-com-vape-recarregavel-atacado-de-fabrica","status":"publish","type":"product","link":"https:\/\/pgvape.com\/pt\/produto\/bang-leader-80000-80k-puffs-3-em-1-sabores-triplos-vape-descartavel-com-vape-recarregavel-atacado-de-fabrica\/","title":{"rendered":"Bang Leader 80000 | 80K Puffs 3 em 1 Vape descart\u00e1vel de sabores triplos com recarreg\u00e1vel | Vape Factory Wholesale"},"content":{"rendered":"<p><strong>Bang Leader 80000 80K Puffs Vape Descart\u00e1vel<\/strong> \u00e9 a escolha definitiva para quem busca variedade, longevidade e desempenho de alto n\u00edvel. .<\/p>\n<p>&nbsp;<\/p>\n<h2><span style=\"font-size: 90%;\">Bang Leader 80000 | 80K Puffs 3 em 1 Vape descart\u00e1vel de sabores triplos Especifica\u00e7\u00f5es do produto:<\/span><\/h2>\n<p><strong>Capacidade de sopro:<\/strong>\u00a0At\u00e9 80.000 baforadas<\/p>\n<p><strong>Capacidade de e-l\u00edquido:<\/strong>\u00a078mL pr\u00e9-cheio (3 c\u00e1psulas de 26mL cada)<\/p>\n<p><strong>Tipo de bobina:<\/strong>\u00a0bobina de malha 1.0\u03a9<\/p>\n<p><strong>Capacidade da bateria:<\/strong>\u00a0Bateria recarreg\u00e1vel de 850mAh<\/p>\n<p><strong>Porta de carregamento:<\/strong>\u00a0Carregamento r\u00e1pido tipo C<\/p>\n<p><strong>Op\u00e7\u00f5es de nicotina:<\/strong>\u00a00%, 2%, 3%, 5%<\/p>\n<p><strong>Sistema de sabores:<\/strong>\u00a0Configura\u00e7\u00e3o de sabor triplo 3 em 1<\/p>\n<p><strong>Sabores dispon\u00edveis:<\/strong>\u00a012 combina\u00e7\u00f5es din\u00e2micas de sabores<\/p>\n<p><strong>Portabilidade:<\/strong>\u00a0Design compacto e ergon\u00f4mico para uso em tr\u00e2nsito<\/p>\n<p>&nbsp;<\/p>\n<h3><span style=\"font-size: 90%;\">Bang Leader 80000 | 80K Puffs 3 em 1 Lista de sabores de vapor descart\u00e1veis \u200b\u200bde sabores triplos:<\/span><\/h3>\n<p><strong>1. Gelo de melancia + morango e manga + banana<\/strong><\/p>\n<p><strong>2. Framboesa Mojito P\u00eassego Gelo + Morango E Melancia Kiwi Maracuj\u00e1 Goiaba<\/strong><\/p>\n<p><strong>3. Morango e melancia + gelo de uva + doce arco-\u00edris<\/strong><\/p>\n<p><strong>4.Cola Ice + Mirtilo Framboesa + P\u00eassego Manga Melancia<\/strong><\/p>\n<p><strong>5. Melancia Mirtilo + Manga Morango + Groselha Preta<\/strong><\/p>\n<p><strong>6. Gelo de Mirtilo + Gelo de Drag\u00e3o Negro + P\u00eassego Manga<\/strong><\/p>\n<p><strong>7. Gelo de mirtilo + morango e banana + frutas vermelhas mistas<\/strong><\/p>\n<p><strong>8. Red Bull + Mirtilo, Melancia, Ma\u00e7\u00e3, P\u00eara<\/strong><\/p>\n<p><strong>9Red Bull + Doce Bolha de Melancia + Sorvete de Morango<\/strong><\/p>\n<p><strong>10. Kiwi de Morango + Gelo de P\u00eassego + Coca-Cola de Cereja<\/strong><\/p>\n<p><strong>11. Paix\u00e3o Kiwi + Gelo de Lichia + Manga P\u00eassego Pinho<\/strong><\/p>\n<p><strong>12. Gelo de abacate + lim\u00e3o + melancia e framboesa<img loading=\"lazy\" decoding=\"async\" class=\"alignnone wp-image-531 size-full\" src=\"https:\/\/pgvape.com\/wp-content\/uploads\/2025\/07\/Bang-Leader-80000-80K-Puffs-3-in-1-Triple-Flavors-Disposable-Vape-With-Rechargeable-Vape-Factory-Wholesale-8.png\" alt=\"\" width=\"1900\" height=\"1900\" srcset=\"https:\/\/pgvape.com\/wp-content\/uploads\/2025\/07\/Bang-Leader-80000-80K-Puffs-3-in-1-Triple-Flavors-Disposable-Vape-With-Rechargeable-Vape-Factory-Wholesale-8.png 1900w, https:\/\/pgvape.com\/wp-content\/uploads\/2025\/07\/Bang-Leader-80000-80K-Puffs-3-in-1-Triple-Flavors-Disposable-Vape-With-Rechargeable-Vape-Factory-Wholesale-8-360x360.png 360w, https:\/\/pgvape.com\/wp-content\/uploads\/2025\/07\/Bang-Leader-80000-80K-Puffs-3-in-1-Triple-Flavors-Disposable-Vape-With-Rechargeable-Vape-Factory-Wholesale-8-595x595.png 595w, https:\/\/pgvape.com\/wp-content\/uploads\/2025\/07\/Bang-Leader-80000-80K-Puffs-3-in-1-Triple-Flavors-Disposable-Vape-With-Rechargeable-Vape-Factory-Wholesale-8-400x400.png 400w, https:\/\/pgvape.com\/wp-content\/uploads\/2025\/07\/Bang-Leader-80000-80K-Puffs-3-in-1-Triple-Flavors-Disposable-Vape-With-Rechargeable-Vape-Factory-Wholesale-8-768x768.png 768w, https:\/\/pgvape.com\/wp-content\/uploads\/2025\/07\/Bang-Leader-80000-80K-Puffs-3-in-1-Triple-Flavors-Disposable-Vape-With-Rechargeable-Vape-Factory-Wholesale-8-1536x1536.png 1536w, https:\/\/pgvape.com\/wp-content\/uploads\/2025\/07\/Bang-Leader-80000-80K-Puffs-3-in-1-Triple-Flavors-Disposable-Vape-With-Rechargeable-Vape-Factory-Wholesale-8-12x12.png 12w, https:\/\/pgvape.com\/wp-content\/uploads\/2025\/07\/Bang-Leader-80000-80K-Puffs-3-in-1-Triple-Flavors-Disposable-Vape-With-Rechargeable-Vape-Factory-Wholesale-8-300x300.png 300w, https:\/\/pgvape.com\/wp-content\/uploads\/2025\/07\/Bang-Leader-80000-80K-Puffs-3-in-1-Triple-Flavors-Disposable-Vape-With-Rechargeable-Vape-Factory-Wholesale-8-600x600.png 600w, https:\/\/pgvape.com\/wp-content\/uploads\/2025\/07\/Bang-Leader-80000-80K-Puffs-3-in-1-Triple-Flavors-Disposable-Vape-With-Rechargeable-Vape-Factory-Wholesale-8-100x100.png 100w, https:\/\/pgvape.com\/wp-content\/uploads\/2025\/07\/Bang-Leader-80000-80K-Puffs-3-in-1-Triple-Flavors-Disposable-Vape-With-Rechargeable-Vape-Factory-Wholesale-8-32x32.png 32w, https:\/\/pgvape.com\/wp-content\/uploads\/2025\/07\/Bang-Leader-80000-80K-Puffs-3-in-1-Triple-Flavors-Disposable-Vape-With-Rechargeable-Vape-Factory-Wholesale-8-40x40.png 40w\" sizes=\"auto, (max-width: 1900px) 100vw, 1900px\" \/><\/strong><\/p>\n<h3><span style=\"font-size: 90%;\">Bang Leader 80000 | 80K Puffs 3 em 1 Vape descart\u00e1vel de sabores triplos <\/span><strong>V\u00eddeo:<br \/>\n<iframe loading=\"lazy\" title=\"Bang Leader 80K Puffs 3 em 1 Sabores Vape Descart\u00e1vel Com Vape Recarreg\u00e1vel F\u00e1brica Atacado pgvape\" width=\"563\" height=\"1000\" src=\"https:\/\/www.youtube.com\/embed\/-_eUSKzsdRY?feature=oembed\" frameborder=\"0\" allow=\"accelerometer; autoplay; clipboard-write; encrypted-media; gyroscope; picture-in-picture; web-share\" referrerpolicy=\"strict-origin-when-cross-origin\" allowfullscreen><\/iframe><br \/>\n<\/strong><\/h3>\n<p>&nbsp;<\/p>\n<h2><span style=\"font-size: 90%;\">Perguntas frequentes sobre Bang Leader 80000 | 80K Puffs 3 em 1 Vape descart\u00e1vel de sabores triplos<\/span><\/h2>\n<p dir=\"auto\"><strong>Q1: Quantas baforadas o Bang Leader 80000 oferece?<\/strong><br \/>\nA1: At\u00e9 80.000 baforadas por dispositivo, garantindo uso duradouro.<\/p>\n<p dir=\"auto\"><strong>Q2: Qual \u00e9 a configura\u00e7\u00e3o de sabor 3 em 1?<\/strong><br \/>\nA2: O dispositivo cont\u00e9m tr\u00eas c\u00e1psulas distintas, cada uma contendo 26mL de e-l\u00edquido, oferecendo tr\u00eas sabores diferentes para desfrutar em um \u00fanico dispositivo.<\/p>\n<p dir=\"auto\"><strong>Q3: Que tipo de bobina \u00e9 usada no dispositivo?<\/strong><br \/>\nA3: Ele usa uma bobina de malha de 1,0\u03a9, proporcionando vapor suave e sabor rico a cada baforada.<\/p>\n<p dir=\"auto\"><strong>Q4: Quanto tempo dura a bateria?<\/strong><br \/>\nA4: A bateria recarreg\u00e1vel de 850mAh garante energia duradoura e o carregamento r\u00e1pido Tipo C minimiza o tempo de inatividade.<\/p>\n<p dir=\"auto\"><strong>Q5: Quais sabores est\u00e3o dispon\u00edveis?<\/strong><br \/>\nA5: Existem 12 combina\u00e7\u00f5es de sabores \u00fanicas e emocionantes dispon\u00edveis, incluindo op\u00e7\u00f5es como Melancia Ice + Morango e Manga + Banana.<\/p>\n<p dir=\"auto\"><strong>Q6: O dispositivo pode ser recarregado?<\/strong><br \/>\nA6: Sim, o dispositivo possui uma bateria recarreg\u00e1vel de 850mAh e possui carregamento r\u00e1pido Tipo-C.<\/p>\n<p dir=\"auto\"><strong>Q7: Quais dosagens de nicotina est\u00e3o dispon\u00edveis?<\/strong><br \/>\nA7: O Bang Leader 80000 est\u00e1 dispon\u00edvel nas dosagens de nicotina 0%, 2%, 3% e 5% para atender \u00e0 sua prefer\u00eancia.<\/p>\n<p>&nbsp;<\/p>\n<h3 id=\"brxe-najhln\" class=\"brxe-heading\">Perguntas frequentes (FAQ)<\/h3>\n<div id=\"brxe-rajiac\" class=\"brxe-text\">\n<p><strong>P: Quais m\u00e9todos de pagamento voc\u00ea aceita?<\/strong><br \/>\nR: Aceitamos PayPal, Stripe, transfer\u00eancias banc\u00e1rias (com suporte SEPA), os principais cart\u00f5es de cr\u00e9dito (Visa, MasterCard, American Express) e pagamentos em criptomoedas.<\/p>\n<p><strong>P: Quanto tempo leva a prepara\u00e7\u00e3o do pedido?<\/strong><br \/>\nR: A prepara\u00e7\u00e3o do pedido leva de 1 a 3 dias \u00fateis.<\/p>\n<p><strong>P: Qual \u00e9 o tempo de envio?<\/strong><br \/>\nR: O tempo de envio \u00e9 de 7 a 14 dias \u00fateis, dependendo da sua localiza\u00e7\u00e3o.<\/p>\n<p><strong>P: Como posso rastrear meu pedido?<\/strong><br \/>\nR: Ap\u00f3s o envio, voc\u00ea receber\u00e1 um e-mail de confirma\u00e7\u00e3o com um n\u00famero de rastreamento para rastreamento em tempo real.<\/p>\n<p><strong>P: Qual \u00e9 a sua pol\u00edtica de devolu\u00e7\u00e3o?<\/strong><br \/>\nR: Oferecemos uma pol\u00edtica de devolu\u00e7\u00e3o de 30 dias para reembolsos ou trocas. .<\/p>\n<p><strong>P: Haver\u00e1 algum problema alfandeg\u00e1rio?<br \/>\n<\/strong>Lidamos com todos os procedimentos de desembara\u00e7o aduaneiro para garantir uma experi\u00eancia descomplicada para voc\u00ea. .<\/p>\n<p><strong>P: Quais m\u00e9todos de envio s\u00e3o usados?<\/strong><br \/>\nCooperamos com UPS\/DHL\/FEDEX\/DPD, etc. Escolheremos a op\u00e7\u00e3o de envio apropriada dependendo do pa\u00eds de entrega para garantir que voc\u00ea receba seus produtos o mais r\u00e1pido poss\u00edvel.<\/p>\n<p><a href=\"https:\/\/pgvape.com\/pt\/perguntas-frequentes\/\"><span style=\"font-size: 100%;\">Clique aqui para mais perguntas frequentes<\/span><\/a><\/p>\n<p>Prezados clientes, Se voc\u00ea tiver alguma d\u00favida sobre seu pedido ou a chegada de mercadorias, entre em contato com nosso atendimento ao cliente. Obrigado!<\/p>\n<h3 data-sourcepos=\"73:1-73:21\"><span style=\"font-size: 90%;\"><strong data-sourcepos=\"73:7-73:21\">Contate-nos<\/strong><\/span><\/h3>\n<div id=\"text-2419739398\" class=\"text\">\n<p><strong data-sourcepos=\"75:3-75:12\">E-mail<\/strong>:\u00a0<a href=\"mailto:support@pgvape.com\"><strong>support@pgvape.com<\/strong><\/a><\/p>\n<p><strong data-sourcepos=\"76:3-76:15\">WhatsApp<\/strong>: <a href=\"https:\/\/wa.me\/+8618128481258\"><strong>+86 18128481258<\/strong><\/a><br \/>\n<strong>(Resposta em at\u00e9 24 horas em dias \u00fateis)<\/strong><\/p>\n<\/div>\n<h3><strong><span style=\"font-size: 80%;\">Obrigado por escolher pgvape.com! .<\/span><\/strong><\/h3>\n<\/div>","protected":false},"excerpt":{"rendered":"<p><strong>Bang Leader 80000 Vape Descart\u00e1vel<\/strong> entrega at\u00e9 <strong>80.000 baforadas<\/strong> e um <strong>Sabor triplo 3 em 1<\/strong> experi\u00eancia. <strong>78mL de e-l\u00edquido pr\u00e9-cheio<\/strong>, um <strong>bobina de malha 1.0\u03a9<\/strong>, <strong>850mAh recarreg\u00e1vel<\/strong> bateria, e <strong>Tipo-C<\/strong> carregamento r\u00e1pido, garante vapor suave e rico e uso prolongado.<strong>0%, 2%, 3%, 5%<\/strong>) para uma experi\u00eancia de vaporiza\u00e7\u00e3o personalizada.<\/p>","protected":false},"featured_media":524,"comment_status":"open","ping_status":"closed","template":"","meta":{"_seopress_robots_primary_cat":"none","_seopress_titles_title":"","_seopress_titles_desc":"","_seopress_robots_index":""},"product_brand":[54,516],"product_cat":[41,32,515],"product_tag":[56,44,45,55,490],"class_list":{"0":"post-521","1":"product","2":"type-product","3":"status-publish","4":"has-post-thumbnail","6":"product_brand-bang-leader-vape","7":"product_brand-disposable-vape","8":"product_cat-80k-puffs-vape","9":"product_cat-bang-leader-vape","10":"product_cat-disposable-vape","11":"product_tag-3-in-1-triple-flavors","12":"product_tag-80k-puffs","13":"product_tag-80k-vape","14":"product_tag-bang-leader-80000","15":"product_tag-minimum-2-pieces","17":"first","18":"instock","19":"sale","20":"shipping-taxable","21":"purchasable","22":"product-type-variable"},"_links":{"self":[{"href":"https:\/\/pgvape.com\/pt\/wp-json\/wp\/v2\/product\/521","targetHints":{"allow":["GET"]}}],"collection":[{"href":"https:\/\/pgvape.com\/pt\/wp-json\/wp\/v2\/product"}],"about":[{"href":"https:\/\/pgvape.com\/pt\/wp-json\/wp\/v2\/types\/product"}],"replies":[{"embeddable":true,"href":"https:\/\/pgvape.com\/pt\/wp-json\/wp\/v2\/comments?post=521"}],"wp:featuredmedia":[{"embeddable":true,"href":"https:\/\/pgvape.com\/pt\/wp-json\/wp\/v2\/media\/524"}],"wp:attachment":[{"href":"https:\/\/pgvape.com\/pt\/wp-json\/wp\/v2\/media?parent=521"}],"wp:term":[{"taxonomy":"product_brand","embeddable":true,"href":"https:\/\/pgvape.com\/pt\/wp-json\/wp\/v2\/product_brand?post=521"},{"taxonomy":"product_cat","embeddable":true,"href":"https:\/\/pgvape.com\/pt\/wp-json\/wp\/v2\/product_cat?post=521"},{"taxonomy":"product_tag","embeddable":true,"href":"https:\/\/pgvape.com\/pt\/wp-json\/wp\/v2\/product_tag?post=521"}],"curies":[{"name":"wp","href":"https:\/\/api.w.org\/{rel}","templated":true}]}}