{"id":5190,"date":"2025-11-02T08:14:02","date_gmt":"2025-11-02T08:14:02","guid":{"rendered":"https:\/\/pgvape.com\/?post_type=product&#038;p=5190"},"modified":"2026-03-26T06:39:46","modified_gmt":"2026-03-26T06:39:46","slug":"vozol-rave-40000-40k-puffs-descartaveis-vape-3d-curvo-screen270-beat-sensing-led-vape-direto-da-fabrica","status":"publish","type":"product","link":"https:\/\/pgvape.com\/pt\/produto\/vozol-rave-40000-40k-puffs-descartaveis-vape-3d-curvo-screen270-beat-sensing-led-vape-direto-da-fabrica\/","title":{"rendered":"Vozol Rave 40000 40K Puffs Vape Descart\u00e1vel Tela Curva 3D+270\u00b0 LED Vape com Sensor de Batida Direto da F\u00e1brica"},"content":{"rendered":"<p><strong data-sourcepos=\"4:5-4:45\">VOZOL RAVE 40K Puffs Vape Descart\u00e1vel<\/strong> redefine a conveni\u00eancia com um <strong data-sourcepos=\"4:76-4:109\">40.000 baforadas l\u00edderes do setor<\/strong> e <strong data-sourcepos=\"4:114-4:151\">Capacidade de e-l\u00edquido pr\u00e9-cheio de 20mL<\/strong>, alimentado por um <strong data-sourcepos=\"4:166-4:198\">Bateria recarreg\u00e1vel de 1000mAh<\/strong>. <strong data-sourcepos=\"4:210-4:231\">modos de disparo duplo<\/strong>, <strong data-sourcepos=\"4:233-4:255\">fluxo de ar ajust\u00e1vel<\/strong>, e <strong data-sourcepos=\"4:261-4:285\">tecnologia de bobina de malha<\/strong>, ele entrega <strong data-sourcepos=\"4:299-4:322\">sabor rico e suave<\/strong> sem compromisso. <strong data-sourcepos=\"4:356-4:385\">Visor com detec\u00e7\u00e3o de batida de 270\u00b0<\/strong> e <strong data-sourcepos=\"4:390-4:410\">Tela curva 3D<\/strong> fornecer um <strong data-sourcepos=\"4:421-4:471\">experi\u00eancia vaping totalmente imersiva e interativa<\/strong> \u2013 tornando-o a escolha perfeita para vapers que desejam <strong data-sourcepos=\"4:524-4:561\">longevidade, desempenho e estilo<\/strong>.<\/p>\n<p>&nbsp;<\/p>\n<h2><span style=\"font-size: 90%;\">Vozol Rave 40000 | 40K Puffs Vape Descart\u00e1vel <strong data-sourcepos=\"10:5-10:31\">Especifica\u00e7\u00f5es<\/strong><\/span><\/h2>\n<p><strong data-sourcepos=\"24:3-24:17\">Contagem de sopros<\/strong>: 40.000 (normal) \/ 25.000 (surto)<\/p>\n<p><strong data-sourcepos=\"25:3-25:14\">Bateria<\/strong>:\u00a0<strong data-sourcepos=\"25:16-25:27\">1000mAh<\/strong>\u00a0(Tipo C recarreg\u00e1vel)<\/p>\n<p><strong data-sourcepos=\"26:3-26:15\">E-l\u00edquido<\/strong>:\u00a0<strong data-sourcepos=\"26:17-26:36\">20mL pr\u00e9-preenchido<\/strong><\/p>\n<p><strong data-sourcepos=\"27:3-27:11\">Bobina<\/strong>:\u00a0<strong data-sourcepos=\"27:13-27:32\">Tecnologia de malha<\/strong>\u00a0(Sabor e vapor otimizados)<\/p>\n<p><strong data-sourcepos=\"28:3-28:15\">Nicotina<\/strong>:\u00a0<strong data-sourcepos=\"28:17-28:30\">5% (50mg)<\/strong>\u00a0(Suave, mas forte)<\/p>\n<p><strong data-sourcepos=\"29:3-29:14\">Mostrar<\/strong>:\u00a0<strong data-sourcepos=\"29:16-29:60\">Tela curva 3D + LED com detec\u00e7\u00e3o de batida de 270\u00b0<\/strong><\/p>\n<p><strong data-sourcepos=\"30:3-30:14\">Fluxo de ar<\/strong>:\u00a0<strong data-sourcepos=\"30:16-30:30\">Ajust\u00e1vel<\/strong>\u00a0(Sorteio personaliz\u00e1vel)<\/p>\n<p>&nbsp;<\/p>\n<h3><span style=\"font-size: 90%;\">Vozol Rave 40000 | 40K Puffs Vape Descart\u00e1vel <strong data-sourcepos=\"22:5-22:20\">Lista de sabores<\/strong><\/span><\/h3>\n<p><strong>1. Gelo Razz Azul<\/strong><\/p>\n<p><strong>2. Gelo de mirtilo<\/strong><\/p>\n<p><strong>3. Melancia com mirtilo<\/strong><\/p>\n<p><strong>4. Cereja Cola<\/strong><\/p>\n<p><strong>5. Cereja Morango<\/strong><\/p>\n<p><strong>6. Hortel\u00e3 Fresca<\/strong><\/p>\n<p><strong>7. Ma\u00e7\u00e3 Dupla<\/strong><\/p>\n<p><strong>8. Banana Fruta do Drag\u00e3o<\/strong><\/p>\n<p><strong>9. Gelo de Uva<\/strong><\/p>\n<p><strong>10. Kiwi Maracuj\u00e1<\/strong><\/p>\n<p><strong>11. Amor 777<\/strong><\/p>\n<p><strong>12. Gelo de manga<\/strong><\/p>\n<p><strong>13. Manga P\u00eassego<\/strong><\/p>\n<p><strong>14. Gelo de p\u00eassego<\/strong><\/p>\n<p><strong>15. Limonada de p\u00eassego e framboesa<\/strong><\/p>\n<p><strong>16. Gelo de Morango<\/strong><\/p>\n<p><strong>17. Kiwi Morango<\/strong><\/p>\n<p><strong>18. Manga Morango<\/strong><\/p>\n<p><strong>19. Melancia Morango<\/strong><\/p>\n<p><strong>20. P\u00eassego Morango<\/strong><\/p>\n<p><strong>21. Chiclete de melancia<\/strong><\/p>\n<p><strong>22. Gelo de melancia<\/strong><\/p>\n<p><strong>23. Rancheiro Razz de Melancia<\/strong><\/p>\n<p><strong data-sourcepos=\"54:5-54:22\"><img loading=\"lazy\" decoding=\"async\" class=\"alignnone wp-image-5201 size-full\" src=\"https:\/\/pgvape.com\/wp-content\/uploads\/2025\/11\/pgvape-Vozol-Rave-40000-Puffs-Disposable-Vape-9.jpg\" alt=\"Grade de vinte dispositivos vaporizadores descart\u00e1veis \u200b\u200bcoloridos VOZOL RAVE 40000-puff em um fundo roxo, cada um mostrado com um nome de sabor e ilustra\u00e7\u00f5es de frutas e gelo correspondentes (melancia, uva, manga, morango, mirtilo, p\u00eassego, kiwi, menta, ma\u00e7\u00e3, chiclete e misturas), al\u00e9m de pequenas classifica\u00e7\u00f5es em estilo estrela abaixo de cada dispositivo.\" width=\"1200\" height=\"1200\" srcset=\"https:\/\/pgvape.com\/wp-content\/uploads\/2025\/11\/pgvape-Vozol-Rave-40000-Puffs-Disposable-Vape-9.jpg 1200w, https:\/\/pgvape.com\/wp-content\/uploads\/2025\/11\/pgvape-Vozol-Rave-40000-Puffs-Disposable-Vape-9-360x360.jpg 360w, https:\/\/pgvape.com\/wp-content\/uploads\/2025\/11\/pgvape-Vozol-Rave-40000-Puffs-Disposable-Vape-9-595x595.jpg 595w, https:\/\/pgvape.com\/wp-content\/uploads\/2025\/11\/pgvape-Vozol-Rave-40000-Puffs-Disposable-Vape-9-400x400.jpg 400w, https:\/\/pgvape.com\/wp-content\/uploads\/2025\/11\/pgvape-Vozol-Rave-40000-Puffs-Disposable-Vape-9-768x768.jpg 768w, https:\/\/pgvape.com\/wp-content\/uploads\/2025\/11\/pgvape-Vozol-Rave-40000-Puffs-Disposable-Vape-9-12x12.jpg 12w, https:\/\/pgvape.com\/wp-content\/uploads\/2025\/11\/pgvape-Vozol-Rave-40000-Puffs-Disposable-Vape-9-300x300.jpg 300w, https:\/\/pgvape.com\/wp-content\/uploads\/2025\/11\/pgvape-Vozol-Rave-40000-Puffs-Disposable-Vape-9-600x600.jpg 600w, https:\/\/pgvape.com\/wp-content\/uploads\/2025\/11\/pgvape-Vozol-Rave-40000-Puffs-Disposable-Vape-9-100x100.jpg 100w, https:\/\/pgvape.com\/wp-content\/uploads\/2025\/11\/pgvape-Vozol-Rave-40000-Puffs-Disposable-Vape-9-40x40.jpg 40w\" sizes=\"auto, (max-width: 1200px) 100vw, 1200px\" \/><br \/>\n<\/strong><\/p>\n<p>&nbsp;<\/p>\n<h3><span style=\"font-size: 90%;\">Vozol Rave 40000 | 40K Puffs Vape Descart\u00e1vel <strong>V\u00eddeo<\/strong>\uff1a<\/span><\/h3>\n<p>&nbsp;<\/p>\n<h2>Perguntas frequentes sobre Vozol Rave 40000 | 40K Puffs Vape descart\u00e1vel<\/h2>\n<p data-sourcepos=\"59:1-60:80\">\u2753 <strong data-sourcepos=\"59:3-59:47\">O que faz o VOZOL RAVE 40K se destacar?<\/strong><br \/>\n\u2705 <strong data-sourcepos=\"60:3-60:78\">40.000 baforadas + 20mL de e-l\u00edquido = descart\u00e1vel de maior dura\u00e7\u00e3o no mercado<\/strong><\/p>\n<p data-sourcepos=\"62:1-63:102\">\u2753 <strong data-sourcepos=\"62:3-62:38\">Como funciona a tela de 270\u00b0?<\/strong><br \/>\n\u2705 O <strong data-sourcepos=\"63:7-63:69\">O LED Beat-Sensing reage em tempo real ao seu ritmo vaping<\/strong> \u2013 <strong data-sourcepos=\"63:72-63:100\">uma novidade em descart\u00e1veis!<\/strong><\/p>\n<p data-sourcepos=\"65:1-66:72\">\u2753 <strong data-sourcepos=\"65:3-65:32\">Posso ajustar o fluxo de ar?<\/strong><br \/>\n\u2705Sim! <strong data-sourcepos=\"66:8-66:48\">Alternar entre MTL compacto ou DTL arejado<\/strong> para o sorteio perfeito.<\/p>\n<p data-sourcepos=\"68:1-69:94\">\u2753 <strong data-sourcepos=\"68:3-68:58\">Qual \u00e9 a diferen\u00e7a entre o modo Regular e o modo Surge?<br \/>\n<\/strong> \u2705 <strong data-sourcepos=\"69:3-69:15\">Regular:<\/strong> Suave e duradouro (40 mil baforadas) | <strong data-sourcepos=\"69:51-69:61\">Surto:<\/strong> Vapor mais intenso (25K baforadas)<\/p>\n<p data-sourcepos=\"71:1-72:79\">\u2753 <strong data-sourcepos=\"71:3-71:44\">Quais sabores s\u00e3o os favoritos dos clientes?<br \/>\n<\/strong> \u2705 <strong data-sourcepos=\"72:3-72:56\">P\u00eassego Morango, Gelo Razz Azul e Gelo Melancia<\/strong> s\u00e3o <strong data-sourcepos=\"72:61-72:76\">mais vendidos<\/strong>!<\/p>\n<p>&nbsp;<\/p>\n<h3 id=\"brxe-najhln\" class=\"brxe-heading\">Perguntas frequentes (FAQ)<\/h3>\n<div id=\"brxe-rajiac\" class=\"brxe-text\">\n<p><strong>P: Quais m\u00e9todos de pagamento voc\u00ea aceita?<\/strong><br \/>\nR: Aceitamos PayPal, Stripe, transfer\u00eancias banc\u00e1rias (com suporte SEPA), os principais cart\u00f5es de cr\u00e9dito (Visa, MasterCard, American Express) e pagamentos em criptomoedas.<\/p>\n<p><strong>P: Quanto tempo leva a prepara\u00e7\u00e3o do pedido?<\/strong><br \/>\nR: A prepara\u00e7\u00e3o do pedido leva de 1 a 3 dias \u00fateis.<\/p>\n<p><strong>P: Qual \u00e9 o tempo de envio?<\/strong><br \/>\nR: O tempo de envio \u00e9 de 7 a 14 dias \u00fateis, dependendo da sua localiza\u00e7\u00e3o.<\/p>\n<p><strong>P: Como posso rastrear meu pedido?<\/strong><br \/>\nR: Ap\u00f3s o envio, voc\u00ea receber\u00e1 um e-mail de confirma\u00e7\u00e3o com um n\u00famero de rastreamento para rastreamento em tempo real.<\/p>\n<p><strong>P: Qual \u00e9 a sua pol\u00edtica de devolu\u00e7\u00e3o?<\/strong><br \/>\nR: Oferecemos uma pol\u00edtica de devolu\u00e7\u00e3o de 30 dias para reembolsos ou trocas. .<\/p>\n<p><strong>P: Haver\u00e1 algum problema alfandeg\u00e1rio?<br \/>\n<\/strong>Lidamos com todos os procedimentos de desembara\u00e7o aduaneiro para garantir uma experi\u00eancia descomplicada para voc\u00ea. .<\/p>\n<p><strong>P: Quais m\u00e9todos de envio s\u00e3o usados?<\/strong><br \/>\nCooperamos com UPS\/DHL\/FEDEX\/DPD, etc. Escolheremos a op\u00e7\u00e3o de envio apropriada dependendo do pa\u00eds de entrega para garantir que voc\u00ea receba seus produtos o mais r\u00e1pido poss\u00edvel.<\/p>\n<p><a href=\"https:\/\/pgvape.com\/pt\/perguntas-frequentes\/\">Clique aqui para mais perguntas frequentes<\/a><\/p>\n<p>Prezados clientes, Se voc\u00ea tiver alguma d\u00favida sobre seu pedido ou a chegada de mercadorias, entre em contato com nosso atendimento ao cliente. Obrigado!<\/p>\n<h3 data-sourcepos=\"73:1-73:21\"><strong data-sourcepos=\"73:7-73:21\">Contate-nos<\/strong><\/h3>\n<div id=\"text-2419739398\" class=\"text\">\n<p><strong data-sourcepos=\"75:3-75:12\">E-mail<\/strong>:\u00a0<a href=\"mailto:support@pgvape.com\"><strong>support@pgvape.com<\/strong><\/a><\/p>\n<p><strong data-sourcepos=\"76:3-76:15\">WhatsApp<\/strong>:\u00a0<a href=\"https:\/\/wa.me\/+8618128481258\"><strong>+86 18128481258<\/strong><\/a><br \/>\n<strong>(Resposta em at\u00e9 24 horas em dias \u00fateis)<\/strong><\/p>\n<\/div>\n<h3><strong>Obrigado por escolher pgvape.com! .<\/strong><\/h3>\n<\/div>","protected":false},"excerpt":{"rendered":"<p><strong data-sourcepos=\"56:5-56:23\">VOZOL RAVE 40K<\/strong> Combina <strong data-sourcepos=\"56:33-56:49\">40.000 baforadas<\/strong>, <strong data-sourcepos=\"56:51-56:74\">Exibi\u00e7\u00e3o interativa<\/strong>, E <strong data-sourcepos=\"56:80-56:94\">20 sabores<\/strong> Em A <strong data-sourcepos=\"56:100-56:136\">Vape descart\u00e1vel de alto desempenho<\/strong> Com <strong data-sourcepos=\"56:142-56:179\">Modos duplos e fluxo de ar ajust\u00e1vel<\/strong>. <strong data-sourcepos=\"56:5-56:23\">VOZOL RAVE 40K<\/strong> Combina <strong data-sourcepos=\"56:33-56:49\">40.000 baforadas<\/strong>, <strong data-sourcepos=\"56:51-56:74\">Exibi\u00e7\u00e3o interativa<\/strong>, E <strong data-sourcepos=\"56:80-56:94\">20 sabores<\/strong> Em A <strong data-sourcepos=\"56:100-56:136\">Vape descart\u00e1vel de alto desempenho<\/strong> Com <strong data-sourcepos=\"56:142-56:179\">Modos duplos e fluxo de ar ajust\u00e1vel<\/strong>.<\/p>","protected":false},"featured_media":5199,"comment_status":"open","ping_status":"closed","template":"","meta":{"_seopress_robots_primary_cat":"none","_seopress_titles_title":"%%post_title%% %%sep%% %%sitetitle%%","_seopress_titles_desc":"","_seopress_robots_index":""},"product_brand":[516,411],"product_cat":[103,515,410],"product_tag":[422,421,413,135,90,203,204,420],"class_list":{"0":"post-5190","1":"product","2":"type-product","3":"status-publish","4":"has-post-thumbnail","6":"product_brand-disposable-vape","7":"product_brand-vozol-vape","8":"product_cat-40k-puffs-vape","9":"product_cat-disposable-vape","10":"product_cat-vozol-vape","11":"product_tag-270-beat-sensing-led","12":"product_tag-3d-curved-screen","13":"product_tag-40k-puffs-vape","14":"product_tag-adjustable-airflow","15":"product_tag-disposable-vape","16":"product_tag-shipment-from-eu","17":"product_tag-vape-factory-direct","18":"product_tag-vozol-rave-40000","20":"first","21":"instock","22":"sale","23":"shipping-taxable","24":"purchasable","25":"product-type-variable"},"_links":{"self":[{"href":"https:\/\/pgvape.com\/pt\/wp-json\/wp\/v2\/product\/5190","targetHints":{"allow":["GET"]}}],"collection":[{"href":"https:\/\/pgvape.com\/pt\/wp-json\/wp\/v2\/product"}],"about":[{"href":"https:\/\/pgvape.com\/pt\/wp-json\/wp\/v2\/types\/product"}],"replies":[{"embeddable":true,"href":"https:\/\/pgvape.com\/pt\/wp-json\/wp\/v2\/comments?post=5190"}],"wp:featuredmedia":[{"embeddable":true,"href":"https:\/\/pgvape.com\/pt\/wp-json\/wp\/v2\/media\/5199"}],"wp:attachment":[{"href":"https:\/\/pgvape.com\/pt\/wp-json\/wp\/v2\/media?parent=5190"}],"wp:term":[{"taxonomy":"product_brand","embeddable":true,"href":"https:\/\/pgvape.com\/pt\/wp-json\/wp\/v2\/product_brand?post=5190"},{"taxonomy":"product_cat","embeddable":true,"href":"https:\/\/pgvape.com\/pt\/wp-json\/wp\/v2\/product_cat?post=5190"},{"taxonomy":"product_tag","embeddable":true,"href":"https:\/\/pgvape.com\/pt\/wp-json\/wp\/v2\/product_tag?post=5190"}],"curies":[{"name":"wp","href":"https:\/\/api.w.org\/{rel}","templated":true}]}}