{"id":483,"date":"2025-07-16T09:48:06","date_gmt":"2025-07-16T09:48:06","guid":{"rendered":"https:\/\/pgvape.com\/?post_type=product&#038;p=483"},"modified":"2025-12-15T13:41:12","modified_gmt":"2025-12-15T13:41:12","slug":"bang-blaze-60000-60k-puffs-4-em-1-sabores-vape-descartavel-com-tela-digital-vape-fabrica-atacado","status":"publish","type":"product","link":"https:\/\/pgvape.com\/pt\/produto\/bang-blaze-60000-60k-puffs-4-em-1-sabores-vape-descartavel-com-tela-digital-vape-fabrica-atacado\/","title":{"rendered":"Bang Blaze 60000 | 60k Puffs 4 em 1 sabores Vape descart\u00e1vel com tela digital | Vape Factory Wholesale"},"content":{"rendered":"<p><strong>Bang Blaze 60000 Vape Descart\u00e1vel<\/strong> A caneta redefine a versatilidade com seu <strong>Sabor 4 em 1<\/strong> modo, permitindo que voc\u00ea alterne facilmente entre quatro sabores exclusivos. <strong>60mL de e-l\u00edquido pr\u00e9-preenchido<\/strong> capacidade, entrega at\u00e9 <strong>60.000 baforadas<\/strong> para divers\u00e3o prolongada sem recargas frequentes. <strong>bobina de malha 1.0\u03a9<\/strong> fornece vapor suave e rico e sabor preciso.<strong>0%, 2%, 3%, 5%<\/strong>) atendem tanto a vapers iniciantes quanto a experientes. <strong>650mAh recarreg\u00e1vel<\/strong> bateria com r\u00e1pido <strong>Tipo-C<\/strong> carregando e apresentando uma tela digital inteligente para monitoramento de bateria e l\u00edquido em tempo real, este dispositivo elegante oferece uma experi\u00eancia de vaping premium personaliz\u00e1vel com 12 combina\u00e7\u00f5es de sabores emocionantes.<\/p>\n<p>&nbsp;<\/p>\n<h2><span style=\"font-size: 90%;\">Bang Blaze 60000 | 60k Puffs 4 em 1 sabores Vape descart\u00e1veis \u200b\u200bEspecifica\u00e7\u00f5es do produto:<\/span><\/h2>\n<p><strong>Capacidade de sopro:<\/strong>\u00a0At\u00e9 60.000 baforadas<\/p>\n<p><strong>Capacidade de e-l\u00edquido:<\/strong>\u00a0Tanque pr\u00e9-cheio de 60mL<\/p>\n<p><strong>Tipo de bobina:<\/strong>\u00a0bobina de malha 1.0\u03a9<\/p>\n<p><strong>Bateria:<\/strong>\u00a0Bateria recarreg\u00e1vel de 650mAh<\/p>\n<p><strong>Porta de carregamento:<\/strong>\u00a0Carregamento r\u00e1pido tipo C<\/p>\n<p><strong>Pontos fortes da nicotina:<\/strong>\u00a00%, 2%, 3%, 5%<\/p>\n<p><strong>Mostrar:<\/strong>\u00a0Tela digital inteligente para n\u00edvel de bateria e e-l\u00edquido<\/p>\n<p><strong>Sistema de sabores:<\/strong>\u00a0Modo de sabor 4 em 1 (alternar entre quatro sabores)<\/p>\n<p><strong>Dimens\u00f5es:<\/strong>\u00a0Design compacto e port\u00e1til<\/p>\n<p><strong>Op\u00e7\u00f5es de sabores:<\/strong>\u00a012 combina\u00e7\u00f5es de sabores premium<\/p>\n<p>&nbsp;<\/p>\n<h3><span style=\"font-size: 90%;\">Bang Blaze 60000 | 60k Puffs 4 em 1 sabores Vape descart\u00e1veis \u200b\u200bLista de sabores:<\/span><\/h3>\n<p>1. Gelo de melancia e menta de mirtilo e Fuji Ice e romance de lim\u00e3o<\/p>\n<p>2. Gelo de melancia e cereja de mirtilo e hor\u00e1rio de ver\u00e3o e abacaxi de manga azeda<\/p>\n<p>3. Gelo de mirtilo e gelo de p\u00eassego e doce de arco-\u00edris e laranja azeda de lim\u00e3o<\/p>\n<p>4. Gelo de mirtilo e p\u00eassego, manga, melancia e beijo de paix\u00e3o e ma\u00e7\u00e3 mel\u00e3o<\/p>\n<p>5. Mirtilo, Framboesa e Frutas Mistas e Cereja da Calif\u00f3rnia e Manga de Maracuj\u00e1<\/p>\n<p>6. Mirtilo, Framboesa, Gelo de Uva, Gelo de Baga e Mel\u00e3o de Manga e Aloe<\/p>\n<p>7. Bebida energ\u00e9tica e morango, banana e manga, p\u00eassego, damasco e maracuj\u00e1, kiwi, lim\u00e3o<\/p>\n<p>8. Bebida energ\u00e9tica e mirtilo, melancia, ma\u00e7\u00e3 azeda, framboesa e ursinho de goma<\/p>\n<p>9. Chiclete de morango, manga e melancia e mojito vermelho e amor 66<\/p>\n<p>10. Morango, manga, morango, kiwi, ma\u00e7\u00e3, uva e melancia, drag\u00e3o<\/p>\n<p>11. Melancia Morango e Gelo Preto e Treze Mel\u00e3o e Uva Cranberry<\/p>\n<p>12. Morango, melancia e kiwi, maracuj\u00e1, goiaba e manga, gelo e melancia, p\u00eassego azedo<\/p>\n<p><img loading=\"lazy\" decoding=\"async\" class=\"alignnone wp-image-502 size-full\" src=\"https:\/\/pgvape.com\/wp-content\/uploads\/2025\/07\/Bang-Blaze-60000-60k-Puffs-4-in-1-Flavors-Disposable-Vape-With-Digital-Screen-Vape-Factory-Wholesale-14.png\" alt=\"\" width=\"2000\" height=\"1000\" srcset=\"https:\/\/pgvape.com\/wp-content\/uploads\/2025\/07\/Bang-Blaze-60000-60k-Puffs-4-in-1-Flavors-Disposable-Vape-With-Digital-Screen-Vape-Factory-Wholesale-14.png 2000w, https:\/\/pgvape.com\/wp-content\/uploads\/2025\/07\/Bang-Blaze-60000-60k-Puffs-4-in-1-Flavors-Disposable-Vape-With-Digital-Screen-Vape-Factory-Wholesale-14-555x278.png 555w, https:\/\/pgvape.com\/wp-content\/uploads\/2025\/07\/Bang-Blaze-60000-60k-Puffs-4-in-1-Flavors-Disposable-Vape-With-Digital-Screen-Vape-Factory-Wholesale-14-595x298.png 595w, https:\/\/pgvape.com\/wp-content\/uploads\/2025\/07\/Bang-Blaze-60000-60k-Puffs-4-in-1-Flavors-Disposable-Vape-With-Digital-Screen-Vape-Factory-Wholesale-14-400x200.png 400w, https:\/\/pgvape.com\/wp-content\/uploads\/2025\/07\/Bang-Blaze-60000-60k-Puffs-4-in-1-Flavors-Disposable-Vape-With-Digital-Screen-Vape-Factory-Wholesale-14-768x384.png 768w, https:\/\/pgvape.com\/wp-content\/uploads\/2025\/07\/Bang-Blaze-60000-60k-Puffs-4-in-1-Flavors-Disposable-Vape-With-Digital-Screen-Vape-Factory-Wholesale-14-1536x768.png 1536w, https:\/\/pgvape.com\/wp-content\/uploads\/2025\/07\/Bang-Blaze-60000-60k-Puffs-4-in-1-Flavors-Disposable-Vape-With-Digital-Screen-Vape-Factory-Wholesale-14-18x9.png 18w, https:\/\/pgvape.com\/wp-content\/uploads\/2025\/07\/Bang-Blaze-60000-60k-Puffs-4-in-1-Flavors-Disposable-Vape-With-Digital-Screen-Vape-Factory-Wholesale-14-600x300.png 600w, https:\/\/pgvape.com\/wp-content\/uploads\/2025\/07\/Bang-Blaze-60000-60k-Puffs-4-in-1-Flavors-Disposable-Vape-With-Digital-Screen-Vape-Factory-Wholesale-14-60x30.png 60w\" sizes=\"auto, (max-width: 2000px) 100vw, 2000px\" \/><\/p>\n<p>&nbsp;<\/p>\n<h3><span style=\"font-size: 90%;\">Bang Blaze 60000 | 60k Puffs 4 em 1 Sabores Vape Descart\u00e1vel <strong>V\u00eddeo:<br \/>\n<iframe loading=\"lazy\" title=\"Bang Blaze 60k Puffs 4 em 1 Sabores Vape descart\u00e1veis \u200b\u200bcom tela digital Vape Factory Direct pgvape\" width=\"1020\" height=\"574\" src=\"https:\/\/www.youtube.com\/embed\/BCQx90cI-OI?feature=oembed\" frameborder=\"0\" allow=\"accelerometer; autoplay; clipboard-write; encrypted-media; gyroscope; picture-in-picture; web-share\" referrerpolicy=\"strict-origin-when-cross-origin\" allowfullscreen><\/iframe><br \/>\n<\/strong><\/span><\/h3>\n<p>&nbsp;<\/p>\n<h2><span style=\"font-size: 90%;\">Perguntas frequentes sobre\u00a0 Bang Blaze 60000 | 60k Puffs 4 em 1 sabores Vape descart\u00e1vel<\/span><\/h2>\n<p dir=\"auto\"><strong>Q1: Quantas baforadas posso obter com o Bang Blaze 60000?<\/strong><br \/>\nA1: At\u00e9 60.000 baforadas por dispositivo.<\/p>\n<p dir=\"auto\"><strong>Q2: Qual \u00e9 o modo de sabor 4 em 1?<\/strong><br \/>\nA2: Permite alternar entre quatro sabores integrados distintos para uma experi\u00eancia de vaporiza\u00e7\u00e3o variada.<\/p>\n<p dir=\"auto\"><strong>Q3: Quais dosagens de nicotina est\u00e3o dispon\u00edveis?<\/strong><br \/>\nA3: O dispositivo vem nas op\u00e7\u00f5es de nicotina 0%, 2%, 3% e 5%.<\/p>\n<p dir=\"auto\"><strong>Q4: Qual bobina o dispositivo usa?<\/strong><br \/>\nA4: Uma bobina de malha de 1,0\u03a9 que produz vapor suave e sabor rico.<\/p>\n<p dir=\"auto\"><strong>Q5: Qual \u00e9 o tamanho da capacidade do e-l\u00edquido?<\/strong><br \/>\nA5: O tanque pr\u00e9-cheio cont\u00e9m 60mL de e-l\u00edquido, reduzindo a frequ\u00eancia de recarga.<\/p>\n<p dir=\"auto\"><strong>Q6: A bateria \u00e9 recarreg\u00e1vel?<\/strong><br \/>\nA6: Sim, possui uma bateria recarreg\u00e1vel de 650mAh com carregamento r\u00e1pido tipo C.<\/p>\n<p dir=\"auto\"><strong>Q7: Como posso monitorar os n\u00edveis da bateria e do e-l\u00edquido?<\/strong><br \/>\nA7: A tela digital inteligente exibe os n\u00edveis de bateria e l\u00edquido em tempo real.<\/p>\n<p dir=\"auto\"><strong>Q8: O dispositivo \u00e9 port\u00e1til?<\/strong><br \/>\nA8: Sim, possui um design compacto e ergon\u00f4mico, ideal para vaporiza\u00e7\u00e3o em movimento.<\/p>\n<p>&nbsp;<\/p>\n<h3 id=\"brxe-najhln\" class=\"brxe-heading\">Perguntas frequentes (FAQ)<\/h3>\n<div id=\"brxe-rajiac\" class=\"brxe-text\">\n<p><strong>P: Quais m\u00e9todos de pagamento voc\u00ea aceita?<\/strong><br \/>\nR: Aceitamos PayPal, Stripe, transfer\u00eancias banc\u00e1rias (com suporte SEPA), os principais cart\u00f5es de cr\u00e9dito (Visa, MasterCard, American Express) e pagamentos em criptomoedas.<\/p>\n<p><strong>P: Quanto tempo leva a prepara\u00e7\u00e3o do pedido?<\/strong><br \/>\nR: A prepara\u00e7\u00e3o do pedido leva de 1 a 3 dias \u00fateis.<\/p>\n<p><strong>P: Qual \u00e9 o tempo de envio?<\/strong><br \/>\nR: O tempo de envio \u00e9 de 7 a 14 dias \u00fateis, dependendo da sua localiza\u00e7\u00e3o.<\/p>\n<p><strong>P: Como posso rastrear meu pedido?<\/strong><br \/>\nR: Ap\u00f3s o envio, voc\u00ea receber\u00e1 um e-mail de confirma\u00e7\u00e3o com um n\u00famero de rastreamento para rastreamento em tempo real.<\/p>\n<p><strong>P: Qual \u00e9 a sua pol\u00edtica de devolu\u00e7\u00e3o?<\/strong><br \/>\nR: Oferecemos uma pol\u00edtica de devolu\u00e7\u00e3o de 30 dias para reembolsos ou trocas. .<\/p>\n<p><strong>P: Haver\u00e1 algum problema alfandeg\u00e1rio?<br \/>\n<\/strong>Lidamos com todos os procedimentos de desembara\u00e7o aduaneiro para garantir uma experi\u00eancia descomplicada para voc\u00ea. .<\/p>\n<p><strong>P: Quais m\u00e9todos de envio s\u00e3o usados?<\/strong><br \/>\nCooperamos com UPS\/DHL\/FEDEX\/DPD, etc. Escolheremos a op\u00e7\u00e3o de envio apropriada dependendo do pa\u00eds de entrega para garantir que voc\u00ea receba seus produtos o mais r\u00e1pido poss\u00edvel.<\/p>\n<p><a href=\"https:\/\/pgvape.com\/pt\/perguntas-frequentes\/\"><span style=\"font-size: 100%;\">Clique aqui para mais perguntas frequentes<\/span><\/a><\/p>\n<p>Prezados clientes, Se voc\u00ea tiver alguma d\u00favida sobre seu pedido ou a chegada de mercadorias, entre em contato com nosso atendimento ao cliente. Obrigado!<\/p>\n<h3 data-sourcepos=\"73:1-73:21\"><span style=\"font-size: 90%;\"><strong data-sourcepos=\"73:7-73:21\">Contate-nos<\/strong><\/span><\/h3>\n<div id=\"text-2419739398\" class=\"text\">\n<p><strong data-sourcepos=\"75:3-75:12\">E-mail<\/strong>:\u00a0<a href=\"mailto:support@pgvape.com\"><strong>support@pgvape.com<\/strong><\/a><\/p>\n<p><strong data-sourcepos=\"76:3-76:15\">WhatsApp<\/strong>: <a href=\"https:\/\/wa.me\/+8618128481258\"><strong>+86 18128481258<\/strong><\/a><br \/>\n<strong>(Resposta em at\u00e9 24 horas em dias \u00fateis)<\/strong><\/p>\n<\/div>\n<h3><strong><span style=\"font-size: 80%;\">Obrigado por escolher pgvape.com! .<\/span><\/strong><\/h3>\n<\/div>","protected":false},"excerpt":{"rendered":"<p><strong>Bang Blaze 60000 Vape Descart\u00e1vel<\/strong> A caneta oferece at\u00e9 <strong>60.000 baforadas<\/strong> e <strong>Sabor 4 em 1<\/strong> versatilidade com um <strong>60mL<\/strong> tanque pr\u00e9-cheio e um <strong>bobina de malha 1.0\u03a9<\/strong>. <strong>650mAh recarreg\u00e1vel<\/strong> bateria, <strong>Tipo-C<\/strong> carregamento e uma tela digital inteligente, oferece uma experi\u00eancia vaping suave e personaliz\u00e1vel com 12 combina\u00e7\u00f5es de sabores premium e op\u00e7\u00f5es de nicotina de 0% a 5%.<\/p>","protected":false},"featured_media":488,"comment_status":"open","ping_status":"closed","template":"","meta":{"_seopress_robots_primary_cat":"none","_seopress_titles_title":"","_seopress_titles_desc":"","_seopress_robots_index":""},"product_brand":[49,516],"product_cat":[48,33,515],"product_tag":[53,51,52,50],"class_list":{"0":"post-483","1":"product","2":"type-product","3":"status-publish","4":"has-post-thumbnail","6":"product_brand-bang-blaze-vape","7":"product_brand-disposable-vape","8":"product_cat-60k-puffs-vape","9":"product_cat-bang-blaze-vape","10":"product_cat-disposable-vape","11":"product_tag-4-in-1-flavors","12":"product_tag-60k-puffs","13":"product_tag-60k-vape","14":"product_tag-bang-blaze-60000","16":"first","17":"instock","18":"sale","19":"shipping-taxable","20":"purchasable","21":"product-type-variable"},"_links":{"self":[{"href":"https:\/\/pgvape.com\/pt\/wp-json\/wp\/v2\/product\/483","targetHints":{"allow":["GET"]}}],"collection":[{"href":"https:\/\/pgvape.com\/pt\/wp-json\/wp\/v2\/product"}],"about":[{"href":"https:\/\/pgvape.com\/pt\/wp-json\/wp\/v2\/types\/product"}],"replies":[{"embeddable":true,"href":"https:\/\/pgvape.com\/pt\/wp-json\/wp\/v2\/comments?post=483"}],"wp:featuredmedia":[{"embeddable":true,"href":"https:\/\/pgvape.com\/pt\/wp-json\/wp\/v2\/media\/488"}],"wp:attachment":[{"href":"https:\/\/pgvape.com\/pt\/wp-json\/wp\/v2\/media?parent=483"}],"wp:term":[{"taxonomy":"product_brand","embeddable":true,"href":"https:\/\/pgvape.com\/pt\/wp-json\/wp\/v2\/product_brand?post=483"},{"taxonomy":"product_cat","embeddable":true,"href":"https:\/\/pgvape.com\/pt\/wp-json\/wp\/v2\/product_cat?post=483"},{"taxonomy":"product_tag","embeddable":true,"href":"https:\/\/pgvape.com\/pt\/wp-json\/wp\/v2\/product_tag?post=483"}],"curies":[{"name":"wp","href":"https:\/\/api.w.org\/{rel}","templated":true}]}}