{"id":4531,"date":"2025-10-26T07:05:33","date_gmt":"2025-10-26T07:05:33","guid":{"rendered":"https:\/\/pgvape.com\/?post_type=product&#038;p=4531"},"modified":"2025-12-15T12:24:44","modified_gmt":"2025-12-15T12:24:44","slug":"uzy-bang-digital-15000-15k-puffs-vape-descartavel-recarregavel-direto-da-fabrica","status":"publish","type":"product","link":"https:\/\/pgvape.com\/pt\/produto\/uzy-bang-digital-15000-15k-puffs-vape-descartavel-recarregavel-direto-da-fabrica\/","title":{"rendered":"UZY Bang Digital 15000 15K Puffs Vape descart\u00e1vel recarreg\u00e1vel Vape direto da f\u00e1brica"},"content":{"rendered":"<p><strong>UZY Bang Digital 15000<\/strong>, um cigarro eletr\u00f4nico descart\u00e1vel avan\u00e7ado com impressionantes 15.000 baforadas e op\u00e7\u00f5es de nicotina personaliz\u00e1veis \u200b\u200bde 0%, 2%, 3% e 5%. .<\/p>\n<p>&nbsp;<\/p>\n<h2><span style=\"font-size: 90%;\">UZY Bang Digital 15000 | 15K Puffs Vape Descart\u00e1vel Especifica\u00e7\u00e3o do produto<\/span><\/h2>\n<p><strong data-sourcepos=\"6:3-6:30\">15.000 baforadas ultralongas<\/strong>\u00a0\u2013 Satisfa\u00e7\u00e3o vaping estendida<\/p>\n<p><strong data-sourcepos=\"7:3-7:35\">N\u00edveis de nicotina personaliz\u00e1veis<\/strong>\u00a0\u2013 0%, 2%, 3% ou 5%<\/p>\n<p><strong data-sourcepos=\"8:3-8:24\">Visor LED inteligente<\/strong>\u00a0\u2013 Bateria em tempo real e rastreamento de sopros<\/p>\n<p><strong data-sourcepos=\"9:3-9:34\">Bateria recarreg\u00e1vel de 850mAh<\/strong>\u00a0\u2013 Carregamento r\u00e1pido tipo C<\/p>\n<p><strong data-sourcepos=\"10:3-10:31\">20mL de E-l\u00edquido pr\u00e9-preenchido<\/strong>\u00a0\u2013 N\u00e3o s\u00e3o necess\u00e1rias recargas<\/p>\n<p><strong data-sourcepos=\"11:3-11:25\">12 sabores premium<\/strong>\u00a0\u2013 Op\u00e7\u00f5es ricas e refrescantes<\/p>\n<p>&nbsp;<\/p>\n<h3><span style=\"font-size: 90%;\">UZY Bang Digital 15000 | 15K Puffs Lista de sabores de vapor descart\u00e1veis<\/span><\/h3>\n<p><strong data-sourcepos=\"25:4-25:29\">1. Melancia com morango<\/strong><\/p>\n<p><strong data-sourcepos=\"26:4-26:24\">2. Mirtilo no Gelo<\/strong><\/p>\n<p><strong data-sourcepos=\"27:4-27:29\">3.P\u00eassego Manga Abacaxi<\/strong><\/p>\n<p><strong data-sourcepos=\"28:4-28:17\">4. Gelo de Uva<\/strong><\/p>\n<p><strong data-sourcepos=\"29:4-29:22\">5. Gelo de melancia<\/strong><\/p>\n<p><strong data-sourcepos=\"30:4-30:17\">6. Gelo de p\u00eassego<\/strong><\/p>\n<p><strong data-sourcepos=\"31:4-31:23\">7. Morango Kiwi<\/strong><\/p>\n<p><strong data-sourcepos=\"32:4-32:27\">8. Mirtilo Framboesa<\/strong><\/p>\n<p><strong data-sourcepos=\"33:4-33:26\">9. Kiwi Maracuj\u00e1<\/strong><\/p>\n<p><strong data-sourcepos=\"34:5-34:16\">10.MR Azul<\/strong><\/p>\n<p><strong data-sourcepos=\"35:5-35:25\">11. Gelo Triplo de Manga<\/strong><\/p>\n<p><strong data-sourcepos=\"36:5-36:23\">12.Gelo Energ\u00e9tico Vermelho<br \/>\n<img loading=\"lazy\" decoding=\"async\" class=\"alignnone wp-image-4535 size-full\" src=\"https:\/\/pgvape.com\/wp-content\/uploads\/2025\/10\/pgvape_UZY_Bang_Digital_15000_puffs-2.png\" alt=\"Doze dispositivos vaporizadores descart\u00e1veis \u200b\u200bbrilhantes, retangulares arredondados, dispostos em duas fileiras contra um fundo esfuma\u00e7ado, cada um apresentando uma ilustra\u00e7\u00e3o estilizada de um macaco de desenho animado, um pequeno display digital onde se l\u00ea \u201c95%\u201d e nomes de sabores de frutas impressos (mirtilo, framboesa, gelo de uva, gelo de melancia, gelo de p\u00eassego, p\u00eassego, manga, abacaxi, melancia de morango, Mr Blue, kiwi, maracuj\u00e1, gelo de manga triplo, mirtilo com gelo, gelo energ\u00e9tico vermelho, kiwi de morango).\" width=\"1500\" height=\"930\" srcset=\"https:\/\/pgvape.com\/wp-content\/uploads\/2025\/10\/pgvape_UZY_Bang_Digital_15000_puffs-2.png 1500w, https:\/\/pgvape.com\/wp-content\/uploads\/2025\/10\/pgvape_UZY_Bang_Digital_15000_puffs-2-555x344.png 555w, https:\/\/pgvape.com\/wp-content\/uploads\/2025\/10\/pgvape_UZY_Bang_Digital_15000_puffs-2-595x369.png 595w, https:\/\/pgvape.com\/wp-content\/uploads\/2025\/10\/pgvape_UZY_Bang_Digital_15000_puffs-2-400x248.png 400w, https:\/\/pgvape.com\/wp-content\/uploads\/2025\/10\/pgvape_UZY_Bang_Digital_15000_puffs-2-768x476.png 768w, https:\/\/pgvape.com\/wp-content\/uploads\/2025\/10\/pgvape_UZY_Bang_Digital_15000_puffs-2-18x12.png 18w, https:\/\/pgvape.com\/wp-content\/uploads\/2025\/10\/pgvape_UZY_Bang_Digital_15000_puffs-2-600x372.png 600w, https:\/\/pgvape.com\/wp-content\/uploads\/2025\/10\/pgvape_UZY_Bang_Digital_15000_puffs-2-60x37.png 60w\" sizes=\"auto, (max-width: 1500px) 100vw, 1500px\" \/><br \/>\n<\/strong><\/p>\n<p>&nbsp;<\/p>\n<h3><span style=\"font-size: 90%;\">UZY Bang Digital 15000 | 15K Puffs Vape Descart\u00e1vel <strong>V\u00eddeo:<\/strong><\/span><\/h3>\n<p>&nbsp;<\/p>\n<h2>Perguntas frequentes sobre UZY Bang Digital 15000 | 15K Puffs Vape descart\u00e1vel<\/h2>\n<p data-sourcepos=\"49:1-50:47\">\u2753 <strong data-sourcepos=\"49:3-49:35\">Dura quantas tragadas?<\/strong><br \/>\n\u2705 <strong data-sourcepos=\"50:3-50:19\">15.000 baforadas<\/strong> \u2013 Prazer duradouro.<\/p>\n<p data-sourcepos=\"52:1-53:58\">\u2753 <strong data-sourcepos=\"52:3-52:32\">Posso monitorar a vida \u00fatil da bateria?<\/strong><br \/>\n\u2705 <strong data-sourcepos=\"53:3-53:23\">Sim!<\/strong> mostra bateria e uso em tempo real.<\/p>\n<p data-sourcepos=\"55:1-56:54\">\u2753 <strong data-sourcepos=\"55:3-55:26\">\u00c9 recarreg\u00e1vel?<\/strong><br \/>\n\u2705 <strong data-sourcepos=\"56:3-56:21\">Bateria de 850mAh<\/strong> com <strong data-sourcepos=\"56:27-56:51\">Carregamento r\u00e1pido tipo C<\/strong>.<\/p>\n<p data-sourcepos=\"58:1-59:62\">\u2753 <strong data-sourcepos=\"58:3-58:43\">Quais op\u00e7\u00f5es de nicotina est\u00e3o dispon\u00edveis?<\/strong><br \/>\n\u2705 <strong data-sourcepos=\"59:3-59:35\">0% (sem Nic), 2%, 3% ou 5%<\/strong> para satisfa\u00e7\u00e3o personalizada.<\/p>\n<p data-sourcepos=\"61:1-62:53\">\u2753 <strong data-sourcepos=\"61:3-61:30\">Os sabores s\u00e3o pr\u00e9-preenchidos?<\/strong><br \/>\n\u2705 <strong data-sourcepos=\"62:3-62:31\">20mL de e-l\u00edquido pr\u00e9-cheio<\/strong> \u2013 Sem recargas bagun\u00e7adas.<\/p>\n<p>&nbsp;<\/p>\n<h3>Perguntas frequentes (FAQ)<\/h3>\n<div id=\"brxe-rajiac\" class=\"brxe-text\">\n<p><strong>P: Quais m\u00e9todos de pagamento voc\u00ea aceita?<\/strong><br \/>\nR: Aceitamos PayPal, Stripe, transfer\u00eancias banc\u00e1rias (com suporte SEPA), os principais cart\u00f5es de cr\u00e9dito (Visa, MasterCard, American Express) e pagamentos em criptomoedas.<\/p>\n<p><strong>P: Quanto tempo leva a prepara\u00e7\u00e3o do pedido?<\/strong><br \/>\nR: A prepara\u00e7\u00e3o do pedido leva de 1 a 3 dias \u00fateis.<\/p>\n<p><strong>P: Qual \u00e9 o tempo de envio?<\/strong><br \/>\nR: O tempo de envio \u00e9 de 7 a 14 dias \u00fateis, dependendo da sua localiza\u00e7\u00e3o.<\/p>\n<p><strong>P: Como posso rastrear meu pedido?<\/strong><br \/>\nR: Ap\u00f3s o envio, voc\u00ea receber\u00e1 um e-mail de confirma\u00e7\u00e3o com um n\u00famero de rastreamento para rastreamento em tempo real.<\/p>\n<p><strong>P: Qual \u00e9 a sua pol\u00edtica de devolu\u00e7\u00e3o?<\/strong><br \/>\nR: Oferecemos uma pol\u00edtica de devolu\u00e7\u00e3o de 30 dias para reembolsos ou trocas. .<\/p>\n<p><strong>P: Haver\u00e1 algum problema alfandeg\u00e1rio?<br \/>\n<\/strong>Lidamos com todos os procedimentos de desembara\u00e7o aduaneiro para garantir uma experi\u00eancia descomplicada para voc\u00ea. .<\/p>\n<p><strong>P: Quais m\u00e9todos de envio s\u00e3o usados?<\/strong><br \/>\nCooperamos com UPS\/DHL\/FEDEX\/DPD, etc. Escolheremos a op\u00e7\u00e3o de envio apropriada dependendo do pa\u00eds de entrega para garantir que voc\u00ea receba seus produtos o mais r\u00e1pido poss\u00edvel.<\/p>\n<p><a href=\"https:\/\/pgvape.com\/pt\/perguntas-frequentes\/\">Clique aqui para mais perguntas frequentes<\/a><\/p>\n<p>Prezados clientes, Se voc\u00ea tiver alguma d\u00favida sobre seu pedido ou a chegada de mercadorias, entre em contato com nosso atendimento ao cliente. Obrigado!<\/p>\n<h3 data-sourcepos=\"73:1-73:21\"><strong data-sourcepos=\"73:7-73:21\">Contate-nos<\/strong><\/h3>\n<div id=\"text-2419739398\" class=\"text\">\n<p><strong data-sourcepos=\"75:3-75:12\">E-mail<\/strong>:\u00a0<a href=\"mailto:support@pgvape.com\"><strong>support@pgvape.com<\/strong><\/a><\/p>\n<p><strong data-sourcepos=\"76:3-76:15\">WhatsApp<\/strong>:\u00a0<a href=\"https:\/\/wa.me\/+8618128481258\"><strong>+86 18128481258<\/strong><\/a><br \/>\n<strong>(Resposta em at\u00e9 24 horas em dias \u00fateis)<\/strong><\/p>\n<\/div>\n<h3><strong>Obrigado por escolher pgvape.com! .<\/strong><\/h3>\n<\/div>","protected":false},"excerpt":{"rendered":"<p>O cigarro eletr\u00f4nico UZY Bang Digital 15000 baforadas \u00e9 o cigarro eletr\u00f4nico descart\u00e1vel mais avan\u00e7ado dispon\u00edvel, um dispositivo inovador com display LED que fornece informa\u00e7\u00f5es em tempo real para uma experi\u00eancia de fumar personalizada.<\/p>","protected":false},"featured_media":4550,"comment_status":"open","ping_status":"closed","template":"","meta":{"_seopress_robots_primary_cat":"none","_seopress_titles_title":"%%post_title%% %%sep%% %%sitetitle%%","_seopress_titles_desc":"","_seopress_robots_index":""},"product_brand":[516,371],"product_cat":[113,515,27],"product_tag":[373,79,490,59,259,372],"class_list":{"0":"post-4531","1":"product","2":"type-product","3":"status-publish","4":"has-post-thumbnail","6":"product_brand-disposable-vape","7":"product_brand-uzy-vaoe","8":"product_cat-15k-puffs-vape","9":"product_cat-disposable-vape","10":"product_cat-uzy-vape","11":"product_tag-15k-puffs-vape","12":"product_tag-led-display","13":"product_tag-minimum-2-pieces","14":"product_tag-mouth-to-lung-mtl","15":"product_tag-rechargeable","16":"product_tag-uzy-bang-digital-15000","18":"first","19":"instock","20":"sale","21":"shipping-taxable","22":"purchasable","23":"product-type-variable"},"_links":{"self":[{"href":"https:\/\/pgvape.com\/pt\/wp-json\/wp\/v2\/product\/4531","targetHints":{"allow":["GET"]}}],"collection":[{"href":"https:\/\/pgvape.com\/pt\/wp-json\/wp\/v2\/product"}],"about":[{"href":"https:\/\/pgvape.com\/pt\/wp-json\/wp\/v2\/types\/product"}],"replies":[{"embeddable":true,"href":"https:\/\/pgvape.com\/pt\/wp-json\/wp\/v2\/comments?post=4531"}],"wp:featuredmedia":[{"embeddable":true,"href":"https:\/\/pgvape.com\/pt\/wp-json\/wp\/v2\/media\/4550"}],"wp:attachment":[{"href":"https:\/\/pgvape.com\/pt\/wp-json\/wp\/v2\/media?parent=4531"}],"wp:term":[{"taxonomy":"product_brand","embeddable":true,"href":"https:\/\/pgvape.com\/pt\/wp-json\/wp\/v2\/product_brand?post=4531"},{"taxonomy":"product_cat","embeddable":true,"href":"https:\/\/pgvape.com\/pt\/wp-json\/wp\/v2\/product_cat?post=4531"},{"taxonomy":"product_tag","embeddable":true,"href":"https:\/\/pgvape.com\/pt\/wp-json\/wp\/v2\/product_tag?post=4531"}],"curies":[{"name":"wp","href":"https:\/\/api.w.org\/{rel}","templated":true}]}}